{"id":639194,"date":"2021-12-07T10:35:17","date_gmt":"2021-12-07T10:35:17","guid":{"rendered":"https:\/\/www.capgemini.com\/?page_id=639194"},"modified":"2025-03-12T06:50:44","modified_gmt":"2025-03-12T06:50:44","slug":"group-competition-laws-policy","status":"publish","type":"page","link":"https:\/\/www.capgemini.com\/pl-pl\/o-nas\/zarzadzanie-lad-korporacyjny\/polityki\/polityka-dotyczaca-prawa-konkurencji\/","title":{"rendered":"Polityka dotycz\u0105ca prawa konkurencji"},"content":{"rendered":"\n<header class=\"wp-block-cg-blocks-hero-reusable is-style-blue-line header heroReusable  \"><div class=\"header-bgs\"><\/div><div class=\"heroPictureCardHeaderShape\"><\/div><div class=\"container\"><div class=\"row\"><div class=\"col-md-12\"><div class=\"box\"><div class=\"boxTagWrapper\"><div class=\"tagInfo\"><div><span class=\"box-tag\">Policy<\/span><\/div><\/div><\/div><div class=\"box-title\"><h1 data-maxlength=\"34\">Polityka dotycz\u0105ca prawa konkurencji<\/h1><\/div><div class=\"inner-row-insight download-btn\"><div class=\"col-md-4 downloadFiles addPadding\"><a class=\"button-download--small\" type=\"download\" href=\"https:\/\/www.capgemini.com\/wp-content\/uploads\/2021\/12\/6_-_Group_Competition_Laws_Policy_-_EN.pdf\" target=\"_blank\" rel=\"noopener noreferrer\" title=\"otwiera si\u0119 w nowym oknie\"><span>Download policy (EN)<\/span><span class=\"type\">26 MB  pdf<\/span><\/a><\/div><\/div><\/div><\/div><\/div><\/div><\/header>\n\n\n\n<section class=\"wp-block-cg-blocks-group undefined section section--article-content\"><div class=\"article-main-content\"><div class=\"container\"><div class=\"row\"><div class=\"col-12 col-md-11 col-lg-10 offset-md-1 offset-lg-1\"><div class=\"article-text article-quote-text\">\n<p>Grupa Capgemini jest zobowi\u0105zana do prowadzenia dzia\u0142alno\u015bci w spos\u00f3b zgodny z zasadami uczciwej i otwartej konkurencji oraz w pe\u0142nym poszanowaniu obowi\u0105zuj\u0105cych przepis\u00f3w prawa konkurencji. Przestrzeganie takich przepis\u00f3w prowadzi do lepszej dzia\u0142alno\u015bci biznesowej oraz buduje zaufanie naszych klient\u00f3w i opinii publicznej. Zapobiega r\u00f3wnie\u017c stratom finansowym i szkodom dla reputacji Capgemini.&nbsp;&nbsp;<\/p>\n\n\n\n<p>W zwi\u0105zku z tym Grupa Capgemini przyj\u0119\u0142a polityk\u0119 dotycz\u0105c\u0105 prawa konkurencji, kt\u00f3ra jest wi\u0105\u017c\u0105ca dla wszystkich os\u00f3b pracuj\u0105cych w Capgemini.&nbsp;W polityce tej wyszczeg\u00f3lniono zasady uczciwej konkurencji maj\u0105ce zastosowanie w relacjach ze wszystkimi odno\u015bnymi interesariuszami: pracownikami, klientami, konkurentami, dostawcami, akcjonariuszami, partnerami, a tak\u017ce spo\u0142ecze\u0144stwem jako ca\u0142o\u015bci\u0105.&nbsp;<\/p>\n\n\n\n<p>Polityka Grupy dotycz\u0105ca prawa konkurencji zawiera r\u00f3wnie\u017c kompleksowy przegl\u0105d niedopuszczalnych lub problematycznych praktyk, w tym konkretne scenariusze, kt\u00f3re mog\u0105 wyst\u0105pi\u0107 w naszej dzia\u0142alno\u015bci, a tak\u017ce zasady, kt\u00f3rych nale\u017cy przestrzega\u0107. Zawiera te\u017c praktyczne wskaz\u00f3wki i wyja\u015bnia, gdzie mo\u017cna znale\u017a\u0107 wsparcie.&nbsp;<\/p>\n\n\n\n<p>Polityka Grupy dotycz\u0105ca prawa konkurencji jest dost\u0119pna w nast\u0119puj\u0105cych j\u0119zykach:<\/p>\n\n\n\n<p><a href=\"https:\/\/www.capgemini.com\/wp-content\/uploads\/2021\/12\/6_-_Group_Competition_Laws_Policy_-_EN.pdf\" target=\"_blank\" rel=\"noreferrer noopener\">EN<\/a>&nbsp;|&nbsp;<a href=\"https:\/\/www.capgemini.com\/wp-content\/uploads\/2021\/12\/03-Capgemini_GCLP_V1_Spanish_HD.pdf\" target=\"_blank\" rel=\"noreferrer noopener\">ES<\/a>&nbsp;| <a href=\"https:\/\/www.capgemini.com\/wp-content\/uploads\/2021\/12\/04-Capgemini_GCLP_German_HD_1.1.pdf\" target=\"_blank\" rel=\"noreferrer noopener\">DE<\/a> | <a href=\"https:\/\/www.capgemini.com\/wp-content\/uploads\/2021\/12\/5_-_Politique_du_Groupe__sur_le_Droit_de_la_Concurrence_-_FR.pdf\" target=\"_blank\" rel=\"noreferrer noopener\">FR<\/a> | <a href=\"https:\/\/www.capgemini.com\/wp-content\/uploads\/2021\/12\/07-Capgemini_GCLP_V1_Polish_HD.pdf\" target=\"_blank\" rel=\"noreferrer noopener\">PL<\/a> | <a href=\"https:\/\/www.capgemini.com\/wp-content\/uploads\/2021\/12\/08-Capgemini_GCLP_V1_Port._Braz_HD.pdf\" target=\"_blank\" rel=\"noreferrer noopener\">PT<\/a> | <a href=\"https:\/\/www.capgemini.com\/wp-content\/uploads\/2021\/12\/05-Capgemini_GCLP_V1_Dutch_HD.pdf\" target=\"_blank\" rel=\"noreferrer noopener\">NL<\/a> |&nbsp;<a href=\"https:\/\/www.capgemini.com\/wp-content\/uploads\/2021\/12\/06-Capgemini_GCLP_V1_Chinese_HD.pdf\" target=\"_blank\" rel=\"noreferrer noopener\">ZH<\/a>  <\/p>\n<\/div><\/div><\/div><\/div><\/div><\/section>\n","protected":false},"excerpt":{"rendered":"","protected":false},"author":121,"featured_media":0,"parent":639065,"menu_order":3,"comment_status":"closed","ping_status":"closed","template":"","meta":{"cg_dt_proposed_to":[8,18,5,30,8,18,5,30],"cg_seo_hreflang_relations":"[]","cg_seo_canonical_relation":"","cg_seo_hreflang_x_default_relation":"{\"uuid\":\"b5d1e336-a9d6-4518-876e-cae1ada93386\",\"blogId\":\"\",\"domain\":\"\",\"sitePath\":\"\",\"postLink\":\"\",\"postId\":null,\"isSaved\":true,\"isCrossLink\":false,\"hasCrossLink\":false}","cg_dt_approved_content":true,"cg_dt_mandatory_content":false,"cg_dt_notes":"","cg_dg_source_changed":false,"cg_dt_link_disabled":true,"_yoast_wpseo_primary_brand":"","footnotes":"","featured_focal_points":"","partner_card_description":"","gsap_animation":0},"brand":[],"partner_type":[],"service":[],"industry":[],"partners":[],"page-type":[],"content-group":[],"class_list":["post-639194","page","type-page","status-publish","hentry"],"yoast_head":"<!-- This site is optimized with the Yoast SEO Premium plugin v22.8 (Yoast SEO v22.8) - https:\/\/yoast.com\/wordpress\/plugins\/seo\/ -->\n<title>Prawo konkurencji | Zarz\u0105dzanie i \u0142ad korporacyjny | Capgemini Polska<\/title>\n<meta name=\"description\" content=\"Grupa Capgemini jest zobowi\u0105zana do prowadzenia dzia\u0142alno\u015bci w spos\u00f3b zgodny z zasadami uczciwej i otwartej konkurencji oraz w pe\u0142nym poszanowaniu obowi\u0105zuj\u0105cych przepis\u00f3w prawa konkurencji.\" \/>\n<meta name=\"robots\" content=\"index, follow, max-snippet:-1, max-image-preview:large, max-video-preview:-1\" \/>\n<link rel=\"canonical\" href=\"https:\/\/www.capgemini.com\/pl-pl\/o-nas\/zarzadzanie-lad-korporacyjny\/polityki\/polityka-dotyczaca-prawa-konkurencji\/\" \/>\n<meta property=\"og:locale\" content=\"pl_PL\" \/>\n<meta property=\"og:type\" content=\"article\" \/>\n<meta property=\"og:title\" content=\"Polityka dotycz\u0105ca prawa konkurencji\" \/>\n<meta property=\"og:description\" content=\"Grupa Capgemini jest zobowi\u0105zana do prowadzenia dzia\u0142alno\u015bci w spos\u00f3b zgodny z zasadami uczciwej i otwartej konkurencji oraz w pe\u0142nym poszanowaniu obowi\u0105zuj\u0105cych przepis\u00f3w prawa konkurencji.\" \/>\n<meta property=\"og:url\" content=\"https:\/\/www.capgemini.com\/pl-pl\/o-nas\/zarzadzanie-lad-korporacyjny\/polityki\/polityka-dotyczaca-prawa-konkurencji\/\" \/>\n<meta property=\"og:site_name\" content=\"Capgemini Poland\" \/>\n<meta property=\"article:modified_time\" content=\"2025-03-12T06:50:44+00:00\" \/>\n<meta property=\"og:image\" content=\"https:\/\/www.capgemini.com\/pl-pl\/wp-content\/uploads\/sites\/27\/2025\/10\/New-Web-preview-global.jpg\" \/>\n\t<meta property=\"og:image:width\" content=\"1200\" \/>\n\t<meta property=\"og:image:height\" content=\"627\" \/>\n\t<meta property=\"og:image:type\" content=\"image\/jpeg\" \/>\n<meta name=\"twitter:card\" content=\"summary_large_image\" \/>\n<meta name=\"twitter:label1\" content=\"Est. reading time\" \/>\n\t<meta name=\"twitter:data1\" content=\"2 minutes\" \/>\n<script type=\"application\/ld+json\" class=\"yoast-schema-graph\">{\"@context\":\"https:\/\/schema.org\",\"@graph\":[{\"@type\":\"WebPage\",\"@id\":\"https:\/\/www.capgemini.com\/pl-pl\/o-nas\/zarzadzanie-lad-korporacyjny\/polityki\/polityka-dotyczaca-prawa-konkurencji\/\",\"url\":\"https:\/\/www.capgemini.com\/pl-pl\/o-nas\/zarzadzanie-lad-korporacyjny\/polityki\/polityka-dotyczaca-prawa-konkurencji\/\",\"name\":\"Prawo konkurencji | Zarz\u0105dzanie i \u0142ad korporacyjny | Capgemini Polska\",\"isPartOf\":{\"@id\":\"https:\/\/www.capgemini.com\/pl-pl\/#website\"},\"datePublished\":\"2021-12-07T10:35:17+00:00\",\"dateModified\":\"2025-03-12T06:50:44+00:00\",\"description\":\"Grupa Capgemini jest zobowi\u0105zana do prowadzenia dzia\u0142alno\u015bci w spos\u00f3b zgodny z zasadami uczciwej i otwartej konkurencji oraz w pe\u0142nym poszanowaniu obowi\u0105zuj\u0105cych przepis\u00f3w prawa konkurencji.\",\"breadcrumb\":{\"@id\":\"https:\/\/www.capgemini.com\/pl-pl\/o-nas\/zarzadzanie-lad-korporacyjny\/polityki\/polityka-dotyczaca-prawa-konkurencji\/#breadcrumb\"},\"inLanguage\":\"pl-PL\",\"potentialAction\":[{\"@type\":\"ReadAction\",\"target\":[\"https:\/\/www.capgemini.com\/pl-pl\/o-nas\/zarzadzanie-lad-korporacyjny\/polityki\/polityka-dotyczaca-prawa-konkurencji\/\"]}]},{\"@type\":\"BreadcrumbList\",\"@id\":\"https:\/\/www.capgemini.com\/pl-pl\/o-nas\/zarzadzanie-lad-korporacyjny\/polityki\/polityka-dotyczaca-prawa-konkurencji\/#breadcrumb\",\"itemListElement\":[{\"@type\":\"ListItem\",\"position\":1,\"name\":\"Home\",\"item\":\"https:\/\/www.capgemini.com\/pl-pl\/\"},{\"@type\":\"ListItem\",\"position\":2,\"name\":\"O nas\",\"item\":\"https:\/\/www.capgemini.com\/pl-pl\/o-nas\/\"},{\"@type\":\"ListItem\",\"position\":3,\"name\":\"Zarz\u0105dzanie i \u0142ad korporacyjny\",\"item\":\"https:\/\/www.capgemini.com\/pl-pl\/o-nas\/zarzadzanie-lad-korporacyjny\/\"},{\"@type\":\"ListItem\",\"position\":4,\"name\":\"Polityki\",\"item\":\"https:\/\/www.capgemini.com\/pl-pl\/o-nas\/zarzadzanie-lad-korporacyjny\/polityki\/\"},{\"@type\":\"ListItem\",\"position\":5,\"name\":\"Polityka dotycz\u0105ca prawa konkurencji\"}]},{\"@type\":\"WebSite\",\"@id\":\"https:\/\/www.capgemini.com\/pl-pl\/#website\",\"url\":\"https:\/\/www.capgemini.com\/pl-pl\/\",\"name\":\"Capgemini Polska\",\"description\":\"Capgemini\",\"potentialAction\":[{\"@type\":\"SearchAction\",\"target\":{\"@type\":\"EntryPoint\",\"urlTemplate\":\"https:\/\/www.capgemini.com\/pl-pl\/?s={search_term_string}\"},\"query-input\":\"required name=search_term_string\"}],\"inLanguage\":\"pl-PL\"}]}<\/script>\n<!-- \/ Yoast SEO Premium plugin. -->","yoast_head_json":{"title":"Prawo konkurencji | Zarz\u0105dzanie i \u0142ad korporacyjny | Capgemini Polska","description":"Grupa Capgemini jest zobowi\u0105zana do prowadzenia dzia\u0142alno\u015bci w spos\u00f3b zgodny z zasadami uczciwej i otwartej konkurencji oraz w pe\u0142nym poszanowaniu obowi\u0105zuj\u0105cych przepis\u00f3w prawa konkurencji.","robots":{"index":"index","follow":"follow","max-snippet":"max-snippet:-1","max-image-preview":"max-image-preview:large","max-video-preview":"max-video-preview:-1"},"canonical":"https:\/\/www.capgemini.com\/pl-pl\/o-nas\/zarzadzanie-lad-korporacyjny\/polityki\/polityka-dotyczaca-prawa-konkurencji\/","og_locale":"pl_PL","og_type":"article","og_title":"Polityka dotycz\u0105ca prawa konkurencji","og_description":"Grupa Capgemini jest zobowi\u0105zana do prowadzenia dzia\u0142alno\u015bci w spos\u00f3b zgodny z zasadami uczciwej i otwartej konkurencji oraz w pe\u0142nym poszanowaniu obowi\u0105zuj\u0105cych przepis\u00f3w prawa konkurencji.","og_url":"https:\/\/www.capgemini.com\/pl-pl\/o-nas\/zarzadzanie-lad-korporacyjny\/polityki\/polityka-dotyczaca-prawa-konkurencji\/","og_site_name":"Capgemini Poland","article_modified_time":"2025-03-12T06:50:44+00:00","og_image":[{"width":1200,"height":627,"url":"https:\/\/www.capgemini.com\/pl-pl\/wp-content\/uploads\/sites\/27\/2025\/10\/New-Web-preview-global.jpg","type":"image\/jpeg"}],"twitter_card":"summary_large_image","twitter_misc":{"Est. reading time":"2 minutes"},"schema":{"@context":"https:\/\/schema.org","@graph":[{"@type":"WebPage","@id":"https:\/\/www.capgemini.com\/pl-pl\/o-nas\/zarzadzanie-lad-korporacyjny\/polityki\/polityka-dotyczaca-prawa-konkurencji\/","url":"https:\/\/www.capgemini.com\/pl-pl\/o-nas\/zarzadzanie-lad-korporacyjny\/polityki\/polityka-dotyczaca-prawa-konkurencji\/","name":"Prawo konkurencji | Zarz\u0105dzanie i \u0142ad korporacyjny | Capgemini Polska","isPartOf":{"@id":"https:\/\/www.capgemini.com\/pl-pl\/#website"},"datePublished":"2021-12-07T10:35:17+00:00","dateModified":"2025-03-12T06:50:44+00:00","description":"Grupa Capgemini jest zobowi\u0105zana do prowadzenia dzia\u0142alno\u015bci w spos\u00f3b zgodny z zasadami uczciwej i otwartej konkurencji oraz w pe\u0142nym poszanowaniu obowi\u0105zuj\u0105cych przepis\u00f3w prawa konkurencji.","breadcrumb":{"@id":"https:\/\/www.capgemini.com\/pl-pl\/o-nas\/zarzadzanie-lad-korporacyjny\/polityki\/polityka-dotyczaca-prawa-konkurencji\/#breadcrumb"},"inLanguage":"pl-PL","potentialAction":[{"@type":"ReadAction","target":["https:\/\/www.capgemini.com\/pl-pl\/o-nas\/zarzadzanie-lad-korporacyjny\/polityki\/polityka-dotyczaca-prawa-konkurencji\/"]}]},{"@type":"BreadcrumbList","@id":"https:\/\/www.capgemini.com\/pl-pl\/o-nas\/zarzadzanie-lad-korporacyjny\/polityki\/polityka-dotyczaca-prawa-konkurencji\/#breadcrumb","itemListElement":[{"@type":"ListItem","position":1,"name":"Home","item":"https:\/\/www.capgemini.com\/pl-pl\/"},{"@type":"ListItem","position":2,"name":"O nas","item":"https:\/\/www.capgemini.com\/pl-pl\/o-nas\/"},{"@type":"ListItem","position":3,"name":"Zarz\u0105dzanie i \u0142ad korporacyjny","item":"https:\/\/www.capgemini.com\/pl-pl\/o-nas\/zarzadzanie-lad-korporacyjny\/"},{"@type":"ListItem","position":4,"name":"Polityki","item":"https:\/\/www.capgemini.com\/pl-pl\/o-nas\/zarzadzanie-lad-korporacyjny\/polityki\/"},{"@type":"ListItem","position":5,"name":"Polityka dotycz\u0105ca prawa konkurencji"}]},{"@type":"WebSite","@id":"https:\/\/www.capgemini.com\/pl-pl\/#website","url":"https:\/\/www.capgemini.com\/pl-pl\/","name":"Capgemini Polska","description":"Capgemini","potentialAction":[{"@type":"SearchAction","target":{"@type":"EntryPoint","urlTemplate":"https:\/\/www.capgemini.com\/pl-pl\/?s={search_term_string}"},"query-input":"required name=search_term_string"}],"inLanguage":"pl-PL"}]}},"brand_term":[],"parsely":{"version":"1.1.0","canonical_url":"https:\/\/capgemini.com\/pl-pl\/o-nas\/zarzadzanie-lad-korporacyjny\/polityki\/polityka-dotyczaca-prawa-konkurencji\/","smart_links":{"inbound":0,"outbound":0},"traffic_boost_suggestions_count":0,"meta":{"@context":"https:\/\/schema.org","@type":"WebPage","headline":"Polityka dotycz\u0105ca prawa konkurencji","url":"https:\/\/www.capgemini.com\/pl-pl\/o-nas\/zarzadzanie-lad-korporacyjny\/polityki\/polityka-dotyczaca-prawa-konkurencji\/","mainEntityOfPage":{"@type":"WebPage","@id":"https:\/\/www.capgemini.com\/pl-pl\/o-nas\/zarzadzanie-lad-korporacyjny\/polityki\/polityka-dotyczaca-prawa-konkurencji\/"},"thumbnailUrl":"","image":{"@type":"ImageObject","url":""},"articleSection":"Uncategorized","author":[],"creator":[],"publisher":{"@type":"Organization","name":"Capgemini Poland","logo":""},"keywords":[],"dateCreated":"2021-12-07T10:35:17Z","datePublished":"2021-12-07T10:35:17Z","dateModified":"2025-03-12T06:50:44Z"},"rendered":"<meta name=\"parsely-title\" content=\"Polityka dotycz\u0105ca prawa konkurencji\" \/>\n<meta name=\"parsely-link\" content=\"https:\/\/www.capgemini.com\/pl-pl\/o-nas\/zarzadzanie-lad-korporacyjny\/polityki\/polityka-dotyczaca-prawa-konkurencji\/\" \/>\n<meta name=\"parsely-type\" content=\"index\" \/>\n<meta name=\"parsely-pub-date\" content=\"2021-12-07T10:35:17Z\" \/>\n<meta name=\"parsely-section\" content=\"Uncategorized\" \/>","tracker_url":"https:\/\/cdn.parsely.com\/keys\/capgemini.com\/p.js"},"archive_status":false,"featured_image_src":"https:\/\/www.capgemini.com\/pl-pl\/wp-content\/themes\/capgemini2025\/assets\/images\/mockup.png","featured_image_alt":false,"jetpack_sharing_enabled":true,"distributor_meta":false,"distributor_terms":false,"distributor_media":false,"distributor_original_site_name":"Capgemini Poland","distributor_original_site_url":"https:\/\/www.capgemini.com\/pl-pl","push-errors":false,"_links":{"self":[{"href":"https:\/\/www.capgemini.com\/pl-pl\/wp-json\/wp\/v2\/pages\/639194","targetHints":{"allow":["GET"]}}],"collection":[{"href":"https:\/\/www.capgemini.com\/pl-pl\/wp-json\/wp\/v2\/pages"}],"about":[{"href":"https:\/\/www.capgemini.com\/pl-pl\/wp-json\/wp\/v2\/types\/page"}],"author":[{"embeddable":true,"href":"https:\/\/www.capgemini.com\/pl-pl\/wp-json\/wp\/v2\/users\/121"}],"replies":[{"embeddable":true,"href":"https:\/\/www.capgemini.com\/pl-pl\/wp-json\/wp\/v2\/comments?post=639194"}],"version-history":[{"count":3,"href":"https:\/\/www.capgemini.com\/pl-pl\/wp-json\/wp\/v2\/pages\/639194\/revisions"}],"predecessor-version":[{"id":707390,"href":"https:\/\/www.capgemini.com\/pl-pl\/wp-json\/wp\/v2\/pages\/639194\/revisions\/707390"}],"up":[{"embeddable":true,"href":"https:\/\/www.capgemini.com\/pl-pl\/wp-json\/wp\/v2\/pages\/639065"}],"wp:attachment":[{"href":"https:\/\/www.capgemini.com\/pl-pl\/wp-json\/wp\/v2\/media?parent=639194"}],"wp:term":[{"taxonomy":"brand","embeddable":true,"href":"https:\/\/www.capgemini.com\/pl-pl\/wp-json\/wp\/v2\/brand?post=639194"},{"taxonomy":"partner_type","embeddable":true,"href":"https:\/\/www.capgemini.com\/pl-pl\/wp-json\/wp\/v2\/partner_type?post=639194"},{"taxonomy":"service","embeddable":true,"href":"https:\/\/www.capgemini.com\/pl-pl\/wp-json\/wp\/v2\/service?post=639194"},{"taxonomy":"industry","embeddable":true,"href":"https:\/\/www.capgemini.com\/pl-pl\/wp-json\/wp\/v2\/industry?post=639194"},{"taxonomy":"partners","embeddable":true,"href":"https:\/\/www.capgemini.com\/pl-pl\/wp-json\/wp\/v2\/partners?post=639194"},{"taxonomy":"page-type","embeddable":true,"href":"https:\/\/www.capgemini.com\/pl-pl\/wp-json\/wp\/v2\/page-type?post=639194"},{"taxonomy":"content-group","embeddable":true,"href":"https:\/\/www.capgemini.com\/pl-pl\/wp-json\/wp\/v2\/content-group?post=639194"}],"curies":[{"name":"wp","href":"https:\/\/api.w.org\/{rel}","templated":true}]}}