{"id":639183,"date":"2021-12-07T10:28:37","date_gmt":"2021-12-07T10:28:37","guid":{"rendered":"https:\/\/www.capgemini.com\/?page_id=639183"},"modified":"2025-03-12T06:51:24","modified_gmt":"2025-03-12T06:51:24","slug":"group-anti-corruption-policy","status":"publish","type":"page","link":"https:\/\/www.capgemini.com\/pl-pl\/o-nas\/zarzadzanie-lad-korporacyjny\/polityki\/polityka-antykorupcyjna\/","title":{"rendered":"Polityka antykorupcyjna"},"content":{"rendered":"\n<header class=\"wp-block-cg-blocks-hero-reusable is-style-blue-line header heroReusable  \"><div class=\"header-bgs\"><\/div><div class=\"heroPictureCardHeaderShape\"><\/div><div class=\"container\"><div class=\"row\"><div class=\"col-md-12\"><div class=\"box\"><div class=\"boxTagWrapper\"><div class=\"tagInfo\"><div><span class=\"box-tag\">Policy<\/span><\/div><\/div><\/div><div class=\"box-title\"><h1 data-maxlength=\"34\">Polityka antykorupcyjna<\/h1><\/div><div class=\"inner-row-insight download-btn\"><div class=\"col-md-4 downloadFiles addPadding\"><a class=\"button-download--small\" type=\"download\" href=\"https:\/\/www.capgemini.com\/wp-content\/uploads\/2021\/12\/210212_GACP_v3_English.pdf\" target=\"_blank\" rel=\"noopener noreferrer\" title=\"otwiera si\u0119 w nowym oknie\"><span>Download policy<\/span><span class=\"type\">534 KB  pdf<\/span><\/a><\/div><\/div><\/div><\/div><\/div><\/div><\/header>\n\n\n\n<section class=\"wp-block-cg-blocks-group undefined section section--article-content\"><div class=\"article-main-content\"><div class=\"container\"><div class=\"row\"><div class=\"col-12 col-md-11 col-lg-10 offset-md-1 offset-lg-1\"><div class=\"article-text article-quote-text\">\n<h3 class=\"wp-block-heading\" id=\"h-jako-firma-odpowiedzialna-i-etyczna-capgemini-prowadzi-polityke-zerowej-tolerancji-wobec-korupcji\">Jako firma odpowiedzialna i etyczna, Capgemini prowadzi polityk\u0119 zerowej tolerancji wobec korupcji.<\/h3>\n\n\n\n<p>W 2004 r. dobrowolnie przyst\u0105pili\u015bmy do inicjatywy ONZ Global Compact, zobowi\u0105zuj\u0105c si\u0119 do \u201ezwalczania korupcji we wszystkich jej formach, w tym wymusze\u0144 i przekupstwa\u201d.&nbsp;Program i polityka zgodno\u015bci z przepisami antykorupcyjnymi prowadzone przez nasz\u0105 Grup\u0119 s\u0105 cz\u0119\u015bci\u0105 tego zobowi\u0105zania do utrzymania i promowania \u015bwiatowej klasy standard\u00f3w uczciwo\u015bci biznesowej i zaufania wsz\u0119dzie tam, gdzie prowadzimy dzia\u0142alno\u015b\u0107.&nbsp;&nbsp;<\/p>\n\n\n\n<h4 class=\"wp-block-heading\" id=\"h-program-zgodnosci-z-przepisami-antykorupcyjnymi-nbsp\"><strong>Program zgodno\u015bci z przepisami antykorupcyjnymi&nbsp;<\/strong> <\/h4>\n\n\n\n<p>Aby zapobiec ryzyku korupcji i przekupstwa, Grupa Capgemini wdro\u017cy\u0142a solidny, regularnie aktualizowany program zgodno\u015bci z przepisami antykorupcyjnymi, kt\u00f3ry zosta\u0142 wprowadzony w ca\u0142ej Grupie przez powo\u0142an\u0105 w tym celu jednostk\u0119 organizacyjn\u0105.&nbsp;Program ten jest oparty na nast\u0119puj\u0105cych filarach:<\/p>\n\n\n\n<ul class=\"wp-block-list\">\n<li>Zaanga\u017cowanie kierownictwa czyli narzucony z g\u00f3ry styl post\u0119powania<\/li>\n\n\n\n<li>Ocena ryzyka <\/li>\n\n\n\n<li>Zarz\u0105dzanie ryzykiem&nbsp;<\/li>\n<\/ul>\n\n\n\n<p><\/p>\n\n\n\n<h4 class=\"wp-block-heading\" id=\"h-polityka-antykorupcyjna-grupy\"><strong>Polityka antykorupcyjna Grupy<\/strong> <\/h4>\n\n\n\n<p>Grupa ustanowi\u0142a szereg jasnych zasad i polityk promuj\u0105cych walk\u0119 z korupcj\u0105 i przekupstwem. Podczas gdy <a href=\"\/policies\/our-code-of-business-ethics\/\">Kodeks etyki biznesowej Grupy<\/a> jasno okre\u015bla polityk\u0119 zerowej tolerancji Grupy dla korupcji, polityka antykorupcyjna Grupy potwierdza to stanowisko i idzie o krok dalej. Przedstawia g\u0142\u00f3wne praktyki korupcyjne i zawiera przyk\u0142ady ryzykownych sytuacji oraz sposoby ich unikania.<\/p>\n\n\n\n<p>Okre\u015bla wymagania, kt\u00f3re dotycz\u0105 wszystkich dyrektor\u00f3w, kierownik\u00f3w i pracownik\u00f3w Capgemini na ka\u017cdym szczeblu Grupy. Od podmiot\u00f3w zewn\u0119trznych wchodz\u0105cych w interakcje z firm\u0105 nale\u017c\u0105c\u0105 do Grupy r\u00f3wnie\u017c oczekuje si\u0119 przestrzegania przedstawionych zasad og\u00f3lnych. <\/p>\n\n\n\n<p>Polityka ta przedstawia zasady, kt\u00f3rych nale\u017cy przestrzega\u0107 w przypadku oferowania osobom trzecim lub otrzymywania przez osoby trzecie bilet\u00f3w lub zaprosze\u0144 na imprezy rozrywkowe, posi\u0142k\u00f3w, prezent\u00f3w oraz finansowania koszt\u00f3w podr\u00f3\u017cy i zakwaterowania \u2014 dotyczy to zar\u00f3wno os\u00f3b prywatnych, jak i urz\u0119dnik\u00f3w publicznych. Wyja\u015bnia r\u00f3wnie\u017c ryzyko i zasady zwi\u0105zane ze sponsorowaniem, darowiznami na cele charytatywne, agentami handlowymi i konsultantami oraz lobbingiem. Naruszanie tej polityki podlega sankcjom.&nbsp;<\/p>\n\n\n\n<p>Przestrzeganie zasad i przepis\u00f3w antykorupcyjnych prowadzi do lepszej dzia\u0142alno\u015bci biznesowej i buduje zaufanie, zapewniaj\u0105c d\u0142ugoterminowy zr\u00f3wnowa\u017cony rozw\u00f3j Grupy. W coraz bardziej konkurencyjnym \u015bwiecie uczciwo\u015b\u0107 sta\u0142a si\u0119 atutem cenionym przez naszych klient\u00f3w, partner\u00f3w biznesowych, pracownik\u00f3w i ca\u0142e spo\u0142ecze\u0144stwo.&nbsp;<\/p>\n\n\n\n<h5 class=\"wp-block-heading\" id=\"h-pobierz-nasze-polityki\">Pobierz nasze polityki:<\/h5>\n\n\n\n<p><a href=\"https:\/\/www.capgemini.com\/wp-content\/uploads\/2022\/03\/210212_GACP_v3_English.pdf\" target=\"_blank\" rel=\"noreferrer noopener\">EN<\/a> | <a href=\"https:\/\/www.capgemini.com\/wp-content\/uploads\/2022\/03\/210225_GACP_v3_Arabic__Final_.pdf\" target=\"_blank\" rel=\"noreferrer noopener\">AR<\/a> | <a href=\"https:\/\/www.capgemini.com\/wp-content\/uploads\/2022\/03\/210218_GACP_v3_Simplified_Chinese.pdf\" target=\"_blank\" rel=\"noreferrer noopener\">CN(upr)<\/a> | <a href=\"https:\/\/www.capgemini.com\/wp-content\/uploads\/2022\/03\/210215_GACP_v3_Traditional_Chinese.pdf\" target=\"_blank\" rel=\"noreferrer noopener\">CN(trad)<\/a> | <a href=\"https:\/\/www.capgemini.com\/wp-content\/uploads\/2022\/03\/210216_GACP_v3_Czech.pdf\" target=\"_blank\" rel=\"noreferrer noopener\">CZ<\/a> | <a href=\"https:\/\/www.capgemini.com\/wp-content\/uploads\/2022\/03\/211228_GACP_v3_Dutch_.pdf\" target=\"_blank\" rel=\"noreferrer noopener\">NL<\/a> | <a href=\"https:\/\/www.capgemini.com\/wp-content\/uploads\/2022\/03\/210212_GACP_v3_French.pdf\" target=\"_blank\" rel=\"noreferrer noopener\">FR<\/a> | <a href=\"https:\/\/www.capgemini.com\/wp-content\/uploads\/2022\/03\/210212_GACP_v3_German.pdf\" target=\"_blank\" rel=\"noreferrer noopener\">DE<\/a> | <a href=\"https:\/\/www.capgemini.com\/wp-content\/uploads\/2022\/03\/210219_GACP_v3_Hungarian.pdf\" target=\"_blank\" rel=\"noreferrer noopener\">HU<\/a> | <a href=\"https:\/\/www.capgemini.com\/wp-content\/uploads\/2022\/03\/210215_GACP_v3_Italian.pdf\" target=\"_blank\" rel=\"noreferrer noopener\">IT<\/a> | <a href=\"https:\/\/www.capgemini.com\/wp-content\/uploads\/2022\/03\/210216_GACP_v3_Japanese.pdf\" target=\"_blank\" rel=\"noreferrer noopener\">JP<\/a> | <a href=\"https:\/\/www.capgemini.com\/wp-content\/uploads\/2022\/03\/210713_GACP_v3_Polish.pdf\" target=\"_blank\" rel=\"noreferrer noopener\">PL<\/a> | <a href=\"https:\/\/www.capgemini.com\/wp-content\/uploads\/2022\/03\/210224_GACP_v3_Portuguese__Final_.pdf\" target=\"_blank\" rel=\"noreferrer noopener\">PT<\/a> | <a href=\"https:\/\/www.capgemini.com\/wp-content\/uploads\/2022\/03\/210216_GACP_v3_Romanian.pdf\" target=\"_blank\" rel=\"noreferrer noopener\">RO<\/a> | <a href=\"https:\/\/www.capgemini.com\/wp-content\/uploads\/2022\/03\/210216_GACP_v3_Russian.pdf\" target=\"_blank\" rel=\"noreferrer noopener\">RU<\/a> | <a href=\"https:\/\/www.capgemini.com\/wp-content\/uploads\/2022\/03\/210216_GACP_v3_Spanish.pdf\" target=\"_blank\" rel=\"noreferrer noopener\">ES<\/a> | <a href=\"https:\/\/www.capgemini.com\/wp-content\/uploads\/2022\/03\/210215_GACP_v3_Vietnamese.pdf\" target=\"_blank\" rel=\"noreferrer noopener\">VN<\/a><s><br><br><\/s><\/p>\n\n\n\n<p><\/p>\n<\/div><\/div><\/div><\/div><\/div><\/section>\n\n\n\n<p><\/p>\n","protected":false},"excerpt":{"rendered":"","protected":false},"author":121,"featured_media":0,"parent":639065,"menu_order":1,"comment_status":"closed","ping_status":"closed","template":"","meta":{"cg_dt_proposed_to":[8,18,5,30,8,18,5,30],"cg_seo_hreflang_relations":"[]","cg_seo_canonical_relation":"","cg_seo_hreflang_x_default_relation":"{\"uuid\":\"16bead3f-2cb4-4104-9708-41d9dfe94d15\",\"blogId\":\"\",\"domain\":\"\",\"sitePath\":\"\",\"postLink\":\"\",\"postId\":null,\"isSaved\":true,\"isCrossLink\":false,\"hasCrossLink\":false}","cg_dt_approved_content":true,"cg_dt_mandatory_content":false,"cg_dt_notes":"","cg_dg_source_changed":false,"cg_dt_link_disabled":true,"_yoast_wpseo_primary_brand":"","footnotes":"","featured_focal_points":"","partner_card_description":"","gsap_animation":0},"brand":[],"partner_type":[],"service":[],"industry":[],"partners":[],"page-type":[],"content-group":[],"class_list":["post-639183","page","type-page","status-publish","hentry"],"yoast_head":"<!-- This site is optimized with the Yoast SEO Premium plugin v22.8 (Yoast SEO v22.8) - https:\/\/yoast.com\/wordpress\/plugins\/seo\/ -->\n<title>Polityka antykorupcyjna | Zarz\u0105dzanie i \u0142ad korporacyjny | Capgemini Polska<\/title>\n<meta name=\"description\" content=\"Jako firma odpowiedzialna i etyczna, Capgemini prowadzi polityk\u0119 zerowej tolerancji wobec korupcji.\" \/>\n<meta name=\"robots\" content=\"index, follow, max-snippet:-1, max-image-preview:large, max-video-preview:-1\" \/>\n<link rel=\"canonical\" href=\"https:\/\/www.capgemini.com\/pl-pl\/o-nas\/zarzadzanie-lad-korporacyjny\/polityki\/polityka-antykorupcyjna\/\" \/>\n<meta property=\"og:locale\" content=\"pl_PL\" \/>\n<meta property=\"og:type\" content=\"article\" \/>\n<meta property=\"og:title\" content=\"Polityka antykorupcyjna\" \/>\n<meta property=\"og:description\" content=\"Jako firma odpowiedzialna i etyczna, Capgemini prowadzi polityk\u0119 zerowej tolerancji wobec korupcji.\" \/>\n<meta property=\"og:url\" content=\"https:\/\/www.capgemini.com\/pl-pl\/o-nas\/zarzadzanie-lad-korporacyjny\/polityki\/polityka-antykorupcyjna\/\" \/>\n<meta property=\"og:site_name\" content=\"Capgemini Poland\" \/>\n<meta property=\"article:modified_time\" content=\"2025-03-12T06:51:24+00:00\" \/>\n<meta property=\"og:image\" content=\"https:\/\/www.capgemini.com\/pl-pl\/wp-content\/uploads\/sites\/27\/2025\/10\/New-Web-preview-global.jpg\" \/>\n\t<meta property=\"og:image:width\" content=\"1200\" \/>\n\t<meta property=\"og:image:height\" content=\"627\" \/>\n\t<meta property=\"og:image:type\" content=\"image\/jpeg\" \/>\n<meta name=\"twitter:card\" content=\"summary_large_image\" \/>\n<meta name=\"twitter:label1\" content=\"Est. reading time\" \/>\n\t<meta name=\"twitter:data1\" content=\"3 minutes\" \/>\n<script type=\"application\/ld+json\" class=\"yoast-schema-graph\">{\"@context\":\"https:\/\/schema.org\",\"@graph\":[{\"@type\":\"WebPage\",\"@id\":\"https:\/\/www.capgemini.com\/pl-pl\/o-nas\/zarzadzanie-lad-korporacyjny\/polityki\/polityka-antykorupcyjna\/\",\"url\":\"https:\/\/www.capgemini.com\/pl-pl\/o-nas\/zarzadzanie-lad-korporacyjny\/polityki\/polityka-antykorupcyjna\/\",\"name\":\"Polityka antykorupcyjna | Zarz\u0105dzanie i \u0142ad korporacyjny | Capgemini Polska\",\"isPartOf\":{\"@id\":\"https:\/\/www.capgemini.com\/pl-pl\/#website\"},\"datePublished\":\"2021-12-07T10:28:37+00:00\",\"dateModified\":\"2025-03-12T06:51:24+00:00\",\"description\":\"Jako firma odpowiedzialna i etyczna, Capgemini prowadzi polityk\u0119 zerowej tolerancji wobec korupcji.\",\"breadcrumb\":{\"@id\":\"https:\/\/www.capgemini.com\/pl-pl\/o-nas\/zarzadzanie-lad-korporacyjny\/polityki\/polityka-antykorupcyjna\/#breadcrumb\"},\"inLanguage\":\"pl-PL\",\"potentialAction\":[{\"@type\":\"ReadAction\",\"target\":[\"https:\/\/www.capgemini.com\/pl-pl\/o-nas\/zarzadzanie-lad-korporacyjny\/polityki\/polityka-antykorupcyjna\/\"]}]},{\"@type\":\"BreadcrumbList\",\"@id\":\"https:\/\/www.capgemini.com\/pl-pl\/o-nas\/zarzadzanie-lad-korporacyjny\/polityki\/polityka-antykorupcyjna\/#breadcrumb\",\"itemListElement\":[{\"@type\":\"ListItem\",\"position\":1,\"name\":\"Home\",\"item\":\"https:\/\/www.capgemini.com\/pl-pl\/\"},{\"@type\":\"ListItem\",\"position\":2,\"name\":\"O nas\",\"item\":\"https:\/\/www.capgemini.com\/pl-pl\/o-nas\/\"},{\"@type\":\"ListItem\",\"position\":3,\"name\":\"Zarz\u0105dzanie i \u0142ad korporacyjny\",\"item\":\"https:\/\/www.capgemini.com\/pl-pl\/o-nas\/zarzadzanie-lad-korporacyjny\/\"},{\"@type\":\"ListItem\",\"position\":4,\"name\":\"Polityki\",\"item\":\"https:\/\/www.capgemini.com\/pl-pl\/o-nas\/zarzadzanie-lad-korporacyjny\/polityki\/\"},{\"@type\":\"ListItem\",\"position\":5,\"name\":\"Polityka antykorupcyjna\"}]},{\"@type\":\"WebSite\",\"@id\":\"https:\/\/www.capgemini.com\/pl-pl\/#website\",\"url\":\"https:\/\/www.capgemini.com\/pl-pl\/\",\"name\":\"Capgemini Polska\",\"description\":\"Capgemini\",\"potentialAction\":[{\"@type\":\"SearchAction\",\"target\":{\"@type\":\"EntryPoint\",\"urlTemplate\":\"https:\/\/www.capgemini.com\/pl-pl\/?s={search_term_string}\"},\"query-input\":\"required name=search_term_string\"}],\"inLanguage\":\"pl-PL\"}]}<\/script>\n<!-- \/ Yoast SEO Premium plugin. -->","yoast_head_json":{"title":"Polityka antykorupcyjna | Zarz\u0105dzanie i \u0142ad korporacyjny | Capgemini Polska","description":"Jako firma odpowiedzialna i etyczna, Capgemini prowadzi polityk\u0119 zerowej tolerancji wobec korupcji.","robots":{"index":"index","follow":"follow","max-snippet":"max-snippet:-1","max-image-preview":"max-image-preview:large","max-video-preview":"max-video-preview:-1"},"canonical":"https:\/\/www.capgemini.com\/pl-pl\/o-nas\/zarzadzanie-lad-korporacyjny\/polityki\/polityka-antykorupcyjna\/","og_locale":"pl_PL","og_type":"article","og_title":"Polityka antykorupcyjna","og_description":"Jako firma odpowiedzialna i etyczna, Capgemini prowadzi polityk\u0119 zerowej tolerancji wobec korupcji.","og_url":"https:\/\/www.capgemini.com\/pl-pl\/o-nas\/zarzadzanie-lad-korporacyjny\/polityki\/polityka-antykorupcyjna\/","og_site_name":"Capgemini Poland","article_modified_time":"2025-03-12T06:51:24+00:00","og_image":[{"width":1200,"height":627,"url":"https:\/\/www.capgemini.com\/pl-pl\/wp-content\/uploads\/sites\/27\/2025\/10\/New-Web-preview-global.jpg","type":"image\/jpeg"}],"twitter_card":"summary_large_image","twitter_misc":{"Est. reading time":"3 minutes"},"schema":{"@context":"https:\/\/schema.org","@graph":[{"@type":"WebPage","@id":"https:\/\/www.capgemini.com\/pl-pl\/o-nas\/zarzadzanie-lad-korporacyjny\/polityki\/polityka-antykorupcyjna\/","url":"https:\/\/www.capgemini.com\/pl-pl\/o-nas\/zarzadzanie-lad-korporacyjny\/polityki\/polityka-antykorupcyjna\/","name":"Polityka antykorupcyjna | Zarz\u0105dzanie i \u0142ad korporacyjny | Capgemini Polska","isPartOf":{"@id":"https:\/\/www.capgemini.com\/pl-pl\/#website"},"datePublished":"2021-12-07T10:28:37+00:00","dateModified":"2025-03-12T06:51:24+00:00","description":"Jako firma odpowiedzialna i etyczna, Capgemini prowadzi polityk\u0119 zerowej tolerancji wobec korupcji.","breadcrumb":{"@id":"https:\/\/www.capgemini.com\/pl-pl\/o-nas\/zarzadzanie-lad-korporacyjny\/polityki\/polityka-antykorupcyjna\/#breadcrumb"},"inLanguage":"pl-PL","potentialAction":[{"@type":"ReadAction","target":["https:\/\/www.capgemini.com\/pl-pl\/o-nas\/zarzadzanie-lad-korporacyjny\/polityki\/polityka-antykorupcyjna\/"]}]},{"@type":"BreadcrumbList","@id":"https:\/\/www.capgemini.com\/pl-pl\/o-nas\/zarzadzanie-lad-korporacyjny\/polityki\/polityka-antykorupcyjna\/#breadcrumb","itemListElement":[{"@type":"ListItem","position":1,"name":"Home","item":"https:\/\/www.capgemini.com\/pl-pl\/"},{"@type":"ListItem","position":2,"name":"O nas","item":"https:\/\/www.capgemini.com\/pl-pl\/o-nas\/"},{"@type":"ListItem","position":3,"name":"Zarz\u0105dzanie i \u0142ad korporacyjny","item":"https:\/\/www.capgemini.com\/pl-pl\/o-nas\/zarzadzanie-lad-korporacyjny\/"},{"@type":"ListItem","position":4,"name":"Polityki","item":"https:\/\/www.capgemini.com\/pl-pl\/o-nas\/zarzadzanie-lad-korporacyjny\/polityki\/"},{"@type":"ListItem","position":5,"name":"Polityka antykorupcyjna"}]},{"@type":"WebSite","@id":"https:\/\/www.capgemini.com\/pl-pl\/#website","url":"https:\/\/www.capgemini.com\/pl-pl\/","name":"Capgemini Polska","description":"Capgemini","potentialAction":[{"@type":"SearchAction","target":{"@type":"EntryPoint","urlTemplate":"https:\/\/www.capgemini.com\/pl-pl\/?s={search_term_string}"},"query-input":"required name=search_term_string"}],"inLanguage":"pl-PL"}]}},"brand_term":[],"parsely":{"version":"1.1.0","canonical_url":"https:\/\/capgemini.com\/pl-pl\/o-nas\/zarzadzanie-lad-korporacyjny\/polityki\/polityka-antykorupcyjna\/","smart_links":{"inbound":0,"outbound":0},"traffic_boost_suggestions_count":0,"meta":{"@context":"https:\/\/schema.org","@type":"WebPage","headline":"Polityka antykorupcyjna","url":"https:\/\/www.capgemini.com\/pl-pl\/o-nas\/zarzadzanie-lad-korporacyjny\/polityki\/polityka-antykorupcyjna\/","mainEntityOfPage":{"@type":"WebPage","@id":"https:\/\/www.capgemini.com\/pl-pl\/o-nas\/zarzadzanie-lad-korporacyjny\/polityki\/polityka-antykorupcyjna\/"},"thumbnailUrl":"","image":{"@type":"ImageObject","url":""},"articleSection":"Uncategorized","author":[],"creator":[],"publisher":{"@type":"Organization","name":"Capgemini Poland","logo":""},"keywords":[],"dateCreated":"2021-12-07T10:28:37Z","datePublished":"2021-12-07T10:28:37Z","dateModified":"2025-03-12T06:51:24Z"},"rendered":"<meta name=\"parsely-title\" content=\"Polityka antykorupcyjna\" \/>\n<meta name=\"parsely-link\" content=\"https:\/\/www.capgemini.com\/pl-pl\/o-nas\/zarzadzanie-lad-korporacyjny\/polityki\/polityka-antykorupcyjna\/\" \/>\n<meta name=\"parsely-type\" content=\"index\" \/>\n<meta name=\"parsely-pub-date\" content=\"2021-12-07T10:28:37Z\" \/>\n<meta name=\"parsely-section\" content=\"Uncategorized\" \/>","tracker_url":"https:\/\/cdn.parsely.com\/keys\/capgemini.com\/p.js"},"archive_status":false,"featured_image_src":"https:\/\/www.capgemini.com\/pl-pl\/wp-content\/themes\/capgemini2025\/assets\/images\/mockup.png","featured_image_alt":false,"jetpack_sharing_enabled":true,"distributor_meta":false,"distributor_terms":false,"distributor_media":false,"distributor_original_site_name":"Capgemini Poland","distributor_original_site_url":"https:\/\/www.capgemini.com\/pl-pl","push-errors":false,"_links":{"self":[{"href":"https:\/\/www.capgemini.com\/pl-pl\/wp-json\/wp\/v2\/pages\/639183","targetHints":{"allow":["GET"]}}],"collection":[{"href":"https:\/\/www.capgemini.com\/pl-pl\/wp-json\/wp\/v2\/pages"}],"about":[{"href":"https:\/\/www.capgemini.com\/pl-pl\/wp-json\/wp\/v2\/types\/page"}],"author":[{"embeddable":true,"href":"https:\/\/www.capgemini.com\/pl-pl\/wp-json\/wp\/v2\/users\/121"}],"replies":[{"embeddable":true,"href":"https:\/\/www.capgemini.com\/pl-pl\/wp-json\/wp\/v2\/comments?post=639183"}],"version-history":[{"count":3,"href":"https:\/\/www.capgemini.com\/pl-pl\/wp-json\/wp\/v2\/pages\/639183\/revisions"}],"predecessor-version":[{"id":889556,"href":"https:\/\/www.capgemini.com\/pl-pl\/wp-json\/wp\/v2\/pages\/639183\/revisions\/889556"}],"up":[{"embeddable":true,"href":"https:\/\/www.capgemini.com\/pl-pl\/wp-json\/wp\/v2\/pages\/639065"}],"wp:attachment":[{"href":"https:\/\/www.capgemini.com\/pl-pl\/wp-json\/wp\/v2\/media?parent=639183"}],"wp:term":[{"taxonomy":"brand","embeddable":true,"href":"https:\/\/www.capgemini.com\/pl-pl\/wp-json\/wp\/v2\/brand?post=639183"},{"taxonomy":"partner_type","embeddable":true,"href":"https:\/\/www.capgemini.com\/pl-pl\/wp-json\/wp\/v2\/partner_type?post=639183"},{"taxonomy":"service","embeddable":true,"href":"https:\/\/www.capgemini.com\/pl-pl\/wp-json\/wp\/v2\/service?post=639183"},{"taxonomy":"industry","embeddable":true,"href":"https:\/\/www.capgemini.com\/pl-pl\/wp-json\/wp\/v2\/industry?post=639183"},{"taxonomy":"partners","embeddable":true,"href":"https:\/\/www.capgemini.com\/pl-pl\/wp-json\/wp\/v2\/partners?post=639183"},{"taxonomy":"page-type","embeddable":true,"href":"https:\/\/www.capgemini.com\/pl-pl\/wp-json\/wp\/v2\/page-type?post=639183"},{"taxonomy":"content-group","embeddable":true,"href":"https:\/\/www.capgemini.com\/pl-pl\/wp-json\/wp\/v2\/content-group?post=639183"}],"curies":[{"name":"wp","href":"https:\/\/api.w.org\/{rel}","templated":true}]}}