{"id":639065,"date":"2021-12-07T07:17:54","date_gmt":"2021-12-07T07:17:54","guid":{"rendered":"https:\/\/www.capgemini.com\/?page_id=639065"},"modified":"2025-03-12T06:53:19","modified_gmt":"2025-03-12T06:53:19","slug":"policies","status":"publish","type":"page","link":"https:\/\/www.capgemini.com\/pl-pl\/o-nas\/zarzadzanie-lad-korporacyjny\/polityki\/","title":{"rendered":"Polityki"},"content":{"rendered":"\n<div class=\"wp-block-cg-blocks-hero-picture-card undefined  heroPictureCard\"><div class=\"heroPictureCardBgs\"><picture><source srcset=\"https:\/\/www.capgemini.com\/wp-content\/uploads\/2022\/02\/Capgemini_About-Us_our-policies.jpg?w=2880&amp;quality=70 1x, https:\/\/www.capgemini.com\/wp-content\/uploads\/2022\/02\/Capgemini_About-Us_our-policies.jpg?w=2880&amp;quality=70 2x\" media=\"(min-width: 1500px)\"\/><source srcset=\"https:\/\/www.capgemini.com\/wp-content\/uploads\/2022\/02\/Capgemini_About-Us_our-policies.jpg?w=1440&amp;quality=70 1x, https:\/\/www.capgemini.com\/wp-content\/uploads\/2022\/02\/Capgemini_About-Us_our-policies.jpg?w=2880&amp;quality=70 2x\" media=\"(min-width: 992px)\"\/><source srcset=\"https:\/\/www.capgemini.com\/wp-content\/uploads\/2022\/02\/Capgemini_About-Us_our-policies.jpg?w=1024&amp;quality=70 1x, https:\/\/www.capgemini.com\/wp-content\/uploads\/2022\/02\/Capgemini_About-Us_our-policies.jpg?w=1024&amp;quality=70 2x\" media=\"(min-width: 768px)\"\/><source srcset=\"https:\/\/www.capgemini.com\/wp-content\/uploads\/2022\/02\/Capgemini_About-Us_our-policies.jpg?w=768&amp;quality=70 1x, https:\/\/www.capgemini.com\/wp-content\/uploads\/2022\/02\/Capgemini_About-Us_our-policies.jpg?w=768&amp;quality=70 2x\" media=\"(min-width: 0)\"\/><img decoding=\"async\" src=\"https:\/\/www.capgemini.com\/wp-content\/uploads\/2022\/02\/Capgemini_About-Us_our-policies.jpg\" class=\"desktopImage\" alt=\"\" style=\"object-fit:cover;object-position:50% 50%\" loading=\"eager\"\/><\/picture><picture><source srcset=\"https:\/\/www.capgemini.com\/wp-content\/uploads\/2022\/02\/Capgemini_About-Us_our-policies.jpg?w=2880&amp;quality=70 1x, https:\/\/www.capgemini.com\/wp-content\/uploads\/2022\/02\/Capgemini_About-Us_our-policies.jpg?w=2880&amp;quality=70 2x\" media=\"(min-width: 1500px)\"\/><source srcset=\"https:\/\/www.capgemini.com\/wp-content\/uploads\/2022\/02\/Capgemini_About-Us_our-policies.jpg?w=1440&amp;quality=70 1x, https:\/\/www.capgemini.com\/wp-content\/uploads\/2022\/02\/Capgemini_About-Us_our-policies.jpg?w=2880&amp;quality=70 2x\" media=\"(min-width: 992px)\"\/><source srcset=\"https:\/\/www.capgemini.com\/wp-content\/uploads\/2022\/02\/Capgemini_About-Us_our-policies.jpg?w=1024&amp;quality=70 1x, https:\/\/www.capgemini.com\/wp-content\/uploads\/2022\/02\/Capgemini_About-Us_our-policies.jpg?w=1024&amp;quality=70 2x\" media=\"(min-width: 768px)\"\/><source srcset=\"https:\/\/www.capgemini.com\/wp-content\/uploads\/2022\/02\/Capgemini_About-Us_our-policies.jpg?w=768&amp;quality=70 1x, https:\/\/www.capgemini.com\/wp-content\/uploads\/2022\/02\/Capgemini_About-Us_our-policies.jpg?w=768&amp;quality=70 2x\" media=\"(min-width: 0)\"\/><img decoding=\"async\" src=\"https:\/\/www.capgemini.com\/wp-content\/uploads\/2022\/02\/Capgemini_About-Us_our-policies.jpg\" class=\"mobileImage\" alt=\"\" style=\"object-fit:cover;object-position:50% 50%\" loading=\"eager\"\/><\/picture><\/div><div class=\"heroPictureCardHeaderShape\"><\/div><div class=\"container\"><div class=\"row\"><div class=\"col-md-8 col-lg-6\"><div class=\"heroPictureCardBox\"><div class=\"heroPictureCardBoxTitle\"><h1 data-maxlength=\"144\">Polityki<\/h1><\/div><\/div><\/div><\/div><\/div><div class=\"small-device\"><div class=\"brandLogoWrapper\"> <\/div><\/div><\/div>\n\n\n\n<section class=\"wp-block-cg-blocks-wrapper-card-related-capabilities undefined card-related-capability\"><div class=\"cardelatedBgShape\"><\/div><div class=\"container\"><div class=\"contentTitle\"><\/div><div class=\"row\">\n<div class=\"wp-block-cg-blocks-card-related-capabilities col-md-4 gridbox card-block\"><div class=\"box box--1 capblock\"><div class=\"box-img-wrapper\"><div class=\"img-ratio\"><img decoding=\"async\" src=\"https:\/\/www.capgemini.com\/wp-content\/uploads\/2021\/09\/Capgemini_Business-Integrity_duty-of-care.jpg?w=500&amp;quality=70\" srcset=\"https:\/\/www.capgemini.com\/wp-content\/uploads\/2021\/09\/Capgemini_Business-Integrity_duty-of-care.jpg?w=500&amp;quality=70 1x, https:\/\/www.capgemini.com\/wp-content\/uploads\/2021\/09\/Capgemini_Business-Integrity_duty-of-care.jpg?w=1000&amp;quality=70 2x\" class=\"box-img\" alt=\"\" style=\"object-fit:cover;object-position:50% 50%\" loading=\"lazy\"\/><\/div><\/div><div class=\"box-inner\"><a class=\"box-title\" aria-label=\"Polityka antykorupcyjna\" href=\"https:\/\/www.capgemini.com\/pl-pl\/o-nas\/zarzadzanie-lad-korporacyjny\/polityki\/polityka-antykorupcyjna\/\" target=\"\" rel=\"noopener noreferrer\" title=\"otwiera si\u0119 w nowym oknie\"><h3 class=\"card-subtitle\">Polityka antykorupcyjna<\/h3><\/a><\/div><\/div><\/div>\n\n\n\n<div class=\"wp-block-cg-blocks-card-related-capabilities col-md-4 gridbox card-block\"><div class=\"box box--1 capblock\"><div class=\"box-img-wrapper\"><div class=\"img-ratio\"><img decoding=\"async\" src=\"https:\/\/www.capgemini.com\/wp-content\/uploads\/2022\/04\/Capgemini_Our-Code-of-Business-Ethics.jpg?w=500&amp;quality=70\" srcset=\"https:\/\/www.capgemini.com\/wp-content\/uploads\/2022\/04\/Capgemini_Our-Code-of-Business-Ethics.jpg?w=500&amp;quality=70 1x, https:\/\/www.capgemini.com\/wp-content\/uploads\/2022\/04\/Capgemini_Our-Code-of-Business-Ethics.jpg?w=1000&amp;quality=70 2x\" class=\"box-img\" alt=\"\" style=\"object-fit:cover;object-position:50% 50%\" loading=\"lazy\"\/><\/div><\/div><div class=\"box-inner\"><a class=\"box-title\" aria-label=\"Kodeks Etyki Biznesowej\" href=\"https:\/\/www.capgemini.com\/pl-pl\/o-nas\/zarzadzanie-lad-korporacyjny\/polityki\/kodeks-etyki-biznesowej\/\" target=\"\" rel=\"noopener noreferrer\" title=\"otwiera si\u0119 w nowym oknie\"><h3 class=\"card-subtitle\">Kodeks Etyki Biznesowej<\/h3><\/a><\/div><\/div><\/div>\n\n\n\n<div class=\"wp-block-cg-blocks-card-related-capabilities col-md-4 gridbox card-block\"><div class=\"box box--1 capblock\"><div class=\"box-img-wrapper\"><div class=\"img-ratio\"><img decoding=\"async\" src=\"https:\/\/www.capgemini.com\/wp-content\/uploads\/2022\/01\/Capgemini_Policies_Group-competition-laws-policy.jpg?w=500&amp;quality=70\" srcset=\"https:\/\/www.capgemini.com\/wp-content\/uploads\/2022\/01\/Capgemini_Policies_Group-competition-laws-policy.jpg?w=500&amp;quality=70 1x, https:\/\/www.capgemini.com\/wp-content\/uploads\/2022\/01\/Capgemini_Policies_Group-competition-laws-policy.jpg?w=1000&amp;quality=70 2x\" class=\"box-img\" alt=\"\" style=\"object-fit:cover;object-position:50% 50%\" loading=\"lazy\"\/><\/div><\/div><div class=\"box-inner\"><a class=\"box-title\" aria-label=\"Polityka w zakresie prawa konkurencji\" href=\"https:\/\/www.capgemini.com\/pl-pl\/o-nas\/zarzadzanie-lad-korporacyjny\/polityki\/polityka-dotyczaca-prawa-konkurencji\/\" target=\"\" rel=\"noopener noreferrer\" title=\"otwiera si\u0119 w nowym oknie\"><h3 class=\"card-subtitle\">Polityka w zakresie prawa konkurencji<\/h3><\/a><\/div><\/div><\/div>\n\n\n\n<div class=\"wp-block-cg-blocks-card-related-capabilities col-md-4 gridbox card-block\"><div class=\"box box--1 capblock\"><div class=\"box-img-wrapper\"><div class=\"img-ratio\"><img decoding=\"async\" src=\"https:\/\/www.capgemini.com\/wp-content\/uploads\/2021\/09\/Capgemini_Ethics_Managing-conflicts-of-interest.jpg?w=500&amp;quality=70\" srcset=\"https:\/\/www.capgemini.com\/wp-content\/uploads\/2021\/09\/Capgemini_Ethics_Managing-conflicts-of-interest.jpg?w=500&amp;quality=70 1x, https:\/\/www.capgemini.com\/wp-content\/uploads\/2021\/09\/Capgemini_Ethics_Managing-conflicts-of-interest.jpg?w=1000&amp;quality=70 2x\" class=\"box-img\" alt=\"\" style=\"object-fit:cover;object-position:50% 50%\" loading=\"lazy\"\/><\/div><\/div><div class=\"box-inner\"><a class=\"box-title\" aria-label=\"Polityka w zakresie konfliktu interes\u00f3w\" href=\"https:\/\/www.capgemini.com\/pl-pl\/o-nas\/kim-jestesmy\/wartosci-etyka\/nasza-kultura-etyczna\/polityka-w-zakresie-konfliktu-interesow\/\" target=\"\" rel=\"noopener noreferrer\" title=\"otwiera si\u0119 w nowym oknie\"><h3 class=\"card-subtitle\">Polityka w zakresie konfliktu interes\u00f3w<\/h3><\/a><\/div><\/div><\/div>\n\n\n\n<div class=\"wp-block-cg-blocks-card-related-capabilities col-md-4 gridbox card-block\"><div class=\"box box--1 capblock\"><div class=\"box-img-wrapper\"><div class=\"img-ratio\"><img decoding=\"async\" src=\"https:\/\/www.capgemini.com\/wp-content\/uploads\/2021\/06\/Capgemini_Corporate-governance.jpg?w=500&amp;quality=70\" srcset=\"https:\/\/www.capgemini.com\/wp-content\/uploads\/2021\/06\/Capgemini_Corporate-governance.jpg?w=500&amp;quality=70 1x, https:\/\/www.capgemini.com\/wp-content\/uploads\/2021\/06\/Capgemini_Corporate-governance.jpg?w=1000&amp;quality=70 2x\" class=\"box-img\" alt=\"\" style=\"object-fit:cover;object-position:50% 50%\" loading=\"lazy\"\/><\/div><\/div><div class=\"box-inner\"><a class=\"box-title\" aria-label=\"Polityka ochrony danych osobowych\" href=\"https:\/\/www.capgemini.com\/pl-pl\/o-nas\/zarzadzanie-lad-korporacyjny\/polityki\/polityka-ochrony-danych\/\" target=\"\" rel=\"noopener noreferrer\" title=\"otwiera si\u0119 w nowym oknie\"><h3 class=\"card-subtitle\">Polityka ochrony danych osobowych<\/h3><\/a><\/div><\/div><\/div>\n\n\n\n<div class=\"wp-block-cg-blocks-card-related-capabilities col-md-4 gridbox card-block\"><div class=\"box box--1 capblock\"><div class=\"box-img-wrapper\"><div class=\"img-ratio\"><img decoding=\"async\" src=\"https:\/\/www.capgemini.com\/pl-pl\/wp-content\/uploads\/sites\/27\/2023\/06\/Capgemini_people_diversity_inclusion.webp?w=500&amp;quality=70\" srcset=\"https:\/\/www.capgemini.com\/pl-pl\/wp-content\/uploads\/sites\/27\/2023\/06\/Capgemini_people_diversity_inclusion.webp?w=500&amp;quality=70 1x, https:\/\/www.capgemini.com\/pl-pl\/wp-content\/uploads\/sites\/27\/2023\/06\/Capgemini_people_diversity_inclusion.webp?w=1000&amp;quality=70 2x\" class=\"box-img\" alt=\"\" style=\"object-fit:cover;object-position:50% 50%\" loading=\"lazy\"\/><\/div><\/div><div class=\"box-inner\"><a class=\"box-title\" aria-label=\"R\u00f3\u017cnorodno\u015b\u0107 i w\u0142\u0105czenie\" href=\"chrome-extension:\/\/efaidnbmnnnibpcajpcglclefindmkaj\/https:\/\/www.capgemini.com\/wp-content\/uploads\/2024\/01\/Group-CSR-DI-Policy-January-2024_FINAL.pdf\" target=\"_blank\" rel=\"noopener noreferrer\" title=\"otwiera si\u0119 w nowym oknie\"><h3 class=\"card-subtitle\">R\u00f3\u017cnorodno\u015b\u0107 i w\u0142\u0105czenie<\/h3><\/a><\/div><\/div><\/div>\n\n\n\n<div class=\"wp-block-cg-blocks-card-related-capabilities col-md-4 gridbox card-block\"><div class=\"box box--1 capblock\"><div class=\"box-img-wrapper\"><div class=\"img-ratio\"><img decoding=\"async\" src=\"https:\/\/www.capgemini.com\/wp-content\/uploads\/2022\/02\/Capgemini_Sustainability_Monitor-and-report-e1644234403109.jpg?w=500&amp;quality=70\" srcset=\"https:\/\/www.capgemini.com\/wp-content\/uploads\/2022\/02\/Capgemini_Sustainability_Monitor-and-report-e1644234403109.jpg?w=500&amp;quality=70 1x, https:\/\/www.capgemini.com\/wp-content\/uploads\/2022\/02\/Capgemini_Sustainability_Monitor-and-report-e1644234403109.jpg?w=1000&amp;quality=70 2x\" class=\"box-img\" alt=\"\" style=\"object-fit:cover;object-position:50% 50%\" loading=\"lazy\"\/><\/div><\/div><div class=\"box-inner\"><a class=\"box-title\" aria-label=\"Polityki w zakresie ochrony \u015brodowiska\" href=\"https:\/\/www.capgemini.com\/pl-pl\/o-nas\/zarzadzanie-lad-korporacyjny\/polityki\/polityka-ochrony-srodowiska\/\" target=\"\" rel=\"noopener noreferrer\" title=\"otwiera si\u0119 w nowym oknie\"><h3 class=\"card-subtitle\">Polityki w zakresie ochrony \u015brodowiska<\/h3><\/a><\/div><\/div><\/div>\n\n\n\n<div class=\"wp-block-cg-blocks-card-related-capabilities col-md-4 gridbox card-block\"><div class=\"box box--1 capblock\"><div class=\"box-img-wrapper\"><div class=\"img-ratio\"><img decoding=\"async\" src=\"https:\/\/www.capgemini.com\/wp-content\/uploads\/2022\/03\/Capgemini_our-approach-to-ESG.jpg?w=500&amp;quality=70\" srcset=\"https:\/\/www.capgemini.com\/wp-content\/uploads\/2022\/03\/Capgemini_our-approach-to-ESG.jpg?w=500&amp;quality=70 1x, https:\/\/www.capgemini.com\/wp-content\/uploads\/2022\/03\/Capgemini_our-approach-to-ESG.jpg?w=1000&amp;quality=70 2x\" class=\"box-img\" alt=\"\" style=\"object-fit:cover;object-position:50% 50%\" loading=\"lazy\"\/><\/div><\/div><div class=\"box-inner\"><a class=\"box-title\" aria-label=\"Polityka w zakresie ESG\" href=\"https:\/\/investors.capgemini.com\/en\/esg-policy\/\" target=\"_blank\" rel=\"noopener noreferrer\" title=\"otwiera si\u0119 w nowym oknie\"><h3 class=\"card-subtitle\">Polityka w zakresie ESG<\/h3><\/a><\/div><\/div><\/div>\n\n\n\n<div class=\"wp-block-cg-blocks-card-related-capabilities col-md-4 gridbox card-block\"><div class=\"box box--1 capblock\"><div class=\"box-img-wrapper\"><div class=\"img-ratio\"><img decoding=\"async\" src=\"https:\/\/www.capgemini.com\/wp-content\/uploads\/2022\/01\/Capgemini_policy_human-rights.jpg?w=500&amp;quality=70\" srcset=\"https:\/\/www.capgemini.com\/wp-content\/uploads\/2022\/01\/Capgemini_policy_human-rights.jpg?w=500&amp;quality=70 1x, https:\/\/www.capgemini.com\/wp-content\/uploads\/2022\/01\/Capgemini_policy_human-rights.jpg?w=1000&amp;quality=70 2x\" class=\"box-img\" alt=\"\" style=\"object-fit:cover;object-position:50% 50%\" loading=\"lazy\"\/><\/div><\/div><div class=\"box-inner\"><a class=\"box-title\" aria-label=\"Polityka w zakresie praw cz\u0142owieka\" href=\"\/wp-content\/uploads\/2021\/12\/Capgemini-Human-Rights-Policy_2021_EN-.pdf\" target=\"_blank\" rel=\"noopener noreferrer\" title=\"otwiera si\u0119 w nowym oknie\"><h3 class=\"card-subtitle\">Polityka w zakresie praw cz\u0142owieka<\/h3><\/a><\/div><\/div><\/div>\n\n\n\n<div class=\"wp-block-cg-blocks-card-related-capabilities col-md-4 gridbox card-block\"><div class=\"box box--1 capblock\"><div class=\"box-img-wrapper\"><div class=\"img-ratio\"><img decoding=\"async\" src=\"https:\/\/www.capgemini.com\/wp-content\/uploads\/2022\/01\/Capgemini_About-Us_POLICIES.jpg?w=500&amp;quality=70\" srcset=\"https:\/\/www.capgemini.com\/wp-content\/uploads\/2022\/01\/Capgemini_About-Us_POLICIES.jpg?w=500&amp;quality=70 1x, https:\/\/www.capgemini.com\/wp-content\/uploads\/2022\/01\/Capgemini_About-Us_POLICIES.jpg?w=1000&amp;quality=70 2x\" class=\"box-img\" alt=\"\" style=\"object-fit:cover;object-position:50% 50%\" loading=\"lazy\"\/><\/div><\/div><div class=\"box-inner\"><a class=\"box-title\" aria-label=\"Kodeks post\u0119powania dostawc\u00f3w\" href=\"https:\/\/www.capgemini.com\/pl-pl\/o-nas\/zarzadzanie-lad-korporacyjny\/polityki\/kodeks-postepowania-dostawcow\/\" target=\"\" rel=\"noopener noreferrer\" title=\"otwiera si\u0119 w nowym oknie\"><h3 class=\"card-subtitle\">Kodeks post\u0119powania dostawc\u00f3w<\/h3><\/a><\/div><\/div><\/div>\n<\/div><\/div><\/section>\n","protected":false},"excerpt":{"rendered":"","protected":false},"author":121,"featured_media":643983,"parent":505568,"menu_order":4,"comment_status":"closed","ping_status":"closed","template":"","meta":{"cg_dt_proposed_to":[8,18,5,30,8,18,5,30],"cg_seo_hreflang_relations":"[]","cg_seo_canonical_relation":"","cg_seo_hreflang_x_default_relation":"{\"uuid\":\"425b32ca-5b9d-4631-b064-a9833e1b8584\",\"blogId\":\"\",\"domain\":\"\",\"sitePath\":\"\",\"postLink\":\"\",\"postId\":null,\"isSaved\":true,\"isCrossLink\":false,\"hasCrossLink\":false}","cg_dt_approved_content":true,"cg_dt_mandatory_content":false,"cg_dt_notes":"","cg_dg_source_changed":false,"cg_dt_link_disabled":true,"_yoast_wpseo_primary_brand":"","footnotes":"","featured_focal_points":"","partner_card_description":"","gsap_animation":0},"brand":[],"partner_type":[],"service":[],"industry":[],"partners":[],"page-type":[182],"content-group":[],"class_list":["post-639065","page","type-page","status-publish","has-post-thumbnail","hentry","page-type-about-us"],"yoast_head":"<!-- This site is optimized with the Yoast SEO Premium plugin v22.8 (Yoast SEO v22.8) - https:\/\/yoast.com\/wordpress\/plugins\/seo\/ -->\n<title>Our Policies | Management and Governance | Capgemini<\/title>\n<meta name=\"robots\" content=\"index, follow, max-snippet:-1, max-image-preview:large, max-video-preview:-1\" \/>\n<link rel=\"canonical\" href=\"https:\/\/www.capgemini.com\/pl-pl\/o-nas\/zarzadzanie-lad-korporacyjny\/polityki\/\" \/>\n<meta property=\"og:locale\" content=\"pl_PL\" \/>\n<meta property=\"og:type\" content=\"article\" \/>\n<meta property=\"og:title\" content=\"Polityki\" \/>\n<meta property=\"og:url\" content=\"https:\/\/www.capgemini.com\/pl-pl\/o-nas\/zarzadzanie-lad-korporacyjny\/polityki\/\" \/>\n<meta property=\"og:site_name\" content=\"Capgemini Poland\" \/>\n<meta property=\"article:modified_time\" content=\"2025-03-12T06:53:19+00:00\" \/>\n<meta property=\"og:image\" content=\"https:\/\/www.capgemini.com\/pl-pl\/wp-content\/uploads\/sites\/27\/2025\/10\/New-Web-preview-global.jpg\" \/>\n\t<meta property=\"og:image:width\" content=\"1200\" \/>\n\t<meta property=\"og:image:height\" content=\"627\" \/>\n\t<meta property=\"og:image:type\" content=\"image\/jpeg\" \/>\n<meta name=\"twitter:card\" content=\"summary_large_image\" \/>\n<meta name=\"twitter:label1\" content=\"Est. reading time\" \/>\n\t<meta name=\"twitter:data1\" content=\"3 minutes\" \/>\n<script type=\"application\/ld+json\" class=\"yoast-schema-graph\">{\"@context\":\"https:\/\/schema.org\",\"@graph\":[{\"@type\":\"WebPage\",\"@id\":\"https:\/\/www.capgemini.com\/pl-pl\/o-nas\/zarzadzanie-lad-korporacyjny\/polityki\/\",\"url\":\"https:\/\/www.capgemini.com\/pl-pl\/o-nas\/zarzadzanie-lad-korporacyjny\/polityki\/\",\"name\":\"Our Policies | Management and Governance | Capgemini\",\"isPartOf\":{\"@id\":\"https:\/\/www.capgemini.com\/pl-pl\/#website\"},\"primaryImageOfPage\":{\"@id\":\"https:\/\/www.capgemini.com\/pl-pl\/o-nas\/zarzadzanie-lad-korporacyjny\/polityki\/#primaryimage\"},\"image\":{\"@id\":\"https:\/\/www.capgemini.com\/pl-pl\/o-nas\/zarzadzanie-lad-korporacyjny\/polityki\/#primaryimage\"},\"thumbnailUrl\":\"\",\"datePublished\":\"2021-12-07T07:17:54+00:00\",\"dateModified\":\"2025-03-12T06:53:19+00:00\",\"breadcrumb\":{\"@id\":\"https:\/\/www.capgemini.com\/pl-pl\/o-nas\/zarzadzanie-lad-korporacyjny\/polityki\/#breadcrumb\"},\"inLanguage\":\"pl-PL\",\"potentialAction\":[{\"@type\":\"ReadAction\",\"target\":[\"https:\/\/www.capgemini.com\/pl-pl\/o-nas\/zarzadzanie-lad-korporacyjny\/polityki\/\"]}]},{\"@type\":\"ImageObject\",\"inLanguage\":\"pl-PL\",\"@id\":\"https:\/\/www.capgemini.com\/pl-pl\/o-nas\/zarzadzanie-lad-korporacyjny\/polityki\/#primaryimage\",\"url\":\"\",\"contentUrl\":\"\"},{\"@type\":\"BreadcrumbList\",\"@id\":\"https:\/\/www.capgemini.com\/pl-pl\/o-nas\/zarzadzanie-lad-korporacyjny\/polityki\/#breadcrumb\",\"itemListElement\":[{\"@type\":\"ListItem\",\"position\":1,\"name\":\"Home\",\"item\":\"https:\/\/www.capgemini.com\/pl-pl\/\"},{\"@type\":\"ListItem\",\"position\":2,\"name\":\"O nas\",\"item\":\"https:\/\/www.capgemini.com\/pl-pl\/o-nas\/\"},{\"@type\":\"ListItem\",\"position\":3,\"name\":\"Zarz\u0105dzanie i \u0142ad korporacyjny\",\"item\":\"https:\/\/www.capgemini.com\/pl-pl\/o-nas\/zarzadzanie-lad-korporacyjny\/\"},{\"@type\":\"ListItem\",\"position\":4,\"name\":\"Polityki\"}]},{\"@type\":\"WebSite\",\"@id\":\"https:\/\/www.capgemini.com\/pl-pl\/#website\",\"url\":\"https:\/\/www.capgemini.com\/pl-pl\/\",\"name\":\"Capgemini Polska\",\"description\":\"Capgemini\",\"potentialAction\":[{\"@type\":\"SearchAction\",\"target\":{\"@type\":\"EntryPoint\",\"urlTemplate\":\"https:\/\/www.capgemini.com\/pl-pl\/?s={search_term_string}\"},\"query-input\":\"required name=search_term_string\"}],\"inLanguage\":\"pl-PL\"}]}<\/script>\n<!-- \/ Yoast SEO Premium plugin. -->","yoast_head_json":{"title":"Our Policies | Management and Governance | Capgemini","robots":{"index":"index","follow":"follow","max-snippet":"max-snippet:-1","max-image-preview":"max-image-preview:large","max-video-preview":"max-video-preview:-1"},"canonical":"https:\/\/www.capgemini.com\/pl-pl\/o-nas\/zarzadzanie-lad-korporacyjny\/polityki\/","og_locale":"pl_PL","og_type":"article","og_title":"Polityki","og_url":"https:\/\/www.capgemini.com\/pl-pl\/o-nas\/zarzadzanie-lad-korporacyjny\/polityki\/","og_site_name":"Capgemini Poland","article_modified_time":"2025-03-12T06:53:19+00:00","og_image":[{"width":1200,"height":627,"url":"https:\/\/www.capgemini.com\/pl-pl\/wp-content\/uploads\/sites\/27\/2025\/10\/New-Web-preview-global.jpg","type":"image\/jpeg"}],"twitter_card":"summary_large_image","twitter_misc":{"Est. reading time":"3 minutes"},"schema":{"@context":"https:\/\/schema.org","@graph":[{"@type":"WebPage","@id":"https:\/\/www.capgemini.com\/pl-pl\/o-nas\/zarzadzanie-lad-korporacyjny\/polityki\/","url":"https:\/\/www.capgemini.com\/pl-pl\/o-nas\/zarzadzanie-lad-korporacyjny\/polityki\/","name":"Our Policies | Management and Governance | Capgemini","isPartOf":{"@id":"https:\/\/www.capgemini.com\/pl-pl\/#website"},"primaryImageOfPage":{"@id":"https:\/\/www.capgemini.com\/pl-pl\/o-nas\/zarzadzanie-lad-korporacyjny\/polityki\/#primaryimage"},"image":{"@id":"https:\/\/www.capgemini.com\/pl-pl\/o-nas\/zarzadzanie-lad-korporacyjny\/polityki\/#primaryimage"},"thumbnailUrl":"","datePublished":"2021-12-07T07:17:54+00:00","dateModified":"2025-03-12T06:53:19+00:00","breadcrumb":{"@id":"https:\/\/www.capgemini.com\/pl-pl\/o-nas\/zarzadzanie-lad-korporacyjny\/polityki\/#breadcrumb"},"inLanguage":"pl-PL","potentialAction":[{"@type":"ReadAction","target":["https:\/\/www.capgemini.com\/pl-pl\/o-nas\/zarzadzanie-lad-korporacyjny\/polityki\/"]}]},{"@type":"ImageObject","inLanguage":"pl-PL","@id":"https:\/\/www.capgemini.com\/pl-pl\/o-nas\/zarzadzanie-lad-korporacyjny\/polityki\/#primaryimage","url":"","contentUrl":""},{"@type":"BreadcrumbList","@id":"https:\/\/www.capgemini.com\/pl-pl\/o-nas\/zarzadzanie-lad-korporacyjny\/polityki\/#breadcrumb","itemListElement":[{"@type":"ListItem","position":1,"name":"Home","item":"https:\/\/www.capgemini.com\/pl-pl\/"},{"@type":"ListItem","position":2,"name":"O nas","item":"https:\/\/www.capgemini.com\/pl-pl\/o-nas\/"},{"@type":"ListItem","position":3,"name":"Zarz\u0105dzanie i \u0142ad korporacyjny","item":"https:\/\/www.capgemini.com\/pl-pl\/o-nas\/zarzadzanie-lad-korporacyjny\/"},{"@type":"ListItem","position":4,"name":"Polityki"}]},{"@type":"WebSite","@id":"https:\/\/www.capgemini.com\/pl-pl\/#website","url":"https:\/\/www.capgemini.com\/pl-pl\/","name":"Capgemini Polska","description":"Capgemini","potentialAction":[{"@type":"SearchAction","target":{"@type":"EntryPoint","urlTemplate":"https:\/\/www.capgemini.com\/pl-pl\/?s={search_term_string}"},"query-input":"required name=search_term_string"}],"inLanguage":"pl-PL"}]}},"brand_term":[],"parsely":{"version":"1.1.0","canonical_url":"https:\/\/capgemini.com\/pl-pl\/o-nas\/zarzadzanie-lad-korporacyjny\/polityki\/","smart_links":{"inbound":0,"outbound":0},"traffic_boost_suggestions_count":0,"meta":{"@context":"https:\/\/schema.org","@type":"WebPage","headline":"Polityki","url":"https:\/\/www.capgemini.com\/pl-pl\/o-nas\/zarzadzanie-lad-korporacyjny\/polityki\/","mainEntityOfPage":{"@type":"WebPage","@id":"https:\/\/www.capgemini.com\/pl-pl\/o-nas\/zarzadzanie-lad-korporacyjny\/polityki\/"},"thumbnailUrl":"","image":{"@type":"ImageObject","url":""},"articleSection":"Uncategorized","author":[],"creator":[],"publisher":{"@type":"Organization","name":"Capgemini Poland","logo":""},"keywords":[],"dateCreated":"2021-12-07T07:17:54Z","datePublished":"2021-12-07T07:17:54Z","dateModified":"2025-03-12T06:53:19Z"},"rendered":"<meta name=\"parsely-title\" content=\"Polityki\" \/>\n<meta name=\"parsely-link\" content=\"https:\/\/www.capgemini.com\/pl-pl\/o-nas\/zarzadzanie-lad-korporacyjny\/polityki\/\" \/>\n<meta name=\"parsely-type\" content=\"index\" \/>\n<meta name=\"parsely-pub-date\" content=\"2021-12-07T07:17:54Z\" \/>\n<meta name=\"parsely-section\" content=\"Uncategorized\" \/>","tracker_url":"https:\/\/cdn.parsely.com\/keys\/capgemini.com\/p.js"},"archive_status":false,"featured_image_src":"https:\/\/www.capgemini.com\/pl-pl\/wp-content\/themes\/capgemini2025\/assets\/images\/mockup.png","featured_image_alt":"","jetpack_sharing_enabled":true,"distributor_meta":false,"distributor_terms":false,"distributor_media":false,"distributor_original_site_name":"Capgemini Poland","distributor_original_site_url":"https:\/\/www.capgemini.com\/pl-pl","push-errors":false,"_links":{"self":[{"href":"https:\/\/www.capgemini.com\/pl-pl\/wp-json\/wp\/v2\/pages\/639065","targetHints":{"allow":["GET"]}}],"collection":[{"href":"https:\/\/www.capgemini.com\/pl-pl\/wp-json\/wp\/v2\/pages"}],"about":[{"href":"https:\/\/www.capgemini.com\/pl-pl\/wp-json\/wp\/v2\/types\/page"}],"author":[{"embeddable":true,"href":"https:\/\/www.capgemini.com\/pl-pl\/wp-json\/wp\/v2\/users\/121"}],"replies":[{"embeddable":true,"href":"https:\/\/www.capgemini.com\/pl-pl\/wp-json\/wp\/v2\/comments?post=639065"}],"version-history":[{"count":10,"href":"https:\/\/www.capgemini.com\/pl-pl\/wp-json\/wp\/v2\/pages\/639065\/revisions"}],"predecessor-version":[{"id":904840,"href":"https:\/\/www.capgemini.com\/pl-pl\/wp-json\/wp\/v2\/pages\/639065\/revisions\/904840"}],"up":[{"embeddable":true,"href":"https:\/\/www.capgemini.com\/pl-pl\/wp-json\/wp\/v2\/pages\/505568"}],"wp:featuredmedia":[{"embeddable":true,"href":"https:\/\/www.capgemini.com\/pl-pl\/wp-json\/"}],"wp:attachment":[{"href":"https:\/\/www.capgemini.com\/pl-pl\/wp-json\/wp\/v2\/media?parent=639065"}],"wp:term":[{"taxonomy":"brand","embeddable":true,"href":"https:\/\/www.capgemini.com\/pl-pl\/wp-json\/wp\/v2\/brand?post=639065"},{"taxonomy":"partner_type","embeddable":true,"href":"https:\/\/www.capgemini.com\/pl-pl\/wp-json\/wp\/v2\/partner_type?post=639065"},{"taxonomy":"service","embeddable":true,"href":"https:\/\/www.capgemini.com\/pl-pl\/wp-json\/wp\/v2\/service?post=639065"},{"taxonomy":"industry","embeddable":true,"href":"https:\/\/www.capgemini.com\/pl-pl\/wp-json\/wp\/v2\/industry?post=639065"},{"taxonomy":"partners","embeddable":true,"href":"https:\/\/www.capgemini.com\/pl-pl\/wp-json\/wp\/v2\/partners?post=639065"},{"taxonomy":"page-type","embeddable":true,"href":"https:\/\/www.capgemini.com\/pl-pl\/wp-json\/wp\/v2\/page-type?post=639065"},{"taxonomy":"content-group","embeddable":true,"href":"https:\/\/www.capgemini.com\/pl-pl\/wp-json\/wp\/v2\/content-group?post=639065"}],"curies":[{"name":"wp","href":"https:\/\/api.w.org\/{rel}","templated":true}]}}