{"id":636456,"date":"2021-11-23T14:12:35","date_gmt":"2021-11-23T14:12:35","guid":{"rendered":"https:\/\/www.capgemini.com\/?page_id=636456"},"modified":"2025-12-03T07:08:21","modified_gmt":"2025-12-03T07:08:21","slug":"digital-global-enterprise-model","status":"publish","type":"page","link":"https:\/\/www.capgemini.com\/pl-pl\/rozwiazania\/digital-global-enterprise-model\/","title":{"rendered":"Digital global enterprise model"},"content":{"rendered":"\n<header class=\"wp-block-cg-blocks-hero-reusable header heroReusable  \"><div class=\"header-bgs\"><picture><source srcset=\"https:\/\/www.capgemini.com\/wp-content\/uploads\/2021\/10\/Capgemini_Business-Services_DGEM.jpg?w=2880&amp;quality=70 1x, https:\/\/www.capgemini.com\/wp-content\/uploads\/2021\/10\/Capgemini_Business-Services_DGEM.jpg?w=2880&amp;quality=70 2x\" media=\"(min-width: 1500px)\"\/><source srcset=\"https:\/\/www.capgemini.com\/wp-content\/uploads\/2021\/10\/Capgemini_Business-Services_DGEM.jpg?w=1440&amp;quality=70 1x, https:\/\/www.capgemini.com\/wp-content\/uploads\/2021\/10\/Capgemini_Business-Services_DGEM.jpg?w=2880&amp;quality=70 2x\" media=\"(min-width: 992px)\"\/><source srcset=\"https:\/\/www.capgemini.com\/wp-content\/uploads\/2021\/10\/Capgemini_Business-Services_DGEM.jpg?w=1024&amp;quality=70 1x, https:\/\/www.capgemini.com\/wp-content\/uploads\/2021\/10\/Capgemini_Business-Services_DGEM.jpg?w=1024&amp;quality=70 2x\" media=\"(min-width: 768px)\"\/><source srcset=\"https:\/\/www.capgemini.com\/wp-content\/uploads\/2021\/10\/Capgemini_Business-Services_DGEM.jpg?w=768&amp;quality=70 1x, https:\/\/www.capgemini.com\/wp-content\/uploads\/2021\/10\/Capgemini_Business-Services_DGEM.jpg?w=768&amp;quality=70 2x\" media=\"(min-width: 0)\"\/><img decoding=\"async\" src=\"https:\/\/www.capgemini.com\/wp-content\/uploads\/2021\/10\/Capgemini_Business-Services_DGEM.jpg\" class=\"header-img header-img-d\" alt=\"\" style=\"object-fit:cover;object-position:51% 45%\" loading=\"eager\"\/><\/picture><\/div><div class=\"heroPictureCardHeaderShape\"><\/div><div class=\"container\"><div class=\"row\"><div class=\"col-md-12\"><div class=\"box\"><div class=\"boxTagWrapper\"><div class=\"tagInfo\"><div><span class=\"box-tag\">Solution<\/span><\/div><\/div><\/div><div class=\"box-title\"><h1 data-maxlength=\"34\">Digital global enterprise model<\/h1><\/div><div class=\"inner-row-insight download-btn\"><div class=\"col-md-4 downloadFiles addPadding\"><a class=\"button-download--small\" type=\"download\" href=\"https:\/\/www.capgemini.com\/wp-content\/uploads\/2022\/05\/Digital-Global-Enterprise-Model.pdf\" target=\"_blank\" rel=\"noopener noreferrer\" title=\"opens in a new window\"><span>Download factsheet<\/span><span class=\"type\">583 KB pdf<\/span><\/a><\/div><\/div><\/div><\/div><\/div><\/div><\/header>\n\n\n\n<section class=\"wp-block-cg-blocks-intro-para undefined section section--intro\"><div class=\"intro-para\"><div class=\"container\"><div class=\"row\"><div class=\"col-12 col-md-1\"><nav class=\"article-social\"><ul class=\"social-nav\"><li class=\"ip-order-fb\"><a href=\"https:\/\/www.facebook.com\/sharer\/sharer.php?u=https:\/\/www.capgemini.com\/pl-pl\/rozwiazania\/digital-global-enterprise-model\/\" target=\"_blank\" rel=\"noopener noreferrer\" title=\"opens in a new window\"><i aria-hidden=\"true\" class=\"icon-fb\"><\/i><span class=\"sr-only\">Facebook<\/span><\/a><\/li><li class=\"ip-order-li\"><a href=\"https:\/\/www.linkedin.com\/sharing\/share-offsite\/?url=https:\/\/www.capgemini.com\/pl-pl\/rozwiazania\/digital-global-enterprise-model\/\" target=\"_blank\" rel=\"noopener noreferrer\" title=\"opens in a new window\"><i aria-hidden=\"true\" class=\"icon-li\"><\/i><span class=\"sr-only\">Linkedin<\/span><\/a><\/li><\/ul><\/nav><\/div><div class=\"col-12 col-md-11 col-lg-10\"><h2 class=\"intro-para-title\">Platforma cyfrowej transformacji biznesowej, kt\u00f3ra zapewnia Frictionless Enterprise.<\/h2><p class=\"intro-para-content\">Znana platforma Digital Global Enterprise Model (D-GEM) firmy Capgemini obejmuje narz\u0119dzia i techniki s\u0142u\u017c\u0105ce do przekszta\u0142cania i usprawniania proces\u00f3w biznesowych w celu zwi\u0119kszenia wydajno\u015bci, skr\u00f3cenia czasu wprowadzania produkt\u00f3w na rynek oraz poprawy jako\u015bci obs\u0142ugi klienta. To z kolei umo\u017cliwia Twojej organizacji przej\u015bcie do tego, co nazywamy \u2014 <a href=\"https:\/\/www.capgemini.com\/business-services-thought-leadership\/innovation-nation\/the-frictionless-enterprise\/\">Frictionless Enterprise<\/a>.<\/p><\/div><\/div><\/div><\/div><\/section>\n\n\n\n<section class=\"wp-block-cg-blocks-intro-para-video section section--info-2cols section--insights section-video \"><div class=\"bg-color video-align-left\"><div class=\"container\"><div class=\"row video-align-right\"><div class=\"col-md-12\"><div class=\"video-align-right row box box--4 box--mini\"><div class=\"col-md-1\"><\/div><div class=\"col-md-8 box-img-wrapper\"><div class=\"video-box\"><div class=\"video-wrapper\"><iframe title=\"video-section\" src=\"https:\/\/www.youtube.com\/embed\/ZjxNw0gfhvg?rel=0&amp;modestbranding=1&amp;playsinline=1&amp;enablejsapi=1\" frameborder=\"0\" allow=\"accelerometer; autoplay; clipboard-write; encrypted-media; gyroscope; picture-in-picture\" allowfullscreen loading=\"lazy\" referrerpolicy=\"strict-origin-when-cross-origin\"><\/iframe><\/div><\/div><\/div><div class=\"col-md-3\"><h3 class=\"Video-title\" data-maxlength=\"34\">D-GEM<\/h3><div class=\"video-info\"><p data-maxlength=\"68\">Starting your organization&#8217;s frictionless journey.<\/p><\/div><\/div><div class=\"col-md-1\"><\/div><\/div><\/div><\/div><\/div><\/div><\/section>\n\n\n\n<section class=\"wp-block-cg-blocks-group undefined section section--article-content\"><div class=\"article-main-content\"><div class=\"container\"><div class=\"row\"><div class=\"col-12 col-md-11 col-lg-10 offset-md-1 offset-lg-1\"><div class=\"article-text article-quote-text\">\n<p>Dynamicznie dostosowuj\u0105c si\u0119 do warunk\u00f3w panuj\u0105cych w organizacji, aby zaj\u0105\u0107 si\u0119 ka\u017cdym problemem w operacjach biznesowych, D-GEM umo\u017cliwia rozszerzenie technologii i proces\u00f3w, a tak\u017ce zmian\u0119 kultury i sposobu my\u015blenia w celu ograniczenia nieefektywno\u015bci do minimum.<\/p>\n\n\n\n<div style=\"height:30px\" aria-hidden=\"true\" class=\"wp-block-spacer\"><\/div>\n\n\n\n<figure class=\"wp-block-image aligncenter\"><img decoding=\"async\" src=\"https:\/\/www.capgemini.com\/wp-content\/uploads\/2018\/09\/D-GEM-Achieving-operational-excellence-in-the-digital-age.jpg\" alt=\"Osi\u0105gni\u0119cie doskona\u0142o\u015bci operacyjnej w erze cyfrowej\" class=\"wp-image-522187\"\/><\/figure>\n\n\n\n<div style=\"height:30px\" aria-hidden=\"true\" class=\"wp-block-spacer\"><\/div>\n\n\n\n<p>W skr\u00f3cie, D-GEM zapewnia pe\u0142ny przegl\u0105d proces\u00f3w, prowadz\u0105c w\u0142a\u015bciwy cyfrowy model operacyjny dla Twojej organizacji i przyspieszaj\u0105c przej\u015bcie do bezproblemowych, przysz\u0142o\u015bciowych proces\u00f3w w spos\u00f3b systematyczny i zorganizowany. Umo\u017cliwia to utrzymanie konkurencyjno\u015bci w szybko zmieniaj\u0105cym si\u0119, cyfrowym kontek\u015bcie biznesowym.<\/p>\n\n\n\n<p>Zastosowanie naszej platformy D-GEM przyspiesza reagowanie na zmieniaj\u0105ce si\u0119 wymagania i dostarczanie konkretnych wynik\u00f3w biznesowych w spos\u00f3b skoncentrowany na warto\u015bci. Pomaga to kszta\u0142towa\u0107 przysz\u0142o\u015b\u0107 operacji biznesowych Twojej organizacji w pi\u0119ciu kluczowych obszarach: Inteligencje, Si\u0142a robocza, Blisko\u015b\u0107, Kontrola i Technologia.<\/p>\n\n\n\n<div style=\"height:30px\" aria-hidden=\"true\" class=\"wp-block-spacer\"><\/div>\n\n\n\n<figure class=\"wp-block-image aligncenter\"><a href=\"https:\/\/www.capgemini.com\/business-services-thought-leadership\/innovation-nation\/the-frictionless-enterprise\/\"><img decoding=\"async\" src=\"https:\/\/www.capgemini.com\/wp-content\/uploads\/2020\/07\/Frictionless-Enterprise-blockchain-for-supply-chain.jpg\" alt=\"Frictionless Enterprise-blockchain dla \u0142a\u0144cucha dostaw\" class=\"wp-image-495863\"\/><\/a><\/figure>\n\n\n\n<div style=\"height:30px\" aria-hidden=\"true\" class=\"wp-block-spacer\"><\/div>\n\n\n\n<p>Dowiedz si\u0119 wi\u0119cej o przedsi\u0119biorstwie Frictionless Enterprise w opisie naszych <a href=\"https:\/\/www.capgemini.com\/services\/enterprise-management\/intelligent-business-operations\/\">Inteligentnych operacji biznesowych<\/a>. <\/p>\n<\/div><\/div><\/div><\/div><\/div><\/section>\n","protected":false},"excerpt":{"rendered":"","protected":false},"author":151,"featured_media":0,"parent":607284,"menu_order":0,"comment_status":"closed","ping_status":"closed","template":"","meta":{"cg_dt_proposed_to":[8,18,5,30],"cg_seo_hreflang_relations":"[]","cg_seo_canonical_relation":"","cg_seo_hreflang_x_default_relation":"{\"uuid\":\"ae9b07fb-28bf-4632-b992-d7929f8439ce\",\"blogId\":\"\",\"domain\":\"\",\"sitePath\":\"\",\"postLink\":\"\",\"postId\":null,\"isSaved\":true,\"isCrossLink\":false,\"hasCrossLink\":false}","cg_dt_approved_content":true,"cg_dt_mandatory_content":false,"cg_dt_notes":"","cg_dg_source_changed":false,"cg_dt_link_disabled":true,"_yoast_wpseo_primary_brand":"","footnotes":"","featured_focal_points":"","partner_card_description":"","gsap_animation":0},"brand":[],"partner_type":[],"service":[],"industry":[],"partners":[],"page-type":[206],"content-group":[],"class_list":["post-636456","page","type-page","status-publish","hentry","page-type-solutions"],"yoast_head":"<!-- This site is optimized with the Yoast SEO Premium plugin v22.8 (Yoast SEO v22.8) - https:\/\/yoast.com\/wordpress\/plugins\/seo\/ -->\n<title>Digital global enterprise model - Capgemini Poland<\/title>\n<meta name=\"robots\" content=\"index, follow, max-snippet:-1, max-image-preview:large, max-video-preview:-1\" \/>\n<link rel=\"canonical\" href=\"https:\/\/www.capgemini.com\/pl-pl\/rozwiazania\/digital-global-enterprise-model\/\" \/>\n<meta property=\"og:locale\" content=\"pl_PL\" \/>\n<meta property=\"og:type\" content=\"article\" \/>\n<meta property=\"og:title\" content=\"Digital global enterprise model\" \/>\n<meta property=\"og:url\" content=\"https:\/\/www.capgemini.com\/pl-pl\/rozwiazania\/digital-global-enterprise-model\/\" \/>\n<meta property=\"og:site_name\" content=\"Capgemini Poland\" \/>\n<meta property=\"article:modified_time\" content=\"2025-12-03T07:08:21+00:00\" \/>\n<meta property=\"og:image\" content=\"https:\/\/www.capgemini.com\/wp-content\/uploads\/2021\/10\/Capgemini_Business-Services_DGEM.jpg\" \/>\n<meta name=\"twitter:card\" content=\"summary_large_image\" \/>\n<meta name=\"twitter:label1\" content=\"Est. reading time\" \/>\n\t<meta name=\"twitter:data1\" content=\"2 minutes\" \/>\n<script type=\"application\/ld+json\" class=\"yoast-schema-graph\">{\"@context\":\"https:\/\/schema.org\",\"@graph\":[{\"@type\":\"WebPage\",\"@id\":\"https:\/\/www.capgemini.com\/pl-pl\/rozwiazania\/digital-global-enterprise-model\/\",\"url\":\"https:\/\/www.capgemini.com\/pl-pl\/rozwiazania\/digital-global-enterprise-model\/\",\"name\":\"Digital global enterprise model - Capgemini Poland\",\"isPartOf\":{\"@id\":\"https:\/\/www.capgemini.com\/pl-pl\/#website\"},\"primaryImageOfPage\":{\"@id\":\"https:\/\/www.capgemini.com\/pl-pl\/rozwiazania\/digital-global-enterprise-model\/#primaryimage\"},\"image\":{\"@id\":\"https:\/\/www.capgemini.com\/pl-pl\/rozwiazania\/digital-global-enterprise-model\/#primaryimage\"},\"thumbnailUrl\":\"https:\/\/www.capgemini.com\/wp-content\/uploads\/2021\/10\/Capgemini_Business-Services_DGEM.jpg\",\"datePublished\":\"2021-11-23T14:12:35+00:00\",\"dateModified\":\"2025-12-03T07:08:21+00:00\",\"breadcrumb\":{\"@id\":\"https:\/\/www.capgemini.com\/pl-pl\/rozwiazania\/digital-global-enterprise-model\/#breadcrumb\"},\"inLanguage\":\"pl-PL\",\"potentialAction\":[{\"@type\":\"ReadAction\",\"target\":[\"https:\/\/www.capgemini.com\/pl-pl\/rozwiazania\/digital-global-enterprise-model\/\"]}]},{\"@type\":\"ImageObject\",\"inLanguage\":\"pl-PL\",\"@id\":\"https:\/\/www.capgemini.com\/pl-pl\/rozwiazania\/digital-global-enterprise-model\/#primaryimage\",\"url\":\"https:\/\/www.capgemini.com\/wp-content\/uploads\/2021\/10\/Capgemini_Business-Services_DGEM.jpg\",\"contentUrl\":\"https:\/\/www.capgemini.com\/wp-content\/uploads\/2021\/10\/Capgemini_Business-Services_DGEM.jpg\"},{\"@type\":\"BreadcrumbList\",\"@id\":\"https:\/\/www.capgemini.com\/pl-pl\/rozwiazania\/digital-global-enterprise-model\/#breadcrumb\",\"itemListElement\":[{\"@type\":\"ListItem\",\"position\":1,\"name\":\"Home\",\"item\":\"https:\/\/www.capgemini.com\/pl-pl\/\"},{\"@type\":\"ListItem\",\"position\":2,\"name\":\"Rozwi\u0105zania\",\"item\":\"https:\/\/www.capgemini.com\/pl-pl\/rozwiazania\/\"},{\"@type\":\"ListItem\",\"position\":3,\"name\":\"Digital global enterprise model\"}]},{\"@type\":\"WebSite\",\"@id\":\"https:\/\/www.capgemini.com\/pl-pl\/#website\",\"url\":\"https:\/\/www.capgemini.com\/pl-pl\/\",\"name\":\"Capgemini Polska\",\"description\":\"Capgemini\",\"potentialAction\":[{\"@type\":\"SearchAction\",\"target\":{\"@type\":\"EntryPoint\",\"urlTemplate\":\"https:\/\/www.capgemini.com\/pl-pl\/?s={search_term_string}\"},\"query-input\":\"required name=search_term_string\"}],\"inLanguage\":\"pl-PL\"}]}<\/script>\n<!-- \/ Yoast SEO Premium plugin. -->","yoast_head_json":{"title":"Digital global enterprise model - Capgemini Poland","robots":{"index":"index","follow":"follow","max-snippet":"max-snippet:-1","max-image-preview":"max-image-preview:large","max-video-preview":"max-video-preview:-1"},"canonical":"https:\/\/www.capgemini.com\/pl-pl\/rozwiazania\/digital-global-enterprise-model\/","og_locale":"pl_PL","og_type":"article","og_title":"Digital global enterprise model","og_url":"https:\/\/www.capgemini.com\/pl-pl\/rozwiazania\/digital-global-enterprise-model\/","og_site_name":"Capgemini Poland","article_modified_time":"2025-12-03T07:08:21+00:00","og_image":[{"url":"https:\/\/www.capgemini.com\/wp-content\/uploads\/2021\/10\/Capgemini_Business-Services_DGEM.jpg"}],"twitter_card":"summary_large_image","twitter_misc":{"Est. reading time":"2 minutes"},"schema":{"@context":"https:\/\/schema.org","@graph":[{"@type":"WebPage","@id":"https:\/\/www.capgemini.com\/pl-pl\/rozwiazania\/digital-global-enterprise-model\/","url":"https:\/\/www.capgemini.com\/pl-pl\/rozwiazania\/digital-global-enterprise-model\/","name":"Digital global enterprise model - Capgemini Poland","isPartOf":{"@id":"https:\/\/www.capgemini.com\/pl-pl\/#website"},"primaryImageOfPage":{"@id":"https:\/\/www.capgemini.com\/pl-pl\/rozwiazania\/digital-global-enterprise-model\/#primaryimage"},"image":{"@id":"https:\/\/www.capgemini.com\/pl-pl\/rozwiazania\/digital-global-enterprise-model\/#primaryimage"},"thumbnailUrl":"https:\/\/www.capgemini.com\/wp-content\/uploads\/2021\/10\/Capgemini_Business-Services_DGEM.jpg","datePublished":"2021-11-23T14:12:35+00:00","dateModified":"2025-12-03T07:08:21+00:00","breadcrumb":{"@id":"https:\/\/www.capgemini.com\/pl-pl\/rozwiazania\/digital-global-enterprise-model\/#breadcrumb"},"inLanguage":"pl-PL","potentialAction":[{"@type":"ReadAction","target":["https:\/\/www.capgemini.com\/pl-pl\/rozwiazania\/digital-global-enterprise-model\/"]}]},{"@type":"ImageObject","inLanguage":"pl-PL","@id":"https:\/\/www.capgemini.com\/pl-pl\/rozwiazania\/digital-global-enterprise-model\/#primaryimage","url":"https:\/\/www.capgemini.com\/wp-content\/uploads\/2021\/10\/Capgemini_Business-Services_DGEM.jpg","contentUrl":"https:\/\/www.capgemini.com\/wp-content\/uploads\/2021\/10\/Capgemini_Business-Services_DGEM.jpg"},{"@type":"BreadcrumbList","@id":"https:\/\/www.capgemini.com\/pl-pl\/rozwiazania\/digital-global-enterprise-model\/#breadcrumb","itemListElement":[{"@type":"ListItem","position":1,"name":"Home","item":"https:\/\/www.capgemini.com\/pl-pl\/"},{"@type":"ListItem","position":2,"name":"Rozwi\u0105zania","item":"https:\/\/www.capgemini.com\/pl-pl\/rozwiazania\/"},{"@type":"ListItem","position":3,"name":"Digital global enterprise model"}]},{"@type":"WebSite","@id":"https:\/\/www.capgemini.com\/pl-pl\/#website","url":"https:\/\/www.capgemini.com\/pl-pl\/","name":"Capgemini Polska","description":"Capgemini","potentialAction":[{"@type":"SearchAction","target":{"@type":"EntryPoint","urlTemplate":"https:\/\/www.capgemini.com\/pl-pl\/?s={search_term_string}"},"query-input":"required name=search_term_string"}],"inLanguage":"pl-PL"}]}},"brand_term":[],"parsely":{"version":"1.1.0","canonical_url":"https:\/\/capgemini.com\/pl-pl\/rozwiazania\/digital-global-enterprise-model\/","smart_links":{"inbound":0,"outbound":0},"traffic_boost_suggestions_count":0,"meta":{"@context":"https:\/\/schema.org","@type":"WebPage","headline":"Digital global enterprise model","url":"https:\/\/www.capgemini.com\/pl-pl\/rozwiazania\/digital-global-enterprise-model\/","mainEntityOfPage":{"@type":"WebPage","@id":"https:\/\/www.capgemini.com\/pl-pl\/rozwiazania\/digital-global-enterprise-model\/"},"thumbnailUrl":"","image":{"@type":"ImageObject","url":""},"articleSection":"Uncategorized","author":[],"creator":[],"publisher":{"@type":"Organization","name":"Capgemini Poland","logo":""},"keywords":[],"dateCreated":"2021-11-23T14:12:35Z","datePublished":"2021-11-23T14:12:35Z","dateModified":"2025-12-03T07:08:21Z"},"rendered":"<meta name=\"parsely-title\" content=\"Digital global enterprise model\" \/>\n<meta name=\"parsely-link\" content=\"https:\/\/www.capgemini.com\/pl-pl\/rozwiazania\/digital-global-enterprise-model\/\" \/>\n<meta name=\"parsely-type\" content=\"index\" \/>\n<meta name=\"parsely-pub-date\" content=\"2021-11-23T14:12:35Z\" \/>\n<meta name=\"parsely-section\" content=\"Uncategorized\" \/>","tracker_url":"https:\/\/cdn.parsely.com\/keys\/capgemini.com\/p.js"},"archive_status":false,"featured_image_src":"https:\/\/www.capgemini.com\/pl-pl\/wp-content\/themes\/capgemini2025\/assets\/images\/mockup.png","featured_image_alt":false,"jetpack_sharing_enabled":true,"distributor_meta":false,"distributor_terms":false,"distributor_media":false,"distributor_original_site_name":"Capgemini Poland","distributor_original_site_url":"https:\/\/www.capgemini.com\/pl-pl","push-errors":false,"_links":{"self":[{"href":"https:\/\/www.capgemini.com\/pl-pl\/wp-json\/wp\/v2\/pages\/636456","targetHints":{"allow":["GET"]}}],"collection":[{"href":"https:\/\/www.capgemini.com\/pl-pl\/wp-json\/wp\/v2\/pages"}],"about":[{"href":"https:\/\/www.capgemini.com\/pl-pl\/wp-json\/wp\/v2\/types\/page"}],"author":[{"embeddable":true,"href":"https:\/\/www.capgemini.com\/pl-pl\/wp-json\/wp\/v2\/users\/151"}],"replies":[{"embeddable":true,"href":"https:\/\/www.capgemini.com\/pl-pl\/wp-json\/wp\/v2\/comments?post=636456"}],"version-history":[{"count":5,"href":"https:\/\/www.capgemini.com\/pl-pl\/wp-json\/wp\/v2\/pages\/636456\/revisions"}],"predecessor-version":[{"id":913665,"href":"https:\/\/www.capgemini.com\/pl-pl\/wp-json\/wp\/v2\/pages\/636456\/revisions\/913665"}],"up":[{"embeddable":true,"href":"https:\/\/www.capgemini.com\/pl-pl\/wp-json\/wp\/v2\/pages\/607284"}],"wp:attachment":[{"href":"https:\/\/www.capgemini.com\/pl-pl\/wp-json\/wp\/v2\/media?parent=636456"}],"wp:term":[{"taxonomy":"brand","embeddable":true,"href":"https:\/\/www.capgemini.com\/pl-pl\/wp-json\/wp\/v2\/brand?post=636456"},{"taxonomy":"partner_type","embeddable":true,"href":"https:\/\/www.capgemini.com\/pl-pl\/wp-json\/wp\/v2\/partner_type?post=636456"},{"taxonomy":"service","embeddable":true,"href":"https:\/\/www.capgemini.com\/pl-pl\/wp-json\/wp\/v2\/service?post=636456"},{"taxonomy":"industry","embeddable":true,"href":"https:\/\/www.capgemini.com\/pl-pl\/wp-json\/wp\/v2\/industry?post=636456"},{"taxonomy":"partners","embeddable":true,"href":"https:\/\/www.capgemini.com\/pl-pl\/wp-json\/wp\/v2\/partners?post=636456"},{"taxonomy":"page-type","embeddable":true,"href":"https:\/\/www.capgemini.com\/pl-pl\/wp-json\/wp\/v2\/page-type?post=636456"},{"taxonomy":"content-group","embeddable":true,"href":"https:\/\/www.capgemini.com\/pl-pl\/wp-json\/wp\/v2\/content-group?post=636456"}],"curies":[{"name":"wp","href":"https:\/\/api.w.org\/{rel}","templated":true}]}}