{"id":635894,"date":"2021-11-22T11:43:59","date_gmt":"2021-11-22T11:43:59","guid":{"rendered":"https:\/\/www.capgemini.com\/?page_id=635894"},"modified":"2025-12-03T07:09:09","modified_gmt":"2025-12-03T07:09:09","slug":"solutions-automotive-smart-mobility-connect","status":"publish","type":"page","link":"https:\/\/www.capgemini.com\/pl-pl\/rozwiazania\/smart-mobility-connect\/","title":{"rendered":"Smart mobility connect"},"content":{"rendered":"\n<div class=\"wp-block-cg-blocks-hero-picture-card undefined is-style-blue-theme-2  heroPictureCard\"><div class=\"heroPictureCardBgs\"><picture><source srcset=\"https:\/\/www.capgemini.com\/wp-content\/uploads\/2019\/05\/Capgemini_research_THE-AUTONOMOUS-CAR-A-Consumer-Perspective.jpg?w=2880&amp;quality=70 1x, https:\/\/www.capgemini.com\/wp-content\/uploads\/2019\/05\/Capgemini_research_THE-AUTONOMOUS-CAR-A-Consumer-Perspective.jpg?w=2880&amp;quality=70 2x\" media=\"(min-width: 1500px)\"\/><source srcset=\"https:\/\/www.capgemini.com\/wp-content\/uploads\/2019\/05\/Capgemini_research_THE-AUTONOMOUS-CAR-A-Consumer-Perspective.jpg?w=1440&amp;quality=70 1x, https:\/\/www.capgemini.com\/wp-content\/uploads\/2019\/05\/Capgemini_research_THE-AUTONOMOUS-CAR-A-Consumer-Perspective.jpg?w=2880&amp;quality=70 2x\" media=\"(min-width: 992px)\"\/><source srcset=\"https:\/\/www.capgemini.com\/wp-content\/uploads\/2019\/05\/Capgemini_research_THE-AUTONOMOUS-CAR-A-Consumer-Perspective.jpg?w=1024&amp;quality=70 1x, https:\/\/www.capgemini.com\/wp-content\/uploads\/2019\/05\/Capgemini_research_THE-AUTONOMOUS-CAR-A-Consumer-Perspective.jpg?w=1024&amp;quality=70 2x\" media=\"(min-width: 768px)\"\/><source srcset=\"https:\/\/www.capgemini.com\/wp-content\/uploads\/2019\/05\/Capgemini_research_THE-AUTONOMOUS-CAR-A-Consumer-Perspective.jpg?w=768&amp;quality=70 1x, https:\/\/www.capgemini.com\/wp-content\/uploads\/2019\/05\/Capgemini_research_THE-AUTONOMOUS-CAR-A-Consumer-Perspective.jpg?w=768&amp;quality=70 2x\" media=\"(min-width: 0)\"\/><img decoding=\"async\" src=\"https:\/\/www.capgemini.com\/wp-content\/uploads\/2019\/05\/Capgemini_research_THE-AUTONOMOUS-CAR-A-Consumer-Perspective.jpg\" class=\"desktopImage\" alt=\"\" style=\"object-fit:cover;object-position:50% 50%\" loading=\"eager\"\/><\/picture><picture><source srcset=\"https:\/\/www.capgemini.com\/wp-content\/uploads\/2019\/05\/Capgemini_research_THE-AUTONOMOUS-CAR-A-Consumer-Perspective.jpg?w=2880&amp;quality=70 1x, https:\/\/www.capgemini.com\/wp-content\/uploads\/2019\/05\/Capgemini_research_THE-AUTONOMOUS-CAR-A-Consumer-Perspective.jpg?w=2880&amp;quality=70 2x\" media=\"(min-width: 1500px)\"\/><source srcset=\"https:\/\/www.capgemini.com\/wp-content\/uploads\/2019\/05\/Capgemini_research_THE-AUTONOMOUS-CAR-A-Consumer-Perspective.jpg?w=1440&amp;quality=70 1x, https:\/\/www.capgemini.com\/wp-content\/uploads\/2019\/05\/Capgemini_research_THE-AUTONOMOUS-CAR-A-Consumer-Perspective.jpg?w=2880&amp;quality=70 2x\" media=\"(min-width: 992px)\"\/><source srcset=\"https:\/\/www.capgemini.com\/wp-content\/uploads\/2019\/05\/Capgemini_research_THE-AUTONOMOUS-CAR-A-Consumer-Perspective.jpg?w=1024&amp;quality=70 1x, https:\/\/www.capgemini.com\/wp-content\/uploads\/2019\/05\/Capgemini_research_THE-AUTONOMOUS-CAR-A-Consumer-Perspective.jpg?w=1024&amp;quality=70 2x\" media=\"(min-width: 768px)\"\/><source srcset=\"https:\/\/www.capgemini.com\/wp-content\/uploads\/2019\/05\/Capgemini_research_THE-AUTONOMOUS-CAR-A-Consumer-Perspective.jpg?w=768&amp;quality=70 1x, https:\/\/www.capgemini.com\/wp-content\/uploads\/2019\/05\/Capgemini_research_THE-AUTONOMOUS-CAR-A-Consumer-Perspective.jpg?w=768&amp;quality=70 2x\" media=\"(min-width: 0)\"\/><img decoding=\"async\" src=\"https:\/\/www.capgemini.com\/wp-content\/uploads\/2019\/05\/Capgemini_research_THE-AUTONOMOUS-CAR-A-Consumer-Perspective.jpg\" class=\"mobileImage\" alt=\"\" style=\"object-fit:cover;object-position:50% 50%\" loading=\"eager\"\/><\/picture><\/div><div class=\"heroPictureCardHeaderShape\"><\/div><div class=\"container\"><div class=\"row\"><div class=\"col-md-8 col-lg-6\"><div class=\"heroPictureCardBox\"><div class=\"heroPictureCardBoxTitle\"><h1 data-maxlength=\"144\">Smart mobility connect<\/h1><\/div><\/div><\/div><\/div><\/div><div class=\"small-device\"><div class=\"brandLogoWrapper\"><img decoding=\"async\" loading=\"lazy\" src=\"\/wp-content\/themes\/capgemini2025\/assets\/images\/capgemini-invent-white.svg\" alt=\"capgemini-invent\" class=\"dark\"\/><img decoding=\"async\" loading=\"lazy\" src=\"\/wp-content\/themes\/capgemini2025\/assets\/images\/capgemini-invent.svg\" alt=\"capgemini-invent\" class=\"light\"\/><\/div><\/div><\/div>\n\n\n\n<section class=\"wp-block-cg-blocks-intro-para undefined section section--intro\"><div class=\"intro-para\"><div class=\"container\"><div class=\"row\"><div class=\"col-12 col-md-1\"><nav class=\"article-social\"><ul class=\"social-nav\"><li class=\"ip-order-fb\"><a href=\"https:\/\/www.facebook.com\/sharer\/sharer.php?u=https:\/\/www.capgemini.com\/pl-pl\/rozwiazania\/smart-mobility-connect\/\" target=\"_blank\" rel=\"noopener noreferrer\" title=\"opens in a new window\"><i aria-hidden=\"true\" class=\"icon-fb\"><\/i><span class=\"sr-only\">Facebook<\/span><\/a><\/li><li class=\"ip-order-li\"><a href=\"https:\/\/www.linkedin.com\/sharing\/share-offsite\/?url=https:\/\/www.capgemini.com\/pl-pl\/rozwiazania\/smart-mobility-connect\/\" target=\"_blank\" rel=\"noopener noreferrer\" title=\"opens in a new window\"><i aria-hidden=\"true\" class=\"icon-li\"><\/i><span class=\"sr-only\">Linkedin<\/span><\/a><\/li><\/ul><\/nav><\/div><div class=\"col-12 col-md-11 col-lg-10\"><h2 class=\"intro-para-title\">Umo\u017cliwienie firmom wymy\u015blenia na nowo mobilno\u015bci dla ludzi<\/h2><p class=\"intro-para-content\"><br>Bran\u017ca motoryzacyjna znajduje si\u0119 w okresie wielkich zmian. Bran\u017ca si\u0119 rozwija, a jednocze\u015bnie pojawiaj\u0105 si\u0119 nowe podmioty i modele biznesowe. To bezprecedensowe. Nowa rzeczywisto\u015b\u0107 po\u0142\u0105czonej mobilno\u015bci \u2014 konsumenci odkrywaj\u0105 w niej szybko rozszerzaj\u0105c\u0105 si\u0119 gam\u0119 oferowanych produkt\u00f3w i us\u0142ug, kt\u00f3re pomagaj\u0105 im przemieszcza\u0107 si\u0119 z punktu A do punktu B.<br><br>Dla producent\u00f3w OEM i innych firm motoryzacyjnych jest to przypadek innowacji lub stagnacji. Je\u015bli chc\u0105 utrzyma\u0107 swoj\u0105 przewag\u0119 nad konkurencj\u0105 w miar\u0119 jak giganci technologiczni wkraczaj\u0105 w ich \u015brodowisko i zapewni\u0107 sobie przysz\u0142y wzrost, konieczne jest spe\u0142nienie rosn\u0105cych oczekiwa\u0144 konsument\u00f3w i zaoferowanie pojazd\u00f3w oraz us\u0142ug, kt\u00f3re b\u0119d\u0105 p\u0142ynnie funkcjonowa\u0107 w \u017cyciu ich klient\u00f3w.<\/p><\/div><\/div><\/div><\/div><\/section>\n\n\n\n<section class=\"wp-block-cg-blocks-intro-para-video is-style-cg-sapphire2 section section--info-2cols section--insights section-video \"><div class=\"bg-color video-align-right\"><div class=\"container\"><div class=\"row video-align-left\"><div class=\"col-md-12\"><div class=\"video-align-left row box box--4 box--mini\"><div class=\"col-md-3\"><h3 class=\"Video-title\" data-maxlength=\"34\">Smart Mobility Connect <\/h3><div class=\"video-info\"><p data-maxlength=\"68\">Charting the new mobility ecosystem of the future<\/p><\/div><\/div><div class=\"col-md-8 box-img-wrapper\"><div class=\"video-box\"><div class=\"video-wrapper\"><iframe title=\"video-section\" src=\"https:\/\/www.youtube.com\/embed\/uYz-x2FHYuU?rel=0&amp;modestbranding=1&amp;playsinline=1&amp;enablejsapi=1\" frameborder=\"0\" allow=\"accelerometer; autoplay; clipboard-write; encrypted-media; gyroscope; picture-in-picture\" allowfullscreen loading=\"lazy\" referrerpolicy=\"strict-origin-when-cross-origin\"><\/iframe><\/div><\/div><\/div><div class=\"col-md-1\"><\/div><\/div><\/div><\/div><\/div><\/div><\/section>\n\n\n\n<section class=\"wp-block-cg-blocks-group undefined section section--article-content\"><div class=\"article-main-content\"><div class=\"container\"><div class=\"row\"><div class=\"col-12 col-md-11 col-lg-10 offset-md-1 offset-lg-1\"><div class=\"article-text article-quote-text\">\n<p>Smart Mobility Connect firmy Capgemini umo\u017cliwia producentom OEM utworzenie ekosystemu mobilno\u015bci zaprojektowanego z my\u015bl\u0105 o ludziach i przysz\u0142o\u015bci. Wprowadzamy w \u017cycie przysz\u0142o\u015bciowy ekosystem mobilno\u015bci poprzez szereg produkt\u00f3w i us\u0142ug w ramach trzech g\u0142\u00f3wnych filar\u00f3w:<\/p>\n\n\n\n<ul class=\"wp-block-list\">\n<li><strong>Connected Customer:<\/strong> Najnowocze\u015bniejsza technologia pozwalaj\u0105ca na nowo zaaran\u017cowa\u0107 do\u015bwiadczenia klient\u00f3w<\/li>\n<\/ul>\n\n\n\n<ul class=\"wp-block-list\">\n<li><strong>Connected Services and Products:<\/strong> Nowe mo\u017cliwo\u015bci, kt\u00f3re zwi\u0119kszaj\u0105 sukces biznesowy<\/li>\n<\/ul>\n\n\n\n<ul class=\"wp-block-list\">\n<li><strong>Connected Ecosystem: <\/strong>Strategiczna wizja tworzenia biznesu przysz\u0142o\u015bci<\/li>\n<\/ul>\n\n\n\n<p>Ramy technologiczne, kt\u00f3re pomagaj\u0105 nam realizowa\u0107 nasze podej\u015bcie, Customer Engine, \u0142\u0105cz\u0105 te filary i integruj\u0105 inteligencj\u0119 na r\u00f3\u017cnych etapach obs\u0142ugi.<\/p>\n\n\n\n<div style=\"height:50px\" aria-hidden=\"true\" class=\"wp-block-spacer\"><\/div>\n\n\n\n<div class=\"wp-block-group is-layout-flow wp-block-group-is-layout-flow\">\n<a class=\"wp-block-jetpack-podcast-player jetpack-podcast-player__direct-link\" href=\"https:\/\/feeds.transistor.fm\/driving-the-future\">https:\/\/feeds.transistor.fm\/driving-the-future<\/a>\n<\/div>\n<\/div><\/div><\/div><\/div><\/div><\/section>\n\n\n\n<section class=\"wp-block-cg-blocks-learn-more updated-new-sample-amal learnMoreBlock\"><div class=\"container\"><div class=\"content-title\"><h2 class=\"learnmore-heading\">Spostrze\u017cenia<\/h2><\/div><div class=\"row\"><div class=\"col-md-4\"><div class=\"box\"><div class=\"box-wrapper\"><a class=\"box-title\" href=\"\/insights\/research-library\/connected-vehicle-trend-radar-2\/\" target=\"\" aria-label=\"Connected vehicle\" rel=\"noopener noreferrer\"><div class=\"box-img-wrapper\"><img decoding=\"async\" src=\"https:\/\/www.capgemini.com\/wp-content\/uploads\/2021\/10\/Capgemini_Research_Monetizing-Vehicle-Data.jpg?w=500&amp;quality=70\" srcset=\"https:\/\/www.capgemini.com\/wp-content\/uploads\/2021\/10\/Capgemini_Research_Monetizing-Vehicle-Data.jpg?w=500&amp;quality=70 1x, https:\/\/www.capgemini.com\/wp-content\/uploads\/2021\/10\/Capgemini_Research_Monetizing-Vehicle-Data.jpg?w=1000&amp;quality=70 2x\" class=\"box-img\" alt=\"\" style=\"object-fit:cover;object-position:50% 50%\" loading=\"lazy\"\/><\/div><h3 class=\"titleWithoutLink_learnMore\">Connected vehicle<\/h3><\/a><\/div><\/div><div class=\"box-inner\"><p class=\"box-desc\">Capgemini Invent regularnie publikuje raporty Trend Radar, z kt\u00f3rych ka\u017cdy jest zabawn\u0105 i daj\u0105c\u0105 do my\u015blenia lektur\u0105 dla ekspert\u00f3w motoryzacyjnych, ale tak\u017ce dla ka\u017cdego, kto interesuje si\u0119 motoryzacj\u0105.<\/p><\/div><\/div><div class=\"col-md-4\"><div class=\"box\"><div class=\"box-wrapper\"><a class=\"box-title\" href=\"\/insights\/research-library\/smart-mobility-connect\/\" target=\"\" aria-label=\"Smart mobility connect POV\" rel=\"noopener noreferrer\"><div class=\"box-img-wrapper\"><img decoding=\"async\" src=\"https:\/\/www.capgemini.com\/wp-content\/uploads\/2022\/04\/gps-system-in-a-smart-car-2021-08-30-12-17-53-utc-1.jpg?w=500&amp;quality=70\" srcset=\"https:\/\/www.capgemini.com\/wp-content\/uploads\/2022\/04\/gps-system-in-a-smart-car-2021-08-30-12-17-53-utc-1.jpg?w=500&amp;quality=70 1x, https:\/\/www.capgemini.com\/wp-content\/uploads\/2022\/04\/gps-system-in-a-smart-car-2021-08-30-12-17-53-utc-1.jpg?w=1000&amp;quality=70 2x\" class=\"box-img\" alt=\"\" style=\"object-fit:cover;object-position:50% 50%\" loading=\"lazy\"\/><\/div><h3 class=\"titleWithoutLink_learnMore\">Smart mobility connect POV<\/h3><\/a><\/div><\/div><div class=\"box-inner\"><p class=\"box-desc\">Nasza seria ofert Smart Mobility Connect odpowiada na ich krytyczne wyzwania i stymuluje rozw\u00f3j biznesu poprzez powo\u0142anie do \u017cycia ekosystemu motoryzacyjnego przysz\u0142o\u015bci.<\/p><\/div><\/div><div class=\"col-md-4\"><div class=\"box\"><div class=\"box-wrapper\"><a class=\"box-title\" href=\"\/insights\/research-library\/monetizing-vehicle-data\/\" target=\"\" aria-label=\"Monetyzacja danych o pojazdach\" rel=\"noopener noreferrer\"><div class=\"box-img-wrapper\"><img decoding=\"async\" src=\"https:\/\/www.capgemini.com\/wp-content\/uploads\/2022\/04\/pexels-erik-mclean-11744253.jpg?w=500&amp;quality=70\" srcset=\"https:\/\/www.capgemini.com\/wp-content\/uploads\/2022\/04\/pexels-erik-mclean-11744253.jpg?w=500&amp;quality=70 1x, https:\/\/www.capgemini.com\/wp-content\/uploads\/2022\/04\/pexels-erik-mclean-11744253.jpg?w=1000&amp;quality=70 2x\" class=\"box-img\" alt=\"\" style=\"object-fit:cover;object-position:50% 50%\" loading=\"lazy\"\/><\/div><h3 class=\"titleWithoutLink_learnMore\">Monetyzacja danych o pojazdach<\/h3><\/a><\/div><\/div><div class=\"box-inner\"><p class=\"box-desc\">Nasz ostatni raport Connected Vehicle Trend Radar potwierdzi\u0142, \u017ce monetyzacja danych pojazd\u00f3w jest najbardziej obiecuj\u0105cym czynnikiem zwi\u0119kszaj\u0105cym warto\u015b\u0107 ekosystemu pojazd\u00f3w po\u0142\u0105czonych dla producent\u00f3w OEM z bran\u017cy motoryzacyjnej.<\/p><\/div><\/div><\/div><\/div><\/section>\n\n\n\n<section class=\"section section--expert-slider wrapper-people-slider wp-block-cg-blocks-wrapper-people-slider undefined\"><div class=\"container\"><div class=\"content-title\"><h2 data-maxlength=\"34\" class=\"people-heading-title\">Poznaj naszych ekspert\u00f3w<\/h2><\/div><\/div><div class=\"slider slider-boxed\"><div class=\"container\"><div class=\"slider-window\"><div class=\"slider-list\">\n\n\n\n<\/div><\/div><\/div><div class=\"slider-nav\"><button class=\"slider-prev inactive\" aria-label=\"Slider-previous\" tabindex=\"-1\"><\/button><ul class=\"slider-paginator\"><\/ul><button class=\"slider-next\" aria-label=\"Slider-next\"><\/button><\/div><\/div><\/section>\n","protected":false},"excerpt":{"rendered":"","protected":false},"author":151,"featured_media":0,"parent":607284,"menu_order":0,"comment_status":"closed","ping_status":"closed","template":"","meta":{"cg_dt_proposed_to":[8,18,5,30],"cg_seo_hreflang_relations":"[]","cg_seo_canonical_relation":"","cg_seo_hreflang_x_default_relation":"{\"uuid\":\"3c59a2f0-f011-454d-8cbd-c37ced782076\",\"blogId\":\"\",\"domain\":\"\",\"sitePath\":\"\",\"postLink\":\"\",\"postId\":null,\"isSaved\":true,\"isCrossLink\":false,\"hasCrossLink\":false}","cg_dt_approved_content":true,"cg_dt_mandatory_content":false,"cg_dt_notes":"","cg_dg_source_changed":false,"cg_dt_link_disabled":true,"_yoast_wpseo_primary_brand":"57","footnotes":"","featured_focal_points":"","partner_card_description":"","gsap_animation":0},"brand":[57],"partner_type":[],"service":[33],"industry":[],"partners":[],"page-type":[206],"content-group":[],"class_list":["post-635894","page","type-page","status-publish","hentry","brand-capgemini-invent","service-customer-experience","page-type-solutions"],"yoast_head":"<!-- This site is optimized with the Yoast SEO Premium plugin v22.8 (Yoast SEO v22.8) - https:\/\/yoast.com\/wordpress\/plugins\/seo\/ -->\n<title>Smart mobility connect - Capgemini Poland<\/title>\n<meta name=\"robots\" content=\"index, follow, max-snippet:-1, max-image-preview:large, max-video-preview:-1\" \/>\n<link rel=\"canonical\" href=\"https:\/\/www.capgemini.com\/pl-pl\/rozwiazania\/smart-mobility-connect\/\" \/>\n<meta property=\"og:locale\" content=\"pl_PL\" \/>\n<meta property=\"og:type\" content=\"article\" \/>\n<meta property=\"og:title\" content=\"Smart mobility connect\" \/>\n<meta property=\"og:url\" content=\"https:\/\/www.capgemini.com\/pl-pl\/rozwiazania\/smart-mobility-connect\/\" \/>\n<meta property=\"og:site_name\" content=\"Capgemini Poland\" \/>\n<meta property=\"article:modified_time\" content=\"2025-12-03T07:09:09+00:00\" \/>\n<meta property=\"og:image\" content=\"https:\/\/www.capgemini.com\/wp-content\/uploads\/2019\/05\/Capgemini_research_THE-AUTONOMOUS-CAR-A-Consumer-Perspective.jpg\" \/>\n<meta name=\"twitter:card\" content=\"summary_large_image\" \/>\n<meta name=\"twitter:label1\" content=\"Est. reading time\" \/>\n\t<meta name=\"twitter:data1\" content=\"4 minutes\" \/>\n<script type=\"application\/ld+json\" class=\"yoast-schema-graph\">{\"@context\":\"https:\/\/schema.org\",\"@graph\":[{\"@type\":\"WebPage\",\"@id\":\"https:\/\/www.capgemini.com\/pl-pl\/rozwiazania\/smart-mobility-connect\/\",\"url\":\"https:\/\/www.capgemini.com\/pl-pl\/rozwiazania\/smart-mobility-connect\/\",\"name\":\"Smart mobility connect - Capgemini Poland\",\"isPartOf\":{\"@id\":\"https:\/\/www.capgemini.com\/pl-pl\/#website\"},\"primaryImageOfPage\":{\"@id\":\"https:\/\/www.capgemini.com\/pl-pl\/rozwiazania\/smart-mobility-connect\/#primaryimage\"},\"image\":{\"@id\":\"https:\/\/www.capgemini.com\/pl-pl\/rozwiazania\/smart-mobility-connect\/#primaryimage\"},\"thumbnailUrl\":\"https:\/\/www.capgemini.com\/wp-content\/uploads\/2019\/05\/Capgemini_research_THE-AUTONOMOUS-CAR-A-Consumer-Perspective.jpg\",\"datePublished\":\"2021-11-22T11:43:59+00:00\",\"dateModified\":\"2025-12-03T07:09:09+00:00\",\"breadcrumb\":{\"@id\":\"https:\/\/www.capgemini.com\/pl-pl\/rozwiazania\/smart-mobility-connect\/#breadcrumb\"},\"inLanguage\":\"pl-PL\",\"potentialAction\":[{\"@type\":\"ReadAction\",\"target\":[\"https:\/\/www.capgemini.com\/pl-pl\/rozwiazania\/smart-mobility-connect\/\"]}]},{\"@type\":\"ImageObject\",\"inLanguage\":\"pl-PL\",\"@id\":\"https:\/\/www.capgemini.com\/pl-pl\/rozwiazania\/smart-mobility-connect\/#primaryimage\",\"url\":\"https:\/\/www.capgemini.com\/wp-content\/uploads\/2019\/05\/Capgemini_research_THE-AUTONOMOUS-CAR-A-Consumer-Perspective.jpg\",\"contentUrl\":\"https:\/\/www.capgemini.com\/wp-content\/uploads\/2019\/05\/Capgemini_research_THE-AUTONOMOUS-CAR-A-Consumer-Perspective.jpg\"},{\"@type\":\"BreadcrumbList\",\"@id\":\"https:\/\/www.capgemini.com\/pl-pl\/rozwiazania\/smart-mobility-connect\/#breadcrumb\",\"itemListElement\":[{\"@type\":\"ListItem\",\"position\":1,\"name\":\"Home\",\"item\":\"https:\/\/www.capgemini.com\/pl-pl\/\"},{\"@type\":\"ListItem\",\"position\":2,\"name\":\"Rozwi\u0105zania\",\"item\":\"https:\/\/www.capgemini.com\/pl-pl\/rozwiazania\/\"},{\"@type\":\"ListItem\",\"position\":3,\"name\":\"Smart mobility connect\"}]},{\"@type\":\"WebSite\",\"@id\":\"https:\/\/www.capgemini.com\/pl-pl\/#website\",\"url\":\"https:\/\/www.capgemini.com\/pl-pl\/\",\"name\":\"Capgemini Polska\",\"description\":\"Capgemini\",\"potentialAction\":[{\"@type\":\"SearchAction\",\"target\":{\"@type\":\"EntryPoint\",\"urlTemplate\":\"https:\/\/www.capgemini.com\/pl-pl\/?s={search_term_string}\"},\"query-input\":\"required name=search_term_string\"}],\"inLanguage\":\"pl-PL\"}]}<\/script>\n<!-- \/ Yoast SEO Premium plugin. -->","yoast_head_json":{"title":"Smart mobility connect - Capgemini Poland","robots":{"index":"index","follow":"follow","max-snippet":"max-snippet:-1","max-image-preview":"max-image-preview:large","max-video-preview":"max-video-preview:-1"},"canonical":"https:\/\/www.capgemini.com\/pl-pl\/rozwiazania\/smart-mobility-connect\/","og_locale":"pl_PL","og_type":"article","og_title":"Smart mobility connect","og_url":"https:\/\/www.capgemini.com\/pl-pl\/rozwiazania\/smart-mobility-connect\/","og_site_name":"Capgemini Poland","article_modified_time":"2025-12-03T07:09:09+00:00","og_image":[{"url":"https:\/\/www.capgemini.com\/wp-content\/uploads\/2019\/05\/Capgemini_research_THE-AUTONOMOUS-CAR-A-Consumer-Perspective.jpg"}],"twitter_card":"summary_large_image","twitter_misc":{"Est. reading time":"4 minutes"},"schema":{"@context":"https:\/\/schema.org","@graph":[{"@type":"WebPage","@id":"https:\/\/www.capgemini.com\/pl-pl\/rozwiazania\/smart-mobility-connect\/","url":"https:\/\/www.capgemini.com\/pl-pl\/rozwiazania\/smart-mobility-connect\/","name":"Smart mobility connect - Capgemini Poland","isPartOf":{"@id":"https:\/\/www.capgemini.com\/pl-pl\/#website"},"primaryImageOfPage":{"@id":"https:\/\/www.capgemini.com\/pl-pl\/rozwiazania\/smart-mobility-connect\/#primaryimage"},"image":{"@id":"https:\/\/www.capgemini.com\/pl-pl\/rozwiazania\/smart-mobility-connect\/#primaryimage"},"thumbnailUrl":"https:\/\/www.capgemini.com\/wp-content\/uploads\/2019\/05\/Capgemini_research_THE-AUTONOMOUS-CAR-A-Consumer-Perspective.jpg","datePublished":"2021-11-22T11:43:59+00:00","dateModified":"2025-12-03T07:09:09+00:00","breadcrumb":{"@id":"https:\/\/www.capgemini.com\/pl-pl\/rozwiazania\/smart-mobility-connect\/#breadcrumb"},"inLanguage":"pl-PL","potentialAction":[{"@type":"ReadAction","target":["https:\/\/www.capgemini.com\/pl-pl\/rozwiazania\/smart-mobility-connect\/"]}]},{"@type":"ImageObject","inLanguage":"pl-PL","@id":"https:\/\/www.capgemini.com\/pl-pl\/rozwiazania\/smart-mobility-connect\/#primaryimage","url":"https:\/\/www.capgemini.com\/wp-content\/uploads\/2019\/05\/Capgemini_research_THE-AUTONOMOUS-CAR-A-Consumer-Perspective.jpg","contentUrl":"https:\/\/www.capgemini.com\/wp-content\/uploads\/2019\/05\/Capgemini_research_THE-AUTONOMOUS-CAR-A-Consumer-Perspective.jpg"},{"@type":"BreadcrumbList","@id":"https:\/\/www.capgemini.com\/pl-pl\/rozwiazania\/smart-mobility-connect\/#breadcrumb","itemListElement":[{"@type":"ListItem","position":1,"name":"Home","item":"https:\/\/www.capgemini.com\/pl-pl\/"},{"@type":"ListItem","position":2,"name":"Rozwi\u0105zania","item":"https:\/\/www.capgemini.com\/pl-pl\/rozwiazania\/"},{"@type":"ListItem","position":3,"name":"Smart mobility connect"}]},{"@type":"WebSite","@id":"https:\/\/www.capgemini.com\/pl-pl\/#website","url":"https:\/\/www.capgemini.com\/pl-pl\/","name":"Capgemini Polska","description":"Capgemini","potentialAction":[{"@type":"SearchAction","target":{"@type":"EntryPoint","urlTemplate":"https:\/\/www.capgemini.com\/pl-pl\/?s={search_term_string}"},"query-input":"required name=search_term_string"}],"inLanguage":"pl-PL"}]}},"brand_term":[{"id":57,"slug":"capgemini-invent"}],"parsely":{"version":"1.1.0","canonical_url":"https:\/\/capgemini.com\/pl-pl\/rozwiazania\/smart-mobility-connect\/","smart_links":{"inbound":0,"outbound":0},"traffic_boost_suggestions_count":0,"meta":{"@context":"https:\/\/schema.org","@type":"WebPage","headline":"Smart mobility connect","url":"https:\/\/www.capgemini.com\/pl-pl\/rozwiazania\/smart-mobility-connect\/","mainEntityOfPage":{"@type":"WebPage","@id":"https:\/\/www.capgemini.com\/pl-pl\/rozwiazania\/smart-mobility-connect\/"},"thumbnailUrl":"","image":{"@type":"ImageObject","url":""},"articleSection":"Uncategorized","author":[],"creator":[],"publisher":{"@type":"Organization","name":"Capgemini Poland","logo":""},"keywords":[],"dateCreated":"2021-11-22T11:43:59Z","datePublished":"2021-11-22T11:43:59Z","dateModified":"2025-12-03T07:09:09Z"},"rendered":"<meta name=\"parsely-title\" content=\"Smart mobility connect\" \/>\n<meta name=\"parsely-link\" content=\"https:\/\/www.capgemini.com\/pl-pl\/rozwiazania\/smart-mobility-connect\/\" \/>\n<meta name=\"parsely-type\" content=\"index\" \/>\n<meta name=\"parsely-pub-date\" content=\"2021-11-22T11:43:59Z\" \/>\n<meta name=\"parsely-section\" content=\"Uncategorized\" \/>","tracker_url":"https:\/\/cdn.parsely.com\/keys\/capgemini.com\/p.js"},"archive_status":false,"featured_image_src":"https:\/\/www.capgemini.com\/pl-pl\/wp-content\/themes\/capgemini2025\/assets\/images\/mockup.png","featured_image_alt":false,"jetpack_sharing_enabled":true,"distributor_meta":false,"distributor_terms":false,"distributor_media":false,"distributor_original_site_name":"Capgemini Poland","distributor_original_site_url":"https:\/\/www.capgemini.com\/pl-pl","push-errors":false,"_links":{"self":[{"href":"https:\/\/www.capgemini.com\/pl-pl\/wp-json\/wp\/v2\/pages\/635894","targetHints":{"allow":["GET"]}}],"collection":[{"href":"https:\/\/www.capgemini.com\/pl-pl\/wp-json\/wp\/v2\/pages"}],"about":[{"href":"https:\/\/www.capgemini.com\/pl-pl\/wp-json\/wp\/v2\/types\/page"}],"author":[{"embeddable":true,"href":"https:\/\/www.capgemini.com\/pl-pl\/wp-json\/wp\/v2\/users\/151"}],"replies":[{"embeddable":true,"href":"https:\/\/www.capgemini.com\/pl-pl\/wp-json\/wp\/v2\/comments?post=635894"}],"version-history":[{"count":6,"href":"https:\/\/www.capgemini.com\/pl-pl\/wp-json\/wp\/v2\/pages\/635894\/revisions"}],"predecessor-version":[{"id":913666,"href":"https:\/\/www.capgemini.com\/pl-pl\/wp-json\/wp\/v2\/pages\/635894\/revisions\/913666"}],"up":[{"embeddable":true,"href":"https:\/\/www.capgemini.com\/pl-pl\/wp-json\/wp\/v2\/pages\/607284"}],"wp:attachment":[{"href":"https:\/\/www.capgemini.com\/pl-pl\/wp-json\/wp\/v2\/media?parent=635894"}],"wp:term":[{"taxonomy":"brand","embeddable":true,"href":"https:\/\/www.capgemini.com\/pl-pl\/wp-json\/wp\/v2\/brand?post=635894"},{"taxonomy":"partner_type","embeddable":true,"href":"https:\/\/www.capgemini.com\/pl-pl\/wp-json\/wp\/v2\/partner_type?post=635894"},{"taxonomy":"service","embeddable":true,"href":"https:\/\/www.capgemini.com\/pl-pl\/wp-json\/wp\/v2\/service?post=635894"},{"taxonomy":"industry","embeddable":true,"href":"https:\/\/www.capgemini.com\/pl-pl\/wp-json\/wp\/v2\/industry?post=635894"},{"taxonomy":"partners","embeddable":true,"href":"https:\/\/www.capgemini.com\/pl-pl\/wp-json\/wp\/v2\/partners?post=635894"},{"taxonomy":"page-type","embeddable":true,"href":"https:\/\/www.capgemini.com\/pl-pl\/wp-json\/wp\/v2\/page-type?post=635894"},{"taxonomy":"content-group","embeddable":true,"href":"https:\/\/www.capgemini.com\/pl-pl\/wp-json\/wp\/v2\/content-group?post=635894"}],"curies":[{"name":"wp","href":"https:\/\/api.w.org\/{rel}","templated":true}]}}