{"id":635726,"date":"2021-11-19T12:07:15","date_gmt":"2021-11-19T12:07:15","guid":{"rendered":"https:\/\/www.capgemini.com\/?page_id=635726"},"modified":"2025-03-12T06:58:20","modified_gmt":"2025-03-12T06:58:20","slug":"customer-first","status":"publish","type":"page","link":"https:\/\/www.capgemini.com\/pl-pl\/uslugi\/customer-first\/","title":{"rendered":"Customer first"},"content":{"rendered":"\n<div class=\"wp-block-cg-blocks-hero-picture-card undefined  heroPictureCard\"><div class=\"heroPictureCardBgs\"><picture><source srcset=\"https:\/\/www.capgemini.com\/wp-content\/uploads\/2022\/05\/Capgemini_Services_Customer-First.jpg?w=2880&amp;quality=70 1x, https:\/\/www.capgemini.com\/wp-content\/uploads\/2022\/05\/Capgemini_Services_Customer-First.jpg?w=2880&amp;quality=70 2x\" media=\"(min-width: 1500px)\"\/><source srcset=\"https:\/\/www.capgemini.com\/wp-content\/uploads\/2022\/05\/Capgemini_Services_Customer-First.jpg?w=1440&amp;quality=70 1x, https:\/\/www.capgemini.com\/wp-content\/uploads\/2022\/05\/Capgemini_Services_Customer-First.jpg?w=2880&amp;quality=70 2x\" media=\"(min-width: 992px)\"\/><source srcset=\"https:\/\/www.capgemini.com\/wp-content\/uploads\/2022\/05\/Capgemini_Services_Customer-First.jpg?w=1024&amp;quality=70 1x, https:\/\/www.capgemini.com\/wp-content\/uploads\/2022\/05\/Capgemini_Services_Customer-First.jpg?w=1024&amp;quality=70 2x\" media=\"(min-width: 768px)\"\/><source srcset=\"https:\/\/www.capgemini.com\/wp-content\/uploads\/2022\/05\/Capgemini_Services_Customer-First.jpg?w=768&amp;quality=70 1x, https:\/\/www.capgemini.com\/wp-content\/uploads\/2022\/05\/Capgemini_Services_Customer-First.jpg?w=768&amp;quality=70 2x\" media=\"(min-width: 0)\"\/><img decoding=\"async\" src=\"https:\/\/www.capgemini.com\/wp-content\/uploads\/2022\/05\/Capgemini_Services_Customer-First.jpg\" class=\"desktopImage\" alt=\"\" style=\"object-fit:cover;object-position:53% 28.000000000000004%\" loading=\"eager\"\/><\/picture><picture><source srcset=\"https:\/\/www.capgemini.com\/wp-content\/uploads\/2022\/05\/Capgemini_Services_Customer-First.jpg?w=2880&amp;quality=70 1x, https:\/\/www.capgemini.com\/wp-content\/uploads\/2022\/05\/Capgemini_Services_Customer-First.jpg?w=2880&amp;quality=70 2x\" media=\"(min-width: 1500px)\"\/><source srcset=\"https:\/\/www.capgemini.com\/wp-content\/uploads\/2022\/05\/Capgemini_Services_Customer-First.jpg?w=1440&amp;quality=70 1x, https:\/\/www.capgemini.com\/wp-content\/uploads\/2022\/05\/Capgemini_Services_Customer-First.jpg?w=2880&amp;quality=70 2x\" media=\"(min-width: 992px)\"\/><source srcset=\"https:\/\/www.capgemini.com\/wp-content\/uploads\/2022\/05\/Capgemini_Services_Customer-First.jpg?w=1024&amp;quality=70 1x, https:\/\/www.capgemini.com\/wp-content\/uploads\/2022\/05\/Capgemini_Services_Customer-First.jpg?w=1024&amp;quality=70 2x\" media=\"(min-width: 768px)\"\/><source srcset=\"https:\/\/www.capgemini.com\/wp-content\/uploads\/2022\/05\/Capgemini_Services_Customer-First.jpg?w=768&amp;quality=70 1x, https:\/\/www.capgemini.com\/wp-content\/uploads\/2022\/05\/Capgemini_Services_Customer-First.jpg?w=768&amp;quality=70 2x\" media=\"(min-width: 0)\"\/><img decoding=\"async\" src=\"https:\/\/www.capgemini.com\/wp-content\/uploads\/2022\/05\/Capgemini_Services_Customer-First.jpg\" class=\"mobileImage\" alt=\"\" style=\"object-fit:cover;object-position:53% 28.000000000000004%\" loading=\"eager\"\/><\/picture><\/div><div class=\"heroPictureCardHeaderShape\"><\/div><div class=\"container\"><div class=\"row\"><div class=\"col-md-8 col-lg-6\"><div class=\"heroPictureCardBox\"><div class=\"heroPictureCardBoxTitle\"><h1 data-maxlength=\"144\">Customer first<\/h1><\/div><\/div><\/div><\/div><\/div><div class=\"small-device\"><div class=\"brandLogoWrapper\"> <\/div><\/div><\/div>\n\n\n\n<section class=\"wp-block-cg-blocks-intro-para undefined section section--intro\"><div class=\"intro-para\"><div class=\"container\"><div class=\"row\"><div class=\"col-12 col-md-1\"><nav class=\"article-social\"><ul class=\"social-nav\"><li class=\"ip-order-fb\"><a href=\"https:\/\/www.facebook.com\/sharer\/sharer.php?u=https:\/\/www.capgemini.com\/pl-pl\/uslugi\/customer-first\/\" target=\"_blank\" rel=\"noopener noreferrer\" title=\"otwiera si\u0119 w nowym oknie\"><i aria-hidden=\"true\" class=\"icon-fb\"><\/i><span class=\"sr-only\">Facebook<\/span><\/a><\/li><li class=\"ip-order-li\"><a href=\"https:\/\/www.linkedin.com\/sharing\/share-offsite\/?url=https:\/\/www.capgemini.com\/pl-pl\/uslugi\/customer-first\/\" target=\"_blank\" rel=\"noopener noreferrer\" title=\"otwiera si\u0119 w nowym oknie\"><i aria-hidden=\"true\" class=\"icon-li\"><\/i><span class=\"sr-only\">Linkedin<\/span><\/a><\/li><\/ul><\/nav><\/div><div class=\"col-12 col-md-11 col-lg-10\"><h2 class=\"intro-para-title\">Klienci lgn\u0105 do marek, kt\u00f3re kochaj\u0105 \u2014 marek, kt\u00f3re maj\u0105 poczucie celu, s\u0105 innowacyjne, anga\u017cuj\u0105ce i stawiaj\u0105 swoich ich na pierwszym miejscu.<\/h2><p class=\"intro-para-content\">Dzisiejszy biznes jest bardziej osobisty i oparty na danych ni\u017c kiedykolwiek wcze\u015bniej. Sukces zaczyna si\u0119 od klient\u00f3w. Kiedy wiesz, czego ludzie chc\u0105 i czego potrzebuj\u0105, mo\u017cesz zidentyfikowa\u0107 nowe obszary swoich mo\u017cliwo\u015bci i wprowadzi\u0107 na rynek produkty, us\u0142ugi i do\u015bwiadczenia, kt\u00f3re b\u0119d\u0105 na tyle elastyczne, aby stale si\u0119 rozwija\u0107, anga\u017cowa\u0107 i rosn\u0105\u0107.<br><br>Inspirujemy klient\u00f3w do podejmowania odwa\u017cniejszych wybor\u00f3w dzi\u0119ki kreatywno\u015bci, projektowaniu i analizie. Pomagamy wyobrazi\u0107 sobie przysz\u0142o\u015b\u0107, zbudowa\u0107 przes\u0142anki biznesowe i sformu\u0142owa\u0107 plan, kt\u00f3ry doprowadzi Ci\u0119 do celu. Poprzez opracowanie nowej strategii marketingowej, udoskonalenie sposobu sprzeda\u017cy i interakcji z klientami oraz optymalizacj\u0119 spostrze\u017ce\u0144 na podstawie danych, tworzymy do\u015bwiadczenia spersonalizowane i wyr\u00f3\u017cniaj\u0105ce si\u0119 na tle konkurencji.<br><br>Innowacje i projektowanie skoncentrowane na cz\u0142owieku oferowane przez <a href=\"http:\/\/www.frog.co\" target=\"_blank\" rel=\"noreferrer noopener\">frog, b\u0119d\u0105c\u0105 cz\u0119\u015bci\u0105 Capgemini Invent<\/a>, w po\u0142\u0105czeniu z naszym bogatym do\u015bwiadczeniem w zakresie do\u015bwiadcze\u0144 klienta, danych i technologii, w wyj\u0105tkowy spos\u00f3b zdobywaj\u0105 serca i rewolucjonizuj\u0105 rynek.<\/p><\/div><\/div><\/div><\/div><\/section>\n\n\n\n<section class=\"wp-block-cg-blocks-wrapper-card-text-pic wrapperCardTextPic hero-bg-shape\"><div class=\"container\"><div class=\"content-title\"><h2 class=\"card-text-pic-heading\">Czym si\u0119 zajmujemy<\/h2><\/div><div class=\"row\"><div class=\"col-md-12\">\n<div class=\"wp-block-cg-blocks-card-text-pic-left row card-text-pic leftCard\"><div class=\"row card-text-pic leftCard\"><div class=\"col-md-12\"><div class=\"box--section\"><div class=\"box row-nobleed\"><div class=\"col-lg-5 col-md-12 box-img-wrapper \"><a href=\"https:\/\/www.capgemini.com\/pl-pl\/uslugi\/customer-first\/ciagle-zmiany-w-biznesie\/\" aria-label=\"Czytaj wi\u0119cej o Ci\u0105g\u0142e zmiany w biznesie\" target=\"\" rel=\"noopener noreferrer\" title=\"\"><picture><source srcset=\"https:\/\/www.capgemini.com\/wp-content\/uploads\/2022\/03\/Capgemini_Customer-First_Continuous-business-reinvention.jpg?w=1000&amp;quality=70 1x, https:\/\/www.capgemini.com\/wp-content\/uploads\/2022\/03\/Capgemini_Customer-First_Continuous-business-reinvention.jpg?w=1000&amp;quality=70 2x\" media=\"(min-width: 1500px)\"\/><source srcset=\"https:\/\/www.capgemini.com\/wp-content\/uploads\/2022\/03\/Capgemini_Customer-First_Continuous-business-reinvention.jpg?w=500&amp;quality=70 1x, https:\/\/www.capgemini.com\/wp-content\/uploads\/2022\/03\/Capgemini_Customer-First_Continuous-business-reinvention.jpg?w=1000&amp;quality=70 2x\" media=\"(min-width: 992px)\"\/><source srcset=\"https:\/\/www.capgemini.com\/wp-content\/uploads\/2022\/03\/Capgemini_Customer-First_Continuous-business-reinvention.jpg?w=768&amp;quality=70 1x, https:\/\/www.capgemini.com\/wp-content\/uploads\/2022\/03\/Capgemini_Customer-First_Continuous-business-reinvention.jpg?w=768&amp;quality=70 2x\" media=\"(min-width: 768px)\"\/><source srcset=\"https:\/\/www.capgemini.com\/wp-content\/uploads\/2022\/03\/Capgemini_Customer-First_Continuous-business-reinvention.jpg?w=556&amp;quality=70 1x, https:\/\/www.capgemini.com\/wp-content\/uploads\/2022\/03\/Capgemini_Customer-First_Continuous-business-reinvention.jpg?w=556&amp;quality=70 2x\" media=\"(min-width: 0)\"\/><img decoding=\"async\" src=\"https:\/\/www.capgemini.com\/wp-content\/uploads\/2022\/03\/Capgemini_Customer-First_Continuous-business-reinvention.jpg\" class=\"box-img\" alt=\"\" style=\"object-fit:cover;object-position:78% 33%\" loading=\"lazy\"\/><\/picture><\/a><\/div><div class=\"col-lg-8 col-md-12 box-inner \"><a href=\"https:\/\/www.capgemini.com\/pl-pl\/uslugi\/customer-first\/ciagle-zmiany-w-biznesie\/\" aria-label=\"Ci\u0105g\u0142e zmiany w biznesie\" target=\"\" rel=\"noopener noreferrer\" title=\"\"><h4 class=\"titlewithLink\" data-maxlength=\"144\">Ci\u0105g\u0142e zmiany w biznesie<\/h4><\/a><p class=\"box-text\" data-maxlength=\"\">Nadchodzi moment, w kt\u00f3rym nowy gracz na rynku lub zmieniaj\u0105ce si\u0119 gusta konsument\u00f3w zagra\u017caj\u0105 Twojej g\u0142\u00f3wnej dzia\u0142alno\u015bci. I w tym momencie \u017cadne inwestycje w do\u015bwiadczenia klienta nie b\u0119d\u0105 w stanie Ci\u0119 uratowa\u0107. Musisz podj\u0105\u0107 wyzwanie i zaoferowa\u0107 swoim klientom co\u015b nowego. To jest obietnica i za\u0142o\u017cenie stoj\u0105ce za ci\u0105g\u0142ymi zmianami w biznesie Wyobra\u017a sobie. Tw\u00f3rz. Skaluj. B\u0105d\u017a odwa\u017cny.<\/p><div class=\"box-bottom\"><a aria-label=\"Dowiedz si\u0119 wi\u0119cej o Ci\u0105g\u0142e zmiany w biznesie\" class=\"more2\" data-maxlength=\"24\" href=\"https:\/\/www.capgemini.com\/pl-pl\/uslugi\/customer-first\/ciagle-zmiany-w-biznesie\/\" target=\"\" rel=\"noopener noreferrer\" title=\"\">Dowiedz si\u0119 wi\u0119cej<\/a><\/div><\/div><\/div><\/div><\/div><\/div><\/div>\n\n\n\n<div class=\"wp-block-cg-blocks-card-text-pic-right row card-text-pic rightCard\"><div class=\"row card-text-pic rightCard\"><div class=\"col-md-12\"><div class=\"box--section\"><div class=\"box  row-nobleed\"><div class=\"col-lg-8 col-md-12 box-inner\"><a href=\"https:\/\/www.capgemini.com\/pl-pl\/uslugi\/customer-first\/doswiadczenia-klienta\/\" aria-label=\"Do\u015bwiadczenia klienta\" target=\"\" rel=\"noopener noreferrer\" title=\"\"><h4 class=\"titlewithLink\" data-maxlength=\"144\">Do\u015bwiadczenia klienta<\/h4><\/a><p class=\"box-text\" data-maxlength=\"\">Do\u015bwiadczenia klient\u00f3w powinny pozytywnie wp\u0142ywa\u0107 na ich relacje z Twoj\u0105 firm\u0105 i budowa\u0107 zaufanie, kt\u00f3re zapewnia trwa\u0142\u0105 warto\u015b\u0107 zar\u00f3wno dla nich, jak i dla Ciebie. Wykorzystujemy emocje, wra\u017cliwo\u015b\u0107 i intuicj\u0119, aby wymy\u015bla\u0107 nowe do\u015bwiadczenia. Oparte na rygorystycznej analizie i prze\u0142omowych technologiach, s\u0105 one zar\u00f3wno osobiste jak i skuteczne. Buduj\u0105 relacj\u0119 za pomoc\u0105 jednorazowej interakcji. <\/p><div class=\"box-bottom\"><a aria-label=\"Dowiedz si\u0119 wi\u0119cej o Do\u015bwiadczenia klienta\" class=\"more2\" data-maxlength=\"24\" href=\"https:\/\/www.capgemini.com\/pl-pl\/uslugi\/customer-first\/doswiadczenia-klienta\/\" target=\"\" rel=\"noopener noreferrer\" title=\"\">Dowiedz si\u0119 wi\u0119cej<\/a><\/div><\/div><div class=\"col-lg-5 col-md-12 box-img-wrapper\"><a href=\"https:\/\/www.capgemini.com\/pl-pl\/uslugi\/customer-first\/doswiadczenia-klienta\/\" aria-label=\"Dowiedz si\u0119 wi\u0119cej o Do\u015bwiadczenia klienta\" target=\"\" rel=\"noopener noreferrer\" title=\"\"><picture><source srcset=\"https:\/\/www.capgemini.com\/wp-content\/uploads\/2022\/03\/Capgemini_Customer-First_customer_experience.jpg?w=1000&amp;quality=70 1x, https:\/\/www.capgemini.com\/wp-content\/uploads\/2022\/03\/Capgemini_Customer-First_customer_experience.jpg?w=1000&amp;quality=70 2x\" media=\"(min-width: 1500px)\"\/><source srcset=\"https:\/\/www.capgemini.com\/wp-content\/uploads\/2022\/03\/Capgemini_Customer-First_customer_experience.jpg?w=500&amp;quality=70 1x, https:\/\/www.capgemini.com\/wp-content\/uploads\/2022\/03\/Capgemini_Customer-First_customer_experience.jpg?w=1000&amp;quality=70 2x\" media=\"(min-width: 992px)\"\/><source srcset=\"https:\/\/www.capgemini.com\/wp-content\/uploads\/2022\/03\/Capgemini_Customer-First_customer_experience.jpg?w=768&amp;quality=70 1x, https:\/\/www.capgemini.com\/wp-content\/uploads\/2022\/03\/Capgemini_Customer-First_customer_experience.jpg?w=768&amp;quality=70 2x\" media=\"(min-width: 768px)\"\/><source srcset=\"https:\/\/www.capgemini.com\/wp-content\/uploads\/2022\/03\/Capgemini_Customer-First_customer_experience.jpg?w=556&amp;quality=70 1x, https:\/\/www.capgemini.com\/wp-content\/uploads\/2022\/03\/Capgemini_Customer-First_customer_experience.jpg?w=556&amp;quality=70 2x\" media=\"(min-width: 0)\"\/><img decoding=\"async\" src=\"https:\/\/www.capgemini.com\/wp-content\/uploads\/2022\/03\/Capgemini_Customer-First_customer_experience.jpg\" class=\"box-img\" alt=\"\" style=\"object-fit:cover;object-position:56.00000000000001% 26%\" loading=\"lazy\"\/><\/picture><\/a><\/div><\/div><\/div><\/div><\/div><\/div>\n<\/div><\/div><\/div><\/section>\n\n\n\n<section class=\"wp-block-cg-blocks-custom-quote undefined section-quote-layout\"><div class=\"quote-layout\"><div class=\"container\"><div class=\"row\"><div class=\"col-11 offset-1\"><p class=\"quote-title\">&#8220;Wsp\u00f3lnie z Tob\u0105 chcemy wp\u0142ywa\u0107 na spos\u00f3b my\u015blenia ludzi, porusza\u0107 rynki i wzbudza\u0107 emocje.&#8221;\u00a0<\/p><p class=\"quote-layout-content\">Alex Smith-Bingham, Group Offer Lead for Customer Experience<\/p><\/div><\/div><\/div><\/div><\/section>\n","protected":false},"excerpt":{"rendered":"","protected":false},"author":119,"featured_media":649224,"parent":517491,"menu_order":2,"comment_status":"closed","ping_status":"closed","template":"","meta":{"cg_dt_proposed_to":[8,18,5,30],"cg_seo_hreflang_relations":"[]","cg_seo_canonical_relation":"","cg_seo_hreflang_x_default_relation":"{\"uuid\":\"d037cc51-67a6-4d2e-b0cb-2112b545fc9e\",\"blogId\":\"1\",\"domain\":\"www.capgemini.com\",\"sitePath\":\"\/\",\"postLink\":\"https:\/\/www.capgemini.com\/services\/customer-first\/\",\"postId\":635726,\"isSaved\":false,\"isCrossLink\":false,\"hasCrossLink\":false}","cg_dt_approved_content":true,"cg_dt_mandatory_content":false,"cg_dt_notes":"","cg_dg_source_changed":false,"cg_dt_link_disabled":true,"_yoast_wpseo_primary_brand":"","footnotes":"","featured_focal_points":"","partner_card_description":"","gsap_animation":0},"brand":[],"partner_type":[],"service":[33],"industry":[],"partners":[],"page-type":[200],"content-group":[],"class_list":["post-635726","page","type-page","status-publish","has-post-thumbnail","hentry","service-customer-experience","page-type-service"],"yoast_head":"<!-- This site is optimized with the Yoast SEO Premium plugin v22.8 (Yoast SEO v22.8) - https:\/\/yoast.com\/wordpress\/plugins\/seo\/ -->\n<title>Customer First | Capgemini Polska<\/title>\n<meta name=\"description\" content=\"Inspirujemy klient\u00f3w do podejmowania odwa\u017cniejszych wybor\u00f3w dzi\u0119ki kreatywno\u015bci, projektowaniu i analizie.\" \/>\n<meta name=\"robots\" content=\"index, follow, max-snippet:-1, max-image-preview:large, max-video-preview:-1\" \/>\n<link rel=\"canonical\" href=\"https:\/\/www.capgemini.com\/pl-pl\/uslugi\/customer-first\/\" \/>\n<meta property=\"og:locale\" content=\"pl_PL\" \/>\n<meta property=\"og:type\" content=\"article\" \/>\n<meta property=\"og:title\" content=\"Customer first\" \/>\n<meta property=\"og:description\" content=\"Inspirujemy klient\u00f3w do podejmowania odwa\u017cniejszych wybor\u00f3w dzi\u0119ki kreatywno\u015bci, projektowaniu i analizie.\" \/>\n<meta property=\"og:url\" content=\"https:\/\/www.capgemini.com\/pl-pl\/uslugi\/customer-first\/\" \/>\n<meta property=\"og:site_name\" content=\"Capgemini Poland\" \/>\n<meta property=\"article:modified_time\" content=\"2025-03-12T06:58:20+00:00\" \/>\n<meta property=\"og:image\" content=\"https:\/\/www.capgemini.com\/pl-pl\/wp-content\/uploads\/sites\/27\/2025\/10\/New-Web-preview-global.jpg\" \/>\n\t<meta property=\"og:image:width\" content=\"1200\" \/>\n\t<meta property=\"og:image:height\" content=\"627\" \/>\n\t<meta property=\"og:image:type\" content=\"image\/jpeg\" \/>\n<meta name=\"twitter:card\" content=\"summary_large_image\" \/>\n<meta name=\"twitter:label1\" content=\"Est. reading time\" \/>\n\t<meta name=\"twitter:data1\" content=\"3 minutes\" \/>\n<script type=\"application\/ld+json\" class=\"yoast-schema-graph\">{\"@context\":\"https:\/\/schema.org\",\"@graph\":[{\"@type\":\"WebPage\",\"@id\":\"https:\/\/www.capgemini.com\/pl-pl\/uslugi\/customer-first\/\",\"url\":\"https:\/\/www.capgemini.com\/pl-pl\/uslugi\/customer-first\/\",\"name\":\"Customer First | Capgemini Polska\",\"isPartOf\":{\"@id\":\"https:\/\/www.capgemini.com\/pl-pl\/#website\"},\"primaryImageOfPage\":{\"@id\":\"https:\/\/www.capgemini.com\/pl-pl\/uslugi\/customer-first\/#primaryimage\"},\"image\":{\"@id\":\"https:\/\/www.capgemini.com\/pl-pl\/uslugi\/customer-first\/#primaryimage\"},\"thumbnailUrl\":\"\",\"datePublished\":\"2021-11-19T12:07:15+00:00\",\"dateModified\":\"2025-03-12T06:58:20+00:00\",\"description\":\"Inspirujemy klient\u00f3w do podejmowania odwa\u017cniejszych wybor\u00f3w dzi\u0119ki kreatywno\u015bci, projektowaniu i analizie.\",\"breadcrumb\":{\"@id\":\"https:\/\/www.capgemini.com\/pl-pl\/uslugi\/customer-first\/#breadcrumb\"},\"inLanguage\":\"pl-PL\",\"potentialAction\":[{\"@type\":\"ReadAction\",\"target\":[\"https:\/\/www.capgemini.com\/pl-pl\/uslugi\/customer-first\/\"]}]},{\"@type\":\"ImageObject\",\"inLanguage\":\"pl-PL\",\"@id\":\"https:\/\/www.capgemini.com\/pl-pl\/uslugi\/customer-first\/#primaryimage\",\"url\":\"\",\"contentUrl\":\"\"},{\"@type\":\"BreadcrumbList\",\"@id\":\"https:\/\/www.capgemini.com\/pl-pl\/uslugi\/customer-first\/#breadcrumb\",\"itemListElement\":[{\"@type\":\"ListItem\",\"position\":1,\"name\":\"Home\",\"item\":\"https:\/\/www.capgemini.com\/pl-pl\/\"},{\"@type\":\"ListItem\",\"position\":2,\"name\":\"Us\u0142ugi\",\"item\":\"https:\/\/www.capgemini.com\/pl-pl\/uslugi\/\"},{\"@type\":\"ListItem\",\"position\":3,\"name\":\"Customer first\"}]},{\"@type\":\"WebSite\",\"@id\":\"https:\/\/www.capgemini.com\/pl-pl\/#website\",\"url\":\"https:\/\/www.capgemini.com\/pl-pl\/\",\"name\":\"Capgemini Polska\",\"description\":\"Capgemini\",\"potentialAction\":[{\"@type\":\"SearchAction\",\"target\":{\"@type\":\"EntryPoint\",\"urlTemplate\":\"https:\/\/www.capgemini.com\/pl-pl\/?s={search_term_string}\"},\"query-input\":\"required name=search_term_string\"}],\"inLanguage\":\"pl-PL\"}]}<\/script>\n<!-- \/ Yoast SEO Premium plugin. -->","yoast_head_json":{"title":"Customer First | Capgemini Polska","description":"Inspirujemy klient\u00f3w do podejmowania odwa\u017cniejszych wybor\u00f3w dzi\u0119ki kreatywno\u015bci, projektowaniu i analizie.","robots":{"index":"index","follow":"follow","max-snippet":"max-snippet:-1","max-image-preview":"max-image-preview:large","max-video-preview":"max-video-preview:-1"},"canonical":"https:\/\/www.capgemini.com\/pl-pl\/uslugi\/customer-first\/","og_locale":"pl_PL","og_type":"article","og_title":"Customer first","og_description":"Inspirujemy klient\u00f3w do podejmowania odwa\u017cniejszych wybor\u00f3w dzi\u0119ki kreatywno\u015bci, projektowaniu i analizie.","og_url":"https:\/\/www.capgemini.com\/pl-pl\/uslugi\/customer-first\/","og_site_name":"Capgemini Poland","article_modified_time":"2025-03-12T06:58:20+00:00","og_image":[{"width":1200,"height":627,"url":"https:\/\/www.capgemini.com\/pl-pl\/wp-content\/uploads\/sites\/27\/2025\/10\/New-Web-preview-global.jpg","type":"image\/jpeg"}],"twitter_card":"summary_large_image","twitter_misc":{"Est. reading time":"3 minutes"},"schema":{"@context":"https:\/\/schema.org","@graph":[{"@type":"WebPage","@id":"https:\/\/www.capgemini.com\/pl-pl\/uslugi\/customer-first\/","url":"https:\/\/www.capgemini.com\/pl-pl\/uslugi\/customer-first\/","name":"Customer First | Capgemini Polska","isPartOf":{"@id":"https:\/\/www.capgemini.com\/pl-pl\/#website"},"primaryImageOfPage":{"@id":"https:\/\/www.capgemini.com\/pl-pl\/uslugi\/customer-first\/#primaryimage"},"image":{"@id":"https:\/\/www.capgemini.com\/pl-pl\/uslugi\/customer-first\/#primaryimage"},"thumbnailUrl":"","datePublished":"2021-11-19T12:07:15+00:00","dateModified":"2025-03-12T06:58:20+00:00","description":"Inspirujemy klient\u00f3w do podejmowania odwa\u017cniejszych wybor\u00f3w dzi\u0119ki kreatywno\u015bci, projektowaniu i analizie.","breadcrumb":{"@id":"https:\/\/www.capgemini.com\/pl-pl\/uslugi\/customer-first\/#breadcrumb"},"inLanguage":"pl-PL","potentialAction":[{"@type":"ReadAction","target":["https:\/\/www.capgemini.com\/pl-pl\/uslugi\/customer-first\/"]}]},{"@type":"ImageObject","inLanguage":"pl-PL","@id":"https:\/\/www.capgemini.com\/pl-pl\/uslugi\/customer-first\/#primaryimage","url":"","contentUrl":""},{"@type":"BreadcrumbList","@id":"https:\/\/www.capgemini.com\/pl-pl\/uslugi\/customer-first\/#breadcrumb","itemListElement":[{"@type":"ListItem","position":1,"name":"Home","item":"https:\/\/www.capgemini.com\/pl-pl\/"},{"@type":"ListItem","position":2,"name":"Us\u0142ugi","item":"https:\/\/www.capgemini.com\/pl-pl\/uslugi\/"},{"@type":"ListItem","position":3,"name":"Customer first"}]},{"@type":"WebSite","@id":"https:\/\/www.capgemini.com\/pl-pl\/#website","url":"https:\/\/www.capgemini.com\/pl-pl\/","name":"Capgemini Polska","description":"Capgemini","potentialAction":[{"@type":"SearchAction","target":{"@type":"EntryPoint","urlTemplate":"https:\/\/www.capgemini.com\/pl-pl\/?s={search_term_string}"},"query-input":"required name=search_term_string"}],"inLanguage":"pl-PL"}]}},"brand_term":[],"parsely":{"version":"1.1.0","canonical_url":"https:\/\/capgemini.com\/pl-pl\/uslugi\/customer-first\/","smart_links":{"inbound":0,"outbound":0},"traffic_boost_suggestions_count":0,"meta":{"@context":"https:\/\/schema.org","@type":"WebPage","headline":"Customer first","url":"https:\/\/www.capgemini.com\/pl-pl\/uslugi\/customer-first\/","mainEntityOfPage":{"@type":"WebPage","@id":"https:\/\/www.capgemini.com\/pl-pl\/uslugi\/customer-first\/"},"thumbnailUrl":"","image":{"@type":"ImageObject","url":""},"articleSection":"Uncategorized","author":[],"creator":[],"publisher":{"@type":"Organization","name":"Capgemini Poland","logo":""},"keywords":[],"dateCreated":"2021-11-19T12:07:15Z","datePublished":"2021-11-19T12:07:15Z","dateModified":"2025-03-12T06:58:20Z"},"rendered":"<meta name=\"parsely-title\" content=\"Customer first\" \/>\n<meta name=\"parsely-link\" content=\"https:\/\/www.capgemini.com\/pl-pl\/uslugi\/customer-first\/\" \/>\n<meta name=\"parsely-type\" content=\"index\" \/>\n<meta name=\"parsely-pub-date\" content=\"2021-11-19T12:07:15Z\" \/>\n<meta name=\"parsely-section\" content=\"Uncategorized\" \/>","tracker_url":"https:\/\/cdn.parsely.com\/keys\/capgemini.com\/p.js"},"archive_status":false,"featured_image_src":"https:\/\/www.capgemini.com\/pl-pl\/wp-content\/themes\/capgemini2025\/assets\/images\/mockup.png","featured_image_alt":"","jetpack_sharing_enabled":true,"distributor_meta":false,"distributor_terms":false,"distributor_media":false,"distributor_original_site_name":"Capgemini Poland","distributor_original_site_url":"https:\/\/www.capgemini.com\/pl-pl","push-errors":false,"_links":{"self":[{"href":"https:\/\/www.capgemini.com\/pl-pl\/wp-json\/wp\/v2\/pages\/635726","targetHints":{"allow":["GET"]}}],"collection":[{"href":"https:\/\/www.capgemini.com\/pl-pl\/wp-json\/wp\/v2\/pages"}],"about":[{"href":"https:\/\/www.capgemini.com\/pl-pl\/wp-json\/wp\/v2\/types\/page"}],"author":[{"embeddable":true,"href":"https:\/\/www.capgemini.com\/pl-pl\/wp-json\/wp\/v2\/users\/119"}],"replies":[{"embeddable":true,"href":"https:\/\/www.capgemini.com\/pl-pl\/wp-json\/wp\/v2\/comments?post=635726"}],"version-history":[{"count":7,"href":"https:\/\/www.capgemini.com\/pl-pl\/wp-json\/wp\/v2\/pages\/635726\/revisions"}],"predecessor-version":[{"id":909309,"href":"https:\/\/www.capgemini.com\/pl-pl\/wp-json\/wp\/v2\/pages\/635726\/revisions\/909309"}],"up":[{"embeddable":true,"href":"https:\/\/www.capgemini.com\/pl-pl\/wp-json\/wp\/v2\/pages\/517491"}],"wp:featuredmedia":[{"embeddable":true,"href":"https:\/\/www.capgemini.com\/pl-pl\/wp-json\/"}],"wp:attachment":[{"href":"https:\/\/www.capgemini.com\/pl-pl\/wp-json\/wp\/v2\/media?parent=635726"}],"wp:term":[{"taxonomy":"brand","embeddable":true,"href":"https:\/\/www.capgemini.com\/pl-pl\/wp-json\/wp\/v2\/brand?post=635726"},{"taxonomy":"partner_type","embeddable":true,"href":"https:\/\/www.capgemini.com\/pl-pl\/wp-json\/wp\/v2\/partner_type?post=635726"},{"taxonomy":"service","embeddable":true,"href":"https:\/\/www.capgemini.com\/pl-pl\/wp-json\/wp\/v2\/service?post=635726"},{"taxonomy":"industry","embeddable":true,"href":"https:\/\/www.capgemini.com\/pl-pl\/wp-json\/wp\/v2\/industry?post=635726"},{"taxonomy":"partners","embeddable":true,"href":"https:\/\/www.capgemini.com\/pl-pl\/wp-json\/wp\/v2\/partners?post=635726"},{"taxonomy":"page-type","embeddable":true,"href":"https:\/\/www.capgemini.com\/pl-pl\/wp-json\/wp\/v2\/page-type?post=635726"},{"taxonomy":"content-group","embeddable":true,"href":"https:\/\/www.capgemini.com\/pl-pl\/wp-json\/wp\/v2\/content-group?post=635726"}],"curies":[{"name":"wp","href":"https:\/\/api.w.org\/{rel}","templated":true}]}}