{"id":633612,"date":"2021-11-02T07:25:57","date_gmt":"2021-11-02T07:25:57","guid":{"rendered":"https:\/\/www.capgemini.com\/?page_id=633612"},"modified":"2023-06-14T10:55:14","modified_gmt":"2023-06-14T10:55:14","slug":"capgemini-cloud-platform","status":"publish","type":"page","link":"https:\/\/www.capgemini.com\/pl-pl\/rozwiazania\/platforma-capgemini-cloud\/","title":{"rendered":"Platforma Capgemini Cloud"},"content":{"rendered":"\n<header class=\"wp-block-cg-blocks-hero-reusable header heroReusable  \"><div class=\"header-bgs\"><picture><source srcset=\"https:\/\/www.capgemini.com\/wp-content\/uploads\/2022\/05\/Capgemini_Solutions_Capgemini-Cloud-Platform.jpg?w=2880&amp;quality=90 1x, https:\/\/www.capgemini.com\/wp-content\/uploads\/2022\/05\/Capgemini_Solutions_Capgemini-Cloud-Platform.jpg?w=2880&amp;quality=90 2x\" media=\"(min-width: 1500px)\"\/><source srcset=\"https:\/\/www.capgemini.com\/wp-content\/uploads\/2022\/05\/Capgemini_Solutions_Capgemini-Cloud-Platform.jpg?w=1440&amp;quality=90 1x, https:\/\/www.capgemini.com\/wp-content\/uploads\/2022\/05\/Capgemini_Solutions_Capgemini-Cloud-Platform.jpg?w=2880&amp;quality=90 2x\" media=\"(min-width: 992px)\"\/><source srcset=\"https:\/\/www.capgemini.com\/wp-content\/uploads\/2022\/05\/Capgemini_Solutions_Capgemini-Cloud-Platform.jpg?w=1024&amp;quality=90 1x, https:\/\/www.capgemini.com\/wp-content\/uploads\/2022\/05\/Capgemini_Solutions_Capgemini-Cloud-Platform.jpg?w=1024&amp;quality=90 2x\" media=\"(min-width: 768px)\"\/><source srcset=\"https:\/\/www.capgemini.com\/wp-content\/uploads\/2022\/05\/Capgemini_Solutions_Capgemini-Cloud-Platform.jpg?w=768&amp;quality=90 1x, https:\/\/www.capgemini.com\/wp-content\/uploads\/2022\/05\/Capgemini_Solutions_Capgemini-Cloud-Platform.jpg?w=768&amp;quality=90 2x\" media=\"(min-width: 0)\"\/><img decoding=\"async\" src=\"https:\/\/www.capgemini.com\/wp-content\/uploads\/2022\/05\/Capgemini_Solutions_Capgemini-Cloud-Platform.jpg\" class=\"header-img header-img-d\" alt=\"Capgemini_Solutions_Capgemini-Cloud-Platform\" style=\"object-fit:cover;object-position:50% 21%\" loading=\"eager\"\/><\/picture><\/div><div class=\"heroPictureCardHeaderShape\"><\/div><div class=\"container\"><div class=\"row\"><div class=\"col-md-12\"><div class=\"box\"><div class=\"boxTagWrapper\"><div class=\"tagInfo\"><div><span class=\"box-tag\">Solution<\/span><\/div><\/div><\/div><div class=\"box-title\"><h1 data-maxlength=\"34\">Platforma Capgemini Cloud <\/h1><\/div><div class=\"inner-row-insight download-btn\"><\/div><\/div><\/div><\/div><\/div><\/header>\n\n\n\n<section class=\"wp-block-cg-blocks-intro-para undefined section section--intro\" id=\"introParaWrapper\"><div class=\"intro-para\"><div class=\"container\"><div class=\"row\"><div class=\"col-12 col-md-1\"><nav class=\"article-social\"><ul class=\"social-nav\"><li class=\"ip-order-fb\"><a href=\"https:\/\/www.facebook.com\/sharer\/sharer.php?u=https:\/\/www.capgemini.com\/?page_id=633612\" target=\"_blank\" rel=\"noopener noreferrer\" title=\"otwiera si\u0119 w nowym oknie\"><i aria-hidden=\"true\" class=\"icon-fb\"><\/i><span class=\"sr-only\">Facebook<\/span><\/a><\/li><li class=\"ip-order-tw\"><a href=\"https:\/\/twitter.com\/intent\/tweet?url=https:\/\/www.capgemini.com\/?page_id=633612&amp;text=\" target=\"_blank\" rel=\"noopener noreferrer\" title=\"otwiera si\u0119 w nowym oknie\"><i aria-hidden=\"true\" class=\"icon-tw\"><\/i><span class=\"sr-only\">Twitter<\/span><\/a><\/li><li class=\"ip-order-li\"><a href=\"https:\/\/www.linkedin.com\/sharing\/share-offsite\/?url=https:\/\/www.capgemini.com\/?page_id=633612&amp;text=\" target=\"_blank\" rel=\"noopener noreferrer\" title=\"otwiera si\u0119 w nowym oknie\"><i aria-hidden=\"true\" class=\"icon-li\"><\/i><span class=\"sr-only\">Linkedin<\/span><\/a><\/li><\/ul><\/nav><\/div><div class=\"col-12 col-md-11 col-lg-10\"><h2 class=\"intro-para-title\">Uzyskaj wi\u0119cej korzy\u015bci z chmury<\/h2><p class=\"intro-para-content\"><strong>Platforma Capgemini Cloud<\/strong>\u00a0\u0142\u0105czy odpowiednie technologie, procesy i kultur\u0119, aby pom\u00f3c organizacjom ka\u017cdej wielko\u015bci wykorzysta\u0107 wydajno\u015b\u0107 i sprawno\u015b\u0107 chmury. Jest to portfolio us\u0142ug i akcelerator\u00f3w chmurowych w jednej platformie zarz\u0105dzania chmur\u0105.<\/p><\/div><\/div><\/div><\/div><\/section>\n\n\n\n<section class=\"wp-block-cg-blocks-group undefined section section--article-content\" id=\"quoteWrapper\"><div class=\"article-main-content\"><div class=\"container\"><div class=\"row\"><div class=\"col-12 col-md-11 col-lg-10 offset-md-1 offset-lg-1\"><div class=\"article-text article-quote-text\">\n<h2 class=\"wp-block-heading\" id=\"h-przenies-swoja-strategie-chmury-na-wyzszy-poziom\"><strong>Przenie\u015b swoj\u0105 strategi\u0119 chmury na wy\u017cszy poziom.<\/strong><\/h2>\n\n\n\n<ul class=\"wp-block-list\">\n<li><strong>Gotowa do u\u017cycia platforma chmurowa:&nbsp;<\/strong>Gotowa, wypr\u00f3bowana, przetestowana i sprawdzona platforma<\/li>\n\n\n\n<li><strong>Zaawansowany portal u\u017cytkownika:&nbsp;<\/strong>Pojedyncze, zintegrowane rozwi\u0105zanie z pe\u0142nym pakietem us\u0142ug biznesowych w chmurze, pozwalaj\u0105ce szybciej wdra\u017ca\u0107 nowe us\u0142ugi<\/li>\n\n\n\n<li><strong>Automatyzacja:&nbsp;<\/strong>Zast\u0119powanie r\u0119cznych, powtarzalnych proces\u00f3w zautomatyzowanymi zadaniami<\/li>\n\n\n\n<li><strong>Przejrzysto\u015b\u0107 rozlicze\u0144 i zu\u017cycia:&nbsp;<\/strong>Pulpit nawigacyjny zu\u017cycia i codzienne aktualizacje daj\u0105 pe\u0142n\u0105 kontrol\u0119 nad wydatkami i zaleceniami dotycz\u0105cymi optymalizacji koszt\u00f3w<\/li>\n\n\n\n<li><strong>Akceleratory chmury:&nbsp;<\/strong>Wsparcie dla szybkiego rozwoju nowych innowacyjnych us\u0142ug przez automatyczne udost\u0119pnianie, konteneryzacj\u0119, mikroserwisy, integracj\u0119 i inne akceleratory<\/li>\n\n\n\n<li><strong>Docelowy model operacyjny chmury:&nbsp;<\/strong>Kultura wspieraj\u0105ca biznes w chmurze i w pe\u0142ni wykorzystuj\u0105ca mo\u017cliwo\u015bci chmury<\/li>\n<\/ul>\n\n\n\n<h2 class=\"wp-block-heading\" id=\"h-piec-blokow-uslugowych-nieskonczone-mozliwosci\"><strong>Pi\u0119\u0107 blok\u00f3w us\u0142ugowych, niesko\u0144czone mo\u017cliwo\u015bci.<\/strong><\/h2>\n\n\n\n<p>Platforma Capgemini Cloud ma pi\u0119\u0107 zintegrowanych blok\u00f3w us\u0142ugowych, kt\u00f3re dodaj\u0105 wiele zaawansowanych mo\u017cliwo\u015bci. Pierwsze cztery u\u0142atwiaj\u0105 zarz\u0105dzanie obci\u0105\u017ceniem prac\u0105; pi\u0105ty przyspiesza i standaryzuje dostarczanie i obs\u0142ug\u0119 przypadk\u00f3w u\u017cycia chmury.<\/p>\n\n\n\n<figure class=\"wp-block-image\"><img decoding=\"async\" src=\"https:\/\/www.capgemini.com\/wp-content\/uploads\/2018\/09\/TABLE1-01.jpg?w=960\" alt=\"Platforma Capgemini Cloud: Bloki us\u0142ugowe\" class=\"wp-image-383334\"\/><\/figure>\n\n\n\n<h2 class=\"wp-block-heading\" id=\"h-dlaczego-warto-wybrac-platforme-capgemini-cloud\"><strong>Dlaczego warto wybra\u0107 platform\u0119 Capgemini Cloud?<\/strong><\/h2>\n\n\n\n<ul class=\"wp-block-list\">\n<li><strong>Wolno\u015b\u0107 wyboru:&nbsp;<\/strong>Opcje dla wielu chmur, wielu dostawc\u00f3w i wielu technologii<\/li>\n\n\n\n<li><strong>Szybki czas reakcji:<\/strong>&nbsp;Wdra\u017canie za pomoc\u0105 jednego przycisku i skalowanie na \u017c\u0105danie<\/li>\n\n\n\n<li><strong>Uproszczenie<\/strong>: Zarz\u0105dzanie przez jedno okienko z zaawansowan\u0105 automatyzacj\u0105<\/li>\n\n\n\n<li><strong>Elastyczno\u015b\u0107<\/strong>: Adoptuj nowe mo\u017cliwo\u015bci chmury i skaluj w locie<\/li>\n\n\n\n<li><strong>Transparentno\u015b\u0107:&nbsp;<\/strong>Obserwuj zu\u017cycie w czasie rzeczywistym \u2014 bez niespodzianek!<\/li>\n\n\n\n<li><strong>Innowacyjno\u015b\u0107<\/strong>: Wykorzystaj chmur\u0119 hybrydow\u0105 do przyspieszenia innowacji i wprowadzania na rynek<\/li>\n\n\n\n<li><strong>Redukcja koszt\u00f3w<\/strong>: Zmniejszenie koszt\u00f3w do 77% zosta\u0142o osi\u0105gni\u0119te dzi\u0119ki optymalizacji<\/li>\n<\/ul>\n\n\n\n<p><strong>Poziomy us\u0142ug*<\/strong><\/p>\n\n\n\n<ul class=\"wp-block-list\">\n<li>Service desk: Poziom 1 Poni\u017cej 30&nbsp;minut na reakcj\u0119 i poni\u017cej 3 godzin na rozwi\u0105zanie w 95% przypadk\u00f3w<\/li>\n\n\n\n<li>Service desk: Poziom 2 Poni\u017cej 60 minut na reakcj\u0119 i poni\u017cej 8 godzin na rozwi\u0105zanie w 95% przypadk\u00f3w<\/li>\n\n\n\n<li>Service desk: Poziom 3 Poni\u017cej 8 godzin na reakcj\u0119 i poni\u017cej 5 dni roboczych na rozwi\u0105zanie w 95% przypadk\u00f3w<\/li>\n\n\n\n<li>Czas reakcji na zg\u0142oszenie serwisowe: Poni\u017cej 8 godzin (proste incydenty) lub poni\u017cej 24 godzin (z\u0142o\u017cone incydenty) w 95% przypadk\u00f3w<\/li>\n\n\n\n<li>Czas reakcji na wprowadzenie zmian: 24 godziny na rozpocz\u0119cie planowania i dyskusji na temat bud\u017cetu 95% czasu<\/li>\n\n\n\n<li>Analiza przyczyn \u017ar\u00f3d\u0142owych: Incydenty z poziomu 1 i powa\u017cne maj\u0105 by\u0107 obs\u0142u\u017cone w ci\u0105gu 10 dni roboczych lub 3 dni roboczych w przypadku eskalacji 95% czasu<\/li>\n\n\n\n<li>Tworzenie kopii zapasowych infrastruktury zostanie zainicjowane zgodnie z ustalonym harmonogramem z 99,9% wska\u017anikiem powodzenia, a wszelkie nieobs\u0142u\u017cone incydenty zostan\u0105 ponownie zainicjowane nast\u0119pnego dnia roboczego<\/li>\n\n\n\n<li>Monitorowanie maszyn wirtualnych: Monitorowanie maszyn wirtualnych: pod k\u0105tem dost\u0119pno\u015bci (99,9%), pojemno\u015bci pami\u0119ci (95%), pojemno\u015bci obliczeniowej (95%) oraz powi\u0105zanych dysk\u00f3w pami\u0119ci masowej (90%)<\/li>\n\n\n\n<li>Monitorowanie antywirusowe: stanu agent\u00f3w i wykrywania z\u0142o\u015bliwego oprogramowania raz dziennie.<\/li>\n<\/ul>\n\n\n\n<p>*SLA s\u0105 przedmiotem umowy i s\u0105 okre\u015blane indywidualnie dla ka\u017cdej umowy.<\/p>\n<\/div><\/div><\/div><\/div><\/div><\/section>\n","protected":false},"excerpt":{"rendered":"","protected":false},"author":151,"featured_media":699588,"parent":607284,"menu_order":0,"comment_status":"closed","ping_status":"closed","template":"","meta":{"cg_dt_proposed_to":[8,18,5,30],"cg_seo_hreflang_relations":"","cg_seo_canonical_relation":"","cg_seo_hreflang_x_default_relation":"{\"uuid\":\"279ca9b5-d88a-4bb6-9940-6bd9722de20a\",\"blogId\":\"\",\"domain\":\"\",\"sitePath\":\"\",\"postLink\":\"\",\"postId\":null,\"isSaved\":false,\"isCrossLink\":false,\"hasCrossLink\":false}","cg_dt_approved_content":true,"cg_dt_mandatory_content":false,"cg_dt_notes":"","cg_dg_source_changed":false,"cg_dt_link_disabled":true,"_yoast_wpseo_primary_brand":"","footnotes":"","featured_focal_points":"","partner_card_description":"","gsap_animation":0},"brand":[],"partner_type":[],"service":[],"industry":[],"partners":[],"page-type":[206],"content-group":[],"class_list":["post-633612","page","type-page","status-publish","has-post-thumbnail","hentry","page-type-solutions"],"yoast_head":"<!-- This site is optimized with the Yoast SEO Premium plugin v22.8 (Yoast SEO v22.8) - https:\/\/yoast.com\/wordpress\/plugins\/seo\/ -->\n<title>Platforma Capgemini Cloud - Capgemini Poland<\/title>\n<meta name=\"robots\" content=\"index, follow, max-snippet:-1, max-image-preview:large, max-video-preview:-1\" \/>\n<link rel=\"canonical\" href=\"https:\/\/www.capgemini.com\/pl-pl\/rozwiazania\/platforma-capgemini-cloud\/\" \/>\n<meta property=\"og:locale\" content=\"pl_PL\" \/>\n<meta property=\"og:type\" content=\"article\" \/>\n<meta property=\"og:title\" content=\"Platforma Capgemini Cloud\" \/>\n<meta property=\"og:url\" content=\"https:\/\/www.capgemini.com\/pl-pl\/rozwiazania\/platforma-capgemini-cloud\/\" \/>\n<meta property=\"og:site_name\" content=\"Capgemini Poland\" \/>\n<meta property=\"article:modified_time\" content=\"2023-06-14T10:55:14+00:00\" \/>\n<meta property=\"og:image\" content=\"https:\/\/www.capgemini.com\/pl-pl\/wp-content\/uploads\/sites\/27\/2025\/10\/New-Web-preview-global.jpg\" \/>\n\t<meta property=\"og:image:width\" content=\"1200\" \/>\n\t<meta property=\"og:image:height\" content=\"627\" \/>\n\t<meta property=\"og:image:type\" content=\"image\/jpeg\" \/>\n<meta name=\"twitter:card\" content=\"summary_large_image\" \/>\n<meta name=\"twitter:label1\" content=\"Est. reading time\" \/>\n\t<meta name=\"twitter:data1\" content=\"4 minutes\" \/>\n<script type=\"application\/ld+json\" class=\"yoast-schema-graph\">{\"@context\":\"https:\/\/schema.org\",\"@graph\":[{\"@type\":\"WebPage\",\"@id\":\"https:\/\/www.capgemini.com\/pl-pl\/rozwiazania\/platforma-capgemini-cloud\/\",\"url\":\"https:\/\/www.capgemini.com\/pl-pl\/rozwiazania\/platforma-capgemini-cloud\/\",\"name\":\"Platforma Capgemini Cloud - Capgemini Poland\",\"isPartOf\":{\"@id\":\"https:\/\/www.capgemini.com\/pl-pl\/#website\"},\"primaryImageOfPage\":{\"@id\":\"https:\/\/www.capgemini.com\/pl-pl\/rozwiazania\/platforma-capgemini-cloud\/#primaryimage\"},\"image\":{\"@id\":\"https:\/\/www.capgemini.com\/pl-pl\/rozwiazania\/platforma-capgemini-cloud\/#primaryimage\"},\"thumbnailUrl\":\"\",\"datePublished\":\"2021-11-02T07:25:57+00:00\",\"dateModified\":\"2023-06-14T10:55:14+00:00\",\"breadcrumb\":{\"@id\":\"https:\/\/www.capgemini.com\/pl-pl\/rozwiazania\/platforma-capgemini-cloud\/#breadcrumb\"},\"inLanguage\":\"pl-PL\",\"potentialAction\":[{\"@type\":\"ReadAction\",\"target\":[\"https:\/\/www.capgemini.com\/pl-pl\/rozwiazania\/platforma-capgemini-cloud\/\"]}]},{\"@type\":\"ImageObject\",\"inLanguage\":\"pl-PL\",\"@id\":\"https:\/\/www.capgemini.com\/pl-pl\/rozwiazania\/platforma-capgemini-cloud\/#primaryimage\",\"url\":\"\",\"contentUrl\":\"\"},{\"@type\":\"BreadcrumbList\",\"@id\":\"https:\/\/www.capgemini.com\/pl-pl\/rozwiazania\/platforma-capgemini-cloud\/#breadcrumb\",\"itemListElement\":[{\"@type\":\"ListItem\",\"position\":1,\"name\":\"Home\",\"item\":\"https:\/\/www.capgemini.com\/pl-pl\/\"},{\"@type\":\"ListItem\",\"position\":2,\"name\":\"Rozwi\u0105zania\",\"item\":\"https:\/\/www.capgemini.com\/pl-pl\/rozwiazania\/\"},{\"@type\":\"ListItem\",\"position\":3,\"name\":\"Platforma Capgemini Cloud\"}]},{\"@type\":\"WebSite\",\"@id\":\"https:\/\/www.capgemini.com\/pl-pl\/#website\",\"url\":\"https:\/\/www.capgemini.com\/pl-pl\/\",\"name\":\"Capgemini Polska\",\"description\":\"Capgemini\",\"potentialAction\":[{\"@type\":\"SearchAction\",\"target\":{\"@type\":\"EntryPoint\",\"urlTemplate\":\"https:\/\/www.capgemini.com\/pl-pl\/?s={search_term_string}\"},\"query-input\":\"required name=search_term_string\"}],\"inLanguage\":\"pl-PL\"}]}<\/script>\n<!-- \/ Yoast SEO Premium plugin. -->","yoast_head_json":{"title":"Platforma Capgemini Cloud - Capgemini Poland","robots":{"index":"index","follow":"follow","max-snippet":"max-snippet:-1","max-image-preview":"max-image-preview:large","max-video-preview":"max-video-preview:-1"},"canonical":"https:\/\/www.capgemini.com\/pl-pl\/rozwiazania\/platforma-capgemini-cloud\/","og_locale":"pl_PL","og_type":"article","og_title":"Platforma Capgemini Cloud","og_url":"https:\/\/www.capgemini.com\/pl-pl\/rozwiazania\/platforma-capgemini-cloud\/","og_site_name":"Capgemini Poland","article_modified_time":"2023-06-14T10:55:14+00:00","og_image":[{"width":1200,"height":627,"url":"https:\/\/www.capgemini.com\/pl-pl\/wp-content\/uploads\/sites\/27\/2025\/10\/New-Web-preview-global.jpg","type":"image\/jpeg"}],"twitter_card":"summary_large_image","twitter_misc":{"Est. reading time":"4 minutes"},"schema":{"@context":"https:\/\/schema.org","@graph":[{"@type":"WebPage","@id":"https:\/\/www.capgemini.com\/pl-pl\/rozwiazania\/platforma-capgemini-cloud\/","url":"https:\/\/www.capgemini.com\/pl-pl\/rozwiazania\/platforma-capgemini-cloud\/","name":"Platforma Capgemini Cloud - Capgemini Poland","isPartOf":{"@id":"https:\/\/www.capgemini.com\/pl-pl\/#website"},"primaryImageOfPage":{"@id":"https:\/\/www.capgemini.com\/pl-pl\/rozwiazania\/platforma-capgemini-cloud\/#primaryimage"},"image":{"@id":"https:\/\/www.capgemini.com\/pl-pl\/rozwiazania\/platforma-capgemini-cloud\/#primaryimage"},"thumbnailUrl":"","datePublished":"2021-11-02T07:25:57+00:00","dateModified":"2023-06-14T10:55:14+00:00","breadcrumb":{"@id":"https:\/\/www.capgemini.com\/pl-pl\/rozwiazania\/platforma-capgemini-cloud\/#breadcrumb"},"inLanguage":"pl-PL","potentialAction":[{"@type":"ReadAction","target":["https:\/\/www.capgemini.com\/pl-pl\/rozwiazania\/platforma-capgemini-cloud\/"]}]},{"@type":"ImageObject","inLanguage":"pl-PL","@id":"https:\/\/www.capgemini.com\/pl-pl\/rozwiazania\/platforma-capgemini-cloud\/#primaryimage","url":"","contentUrl":""},{"@type":"BreadcrumbList","@id":"https:\/\/www.capgemini.com\/pl-pl\/rozwiazania\/platforma-capgemini-cloud\/#breadcrumb","itemListElement":[{"@type":"ListItem","position":1,"name":"Home","item":"https:\/\/www.capgemini.com\/pl-pl\/"},{"@type":"ListItem","position":2,"name":"Rozwi\u0105zania","item":"https:\/\/www.capgemini.com\/pl-pl\/rozwiazania\/"},{"@type":"ListItem","position":3,"name":"Platforma Capgemini Cloud"}]},{"@type":"WebSite","@id":"https:\/\/www.capgemini.com\/pl-pl\/#website","url":"https:\/\/www.capgemini.com\/pl-pl\/","name":"Capgemini Polska","description":"Capgemini","potentialAction":[{"@type":"SearchAction","target":{"@type":"EntryPoint","urlTemplate":"https:\/\/www.capgemini.com\/pl-pl\/?s={search_term_string}"},"query-input":"required name=search_term_string"}],"inLanguage":"pl-PL"}]}},"brand_term":[],"parsely":{"version":"1.1.0","canonical_url":"https:\/\/capgemini.com\/pl-pl\/rozwiazania\/platforma-capgemini-cloud\/","smart_links":{"inbound":0,"outbound":0},"traffic_boost_suggestions_count":0,"meta":{"@context":"https:\/\/schema.org","@type":"WebPage","headline":"Platforma Capgemini Cloud","url":"https:\/\/www.capgemini.com\/pl-pl\/rozwiazania\/platforma-capgemini-cloud\/","mainEntityOfPage":{"@type":"WebPage","@id":"https:\/\/www.capgemini.com\/pl-pl\/rozwiazania\/platforma-capgemini-cloud\/"},"thumbnailUrl":"","image":{"@type":"ImageObject","url":""},"articleSection":"Uncategorized","author":[],"creator":[],"publisher":{"@type":"Organization","name":"Capgemini Poland","logo":""},"keywords":[],"dateCreated":"2021-11-02T07:25:57Z","datePublished":"2021-11-02T07:25:57Z","dateModified":"2023-06-14T10:55:14Z"},"rendered":"<meta name=\"parsely-title\" content=\"Platforma Capgemini Cloud\" \/>\n<meta name=\"parsely-link\" content=\"https:\/\/www.capgemini.com\/pl-pl\/rozwiazania\/platforma-capgemini-cloud\/\" \/>\n<meta name=\"parsely-type\" content=\"index\" \/>\n<meta name=\"parsely-pub-date\" content=\"2021-11-02T07:25:57Z\" \/>\n<meta name=\"parsely-section\" content=\"Uncategorized\" \/>","tracker_url":"https:\/\/cdn.parsely.com\/keys\/capgemini.com\/p.js"},"archive_status":false,"featured_image_src":"https:\/\/www.capgemini.com\/pl-pl\/wp-content\/themes\/capgemini2025\/assets\/images\/mockup.png","featured_image_alt":"","jetpack_sharing_enabled":true,"distributor_meta":false,"distributor_terms":false,"distributor_media":false,"distributor_original_site_name":"Capgemini Poland","distributor_original_site_url":"https:\/\/www.capgemini.com\/pl-pl","push-errors":false,"_links":{"self":[{"href":"https:\/\/www.capgemini.com\/pl-pl\/wp-json\/wp\/v2\/pages\/633612","targetHints":{"allow":["GET"]}}],"collection":[{"href":"https:\/\/www.capgemini.com\/pl-pl\/wp-json\/wp\/v2\/pages"}],"about":[{"href":"https:\/\/www.capgemini.com\/pl-pl\/wp-json\/wp\/v2\/types\/page"}],"author":[{"embeddable":true,"href":"https:\/\/www.capgemini.com\/pl-pl\/wp-json\/wp\/v2\/users\/151"}],"replies":[{"embeddable":true,"href":"https:\/\/www.capgemini.com\/pl-pl\/wp-json\/wp\/v2\/comments?post=633612"}],"version-history":[{"count":3,"href":"https:\/\/www.capgemini.com\/pl-pl\/wp-json\/wp\/v2\/pages\/633612\/revisions"}],"predecessor-version":[{"id":904617,"href":"https:\/\/www.capgemini.com\/pl-pl\/wp-json\/wp\/v2\/pages\/633612\/revisions\/904617"}],"up":[{"embeddable":true,"href":"https:\/\/www.capgemini.com\/pl-pl\/wp-json\/wp\/v2\/pages\/607284"}],"wp:featuredmedia":[{"embeddable":true,"href":"https:\/\/www.capgemini.com\/pl-pl\/wp-json\/"}],"wp:attachment":[{"href":"https:\/\/www.capgemini.com\/pl-pl\/wp-json\/wp\/v2\/media?parent=633612"}],"wp:term":[{"taxonomy":"brand","embeddable":true,"href":"https:\/\/www.capgemini.com\/pl-pl\/wp-json\/wp\/v2\/brand?post=633612"},{"taxonomy":"partner_type","embeddable":true,"href":"https:\/\/www.capgemini.com\/pl-pl\/wp-json\/wp\/v2\/partner_type?post=633612"},{"taxonomy":"service","embeddable":true,"href":"https:\/\/www.capgemini.com\/pl-pl\/wp-json\/wp\/v2\/service?post=633612"},{"taxonomy":"industry","embeddable":true,"href":"https:\/\/www.capgemini.com\/pl-pl\/wp-json\/wp\/v2\/industry?post=633612"},{"taxonomy":"partners","embeddable":true,"href":"https:\/\/www.capgemini.com\/pl-pl\/wp-json\/wp\/v2\/partners?post=633612"},{"taxonomy":"page-type","embeddable":true,"href":"https:\/\/www.capgemini.com\/pl-pl\/wp-json\/wp\/v2\/page-type?post=633612"},{"taxonomy":"content-group","embeddable":true,"href":"https:\/\/www.capgemini.com\/pl-pl\/wp-json\/wp\/v2\/content-group?post=633612"}],"curies":[{"name":"wp","href":"https:\/\/api.w.org\/{rel}","templated":true}]}}