{"id":633589,"date":"2021-11-02T05:42:01","date_gmt":"2021-11-02T05:42:01","guid":{"rendered":"https:\/\/www.capgemini.com\/?page_id=633589"},"modified":"2025-03-12T10:07:33","modified_gmt":"2025-03-12T10:07:33","slug":"perform-ai","status":"publish","type":"page","link":"https:\/\/www.capgemini.com\/pl-pl\/rozwiazania\/perform-ai\/","title":{"rendered":"Perform AI"},"content":{"rendered":"\n<header class=\"wp-block-cg-blocks-hero-reusable header heroReusable  \"><div class=\"header-bgs\"><\/div><div class=\"heroPictureCardHeaderShape\"><\/div><div class=\"container\"><div class=\"row\"><div class=\"col-md-12\"><div class=\"box\"><div class=\"boxTagWrapper\"><div class=\"tagInfo\"><div><span class=\"box-tag\">Solution<\/span><\/div><\/div><\/div><div class=\"box-title\"><h1 data-maxlength=\"34\">Perform AI <\/h1><\/div><div class=\"inner-row-insight download-btn\"><\/div><\/div><\/div><\/div><\/div><\/header>\n\n\n\n<section class=\"wp-block-cg-blocks-intro-para undefined section section--intro\"><div class=\"intro-para\"><div class=\"container\"><div class=\"row\"><div class=\"col-12 col-md-1\"><nav class=\"article-social\"><ul class=\"social-nav\"><li class=\"ip-order-fb\"><a href=\"https:\/\/www.facebook.com\/sharer\/sharer.php?u=https:\/\/www.capgemini.com\/pl-pl\/rozwiazania\/perform-ai\/\" target=\"_blank\" rel=\"noopener noreferrer\" title=\"otwiera si\u0119 w nowym oknie\"><i aria-hidden=\"true\" class=\"icon-fb\"><\/i><span class=\"sr-only\">Facebook<\/span><\/a><\/li><li class=\"ip-order-li\"><a href=\"https:\/\/www.linkedin.com\/sharing\/share-offsite\/?url=https:\/\/www.capgemini.com\/pl-pl\/rozwiazania\/perform-ai\/\" target=\"_blank\" rel=\"noopener noreferrer\" title=\"otwiera si\u0119 w nowym oknie\"><i aria-hidden=\"true\" class=\"icon-li\"><\/i><span class=\"sr-only\">Linkedin<\/span><\/a><\/li><\/ul><\/nav><\/div><div class=\"col-12 col-md-11 col-lg-10\"><h2 class=\"intro-para-title\">Aktywuj dane. Zwi\u0119kszaj inteligencj\u0119. Poprawiaj wyniki.<\/h2><\/div><\/div><\/div><\/div><\/section>\n\n\n\n<section class=\"wp-block-cg-blocks-group undefined section section--article-content\"><div class=\"article-main-content\"><div class=\"container\"><div class=\"row\"><div class=\"col-12 col-md-11 col-lg-10 offset-md-1 offset-lg-1\"><div class=\"article-text article-quote-text\">\n<h2 class=\"wp-block-heading\" id=\"h-wykorzystanie-transformacyjnej-mocy-danych-i-sztucznej-inteligencji-za-pomoca-perform-ai\">Wykorzystanie transformacyjnej mocy danych i sztucznej inteligencji za pomoc\u0105 Perform AI<\/h2>\n\n\n\n<p>Sztuczna inteligencja (AI) przesta\u0142a by\u0107 projektem pilota\u017cowym, wkroczy\u0142a na szerszy rynek. 53% organizacji zdo\u0142a\u0142o zwi\u0119kszy\u0107 skal\u0119 projekt\u00f3w AI w produkcji, ale tylko 13% wdro\u017cy\u0142o wiele aplikacji AI w wielu zespo\u0142ach, jak wynika z raportu Capgemini Research Institute \u2014&nbsp;<a href=\"https:\/\/www.capgemini.com\/research\/the-ai-powered-enterprise\/\" target=\"_blank\" rel=\"noreferrer noopener\">Przedsi\u0119biorstwo oparte na sztucznej inteligencji to: Uwalnianie potencja\u0142u sztucznej inteligencji na du\u017c\u0105 skal\u0119<\/a>.<\/p>\n\n\n\n<p>Perform AI, kompleksowe portfolio us\u0142ug AI i Analytics firmy Capgemini, zapewnia organizacji mo\u017cliwo\u015b\u0107 wykorzystania pe\u0142nej transformacyjnej mocy danych i AI w du\u017cej skali. Aktywuj\u0105c dane i spostrze\u017cenia w centrum biznesu, w codziennych decyzjach i dzia\u0142aniach, zwi\u0119kszysz inteligencj\u0119 swojej organizacji i wzmocnisz wyniki biznesowe, kt\u00f3rych oczekujesz od danych i sztucznej inteligencji.<\/p>\n\n\n\n<figure class=\"wp-block-embed is-type-video is-provider-youtube wp-block-embed-youtube wp-embed-aspect-16-9 wp-has-aspect-ratio\"><div class=\"wp-block-embed__wrapper\">\n<iframe loading=\"lazy\" title=\"How Capgemini\u2019s Perform AI uses data and AI to create trusted business outcomes\" width=\"960\" height=\"540\" src=\"https:\/\/www.youtube.com\/embed\/NyMIbq6T4HY?feature=oembed\" frameborder=\"0\" allow=\"accelerometer; autoplay; clipboard-write; encrypted-media; gyroscope; picture-in-picture; web-share\" referrerpolicy=\"strict-origin-when-cross-origin\" allowfullscreen><\/iframe>\n<\/div><\/figure>\n\n\n\n<p><\/p>\n\n\n\n<h2 class=\"wp-block-heading\" id=\"h-dane-i-ai-dla-wiarygodnych-wynikow-biznesowych\"><strong>Dane i AI dla wiarygodnych wynik\u00f3w biznesowych<\/strong><\/h2>\n\n\n\n<p>Czo\u0142owe organizacje ju\u017c dzi\u015b wykorzystuj\u0105 transformacyjn\u0105 moc danych i AI do projektowania i wprowadzania na rynek nowych produkt\u00f3w, us\u0142ug, modeli biznesowych \u2014 a nawet tworzenia nowych rynk\u00f3w. Znajduj\u0105 r\u00f3wnie\u017c wydajno\u015b\u0107, optymalizuj\u0105 procesy i zmniejszaj\u0105 koszty, staj\u0105 si\u0119 bardziej zwinne, dzi\u0119ki czemu mog\u0105 wykorzysta\u0107 nowe mo\u017cliwo\u015bci, a tak\u017ce rozwijaj\u0105 wi\u0119ksz\u0105 odporno\u015b\u0107 na nag\u0142e kryzysy.<\/p>\n\n\n\n<p>Nasze zespo\u0142y maj\u0105 udokumentowane do\u015bwiadczenie w dostarczaniu konkretnych wynik\u00f3w biznesowych na skal\u0119 globaln\u0105, w r\u00f3\u017cnych bran\u017cach i sektorach:<\/p>\n\n\n\n<figure class=\"wp-block-image aligncenter\"><a href=\"https:\/\/www.capgemini.com\/wp-content\/uploads\/2019\/01\/Business-Outcomes-infographic.jpg\" target=\"_blank\" rel=\"noreferrer noopener\"><img decoding=\"async\" src=\"https:\/\/www.capgemini.com\/wp-content\/uploads\/2019\/01\/Business-Outcomes-infographic-e1608039558348.png?w=960\" alt=\"\" class=\"wp-image-522386\"\/><\/a><\/figure>\n\n\n\n<p><strong><em>Kliknij obrazek, aby go powi\u0119kszy\u0107<\/em><\/strong><\/p>\n\n\n\n<p>*<a href=\"https:\/\/www.capgemini.com\/news\/capgemini-recognized-for-innovation-in-artificial-intelligence-with-2020-ai-breakthrough-award\/\"><em>Capgemini zdobywa nagrod\u0119 2020 Artificial Intelligence Breakthrough za najlepsze rozwi\u0105zanie dla wirtualnych agent\u00f3w<\/em><\/a><\/p>\n\n\n\n<h2 class=\"wp-block-heading\" id=\"h-odpowiedni-zespol-do-skalowania-danych-i-sztucznej-inteligencji\"><strong>Odpowiedni zesp\u00f3\u0142 do skalowania danych i sztucznej inteligencji<\/strong><\/h2>\n\n\n\n<p>Dzi\u0119ki specjalistom ds. danych i AI w du\u017cej skali, pracuj\u0105cym dla ponad 800 klient\u00f3w na ca\u0142ym \u015bwiecie, wspieranym przez AI Centres of Excellence we wszystkich regionach, mo\u017cliwo\u015bci Capgemini s\u0105 niezr\u00f3wnane.<\/p>\n\n\n\n<p>Nie tylko pokazujemy organizacjom, jak transformacyjne mog\u0105 by\u0107 dane i sztuczna inteligencja, ale rzeczywi\u015bcie im je dostarczamy. Definiujemy w\u0142a\u015bciw\u0105 strategi\u0119 z my\u015bl\u0105 o industrializacji, operacjonalizacji i skali. Zapewniamy w\u0142a\u015bciwe podej\u015bcie do wyszukiwania u\u017cytecznych, zaufanych informacji dla zespo\u0142\u00f3w, a tak\u017ce w\u0142\u0105czenie ich w proces transformacji. Budujemy odpowiednie rozwi\u0105zania dla Twojego biznesu i wdra\u017camy je w odpowiednim ci\u0105g\u0142ym trybie, aby zmaksymalizowa\u0107 ich pozytywny wp\u0142yw.<\/p>\n\n\n\n<figure class=\"wp-block-image aligncenter\"><a href=\"https:\/\/www.capgemini.com\/wp-content\/uploads\/2019\/01\/Perform-AI-framework-2021.png\" target=\"_blank\" rel=\"noreferrer noopener\"><img decoding=\"async\" src=\"https:\/\/www.capgemini.com\/wp-content\/uploads\/2019\/01\/Perform-AI-framework-2021.png?w=960\" alt=\"\" class=\"wp-image-634484\"\/><\/a><\/figure>\n\n\n\n<p><em><strong>Kliknij obrazek, aby go powi\u0119kszy\u0107<\/strong><\/em><\/p>\n\n\n\n<p>Jeste\u015bmy przekonani o transformacyjnej mocy danych i sztucznej inteligencji w budowaniu pozytywnej przysz\u0142o\u015bci spo\u0142ecze\u0144stw. Wsp\u00f3\u0142pracujemy z Tob\u0105, aby wykorzysta\u0107 dane i sztuczn\u0105 inteligencj\u0119 w spos\u00f3b etyczny i skoncentrowany na cz\u0142owieku. Pracujemy z Twoimi zespo\u0142ami, aby rozwin\u0105\u0107 odpowiednie przyw\u00f3dztwo, mentalno\u015b\u0107, kultur\u0119 i sposoby pracy oparte na danych i AI, kt\u00f3re pasuj\u0105 do warto\u015bci Twojej organizacji. Wi\u0119cej informacji znajdziesz w naszym raporcie&nbsp;<a href=\"https:\/\/www.capgemini.com\/research\/ai-and-the-ethical-conundrum\/\" target=\"_blank\" rel=\"noreferrer noopener\">Sztuczna inteligencja i zagadka etyczna: Jak organizacje mog\u0105 budowa\u0107 etycznie solidne systemy AI i zdobywa\u0107 zaufanie.<\/a><\/p>\n\n\n\n<p>Pomagamy zr\u00f3wnowa\u017cy\u0107 doskona\u0142o\u015b\u0107 operacyjn\u0105 z innowacyjno\u015bci\u0105 biznesow\u0105, co zapewni odporno\u015b\u0107 na obecne i przysz\u0142e kryzysy, aby wygra\u0107 na swoim rynku i chroni\u0107 swoich pracownik\u00f3w. Pomagamy te\u017c znale\u017a\u0107 mo\u017cliwo\u015bci proaktywnego wykorzystania danych i sztucznej inteligencji, aby zapewni\u0107 ich pozytywny wp\u0142yw na Tw\u00f3j biznes i nasze spo\u0142ecze\u0144stwo.<\/p>\n\n\n\n<p>Czas zmieni\u0107 bieg, skalowa\u0107 zaufane rozwi\u0105zania dotycz\u0105ce danych i sztucznej inteligencji oraz wkroczy\u0107 w przysz\u0142o\u015b\u0107, do kt\u00f3rej d\u0105\u017cysz.<\/p>\n<\/div><\/div><\/div><\/div><\/div><\/section>\n","protected":false},"excerpt":{"rendered":"","protected":false},"author":151,"featured_media":0,"parent":607284,"menu_order":0,"comment_status":"closed","ping_status":"closed","template":"","meta":{"cg_dt_proposed_to":[8,18,5,30],"cg_seo_hreflang_relations":"[]","cg_seo_canonical_relation":"","cg_seo_hreflang_x_default_relation":"{\"uuid\":\"45948b73-69c7-4eba-9a3b-8985bd4f87da\",\"blogId\":\"\",\"domain\":\"\",\"sitePath\":\"\",\"postLink\":\"\",\"postId\":null,\"isSaved\":false,\"isCrossLink\":false,\"hasCrossLink\":false}","cg_dt_approved_content":true,"cg_dt_mandatory_content":false,"cg_dt_notes":"","cg_dg_source_changed":false,"cg_dt_link_disabled":true,"_yoast_wpseo_primary_brand":"","footnotes":"","featured_focal_points":"","partner_card_description":"","gsap_animation":0},"brand":[],"partner_type":[],"service":[],"industry":[],"partners":[],"page-type":[206],"content-group":[],"class_list":["post-633589","page","type-page","status-publish","hentry","page-type-solutions"],"yoast_head":"<!-- This site is optimized with the Yoast SEO Premium plugin v22.8 (Yoast SEO v22.8) - https:\/\/yoast.com\/wordpress\/plugins\/seo\/ -->\n<title>Perform AI - Capgemini Poland<\/title>\n<meta name=\"robots\" content=\"index, follow, max-snippet:-1, max-image-preview:large, max-video-preview:-1\" \/>\n<link rel=\"canonical\" href=\"https:\/\/www.capgemini.com\/pl-pl\/rozwiazania\/perform-ai\/\" \/>\n<meta property=\"og:locale\" content=\"pl_PL\" \/>\n<meta property=\"og:type\" content=\"article\" \/>\n<meta property=\"og:title\" content=\"Perform AI\" \/>\n<meta property=\"og:url\" content=\"https:\/\/www.capgemini.com\/pl-pl\/rozwiazania\/perform-ai\/\" \/>\n<meta property=\"og:site_name\" content=\"Capgemini Poland\" \/>\n<meta property=\"article:modified_time\" content=\"2025-03-12T10:07:33+00:00\" \/>\n<meta property=\"og:image\" content=\"https:\/\/www.capgemini.com\/wp-content\/uploads\/2019\/01\/Business-Outcomes-infographic-e1608039558348.png?w=960\" \/>\n<meta name=\"twitter:card\" content=\"summary_large_image\" \/>\n<script type=\"application\/ld+json\" class=\"yoast-schema-graph\">{\"@context\":\"https:\/\/schema.org\",\"@graph\":[{\"@type\":\"WebPage\",\"@id\":\"https:\/\/www.capgemini.com\/pl-pl\/rozwiazania\/perform-ai\/\",\"url\":\"https:\/\/www.capgemini.com\/pl-pl\/rozwiazania\/perform-ai\/\",\"name\":\"Perform AI - Capgemini Poland\",\"isPartOf\":{\"@id\":\"https:\/\/www.capgemini.com\/pl-pl\/#website\"},\"primaryImageOfPage\":{\"@id\":\"https:\/\/www.capgemini.com\/pl-pl\/rozwiazania\/perform-ai\/#primaryimage\"},\"image\":{\"@id\":\"https:\/\/www.capgemini.com\/pl-pl\/rozwiazania\/perform-ai\/#primaryimage\"},\"thumbnailUrl\":\"https:\/\/www.capgemini.com\/wp-content\/uploads\/2019\/01\/Business-Outcomes-infographic-e1608039558348.png?w=960\",\"datePublished\":\"2021-11-02T05:42:01+00:00\",\"dateModified\":\"2025-03-12T10:07:33+00:00\",\"breadcrumb\":{\"@id\":\"https:\/\/www.capgemini.com\/pl-pl\/rozwiazania\/perform-ai\/#breadcrumb\"},\"inLanguage\":\"pl-PL\",\"potentialAction\":[{\"@type\":\"ReadAction\",\"target\":[\"https:\/\/www.capgemini.com\/pl-pl\/rozwiazania\/perform-ai\/\"]}]},{\"@type\":\"ImageObject\",\"inLanguage\":\"pl-PL\",\"@id\":\"https:\/\/www.capgemini.com\/pl-pl\/rozwiazania\/perform-ai\/#primaryimage\",\"url\":\"https:\/\/www.capgemini.com\/wp-content\/uploads\/2019\/01\/Business-Outcomes-infographic-e1608039558348.png?w=960\",\"contentUrl\":\"https:\/\/www.capgemini.com\/wp-content\/uploads\/2019\/01\/Business-Outcomes-infographic-e1608039558348.png?w=960\"},{\"@type\":\"BreadcrumbList\",\"@id\":\"https:\/\/www.capgemini.com\/pl-pl\/rozwiazania\/perform-ai\/#breadcrumb\",\"itemListElement\":[{\"@type\":\"ListItem\",\"position\":1,\"name\":\"Home\",\"item\":\"https:\/\/www.capgemini.com\/pl-pl\/\"},{\"@type\":\"ListItem\",\"position\":2,\"name\":\"Rozwi\u0105zania\",\"item\":\"https:\/\/www.capgemini.com\/pl-pl\/rozwiazania\/\"},{\"@type\":\"ListItem\",\"position\":3,\"name\":\"Perform AI\"}]},{\"@type\":\"WebSite\",\"@id\":\"https:\/\/www.capgemini.com\/pl-pl\/#website\",\"url\":\"https:\/\/www.capgemini.com\/pl-pl\/\",\"name\":\"Capgemini Polska\",\"description\":\"Capgemini\",\"potentialAction\":[{\"@type\":\"SearchAction\",\"target\":{\"@type\":\"EntryPoint\",\"urlTemplate\":\"https:\/\/www.capgemini.com\/pl-pl\/?s={search_term_string}\"},\"query-input\":\"required name=search_term_string\"}],\"inLanguage\":\"pl-PL\"}]}<\/script>\n<!-- \/ Yoast SEO Premium plugin. -->","yoast_head_json":{"title":"Perform AI - Capgemini Poland","robots":{"index":"index","follow":"follow","max-snippet":"max-snippet:-1","max-image-preview":"max-image-preview:large","max-video-preview":"max-video-preview:-1"},"canonical":"https:\/\/www.capgemini.com\/pl-pl\/rozwiazania\/perform-ai\/","og_locale":"pl_PL","og_type":"article","og_title":"Perform AI","og_url":"https:\/\/www.capgemini.com\/pl-pl\/rozwiazania\/perform-ai\/","og_site_name":"Capgemini Poland","article_modified_time":"2025-03-12T10:07:33+00:00","og_image":[{"url":"https:\/\/www.capgemini.com\/wp-content\/uploads\/2019\/01\/Business-Outcomes-infographic-e1608039558348.png?w=960"}],"twitter_card":"summary_large_image","schema":{"@context":"https:\/\/schema.org","@graph":[{"@type":"WebPage","@id":"https:\/\/www.capgemini.com\/pl-pl\/rozwiazania\/perform-ai\/","url":"https:\/\/www.capgemini.com\/pl-pl\/rozwiazania\/perform-ai\/","name":"Perform AI - Capgemini Poland","isPartOf":{"@id":"https:\/\/www.capgemini.com\/pl-pl\/#website"},"primaryImageOfPage":{"@id":"https:\/\/www.capgemini.com\/pl-pl\/rozwiazania\/perform-ai\/#primaryimage"},"image":{"@id":"https:\/\/www.capgemini.com\/pl-pl\/rozwiazania\/perform-ai\/#primaryimage"},"thumbnailUrl":"https:\/\/www.capgemini.com\/wp-content\/uploads\/2019\/01\/Business-Outcomes-infographic-e1608039558348.png?w=960","datePublished":"2021-11-02T05:42:01+00:00","dateModified":"2025-03-12T10:07:33+00:00","breadcrumb":{"@id":"https:\/\/www.capgemini.com\/pl-pl\/rozwiazania\/perform-ai\/#breadcrumb"},"inLanguage":"pl-PL","potentialAction":[{"@type":"ReadAction","target":["https:\/\/www.capgemini.com\/pl-pl\/rozwiazania\/perform-ai\/"]}]},{"@type":"ImageObject","inLanguage":"pl-PL","@id":"https:\/\/www.capgemini.com\/pl-pl\/rozwiazania\/perform-ai\/#primaryimage","url":"https:\/\/www.capgemini.com\/wp-content\/uploads\/2019\/01\/Business-Outcomes-infographic-e1608039558348.png?w=960","contentUrl":"https:\/\/www.capgemini.com\/wp-content\/uploads\/2019\/01\/Business-Outcomes-infographic-e1608039558348.png?w=960"},{"@type":"BreadcrumbList","@id":"https:\/\/www.capgemini.com\/pl-pl\/rozwiazania\/perform-ai\/#breadcrumb","itemListElement":[{"@type":"ListItem","position":1,"name":"Home","item":"https:\/\/www.capgemini.com\/pl-pl\/"},{"@type":"ListItem","position":2,"name":"Rozwi\u0105zania","item":"https:\/\/www.capgemini.com\/pl-pl\/rozwiazania\/"},{"@type":"ListItem","position":3,"name":"Perform AI"}]},{"@type":"WebSite","@id":"https:\/\/www.capgemini.com\/pl-pl\/#website","url":"https:\/\/www.capgemini.com\/pl-pl\/","name":"Capgemini Polska","description":"Capgemini","potentialAction":[{"@type":"SearchAction","target":{"@type":"EntryPoint","urlTemplate":"https:\/\/www.capgemini.com\/pl-pl\/?s={search_term_string}"},"query-input":"required name=search_term_string"}],"inLanguage":"pl-PL"}]}},"brand_term":[],"parsely":{"version":"1.1.0","canonical_url":"https:\/\/capgemini.com\/pl-pl\/rozwiazania\/perform-ai\/","smart_links":{"inbound":0,"outbound":0},"traffic_boost_suggestions_count":0,"meta":{"@context":"https:\/\/schema.org","@type":"WebPage","headline":"Perform AI","url":"https:\/\/www.capgemini.com\/pl-pl\/rozwiazania\/perform-ai\/","mainEntityOfPage":{"@type":"WebPage","@id":"https:\/\/www.capgemini.com\/pl-pl\/rozwiazania\/perform-ai\/"},"thumbnailUrl":"","image":{"@type":"ImageObject","url":""},"articleSection":"Uncategorized","author":[],"creator":[],"publisher":{"@type":"Organization","name":"Capgemini Poland","logo":""},"keywords":[],"dateCreated":"2021-11-02T05:42:01Z","datePublished":"2021-11-02T05:42:01Z","dateModified":"2025-03-12T10:07:33Z"},"rendered":"<meta name=\"parsely-title\" content=\"Perform AI\" \/>\n<meta name=\"parsely-link\" content=\"https:\/\/www.capgemini.com\/pl-pl\/rozwiazania\/perform-ai\/\" \/>\n<meta name=\"parsely-type\" content=\"index\" \/>\n<meta name=\"parsely-pub-date\" content=\"2021-11-02T05:42:01Z\" \/>\n<meta name=\"parsely-section\" content=\"Uncategorized\" \/>","tracker_url":"https:\/\/cdn.parsely.com\/keys\/capgemini.com\/p.js"},"archive_status":false,"featured_image_src":"https:\/\/www.capgemini.com\/pl-pl\/wp-content\/themes\/capgemini2025\/assets\/images\/mockup.png","featured_image_alt":false,"jetpack_sharing_enabled":true,"distributor_meta":false,"distributor_terms":false,"distributor_media":false,"distributor_original_site_name":"Capgemini Poland","distributor_original_site_url":"https:\/\/www.capgemini.com\/pl-pl","push-errors":false,"_links":{"self":[{"href":"https:\/\/www.capgemini.com\/pl-pl\/wp-json\/wp\/v2\/pages\/633589","targetHints":{"allow":["GET"]}}],"collection":[{"href":"https:\/\/www.capgemini.com\/pl-pl\/wp-json\/wp\/v2\/pages"}],"about":[{"href":"https:\/\/www.capgemini.com\/pl-pl\/wp-json\/wp\/v2\/types\/page"}],"author":[{"embeddable":true,"href":"https:\/\/www.capgemini.com\/pl-pl\/wp-json\/wp\/v2\/users\/151"}],"replies":[{"embeddable":true,"href":"https:\/\/www.capgemini.com\/pl-pl\/wp-json\/wp\/v2\/comments?post=633589"}],"version-history":[{"count":3,"href":"https:\/\/www.capgemini.com\/pl-pl\/wp-json\/wp\/v2\/pages\/633589\/revisions"}],"predecessor-version":[{"id":909338,"href":"https:\/\/www.capgemini.com\/pl-pl\/wp-json\/wp\/v2\/pages\/633589\/revisions\/909338"}],"up":[{"embeddable":true,"href":"https:\/\/www.capgemini.com\/pl-pl\/wp-json\/wp\/v2\/pages\/607284"}],"wp:attachment":[{"href":"https:\/\/www.capgemini.com\/pl-pl\/wp-json\/wp\/v2\/media?parent=633589"}],"wp:term":[{"taxonomy":"brand","embeddable":true,"href":"https:\/\/www.capgemini.com\/pl-pl\/wp-json\/wp\/v2\/brand?post=633589"},{"taxonomy":"partner_type","embeddable":true,"href":"https:\/\/www.capgemini.com\/pl-pl\/wp-json\/wp\/v2\/partner_type?post=633589"},{"taxonomy":"service","embeddable":true,"href":"https:\/\/www.capgemini.com\/pl-pl\/wp-json\/wp\/v2\/service?post=633589"},{"taxonomy":"industry","embeddable":true,"href":"https:\/\/www.capgemini.com\/pl-pl\/wp-json\/wp\/v2\/industry?post=633589"},{"taxonomy":"partners","embeddable":true,"href":"https:\/\/www.capgemini.com\/pl-pl\/wp-json\/wp\/v2\/partners?post=633589"},{"taxonomy":"page-type","embeddable":true,"href":"https:\/\/www.capgemini.com\/pl-pl\/wp-json\/wp\/v2\/page-type?post=633589"},{"taxonomy":"content-group","embeddable":true,"href":"https:\/\/www.capgemini.com\/pl-pl\/wp-json\/wp\/v2\/content-group?post=633589"}],"curies":[{"name":"wp","href":"https:\/\/api.w.org\/{rel}","templated":true}]}}