{"id":632746,"date":"2021-10-19T04:32:34","date_gmt":"2021-10-19T04:32:34","guid":{"rendered":"https:\/\/www.capgemini.com\/?page_id=632746"},"modified":"2025-03-12T10:07:48","modified_gmt":"2025-03-12T10:07:48","slug":"touchless-endorsements-for-pc-insurance","status":"publish","type":"page","link":"https:\/\/www.capgemini.com\/pl-pl\/rozwiazania\/rozwiazanie-touchless-endorsements-w-zakresie-ubezpieczen-majatkowych-i-wypadkowych\/","title":{"rendered":"Rozwi\u0105zanie touchless endorsements w zakresie ubezpiecze\u0144 maj\u0105tkowych i wypadkowych (P&amp;C)"},"content":{"rendered":"\n<header class=\"wp-block-cg-blocks-hero-reusable header heroReusable  \"><div class=\"header-bgs\"><\/div><div class=\"heroPictureCardHeaderShape\"><\/div><div class=\"container\"><div class=\"row\"><div class=\"col-md-12\"><div class=\"box\"><div class=\"boxTagWrapper\"><div class=\"tagInfo\"><div><span class=\"box-tag\">Solution<\/span><\/div><\/div><\/div><div class=\"box-title\"><h1 data-maxlength=\"34\">Rozwi\u0105zanie touchless endorsements w zakresie ubezpiecze\u0144 maj\u0105tkowych i wypadkowych (P&amp;C)<\/h1><\/div><div class=\"inner-row-insight download-btn\"><\/div><\/div><\/div><\/div><\/div><\/header>\n\n\n\n<section class=\"wp-block-cg-blocks-intro-para undefined section section--intro pt48\"><div class=\"intro-para\"><div class=\"container\"><div class=\"row\"><div class=\"col-12 col-md-1\"><nav class=\"article-social\"><ul class=\"social-nav\"><li class=\"ip-order-fb\"><a href=\"https:\/\/www.facebook.com\/sharer\/sharer.php?u=https:\/\/www.capgemini.com\/pl-pl\/rozwiazania\/rozwiazanie-touchless-endorsements-w-zakresie-ubezpieczen-majatkowych-i-wypadkowych\/\" target=\"_blank\" rel=\"noopener noreferrer\" title=\"otwiera si\u0119 w nowym oknie\"><i aria-hidden=\"true\" class=\"icon-fb\"><\/i><span class=\"sr-only\">Facebook<\/span><\/a><\/li><li class=\"ip-order-li\"><a href=\"https:\/\/www.linkedin.com\/sharing\/share-offsite\/?url=https:\/\/www.capgemini.com\/pl-pl\/rozwiazania\/rozwiazanie-touchless-endorsements-w-zakresie-ubezpieczen-majatkowych-i-wypadkowych\/\" target=\"_blank\" rel=\"noopener noreferrer\" title=\"otwiera si\u0119 w nowym oknie\"><i aria-hidden=\"true\" class=\"icon-li\"><\/i><span class=\"sr-only\">Linkedin<\/span><\/a><\/li><\/ul><\/nav><\/div><div class=\"col-12 col-md-11 col-lg-10\"><h2 class=\"intro-para-title\">Wdro\u017cenie inteligentnego, bezproblemowego do\u015bwiadczenia w ca\u0142ym \u0142a\u0144cuchu warto\u015bci potwierdze\u0144 w ubezpieczeniach maj\u0105tkowych i wypadkowych<\/h2><\/div><\/div><\/div><\/div><\/section>\n\n\n\n<section class=\"wp-block-cg-blocks-group undefined section section--article-content section--story-content article-body\"><div class=\"article-main-content\"><div class=\"container\"><div class=\"row\"><div class=\"col-12 col-md-11 col-lg-10 offset-md-1 offset-lg-1\"><div class=\"article-text article-quote-text\">\n<figure class=\"wp-block-image aligncenter\"><img decoding=\"async\" src=\"https:\/\/www.capgemini.com\/wp-content\/uploads\/2020\/08\/Touchless-Endorsements-for-PC-Insurance-graphic.gif\" alt=\"Rozwi\u0105zanie Touchless Endorsements w zakresie ubezpiecze\u0144 maj\u0105tkowych i wypadkowych (P&amp;C)\" class=\"wp-image-504592\"\/><\/figure>\n\n\n\n<p><a href=\"https:\/\/www.capgemini.com\/wp-content\/uploads\/2021\/10\/Touchless-Endorsements-for-Property-Casualty-Insurance.pdf\">Pobierz ulotk\u0119 informacyjn\u0105<\/a><\/p>\n\n\n\n<p>Dla ubezpieczycieli komercyjnych w obszarze ubezpiecze\u0144 maj\u0105tkowych i wypadkowych (P&amp;C) proces zatwierdzania jest postrzegany jako wykonywany r\u0119cznie powtarzalny proces, kt\u00f3ry jest \u017cmudny i czasoch\u0142onny. Wnioski o zatwierdzenie cz\u0119sto przychodz\u0105 w formie e-maili i za\u0142\u0105cznik\u00f3w PDF, a nawet dokument\u00f3w pisanych r\u0119cznie, kt\u00f3re zazwyczaj zawieraj\u0105 niesp\u00f3jne, niskiej jako\u015bci dane lub brakuje w nich danych. Odszyfrowanie i przetworzenie tych danych wymaga znacznego wysi\u0142ku, co skutkuje wyd\u0142u\u017ceniem czasu obs\u0142ugi, b\u0142\u0119dami w przetwarzaniu, a w efekcie obni\u017ceniem poziomu zadowolenia klient\u00f3w i pracownik\u00f3w.<\/p>\n\n\n\n<p>Rozwi\u0105zanie Touchless Endorsements firmy Capgemini dla ubezpiecze\u0144 maj\u0105tkowych i wypadkowych (P&amp;C) firmy Capgemini przekszta\u0142ca firm\u0119 ubezpieczeniow\u0105 w zwinn\u0105, opart\u0105 na danych, skoncentrowan\u0105 na kliencie organizacj\u0119, kt\u00f3ra zapewnia lepsze do\u015bwiadczenia klient\u00f3w, wydajno\u015b\u0107 operacyjn\u0105 i szybko\u015b\u0107 wprowadzania na rynek w ca\u0142ym \u0142a\u0144cuchu warto\u015bci ubezpiecze\u0144.<\/p>\n\n\n\n<p>Nasze rozwi\u0105zanie wykorzystuje inteligentn\u0105 automatyzacj\u0119 i sztuczn\u0105 inteligencj\u0119 (AI) \u2014 w tym Endorsement Genie<sup>TM<\/sup>,&nbsp;narz\u0119dzie do przetwarzania kognitywnego oparte na sztucznej inteligencji \u2014 aby pom\u00f3c Twojej firmie ubezpieczeniowej w osi\u0105gni\u0119ciu szeregu wymiernych wynik\u00f3w biznesowych:<\/p>\n\n\n\n<ul class=\"wp-block-list\">\n<li>50\u201360% wzrost wydajno\u015bci przetwarzania<\/li>\n\n\n\n<li>Lepsze do\u015bwiadczenie klienta<\/li>\n\n\n\n<li>Zwi\u0119kszona dok\u0142adno\u015b\u0107 i skalowalno\u015b\u0107, skr\u00f3cony czas realizacji.<\/li>\n<\/ul>\n\n\n\n<p>Jako lider rynku w zakresie transformacji platformy bazowej, nasze sprawdzone mo\u017cliwo\u015bci kompleksowej obs\u0142ugi, najlepsze technologie i zasoby oraz bogate do\u015bwiadczenie w integracji partner\u00f3w w ekosystemie umo\u017cliwiaj\u0105 optymalizacj\u0119 ca\u0142ego \u0142a\u0144cucha warto\u015bci potwierdze\u0144 polis, pomagaj\u0105c we wdro\u017ceniu koncepcji Frictionless Enterprise.<\/p>\n\n\n\n<h3 class=\"wp-block-heading\" id=\"h-uslugi-contact-business\"><strong>Us\u0142ugi Contact Business<\/strong><\/h3>\n\n\n\n<p>Aby dowiedzie\u0107 si\u0119 wi\u0119cej o tym, jak rozwi\u0105zanie Touchless Endorsements w zakresie ubezpiecze\u0144 P&amp;C mog\u0105 zapewni\u0107 bezproblemow\u0105 i wygodn\u0105 cyfrow\u0105 obs\u0142ug\u0119 w ca\u0142ym \u0142a\u0144cuchu warto\u015bci potwierdze\u0144 P&amp;C, skontaktuj si\u0119 z:&nbsp;<a href=\"mailto:businessservices.global@capgemini.com\">businessservices.global@capgemini.com<\/a><\/p>\n<\/div><\/div><\/div><\/div><\/div><\/section>\n","protected":false},"excerpt":{"rendered":"","protected":false},"author":151,"featured_media":0,"parent":607284,"menu_order":0,"comment_status":"closed","ping_status":"closed","template":"","meta":{"cg_dt_proposed_to":[8,18,5,30],"cg_seo_hreflang_relations":"[]","cg_seo_canonical_relation":"","cg_seo_hreflang_x_default_relation":"{\"uuid\":\"14101ce9-7d98-4be7-bbc1-02496d76368a\",\"blogId\":\"\",\"domain\":\"\",\"sitePath\":\"\",\"postLink\":\"\",\"postId\":null,\"isSaved\":true,\"isCrossLink\":false,\"hasCrossLink\":false}","cg_dt_approved_content":true,"cg_dt_mandatory_content":false,"cg_dt_notes":"","cg_dg_source_changed":false,"cg_dt_link_disabled":true,"_yoast_wpseo_primary_brand":"","footnotes":"","featured_focal_points":"","partner_card_description":"","gsap_animation":0},"brand":[],"partner_type":[],"service":[],"industry":[],"partners":[],"page-type":[206],"content-group":[],"class_list":["post-632746","page","type-page","status-publish","hentry","page-type-solutions"],"yoast_head":"<!-- This site is optimized with the Yoast SEO Premium plugin v22.8 (Yoast SEO v22.8) - https:\/\/yoast.com\/wordpress\/plugins\/seo\/ -->\n<title>Rozwi\u0105zanie touchless endorsements w zakresie ubezpiecze\u0144 maj\u0105tkowych i wypadkowych (P&amp;C) - Capgemini Poland<\/title>\n<meta name=\"robots\" content=\"index, follow, max-snippet:-1, max-image-preview:large, max-video-preview:-1\" \/>\n<link rel=\"canonical\" href=\"https:\/\/www.capgemini.com\/pl-pl\/rozwiazania\/rozwiazanie-touchless-endorsements-w-zakresie-ubezpieczen-majatkowych-i-wypadkowych\/\" \/>\n<meta property=\"og:locale\" content=\"pl_PL\" \/>\n<meta property=\"og:type\" content=\"article\" \/>\n<meta property=\"og:title\" content=\"Rozwi\u0105zanie touchless endorsements w zakresie ubezpiecze\u0144 maj\u0105tkowych i wypadkowych (P&amp;C)\" \/>\n<meta property=\"og:url\" content=\"https:\/\/www.capgemini.com\/pl-pl\/rozwiazania\/rozwiazanie-touchless-endorsements-w-zakresie-ubezpieczen-majatkowych-i-wypadkowych\/\" \/>\n<meta property=\"og:site_name\" content=\"Capgemini Poland\" \/>\n<meta property=\"article:modified_time\" content=\"2025-03-12T10:07:48+00:00\" \/>\n<meta property=\"og:image\" content=\"https:\/\/www.capgemini.com\/wp-content\/uploads\/2020\/08\/Touchless-Endorsements-for-PC-Insurance-graphic.gif\" \/>\n<meta name=\"twitter:card\" content=\"summary_large_image\" \/>\n<script type=\"application\/ld+json\" class=\"yoast-schema-graph\">{\"@context\":\"https:\/\/schema.org\",\"@graph\":[{\"@type\":\"WebPage\",\"@id\":\"https:\/\/www.capgemini.com\/pl-pl\/rozwiazania\/rozwiazanie-touchless-endorsements-w-zakresie-ubezpieczen-majatkowych-i-wypadkowych\/\",\"url\":\"https:\/\/www.capgemini.com\/pl-pl\/rozwiazania\/rozwiazanie-touchless-endorsements-w-zakresie-ubezpieczen-majatkowych-i-wypadkowych\/\",\"name\":\"Rozwi\u0105zanie touchless endorsements w zakresie ubezpiecze\u0144 maj\u0105tkowych i wypadkowych (P&amp;C) - Capgemini Poland\",\"isPartOf\":{\"@id\":\"https:\/\/www.capgemini.com\/pl-pl\/#website\"},\"primaryImageOfPage\":{\"@id\":\"https:\/\/www.capgemini.com\/pl-pl\/rozwiazania\/rozwiazanie-touchless-endorsements-w-zakresie-ubezpieczen-majatkowych-i-wypadkowych\/#primaryimage\"},\"image\":{\"@id\":\"https:\/\/www.capgemini.com\/pl-pl\/rozwiazania\/rozwiazanie-touchless-endorsements-w-zakresie-ubezpieczen-majatkowych-i-wypadkowych\/#primaryimage\"},\"thumbnailUrl\":\"https:\/\/www.capgemini.com\/wp-content\/uploads\/2020\/08\/Touchless-Endorsements-for-PC-Insurance-graphic.gif\",\"datePublished\":\"2021-10-19T04:32:34+00:00\",\"dateModified\":\"2025-03-12T10:07:48+00:00\",\"breadcrumb\":{\"@id\":\"https:\/\/www.capgemini.com\/pl-pl\/rozwiazania\/rozwiazanie-touchless-endorsements-w-zakresie-ubezpieczen-majatkowych-i-wypadkowych\/#breadcrumb\"},\"inLanguage\":\"pl-PL\",\"potentialAction\":[{\"@type\":\"ReadAction\",\"target\":[\"https:\/\/www.capgemini.com\/pl-pl\/rozwiazania\/rozwiazanie-touchless-endorsements-w-zakresie-ubezpieczen-majatkowych-i-wypadkowych\/\"]}]},{\"@type\":\"ImageObject\",\"inLanguage\":\"pl-PL\",\"@id\":\"https:\/\/www.capgemini.com\/pl-pl\/rozwiazania\/rozwiazanie-touchless-endorsements-w-zakresie-ubezpieczen-majatkowych-i-wypadkowych\/#primaryimage\",\"url\":\"https:\/\/www.capgemini.com\/wp-content\/uploads\/2020\/08\/Touchless-Endorsements-for-PC-Insurance-graphic.gif\",\"contentUrl\":\"https:\/\/www.capgemini.com\/wp-content\/uploads\/2020\/08\/Touchless-Endorsements-for-PC-Insurance-graphic.gif\"},{\"@type\":\"BreadcrumbList\",\"@id\":\"https:\/\/www.capgemini.com\/pl-pl\/rozwiazania\/rozwiazanie-touchless-endorsements-w-zakresie-ubezpieczen-majatkowych-i-wypadkowych\/#breadcrumb\",\"itemListElement\":[{\"@type\":\"ListItem\",\"position\":1,\"name\":\"Home\",\"item\":\"https:\/\/www.capgemini.com\/pl-pl\/\"},{\"@type\":\"ListItem\",\"position\":2,\"name\":\"Rozwi\u0105zania\",\"item\":\"https:\/\/www.capgemini.com\/pl-pl\/rozwiazania\/\"},{\"@type\":\"ListItem\",\"position\":3,\"name\":\"Rozwi\u0105zanie touchless endorsements w zakresie ubezpiecze\u0144 maj\u0105tkowych i wypadkowych (P&amp;C)\"}]},{\"@type\":\"WebSite\",\"@id\":\"https:\/\/www.capgemini.com\/pl-pl\/#website\",\"url\":\"https:\/\/www.capgemini.com\/pl-pl\/\",\"name\":\"Capgemini Polska\",\"description\":\"Capgemini\",\"potentialAction\":[{\"@type\":\"SearchAction\",\"target\":{\"@type\":\"EntryPoint\",\"urlTemplate\":\"https:\/\/www.capgemini.com\/pl-pl\/?s={search_term_string}\"},\"query-input\":\"required name=search_term_string\"}],\"inLanguage\":\"pl-PL\"}]}<\/script>\n<!-- \/ Yoast SEO Premium plugin. -->","yoast_head_json":{"title":"Rozwi\u0105zanie touchless endorsements w zakresie ubezpiecze\u0144 maj\u0105tkowych i wypadkowych (P&amp;C) - Capgemini Poland","robots":{"index":"index","follow":"follow","max-snippet":"max-snippet:-1","max-image-preview":"max-image-preview:large","max-video-preview":"max-video-preview:-1"},"canonical":"https:\/\/www.capgemini.com\/pl-pl\/rozwiazania\/rozwiazanie-touchless-endorsements-w-zakresie-ubezpieczen-majatkowych-i-wypadkowych\/","og_locale":"pl_PL","og_type":"article","og_title":"Rozwi\u0105zanie touchless endorsements w zakresie ubezpiecze\u0144 maj\u0105tkowych i wypadkowych (P&amp;C)","og_url":"https:\/\/www.capgemini.com\/pl-pl\/rozwiazania\/rozwiazanie-touchless-endorsements-w-zakresie-ubezpieczen-majatkowych-i-wypadkowych\/","og_site_name":"Capgemini Poland","article_modified_time":"2025-03-12T10:07:48+00:00","og_image":[{"url":"https:\/\/www.capgemini.com\/wp-content\/uploads\/2020\/08\/Touchless-Endorsements-for-PC-Insurance-graphic.gif"}],"twitter_card":"summary_large_image","schema":{"@context":"https:\/\/schema.org","@graph":[{"@type":"WebPage","@id":"https:\/\/www.capgemini.com\/pl-pl\/rozwiazania\/rozwiazanie-touchless-endorsements-w-zakresie-ubezpieczen-majatkowych-i-wypadkowych\/","url":"https:\/\/www.capgemini.com\/pl-pl\/rozwiazania\/rozwiazanie-touchless-endorsements-w-zakresie-ubezpieczen-majatkowych-i-wypadkowych\/","name":"Rozwi\u0105zanie touchless endorsements w zakresie ubezpiecze\u0144 maj\u0105tkowych i wypadkowych (P&amp;C) - Capgemini Poland","isPartOf":{"@id":"https:\/\/www.capgemini.com\/pl-pl\/#website"},"primaryImageOfPage":{"@id":"https:\/\/www.capgemini.com\/pl-pl\/rozwiazania\/rozwiazanie-touchless-endorsements-w-zakresie-ubezpieczen-majatkowych-i-wypadkowych\/#primaryimage"},"image":{"@id":"https:\/\/www.capgemini.com\/pl-pl\/rozwiazania\/rozwiazanie-touchless-endorsements-w-zakresie-ubezpieczen-majatkowych-i-wypadkowych\/#primaryimage"},"thumbnailUrl":"https:\/\/www.capgemini.com\/wp-content\/uploads\/2020\/08\/Touchless-Endorsements-for-PC-Insurance-graphic.gif","datePublished":"2021-10-19T04:32:34+00:00","dateModified":"2025-03-12T10:07:48+00:00","breadcrumb":{"@id":"https:\/\/www.capgemini.com\/pl-pl\/rozwiazania\/rozwiazanie-touchless-endorsements-w-zakresie-ubezpieczen-majatkowych-i-wypadkowych\/#breadcrumb"},"inLanguage":"pl-PL","potentialAction":[{"@type":"ReadAction","target":["https:\/\/www.capgemini.com\/pl-pl\/rozwiazania\/rozwiazanie-touchless-endorsements-w-zakresie-ubezpieczen-majatkowych-i-wypadkowych\/"]}]},{"@type":"ImageObject","inLanguage":"pl-PL","@id":"https:\/\/www.capgemini.com\/pl-pl\/rozwiazania\/rozwiazanie-touchless-endorsements-w-zakresie-ubezpieczen-majatkowych-i-wypadkowych\/#primaryimage","url":"https:\/\/www.capgemini.com\/wp-content\/uploads\/2020\/08\/Touchless-Endorsements-for-PC-Insurance-graphic.gif","contentUrl":"https:\/\/www.capgemini.com\/wp-content\/uploads\/2020\/08\/Touchless-Endorsements-for-PC-Insurance-graphic.gif"},{"@type":"BreadcrumbList","@id":"https:\/\/www.capgemini.com\/pl-pl\/rozwiazania\/rozwiazanie-touchless-endorsements-w-zakresie-ubezpieczen-majatkowych-i-wypadkowych\/#breadcrumb","itemListElement":[{"@type":"ListItem","position":1,"name":"Home","item":"https:\/\/www.capgemini.com\/pl-pl\/"},{"@type":"ListItem","position":2,"name":"Rozwi\u0105zania","item":"https:\/\/www.capgemini.com\/pl-pl\/rozwiazania\/"},{"@type":"ListItem","position":3,"name":"Rozwi\u0105zanie touchless endorsements w zakresie ubezpiecze\u0144 maj\u0105tkowych i wypadkowych (P&amp;C)"}]},{"@type":"WebSite","@id":"https:\/\/www.capgemini.com\/pl-pl\/#website","url":"https:\/\/www.capgemini.com\/pl-pl\/","name":"Capgemini Polska","description":"Capgemini","potentialAction":[{"@type":"SearchAction","target":{"@type":"EntryPoint","urlTemplate":"https:\/\/www.capgemini.com\/pl-pl\/?s={search_term_string}"},"query-input":"required name=search_term_string"}],"inLanguage":"pl-PL"}]}},"brand_term":[],"parsely":{"version":"1.1.0","canonical_url":"https:\/\/capgemini.com\/pl-pl\/rozwiazania\/rozwiazanie-touchless-endorsements-w-zakresie-ubezpieczen-majatkowych-i-wypadkowych\/","smart_links":{"inbound":0,"outbound":0},"traffic_boost_suggestions_count":0,"meta":{"@context":"https:\/\/schema.org","@type":"WebPage","headline":"Rozwi\u0105zanie touchless endorsements w zakresie ubezpiecze\u0144 maj\u0105tkowych i wypadkowych (P&amp;C)","url":"https:\/\/www.capgemini.com\/pl-pl\/rozwiazania\/rozwiazanie-touchless-endorsements-w-zakresie-ubezpieczen-majatkowych-i-wypadkowych\/","mainEntityOfPage":{"@type":"WebPage","@id":"https:\/\/www.capgemini.com\/pl-pl\/rozwiazania\/rozwiazanie-touchless-endorsements-w-zakresie-ubezpieczen-majatkowych-i-wypadkowych\/"},"thumbnailUrl":"","image":{"@type":"ImageObject","url":""},"articleSection":"Uncategorized","author":[],"creator":[],"publisher":{"@type":"Organization","name":"Capgemini Poland","logo":""},"keywords":[],"dateCreated":"2021-10-19T04:32:34Z","datePublished":"2021-10-19T04:32:34Z","dateModified":"2025-03-12T10:07:48Z"},"rendered":"<meta name=\"parsely-title\" content=\"Rozwi\u0105zanie touchless endorsements w zakresie ubezpiecze\u0144 maj\u0105tkowych i wypadkowych (P&amp;C)\" \/>\n<meta name=\"parsely-link\" content=\"https:\/\/www.capgemini.com\/pl-pl\/rozwiazania\/rozwiazanie-touchless-endorsements-w-zakresie-ubezpieczen-majatkowych-i-wypadkowych\/\" \/>\n<meta name=\"parsely-type\" content=\"index\" \/>\n<meta name=\"parsely-pub-date\" content=\"2021-10-19T04:32:34Z\" \/>\n<meta name=\"parsely-section\" content=\"Uncategorized\" \/>","tracker_url":"https:\/\/cdn.parsely.com\/keys\/capgemini.com\/p.js"},"archive_status":false,"featured_image_src":"https:\/\/www.capgemini.com\/pl-pl\/wp-content\/themes\/capgemini2025\/assets\/images\/mockup.png","featured_image_alt":false,"jetpack_sharing_enabled":true,"distributor_meta":false,"distributor_terms":false,"distributor_media":false,"distributor_original_site_name":"Capgemini Poland","distributor_original_site_url":"https:\/\/www.capgemini.com\/pl-pl","push-errors":false,"_links":{"self":[{"href":"https:\/\/www.capgemini.com\/pl-pl\/wp-json\/wp\/v2\/pages\/632746","targetHints":{"allow":["GET"]}}],"collection":[{"href":"https:\/\/www.capgemini.com\/pl-pl\/wp-json\/wp\/v2\/pages"}],"about":[{"href":"https:\/\/www.capgemini.com\/pl-pl\/wp-json\/wp\/v2\/types\/page"}],"author":[{"embeddable":true,"href":"https:\/\/www.capgemini.com\/pl-pl\/wp-json\/wp\/v2\/users\/151"}],"replies":[{"embeddable":true,"href":"https:\/\/www.capgemini.com\/pl-pl\/wp-json\/wp\/v2\/comments?post=632746"}],"version-history":[{"count":4,"href":"https:\/\/www.capgemini.com\/pl-pl\/wp-json\/wp\/v2\/pages\/632746\/revisions"}],"predecessor-version":[{"id":909339,"href":"https:\/\/www.capgemini.com\/pl-pl\/wp-json\/wp\/v2\/pages\/632746\/revisions\/909339"}],"up":[{"embeddable":true,"href":"https:\/\/www.capgemini.com\/pl-pl\/wp-json\/wp\/v2\/pages\/607284"}],"wp:attachment":[{"href":"https:\/\/www.capgemini.com\/pl-pl\/wp-json\/wp\/v2\/media?parent=632746"}],"wp:term":[{"taxonomy":"brand","embeddable":true,"href":"https:\/\/www.capgemini.com\/pl-pl\/wp-json\/wp\/v2\/brand?post=632746"},{"taxonomy":"partner_type","embeddable":true,"href":"https:\/\/www.capgemini.com\/pl-pl\/wp-json\/wp\/v2\/partner_type?post=632746"},{"taxonomy":"service","embeddable":true,"href":"https:\/\/www.capgemini.com\/pl-pl\/wp-json\/wp\/v2\/service?post=632746"},{"taxonomy":"industry","embeddable":true,"href":"https:\/\/www.capgemini.com\/pl-pl\/wp-json\/wp\/v2\/industry?post=632746"},{"taxonomy":"partners","embeddable":true,"href":"https:\/\/www.capgemini.com\/pl-pl\/wp-json\/wp\/v2\/partners?post=632746"},{"taxonomy":"page-type","embeddable":true,"href":"https:\/\/www.capgemini.com\/pl-pl\/wp-json\/wp\/v2\/page-type?post=632746"},{"taxonomy":"content-group","embeddable":true,"href":"https:\/\/www.capgemini.com\/pl-pl\/wp-json\/wp\/v2\/content-group?post=632746"}],"curies":[{"name":"wp","href":"https:\/\/api.w.org\/{rel}","templated":true}]}}