{"id":628550,"date":"2021-09-28T07:05:43","date_gmt":"2021-09-28T07:05:43","guid":{"rendered":"https:\/\/www.capgemini.com\/?page_id=628550"},"modified":"2025-12-05T14:31:00","modified_gmt":"2025-12-05T14:31:00","slug":"asset-management","status":"publish","type":"page","link":"https:\/\/www.capgemini.com\/pl-pl\/branze\/bankowosc-i-rynki-kapitalowe\/zarzadzanie-aktywami\/","title":{"rendered":"Zarz\u0105dzanie aktywami"},"content":{"rendered":"\n<div class=\"wp-block-cg-blocks-hero-picture-card undefined  heroPictureCard\"><div class=\"heroPictureCardBgs\"><picture><source srcset=\"https:\/\/www.capgemini.com\/wp-content\/uploads\/2021\/12\/Capgemini_Industries_Capital-Markets_Asset-Management_2.jpg?w=2880&amp;quality=70 1x, https:\/\/www.capgemini.com\/wp-content\/uploads\/2021\/12\/Capgemini_Industries_Capital-Markets_Asset-Management_2.jpg?w=2880&amp;quality=70 2x\" media=\"(min-width: 1500px)\"\/><source srcset=\"https:\/\/www.capgemini.com\/wp-content\/uploads\/2021\/12\/Capgemini_Industries_Capital-Markets_Asset-Management_2.jpg?w=1440&amp;quality=70 1x, https:\/\/www.capgemini.com\/wp-content\/uploads\/2021\/12\/Capgemini_Industries_Capital-Markets_Asset-Management_2.jpg?w=2880&amp;quality=70 2x\" media=\"(min-width: 992px)\"\/><source srcset=\"https:\/\/www.capgemini.com\/wp-content\/uploads\/2021\/12\/Capgemini_Industries_Capital-Markets_Asset-Management_2.jpg?w=1024&amp;quality=70 1x, https:\/\/www.capgemini.com\/wp-content\/uploads\/2021\/12\/Capgemini_Industries_Capital-Markets_Asset-Management_2.jpg?w=1024&amp;quality=70 2x\" media=\"(min-width: 768px)\"\/><source srcset=\"https:\/\/www.capgemini.com\/wp-content\/uploads\/2021\/12\/Capgemini_Industries_Capital-Markets_Asset-Management_2.jpg?w=768&amp;quality=70 1x, https:\/\/www.capgemini.com\/wp-content\/uploads\/2021\/12\/Capgemini_Industries_Capital-Markets_Asset-Management_2.jpg?w=768&amp;quality=70 2x\" media=\"(min-width: 0)\"\/><img decoding=\"async\" src=\"https:\/\/www.capgemini.com\/wp-content\/uploads\/2021\/12\/Capgemini_Industries_Capital-Markets_Asset-Management_2.jpg\" class=\"desktopImage\" alt=\"\" style=\"object-fit:cover;object-position:50% 50%\" loading=\"eager\"\/><\/picture><picture><source srcset=\"https:\/\/www.capgemini.com\/wp-content\/uploads\/2021\/12\/Capgemini_Industries_Capital-Markets_Asset-Management_2.jpg?w=2880&amp;quality=70 1x, https:\/\/www.capgemini.com\/wp-content\/uploads\/2021\/12\/Capgemini_Industries_Capital-Markets_Asset-Management_2.jpg?w=2880&amp;quality=70 2x\" media=\"(min-width: 1500px)\"\/><source srcset=\"https:\/\/www.capgemini.com\/wp-content\/uploads\/2021\/12\/Capgemini_Industries_Capital-Markets_Asset-Management_2.jpg?w=1440&amp;quality=70 1x, https:\/\/www.capgemini.com\/wp-content\/uploads\/2021\/12\/Capgemini_Industries_Capital-Markets_Asset-Management_2.jpg?w=2880&amp;quality=70 2x\" media=\"(min-width: 992px)\"\/><source srcset=\"https:\/\/www.capgemini.com\/wp-content\/uploads\/2021\/12\/Capgemini_Industries_Capital-Markets_Asset-Management_2.jpg?w=1024&amp;quality=70 1x, https:\/\/www.capgemini.com\/wp-content\/uploads\/2021\/12\/Capgemini_Industries_Capital-Markets_Asset-Management_2.jpg?w=1024&amp;quality=70 2x\" media=\"(min-width: 768px)\"\/><source srcset=\"https:\/\/www.capgemini.com\/wp-content\/uploads\/2021\/12\/Capgemini_Industries_Capital-Markets_Asset-Management_2.jpg?w=768&amp;quality=70 1x, https:\/\/www.capgemini.com\/wp-content\/uploads\/2021\/12\/Capgemini_Industries_Capital-Markets_Asset-Management_2.jpg?w=768&amp;quality=70 2x\" media=\"(min-width: 0)\"\/><img decoding=\"async\" src=\"https:\/\/www.capgemini.com\/wp-content\/uploads\/2021\/12\/Capgemini_Industries_Capital-Markets_Asset-Management_2.jpg\" class=\"mobileImage\" alt=\"\" style=\"object-fit:cover;object-position:50% 50%\" loading=\"eager\"\/><\/picture><\/div><div class=\"heroPictureCardHeaderShape\"><\/div><div class=\"container\"><div class=\"row\"><div class=\"col-md-8 col-lg-6\"><div class=\"heroPictureCardBox\"><div class=\"heroPictureCardBoxTitle\"><h1 data-maxlength=\"144\">Zarz\u0105dzanie aktywami<\/h1><\/div><\/div><\/div><\/div><\/div><div class=\"small-device\"><div class=\"brandLogoWrapper\"> <\/div><\/div><\/div>\n\n\n\n<section class=\"wp-block-cg-blocks-intro-para undefined section section--intro\"><div class=\"intro-para\"><div class=\"container\"><div class=\"row\"><div class=\"col-12 col-md-1\"><nav class=\"article-social\"><ul class=\"social-nav\"><li class=\"ip-order-fb\"><a href=\"https:\/\/www.facebook.com\/sharer\/sharer.php?u=https:\/\/www.capgemini.com\/pl-pl\/branze\/bankowosc-i-rynki-kapitalowe\/zarzadzanie-aktywami\/\" target=\"_blank\" rel=\"noopener noreferrer\" title=\"opens in a new window\"><i aria-hidden=\"true\" class=\"icon-fb\"><\/i><span class=\"sr-only\">Facebook<\/span><\/a><\/li><li class=\"ip-order-li\"><a href=\"https:\/\/www.linkedin.com\/sharing\/share-offsite\/?url=https:\/\/www.capgemini.com\/pl-pl\/branze\/bankowosc-i-rynki-kapitalowe\/zarzadzanie-aktywami\/\" target=\"_blank\" rel=\"noopener noreferrer\" title=\"opens in a new window\"><i aria-hidden=\"true\" class=\"icon-li\"><\/i><span class=\"sr-only\">Linkedin<\/span><\/a><\/li><\/ul><\/nav><\/div><div class=\"col-12 col-md-11 col-lg-10\"><h2 class=\"intro-para-title\">Prze\u0142omowe innowacje to kluczowy czynnik, jaki wyr\u00f3\u017cnia firmy zajmuj\u0105ce si\u0119 zarz\u0105dzaniem aktywami. Wymogi regulacyjne i zapotrzebowanie na wiedz\u0119 opart\u0105 na danych powoduj\u0105 jednak, \u017ce konieczne jest jeszcze lepsze zarz\u0105dzanie danymi i ich analiza.<\/h2><p class=\"intro-para-content\">Pomagamy firmom zarz\u0105dzaj\u0105cym aktywami wykorzysta\u0107 ich kapita\u0142 danych i stworzy\u0107 nowe mo\u017cliwo\u015bci, aby zapewni\u0107 rentowny, zr\u00f3wnowa\u017cony wzrost.<br><br>Innowacyjne aplikacje wykorzystuj\u0105ce rozwijaj\u0105ce si\u0119 technologie, takie jak obliczenia kognitywne, uczenie maszynowe i sztuczna inteligencja wykraczaj\u0105 obecnie poza analityk\u0119 marketingow\u0105 i zmierzaj\u0105 w kierunku bardziej strategicznych funkcji. Pomagamy naszym klientom zarz\u0105dzaj\u0105cym aktywami zaadoptowa\u0107 te podej\u015bcia, aby stworzy\u0107 atrakcyjne propozycje dla klient\u00f3w.<\/p><\/div><\/div><\/div><\/div><\/section>\n\n\n\n\t\t<section\n\t\t\tclass=\"section section--lifeatcap-learning section--event-slider-careerInvent \">\n\n\t\t\t<div class=\"container\">\n\t\t\t\t<div class='career-invent-header'>\n\t\t\t\t\t\t\t\t\t\t\t\t\t\t<\/div>\n\t\t\t<\/div>\n\n\t\t\t<div class=\"slider slider-fader c4d4108f-95f8-4358-981f-f67d9511d317\">\n\t\t\t\t\t\t\t\t<div\n\t\t\t\t\tclass=\"slider-list \">\n\t\t\t\t\t\t\t\t\t\t\t<div\n\t\t\t\t\t\t\tclass=\"slide active \">\n\t\t\t\t\t\t\t<div\n\t\t\t\t\t\t\t\tclass=\"slide-bg-wrapper wp-block-cg-blocks-career-invent is-style-sapphire2\">\n\t\t\t\t\t\t\t\t<div class=\"bgImagesection\">\n\t\t\t\t\t\t\t\t\t\t\t\t\t\t\t\t\t\t\t<div class=\"bgColor\"><\/div>\n\t\t\t\t\t\t\t\t\t\n\t\t\t\t\t\t\t\t\t<div class=\"container slide-info-wrapper\">\n\t\t\t\t\t\t\t\t\t\t<div class=\"row\">\n\t\t\t\t\t\t\t\t\t\t\t<div\n\t\t\t\t\t\t\t\t\t\t\t\tclass=\"col-md-6 col-sm-12 box-inner \">\n\t\t\t\t\t\t\t\t\t\t\t\t\t\t\t\t\t\t\t\t\t\t\t\t\t<div class=\"bgColor\"><\/div>\n\t\t\t\t\t\t\t\t\t\t\t\t\t\t\t\t\t\t\t\t\t\t\t\t\t\t\t\t\t\t\t\t\t\t\t\t\t<div\n\t\t\t\t\t\t\t\t\t\t\t\t\t\tclass=\"content-title \">\n\t\t\t\t\t\t\t\t\t\t\t\t\t\t<h3 class=\"explore-header\"\n\t\t\t\t\t\t\t\t\t\t\t\t\t\t\tdata-maxlength=\"68\"\n\t\t\t\t\t\t\t\t\t\t\t\t\t\t\ttitle=\"Raport nt. \u015bwiatowych maj\u0105tk\u00f3w 2022 (World Wealth Report 2022)\">\n\t\t\t\t\t\t\t\t\t\t\t\t\t\t\tRaport nt. \u015bwiatowych maj\u0105tk\u00f3w 2022 (World Wealth Report 2022)\t\t\t\t\t\t\t\t\t\t\t\t\t\t<\/h3>\n\t\t\t\t\t\t\t\t\t\t\t\t\t<\/div>\n\t\t\t\t\t\t\t\t\t\t\t\t\n\t\t\t\t\t\t\t\t\t\t\t\t\t\t\t\t\t\t\t\t\t\t\t\t\t\t\t\t\t\t\t\t\t\t\t\t\t\t\t<div\n\t\t\t\t\t\t\t\t\t\t\t\t\t\t\tclass=\"box-title \">\n\t\t\t\t\t\t\t\t\t\t\t\t\t\t\t<h4 data-maxlength=\"144\"\n\t\t\t\t\t\t\t\t\t\t\t\t\t\t\t\ttitle=\"Strategia zorientowana na klienta.\"\n\t\t\t\t\t\t\t\t\t\t\t\t\t\t\t\tstyle=\"white-space: pre-wrap;\">\n\t\t\t\t\t\t\t\t\t\t\t\t\t\t\t\tStrategia zorientowana na klienta.\t\t\t\t\t\t\t\t\t\t\t\t\t\t\t<\/h4>\n\t\t\t\t\t\t\t\t\t\t\t\t\t\t<\/div>\n\t\t\t\t\t\t\t\t\t\t\t\t\t\t\t\t\t\t\t\t\t\t\t\t\t\n\t\t\t\t\t\t\t\t\t\t\t\t\t\t\t\t\t\t\t\t\t\t\t\t\t<div >\n\t\t\t\t\t\t\t\t\t\t\t\t\t\t\t\t\t\t\t\t\t\t\t\t\t\t\t<\/div>\n\t\t\t\t\t\t\t\t\t\t\t\t\n\t\t\t\t\t\t\t\t\t\t\t\t\t\t\t\t\t\t\t\t\t\t\t\t\t\t\t\t\t\t\t\t\t\t\t\t\t\t\t<div class=\"btnDiv\"> <a class=\"more2\"\n\t\t\t\t\t\t\t\t\t\t\t\t\t\t\t\tdata-maxlength=\"24\"\n\t\t\t\t\t\t\t\t\t\t\t\t\t\t\t\taria-label=\"Przeczytaj raport o Raport nt. \u015bwiatowych maj\u0105tk\u00f3w 2022 (World Wealth Report 2022)\"\n\t\t\t\t\t\t\t\t\t\t\t\t\t\t\t\ttitle=\"Opens in new window\" tabindex=\"0\"\n\t\t\t\t\t\t\t\t\t\t\t\t\t\t\t\thref=\"https:\/\/worldwealthreport.com\/\"\n\t\t\t\t\t\t\t\t\t\t\t\t\t\t\t\ttarget=\"_blank\">\n\t\t\t\t\t\t\t\t\t\t\t\t\t\t\t\tPrzeczytaj raport\t\t\t\t\t\t\t\t\t\t\t\t\t\t\t<\/a> <\/div>\n\t\t\t\t\t\t\t\t\t\t\t\t\t\t\t\t\t\t\t\t\t\t\t\t\t\n\n\n\t\t\t\t\t\t\t\t\t\t\t<\/div>\n\n\t\t\t\t\t\t\t\t\t\t\t<div class=\"col-md-6 col-sm-12 text-right box-img-wrapper escaper escaper-right\">\n\t\t\t\t\t\t\t\t\t\t\t\t\n\n\t\t\t\t\t\t\t\t\t\t\t\t<picture>\n\t\t\t\t\t\t\t\t\t\t\t\t\t<source\n\t\t\t\t\t\t\t\t\t\t\t\t\t\tsrcset=\"https:\/\/www.capgemini.com\/wp-content\/uploads\/2022\/06\/Capgemini_research-and-insights_World-Wealth-Report_2022.jpg?w=1200&amp;quality=90 1x, https:\/\/www.capgemini.com\/wp-content\/uploads\/2022\/06\/Capgemini_research-and-insights_World-Wealth-Report_2022.jpg?w=1200&amp;quality=90 2x\"\n\t\t\t\t\t\t\t\t\t\t\t\t\t\tmedia=\"(min-width: 1500px)\" \/>\n\t\t\t\t\t\t\t\t\t\t\t\t\t<source\n\t\t\t\t\t\t\t\t\t\t\t\t\t\tsrcset=\"https:\/\/www.capgemini.com\/wp-content\/uploads\/2022\/06\/Capgemini_research-and-insights_World-Wealth-Report_2022.jpg?w=600&amp;quality=90 1x, https:\/\/www.capgemini.com\/wp-content\/uploads\/2022\/06\/Capgemini_research-and-insights_World-Wealth-Report_2022.jpg?w=1200&amp;quality=90 2x\"\n\t\t\t\t\t\t\t\t\t\t\t\t\t\tmedia=\"(min-width: 992px)\" \/>\n\t\t\t\t\t\t\t\t\t\t\t\t\t<source\n\t\t\t\t\t\t\t\t\t\t\t\t\t\tsrcset=\"https:\/\/www.capgemini.com\/wp-content\/uploads\/2022\/06\/Capgemini_research-and-insights_World-Wealth-Report_2022.jpg?w=400&amp;quality=90 1x, https:\/\/www.capgemini.com\/wp-content\/uploads\/2022\/06\/Capgemini_research-and-insights_World-Wealth-Report_2022.jpg?w=800&amp;quality=90 2x\"\n\t\t\t\t\t\t\t\t\t\t\t\t\t\tmedia=\"(min-width: 768px)\" \/>\n\t\t\t\t\t\t\t\t\t\t\t\t\t<source\n\t\t\t\t\t\t\t\t\t\t\t\t\t\tsrcset=\"https:\/\/www.capgemini.com\/wp-content\/uploads\/2022\/06\/Capgemini_research-and-insights_World-Wealth-Report_2022.jpg?w=400&amp;quality=90 1x, https:\/\/www.capgemini.com\/wp-content\/uploads\/2022\/06\/Capgemini_research-and-insights_World-Wealth-Report_2022.jpg?w=800&amp;quality=90 2x\"\n\t\t\t\t\t\t\t\t\t\t\t\t\t\tmedia=\"(min-width: 0)\" \/>\n\n\n\t\t\t\t\t\t\t\t\t\t\t\t\t<img loading=\"lazy\" class=\"box-img\"\n\t\t\t\t\t\t\t\t\t\t\t\t\t\tsrc=\"https:\/\/www.capgemini.com\/wp-content\/uploads\/2022\/06\/Capgemini_research-and-insights_World-Wealth-Report_2022.jpg\"\n\t\t\t\t\t\t\t\t\t\t\t\t\t\tstyle=\"object-position: 38% 47%; object-fit: cover;\" alt=\"\" \/>\n\n\t\t\t\t\t\t\t\t\t\t\t\t<\/picture>\n\t\t\t\t\t\t\t\t\t\t\t\t<!-- <img decoding=\"async\" class=\"box-img\" src=\"\"\n\t\t\t\t\t\t\t\t\t\t\tstyle=\"\" alt=\"\"\n\t\t\t\t\t\t\t\t\t\t\/> -->\n\t\t\t\t\t\t\t\t\t\t\t<\/div>\n\t\t\t\t\t\t\t\t\t\t<\/div>\n\t\t\t\t\t\t\t\t\t<\/div>\n\t\t\t\t\t\t\t\t<\/div>\n\t\t\t\t\t\t\t\t<div class=\"\">\n\t\t\t\t\t\t\t\t<\/div>\n\t\t\t\t\t\t\t\t<div class=\"slide-reveal\"><\/div>\n\t\t\t\t\t\t\t<\/div>\n\t\t\t\t\t\t<\/div>\n\t\t\t\t\t\n\t\t\t\t<\/div>\n\n\t\t\t\t\n\t\t\t<\/div>\n\n\t\t<\/section>\n\n\t\t\n\n\n<section class=\"wp-block-cg-blocks-how-we-do-it section section--howwedoit block-howwedoit\"><div class=\"container\"><div><div class=\"content-title\"><h2 data-maxlength=\"72\" class=\"expandable-heading-tag\">Czym si\u0119 zajmujemy<\/h2><\/div><p><\/p><\/div><div class=\"section-content\">\n<div class=\"wp-block-cg-blocks-card-howwedoit expanders\"><div class=\"box card-regulated-agreements card-howwedoit\"><div class=\"expander-box filter-box tag-active \"><div class=\"expander-title\" tabindex=\"0\" role=\"button\" aria-pressed=\"false\" aria-expanded=\"false\"><h3 class=\"expander-heading-title\">Platformy inwestycyjne<\/h3><\/div><div class=\"expander-subtitle\"><p class=\"small-description\">Capgemini posiada globalne zasoby niezb\u0119dne do kompleksowego wsparcia platform inwestycyjnych &#8211; od rozwoju do wdro\u017cenia.<\/p><\/div><div class=\"expander-content\"><p>Naszymi partnerami s\u0105 wiod\u0105ce w bran\u017cy platformy, w tym MUREX, Calypso i Fenergo.<br><br>Pomagamy r\u00f3wnie\u017c naszym klientom oceni\u0107 i zbada\u0107 szereg innowacyjnych rozwi\u0105za\u0144 opartych na technologii blockchain.<\/p><div class=\"bg-color video-align-right\"><div class=\"container\"><div class=\"row video-align-left\"><div class=\"col-md-12\"><div class=\"video-align-left row box box--4 box--mini\"><div class=\"col-md-3\"><\/div><div class=\"col-md-8 box-img-wrapper\"><div class=\"video-box\"><\/div><\/div><\/div><\/div><\/div><\/div><\/div><div class=\"content-more\"><\/div><\/div><\/div><\/div><\/div>\n\n\n\n<div class=\"wp-block-cg-blocks-card-howwedoit expanders\"><div class=\"box card-regulated-agreements card-howwedoit\"><div class=\"expander-box filter-box tag-active \"><div class=\"expander-title\" tabindex=\"0\" role=\"button\" aria-pressed=\"false\" aria-expanded=\"false\"><h4>Koncentracja na kliencie dzi\u0119ki us\u0142udze Client 360\u00b0<\/h4><\/div><div class=\"expander-subtitle\"><h5>Kompleksowe spojrzenie na klienta, mo\u017ce zamieni\u0107 problemy na szanse wzmocnienia relacji z klientem. Sprawd\u017a, jak mo\u017cemy Ci pom\u00f3c.<\/h5><\/div><div class=\"expander-content\"><p>Dzi\u0119ki analityce danych i narz\u0119dziom do anga\u017cowania klient\u00f3w pomagamy tworzy\u0107 tzw. widok klienta 360\u00b0 na dowolnej platformie, aby zapewni\u0107 p\u0142ynn\u0105 obs\u0142ug\u0119 i<s> <\/s>umo\u017cliwi\u0107 doradcom stosowanie najlepszych strategii.<\/p><div class=\"bg-color video-align-right\"><div class=\"container\"><div class=\"row video-align-left\"><div class=\"col-md-12\"><div class=\"video-align-left row box box--4 box--mini\"><div class=\"col-md-3\"><\/div><div class=\"col-md-8 box-img-wrapper\"><div class=\"video-box\"><\/div><\/div><\/div><\/div><\/div><\/div><\/div><div class=\"content-more\"><\/div><\/div><\/div><\/div><\/div>\n<\/div><\/div><\/section>\n","protected":false},"excerpt":{"rendered":"","protected":false},"author":118,"featured_media":640644,"parent":637937,"menu_order":1,"comment_status":"closed","ping_status":"closed","template":"","meta":{"cg_dt_proposed_to":[8,18,5,30],"cg_seo_hreflang_relations":"[]","cg_seo_canonical_relation":"","cg_seo_hreflang_x_default_relation":"{\"uuid\":\"d0071153-e616-43c8-a203-a271854d09e7\",\"blogId\":\"\",\"domain\":\"\",\"sitePath\":\"\",\"postLink\":\"\",\"postId\":null,\"isSaved\":true,\"isCrossLink\":false,\"hasCrossLink\":false}","cg_dt_approved_content":true,"cg_dt_mandatory_content":false,"cg_dt_notes":"","cg_dg_source_changed":false,"cg_dt_link_disabled":true,"_yoast_wpseo_primary_brand":"","footnotes":"","featured_focal_points":"","partner_card_description":"","gsap_animation":0},"brand":[],"partner_type":[],"service":[],"industry":[],"partners":[],"page-type":[197],"content-group":[],"class_list":["post-628550","page","type-page","status-publish","has-post-thumbnail","hentry","page-type-industry"],"yoast_head":"<!-- This site is optimized with the Yoast SEO Premium plugin v22.8 (Yoast SEO v22.8) - https:\/\/yoast.com\/wordpress\/plugins\/seo\/ -->\n<title>Zarz\u0105dzanie aktywami | Capgemini Polska<\/title>\n<meta name=\"description\" content=\"Prze\u0142omowe innowacje to kluczowy czynnik, jaki wyr\u00f3\u017cnia firmy zajmuj\u0105ce si\u0119 zarz\u0105dzaniem aktywami.\" \/>\n<meta name=\"robots\" content=\"index, follow, max-snippet:-1, max-image-preview:large, max-video-preview:-1\" \/>\n<link rel=\"canonical\" href=\"https:\/\/www.capgemini.com\/pl-pl\/branze\/bankowosc-i-rynki-kapitalowe\/zarzadzanie-aktywami\/\" \/>\n<meta property=\"og:locale\" content=\"pl_PL\" \/>\n<meta property=\"og:type\" content=\"article\" \/>\n<meta property=\"og:title\" content=\"Zarz\u0105dzanie aktywami\" \/>\n<meta property=\"og:description\" content=\"Prze\u0142omowe innowacje to kluczowy czynnik, jaki wyr\u00f3\u017cnia firmy zajmuj\u0105ce si\u0119 zarz\u0105dzaniem aktywami.\" \/>\n<meta property=\"og:url\" content=\"https:\/\/www.capgemini.com\/pl-pl\/branze\/bankowosc-i-rynki-kapitalowe\/zarzadzanie-aktywami\/\" \/>\n<meta property=\"og:site_name\" content=\"Capgemini Poland\" \/>\n<meta property=\"article:modified_time\" content=\"2025-12-05T14:31:00+00:00\" \/>\n<meta property=\"og:image\" content=\"https:\/\/www.capgemini.com\/pl-pl\/wp-content\/uploads\/sites\/27\/2025\/10\/New-Web-preview-global.jpg\" \/>\n\t<meta property=\"og:image:width\" content=\"1200\" \/>\n\t<meta property=\"og:image:height\" content=\"627\" \/>\n\t<meta property=\"og:image:type\" content=\"image\/jpeg\" \/>\n<meta name=\"twitter:card\" content=\"summary_large_image\" \/>\n<meta name=\"twitter:label1\" content=\"Est. reading time\" \/>\n\t<meta name=\"twitter:data1\" content=\"2 minutes\" \/>\n<script type=\"application\/ld+json\" class=\"yoast-schema-graph\">{\"@context\":\"https:\/\/schema.org\",\"@graph\":[{\"@type\":\"WebPage\",\"@id\":\"https:\/\/www.capgemini.com\/pl-pl\/branze\/bankowosc-i-rynki-kapitalowe\/zarzadzanie-aktywami\/\",\"url\":\"https:\/\/www.capgemini.com\/pl-pl\/branze\/bankowosc-i-rynki-kapitalowe\/zarzadzanie-aktywami\/\",\"name\":\"Zarz\u0105dzanie aktywami | Capgemini Polska\",\"isPartOf\":{\"@id\":\"https:\/\/www.capgemini.com\/pl-pl\/#website\"},\"primaryImageOfPage\":{\"@id\":\"https:\/\/www.capgemini.com\/pl-pl\/branze\/bankowosc-i-rynki-kapitalowe\/zarzadzanie-aktywami\/#primaryimage\"},\"image\":{\"@id\":\"https:\/\/www.capgemini.com\/pl-pl\/branze\/bankowosc-i-rynki-kapitalowe\/zarzadzanie-aktywami\/#primaryimage\"},\"thumbnailUrl\":\"\",\"datePublished\":\"2021-09-28T07:05:43+00:00\",\"dateModified\":\"2025-12-05T14:31:00+00:00\",\"description\":\"Prze\u0142omowe innowacje to kluczowy czynnik, jaki wyr\u00f3\u017cnia firmy zajmuj\u0105ce si\u0119 zarz\u0105dzaniem aktywami.\",\"breadcrumb\":{\"@id\":\"https:\/\/www.capgemini.com\/pl-pl\/branze\/bankowosc-i-rynki-kapitalowe\/zarzadzanie-aktywami\/#breadcrumb\"},\"inLanguage\":\"pl-PL\",\"potentialAction\":[{\"@type\":\"ReadAction\",\"target\":[\"https:\/\/www.capgemini.com\/pl-pl\/branze\/bankowosc-i-rynki-kapitalowe\/zarzadzanie-aktywami\/\"]}]},{\"@type\":\"ImageObject\",\"inLanguage\":\"pl-PL\",\"@id\":\"https:\/\/www.capgemini.com\/pl-pl\/branze\/bankowosc-i-rynki-kapitalowe\/zarzadzanie-aktywami\/#primaryimage\",\"url\":\"\",\"contentUrl\":\"\"},{\"@type\":\"BreadcrumbList\",\"@id\":\"https:\/\/www.capgemini.com\/pl-pl\/branze\/bankowosc-i-rynki-kapitalowe\/zarzadzanie-aktywami\/#breadcrumb\",\"itemListElement\":[{\"@type\":\"ListItem\",\"position\":1,\"name\":\"Home\",\"item\":\"https:\/\/www.capgemini.com\/pl-pl\/\"},{\"@type\":\"ListItem\",\"position\":2,\"name\":\"Bran\u017ce\",\"item\":\"https:\/\/www.capgemini.com\/pl-pl\/branze\/\"},{\"@type\":\"ListItem\",\"position\":3,\"name\":\"Bankowo\u015b\u0107 i rynki kapita\u0142owe\",\"item\":\"https:\/\/www.capgemini.com\/pl-pl\/branze\/bankowosc-i-rynki-kapitalowe\/\"},{\"@type\":\"ListItem\",\"position\":4,\"name\":\"Zarz\u0105dzanie aktywami\"}]},{\"@type\":\"WebSite\",\"@id\":\"https:\/\/www.capgemini.com\/pl-pl\/#website\",\"url\":\"https:\/\/www.capgemini.com\/pl-pl\/\",\"name\":\"Capgemini Polska\",\"description\":\"Capgemini\",\"potentialAction\":[{\"@type\":\"SearchAction\",\"target\":{\"@type\":\"EntryPoint\",\"urlTemplate\":\"https:\/\/www.capgemini.com\/pl-pl\/?s={search_term_string}\"},\"query-input\":\"required name=search_term_string\"}],\"inLanguage\":\"pl-PL\"}]}<\/script>\n<!-- \/ Yoast SEO Premium plugin. -->","yoast_head_json":{"title":"Zarz\u0105dzanie aktywami | Capgemini Polska","description":"Prze\u0142omowe innowacje to kluczowy czynnik, jaki wyr\u00f3\u017cnia firmy zajmuj\u0105ce si\u0119 zarz\u0105dzaniem aktywami.","robots":{"index":"index","follow":"follow","max-snippet":"max-snippet:-1","max-image-preview":"max-image-preview:large","max-video-preview":"max-video-preview:-1"},"canonical":"https:\/\/www.capgemini.com\/pl-pl\/branze\/bankowosc-i-rynki-kapitalowe\/zarzadzanie-aktywami\/","og_locale":"pl_PL","og_type":"article","og_title":"Zarz\u0105dzanie aktywami","og_description":"Prze\u0142omowe innowacje to kluczowy czynnik, jaki wyr\u00f3\u017cnia firmy zajmuj\u0105ce si\u0119 zarz\u0105dzaniem aktywami.","og_url":"https:\/\/www.capgemini.com\/pl-pl\/branze\/bankowosc-i-rynki-kapitalowe\/zarzadzanie-aktywami\/","og_site_name":"Capgemini Poland","article_modified_time":"2025-12-05T14:31:00+00:00","og_image":[{"width":1200,"height":627,"url":"https:\/\/www.capgemini.com\/pl-pl\/wp-content\/uploads\/sites\/27\/2025\/10\/New-Web-preview-global.jpg","type":"image\/jpeg"}],"twitter_card":"summary_large_image","twitter_misc":{"Est. reading time":"2 minutes"},"schema":{"@context":"https:\/\/schema.org","@graph":[{"@type":"WebPage","@id":"https:\/\/www.capgemini.com\/pl-pl\/branze\/bankowosc-i-rynki-kapitalowe\/zarzadzanie-aktywami\/","url":"https:\/\/www.capgemini.com\/pl-pl\/branze\/bankowosc-i-rynki-kapitalowe\/zarzadzanie-aktywami\/","name":"Zarz\u0105dzanie aktywami | Capgemini Polska","isPartOf":{"@id":"https:\/\/www.capgemini.com\/pl-pl\/#website"},"primaryImageOfPage":{"@id":"https:\/\/www.capgemini.com\/pl-pl\/branze\/bankowosc-i-rynki-kapitalowe\/zarzadzanie-aktywami\/#primaryimage"},"image":{"@id":"https:\/\/www.capgemini.com\/pl-pl\/branze\/bankowosc-i-rynki-kapitalowe\/zarzadzanie-aktywami\/#primaryimage"},"thumbnailUrl":"","datePublished":"2021-09-28T07:05:43+00:00","dateModified":"2025-12-05T14:31:00+00:00","description":"Prze\u0142omowe innowacje to kluczowy czynnik, jaki wyr\u00f3\u017cnia firmy zajmuj\u0105ce si\u0119 zarz\u0105dzaniem aktywami.","breadcrumb":{"@id":"https:\/\/www.capgemini.com\/pl-pl\/branze\/bankowosc-i-rynki-kapitalowe\/zarzadzanie-aktywami\/#breadcrumb"},"inLanguage":"pl-PL","potentialAction":[{"@type":"ReadAction","target":["https:\/\/www.capgemini.com\/pl-pl\/branze\/bankowosc-i-rynki-kapitalowe\/zarzadzanie-aktywami\/"]}]},{"@type":"ImageObject","inLanguage":"pl-PL","@id":"https:\/\/www.capgemini.com\/pl-pl\/branze\/bankowosc-i-rynki-kapitalowe\/zarzadzanie-aktywami\/#primaryimage","url":"","contentUrl":""},{"@type":"BreadcrumbList","@id":"https:\/\/www.capgemini.com\/pl-pl\/branze\/bankowosc-i-rynki-kapitalowe\/zarzadzanie-aktywami\/#breadcrumb","itemListElement":[{"@type":"ListItem","position":1,"name":"Home","item":"https:\/\/www.capgemini.com\/pl-pl\/"},{"@type":"ListItem","position":2,"name":"Bran\u017ce","item":"https:\/\/www.capgemini.com\/pl-pl\/branze\/"},{"@type":"ListItem","position":3,"name":"Bankowo\u015b\u0107 i rynki kapita\u0142owe","item":"https:\/\/www.capgemini.com\/pl-pl\/branze\/bankowosc-i-rynki-kapitalowe\/"},{"@type":"ListItem","position":4,"name":"Zarz\u0105dzanie aktywami"}]},{"@type":"WebSite","@id":"https:\/\/www.capgemini.com\/pl-pl\/#website","url":"https:\/\/www.capgemini.com\/pl-pl\/","name":"Capgemini Polska","description":"Capgemini","potentialAction":[{"@type":"SearchAction","target":{"@type":"EntryPoint","urlTemplate":"https:\/\/www.capgemini.com\/pl-pl\/?s={search_term_string}"},"query-input":"required name=search_term_string"}],"inLanguage":"pl-PL"}]}},"brand_term":[],"parsely":{"version":"1.1.0","canonical_url":"https:\/\/capgemini.com\/pl-pl\/branze\/bankowosc-i-rynki-kapitalowe\/zarzadzanie-aktywami\/","smart_links":{"inbound":0,"outbound":0},"traffic_boost_suggestions_count":0,"meta":{"@context":"https:\/\/schema.org","@type":"WebPage","headline":"Zarz\u0105dzanie aktywami","url":"https:\/\/www.capgemini.com\/pl-pl\/branze\/bankowosc-i-rynki-kapitalowe\/zarzadzanie-aktywami\/","mainEntityOfPage":{"@type":"WebPage","@id":"https:\/\/www.capgemini.com\/pl-pl\/branze\/bankowosc-i-rynki-kapitalowe\/zarzadzanie-aktywami\/"},"thumbnailUrl":"","image":{"@type":"ImageObject","url":""},"articleSection":"Uncategorized","author":[],"creator":[],"publisher":{"@type":"Organization","name":"Capgemini Poland","logo":""},"keywords":[],"dateCreated":"2021-09-28T07:05:43Z","datePublished":"2021-09-28T07:05:43Z","dateModified":"2025-12-05T14:31:00Z"},"rendered":"<meta name=\"parsely-title\" content=\"Zarz\u0105dzanie aktywami\" \/>\n<meta name=\"parsely-link\" content=\"https:\/\/www.capgemini.com\/pl-pl\/branze\/bankowosc-i-rynki-kapitalowe\/zarzadzanie-aktywami\/\" \/>\n<meta name=\"parsely-type\" content=\"index\" \/>\n<meta name=\"parsely-pub-date\" content=\"2021-09-28T07:05:43Z\" \/>\n<meta name=\"parsely-section\" content=\"Uncategorized\" \/>","tracker_url":"https:\/\/cdn.parsely.com\/keys\/capgemini.com\/p.js"},"archive_status":false,"featured_image_src":"https:\/\/www.capgemini.com\/pl-pl\/wp-content\/themes\/capgemini2025\/assets\/images\/mockup.png","featured_image_alt":"","jetpack_sharing_enabled":true,"distributor_meta":false,"distributor_terms":false,"distributor_media":false,"distributor_original_site_name":"Capgemini Poland","distributor_original_site_url":"https:\/\/www.capgemini.com\/pl-pl","push-errors":false,"_links":{"self":[{"href":"https:\/\/www.capgemini.com\/pl-pl\/wp-json\/wp\/v2\/pages\/628550","targetHints":{"allow":["GET"]}}],"collection":[{"href":"https:\/\/www.capgemini.com\/pl-pl\/wp-json\/wp\/v2\/pages"}],"about":[{"href":"https:\/\/www.capgemini.com\/pl-pl\/wp-json\/wp\/v2\/types\/page"}],"author":[{"embeddable":true,"href":"https:\/\/www.capgemini.com\/pl-pl\/wp-json\/wp\/v2\/users\/118"}],"replies":[{"embeddable":true,"href":"https:\/\/www.capgemini.com\/pl-pl\/wp-json\/wp\/v2\/comments?post=628550"}],"version-history":[{"count":5,"href":"https:\/\/www.capgemini.com\/pl-pl\/wp-json\/wp\/v2\/pages\/628550\/revisions"}],"predecessor-version":[{"id":913843,"href":"https:\/\/www.capgemini.com\/pl-pl\/wp-json\/wp\/v2\/pages\/628550\/revisions\/913843"}],"up":[{"embeddable":true,"href":"https:\/\/www.capgemini.com\/pl-pl\/wp-json\/wp\/v2\/pages\/637937"}],"wp:featuredmedia":[{"embeddable":true,"href":"https:\/\/www.capgemini.com\/pl-pl\/wp-json\/"}],"wp:attachment":[{"href":"https:\/\/www.capgemini.com\/pl-pl\/wp-json\/wp\/v2\/media?parent=628550"}],"wp:term":[{"taxonomy":"brand","embeddable":true,"href":"https:\/\/www.capgemini.com\/pl-pl\/wp-json\/wp\/v2\/brand?post=628550"},{"taxonomy":"partner_type","embeddable":true,"href":"https:\/\/www.capgemini.com\/pl-pl\/wp-json\/wp\/v2\/partner_type?post=628550"},{"taxonomy":"service","embeddable":true,"href":"https:\/\/www.capgemini.com\/pl-pl\/wp-json\/wp\/v2\/service?post=628550"},{"taxonomy":"industry","embeddable":true,"href":"https:\/\/www.capgemini.com\/pl-pl\/wp-json\/wp\/v2\/industry?post=628550"},{"taxonomy":"partners","embeddable":true,"href":"https:\/\/www.capgemini.com\/pl-pl\/wp-json\/wp\/v2\/partners?post=628550"},{"taxonomy":"page-type","embeddable":true,"href":"https:\/\/www.capgemini.com\/pl-pl\/wp-json\/wp\/v2\/page-type?post=628550"},{"taxonomy":"content-group","embeddable":true,"href":"https:\/\/www.capgemini.com\/pl-pl\/wp-json\/wp\/v2\/content-group?post=628550"}],"curies":[{"name":"wp","href":"https:\/\/api.w.org\/{rel}","templated":true}]}}