{"id":627824,"date":"2022-11-30T08:52:02","date_gmt":"2022-11-30T08:52:02","guid":{"rendered":"https:\/\/www.capgemini.com\/ch-en\/?page_id=627824"},"modified":"2025-10-31T11:23:27","modified_gmt":"2025-10-31T11:23:27","slug":"join-us-2","status":"publish","type":"page","link":"https:\/\/www.capgemini.com\/pl-pl\/kariera\/oferty-pracy\/","title":{"rendered":"Oferty pracy"},"content":{"rendered":"<div id=\"cg-jobs-search-root\"><\/div>\n\n\n\n<section class=\"wp-block-cg-blocks-social-media undefined is-style-cg-purple social-media-block\"><div class=\"container\"><div class=\"social-media-block-content-wrapper\"><h3>Po\u0142\u0105cz si\u0119 z nami w mediach spo\u0142eczno\u015bciowych<\/h3><ul><li><a href=\"https:\/\/www.facebook.com\/CapgeminiPl\/\" target=\"_blank\" rel=\"noopener\" title=\"opens in a new window\"><i aria-hidden=\"true\" aria-label=\"Facebook\" class=\"icon-fb\"><\/i><span class=\"sr-only\">Facebook<\/span><\/a><\/li><li><a href=\"https:\/\/twitter.com\/CapgeminiPl\" target=\"_blank\" rel=\"noopener\" title=\"opens in a new window\"><i aria-hidden=\"true\" aria-label=\"Linkedin\" class=\"icon-tw\"><\/i><span class=\"sr-only\">Linkedin<\/span><\/a><\/li><li><a href=\"https:\/\/www.linkedin.com\/company\/capgemini\/life\/capgeminipolska\" target=\"_blank\" rel=\"noopener\" title=\"opens in a new window\"><i aria-hidden=\"true\" aria-label=\"Linkedin\" class=\"icon-li\"><\/i><span class=\"sr-only\">Linkedin<\/span><\/a><\/li><li><a href=\"https:\/\/www.youtube.com\/user\/capgeminimedia\" target=\"_blank\" rel=\"noopener\" title=\"opens in a new window\"><i aria-hidden=\"true\" aria-label=\"Youtube\" class=\"icon-yt\"><\/i><span class=\"sr-only\">Youtube<\/span><\/a><\/li><li><a href=\"https:\/\/www.instagram.com\/capgeminipl\/\" target=\"_blank\" rel=\"noopener\" title=\"opens in a new window\"><i aria-hidden=\"true\" aria-label=\"Instagram\" class=\"icon-in\"><\/i><span class=\"sr-only\">Instagram<\/span><\/a><\/li><\/ul><\/div><\/div><\/section>\n","protected":false},"excerpt":{"rendered":"","protected":false},"author":35,"featured_media":0,"parent":515050,"menu_order":0,"comment_status":"closed","ping_status":"closed","template":"","meta":{"cg_dt_proposed_to":[],"cg_seo_hreflang_relations":"[]","cg_seo_canonical_relation":"","cg_seo_hreflang_x_default_relation":"{\"uuid\":\"688b7563-886b-4775-ba9d-3742aaebb672\",\"blogId\":\"\",\"domain\":\"\",\"sitePath\":\"\",\"postLink\":\"\",\"postId\":null,\"isSaved\":true,\"isCrossLink\":false,\"hasCrossLink\":false}","cg_dt_approved_content":true,"cg_dt_mandatory_content":false,"cg_dt_notes":"","cg_dg_source_changed":false,"cg_dt_link_disabled":false,"_yoast_wpseo_primary_brand":"","footnotes":"","featured_focal_points":"","partner_card_description":"","gsap_animation":0},"brand":[],"partner_type":[],"service":[],"industry":[],"partners":[],"page-type":[],"content-group":[],"class_list":["post-627824","page","type-page","status-publish","hentry"],"yoast_head":"<!-- This site is optimized with the Yoast SEO Premium plugin v22.8 (Yoast SEO v22.8) - https:\/\/yoast.com\/wordpress\/plugins\/seo\/ -->\n<title>Oferty pracy - Capgemini Poland<\/title>\n<meta name=\"description\" content=\"Szukasz nowej pracy? Sprawd\u017a na jakie stanowiska aktalnie rekrutujemy i prze\u015blij do nas swoje CV.\" \/>\n<meta name=\"robots\" content=\"index, follow, max-snippet:-1, max-image-preview:large, max-video-preview:-1\" \/>\n<link rel=\"canonical\" href=\"https:\/\/www.capgemini.com\/pl-pl\/kariera\/oferty-pracy\/\" \/>\n<meta property=\"og:locale\" content=\"pl_PL\" \/>\n<meta property=\"og:type\" content=\"article\" \/>\n<meta property=\"og:title\" content=\"Oferty pracy\" \/>\n<meta property=\"og:description\" content=\"Szukasz nowej pracy? Sprawd\u017a na jakie stanowiska aktalnie rekrutujemy i prze\u015blij do nas swoje CV.\" \/>\n<meta property=\"og:url\" content=\"https:\/\/www.capgemini.com\/pl-pl\/kariera\/oferty-pracy\/\" \/>\n<meta property=\"og:site_name\" content=\"Capgemini Poland\" \/>\n<meta property=\"article:modified_time\" content=\"2025-10-31T11:23:27+00:00\" \/>\n<meta property=\"og:image\" content=\"https:\/\/www.capgemini.com\/pl-pl\/wp-content\/uploads\/sites\/27\/2025\/10\/New-Web-preview-global.jpg\" \/>\n\t<meta property=\"og:image:width\" content=\"1200\" \/>\n\t<meta property=\"og:image:height\" content=\"627\" \/>\n\t<meta property=\"og:image:type\" content=\"image\/jpeg\" \/>\n<meta name=\"twitter:card\" content=\"summary_large_image\" \/>\n<script type=\"application\/ld+json\" class=\"yoast-schema-graph\">{\"@context\":\"https:\/\/schema.org\",\"@graph\":[{\"@type\":\"WebPage\",\"@id\":\"https:\/\/www.capgemini.com\/pl-pl\/kariera\/oferty-pracy\/\",\"url\":\"https:\/\/www.capgemini.com\/pl-pl\/kariera\/oferty-pracy\/\",\"name\":\"Oferty pracy - Capgemini Poland\",\"isPartOf\":{\"@id\":\"https:\/\/www.capgemini.com\/pl-pl\/#website\"},\"datePublished\":\"2022-11-30T08:52:02+00:00\",\"dateModified\":\"2025-10-31T11:23:27+00:00\",\"description\":\"Szukasz nowej pracy? Sprawd\u017a na jakie stanowiska aktalnie rekrutujemy i prze\u015blij do nas swoje CV.\",\"breadcrumb\":{\"@id\":\"https:\/\/www.capgemini.com\/pl-pl\/kariera\/oferty-pracy\/#breadcrumb\"},\"inLanguage\":\"pl-PL\",\"potentialAction\":[{\"@type\":\"ReadAction\",\"target\":[\"https:\/\/www.capgemini.com\/pl-pl\/kariera\/oferty-pracy\/\"]}]},{\"@type\":\"BreadcrumbList\",\"@id\":\"https:\/\/www.capgemini.com\/pl-pl\/kariera\/oferty-pracy\/#breadcrumb\",\"itemListElement\":[{\"@type\":\"ListItem\",\"position\":1,\"name\":\"Home\",\"item\":\"https:\/\/www.capgemini.com\/pl-pl\/\"},{\"@type\":\"ListItem\",\"position\":2,\"name\":\"Kariera\",\"item\":\"https:\/\/www.capgemini.com\/pl-pl\/kariera\/\"},{\"@type\":\"ListItem\",\"position\":3,\"name\":\"Oferty pracy\"}]},{\"@type\":\"WebSite\",\"@id\":\"https:\/\/www.capgemini.com\/pl-pl\/#website\",\"url\":\"https:\/\/www.capgemini.com\/pl-pl\/\",\"name\":\"Capgemini Polska\",\"description\":\"Capgemini\",\"potentialAction\":[{\"@type\":\"SearchAction\",\"target\":{\"@type\":\"EntryPoint\",\"urlTemplate\":\"https:\/\/www.capgemini.com\/pl-pl\/?s={search_term_string}\"},\"query-input\":\"required name=search_term_string\"}],\"inLanguage\":\"pl-PL\"}]}<\/script>\n<!-- \/ Yoast SEO Premium plugin. -->","yoast_head_json":{"title":"Oferty pracy - Capgemini Poland","description":"Szukasz nowej pracy? Sprawd\u017a na jakie stanowiska aktalnie rekrutujemy i prze\u015blij do nas swoje CV.","robots":{"index":"index","follow":"follow","max-snippet":"max-snippet:-1","max-image-preview":"max-image-preview:large","max-video-preview":"max-video-preview:-1"},"canonical":"https:\/\/www.capgemini.com\/pl-pl\/kariera\/oferty-pracy\/","og_locale":"pl_PL","og_type":"article","og_title":"Oferty pracy","og_description":"Szukasz nowej pracy? Sprawd\u017a na jakie stanowiska aktalnie rekrutujemy i prze\u015blij do nas swoje CV.","og_url":"https:\/\/www.capgemini.com\/pl-pl\/kariera\/oferty-pracy\/","og_site_name":"Capgemini Poland","article_modified_time":"2025-10-31T11:23:27+00:00","og_image":[{"width":1200,"height":627,"url":"https:\/\/www.capgemini.com\/pl-pl\/wp-content\/uploads\/sites\/27\/2025\/10\/New-Web-preview-global.jpg","type":"image\/jpeg"}],"twitter_card":"summary_large_image","schema":{"@context":"https:\/\/schema.org","@graph":[{"@type":"WebPage","@id":"https:\/\/www.capgemini.com\/pl-pl\/kariera\/oferty-pracy\/","url":"https:\/\/www.capgemini.com\/pl-pl\/kariera\/oferty-pracy\/","name":"Oferty pracy - Capgemini Poland","isPartOf":{"@id":"https:\/\/www.capgemini.com\/pl-pl\/#website"},"datePublished":"2022-11-30T08:52:02+00:00","dateModified":"2025-10-31T11:23:27+00:00","description":"Szukasz nowej pracy? Sprawd\u017a na jakie stanowiska aktalnie rekrutujemy i prze\u015blij do nas swoje CV.","breadcrumb":{"@id":"https:\/\/www.capgemini.com\/pl-pl\/kariera\/oferty-pracy\/#breadcrumb"},"inLanguage":"pl-PL","potentialAction":[{"@type":"ReadAction","target":["https:\/\/www.capgemini.com\/pl-pl\/kariera\/oferty-pracy\/"]}]},{"@type":"BreadcrumbList","@id":"https:\/\/www.capgemini.com\/pl-pl\/kariera\/oferty-pracy\/#breadcrumb","itemListElement":[{"@type":"ListItem","position":1,"name":"Home","item":"https:\/\/www.capgemini.com\/pl-pl\/"},{"@type":"ListItem","position":2,"name":"Kariera","item":"https:\/\/www.capgemini.com\/pl-pl\/kariera\/"},{"@type":"ListItem","position":3,"name":"Oferty pracy"}]},{"@type":"WebSite","@id":"https:\/\/www.capgemini.com\/pl-pl\/#website","url":"https:\/\/www.capgemini.com\/pl-pl\/","name":"Capgemini Polska","description":"Capgemini","potentialAction":[{"@type":"SearchAction","target":{"@type":"EntryPoint","urlTemplate":"https:\/\/www.capgemini.com\/pl-pl\/?s={search_term_string}"},"query-input":"required name=search_term_string"}],"inLanguage":"pl-PL"}]}},"brand_term":[],"parsely":{"version":"1.1.0","canonical_url":"https:\/\/capgemini.com\/pl-pl\/kariera\/oferty-pracy\/","smart_links":{"inbound":0,"outbound":0},"traffic_boost_suggestions_count":0,"meta":{"@context":"https:\/\/schema.org","@type":"WebPage","headline":"Oferty pracy","url":"https:\/\/www.capgemini.com\/pl-pl\/kariera\/oferty-pracy\/","mainEntityOfPage":{"@type":"WebPage","@id":"https:\/\/www.capgemini.com\/pl-pl\/kariera\/oferty-pracy\/"},"thumbnailUrl":"","image":{"@type":"ImageObject","url":""},"articleSection":"Uncategorized","author":[],"creator":[],"publisher":{"@type":"Organization","name":"Capgemini Poland","logo":""},"keywords":[],"dateCreated":"2022-11-30T08:52:02Z","datePublished":"2022-11-30T08:52:02Z","dateModified":"2025-10-31T11:23:27Z"},"rendered":"<meta name=\"parsely-title\" content=\"Oferty pracy\" \/>\n<meta name=\"parsely-link\" content=\"https:\/\/www.capgemini.com\/pl-pl\/kariera\/oferty-pracy\/\" \/>\n<meta name=\"parsely-type\" content=\"index\" \/>\n<meta name=\"parsely-pub-date\" content=\"2022-11-30T08:52:02Z\" \/>\n<meta name=\"parsely-section\" content=\"Uncategorized\" \/>","tracker_url":"https:\/\/cdn.parsely.com\/keys\/capgemini.com\/p.js"},"archive_status":false,"featured_image_src":"https:\/\/www.capgemini.com\/pl-pl\/wp-content\/themes\/capgemini2025\/assets\/images\/mockup.png","featured_image_alt":false,"jetpack_sharing_enabled":true,"distributor_meta":false,"distributor_terms":false,"distributor_media":false,"distributor_original_site_name":"Capgemini Poland","distributor_original_site_url":"https:\/\/www.capgemini.com\/pl-pl","push-errors":false,"_links":{"self":[{"href":"https:\/\/www.capgemini.com\/pl-pl\/wp-json\/wp\/v2\/pages\/627824","targetHints":{"allow":["GET"]}}],"collection":[{"href":"https:\/\/www.capgemini.com\/pl-pl\/wp-json\/wp\/v2\/pages"}],"about":[{"href":"https:\/\/www.capgemini.com\/pl-pl\/wp-json\/wp\/v2\/types\/page"}],"author":[{"embeddable":true,"href":"https:\/\/www.capgemini.com\/pl-pl\/wp-json\/wp\/v2\/users\/35"}],"replies":[{"embeddable":true,"href":"https:\/\/www.capgemini.com\/pl-pl\/wp-json\/wp\/v2\/comments?post=627824"}],"version-history":[{"count":8,"href":"https:\/\/www.capgemini.com\/pl-pl\/wp-json\/wp\/v2\/pages\/627824\/revisions"}],"predecessor-version":[{"id":913227,"href":"https:\/\/www.capgemini.com\/pl-pl\/wp-json\/wp\/v2\/pages\/627824\/revisions\/913227"}],"up":[{"embeddable":true,"href":"https:\/\/www.capgemini.com\/pl-pl\/wp-json\/wp\/v2\/pages\/515050"}],"wp:attachment":[{"href":"https:\/\/www.capgemini.com\/pl-pl\/wp-json\/wp\/v2\/media?parent=627824"}],"wp:term":[{"taxonomy":"brand","embeddable":true,"href":"https:\/\/www.capgemini.com\/pl-pl\/wp-json\/wp\/v2\/brand?post=627824"},{"taxonomy":"partner_type","embeddable":true,"href":"https:\/\/www.capgemini.com\/pl-pl\/wp-json\/wp\/v2\/partner_type?post=627824"},{"taxonomy":"service","embeddable":true,"href":"https:\/\/www.capgemini.com\/pl-pl\/wp-json\/wp\/v2\/service?post=627824"},{"taxonomy":"industry","embeddable":true,"href":"https:\/\/www.capgemini.com\/pl-pl\/wp-json\/wp\/v2\/industry?post=627824"},{"taxonomy":"partners","embeddable":true,"href":"https:\/\/www.capgemini.com\/pl-pl\/wp-json\/wp\/v2\/partners?post=627824"},{"taxonomy":"page-type","embeddable":true,"href":"https:\/\/www.capgemini.com\/pl-pl\/wp-json\/wp\/v2\/page-type?post=627824"},{"taxonomy":"content-group","embeddable":true,"href":"https:\/\/www.capgemini.com\/pl-pl\/wp-json\/wp\/v2\/content-group?post=627824"}],"curies":[{"name":"wp","href":"https:\/\/api.w.org\/{rel}","templated":true}]}}