{"id":626712,"date":"2021-09-21T12:18:13","date_gmt":"2021-09-21T12:18:13","guid":{"rendered":"https:\/\/www.capgemini.com\/?page_id=626712"},"modified":"2025-03-12T10:16:41","modified_gmt":"2025-03-12T10:16:41","slug":"admnext-for-electric-utilities","status":"publish","type":"page","link":"https:\/\/www.capgemini.com\/pl-pl\/rozwiazania\/admnext-for-electric-utilities\/","title":{"rendered":"Admnext for electric utilities"},"content":{"rendered":"\n<header class=\"wp-block-cg-blocks-hero-reusable header heroReusable  \"><div class=\"header-bgs\"><picture><source srcset=\"https:\/\/www.capgemini.com\/wp-content\/uploads\/2018\/11\/sap-hana.jpg?w=2880&amp;quality=70 1x, https:\/\/www.capgemini.com\/wp-content\/uploads\/2018\/11\/sap-hana.jpg?w=2880&amp;quality=70 2x\" media=\"(min-width: 1500px)\"\/><source srcset=\"https:\/\/www.capgemini.com\/wp-content\/uploads\/2018\/11\/sap-hana.jpg?w=1440&amp;quality=70 1x, https:\/\/www.capgemini.com\/wp-content\/uploads\/2018\/11\/sap-hana.jpg?w=2880&amp;quality=70 2x\" media=\"(min-width: 992px)\"\/><source srcset=\"https:\/\/www.capgemini.com\/wp-content\/uploads\/2018\/11\/sap-hana.jpg?w=1024&amp;quality=70 1x, https:\/\/www.capgemini.com\/wp-content\/uploads\/2018\/11\/sap-hana.jpg?w=1024&amp;quality=70 2x\" media=\"(min-width: 768px)\"\/><source srcset=\"https:\/\/www.capgemini.com\/wp-content\/uploads\/2018\/11\/sap-hana.jpg?w=768&amp;quality=70 1x, https:\/\/www.capgemini.com\/wp-content\/uploads\/2018\/11\/sap-hana.jpg?w=768&amp;quality=70 2x\" media=\"(min-width: 0)\"\/><img decoding=\"async\" src=\"https:\/\/www.capgemini.com\/wp-content\/uploads\/2018\/11\/sap-hana.jpg\" class=\"header-img header-img-d\" alt=\"\" style=\"object-fit:cover;object-position:50% 50%\" loading=\"eager\"\/><\/picture><\/div><div class=\"heroPictureCardHeaderShape\"><\/div><div class=\"container\"><div class=\"row\"><div class=\"col-md-12\"><div class=\"box\"><div class=\"boxTagWrapper\"><div class=\"tagInfo\"><div><span class=\"box-tag\">Solution<\/span><\/div><\/div><\/div><div class=\"box-title\"><h1 data-maxlength=\"34\">Admnext for electric utilities<\/h1><\/div><div class=\"inner-row-insight download-btn\"><div class=\"col-md-4 downloadFiles addPadding\"><a class=\"button-download--small\" type=\"download\" href=\"https:\/\/www.capgemini.com\/wp-content\/uploads\/2021\/09\/ADMnext-Electric-Utilities.pdf\" target=\"_blank\" rel=\"noopener noreferrer\" title=\"otwiera si\u0119 w nowym oknie\"><span>Download Brochure<\/span><span class=\"type\">2 MB  pdf<\/span><\/a><\/div><\/div><\/div><\/div><\/div><\/div><\/header>\n\n\n\n<section class=\"wp-block-cg-blocks-intro-para undefined section section--intro\"><div class=\"intro-para\"><div class=\"container\"><div class=\"row\"><div class=\"col-12 col-md-1\"><nav class=\"article-social\"><ul class=\"social-nav\"><li class=\"ip-order-fb\"><a href=\"https:\/\/www.facebook.com\/sharer\/sharer.php?u=https:\/\/www.capgemini.com\/pl-pl\/rozwiazania\/admnext-for-electric-utilities\/\" target=\"_blank\" rel=\"noopener noreferrer\" title=\"otwiera si\u0119 w nowym oknie\"><i aria-hidden=\"true\" class=\"icon-fb\"><\/i><span class=\"sr-only\">Facebook<\/span><\/a><\/li><li class=\"ip-order-li\"><a href=\"https:\/\/www.linkedin.com\/sharing\/share-offsite\/?url=https:\/\/www.capgemini.com\/pl-pl\/rozwiazania\/admnext-for-electric-utilities\/\" target=\"_blank\" rel=\"noopener noreferrer\" title=\"otwiera si\u0119 w nowym oknie\"><i aria-hidden=\"true\" class=\"icon-li\"><\/i><span class=\"sr-only\">Linkedin<\/span><\/a><\/li><\/ul><\/nav><\/div><div class=\"col-12 col-md-11 col-lg-10\"><h2 class=\"intro-para-title\">W miar\u0119 przekszta\u0142cania sieci, operatorzy inteligentnych sieci przesy\u0142owych i dystrybucyjnych musz\u0105 si\u0119 dostosowa\u0107 i sprosta\u0107 wielu rosn\u0105cym wyzwaniom.<\/h2><p class=\"intro-para-content\">Wyzwania te obejmuj\u0105 wi\u0119kszy udzia\u0142 rozproszonych i nieci\u0105g\u0142ych \u017ar\u00f3de\u0142 energii odnawialnej, co mo\u017ce skutkowa\u0107 wi\u0119ksz\u0105 niestabilno\u015bci\u0105 sieci, a tak\u017ce potrzeb\u0105 lepszych rozwi\u0105za\u0144 w zakresie przechowywania i wykorzystania rozwijaj\u0105cych si\u0119 technologii cyfrowych, takich jak IoT, 5G i AI, w celu osi\u0105gni\u0119cia post\u0119pu.<\/p><\/div><\/div><\/div><\/div><\/section>\n\n\n\n<section class=\"wp-block-cg-blocks-group undefined section section--article-content\"><div class=\"article-main-content\"><div class=\"container\"><div class=\"row\"><div class=\"col-12 col-md-11 col-lg-10 offset-md-1 offset-lg-1\"><div class=\"article-text article-quote-text\">\n<h3 class=\"wp-block-heading\" id=\"h-dostosowanie-sie-do-coraz-wiekszych-wyzwan\">Dostosowanie si\u0119 do coraz wi\u0119kszych wyzwa\u0144<\/h3>\n\n\n\n<p>W miar\u0119 przekszta\u0142cania sieci operatorzy inteligentnych sieci przesy\u0142owych i dystrybucyjnych musz\u0105 si\u0119 dostosowa\u0107 i sprosta\u0107 wielu rosn\u0105cym wyzwaniom. Wyzwania te obejmuj\u0105 wi\u0119kszy udzia\u0142 rozproszonych i nieci\u0105g\u0142ych \u017ar\u00f3de\u0142 energii odnawialnej, co mo\u017ce skutkowa\u0107 wi\u0119ksz\u0105 niestabilno\u015bci\u0105 sieci, a tak\u017ce potrzeb\u0105 lepszych rozwi\u0105za\u0144 w zakresie przechowywania i wykorzystania rozwijaj\u0105cych si\u0119 technologii cyfrowych, takich jak IoT, 5G i AI, w celu osi\u0105gni\u0119cia post\u0119pu.<\/p>\n\n\n\n<p>Istnieje r\u00f3wnie\u017c potrzeba wi\u0119kszej odporno\u015bci sieci na zjawiska pogodowe oraz odpowiedzialno\u015bci za transformacj\u0119 energetyczn\u0105. Ponadto obecne modele biznesowe znajduj\u0105 si\u0119 pod coraz wi\u0119ksz\u0105 presj\u0105, poniewa\u017c mikrosieci i zu\u017cycie w\u0142asne wp\u0142ywaj\u0105 na przychody z przesy\u0142u i dystrybucji energii (T&amp;D). Og\u00f3lnie rzecz bior\u0105c, operatorzy inteligentnych sieci przesy\u0142owych i dystrybucyjnych musz\u0105:<\/p>\n\n\n\n<ul class=\"wp-block-list\">\n<li>Efektywniej zarz\u0105dza\u0107 sieci\u0105 dystrybucyjn\u0105 i dostosowa\u0107 j\u0105 do zmian architektury i przep\u0142ywu dwukierunkowego.<\/li>\n\n\n\n<li>Zintegrowa\u0107 nowe zastosowania i rozproszone generatory energii elektrycznej.<\/li>\n\n\n\n<li>Rozpowszechnia\u0107, chroni\u0107 i bezpiecznie udost\u0119pnia\u0107 dane wielu interesariuszom.<\/li>\n<\/ul>\n\n\n\n<p>W jaki spos\u00f3b mo\u017cesz zagwarantowa\u0107, \u017ce sprostasz wszystkim tym wyzwaniom i rozwiniesz swoj\u0105 dzia\u0142alno\u015b\u0107 w tej szybko zmieniaj\u0105cej si\u0119 przestrzeni?<\/p>\n\n\n\n<h2 class=\"wp-block-heading\" id=\"h-\"><\/h2>\n\n\n\n<h3 class=\"wp-block-heading\" id=\"h-przedstawiamy-rozwiazanie-admnext-firmy-capgemini-dla-zakladow-energetycznych-wspieranie-podejscia-skoncentrowanego-na-kliencie-cyberbezpieczenstwa-modernizacji-redukcji-kosztow-i-zgodnosci-z-przepisami\">Przedstawiamy rozwi\u0105zanie ADMnext firmy Capgemini dla zak\u0142ad\u00f3w energetycznych: Wspieranie podej\u015bcia skoncentrowanego na kliencie, cyberbezpiecze\u0144stwa, modernizacji, redukcji koszt\u00f3w i zgodno\u015bci z przepisami.<\/h3>\n\n\n\n<p>Rozwi\u0105zanie ADMnext for Electric Utilities od Capgemini dla przedsi\u0119biorstw u\u017cyteczno\u015bci publicznej pomaga w realizacji wszystkich najwa\u017cniejszych priorytet\u00f3w, po pierwsze umo\u017cliwiaj\u0105c lepsz\u0105 koncentracj\u0119 na klientach ko\u0144cowych dzi\u0119ki spersonalizowanym us\u0142ugom o warto\u015bci dodanej, skoncentrowanym na biznesie, kt\u00f3re s\u0105 mo\u017cliwe dzi\u0119ki prze\u0142omowym cyfrowym technologiom i rozwi\u0105zaniom:<\/p>\n\n\n\n<ul class=\"wp-block-list\">\n<li><strong>Adaptacyjne us\u0142ugi ADM<\/strong>&nbsp;stosuj\u0105 nasze mo\u017cliwo\u015bci hiperautomatyzacji z Platform\u0105 Inteligentnej Automatyzacji firmy Capgemini, aby pom\u00f3c w redukcji koszt\u00f3w i ci\u0105g\u0142ym doskonaleniu.<\/li>\n\n\n\n<li><strong>Us\u0142ugi modernizacji<\/strong>&nbsp;optymalizuj\u0105 zasoby IT i zarz\u0105dzaj\u0105 infrastruktur\u0105 chmury i danymi, aby zapewni\u0107 konwergencj\u0119 IT-OT.<\/li>\n\n\n\n<li><strong>Business Insightful Services<\/strong>&nbsp;obejmuj\u0105 Platform\u0119 Inteligentnej Automatyzacji Capgemini dla biznesu, kt\u00f3ra zapewnia podej\u015bcie oparte na wynikach, zapewniaj\u0105ce realizacj\u0119 kluczowych wska\u017anik\u00f3w efektywno\u015bci biznesu i inteligentnego zarz\u0105dzania oraz wydajno\u015b\u0107 proces\u00f3w.<\/li>\n\n\n\n<li><strong>Nowe us\u0142ugi i produkty<\/strong>&nbsp;dostarczaj\u0105 rozwi\u0105zania dla inteligentnych sieci na du\u017c\u0105 skal\u0119, kt\u00f3re pomog\u0105 w modernizacji inteligentnej sieci i zarz\u0105dzaniu ryzykiem cyberbezpiecze\u0144stwa.<\/li>\n<\/ul>\n\n\n\n<h2 class=\"wp-block-heading\" id=\"h-\"><\/h2>\n\n\n\n<p>Stosuj\u0105c te us\u0142ugi w swojej dzia\u0142alno\u015bci, Capgemini ADMnext for Electric Utilities \u015bci\u015ble wsp\u00f3\u0142pracuje z klientem, aby:<\/p>\n\n\n\n<ul class=\"wp-block-list\">\n<li>Wdro\u017cy\u0107 rozwi\u0105zania inteligentnych sieci energetycznych w odpowiedniej skali.<\/li>\n\n\n\n<li>Rozwija\u0107 us\u0142ugi oraz poprawia\u0107 odporno\u015b\u0107 i ci\u0105g\u0142o\u015b\u0107 dostaw.<\/li>\n\n\n\n<li>Wykorzysta\u0107 dane i umo\u017cliwi\u0107 konwergencj\u0119 IT-OT.<\/li>\n\n\n\n<li>Obni\u017ca\u0107 koszty i wprowadza\u0107 ci\u0105g\u0142e ulepszenia.<\/li>\n<\/ul>\n\n\n\n<h2 class=\"wp-block-heading\" id=\"h-\"><\/h2>\n\n\n\n<p>Aby dowiedzie\u0107 si\u0119 wi\u0119cej o tym, jak mo\u017cna zapewni\u0107 sobie te wszystkie korzy\u015bci, pobierz pe\u0142n\u0105 ulotk\u0119 informacyjn\u0105, znajduj\u0105c\u0105 si\u0119 po prawej stronie, i skontaktuj si\u0119 z nami&nbsp;<a href=\"mailto:admnextmarketing.global@capgemini.com\"><strong><u>tutaj,<\/u><\/strong><\/a>&nbsp;aby dowiedzie\u0107 si\u0119 wi\u0119cej o ADMnext for Electric Utilities od Capgemini.<\/p>\n<\/div><\/div><\/div><\/div><\/div><\/section>\n\n\n<section class=\"wp-block-cg-blocks-wrapper-client-stories section-client-stories\"><div class=\"container\"><div class=\"row\"><div class=\"content-title col-12 col-md-8\"><h2 class=\"clientblock-title\"><\/h2><\/div><\/div><\/div><div class=\"slider slider-boxed\"><div class=\"slider-nav-wrapper smallDevice\"><div class=\"slider-nav\"><button class=\"slider-prev  inactive\" aria-label=\"Slider previous\" tabindex=\"-1\"><\/button><button class=\"slider-next \" aria-label=\"Slider next\"><\/button><\/div><\/div><div class=\"slider-list\"><div class=\"slide active\">\n\t\t\t<div class=\"slide-bg-wrapper\">\n\t\t\t\t<picture><source srcset=\"https:\/\/www.capgemini.com\/pl-pl\/wp-content\/themes\/capgemini2025\/assets\/images\/mockup.png?w=2880&amp;quality=70 1x, https:\/\/www.capgemini.com\/pl-pl\/wp-content\/themes\/capgemini2025\/assets\/images\/mockup.png?w=2880&amp;quality=70 2x\"\n\t\t\t\tmedia=\"(min-width: 1500px)\"\/><source srcset=\"https:\/\/www.capgemini.com\/pl-pl\/wp-content\/themes\/capgemini2025\/assets\/images\/mockup.png?w=1440&amp;quality=70 1x, https:\/\/www.capgemini.com\/pl-pl\/wp-content\/themes\/capgemini2025\/assets\/images\/mockup.png?w=2880&amp;quality=70 2x\"\n\t\t\tmedia=\"(min-width: 992px)\"\/><source srcset=\"https:\/\/www.capgemini.com\/pl-pl\/wp-content\/themes\/capgemini2025\/assets\/images\/mockup.png?w=1024&amp;quality=70 1x, https:\/\/www.capgemini.com\/pl-pl\/wp-content\/themes\/capgemini2025\/assets\/images\/mockup.png?w=2048&amp;quality=70 2x\"\n\t\t\tmedia=\"(min-width: 768px)\"\/><source srcset=\"https:\/\/www.capgemini.com\/pl-pl\/wp-content\/themes\/capgemini2025\/assets\/images\/mockup.png?w=480&amp;quality=70 1x, https:\/\/www.capgemini.com\/pl-pl\/wp-content\/themes\/capgemini2025\/assets\/images\/mockup.png?w=960&amp;quality=70 2x\"\n\t\t\tmedia=\"(min-width: 0)\"\/><img decoding=\"async\" loading=\"lazy\" class=\"slide-bg\" src=\"https:\/\/www.capgemini.com\/pl-pl\/wp-content\/themes\/capgemini2025\/assets\/images\/mockup.png\" alt=\"\"\n\t\t\tstyle=\"object-position: 50% 50%; object-fit: cover;\"\n\t\t\/><\/picture><div class=\"slide-reveal\"><\/div>\n\t\t\t<\/div>\n\t\t\t<div class=\"container\">\n\t\t\t\t<div class=\"slide-info-wrapper\">\n\t\t\t\t\t<div class=\"row\">\n\t\t\t\t\t\t<div class=\"col-12 col-lg-6\">\n\t\t\t\t\t\t\t<div class=\"slide-info\">\n\t\t\t\t\t\t\t\t<a aria-label=\"\"\n\t\t\t\t\t\t\t\t   href=\"\">\n\t\t\t\t\t\t\t\t\t<div class=\"box\">\n\t\t\t\t\t\t\t\t\t\t<h3 class=\"client-subtitle\"><\/h3>\n\t\t\t\t\t\t\t\t\t\t<p><\/p>\n\t\t\t\t\t\t\t\t\t<\/div><!-- End of box-->\n\t\t\t\t\t\t\t\t<\/a><div class=\"slide-info-footer\">\n                                <div class=\"brand-logo-wrapper\"><\/div>\n\t\t\t<div class=\"content-more\">\n\t\t\t\t<a class=\"cta-button\" href=\"\" aria-label=\"Read more about \"><span>Czytaj wi\u0119cej<\/span><\/a>\n\t\t\t<\/div>\n\t\t<\/div>\n\t<\/div><!-- End of slide info-->\n<\/div>\n<\/div>\n<\/div>\n<\/div><!-- End of container-->\n\n<\/div><!-- End of slide active -->\n<div class=\"slide active\">\n\t\t\t<div class=\"slide-bg-wrapper\">\n\t\t\t\t<picture><source srcset=\"https:\/\/www.capgemini.com\/pl-pl\/wp-content\/themes\/capgemini2025\/assets\/images\/mockup.png?w=2880&amp;quality=70 1x, https:\/\/www.capgemini.com\/pl-pl\/wp-content\/themes\/capgemini2025\/assets\/images\/mockup.png?w=2880&amp;quality=70 2x\"\n\t\t\t\tmedia=\"(min-width: 1500px)\"\/><source srcset=\"https:\/\/www.capgemini.com\/pl-pl\/wp-content\/themes\/capgemini2025\/assets\/images\/mockup.png?w=1440&amp;quality=70 1x, https:\/\/www.capgemini.com\/pl-pl\/wp-content\/themes\/capgemini2025\/assets\/images\/mockup.png?w=2880&amp;quality=70 2x\"\n\t\t\tmedia=\"(min-width: 992px)\"\/><source srcset=\"https:\/\/www.capgemini.com\/pl-pl\/wp-content\/themes\/capgemini2025\/assets\/images\/mockup.png?w=1024&amp;quality=70 1x, https:\/\/www.capgemini.com\/pl-pl\/wp-content\/themes\/capgemini2025\/assets\/images\/mockup.png?w=2048&amp;quality=70 2x\"\n\t\t\tmedia=\"(min-width: 768px)\"\/><source srcset=\"https:\/\/www.capgemini.com\/pl-pl\/wp-content\/themes\/capgemini2025\/assets\/images\/mockup.png?w=480&amp;quality=70 1x, https:\/\/www.capgemini.com\/pl-pl\/wp-content\/themes\/capgemini2025\/assets\/images\/mockup.png?w=960&amp;quality=70 2x\"\n\t\t\tmedia=\"(min-width: 0)\"\/><img decoding=\"async\" loading=\"lazy\" class=\"slide-bg\" src=\"https:\/\/www.capgemini.com\/pl-pl\/wp-content\/themes\/capgemini2025\/assets\/images\/mockup.png\" alt=\"\"\n\t\t\tstyle=\"object-position: 50% 50%; object-fit: cover;\"\n\t\t\/><\/picture><div class=\"slide-reveal\"><\/div>\n\t\t\t<\/div>\n\t\t\t<div class=\"container\">\n\t\t\t\t<div class=\"slide-info-wrapper\">\n\t\t\t\t\t<div class=\"row\">\n\t\t\t\t\t\t<div class=\"col-12 col-lg-6\">\n\t\t\t\t\t\t\t<div class=\"slide-info\">\n\t\t\t\t\t\t\t\t<a aria-label=\"\"\n\t\t\t\t\t\t\t\t   href=\"\">\n\t\t\t\t\t\t\t\t\t<div class=\"box\">\n\t\t\t\t\t\t\t\t\t\t<h3 class=\"client-subtitle\"><\/h3>\n\t\t\t\t\t\t\t\t\t\t<p><\/p>\n\t\t\t\t\t\t\t\t\t<\/div><!-- End of box-->\n\t\t\t\t\t\t\t\t<\/a><div class=\"slide-info-footer\">\n                                <div class=\"brand-logo-wrapper\"><\/div>\n\t\t\t<div class=\"content-more\">\n\t\t\t\t<a class=\"cta-button\" href=\"\" aria-label=\"Read more about \"><span>Czytaj wi\u0119cej<\/span><\/a>\n\t\t\t<\/div>\n\t\t<\/div>\n\t<\/div><!-- End of slide info-->\n<\/div>\n<\/div>\n<\/div>\n<\/div><!-- End of container-->\n\n<\/div><!-- End of slide active -->\n<\/div><div class=\"slider-nav-wrapper largeDevice\"><div class=\"slider-nav\"><button class=\"slider-prev  inactive\" aria-label=\"Slider previous\" tabindex=\"-1\"><\/button><button class=\"slider-next\" aria-label=\"Slider next\"><\/button><\/div><\/div><\/div><\/section>","protected":false},"excerpt":{"rendered":"","protected":false},"author":151,"featured_media":0,"parent":607284,"menu_order":0,"comment_status":"closed","ping_status":"closed","template":"","meta":{"cg_dt_proposed_to":[8,18,5,30],"cg_seo_hreflang_relations":"[]","cg_seo_canonical_relation":"","cg_seo_hreflang_x_default_relation":"{\"uuid\":\"57e96c83-60e2-4c4c-82f7-e64fa4ef50ec\",\"blogId\":\"\",\"domain\":\"\",\"sitePath\":\"\",\"postLink\":\"\",\"postId\":null,\"isSaved\":true,\"isCrossLink\":false,\"hasCrossLink\":false}","cg_dt_approved_content":true,"cg_dt_mandatory_content":false,"cg_dt_notes":"","cg_dg_source_changed":false,"cg_dt_link_disabled":true,"_yoast_wpseo_primary_brand":"","footnotes":"","featured_focal_points":"","partner_card_description":"","gsap_animation":0},"brand":[],"partner_type":[],"service":[],"industry":[],"partners":[],"page-type":[206],"content-group":[],"class_list":["post-626712","page","type-page","status-publish","hentry","page-type-solutions"],"yoast_head":"<!-- This site is optimized with the Yoast SEO Premium plugin v22.8 (Yoast SEO v22.8) - https:\/\/yoast.com\/wordpress\/plugins\/seo\/ -->\n<title>Admnext for electric utilities - Capgemini Poland<\/title>\n<meta name=\"robots\" content=\"index, follow, max-snippet:-1, max-image-preview:large, max-video-preview:-1\" \/>\n<link rel=\"canonical\" href=\"https:\/\/www.capgemini.com\/pl-pl\/rozwiazania\/admnext-for-electric-utilities\/\" \/>\n<meta property=\"og:locale\" content=\"pl_PL\" \/>\n<meta property=\"og:type\" content=\"article\" \/>\n<meta property=\"og:title\" content=\"Admnext for electric utilities\" \/>\n<meta property=\"og:url\" content=\"https:\/\/www.capgemini.com\/pl-pl\/rozwiazania\/admnext-for-electric-utilities\/\" \/>\n<meta property=\"og:site_name\" content=\"Capgemini Poland\" \/>\n<meta property=\"article:modified_time\" content=\"2025-03-12T10:16:41+00:00\" \/>\n<meta property=\"og:image\" content=\"https:\/\/www.capgemini.com\/wp-content\/uploads\/2018\/11\/sap-hana.jpg\" \/>\n<meta name=\"twitter:card\" content=\"summary_large_image\" \/>\n<meta name=\"twitter:label1\" content=\"Est. reading time\" \/>\n\t<meta name=\"twitter:data1\" content=\"4 minutes\" \/>\n<script type=\"application\/ld+json\" class=\"yoast-schema-graph\">{\"@context\":\"https:\/\/schema.org\",\"@graph\":[{\"@type\":\"WebPage\",\"@id\":\"https:\/\/www.capgemini.com\/pl-pl\/rozwiazania\/admnext-for-electric-utilities\/\",\"url\":\"https:\/\/www.capgemini.com\/pl-pl\/rozwiazania\/admnext-for-electric-utilities\/\",\"name\":\"Admnext for electric utilities - Capgemini Poland\",\"isPartOf\":{\"@id\":\"https:\/\/www.capgemini.com\/pl-pl\/#website\"},\"primaryImageOfPage\":{\"@id\":\"https:\/\/www.capgemini.com\/pl-pl\/rozwiazania\/admnext-for-electric-utilities\/#primaryimage\"},\"image\":{\"@id\":\"https:\/\/www.capgemini.com\/pl-pl\/rozwiazania\/admnext-for-electric-utilities\/#primaryimage\"},\"thumbnailUrl\":\"https:\/\/www.capgemini.com\/wp-content\/uploads\/2018\/11\/sap-hana.jpg\",\"datePublished\":\"2021-09-21T12:18:13+00:00\",\"dateModified\":\"2025-03-12T10:16:41+00:00\",\"breadcrumb\":{\"@id\":\"https:\/\/www.capgemini.com\/pl-pl\/rozwiazania\/admnext-for-electric-utilities\/#breadcrumb\"},\"inLanguage\":\"pl-PL\",\"potentialAction\":[{\"@type\":\"ReadAction\",\"target\":[\"https:\/\/www.capgemini.com\/pl-pl\/rozwiazania\/admnext-for-electric-utilities\/\"]}]},{\"@type\":\"ImageObject\",\"inLanguage\":\"pl-PL\",\"@id\":\"https:\/\/www.capgemini.com\/pl-pl\/rozwiazania\/admnext-for-electric-utilities\/#primaryimage\",\"url\":\"https:\/\/www.capgemini.com\/wp-content\/uploads\/2018\/11\/sap-hana.jpg\",\"contentUrl\":\"https:\/\/www.capgemini.com\/wp-content\/uploads\/2018\/11\/sap-hana.jpg\"},{\"@type\":\"BreadcrumbList\",\"@id\":\"https:\/\/www.capgemini.com\/pl-pl\/rozwiazania\/admnext-for-electric-utilities\/#breadcrumb\",\"itemListElement\":[{\"@type\":\"ListItem\",\"position\":1,\"name\":\"Home\",\"item\":\"https:\/\/www.capgemini.com\/pl-pl\/\"},{\"@type\":\"ListItem\",\"position\":2,\"name\":\"Rozwi\u0105zania\",\"item\":\"https:\/\/www.capgemini.com\/pl-pl\/rozwiazania\/\"},{\"@type\":\"ListItem\",\"position\":3,\"name\":\"Admnext for electric utilities\"}]},{\"@type\":\"WebSite\",\"@id\":\"https:\/\/www.capgemini.com\/pl-pl\/#website\",\"url\":\"https:\/\/www.capgemini.com\/pl-pl\/\",\"name\":\"Capgemini Polska\",\"description\":\"Capgemini\",\"potentialAction\":[{\"@type\":\"SearchAction\",\"target\":{\"@type\":\"EntryPoint\",\"urlTemplate\":\"https:\/\/www.capgemini.com\/pl-pl\/?s={search_term_string}\"},\"query-input\":\"required name=search_term_string\"}],\"inLanguage\":\"pl-PL\"}]}<\/script>\n<!-- \/ Yoast SEO Premium plugin. -->","yoast_head_json":{"title":"Admnext for electric utilities - Capgemini Poland","robots":{"index":"index","follow":"follow","max-snippet":"max-snippet:-1","max-image-preview":"max-image-preview:large","max-video-preview":"max-video-preview:-1"},"canonical":"https:\/\/www.capgemini.com\/pl-pl\/rozwiazania\/admnext-for-electric-utilities\/","og_locale":"pl_PL","og_type":"article","og_title":"Admnext for electric utilities","og_url":"https:\/\/www.capgemini.com\/pl-pl\/rozwiazania\/admnext-for-electric-utilities\/","og_site_name":"Capgemini Poland","article_modified_time":"2025-03-12T10:16:41+00:00","og_image":[{"url":"https:\/\/www.capgemini.com\/wp-content\/uploads\/2018\/11\/sap-hana.jpg"}],"twitter_card":"summary_large_image","twitter_misc":{"Est. reading time":"4 minutes"},"schema":{"@context":"https:\/\/schema.org","@graph":[{"@type":"WebPage","@id":"https:\/\/www.capgemini.com\/pl-pl\/rozwiazania\/admnext-for-electric-utilities\/","url":"https:\/\/www.capgemini.com\/pl-pl\/rozwiazania\/admnext-for-electric-utilities\/","name":"Admnext for electric utilities - Capgemini Poland","isPartOf":{"@id":"https:\/\/www.capgemini.com\/pl-pl\/#website"},"primaryImageOfPage":{"@id":"https:\/\/www.capgemini.com\/pl-pl\/rozwiazania\/admnext-for-electric-utilities\/#primaryimage"},"image":{"@id":"https:\/\/www.capgemini.com\/pl-pl\/rozwiazania\/admnext-for-electric-utilities\/#primaryimage"},"thumbnailUrl":"https:\/\/www.capgemini.com\/wp-content\/uploads\/2018\/11\/sap-hana.jpg","datePublished":"2021-09-21T12:18:13+00:00","dateModified":"2025-03-12T10:16:41+00:00","breadcrumb":{"@id":"https:\/\/www.capgemini.com\/pl-pl\/rozwiazania\/admnext-for-electric-utilities\/#breadcrumb"},"inLanguage":"pl-PL","potentialAction":[{"@type":"ReadAction","target":["https:\/\/www.capgemini.com\/pl-pl\/rozwiazania\/admnext-for-electric-utilities\/"]}]},{"@type":"ImageObject","inLanguage":"pl-PL","@id":"https:\/\/www.capgemini.com\/pl-pl\/rozwiazania\/admnext-for-electric-utilities\/#primaryimage","url":"https:\/\/www.capgemini.com\/wp-content\/uploads\/2018\/11\/sap-hana.jpg","contentUrl":"https:\/\/www.capgemini.com\/wp-content\/uploads\/2018\/11\/sap-hana.jpg"},{"@type":"BreadcrumbList","@id":"https:\/\/www.capgemini.com\/pl-pl\/rozwiazania\/admnext-for-electric-utilities\/#breadcrumb","itemListElement":[{"@type":"ListItem","position":1,"name":"Home","item":"https:\/\/www.capgemini.com\/pl-pl\/"},{"@type":"ListItem","position":2,"name":"Rozwi\u0105zania","item":"https:\/\/www.capgemini.com\/pl-pl\/rozwiazania\/"},{"@type":"ListItem","position":3,"name":"Admnext for electric utilities"}]},{"@type":"WebSite","@id":"https:\/\/www.capgemini.com\/pl-pl\/#website","url":"https:\/\/www.capgemini.com\/pl-pl\/","name":"Capgemini Polska","description":"Capgemini","potentialAction":[{"@type":"SearchAction","target":{"@type":"EntryPoint","urlTemplate":"https:\/\/www.capgemini.com\/pl-pl\/?s={search_term_string}"},"query-input":"required name=search_term_string"}],"inLanguage":"pl-PL"}]}},"brand_term":[],"parsely":{"version":"1.1.0","canonical_url":"https:\/\/capgemini.com\/pl-pl\/rozwiazania\/admnext-for-electric-utilities\/","smart_links":{"inbound":0,"outbound":0},"traffic_boost_suggestions_count":0,"meta":{"@context":"https:\/\/schema.org","@type":"WebPage","headline":"Admnext for electric utilities","url":"https:\/\/www.capgemini.com\/pl-pl\/rozwiazania\/admnext-for-electric-utilities\/","mainEntityOfPage":{"@type":"WebPage","@id":"https:\/\/www.capgemini.com\/pl-pl\/rozwiazania\/admnext-for-electric-utilities\/"},"thumbnailUrl":"","image":{"@type":"ImageObject","url":""},"articleSection":"Uncategorized","author":[],"creator":[],"publisher":{"@type":"Organization","name":"Capgemini Poland","logo":""},"keywords":[],"dateCreated":"2021-09-21T12:18:13Z","datePublished":"2021-09-21T12:18:13Z","dateModified":"2025-03-12T10:16:41Z"},"rendered":"<meta name=\"parsely-title\" content=\"Admnext for electric utilities\" \/>\n<meta name=\"parsely-link\" content=\"https:\/\/www.capgemini.com\/pl-pl\/rozwiazania\/admnext-for-electric-utilities\/\" \/>\n<meta name=\"parsely-type\" content=\"index\" \/>\n<meta name=\"parsely-pub-date\" content=\"2021-09-21T12:18:13Z\" \/>\n<meta name=\"parsely-section\" content=\"Uncategorized\" \/>","tracker_url":"https:\/\/cdn.parsely.com\/keys\/capgemini.com\/p.js"},"archive_status":false,"featured_image_src":"https:\/\/www.capgemini.com\/pl-pl\/wp-content\/themes\/capgemini2025\/assets\/images\/mockup.png","featured_image_alt":false,"jetpack_sharing_enabled":true,"distributor_meta":false,"distributor_terms":false,"distributor_media":false,"distributor_original_site_name":"Capgemini Poland","distributor_original_site_url":"https:\/\/www.capgemini.com\/pl-pl","push-errors":false,"_links":{"self":[{"href":"https:\/\/www.capgemini.com\/pl-pl\/wp-json\/wp\/v2\/pages\/626712","targetHints":{"allow":["GET"]}}],"collection":[{"href":"https:\/\/www.capgemini.com\/pl-pl\/wp-json\/wp\/v2\/pages"}],"about":[{"href":"https:\/\/www.capgemini.com\/pl-pl\/wp-json\/wp\/v2\/types\/page"}],"author":[{"embeddable":true,"href":"https:\/\/www.capgemini.com\/pl-pl\/wp-json\/wp\/v2\/users\/151"}],"replies":[{"embeddable":true,"href":"https:\/\/www.capgemini.com\/pl-pl\/wp-json\/wp\/v2\/comments?post=626712"}],"version-history":[{"count":4,"href":"https:\/\/www.capgemini.com\/pl-pl\/wp-json\/wp\/v2\/pages\/626712\/revisions"}],"predecessor-version":[{"id":909373,"href":"https:\/\/www.capgemini.com\/pl-pl\/wp-json\/wp\/v2\/pages\/626712\/revisions\/909373"}],"up":[{"embeddable":true,"href":"https:\/\/www.capgemini.com\/pl-pl\/wp-json\/wp\/v2\/pages\/607284"}],"wp:attachment":[{"href":"https:\/\/www.capgemini.com\/pl-pl\/wp-json\/wp\/v2\/media?parent=626712"}],"wp:term":[{"taxonomy":"brand","embeddable":true,"href":"https:\/\/www.capgemini.com\/pl-pl\/wp-json\/wp\/v2\/brand?post=626712"},{"taxonomy":"partner_type","embeddable":true,"href":"https:\/\/www.capgemini.com\/pl-pl\/wp-json\/wp\/v2\/partner_type?post=626712"},{"taxonomy":"service","embeddable":true,"href":"https:\/\/www.capgemini.com\/pl-pl\/wp-json\/wp\/v2\/service?post=626712"},{"taxonomy":"industry","embeddable":true,"href":"https:\/\/www.capgemini.com\/pl-pl\/wp-json\/wp\/v2\/industry?post=626712"},{"taxonomy":"partners","embeddable":true,"href":"https:\/\/www.capgemini.com\/pl-pl\/wp-json\/wp\/v2\/partners?post=626712"},{"taxonomy":"page-type","embeddable":true,"href":"https:\/\/www.capgemini.com\/pl-pl\/wp-json\/wp\/v2\/page-type?post=626712"},{"taxonomy":"content-group","embeddable":true,"href":"https:\/\/www.capgemini.com\/pl-pl\/wp-json\/wp\/v2\/content-group?post=626712"}],"curies":[{"name":"wp","href":"https:\/\/api.w.org\/{rel}","templated":true}]}}