{"id":523077,"date":"2021-04-23T09:34:08","date_gmt":"2021-04-23T09:34:08","guid":{"rendered":"https:\/\/www.capgemini.com\/?page_id=523077"},"modified":"2025-03-13T04:32:51","modified_gmt":"2025-03-13T04:32:51","slug":"end-user-services-digital-workplace","status":"publish","type":"page","link":"https:\/\/www.capgemini.com\/pl-pl\/uslugi\/zarzadzanie-przedsiebiorstwem\/doswiadczenie-ludzi\/","title":{"rendered":"Do\u015bwiadczenie ludzi"},"content":{"rendered":"\n<div class=\"wp-block-cg-blocks-hero-picture-card undefined  heroPictureCard\"><div class=\"heroPictureCardBgs\"><picture><source srcset=\"https:\/\/www.capgemini.com\/wp-content\/uploads\/2023\/10\/2023-07-19_-People-Experience_Web-banner.jpg?w=2880&amp;quality=70 1x, https:\/\/www.capgemini.com\/wp-content\/uploads\/2023\/10\/2023-07-19_-People-Experience_Web-banner.jpg?w=2880&amp;quality=70 2x\" media=\"(min-width: 1500px)\"\/><source srcset=\"https:\/\/www.capgemini.com\/wp-content\/uploads\/2023\/10\/2023-07-19_-People-Experience_Web-banner.jpg?w=1440&amp;quality=70 1x, https:\/\/www.capgemini.com\/wp-content\/uploads\/2023\/10\/2023-07-19_-People-Experience_Web-banner.jpg?w=2880&amp;quality=70 2x\" media=\"(min-width: 992px)\"\/><source srcset=\"https:\/\/www.capgemini.com\/wp-content\/uploads\/2023\/10\/2023-07-19_-People-Experience_Web-banner.jpg?w=1024&amp;quality=70 1x, https:\/\/www.capgemini.com\/wp-content\/uploads\/2023\/10\/2023-07-19_-People-Experience_Web-banner.jpg?w=1024&amp;quality=70 2x\" media=\"(min-width: 768px)\"\/><source srcset=\"https:\/\/www.capgemini.com\/wp-content\/uploads\/2023\/10\/2023-07-19_-People-Experience_Web-banner.jpg?w=768&amp;quality=70 1x, https:\/\/www.capgemini.com\/wp-content\/uploads\/2023\/10\/2023-07-19_-People-Experience_Web-banner.jpg?w=768&amp;quality=70 2x\" media=\"(min-width: 0)\"\/><img decoding=\"async\" src=\"https:\/\/www.capgemini.com\/wp-content\/uploads\/2023\/10\/2023-07-19_-People-Experience_Web-banner.jpg\" class=\"desktopImage\" alt=\"\" style=\"object-fit:cover;object-position:20% 19%\" loading=\"eager\"\/><\/picture><picture><source srcset=\"https:\/\/www.capgemini.com\/wp-content\/uploads\/2023\/10\/2023-07-19_-People-Experience_Web-banner.jpg?w=2880&amp;quality=70 1x, https:\/\/www.capgemini.com\/wp-content\/uploads\/2023\/10\/2023-07-19_-People-Experience_Web-banner.jpg?w=2880&amp;quality=70 2x\" media=\"(min-width: 1500px)\"\/><source srcset=\"https:\/\/www.capgemini.com\/wp-content\/uploads\/2023\/10\/2023-07-19_-People-Experience_Web-banner.jpg?w=1440&amp;quality=70 1x, https:\/\/www.capgemini.com\/wp-content\/uploads\/2023\/10\/2023-07-19_-People-Experience_Web-banner.jpg?w=2880&amp;quality=70 2x\" media=\"(min-width: 992px)\"\/><source srcset=\"https:\/\/www.capgemini.com\/wp-content\/uploads\/2023\/10\/2023-07-19_-People-Experience_Web-banner.jpg?w=1024&amp;quality=70 1x, https:\/\/www.capgemini.com\/wp-content\/uploads\/2023\/10\/2023-07-19_-People-Experience_Web-banner.jpg?w=1024&amp;quality=70 2x\" media=\"(min-width: 768px)\"\/><source srcset=\"https:\/\/www.capgemini.com\/wp-content\/uploads\/2023\/10\/2023-07-19_-People-Experience_Web-banner.jpg?w=768&amp;quality=70 1x, https:\/\/www.capgemini.com\/wp-content\/uploads\/2023\/10\/2023-07-19_-People-Experience_Web-banner.jpg?w=768&amp;quality=70 2x\" media=\"(min-width: 0)\"\/><img decoding=\"async\" src=\"https:\/\/www.capgemini.com\/wp-content\/uploads\/2023\/10\/2023-07-19_-People-Experience_Web-banner.jpg\" class=\"mobileImage\" alt=\"\" style=\"object-fit:cover;object-position:20% 19%\" loading=\"eager\"\/><\/picture><\/div><div class=\"heroPictureCardHeaderShape\"><\/div><div class=\"container\"><div class=\"row\"><div class=\"col-md-8 col-lg-6\"><div class=\"heroPictureCardBox\"><div class=\"heroPictureCardBoxTitle\"><h1 data-maxlength=\"144\">Do\u015bwiadczenie ludzi<\/h1><\/div><\/div><\/div><\/div><\/div><div class=\"small-device\"><div class=\"brandLogoWrapper\"> <\/div><\/div><\/div>\n\n\n\n<section class=\"wp-block-cg-blocks-group undefined section section--article-content\"><div class=\"article-main-content\"><div class=\"container\"><div class=\"row\"><div class=\"col-12 col-md-1\"><nav class=\"article-social\"><ul class=\"social-nav\"><li class=\"ip-order-fb\"><a href=\"https:\/\/www.facebook.com\/sharer\/sharer.php?u=https:\/\/www.capgemini.com\/?page_id=945453\" target=\"_blank\" rel=\"noopener noreferrer\" title=\"otwiera si\u0119 w nowym oknie\"><i aria-hidden=\"true\" class=\"icon-fb\"><\/i><span class=\"sr-only\">Facebook<\/span><\/a><\/li><li class=\"ip-order-tw\"><a href=\"https:\/\/twitter.com\/intent\/tweet?url=https:\/\/www.capgemini.com\/?page_id=945453&amp;text=\" target=\"_blank\" rel=\"noopener noreferrer\" title=\"otwiera si\u0119 w nowym oknie\"><i aria-hidden=\"true\" class=\"icon-tw\"><\/i><span class=\"sr-only\">Twitter<\/span><\/a><\/li><li class=\"ip-order-li\"><a href=\"https:\/\/www.linkedin.com\/shareArticle?url=https:\/\/www.capgemini.com\/?page_id=945453&amp;text=\" target=\"_blank\" rel=\"noopener noreferrer\" title=\"otwiera si\u0119 w nowym oknie\"><i aria-hidden=\"true\" class=\"icon-li\"><\/i><span class=\"sr-only\">Linkedin<\/span><\/a><\/li><\/ul><\/nav><\/div><div class=\"col-12 col-md-11 col-lg-10\"><div class=\"article-text article-quote-text\">\n<h3 class=\"wp-block-heading\" id=\"h-rozwoj-sciezki-kariery-moze-byc-niezwykla-przygoda\">Rozw\u00f3j \u015bcie\u017cki kariery mo\u017ce by\u0107 niezwyk\u0142\u0105 przygod\u0105.<\/h3>\n\n\n\n<p>Dzi\u015b firmy staraj\u0105 si\u0119, aby klienci identyfikowali si\u0119 z ich mark\u0105, jednak sprawna interakcja z ich pracownikami staje si\u0119 jeszcze bardziej istotna ni\u017c kiedykolwiek wcze\u015bniej. Konieczne jest zaoferowanie ludziom do\u015bwiadczenia na poziomie konsumenckim, kt\u00f3re przyniesie im poczucie spe\u0142nienia i satysfakcji.<\/p>\n\n\n\n<p>Koncentrujemy si\u0119 na tworzeniu i piel\u0119gnowaniu \u015brodowiska pracy, kt\u00f3re sprzyja zaanga\u017cowaniu i rozwojowi pracownik\u00f3w i pracownic. Zwi\u0119kszaj\u0105c ich zadowolenie, zapewniaj\u0105c mo\u017cliwo\u015bci rozwoju oraz wykorzystuj\u0105c technologi\u0119 i podejmowanie decyzji w oparciu o dane, przekszta\u0142camy prac\u0119 w prawdziw\u0105 przewag\u0119 konkurencyjn\u0105 o czym \u015bwiadczy:<\/p>\n\n\n\n<ul class=\"wp-block-list\">\n<li><strong>41% ni\u017csza nieobecno\u015b\u0107 w pracy<\/strong><\/li>\n\n\n\n<li><strong>59% zmniejszenie rotacji<\/strong> <strong>pracownik\u00f3w i pracownic<\/strong><\/li>\n\n\n\n<li><strong>10% poprawa ocen klient\u00f3w<\/strong><\/li>\n\n\n\n<li><strong>17% wzrost produktywno\u015bci<\/strong><\/li>\n\n\n\n<li><strong>20% wzrost sprzeda\u017cy<\/strong><\/li>\n\n\n\n<li><strong>21% poprawa rentowno\u015bci.<\/strong><\/li>\n<\/ul>\n\n\n\n<p>Podstaw\u0105 naszego podej\u015bcia jest stawianie ludzi na pierwszym miejscu poprzez po\u0142\u0105czenie element\u00f3w strategicznych, kulturowych, technologicznych i dzia\u0142a\u0144 operacyjnych. Wszystko po to aby zadba\u0107 o wyj\u0105tkowe momenty i do\u015bwiadczenia naszych ludzi, dok\u0142adnie wtedy, &nbsp;gdy ich potrzebuj\u0105. Efektem naszych dzia\u0142a\u0144 jest jednolitedo\u015bwiadczenie pracownik\u00f3w.<\/p>\n<\/div><\/div><\/div><\/div><\/div><\/section>\n\n\n\n<section class=\"wp-block-cg-blocks-card-tabs undefined section--social-explore card-tabs-block\"><div class=\"container\"><\/div><div class=\"tabs\"><div class=\"container\"><div class=\"row\"><div class=\"col-md-6 leftDiv\" id=\"leftDivId\"><div class=\"content-title\"><h3>Jak mo\u017cemy Ci pom\u00f3c?<\/h3><\/div><ul class=\"tabs-nav\"><li data-tab=\"92eb2c8b-e38a-4bdd-b96e-5faaa4a539cd\"><a href=\"#\"><h4>Strategia i kultura<\/h4><\/a><\/li><li data-tab=\"3c4296e7-c3e6-45d9-9bdc-2f275f5cdec0\"><a href=\"#\"><h4>Technologia<\/h4><\/a><\/li><li data-tab=\"84b5a612-71fb-4246-89bc-14a625808826\"><a href=\"#\"><h4>Operacje<\/h4><\/a><\/li><\/ul><\/div><div class=\"col-md-6 rightDiv\"><div class=\"tabs-content\"><div class=\"tab\" data-tab=\"92eb2c8b-e38a-4bdd-b96e-5faaa4a539cd\"><div class=\"tab-title\"><a href=\"#\"><span><h4>Strategia i kultura<\/h4><\/span><\/a><\/div><div class=\"tab-inner\"><p><strong>Stw\u00f3rz elastyczn\u0105, skoncentrowan\u0105 na ludziach organizacj\u0119.<br><\/strong>Aby by\u0107 konkurencyjn\u0105, odporn\u0105 i zr\u00f3wnowa\u017con\u0105 firm\u0105, trzeba znale\u017a\u0107 w\u0142a\u015bciw\u0105 r\u00f3wnowag\u0119 mi\u0119dzy zwinno\u015bci\u0105, technologi\u0105 i lud\u017ami, a tak\u017ce umo\u017cliwi\u0107 dzia\u0142om HR realizacj\u0119 tego celu.<br><br>&#8220;<strong>Reinventing work <\/strong>by Capgemini Invent\u201d to nasza sprawdzona, elastyczna oferta, kt\u00f3ra pomaga organizacjom osi\u0105gn\u0105\u0107 ten cel. Wsp\u00f3\u0142pracujemy z naszymi klientami i partnerami, aby zapewni\u0107 integracyjne, holistyczne podej\u015bcie i wyj\u0105tkowe do\u015bwiadczenie w zakresie tworzenia nowych rozwi\u0105za\u0144.<\/p><a class=\"more2\" data-maxlength=\"24\" aria-label=\"Dowiedz si\u0119 wi\u0119cej  __('about','cg-blocks') Strategia i kultura\" target=\"\" href=\"https:\/\/www.capgemini.com\/dk-en\/solutions\/reinventing-work\/\" rel=\"noopener noreferrer\"><span class=\"btnHide\">Dowiedz si\u0119 wi\u0119cej<\/span><\/a><\/div><\/div><div class=\"tab\" data-tab=\"3c4296e7-c3e6-45d9-9bdc-2f275f5cdec0\"><div class=\"tab-title\"><a href=\"#\"><span><h4>Technologia<\/h4><\/span><\/a><\/div><div class=\"tab-inner\"><p><strong>Do\u015bwiadczenie os\u00f3b, jakie zatrudniasz jest najwa\u017cniejsze.<\/strong><br><br>W miar\u0119 jak miejsca pracy staj\u0105 si\u0119 coraz bardziej r\u00f3\u017cnorodne, pracownicy oczekuj\u0105 elastyczno\u015bci i mo\u017cliwo\u015bci dzia\u0142ania z dowolnego miejsca oraz elastycznego dost\u0119pu do danych z dowolnego urz\u0105dzenia. Nasze portfolio rozwi\u0105za\u0144 zapewnia nowy poziom mo\u017cliwo\u015bci wyboru i elastyczno\u015bci w zakresie interakcji, zaanga\u017cowania, wsp\u00f3\u0142pracy i wsparcia oraz koncentruje si\u0119 na zapewnieniu produktywnych, integracyjnych i zr\u00f3wnowa\u017conych miejsc pracy.<br><br>Mamy udokumentowane do\u015bwiadczenie w zakresie transformacji rozwi\u0105za\u0144 dla u\u017cytkownik\u00f3w ko\u0144cowych, z tysi\u0105cami udanych wdro\u017ce\u0144 u klient\u00f3w na ca\u0142ym \u015bwiecie. Mamy wyj\u0105tkowe kwalifikacje, aby pom\u00f3c Twojemu przedsi\u0119biorstwu wytyczy\u0107 w\u0142asny kurs do nowoczesnego, zorientowanego na cz\u0142owieka cyfrowego miejsca pracy.<\/p><a class=\"more2\" data-maxlength=\"24\" aria-label=\"Dowiedz si\u0119 wi\u0119cej  __('about','cg-blocks') Technologia\" target=\"_blank\" href=\"https:\/\/www.capgemini.com\/solutions\/the-employee-experience\" rel=\"noopener noreferrer\"><span class=\"btnHide\">Dowiedz si\u0119 wi\u0119cej<\/span><\/a><\/div><\/div><div class=\"tab\" data-tab=\"84b5a612-71fb-4246-89bc-14a625808826\"><div class=\"tab-title\"><a href=\"#\"><span><h4>Operacje<\/h4><\/span><\/a><\/div><div class=\"tab-inner\"><p><strong>Skoncentruj si\u0119 na ludziach<\/strong><br><br>Nasz oferta dotycz\u0105ca operacji personalnych pomaga dostarcza\u0107 inteligentne i bezproblemowe do\u015bwiadczenia na poziomie konsumenckim, jednocze\u015bnie przekszta\u0142caj\u0105c spos\u00f3b, w jaki radzisz sobie z wyzwaniami zwi\u0105zanymi z talentami.<br><br>Stawiamy ludzi w centrum tego rozwi\u0105zania, zar\u00f3wno je\u015bli chodzi o pozyskiwanie talent\u00f3w, administracj\u0119 HR, p\u0142ace i funkcje analityczne HR, aby zapewni\u0107 trwa\u0142\u0105 warto\u015b\u0107 dla Twojej firmy.\u00a0\u00a0<\/p><a class=\"more2\" data-maxlength=\"24\" aria-label=\"Dowiedz si\u0119 wi\u0119cej  __('about','cg-blocks') Operacje\" target=\"\" href=\"https:\/\/www.capgemini.com\/dk-en\/services\/enterprise-management\/intelligent-business-operations\/intelligent-people-operations\/\" rel=\"noopener noreferrer\"><span class=\"btnHide\">Dowiedz si\u0119 wi\u0119cej<\/span><\/a><\/div><\/div><\/div><\/div><\/div><\/div><\/div><\/section>\n","protected":false},"excerpt":{"rendered":"","protected":false},"author":119,"featured_media":0,"parent":523585,"menu_order":3,"comment_status":"closed","ping_status":"closed","template":"","meta":{"cg_dt_proposed_to":[8,18,5,30],"cg_seo_hreflang_relations":"[]","cg_seo_canonical_relation":"","cg_seo_hreflang_x_default_relation":"{\"uuid\":\"d52acd69-e67b-4d91-b5a2-bf7e8ae31f7b\",\"blogId\":\"\",\"domain\":\"\",\"sitePath\":\"\",\"postLink\":\"\",\"postId\":null,\"isSaved\":true,\"isCrossLink\":false,\"hasCrossLink\":false}","cg_dt_approved_content":true,"cg_dt_mandatory_content":false,"cg_dt_notes":"","cg_dg_source_changed":false,"cg_dt_link_disabled":true,"_yoast_wpseo_primary_brand":"","footnotes":"","featured_focal_points":"","partner_card_description":"","gsap_animation":0},"brand":[],"partner_type":[],"service":[],"industry":[],"partners":[],"page-type":[200],"content-group":[],"class_list":["post-523077","page","type-page","status-publish","hentry","page-type-service"],"yoast_head":"<!-- This site is optimized with the Yoast SEO Premium plugin v22.8 (Yoast SEO v22.8) - https:\/\/yoast.com\/wordpress\/plugins\/seo\/ -->\n<title>Employee Experience | Capgemini Polska<\/title>\n<meta name=\"description\" content=\"Ka\u017cda firma chce, aby jej pracownicy byli zadowoleni i skuteczni. Lepsze do\u015bwiadczenia pracownik\u00f3w przek\u0142adaj\u0105 si\u0119 na doskona\u0142e wyniki biznesowe.\" \/>\n<meta name=\"robots\" content=\"index, follow, max-snippet:-1, max-image-preview:large, max-video-preview:-1\" \/>\n<link rel=\"canonical\" href=\"https:\/\/www.capgemini.com\/pl-pl\/uslugi\/zarzadzanie-przedsiebiorstwem\/doswiadczenie-ludzi\/\" \/>\n<meta property=\"og:locale\" content=\"pl_PL\" \/>\n<meta property=\"og:type\" content=\"article\" \/>\n<meta property=\"og:title\" content=\"Do\u015bwiadczenie ludzi\" \/>\n<meta property=\"og:description\" content=\"Ka\u017cda firma chce, aby jej pracownicy byli zadowoleni i skuteczni. Lepsze do\u015bwiadczenia pracownik\u00f3w przek\u0142adaj\u0105 si\u0119 na doskona\u0142e wyniki biznesowe.\" \/>\n<meta property=\"og:url\" content=\"https:\/\/www.capgemini.com\/pl-pl\/uslugi\/zarzadzanie-przedsiebiorstwem\/doswiadczenie-ludzi\/\" \/>\n<meta property=\"og:site_name\" content=\"Capgemini Poland\" \/>\n<meta property=\"article:modified_time\" content=\"2025-03-13T04:32:51+00:00\" \/>\n<meta property=\"og:image\" content=\"https:\/\/prod.ucwe.capgemini.com\/wp-content\/uploads\/2023\/10\/2023-07-19_-People-Experience_Web-banner.jpg\" \/>\n<meta name=\"twitter:card\" content=\"summary_large_image\" \/>\n<script type=\"application\/ld+json\" class=\"yoast-schema-graph\">{\"@context\":\"https:\/\/schema.org\",\"@graph\":[{\"@type\":\"WebPage\",\"@id\":\"https:\/\/www.capgemini.com\/pl-pl\/uslugi\/zarzadzanie-przedsiebiorstwem\/doswiadczenie-ludzi\/\",\"url\":\"https:\/\/www.capgemini.com\/pl-pl\/uslugi\/zarzadzanie-przedsiebiorstwem\/doswiadczenie-ludzi\/\",\"name\":\"Employee Experience | Capgemini Polska\",\"isPartOf\":{\"@id\":\"https:\/\/www.capgemini.com\/pl-pl\/#website\"},\"primaryImageOfPage\":{\"@id\":\"https:\/\/www.capgemini.com\/pl-pl\/uslugi\/zarzadzanie-przedsiebiorstwem\/doswiadczenie-ludzi\/#primaryimage\"},\"image\":{\"@id\":\"https:\/\/www.capgemini.com\/pl-pl\/uslugi\/zarzadzanie-przedsiebiorstwem\/doswiadczenie-ludzi\/#primaryimage\"},\"thumbnailUrl\":\"https:\/\/www.capgemini.com\/wp-content\/uploads\/2023\/10\/2023-07-19_-People-Experience_Web-banner.jpg\",\"datePublished\":\"2021-04-23T09:34:08+00:00\",\"dateModified\":\"2025-03-13T04:32:51+00:00\",\"description\":\"Ka\u017cda firma chce, aby jej pracownicy byli zadowoleni i skuteczni. Lepsze do\u015bwiadczenia pracownik\u00f3w przek\u0142adaj\u0105 si\u0119 na doskona\u0142e wyniki biznesowe.\",\"breadcrumb\":{\"@id\":\"https:\/\/www.capgemini.com\/pl-pl\/uslugi\/zarzadzanie-przedsiebiorstwem\/doswiadczenie-ludzi\/#breadcrumb\"},\"inLanguage\":\"pl-PL\",\"potentialAction\":[{\"@type\":\"ReadAction\",\"target\":[\"https:\/\/www.capgemini.com\/pl-pl\/uslugi\/zarzadzanie-przedsiebiorstwem\/doswiadczenie-ludzi\/\"]}]},{\"@type\":\"ImageObject\",\"inLanguage\":\"pl-PL\",\"@id\":\"https:\/\/www.capgemini.com\/pl-pl\/uslugi\/zarzadzanie-przedsiebiorstwem\/doswiadczenie-ludzi\/#primaryimage\",\"url\":\"https:\/\/www.capgemini.com\/wp-content\/uploads\/2023\/10\/2023-07-19_-People-Experience_Web-banner.jpg\",\"contentUrl\":\"https:\/\/www.capgemini.com\/wp-content\/uploads\/2023\/10\/2023-07-19_-People-Experience_Web-banner.jpg\"},{\"@type\":\"BreadcrumbList\",\"@id\":\"https:\/\/www.capgemini.com\/pl-pl\/uslugi\/zarzadzanie-przedsiebiorstwem\/doswiadczenie-ludzi\/#breadcrumb\",\"itemListElement\":[{\"@type\":\"ListItem\",\"position\":1,\"name\":\"Home\",\"item\":\"https:\/\/www.capgemini.com\/pl-pl\/\"},{\"@type\":\"ListItem\",\"position\":2,\"name\":\"Us\u0142ugi\",\"item\":\"https:\/\/www.capgemini.com\/pl-pl\/uslugi\/\"},{\"@type\":\"ListItem\",\"position\":3,\"name\":\"Zarz\u0105dzanie przedsi\u0119biorstwem\",\"item\":\"https:\/\/www.capgemini.com\/pl-pl\/uslugi\/zarzadzanie-przedsiebiorstwem\/\"},{\"@type\":\"ListItem\",\"position\":4,\"name\":\"Do\u015bwiadczenie ludzi\"}]},{\"@type\":\"WebSite\",\"@id\":\"https:\/\/www.capgemini.com\/pl-pl\/#website\",\"url\":\"https:\/\/www.capgemini.com\/pl-pl\/\",\"name\":\"Capgemini Polska\",\"description\":\"Capgemini\",\"potentialAction\":[{\"@type\":\"SearchAction\",\"target\":{\"@type\":\"EntryPoint\",\"urlTemplate\":\"https:\/\/www.capgemini.com\/pl-pl\/?s={search_term_string}\"},\"query-input\":\"required name=search_term_string\"}],\"inLanguage\":\"pl-PL\"}]}<\/script>\n<!-- \/ Yoast SEO Premium plugin. -->","yoast_head_json":{"title":"Employee Experience | Capgemini Polska","description":"Ka\u017cda firma chce, aby jej pracownicy byli zadowoleni i skuteczni. Lepsze do\u015bwiadczenia pracownik\u00f3w przek\u0142adaj\u0105 si\u0119 na doskona\u0142e wyniki biznesowe.","robots":{"index":"index","follow":"follow","max-snippet":"max-snippet:-1","max-image-preview":"max-image-preview:large","max-video-preview":"max-video-preview:-1"},"canonical":"https:\/\/www.capgemini.com\/pl-pl\/uslugi\/zarzadzanie-przedsiebiorstwem\/doswiadczenie-ludzi\/","og_locale":"pl_PL","og_type":"article","og_title":"Do\u015bwiadczenie ludzi","og_description":"Ka\u017cda firma chce, aby jej pracownicy byli zadowoleni i skuteczni. Lepsze do\u015bwiadczenia pracownik\u00f3w przek\u0142adaj\u0105 si\u0119 na doskona\u0142e wyniki biznesowe.","og_url":"https:\/\/www.capgemini.com\/pl-pl\/uslugi\/zarzadzanie-przedsiebiorstwem\/doswiadczenie-ludzi\/","og_site_name":"Capgemini Poland","article_modified_time":"2025-03-13T04:32:51+00:00","og_image":[{"url":"https:\/\/prod.ucwe.capgemini.com\/wp-content\/uploads\/2023\/10\/2023-07-19_-People-Experience_Web-banner.jpg"}],"twitter_card":"summary_large_image","schema":{"@context":"https:\/\/schema.org","@graph":[{"@type":"WebPage","@id":"https:\/\/www.capgemini.com\/pl-pl\/uslugi\/zarzadzanie-przedsiebiorstwem\/doswiadczenie-ludzi\/","url":"https:\/\/www.capgemini.com\/pl-pl\/uslugi\/zarzadzanie-przedsiebiorstwem\/doswiadczenie-ludzi\/","name":"Employee Experience | Capgemini Polska","isPartOf":{"@id":"https:\/\/www.capgemini.com\/pl-pl\/#website"},"primaryImageOfPage":{"@id":"https:\/\/www.capgemini.com\/pl-pl\/uslugi\/zarzadzanie-przedsiebiorstwem\/doswiadczenie-ludzi\/#primaryimage"},"image":{"@id":"https:\/\/www.capgemini.com\/pl-pl\/uslugi\/zarzadzanie-przedsiebiorstwem\/doswiadczenie-ludzi\/#primaryimage"},"thumbnailUrl":"https:\/\/www.capgemini.com\/wp-content\/uploads\/2023\/10\/2023-07-19_-People-Experience_Web-banner.jpg","datePublished":"2021-04-23T09:34:08+00:00","dateModified":"2025-03-13T04:32:51+00:00","description":"Ka\u017cda firma chce, aby jej pracownicy byli zadowoleni i skuteczni. Lepsze do\u015bwiadczenia pracownik\u00f3w przek\u0142adaj\u0105 si\u0119 na doskona\u0142e wyniki biznesowe.","breadcrumb":{"@id":"https:\/\/www.capgemini.com\/pl-pl\/uslugi\/zarzadzanie-przedsiebiorstwem\/doswiadczenie-ludzi\/#breadcrumb"},"inLanguage":"pl-PL","potentialAction":[{"@type":"ReadAction","target":["https:\/\/www.capgemini.com\/pl-pl\/uslugi\/zarzadzanie-przedsiebiorstwem\/doswiadczenie-ludzi\/"]}]},{"@type":"ImageObject","inLanguage":"pl-PL","@id":"https:\/\/www.capgemini.com\/pl-pl\/uslugi\/zarzadzanie-przedsiebiorstwem\/doswiadczenie-ludzi\/#primaryimage","url":"https:\/\/www.capgemini.com\/wp-content\/uploads\/2023\/10\/2023-07-19_-People-Experience_Web-banner.jpg","contentUrl":"https:\/\/www.capgemini.com\/wp-content\/uploads\/2023\/10\/2023-07-19_-People-Experience_Web-banner.jpg"},{"@type":"BreadcrumbList","@id":"https:\/\/www.capgemini.com\/pl-pl\/uslugi\/zarzadzanie-przedsiebiorstwem\/doswiadczenie-ludzi\/#breadcrumb","itemListElement":[{"@type":"ListItem","position":1,"name":"Home","item":"https:\/\/www.capgemini.com\/pl-pl\/"},{"@type":"ListItem","position":2,"name":"Us\u0142ugi","item":"https:\/\/www.capgemini.com\/pl-pl\/uslugi\/"},{"@type":"ListItem","position":3,"name":"Zarz\u0105dzanie przedsi\u0119biorstwem","item":"https:\/\/www.capgemini.com\/pl-pl\/uslugi\/zarzadzanie-przedsiebiorstwem\/"},{"@type":"ListItem","position":4,"name":"Do\u015bwiadczenie ludzi"}]},{"@type":"WebSite","@id":"https:\/\/www.capgemini.com\/pl-pl\/#website","url":"https:\/\/www.capgemini.com\/pl-pl\/","name":"Capgemini Polska","description":"Capgemini","potentialAction":[{"@type":"SearchAction","target":{"@type":"EntryPoint","urlTemplate":"https:\/\/www.capgemini.com\/pl-pl\/?s={search_term_string}"},"query-input":"required name=search_term_string"}],"inLanguage":"pl-PL"}]}},"brand_term":[],"parsely":{"version":"1.1.0","canonical_url":"https:\/\/capgemini.com\/pl-pl\/uslugi\/zarzadzanie-przedsiebiorstwem\/doswiadczenie-ludzi\/","smart_links":{"inbound":0,"outbound":0},"traffic_boost_suggestions_count":0,"meta":{"@context":"https:\/\/schema.org","@type":"WebPage","headline":"Do\u015bwiadczenie ludzi","url":"https:\/\/www.capgemini.com\/pl-pl\/uslugi\/zarzadzanie-przedsiebiorstwem\/doswiadczenie-ludzi\/","mainEntityOfPage":{"@type":"WebPage","@id":"https:\/\/www.capgemini.com\/pl-pl\/uslugi\/zarzadzanie-przedsiebiorstwem\/doswiadczenie-ludzi\/"},"thumbnailUrl":"","image":{"@type":"ImageObject","url":""},"articleSection":"Uncategorized","author":[],"creator":[],"publisher":{"@type":"Organization","name":"Capgemini Poland","logo":""},"keywords":[],"dateCreated":"2021-04-23T09:34:08Z","datePublished":"2021-04-23T09:34:08Z","dateModified":"2025-03-13T04:32:51Z"},"rendered":"<meta name=\"parsely-title\" content=\"Do\u015bwiadczenie ludzi\" \/>\n<meta name=\"parsely-link\" content=\"https:\/\/www.capgemini.com\/pl-pl\/uslugi\/zarzadzanie-przedsiebiorstwem\/doswiadczenie-ludzi\/\" \/>\n<meta name=\"parsely-type\" content=\"index\" \/>\n<meta name=\"parsely-pub-date\" content=\"2021-04-23T09:34:08Z\" \/>\n<meta name=\"parsely-section\" content=\"Uncategorized\" \/>","tracker_url":"https:\/\/cdn.parsely.com\/keys\/capgemini.com\/p.js"},"archive_status":false,"featured_image_src":"https:\/\/www.capgemini.com\/pl-pl\/wp-content\/themes\/capgemini2025\/assets\/images\/mockup.png","featured_image_alt":false,"jetpack_sharing_enabled":true,"distributor_meta":false,"distributor_terms":false,"distributor_media":false,"distributor_original_site_name":"Capgemini Poland","distributor_original_site_url":"https:\/\/www.capgemini.com\/pl-pl","push-errors":false,"_links":{"self":[{"href":"https:\/\/www.capgemini.com\/pl-pl\/wp-json\/wp\/v2\/pages\/523077","targetHints":{"allow":["GET"]}}],"collection":[{"href":"https:\/\/www.capgemini.com\/pl-pl\/wp-json\/wp\/v2\/pages"}],"about":[{"href":"https:\/\/www.capgemini.com\/pl-pl\/wp-json\/wp\/v2\/types\/page"}],"author":[{"embeddable":true,"href":"https:\/\/www.capgemini.com\/pl-pl\/wp-json\/wp\/v2\/users\/119"}],"replies":[{"embeddable":true,"href":"https:\/\/www.capgemini.com\/pl-pl\/wp-json\/wp\/v2\/comments?post=523077"}],"version-history":[{"count":10,"href":"https:\/\/www.capgemini.com\/pl-pl\/wp-json\/wp\/v2\/pages\/523077\/revisions"}],"predecessor-version":[{"id":909451,"href":"https:\/\/www.capgemini.com\/pl-pl\/wp-json\/wp\/v2\/pages\/523077\/revisions\/909451"}],"up":[{"embeddable":true,"href":"https:\/\/www.capgemini.com\/pl-pl\/wp-json\/wp\/v2\/pages\/523585"}],"wp:attachment":[{"href":"https:\/\/www.capgemini.com\/pl-pl\/wp-json\/wp\/v2\/media?parent=523077"}],"wp:term":[{"taxonomy":"brand","embeddable":true,"href":"https:\/\/www.capgemini.com\/pl-pl\/wp-json\/wp\/v2\/brand?post=523077"},{"taxonomy":"partner_type","embeddable":true,"href":"https:\/\/www.capgemini.com\/pl-pl\/wp-json\/wp\/v2\/partner_type?post=523077"},{"taxonomy":"service","embeddable":true,"href":"https:\/\/www.capgemini.com\/pl-pl\/wp-json\/wp\/v2\/service?post=523077"},{"taxonomy":"industry","embeddable":true,"href":"https:\/\/www.capgemini.com\/pl-pl\/wp-json\/wp\/v2\/industry?post=523077"},{"taxonomy":"partners","embeddable":true,"href":"https:\/\/www.capgemini.com\/pl-pl\/wp-json\/wp\/v2\/partners?post=523077"},{"taxonomy":"page-type","embeddable":true,"href":"https:\/\/www.capgemini.com\/pl-pl\/wp-json\/wp\/v2\/page-type?post=523077"},{"taxonomy":"content-group","embeddable":true,"href":"https:\/\/www.capgemini.com\/pl-pl\/wp-json\/wp\/v2\/content-group?post=523077"}],"curies":[{"name":"wp","href":"https:\/\/api.w.org\/{rel}","templated":true}]}}