{"id":517491,"date":"2021-04-08T07:44:51","date_gmt":"2021-04-08T07:44:51","guid":{"rendered":"https:\/\/www.capgemini.com\/?page_id=517491"},"modified":"2025-10-31T11:19:43","modified_gmt":"2025-10-31T11:19:43","slug":"services","status":"publish","type":"page","link":"https:\/\/www.capgemini.com\/pl-pl\/uslugi\/","title":{"rendered":"Us\u0142ugi"},"content":{"rendered":"\n<div class=\"wp-block-cg-blocks-hero-picture-card undefined  heroPictureCard\"><div class=\"heroPictureCardBgs\"><picture><source srcset=\"https:\/\/www.capgemini.com\/wp-content\/uploads\/2021\/09\/Capgemini_Services.jpg?w=2880&amp;quality=70 1x, https:\/\/www.capgemini.com\/wp-content\/uploads\/2021\/09\/Capgemini_Services.jpg?w=2880&amp;quality=70 2x\" media=\"(min-width: 1500px)\"\/><source srcset=\"https:\/\/www.capgemini.com\/wp-content\/uploads\/2021\/09\/Capgemini_Services.jpg?w=1440&amp;quality=70 1x, https:\/\/www.capgemini.com\/wp-content\/uploads\/2021\/09\/Capgemini_Services.jpg?w=2880&amp;quality=70 2x\" media=\"(min-width: 992px)\"\/><source srcset=\"https:\/\/www.capgemini.com\/wp-content\/uploads\/2021\/09\/Capgemini_Services.jpg?w=1024&amp;quality=70 1x, https:\/\/www.capgemini.com\/wp-content\/uploads\/2021\/09\/Capgemini_Services.jpg?w=1024&amp;quality=70 2x\" media=\"(min-width: 768px)\"\/><source srcset=\"https:\/\/www.capgemini.com\/wp-content\/uploads\/2021\/09\/Capgemini_Services.jpg?w=768&amp;quality=70 1x, https:\/\/www.capgemini.com\/wp-content\/uploads\/2021\/09\/Capgemini_Services.jpg?w=768&amp;quality=70 2x\" media=\"(min-width: 0)\"\/><img decoding=\"async\" src=\"https:\/\/www.capgemini.com\/wp-content\/uploads\/2021\/09\/Capgemini_Services.jpg\" class=\"desktopImage\" alt=\"\" style=\"object-fit:cover;object-position:35% 10%\" loading=\"eager\"\/><\/picture><picture><source srcset=\"https:\/\/www.capgemini.com\/wp-content\/uploads\/2021\/09\/Capgemini_Services.jpg?w=2880&amp;quality=70 1x, https:\/\/www.capgemini.com\/wp-content\/uploads\/2021\/09\/Capgemini_Services.jpg?w=2880&amp;quality=70 2x\" media=\"(min-width: 1500px)\"\/><source srcset=\"https:\/\/www.capgemini.com\/wp-content\/uploads\/2021\/09\/Capgemini_Services.jpg?w=1440&amp;quality=70 1x, https:\/\/www.capgemini.com\/wp-content\/uploads\/2021\/09\/Capgemini_Services.jpg?w=2880&amp;quality=70 2x\" media=\"(min-width: 992px)\"\/><source srcset=\"https:\/\/www.capgemini.com\/wp-content\/uploads\/2021\/09\/Capgemini_Services.jpg?w=1024&amp;quality=70 1x, https:\/\/www.capgemini.com\/wp-content\/uploads\/2021\/09\/Capgemini_Services.jpg?w=1024&amp;quality=70 2x\" media=\"(min-width: 768px)\"\/><source srcset=\"https:\/\/www.capgemini.com\/wp-content\/uploads\/2021\/09\/Capgemini_Services.jpg?w=768&amp;quality=70 1x, https:\/\/www.capgemini.com\/wp-content\/uploads\/2021\/09\/Capgemini_Services.jpg?w=768&amp;quality=70 2x\" media=\"(min-width: 0)\"\/><img decoding=\"async\" src=\"https:\/\/www.capgemini.com\/wp-content\/uploads\/2021\/09\/Capgemini_Services.jpg\" class=\"mobileImage\" alt=\"\" style=\"object-fit:cover;object-position:35% 10%\" loading=\"eager\"\/><\/picture><\/div><div class=\"heroPictureCardHeaderShape\"><\/div><div class=\"container\"><div class=\"row\"><div class=\"col-md-8 col-lg-6\"><div class=\"heroPictureCardBox\"><div class=\"heroPictureCardBoxTitle\"><h1 data-maxlength=\"144\">Us\u0142ugi<\/h1><\/div><\/div><\/div><\/div><\/div><div class=\"small-device\"><div class=\"brandLogoWrapper\"> <\/div><\/div><\/div>\n\n\n\n<section class=\"wp-block-cg-blocks-intro-para undefined section section--intro\"><div class=\"intro-para\"><div class=\"container\"><div class=\"row\"><div class=\"col-12 col-md-1\"><nav class=\"article-social\"><ul class=\"social-nav\"><li class=\"ip-order-fb\"><a href=\"https:\/\/www.facebook.com\/sharer\/sharer.php?u=https:\/\/www.capgemini.com\/pl-pl\/uslugi\/\" target=\"_blank\" rel=\"noopener noreferrer\" title=\"opens in a new window\"><i aria-hidden=\"true\" class=\"icon-fb\"><\/i><span class=\"sr-only\">Facebook<\/span><\/a><\/li><li class=\"ip-order-li\"><a href=\"https:\/\/www.linkedin.com\/sharing\/share-offsite\/?url=https:\/\/www.capgemini.com\/pl-pl\/uslugi\/\" target=\"_blank\" rel=\"noopener noreferrer\" title=\"opens in a new window\"><i aria-hidden=\"true\" class=\"icon-li\"><\/i><span class=\"sr-only\">Linkedin<\/span><\/a><\/li><\/ul><\/nav><\/div><div class=\"col-12 col-md-11 col-lg-10\"><h2 class=\"intro-para-title\">Stale rozbudowujemy nasze portfolio, aby sprosta\u0107 zmieniaj\u0105cym si\u0119 potrzebom naszych klient\u00f3w.<\/h2><p class=\"intro-para-content\">Koncentrujemy si\u0119 na trzech obszarach, kt\u00f3re maj\u0105 znaczenie przy digitalizacji kluczowych obszar\u00f3w zarz\u0105dzania firm\u0105: Customer First, Intelligent Industry oraz Enterprise Management. Podstaw\u0119 stanowi\u0105 dwa filary technologiczne niezb\u0119dne dla wszystkich form transformacji cyfrowej, czyli dane i chmura, przy jednoczesnym uwzgl\u0119dnieniu zasad cyberbezpiecze\u0144stwa i zr\u00f3wnowa\u017conego rozwoju<\/p><\/div><\/div><\/div><\/div><\/section>\n\n\n\n<p><\/p>\n\n\n\n<section class=\"wp-block-cg-blocks-wrapper-card-related-capabilities undefined card-related-capability\"><div class=\"cardelatedBgShape\"><\/div><div class=\"container\"><div class=\"contentTitle\"><h2 data-maxlength=\"34\" class=\"capabilities-heading\">Wszystkie us\u0142ugi Capgemini<\/h2><\/div><div class=\"row\">\n<div class=\"wp-block-cg-blocks-card-related-capabilities col-md-4 gridbox card-block\"><div class=\"box box--1 capblock\"><div class=\"box-img-wrapper\"><div class=\"img-ratio\"><img decoding=\"async\" src=\"https:\/\/www.capgemini.com\/wp-content\/uploads\/2021\/09\/Capgemini_Services_cloud.jpg?w=500&amp;quality=70\" srcset=\"https:\/\/www.capgemini.com\/wp-content\/uploads\/2021\/09\/Capgemini_Services_cloud.jpg?w=500&amp;quality=70 1x, https:\/\/www.capgemini.com\/wp-content\/uploads\/2021\/09\/Capgemini_Services_cloud.jpg?w=1000&amp;quality=70 2x\" class=\"box-img\" alt=\"\" style=\"object-fit:cover;object-position:50% 50%\" loading=\"lazy\"\/><\/div><\/div><div class=\"box-inner\"><a class=\"box-title\" aria-label=\"Chmura\" href=\"https:\/\/www.capgemini.com\/pl-pl\/uslugi\/chmura\/\" target=\"\" rel=\"noopener noreferrer\" title=\"opens in a new window\"><h3 class=\"card-subtitle\">Chmura<\/h3><\/a><\/div><\/div><\/div>\n\n\n\n<div class=\"wp-block-cg-blocks-card-related-capabilities col-md-4 gridbox card-block\"><div class=\"box box--1 capblock\"><div class=\"box-img-wrapper\"><div class=\"img-ratio\"><img decoding=\"async\" src=\"https:\/\/www.capgemini.com\/wp-content\/uploads\/2022\/05\/Capgemini_Services_Customer-First.jpg?w=500&amp;quality=70\" srcset=\"https:\/\/www.capgemini.com\/wp-content\/uploads\/2022\/05\/Capgemini_Services_Customer-First.jpg?w=500&amp;quality=70 1x, https:\/\/www.capgemini.com\/wp-content\/uploads\/2022\/05\/Capgemini_Services_Customer-First.jpg?w=1000&amp;quality=70 2x\" class=\"box-img\" alt=\"\" style=\"object-fit:cover;object-position:50% 50%\" loading=\"lazy\"\/><\/div><\/div><div class=\"box-inner\"><a class=\"box-title\" aria-label=\"Customer First\" href=\"https:\/\/www.capgemini.com\/pl-pl\/uslugi\/customer-first\/\" target=\"\" rel=\"noopener noreferrer\" title=\"opens in a new window\"><h3 class=\"card-subtitle\">Customer First<\/h3><\/a><\/div><\/div><\/div>\n\n\n\n<div class=\"wp-block-cg-blocks-card-related-capabilities col-md-4 gridbox card-block\"><div class=\"box box--1 capblock\"><div class=\"box-img-wrapper\"><div class=\"img-ratio\"><img decoding=\"async\" src=\"https:\/\/www.capgemini.com\/wp-content\/uploads\/2022\/02\/Capgemini_services_Cybersecurity.jpg?w=500&amp;quality=70\" srcset=\"https:\/\/www.capgemini.com\/wp-content\/uploads\/2022\/02\/Capgemini_services_Cybersecurity.jpg?w=500&amp;quality=70 1x, https:\/\/www.capgemini.com\/wp-content\/uploads\/2022\/02\/Capgemini_services_Cybersecurity.jpg?w=1000&amp;quality=70 2x\" class=\"box-img\" alt=\"\" style=\"object-fit:cover;object-position:50% 50%\" loading=\"lazy\"\/><\/div><\/div><div class=\"box-inner\"><a class=\"box-title\" aria-label=\"Cyberbezpiecze\u0144stwo\" href=\"https:\/\/www.capgemini.com\/pl-pl\/uslugi\/cyberbezpieczenstwo\/\" target=\"\" rel=\"noopener noreferrer\" title=\"opens in a new window\"><h3 class=\"card-subtitle\">Cyberbezpiecze\u0144stwo<\/h3><\/a><\/div><\/div><\/div>\n\n\n\n<div class=\"wp-block-cg-blocks-card-related-capabilities col-md-4 gridbox card-block\"><div class=\"box box--1 capblock\"><div class=\"box-img-wrapper\"><div class=\"img-ratio\"><img decoding=\"async\" src=\"https:\/\/www.capgemini.com\/wp-content\/uploads\/2022\/04\/0_1_Header-banner_Eye-lady-e1649075744243.jpg?w=500&amp;quality=70\" srcset=\"https:\/\/www.capgemini.com\/wp-content\/uploads\/2022\/04\/0_1_Header-banner_Eye-lady-e1649075744243.jpg?w=500&amp;quality=70 1x, https:\/\/www.capgemini.com\/wp-content\/uploads\/2022\/04\/0_1_Header-banner_Eye-lady-e1649075744243.jpg?w=1000&amp;quality=70 2x\" class=\"box-img\" alt=\"\" style=\"object-fit:cover;object-position:50% 50%\" loading=\"lazy\"\/><\/div><\/div><div class=\"box-inner\"><a class=\"box-title\" aria-label=\"Dane i sztuczna inteligencja\" href=\"https:\/\/www.capgemini.com\/pl-pl\/uslugi\/dane-i-sztuczna-inteligencja\/\" target=\"\" rel=\"noopener noreferrer\" title=\"opens in a new window\"><h3 class=\"card-subtitle\">Dane i sztuczna inteligencja<\/h3><\/a><\/div><\/div><\/div>\n\n\n\n<div class=\"wp-block-cg-blocks-card-related-capabilities col-md-4 gridbox card-block\"><div class=\"box box--1 capblock\"><div class=\"box-img-wrapper\"><div class=\"img-ratio\"><img decoding=\"async\" src=\"https:\/\/www.capgemini.com\/wp-content\/uploads\/2021\/09\/Capgemini_Services_Enterprise-management.jpg?w=500&amp;quality=70\" srcset=\"https:\/\/www.capgemini.com\/wp-content\/uploads\/2021\/09\/Capgemini_Services_Enterprise-management.jpg?w=500&amp;quality=70 1x, https:\/\/www.capgemini.com\/wp-content\/uploads\/2021\/09\/Capgemini_Services_Enterprise-management.jpg?w=1000&amp;quality=70 2x\" class=\"box-img\" alt=\"\" style=\"object-fit:cover;object-position:50% 50%\" loading=\"lazy\"\/><\/div><\/div><div class=\"box-inner\"><a class=\"box-title\" aria-label=\"Enterprise Management\" href=\"https:\/\/www.capgemini.com\/pl-pl\/uslugi\/zarzadzanie-przedsiebiorstwem\/\" target=\"\" rel=\"noopener noreferrer\" title=\"opens in a new window\"><h3 class=\"card-subtitle\">Enterprise Management<\/h3><\/a><\/div><\/div><\/div>\n\n\n\n<div class=\"wp-block-cg-blocks-card-related-capabilities col-md-4 gridbox card-block\"><div class=\"box box--1 capblock\"><div class=\"box-img-wrapper\"><div class=\"img-ratio\"><img decoding=\"async\" src=\"https:\/\/www.capgemini.com\/wp-content\/uploads\/2021\/12\/Capgemini_Industries_Intelligent-Industry.jpg?w=500&amp;quality=70\" srcset=\"https:\/\/www.capgemini.com\/wp-content\/uploads\/2021\/12\/Capgemini_Industries_Intelligent-Industry.jpg?w=500&amp;quality=70 1x, https:\/\/www.capgemini.com\/wp-content\/uploads\/2021\/12\/Capgemini_Industries_Intelligent-Industry.jpg?w=1000&amp;quality=70 2x\" class=\"box-img\" alt=\"\" style=\"object-fit:cover;object-position:50% 50%\" loading=\"lazy\"\/><\/div><\/div><div class=\"box-inner\"><a class=\"box-title\" aria-label=\"Intelligent Industry\" href=\"https:\/\/www.capgemini.com\/pl-pl\/uslugi\/intelligent-industry\/\" target=\"\" rel=\"noopener noreferrer\" title=\"opens in a new window\"><h3 class=\"card-subtitle\">Intelligent Industry<\/h3><\/a><\/div><\/div><\/div>\n\n\n\n<div class=\"wp-block-cg-blocks-card-related-capabilities col-md-4 gridbox card-block\"><div class=\"box box--1 capblock\"><div class=\"box-img-wrapper\"><div class=\"img-ratio\"><img decoding=\"async\" src=\"https:\/\/www.capgemini.com\/wp-content\/uploads\/2021\/09\/Capgemini_Services_Sustainability.jpg?w=500&amp;quality=70\" srcset=\"https:\/\/www.capgemini.com\/wp-content\/uploads\/2021\/09\/Capgemini_Services_Sustainability.jpg?w=500&amp;quality=70 1x, https:\/\/www.capgemini.com\/wp-content\/uploads\/2021\/09\/Capgemini_Services_Sustainability.jpg?w=1000&amp;quality=70 2x\" class=\"box-img\" alt=\"\" style=\"object-fit:cover;object-position:50% 50%\" loading=\"lazy\"\/><\/div><\/div><div class=\"box-inner\"><a class=\"box-title\" aria-label=\"Zr\u00f3wnowa\u017cony rozw\u00f3j\" href=\"https:\/\/www.capgemini.com\/pl-pl\/uslugi\/zrownowazony-rozwoj\/\" target=\"\" rel=\"noopener noreferrer\" title=\"opens in a new window\"><h3 class=\"card-subtitle\">Zr\u00f3wnowa\u017cony rozw\u00f3j<\/h3><\/a><\/div><\/div><\/div>\n<\/div><\/div><\/section>\n\n\n\n<p><\/p>\n","protected":false},"excerpt":{"rendered":"","protected":false},"author":35,"featured_media":618276,"parent":0,"menu_order":0,"comment_status":"closed","ping_status":"closed","template":"","meta":{"cg_dt_proposed_to":[8,18,5,30,22],"cg_seo_hreflang_relations":"[]","cg_seo_canonical_relation":"","cg_seo_hreflang_x_default_relation":"{\"uuid\":\"82f5125d-2dfd-4759-8cd9-4372ee752194\",\"blogId\":\"\",\"domain\":\"\",\"sitePath\":\"\",\"postLink\":\"\",\"postId\":null,\"isSaved\":false,\"isCrossLink\":false,\"hasCrossLink\":false}","cg_dt_approved_content":true,"cg_dt_mandatory_content":false,"cg_dt_notes":"","cg_dg_source_changed":false,"cg_dt_link_disabled":true,"_yoast_wpseo_primary_brand":"","footnotes":"","featured_focal_points":"","partner_card_description":"","gsap_animation":0},"brand":[],"partner_type":[],"service":[],"industry":[],"partners":[],"page-type":[],"content-group":[],"class_list":["post-517491","page","type-page","status-publish","has-post-thumbnail","hentry"],"yoast_head":"<!-- This site is optimized with the Yoast SEO Premium plugin v22.8 (Yoast SEO v22.8) - https:\/\/yoast.com\/wordpress\/plugins\/seo\/ -->\n<title>Nasze us\u0142ugi | Capgemini Polska<\/title>\n<meta name=\"description\" content=\"Stale rozbudowujemy nasze portfolio, aby sprosta\u0107 zmieniaj\u0105cym si\u0119 potrzebom naszych klient\u00f3w.\" \/>\n<meta name=\"robots\" content=\"index, follow, max-snippet:-1, max-image-preview:large, max-video-preview:-1\" \/>\n<link rel=\"canonical\" href=\"https:\/\/www.capgemini.com\/pl-pl\/uslugi\/\" \/>\n<meta property=\"og:locale\" content=\"pl_PL\" \/>\n<meta property=\"og:type\" content=\"article\" \/>\n<meta property=\"og:title\" content=\"Us\u0142ugi\" \/>\n<meta property=\"og:description\" content=\"Stale rozbudowujemy nasze portfolio, aby sprosta\u0107 zmieniaj\u0105cym si\u0119 potrzebom naszych klient\u00f3w.\" \/>\n<meta property=\"og:url\" content=\"https:\/\/www.capgemini.com\/pl-pl\/uslugi\/\" \/>\n<meta property=\"og:site_name\" content=\"Capgemini Poland\" \/>\n<meta property=\"article:modified_time\" content=\"2025-10-31T11:19:43+00:00\" \/>\n<meta property=\"og:image\" content=\"https:\/\/www.capgemini.com\/pl-pl\/wp-content\/uploads\/sites\/27\/2025\/10\/New-Web-preview-global.jpg\" \/>\n\t<meta property=\"og:image:width\" content=\"1200\" \/>\n\t<meta property=\"og:image:height\" content=\"627\" \/>\n\t<meta property=\"og:image:type\" content=\"image\/jpeg\" \/>\n<meta name=\"twitter:card\" content=\"summary_large_image\" \/>\n<script type=\"application\/ld+json\" class=\"yoast-schema-graph\">{\"@context\":\"https:\/\/schema.org\",\"@graph\":[{\"@type\":\"WebPage\",\"@id\":\"https:\/\/www.capgemini.com\/pl-pl\/uslugi\/\",\"url\":\"https:\/\/www.capgemini.com\/pl-pl\/uslugi\/\",\"name\":\"Nasze us\u0142ugi | Capgemini Polska\",\"isPartOf\":{\"@id\":\"https:\/\/www.capgemini.com\/pl-pl\/#website\"},\"primaryImageOfPage\":{\"@id\":\"https:\/\/www.capgemini.com\/pl-pl\/uslugi\/#primaryimage\"},\"image\":{\"@id\":\"https:\/\/www.capgemini.com\/pl-pl\/uslugi\/#primaryimage\"},\"thumbnailUrl\":\"\",\"datePublished\":\"2021-04-08T07:44:51+00:00\",\"dateModified\":\"2025-10-31T11:19:43+00:00\",\"description\":\"Stale rozbudowujemy nasze portfolio, aby sprosta\u0107 zmieniaj\u0105cym si\u0119 potrzebom naszych klient\u00f3w.\",\"breadcrumb\":{\"@id\":\"https:\/\/www.capgemini.com\/pl-pl\/uslugi\/#breadcrumb\"},\"inLanguage\":\"pl-PL\",\"potentialAction\":[{\"@type\":\"ReadAction\",\"target\":[\"https:\/\/www.capgemini.com\/pl-pl\/uslugi\/\"]}]},{\"@type\":\"ImageObject\",\"inLanguage\":\"pl-PL\",\"@id\":\"https:\/\/www.capgemini.com\/pl-pl\/uslugi\/#primaryimage\",\"url\":\"\",\"contentUrl\":\"\"},{\"@type\":\"BreadcrumbList\",\"@id\":\"https:\/\/www.capgemini.com\/pl-pl\/uslugi\/#breadcrumb\",\"itemListElement\":[{\"@type\":\"ListItem\",\"position\":1,\"name\":\"Home\",\"item\":\"https:\/\/www.capgemini.com\/pl-pl\/\"},{\"@type\":\"ListItem\",\"position\":2,\"name\":\"Us\u0142ugi\"}]},{\"@type\":\"WebSite\",\"@id\":\"https:\/\/www.capgemini.com\/pl-pl\/#website\",\"url\":\"https:\/\/www.capgemini.com\/pl-pl\/\",\"name\":\"Capgemini Polska\",\"description\":\"Capgemini\",\"potentialAction\":[{\"@type\":\"SearchAction\",\"target\":{\"@type\":\"EntryPoint\",\"urlTemplate\":\"https:\/\/www.capgemini.com\/pl-pl\/?s={search_term_string}\"},\"query-input\":\"required name=search_term_string\"}],\"inLanguage\":\"pl-PL\"}]}<\/script>\n<!-- \/ Yoast SEO Premium plugin. -->","yoast_head_json":{"title":"Nasze us\u0142ugi | Capgemini Polska","description":"Stale rozbudowujemy nasze portfolio, aby sprosta\u0107 zmieniaj\u0105cym si\u0119 potrzebom naszych klient\u00f3w.","robots":{"index":"index","follow":"follow","max-snippet":"max-snippet:-1","max-image-preview":"max-image-preview:large","max-video-preview":"max-video-preview:-1"},"canonical":"https:\/\/www.capgemini.com\/pl-pl\/uslugi\/","og_locale":"pl_PL","og_type":"article","og_title":"Us\u0142ugi","og_description":"Stale rozbudowujemy nasze portfolio, aby sprosta\u0107 zmieniaj\u0105cym si\u0119 potrzebom naszych klient\u00f3w.","og_url":"https:\/\/www.capgemini.com\/pl-pl\/uslugi\/","og_site_name":"Capgemini Poland","article_modified_time":"2025-10-31T11:19:43+00:00","og_image":[{"width":1200,"height":627,"url":"https:\/\/www.capgemini.com\/pl-pl\/wp-content\/uploads\/sites\/27\/2025\/10\/New-Web-preview-global.jpg","type":"image\/jpeg"}],"twitter_card":"summary_large_image","schema":{"@context":"https:\/\/schema.org","@graph":[{"@type":"WebPage","@id":"https:\/\/www.capgemini.com\/pl-pl\/uslugi\/","url":"https:\/\/www.capgemini.com\/pl-pl\/uslugi\/","name":"Nasze us\u0142ugi | Capgemini Polska","isPartOf":{"@id":"https:\/\/www.capgemini.com\/pl-pl\/#website"},"primaryImageOfPage":{"@id":"https:\/\/www.capgemini.com\/pl-pl\/uslugi\/#primaryimage"},"image":{"@id":"https:\/\/www.capgemini.com\/pl-pl\/uslugi\/#primaryimage"},"thumbnailUrl":"","datePublished":"2021-04-08T07:44:51+00:00","dateModified":"2025-10-31T11:19:43+00:00","description":"Stale rozbudowujemy nasze portfolio, aby sprosta\u0107 zmieniaj\u0105cym si\u0119 potrzebom naszych klient\u00f3w.","breadcrumb":{"@id":"https:\/\/www.capgemini.com\/pl-pl\/uslugi\/#breadcrumb"},"inLanguage":"pl-PL","potentialAction":[{"@type":"ReadAction","target":["https:\/\/www.capgemini.com\/pl-pl\/uslugi\/"]}]},{"@type":"ImageObject","inLanguage":"pl-PL","@id":"https:\/\/www.capgemini.com\/pl-pl\/uslugi\/#primaryimage","url":"","contentUrl":""},{"@type":"BreadcrumbList","@id":"https:\/\/www.capgemini.com\/pl-pl\/uslugi\/#breadcrumb","itemListElement":[{"@type":"ListItem","position":1,"name":"Home","item":"https:\/\/www.capgemini.com\/pl-pl\/"},{"@type":"ListItem","position":2,"name":"Us\u0142ugi"}]},{"@type":"WebSite","@id":"https:\/\/www.capgemini.com\/pl-pl\/#website","url":"https:\/\/www.capgemini.com\/pl-pl\/","name":"Capgemini Polska","description":"Capgemini","potentialAction":[{"@type":"SearchAction","target":{"@type":"EntryPoint","urlTemplate":"https:\/\/www.capgemini.com\/pl-pl\/?s={search_term_string}"},"query-input":"required name=search_term_string"}],"inLanguage":"pl-PL"}]}},"brand_term":[],"parsely":{"version":"1.1.0","canonical_url":"https:\/\/capgemini.com\/pl-pl\/uslugi\/","smart_links":{"inbound":0,"outbound":0},"traffic_boost_suggestions_count":0,"meta":{"@context":"https:\/\/schema.org","@type":"WebPage","headline":"Us\u0142ugi","url":"https:\/\/www.capgemini.com\/pl-pl\/uslugi\/","mainEntityOfPage":{"@type":"WebPage","@id":"https:\/\/www.capgemini.com\/pl-pl\/uslugi\/"},"thumbnailUrl":"","image":{"@type":"ImageObject","url":""},"articleSection":"Uncategorized","author":[],"creator":[],"publisher":{"@type":"Organization","name":"Capgemini Poland","logo":""},"keywords":[],"dateCreated":"2021-04-08T07:44:51Z","datePublished":"2021-04-08T07:44:51Z","dateModified":"2025-10-31T11:19:43Z"},"rendered":"<meta name=\"parsely-title\" content=\"Us\u0142ugi\" \/>\n<meta name=\"parsely-link\" content=\"https:\/\/www.capgemini.com\/pl-pl\/uslugi\/\" \/>\n<meta name=\"parsely-type\" content=\"index\" \/>\n<meta name=\"parsely-pub-date\" content=\"2021-04-08T07:44:51Z\" \/>\n<meta name=\"parsely-section\" content=\"Uncategorized\" \/>","tracker_url":"https:\/\/cdn.parsely.com\/keys\/capgemini.com\/p.js"},"archive_status":false,"featured_image_src":"https:\/\/www.capgemini.com\/pl-pl\/wp-content\/themes\/capgemini2025\/assets\/images\/mockup.png","featured_image_alt":"","jetpack_sharing_enabled":true,"distributor_meta":false,"distributor_terms":false,"distributor_media":false,"distributor_original_site_name":"Capgemini Poland","distributor_original_site_url":"https:\/\/www.capgemini.com\/pl-pl","push-errors":false,"_links":{"self":[{"href":"https:\/\/www.capgemini.com\/pl-pl\/wp-json\/wp\/v2\/pages\/517491","targetHints":{"allow":["GET"]}}],"collection":[{"href":"https:\/\/www.capgemini.com\/pl-pl\/wp-json\/wp\/v2\/pages"}],"about":[{"href":"https:\/\/www.capgemini.com\/pl-pl\/wp-json\/wp\/v2\/types\/page"}],"author":[{"embeddable":true,"href":"https:\/\/www.capgemini.com\/pl-pl\/wp-json\/wp\/v2\/users\/35"}],"replies":[{"embeddable":true,"href":"https:\/\/www.capgemini.com\/pl-pl\/wp-json\/wp\/v2\/comments?post=517491"}],"version-history":[{"count":10,"href":"https:\/\/www.capgemini.com\/pl-pl\/wp-json\/wp\/v2\/pages\/517491\/revisions"}],"predecessor-version":[{"id":913221,"href":"https:\/\/www.capgemini.com\/pl-pl\/wp-json\/wp\/v2\/pages\/517491\/revisions\/913221"}],"wp:featuredmedia":[{"embeddable":true,"href":"https:\/\/www.capgemini.com\/pl-pl\/wp-json\/"}],"wp:attachment":[{"href":"https:\/\/www.capgemini.com\/pl-pl\/wp-json\/wp\/v2\/media?parent=517491"}],"wp:term":[{"taxonomy":"brand","embeddable":true,"href":"https:\/\/www.capgemini.com\/pl-pl\/wp-json\/wp\/v2\/brand?post=517491"},{"taxonomy":"partner_type","embeddable":true,"href":"https:\/\/www.capgemini.com\/pl-pl\/wp-json\/wp\/v2\/partner_type?post=517491"},{"taxonomy":"service","embeddable":true,"href":"https:\/\/www.capgemini.com\/pl-pl\/wp-json\/wp\/v2\/service?post=517491"},{"taxonomy":"industry","embeddable":true,"href":"https:\/\/www.capgemini.com\/pl-pl\/wp-json\/wp\/v2\/industry?post=517491"},{"taxonomy":"partners","embeddable":true,"href":"https:\/\/www.capgemini.com\/pl-pl\/wp-json\/wp\/v2\/partners?post=517491"},{"taxonomy":"page-type","embeddable":true,"href":"https:\/\/www.capgemini.com\/pl-pl\/wp-json\/wp\/v2\/page-type?post=517491"},{"taxonomy":"content-group","embeddable":true,"href":"https:\/\/www.capgemini.com\/pl-pl\/wp-json\/wp\/v2\/content-group?post=517491"}],"curies":[{"name":"wp","href":"https:\/\/api.w.org\/{rel}","templated":true}]}}