{"id":505386,"date":"2020-11-25T07:27:09","date_gmt":"2020-11-25T07:27:09","guid":{"rendered":"https:\/\/www.capgemini.com\/?page_id=505386"},"modified":"2025-12-03T07:47:36","modified_gmt":"2025-12-03T07:47:36","slug":"our-values","status":"publish","type":"page","link":"https:\/\/www.capgemini.com\/pl-pl\/o-nas\/kim-jestesmy\/wartosci-etyka\/","title":{"rendered":"Warto\u015bci i etyka"},"content":{"rendered":"\n<div class=\"wp-block-cg-blocks-hero-picture-card undefined  heroPictureCard\"><div class=\"heroPictureCardBgs\"><picture><source srcset=\"https:\/\/www.capgemini.com\/wp-content\/uploads\/2022\/04\/Capgemini_AboutUs_Values-and-Ethics_AV.jpg?w=2880&amp;quality=70 1x, https:\/\/www.capgemini.com\/wp-content\/uploads\/2022\/04\/Capgemini_AboutUs_Values-and-Ethics_AV.jpg?w=2880&amp;quality=70 2x\" media=\"(min-width: 1500px)\"\/><source srcset=\"https:\/\/www.capgemini.com\/wp-content\/uploads\/2022\/04\/Capgemini_AboutUs_Values-and-Ethics_AV.jpg?w=1440&amp;quality=70 1x, https:\/\/www.capgemini.com\/wp-content\/uploads\/2022\/04\/Capgemini_AboutUs_Values-and-Ethics_AV.jpg?w=2880&amp;quality=70 2x\" media=\"(min-width: 992px)\"\/><source srcset=\"https:\/\/www.capgemini.com\/wp-content\/uploads\/2022\/04\/Capgemini_AboutUs_Values-and-Ethics_AV.jpg?w=1024&amp;quality=70 1x, https:\/\/www.capgemini.com\/wp-content\/uploads\/2022\/04\/Capgemini_AboutUs_Values-and-Ethics_AV.jpg?w=1024&amp;quality=70 2x\" media=\"(min-width: 768px)\"\/><source srcset=\"https:\/\/www.capgemini.com\/wp-content\/uploads\/2022\/04\/Capgemini_AboutUs_Values-and-Ethics_AV.jpg?w=768&amp;quality=70 1x, https:\/\/www.capgemini.com\/wp-content\/uploads\/2022\/04\/Capgemini_AboutUs_Values-and-Ethics_AV.jpg?w=768&amp;quality=70 2x\" media=\"(min-width: 0)\"\/><img decoding=\"async\" src=\"https:\/\/www.capgemini.com\/wp-content\/uploads\/2022\/04\/Capgemini_AboutUs_Values-and-Ethics_AV.jpg\" class=\"desktopImage\" alt=\"\" style=\"object-fit:cover;object-position:65% 18%\" loading=\"eager\"\/><\/picture><picture><source srcset=\"https:\/\/www.capgemini.com\/wp-content\/uploads\/2022\/04\/Capgemini_AboutUs_Values-and-Ethics_AV.jpg?w=2880&amp;quality=70 1x, https:\/\/www.capgemini.com\/wp-content\/uploads\/2022\/04\/Capgemini_AboutUs_Values-and-Ethics_AV.jpg?w=2880&amp;quality=70 2x\" media=\"(min-width: 1500px)\"\/><source srcset=\"https:\/\/www.capgemini.com\/wp-content\/uploads\/2022\/04\/Capgemini_AboutUs_Values-and-Ethics_AV.jpg?w=1440&amp;quality=70 1x, https:\/\/www.capgemini.com\/wp-content\/uploads\/2022\/04\/Capgemini_AboutUs_Values-and-Ethics_AV.jpg?w=2880&amp;quality=70 2x\" media=\"(min-width: 992px)\"\/><source srcset=\"https:\/\/www.capgemini.com\/wp-content\/uploads\/2022\/04\/Capgemini_AboutUs_Values-and-Ethics_AV.jpg?w=1024&amp;quality=70 1x, https:\/\/www.capgemini.com\/wp-content\/uploads\/2022\/04\/Capgemini_AboutUs_Values-and-Ethics_AV.jpg?w=1024&amp;quality=70 2x\" media=\"(min-width: 768px)\"\/><source srcset=\"https:\/\/www.capgemini.com\/wp-content\/uploads\/2022\/04\/Capgemini_AboutUs_Values-and-Ethics_AV.jpg?w=768&amp;quality=70 1x, https:\/\/www.capgemini.com\/wp-content\/uploads\/2022\/04\/Capgemini_AboutUs_Values-and-Ethics_AV.jpg?w=768&amp;quality=70 2x\" media=\"(min-width: 0)\"\/><img decoding=\"async\" src=\"https:\/\/www.capgemini.com\/wp-content\/uploads\/2022\/04\/Capgemini_AboutUs_Values-and-Ethics_AV.jpg\" class=\"mobileImage\" alt=\"\" style=\"object-fit:cover;object-position:65% 18%\" loading=\"eager\"\/><\/picture><\/div><div class=\"heroPictureCardHeaderShape\"><\/div><div class=\"container\"><div class=\"row\"><div class=\"col-md-8 col-lg-6\"><div class=\"heroPictureCardBox\"><div class=\"heroPictureCardBoxTitle\"><h1 data-maxlength=\"144\">Warto\u015bci i etyka<\/h1><\/div><\/div><\/div><\/div><\/div><div class=\"small-device\"><div class=\"brandLogoWrapper\"> <\/div><\/div><\/div>\n\n\n\n<section class=\"wp-block-cg-blocks-intro-para undefined section section--intro\"><div class=\"intro-para\"><div class=\"container\"><div class=\"row\"><div class=\"col-12 col-md-1\"><nav class=\"article-social\"><ul class=\"social-nav\"><li class=\"ip-order-fb\"><a href=\"https:\/\/www.facebook.com\/sharer\/sharer.php?u=https:\/\/www.capgemini.com\/pl-pl\/o-nas\/kim-jestesmy\/wartosci-etyka\/\" target=\"_blank\" rel=\"noopener noreferrer\" title=\"opens in a new window\"><i aria-hidden=\"true\" class=\"icon-fb\"><\/i><span class=\"sr-only\">Facebook<\/span><\/a><\/li><li class=\"ip-order-li\"><a href=\"https:\/\/www.linkedin.com\/sharing\/share-offsite\/?url=https:\/\/www.capgemini.com\/pl-pl\/o-nas\/kim-jestesmy\/wartosci-etyka\/\" target=\"_blank\" rel=\"noopener noreferrer\" title=\"opens in a new window\"><i aria-hidden=\"true\" class=\"icon-li\"><\/i><span class=\"sr-only\">Linkedin<\/span><\/a><\/li><\/ul><\/nav><\/div><div class=\"col-12 col-md-11 col-lg-10\"><h2 class=\"intro-para-title\">W Capgemini warto\u015bci i zasady etyczne le\u017c\u0105 u podstaw naszej to\u017csamo\u015bci.\u00a0<\/h2><p class=\"intro-para-content\">Za\u0142o\u017cyciel Capgemini, Serge Kampf, by\u0142 g\u0142\u0119boko przekonany, \u017ce kierowanie si\u0119 solidnymi warto\u015bciami i etyczne dzia\u0142ania s\u0105 podstaw\u0105 rentownego i zr\u00f3wnowa\u017conego biznesu.<br><br>Siedem warto\u015bci Capgemini: uczciwo\u015b\u0107, odwaga, zaufanie, wolno\u015b\u0107, rado\u015b\u0107, skromno\u015b\u0107 i duch zespo\u0142owy, wyra\u017caj\u0105 nasz\u0105 osobowo\u015b\u0107, naszego ducha. Podczas gdy stale rozwijamy nasz\u0105 kultur\u0119, nasze warto\u015bci pozostaj\u0105 niezmienne, bo nigdy nie zapominamy o tym, kim jeste\u015bmy. Jeste\u015bmy przedsi\u0119biorczy, cenimy i wspieramy indywidualn\u0105 swobod\u0119 i inicjatywy \u2014 w zgodzie z naszymi warto\u015bciami.<br><br>Jednocze\u015bnie nasza kultura etyczna wytycza kierunek dzia\u0142ania dla wszystkich naszych zespo\u0142\u00f3w, na ca\u0142ym \u015bwiecie. Przy\u015bwieca nam podej\u015bcie, kt\u00f3re wi\u0105\u017ce si\u0119 z refleksj\u0105, a czasem nawet z kwestionowaniem pewnych dzia\u0142a\u0144 i decyzji. Wi\u0105\u017ce si\u0119 z dociekaniem i podejmowaniem dyskusji &#8211; zawsze w \u015bwietle naszych warto\u015bci i ustalenia, co w Capgemini oznacza &#8220;w\u0142a\u015bciwe post\u0119powanie&#8221;.<br><br>Przywi\u0105zanie do naszych podstawowych warto\u015bci i wiara w etyczne prowadzenie dzia\u0142alno\u015bci s\u0105 czym\u015b, co wyr\u00f3\u017cnia nas od samego pocz\u0105tku. I nadal tak jest.<\/p><\/div><\/div><\/div><\/div><\/section>\n\n\n\n<section class=\"wp-block-cg-blocks-group undefined section section--article-content\"><div class=\"article-main-content\"><div class=\"container\"><div class=\"row\"><div class=\"col-12 col-md-11 col-lg-10 offset-md-1 offset-lg-1\"><div class=\"article-text article-quote-text\">\n<h2 class=\"wp-block-heading\" id=\"h-nasze-siedem-wartosci\">Nasze siedem warto\u015bci<\/h2>\n\n\n\n<blockquote class=\"wp-block-quote is-layout-flow wp-block-quote-is-layout-flow\">\n<p>\u201eNasze warto\u015bci le\u017c\u0105 u podstaw firmy i sta\u0142y si\u0119 jej znakiem rozpoznawczym: to przede wszystkim duch przedsi\u0119biorczo\u015bci, a tak\u017ce szacunek dla wszystkich kultur i sympatia w stosunku do naszych klient\u00f3w\u201d.<\/p>\n<cite><em>Paul Hermelin, prezes Rady Dyrektor\u00f3w<\/em><\/cite><\/blockquote>\n<\/div><\/div><\/div><\/div><\/div><\/section>\n\n\n\n<section class=\"wp-block-cg-blocks-intro-para-video section section--info-2cols section--insights section-video \"><div class=\"bg-color video-align-left\"><div class=\"container\"><div class=\"row video-align-right\"><div class=\"col-md-12\"><div class=\"video-align-right row box box--4 box--mini\"><div class=\"col-md-1\"><\/div><div class=\"col-md-8 box-img-wrapper\"><div class=\"video-box\"><div class=\"video-wrapper\"><iframe title=\"video-section\" src=\"https:\/\/www.youtube.com\/embed\/3mvot2OniR8?rel=0&amp;modestbranding=1&amp;playsinline=1&amp;enablejsapi=1\" frameborder=\"0\" allow=\"accelerometer; autoplay; clipboard-write; encrypted-media; gyroscope; picture-in-picture\" allowfullscreen loading=\"lazy\" referrerpolicy=\"strict-origin-when-cross-origin\"><\/iframe><\/div><\/div><\/div><div class=\"col-md-3\"><h3 class=\"Video-title\" data-maxlength=\"34\">Siedem warto\u015bci Capgemini<\/h3><div class=\"video-info\"><p data-maxlength=\"68\">Fundament naszej kultury i to\u017csamo\u015bci<\/p><\/div><\/div><div class=\"col-md-1\"><\/div><\/div><\/div><\/div><\/div><\/div><\/section>\n\n\n\n<section class=\"wp-block-cg-blocks-group undefined section section--article-content\"><div class=\"article-main-content\"><div class=\"container\"><div class=\"row\"><div class=\"col-12 col-md-11 col-lg-10 offset-md-1 offset-lg-1\"><div class=\"article-text article-quote-text\">\n<h4 class=\"wp-block-heading\" id=\"h-poznaj-nasze-wartosci-i-dowiedz-sie-co-oznaczaja-dla-calej-grupy-capgemini-i-dla-kazdego-z-nas\">Poznaj nasze warto\u015bci i dowiedz si\u0119, co oznaczaj\u0105 dla ca\u0142ej Grupy Capgemini i dla ka\u017cdego z nas:<\/h4>\n\n\n\n<h4 class=\"wp-block-heading\" id=\"h-uczciwosc\">Uczciwo\u015b\u0107<\/h4>\n\n\n\n<figure class=\"wp-block-image alignleft size-large is-resized\"><img decoding=\"async\" src=\"https:\/\/www.capgemini.com\/wp-content\/uploads\/2021\/09\/brandvalues_0003_honesty.jpg?w=960\" alt=\"\" class=\"wp-image-623987\" style=\"object-fit:cover;width:100px;height:100px\"\/><\/figure>\n\n\n\n<p>Lojalno\u015b\u0107, uczciwo\u015b\u0107, prawo\u015b\u0107, ca\u0142kowita odmowa stosowania jakichkolwiek manipulacji jako metody osi\u0105gni\u0119cia cel\u00f3w w biznesie lub zdobycia jakiejkolwiek przewagi. Rozw\u00f3j, zysk ani niezale\u017cno\u015b\u0107 nie maj\u0105 \u017cadnej warto\u015bci, je\u015bli nie stoi za nimi ca\u0142kowita uczciwo\u015b\u0107 i rzetelno\u015b\u0107.<\/p>\n\n\n\n<p>Wszyscy w Grupie wiedz\u0105, \u017ce brak przejrzysto\u015bci i uczciwo\u015bci w kontaktach biznesowych zawsze poci\u0105ga za sob\u0105 konsekwencje. <\/p>\n\n\n\n<div style=\"height:20px\" aria-hidden=\"true\" class=\"wp-block-spacer\"><\/div>\n\n\n\n<h4 class=\"wp-block-heading\" id=\"h-odwaga\">Odwaga<\/h4>\n\n\n\n<figure class=\"wp-block-image alignleft size-large is-resized\"><img decoding=\"async\" src=\"https:\/\/www.capgemini.com\/wp-content\/uploads\/2021\/09\/brandvalues_0006_Boldness-e1631877615851.jpg?w=960\" alt=\"\" class=\"wp-image-623991\" style=\"object-fit:cover;width:100px;height:100px\"\/><\/figure>\n\n\n\n<p>Rozumiana jako zmys\u0142 przedsi\u0119biorczo\u015bci, ch\u0119\u0107 podejmowania rozwa\u017cnego ryzyka i wykazania zaanga\u017cowania. To jest istota rywalizacji: stanowczo\u015b\u0107 w podejmowaniu decyzji lub egzekwowaniu ich realizacji, gotowo\u015b\u0107 do poddawania okresowej weryfikacji przyj\u0119tego kierunku dzia\u0142ania i istniej\u0105cego stanu rzeczy. W rzeczywisto\u015bci, odwaga wymaga tak\u017ce rozwagi i szczeg\u00f3lnej przezorno\u015bci, bez czego \u015bmia\u0142y mened\u017cer, to po prostu lekkomy\u015blny mened\u017cer.<\/p>\n\n\n\n<div style=\"height:20px\" aria-hidden=\"true\" class=\"wp-block-spacer\"><\/div>\n\n\n\n<h4 class=\"wp-block-heading\" id=\"h-zaufanie\">Zaufanie<\/h4>\n\n\n\n<figure class=\"wp-block-image alignleft size-large is-resized\"><img decoding=\"async\" src=\"https:\/\/www.capgemini.com\/wp-content\/uploads\/2021\/09\/brandvalues_0000_trust-e1631877739580.jpg?w=960\" alt=\"\" class=\"wp-image-623985\" style=\"object-fit:cover;width:100px;height:100px\"\/><\/figure>\n\n\n\n<p>To gotowo\u015b\u0107 do upowa\u017cnienia zar\u00f3wno jednostek, jak i zespo\u0142\u00f3w, do podejmowania decyzji.<br>Zaufanie oznacza r\u00f3wnie\u017c, \u017ce w firmie priorytetem jest prawdziwa otwarto\u015b\u0107 na innych ludzi oraz jak najszersze dzielenie si\u0119 pomys\u0142ami i informacjami.<\/p>\n\n\n\n<div style=\"height:20px\" aria-hidden=\"true\" class=\"wp-block-spacer\"><\/div>\n\n\n\n<h4 class=\"wp-block-heading\" id=\"h-wolnosc\">Wolno\u015b\u0107<\/h4>\n\n\n\n<figure class=\"wp-block-image alignleft size-large is-resized\"><img decoding=\"async\" src=\"https:\/\/www.capgemini.com\/wp-content\/uploads\/2021\/09\/brandvalues_0005_freedom.jpg?w=960\" alt=\"\" class=\"wp-image-623989\" style=\"object-fit:cover;width:100px;height:100px\"\/><\/figure>\n\n\n\n<p>Oznacza niezale\u017cno\u015b\u0107 w my\u015bleniu, ocenianiu i dzia\u0142aniu, oraz ducha przedsi\u0119biorczo\u015bci i kreatywno\u015bci. Oznacza r\u00f3wnie\u017c tolerancj\u0119, szacunek dla innych, oraz dla r\u00f3\u017cnych kultur i zwyczaj\u00f3w \u2013 cechy szczeg\u00f3lnie istotne w przypadku grupy mi\u0119dzynarodowej.<\/p>\n\n\n\n<div style=\"height:20px\" aria-hidden=\"true\" class=\"wp-block-spacer\"><\/div>\n\n\n\n<h4 class=\"wp-block-heading\" id=\"h-radosc\">Rado\u015b\u0107<\/h4>\n\n\n\n<figure class=\"wp-block-image alignleft size-large is-resized\"><img decoding=\"async\" src=\"https:\/\/www.capgemini.com\/wp-content\/uploads\/2021\/09\/brandvalues_0004_fun.jpg?w=960\" alt=\"\" class=\"wp-image-623990\" style=\"object-fit:cover;width:100px;height:100px\"\/><\/figure>\n\n\n\n<p>Czyli zadowolenie z przynale\u017cno\u015bci do firmy lub zespo\u0142u, duma z tego, co si\u0119 robi, poczucie spe\u0142nienia w poszukiwaniu lepszej jako\u015bci i wi\u0119kszej wydajno\u015bci, a tak\u017ce poczucie bycia cz\u0119\u015bci\u0105 ambitnego projektu.<\/p>\n\n\n\n<div style=\"height:20px\" aria-hidden=\"true\" class=\"wp-block-spacer\"><\/div>\n\n\n\n<h4 class=\"wp-block-heading\" id=\"h-skromnosc\">Skromno\u015b\u0107<\/h4>\n\n\n\n<figure class=\"wp-block-image alignleft size-large is-resized\"><img decoding=\"async\" src=\"https:\/\/www.capgemini.com\/wp-content\/uploads\/2021\/09\/brandvalues_0002_modesty.jpg?w=960\" alt=\"\" class=\"wp-image-623988\" style=\"object-fit:cover;width:100px;height:100px\"\/><\/figure>\n\n\n\n<p>To prostota, rozumiana jako przeciwie\u0144stwo sztuczno\u015bci, pretensjonalno\u015bci, pompatyczno\u015bci, arogancji i che\u0142pliwo\u015bci.<br>Prostota nie implikuje naiwno\u015bci, raczej sugeruje rozwag\u0119, pokazywanie naturalnej skromno\u015bci i zdrowego rozs\u0105dku, wyczulenie na sprawy innych i zadawanie sobie trudu bycia przez nich zrozumianym. Skromno\u015b\u0107 to r\u00f3wnie\u017c szczere relacje w pracy, swoboda zachowania, poczucie humoru.<\/p>\n\n\n\n<div style=\"height:20px\" aria-hidden=\"true\" class=\"wp-block-spacer\"><\/div>\n\n\n\n<h4 class=\"wp-block-heading\" id=\"h-duch-zespolowy\">Duch zespo\u0142owy<\/h4>\n\n\n\n<figure class=\"wp-block-image alignleft size-large is-resized\"><img decoding=\"async\" src=\"https:\/\/www.capgemini.com\/wp-content\/uploads\/2021\/09\/brandvalues_0001_team-spirit.jpg?w=960\" alt=\"\" class=\"wp-image-623986\" style=\"object-fit:cover;width:100px;height:100px\"\/><\/figure>\n\n\n\n<p>To przyja\u017a\u0144, lojalno\u015b\u0107, ofiarno\u015b\u0107 i uczciwo\u015b\u0107 w podziale korzy\u015bci z pracy zespo\u0142owej; to tak\u017ce przyjmowanie odpowiedzialno\u015bci i instynktowna gotowo\u015b\u0107 do podejmowania wsp\u00f3lnych wysi\u0142k\u00f3w, nawet w niezbyt sprzyjaj\u0105cych okoliczno\u015bciach.<\/p>\n<\/div><\/div><\/div><\/div><\/div><\/section>\n","protected":false},"excerpt":{"rendered":"","protected":false},"author":121,"featured_media":680266,"parent":517448,"menu_order":4,"comment_status":"closed","ping_status":"closed","template":"","meta":{"cg_dt_proposed_to":[8,18,5,30,8,18,5,30],"cg_seo_hreflang_relations":"[]","cg_seo_canonical_relation":"","cg_seo_hreflang_x_default_relation":"{\"uuid\":\"42cfbf82-5f15-4b2a-874e-0784b7a3f22c\",\"blogId\":\"\",\"domain\":\"\",\"sitePath\":\"\",\"postLink\":\"\",\"postId\":null,\"isSaved\":true,\"isCrossLink\":false,\"hasCrossLink\":false}","cg_dt_approved_content":true,"cg_dt_mandatory_content":false,"cg_dt_notes":"","cg_dg_source_changed":false,"cg_dt_link_disabled":true,"_yoast_wpseo_primary_brand":"","footnotes":"","featured_focal_points":"{\"x\":\"0.59\",\"y\":\"0.21\"}","partner_card_description":"","gsap_animation":0},"brand":[],"partner_type":[],"service":[],"industry":[],"partners":[],"page-type":[182],"content-group":[],"class_list":["post-505386","page","type-page","status-publish","has-post-thumbnail","hentry","page-type-about-us"],"yoast_head":"<!-- This site is optimized with the Yoast SEO Premium plugin v22.8 (Yoast SEO v22.8) - https:\/\/yoast.com\/wordpress\/plugins\/seo\/ -->\n<title>Wart\u015bci i etyka | O nas | Capgemini Polska<\/title>\n<meta name=\"description\" content=\"W Capgemini warto\u015bci i zasady etyczne le\u017c\u0105 u podstaw naszej to\u017csamo\u015bci. Siedem warto\u015bci inspiruje nas ka\u017cdego dnia.\" \/>\n<meta name=\"robots\" content=\"index, follow, max-snippet:-1, max-image-preview:large, max-video-preview:-1\" \/>\n<link rel=\"canonical\" href=\"https:\/\/www.capgemini.com\/pl-pl\/o-nas\/kim-jestesmy\/wartosci-etyka\/\" \/>\n<meta property=\"og:locale\" content=\"pl_PL\" \/>\n<meta property=\"og:type\" content=\"article\" \/>\n<meta property=\"og:title\" content=\"Warto\u015bci i etyka\" \/>\n<meta property=\"og:description\" content=\"W Capgemini warto\u015bci i zasady etyczne le\u017c\u0105 u podstaw naszej to\u017csamo\u015bci. Siedem warto\u015bci inspiruje nas ka\u017cdego dnia.\" \/>\n<meta property=\"og:url\" content=\"https:\/\/www.capgemini.com\/pl-pl\/o-nas\/kim-jestesmy\/wartosci-etyka\/\" \/>\n<meta property=\"og:site_name\" content=\"Capgemini Poland\" \/>\n<meta property=\"article:modified_time\" content=\"2025-12-03T07:47:36+00:00\" \/>\n<meta property=\"og:image\" content=\"https:\/\/www.capgemini.com\/pl-pl\/wp-content\/uploads\/sites\/27\/2025\/10\/New-Web-preview-global.jpg\" \/>\n\t<meta property=\"og:image:width\" content=\"1200\" \/>\n\t<meta property=\"og:image:height\" content=\"627\" \/>\n\t<meta property=\"og:image:type\" content=\"image\/jpeg\" \/>\n<meta name=\"twitter:card\" content=\"summary_large_image\" \/>\n<meta name=\"twitter:label1\" content=\"Est. reading time\" \/>\n\t<meta name=\"twitter:data1\" content=\"5 minutes\" \/>\n<script type=\"application\/ld+json\" class=\"yoast-schema-graph\">{\"@context\":\"https:\/\/schema.org\",\"@graph\":[{\"@type\":\"WebPage\",\"@id\":\"https:\/\/www.capgemini.com\/pl-pl\/o-nas\/kim-jestesmy\/wartosci-etyka\/\",\"url\":\"https:\/\/www.capgemini.com\/pl-pl\/o-nas\/kim-jestesmy\/wartosci-etyka\/\",\"name\":\"Wart\u015bci i etyka | O nas | Capgemini Polska\",\"isPartOf\":{\"@id\":\"https:\/\/www.capgemini.com\/pl-pl\/#website\"},\"primaryImageOfPage\":{\"@id\":\"https:\/\/www.capgemini.com\/pl-pl\/o-nas\/kim-jestesmy\/wartosci-etyka\/#primaryimage\"},\"image\":{\"@id\":\"https:\/\/www.capgemini.com\/pl-pl\/o-nas\/kim-jestesmy\/wartosci-etyka\/#primaryimage\"},\"thumbnailUrl\":\"\",\"datePublished\":\"2020-11-25T07:27:09+00:00\",\"dateModified\":\"2025-12-03T07:47:36+00:00\",\"description\":\"W Capgemini warto\u015bci i zasady etyczne le\u017c\u0105 u podstaw naszej to\u017csamo\u015bci. Siedem warto\u015bci inspiruje nas ka\u017cdego dnia.\",\"breadcrumb\":{\"@id\":\"https:\/\/www.capgemini.com\/pl-pl\/o-nas\/kim-jestesmy\/wartosci-etyka\/#breadcrumb\"},\"inLanguage\":\"pl-PL\",\"potentialAction\":[{\"@type\":\"ReadAction\",\"target\":[\"https:\/\/www.capgemini.com\/pl-pl\/o-nas\/kim-jestesmy\/wartosci-etyka\/\"]}]},{\"@type\":\"ImageObject\",\"inLanguage\":\"pl-PL\",\"@id\":\"https:\/\/www.capgemini.com\/pl-pl\/o-nas\/kim-jestesmy\/wartosci-etyka\/#primaryimage\",\"url\":\"\",\"contentUrl\":\"\"},{\"@type\":\"BreadcrumbList\",\"@id\":\"https:\/\/www.capgemini.com\/pl-pl\/o-nas\/kim-jestesmy\/wartosci-etyka\/#breadcrumb\",\"itemListElement\":[{\"@type\":\"ListItem\",\"position\":1,\"name\":\"Home\",\"item\":\"https:\/\/www.capgemini.com\/pl-pl\/\"},{\"@type\":\"ListItem\",\"position\":2,\"name\":\"O nas\",\"item\":\"https:\/\/www.capgemini.com\/pl-pl\/o-nas\/\"},{\"@type\":\"ListItem\",\"position\":3,\"name\":\"Kim jeste\u015bmy\",\"item\":\"https:\/\/www.capgemini.com\/pl-pl\/o-nas\/kim-jestesmy\/\"},{\"@type\":\"ListItem\",\"position\":4,\"name\":\"Warto\u015bci i etyka\"}]},{\"@type\":\"WebSite\",\"@id\":\"https:\/\/www.capgemini.com\/pl-pl\/#website\",\"url\":\"https:\/\/www.capgemini.com\/pl-pl\/\",\"name\":\"Capgemini Polska\",\"description\":\"Capgemini\",\"potentialAction\":[{\"@type\":\"SearchAction\",\"target\":{\"@type\":\"EntryPoint\",\"urlTemplate\":\"https:\/\/www.capgemini.com\/pl-pl\/?s={search_term_string}\"},\"query-input\":\"required name=search_term_string\"}],\"inLanguage\":\"pl-PL\"}]}<\/script>\n<!-- \/ Yoast SEO Premium plugin. -->","yoast_head_json":{"title":"Wart\u015bci i etyka | O nas | Capgemini Polska","description":"W Capgemini warto\u015bci i zasady etyczne le\u017c\u0105 u podstaw naszej to\u017csamo\u015bci. Siedem warto\u015bci inspiruje nas ka\u017cdego dnia.","robots":{"index":"index","follow":"follow","max-snippet":"max-snippet:-1","max-image-preview":"max-image-preview:large","max-video-preview":"max-video-preview:-1"},"canonical":"https:\/\/www.capgemini.com\/pl-pl\/o-nas\/kim-jestesmy\/wartosci-etyka\/","og_locale":"pl_PL","og_type":"article","og_title":"Warto\u015bci i etyka","og_description":"W Capgemini warto\u015bci i zasady etyczne le\u017c\u0105 u podstaw naszej to\u017csamo\u015bci. Siedem warto\u015bci inspiruje nas ka\u017cdego dnia.","og_url":"https:\/\/www.capgemini.com\/pl-pl\/o-nas\/kim-jestesmy\/wartosci-etyka\/","og_site_name":"Capgemini Poland","article_modified_time":"2025-12-03T07:47:36+00:00","og_image":[{"width":1200,"height":627,"url":"https:\/\/www.capgemini.com\/pl-pl\/wp-content\/uploads\/sites\/27\/2025\/10\/New-Web-preview-global.jpg","type":"image\/jpeg"}],"twitter_card":"summary_large_image","twitter_misc":{"Est. reading time":"5 minutes"},"schema":{"@context":"https:\/\/schema.org","@graph":[{"@type":"WebPage","@id":"https:\/\/www.capgemini.com\/pl-pl\/o-nas\/kim-jestesmy\/wartosci-etyka\/","url":"https:\/\/www.capgemini.com\/pl-pl\/o-nas\/kim-jestesmy\/wartosci-etyka\/","name":"Wart\u015bci i etyka | O nas | Capgemini Polska","isPartOf":{"@id":"https:\/\/www.capgemini.com\/pl-pl\/#website"},"primaryImageOfPage":{"@id":"https:\/\/www.capgemini.com\/pl-pl\/o-nas\/kim-jestesmy\/wartosci-etyka\/#primaryimage"},"image":{"@id":"https:\/\/www.capgemini.com\/pl-pl\/o-nas\/kim-jestesmy\/wartosci-etyka\/#primaryimage"},"thumbnailUrl":"","datePublished":"2020-11-25T07:27:09+00:00","dateModified":"2025-12-03T07:47:36+00:00","description":"W Capgemini warto\u015bci i zasady etyczne le\u017c\u0105 u podstaw naszej to\u017csamo\u015bci. Siedem warto\u015bci inspiruje nas ka\u017cdego dnia.","breadcrumb":{"@id":"https:\/\/www.capgemini.com\/pl-pl\/o-nas\/kim-jestesmy\/wartosci-etyka\/#breadcrumb"},"inLanguage":"pl-PL","potentialAction":[{"@type":"ReadAction","target":["https:\/\/www.capgemini.com\/pl-pl\/o-nas\/kim-jestesmy\/wartosci-etyka\/"]}]},{"@type":"ImageObject","inLanguage":"pl-PL","@id":"https:\/\/www.capgemini.com\/pl-pl\/o-nas\/kim-jestesmy\/wartosci-etyka\/#primaryimage","url":"","contentUrl":""},{"@type":"BreadcrumbList","@id":"https:\/\/www.capgemini.com\/pl-pl\/o-nas\/kim-jestesmy\/wartosci-etyka\/#breadcrumb","itemListElement":[{"@type":"ListItem","position":1,"name":"Home","item":"https:\/\/www.capgemini.com\/pl-pl\/"},{"@type":"ListItem","position":2,"name":"O nas","item":"https:\/\/www.capgemini.com\/pl-pl\/o-nas\/"},{"@type":"ListItem","position":3,"name":"Kim jeste\u015bmy","item":"https:\/\/www.capgemini.com\/pl-pl\/o-nas\/kim-jestesmy\/"},{"@type":"ListItem","position":4,"name":"Warto\u015bci i etyka"}]},{"@type":"WebSite","@id":"https:\/\/www.capgemini.com\/pl-pl\/#website","url":"https:\/\/www.capgemini.com\/pl-pl\/","name":"Capgemini Polska","description":"Capgemini","potentialAction":[{"@type":"SearchAction","target":{"@type":"EntryPoint","urlTemplate":"https:\/\/www.capgemini.com\/pl-pl\/?s={search_term_string}"},"query-input":"required name=search_term_string"}],"inLanguage":"pl-PL"}]}},"brand_term":[],"parsely":{"version":"1.1.0","canonical_url":"https:\/\/capgemini.com\/pl-pl\/o-nas\/kim-jestesmy\/wartosci-etyka\/","smart_links":{"inbound":0,"outbound":0},"traffic_boost_suggestions_count":0,"meta":{"@context":"https:\/\/schema.org","@type":"WebPage","headline":"Warto\u015bci i etyka","url":"https:\/\/www.capgemini.com\/pl-pl\/o-nas\/kim-jestesmy\/wartosci-etyka\/","mainEntityOfPage":{"@type":"WebPage","@id":"https:\/\/www.capgemini.com\/pl-pl\/o-nas\/kim-jestesmy\/wartosci-etyka\/"},"thumbnailUrl":"","image":{"@type":"ImageObject","url":""},"articleSection":"Uncategorized","author":[],"creator":[],"publisher":{"@type":"Organization","name":"Capgemini Poland","logo":""},"keywords":[],"dateCreated":"2020-11-25T07:27:09Z","datePublished":"2020-11-25T07:27:09Z","dateModified":"2025-12-03T07:47:36Z"},"rendered":"<meta name=\"parsely-title\" content=\"Warto\u015bci i etyka\" \/>\n<meta name=\"parsely-link\" content=\"https:\/\/www.capgemini.com\/pl-pl\/o-nas\/kim-jestesmy\/wartosci-etyka\/\" \/>\n<meta name=\"parsely-type\" content=\"index\" \/>\n<meta name=\"parsely-pub-date\" content=\"2020-11-25T07:27:09Z\" \/>\n<meta name=\"parsely-section\" content=\"Uncategorized\" \/>","tracker_url":"https:\/\/cdn.parsely.com\/keys\/capgemini.com\/p.js"},"archive_status":false,"featured_image_src":"https:\/\/www.capgemini.com\/pl-pl\/wp-content\/themes\/capgemini2025\/assets\/images\/mockup.png","featured_image_alt":"","jetpack_sharing_enabled":true,"distributor_meta":false,"distributor_terms":false,"distributor_media":false,"distributor_original_site_name":"Capgemini Poland","distributor_original_site_url":"https:\/\/www.capgemini.com\/pl-pl","push-errors":false,"_links":{"self":[{"href":"https:\/\/www.capgemini.com\/pl-pl\/wp-json\/wp\/v2\/pages\/505386","targetHints":{"allow":["GET"]}}],"collection":[{"href":"https:\/\/www.capgemini.com\/pl-pl\/wp-json\/wp\/v2\/pages"}],"about":[{"href":"https:\/\/www.capgemini.com\/pl-pl\/wp-json\/wp\/v2\/types\/page"}],"author":[{"embeddable":true,"href":"https:\/\/www.capgemini.com\/pl-pl\/wp-json\/wp\/v2\/users\/121"}],"replies":[{"embeddable":true,"href":"https:\/\/www.capgemini.com\/pl-pl\/wp-json\/wp\/v2\/comments?post=505386"}],"version-history":[{"count":17,"href":"https:\/\/www.capgemini.com\/pl-pl\/wp-json\/wp\/v2\/pages\/505386\/revisions"}],"predecessor-version":[{"id":913717,"href":"https:\/\/www.capgemini.com\/pl-pl\/wp-json\/wp\/v2\/pages\/505386\/revisions\/913717"}],"up":[{"embeddable":true,"href":"https:\/\/www.capgemini.com\/pl-pl\/wp-json\/wp\/v2\/pages\/517448"}],"wp:featuredmedia":[{"embeddable":true,"href":"https:\/\/www.capgemini.com\/pl-pl\/wp-json\/"}],"wp:attachment":[{"href":"https:\/\/www.capgemini.com\/pl-pl\/wp-json\/wp\/v2\/media?parent=505386"}],"wp:term":[{"taxonomy":"brand","embeddable":true,"href":"https:\/\/www.capgemini.com\/pl-pl\/wp-json\/wp\/v2\/brand?post=505386"},{"taxonomy":"partner_type","embeddable":true,"href":"https:\/\/www.capgemini.com\/pl-pl\/wp-json\/wp\/v2\/partner_type?post=505386"},{"taxonomy":"service","embeddable":true,"href":"https:\/\/www.capgemini.com\/pl-pl\/wp-json\/wp\/v2\/service?post=505386"},{"taxonomy":"industry","embeddable":true,"href":"https:\/\/www.capgemini.com\/pl-pl\/wp-json\/wp\/v2\/industry?post=505386"},{"taxonomy":"partners","embeddable":true,"href":"https:\/\/www.capgemini.com\/pl-pl\/wp-json\/wp\/v2\/partners?post=505386"},{"taxonomy":"page-type","embeddable":true,"href":"https:\/\/www.capgemini.com\/pl-pl\/wp-json\/wp\/v2\/page-type?post=505386"},{"taxonomy":"content-group","embeddable":true,"href":"https:\/\/www.capgemini.com\/pl-pl\/wp-json\/wp\/v2\/content-group?post=505386"}],"curies":[{"name":"wp","href":"https:\/\/api.w.org\/{rel}","templated":true}]}}