{"id":22236,"date":"2022-12-12T03:50:01","date_gmt":"2022-12-12T03:50:01","guid":{"rendered":"https:\/\/www.capgemini.com\/pl-pl\/?page_id=22236"},"modified":"2025-03-12T06:16:14","modified_gmt":"2025-03-12T06:16:14","slug":"praca-it-lublin","status":"publish","type":"page","link":"https:\/\/www.capgemini.com\/pl-pl\/kariera\/spotkaj-sie-z-nami\/nasze-biura\/lublin\/praca-it-lublin\/","title":{"rendered":"Rozwijaj z nami it w lublinie"},"content":{"rendered":"\n<div class=\"wp-block-cg-blocks-hero-picture-card undefined  heroPictureCard\"><div class=\"heroPictureCardBgs\"><picture><source srcset=\"https:\/\/www.capgemini.com\/pl-pl\/wp-content\/uploads\/sites\/27\/2022\/12\/Capgemini_Life-at.jpg?w=2880&amp;quality=70 1x, https:\/\/www.capgemini.com\/pl-pl\/wp-content\/uploads\/sites\/27\/2022\/12\/Capgemini_Life-at.jpg?w=2880&amp;quality=70 2x\" media=\"(min-width: 1500px)\"\/><source srcset=\"https:\/\/www.capgemini.com\/pl-pl\/wp-content\/uploads\/sites\/27\/2022\/12\/Capgemini_Life-at.jpg?w=1440&amp;quality=70 1x, https:\/\/www.capgemini.com\/pl-pl\/wp-content\/uploads\/sites\/27\/2022\/12\/Capgemini_Life-at.jpg?w=2880&amp;quality=70 2x\" media=\"(min-width: 992px)\"\/><source srcset=\"https:\/\/www.capgemini.com\/pl-pl\/wp-content\/uploads\/sites\/27\/2022\/12\/Capgemini_Life-at.jpg?w=1024&amp;quality=70 1x, https:\/\/www.capgemini.com\/pl-pl\/wp-content\/uploads\/sites\/27\/2022\/12\/Capgemini_Life-at.jpg?w=1024&amp;quality=70 2x\" media=\"(min-width: 768px)\"\/><source srcset=\"https:\/\/www.capgemini.com\/pl-pl\/wp-content\/uploads\/sites\/27\/2022\/12\/Capgemini_Life-at.jpg?w=768&amp;quality=70 1x, https:\/\/www.capgemini.com\/pl-pl\/wp-content\/uploads\/sites\/27\/2022\/12\/Capgemini_Life-at.jpg?w=768&amp;quality=70 2x\" media=\"(min-width: 0)\"\/><img decoding=\"async\" src=\"https:\/\/www.capgemini.com\/pl-pl\/wp-content\/uploads\/sites\/27\/2022\/12\/Capgemini_Life-at.jpg\" class=\"desktopImage\" alt=\"\" style=\"object-fit:cover;object-position:50% 50%\" loading=\"eager\"\/><\/picture><picture><source srcset=\"https:\/\/www.capgemini.com\/pl-pl\/wp-content\/uploads\/sites\/27\/2022\/12\/Capgemini_Life-at.jpg?w=2880&amp;quality=70 1x, https:\/\/www.capgemini.com\/pl-pl\/wp-content\/uploads\/sites\/27\/2022\/12\/Capgemini_Life-at.jpg?w=2880&amp;quality=70 2x\" media=\"(min-width: 1500px)\"\/><source srcset=\"https:\/\/www.capgemini.com\/pl-pl\/wp-content\/uploads\/sites\/27\/2022\/12\/Capgemini_Life-at.jpg?w=1440&amp;quality=70 1x, https:\/\/www.capgemini.com\/pl-pl\/wp-content\/uploads\/sites\/27\/2022\/12\/Capgemini_Life-at.jpg?w=2880&amp;quality=70 2x\" media=\"(min-width: 992px)\"\/><source srcset=\"https:\/\/www.capgemini.com\/pl-pl\/wp-content\/uploads\/sites\/27\/2022\/12\/Capgemini_Life-at.jpg?w=1024&amp;quality=70 1x, https:\/\/www.capgemini.com\/pl-pl\/wp-content\/uploads\/sites\/27\/2022\/12\/Capgemini_Life-at.jpg?w=1024&amp;quality=70 2x\" media=\"(min-width: 768px)\"\/><source srcset=\"https:\/\/www.capgemini.com\/pl-pl\/wp-content\/uploads\/sites\/27\/2022\/12\/Capgemini_Life-at.jpg?w=768&amp;quality=70 1x, https:\/\/www.capgemini.com\/pl-pl\/wp-content\/uploads\/sites\/27\/2022\/12\/Capgemini_Life-at.jpg?w=768&amp;quality=70 2x\" media=\"(min-width: 0)\"\/><img decoding=\"async\" src=\"https:\/\/www.capgemini.com\/pl-pl\/wp-content\/uploads\/sites\/27\/2022\/12\/Capgemini_Life-at.jpg\" class=\"mobileImage\" alt=\"\" style=\"object-fit:cover;object-position:50% 50%\" loading=\"eager\"\/><\/picture><\/div><div class=\"heroPictureCardHeaderShape\"><\/div><div class=\"container\"><div class=\"row\"><div class=\"col-md-8 col-lg-6\"><div class=\"heroPictureCardBox\"><div class=\"heroPictureCardBoxTitle\"><h1 data-maxlength=\"144\">Rozwijaj z nami IT w Lublinie<\/h1><\/div><\/div><\/div><\/div><\/div><div class=\"small-device\"><div class=\"brandLogoWrapper\"> <\/div><\/div><\/div>\n\n\n\n<section class=\"wp-block-cg-blocks-group undefined section section--article-content\"><div class=\"article-main-content\"><div class=\"container\"><div class=\"row\"><div class=\"col-12 col-md-1\"><nav class=\"article-social\"><ul class=\"social-nav\"><li class=\"ip-order-fb\"><a href=\"https:\/\/www.facebook.com\/sharer\/sharer.php?u=https:\/\/www.capgemini.com\/pl-pl\/?page_id=22236\" target=\"_blank\" rel=\"noopener noreferrer\" title=\"otwiera si\u0119 w nowym oknie\"><i aria-hidden=\"true\" class=\"icon-fb\"><\/i><span class=\"sr-only\">Facebook<\/span><\/a><\/li><li class=\"ip-order-tw\"><a href=\"https:\/\/twitter.com\/intent\/tweet?url=https:\/\/www.capgemini.com\/pl-pl\/?page_id=22236&amp;text=\" target=\"_blank\" rel=\"noopener noreferrer\" title=\"otwiera si\u0119 w nowym oknie\"><i aria-hidden=\"true\" class=\"icon-tw\"><\/i><span class=\"sr-only\">Twitter<\/span><\/a><\/li><li class=\"ip-order-li\"><a href=\"https:\/\/www.linkedin.com\/sharing\/share-offsite\/?url=https:\/\/www.capgemini.com\/pl-pl\/?page_id=22236&amp;text=\" target=\"_blank\" rel=\"noopener noreferrer\" title=\"otwiera si\u0119 w nowym oknie\"><i aria-hidden=\"true\" class=\"icon-li\"><\/i><span class=\"sr-only\">Linkedin<\/span><\/a><\/li><\/ul><\/nav><\/div><div class=\"col-12 col-md-11 col-lg-10\"><div class=\"article-text article-quote-text\">\n<h3 class=\"wp-block-heading\" id=\"h-kogo-szukamy\">Kogo szukamy?<\/h3>\n\n\n\n<p>Cloud Infrastructure Services \u015bwiadczy us\u0142ugi z obszaru IT, w tym cloud computing, projektowanie, tworzenie, testowanie i wdra\u017canie rozwi\u0105za\u0144 IT, zarz\u0105dzanie projektami, wsparcie infrastruktury IT, us\u0142ugi transformacji, zarz\u0105dzanie aplikacjami i us\u0142ugami ITL. Zatrudnimy zar\u00f3wno wykwalifikowanych&nbsp;<strong>ekspert\u00f3w w zakresie zarz\u0105dzania infrastruktur\u0105 IT<\/strong>, jak i osoby bez do\u015bwiadczenia kierunkowego, ale ze znajomo\u015bci\u0105 j\u0119zyk\u00f3w obcych, szczeg\u00f3lnie niemieckiego, francuskiego, niderlandzkiego, szwedzkiego lub czeskiego do wsparcia naszych globalnych klient\u00f3w. Mile widziani absolwenci kierunk\u00f3w lingwistycznych oraz z obszaru IT.<\/p>\n\n\n\n<div class=\"wp-block-buttons is-layout-flex wp-block-buttons-is-layout-flex\">\n<div class=\"wp-block-button is-style-outline is-style-outline--1\"><a class=\"wp-block-button__link wp-element-button\" href=\"https:\/\/career5.successfactors.eu\/sfcareer\/jobreqcareerpvt?jobId=1497861&amp;company=C0001123183P&amp;st=E49FF80C0A1A0B7766DE1280370FF247C39B1EB1\">Aplikuj!<\/a><\/div>\n<\/div>\n\n\n\n<p><\/p>\n\n\n\n<h3 class=\"wp-block-heading\" id=\"h-co-nas-wyroznia\"><strong>Co nas wyr\u00f3\u017cnia?<\/strong><\/h3>\n\n\n\n<figure class=\"wp-block-image alignright size-full\"><img loading=\"lazy\" decoding=\"async\" width=\"307\" height=\"310\" src=\"https:\/\/www.capgemini.com\/pl-pl\/wp-content\/uploads\/sites\/27\/2022\/12\/Basia.jpg\" alt=\"\" class=\"wp-image-22238\" srcset=\"https:\/\/www.capgemini.com\/pl-pl\/wp-content\/uploads\/sites\/27\/2022\/12\/Basia.jpg 307w, https:\/\/www.capgemini.com\/pl-pl\/wp-content\/uploads\/sites\/27\/2022\/12\/Basia.jpg?resize=150,150 150w, https:\/\/www.capgemini.com\/pl-pl\/wp-content\/uploads\/sites\/27\/2022\/12\/Basia.jpg?resize=297,300 297w\" sizes=\"auto, (max-width: 307px) 100vw, 307px\" \/><\/figure>\n\n\n\n<blockquote class=\"wp-block-quote is-layout-flow wp-block-quote-is-layout-flow\">\n<p><em>\u201eCapgemini to \u015bwietna atmosfera i wysokie standardy pracy, du\u017ca r\u00f3\u017cnorodno\u015b\u0107 w zakresie r\u00f3l i mo\u017cliwo\u015bci rozwoju, przy zachowaniu wysokich standard\u00f3w pracy. Rozw\u00f3j naszych pracownik\u00f3w jest dla nas bardzo wa\u017cny, dlatego dbamy przede wszystkim o kompleksowe wdro\u017cenie nowych os\u00f3b, mamy bogat\u0105 ofert\u0119 szkole\u0144, dop\u0142aty do studi\u00f3w podyplomowych czy certyfikat\u00f3w, dost\u0119p do baz wiedzy.\u201d<\/em><\/p>\n<cite><strong><em>Barbara Makowska<br><\/em><\/strong><em>Global HR Business Partner<\/em><\/cite><\/blockquote>\n\n\n\n<h3 class=\"wp-block-heading\">Czym si\u0119 zajmujemy?<\/h3>\n\n\n\n<p>Us\u0142ugi wsparcia i transformacji infrastruktury IT, zarz\u0105dzanie procesami ITIL, hosting oraz service desk, zapewniamy wsparcie techniczne oraz zarz\u0105dzanie infrastruktur\u0105 informatyczn\u0105 klientom z ca\u0142ego \u015bwiata \u2013 a to tylko przyk\u0142ady! Na swoim pok\u0142adzie mamy ekspert\u00f3w z zakresu rozwi\u0105za\u0144 w chmurze AWS i Azure, Vmware, Citrix, Oracle Database oraz wiele innych. Nasz zesp\u00f3\u0142 Cloud Infrastructure Services wspiera tak\u017ce firmy poprzez \u015bwiadczenie us\u0142ug biznesowych, takich jak helpdesk (z wykorzystaniem zasob\u00f3w ludzkich oraz sztucznej inteligencji), dost\u0119p do sieci i jej utrzymanie, operacje informatyczne, hosting, oraz utrzymanie aplikacji.<\/p>\n\n\n\n<p>Dodatkowo w dziale Projects &amp; Consulting:<\/p>\n\n\n\n<ul class=\"wp-block-list\">\n<li>Testing &amp; Application Management<\/li>\n\n\n\n<li>Tools Development<\/li>\n\n\n\n<li>Projects &amp; Programmers<\/li>\n\n\n\n<li>Digital Adoption<\/li>\n\n\n\n<li>Cybersecurity<\/li>\n\n\n\n<li>Architects<\/li>\n\n\n\n<li>AI &amp; Analysis<\/li>\n\n\n\n<li>Service Integration &amp; Management Consultants<\/li>\n\n\n\n<li>ServiceNow Developers<\/li>\n\n\n\n<li>Cloud &amp; End User Service Engineers<\/li>\n<\/ul>\n\n\n\n<div class=\"wp-block-buttons is-layout-flex wp-block-buttons-is-layout-flex\">\n<div class=\"wp-block-button is-style-outline is-style-outline--2\"><a class=\"wp-block-button__link wp-element-button\" href=\"https:\/\/career5.successfactors.eu\/sfcareer\/jobreqcareerpvt?jobId=1497861&amp;company=C0001123183P&amp;st=E49FF80C0A1A0B7766DE1280370FF247C39B1EB1\">Sprawd\u017a oferty<\/a><\/div>\n<\/div>\n\n\n\n<p><\/p>\n\n\n\n<h3 class=\"wp-block-heading\">Co mo\u017cesz u nas znale\u017a\u0107?<\/h3>\n\n\n\n<ul class=\"wp-block-list\">\n<li>Szeroki pakiet bezp\u0142atnej opieki medycznej Medicover, kt\u00f3ry mo\u017cesz dodatkowo rozszerzy\u0107, np. o dodatkowe us\u0142ugi dentystyczne.<\/li>\n\n\n\n<li>Prywatne ubezpieczenie na \u017cycie z mo\u017cliwo\u015bci\u0105 dodatkowego ubezpieczenia onkologicznego na preferencyjnych warunkach.<\/li>\n\n\n\n<li>P\u0142atne bonusy za polecanie znajomych Capgemini.<\/li>\n\n\n\n<li>Dost\u0119p do platformy NAIS, kt\u00f3ra pozwala na dost\u0119p do karty Multisport, bilet\u00f3w do kina, bon\u00f3w do ksi\u0119garni i wiele wi\u0119cej.<\/li>\n\n\n\n<li>Dost\u0119p do platformy learningowej Next, w kt\u00f3rej rozszerzysz swoj\u0105 wiedz\u0119 zawodow\u0105, a nawet rozwiniesz swoje hobby.<\/li>\n\n\n\n<li>Mo\u017cliwo\u015b\u0107 skorzystania z leasingu samochodu w preferencyjnej cenie.<\/li>\n<\/ul>\n\n\n\n<figure class=\"wp-block-image size-large\"><img loading=\"lazy\" decoding=\"async\" height=\"840\" width=\"1024\" src=\"https:\/\/www.capgemini.com\/pl-pl\/wp-content\/uploads\/sites\/27\/2022\/12\/Projekt-bez-tytulu-2-e1659424761.jpg?w=960\" alt=\"\" class=\"wp-image-22227\" srcset=\"https:\/\/www.capgemini.com\/pl-pl\/wp-content\/uploads\/sites\/27\/2022\/12\/Projekt-bez-tytulu-2-e1659424761.jpg 1600w, https:\/\/www.capgemini.com\/pl-pl\/wp-content\/uploads\/sites\/27\/2022\/12\/Projekt-bez-tytulu-2-e1659424761.jpg?resize=300,246 300w, https:\/\/www.capgemini.com\/pl-pl\/wp-content\/uploads\/sites\/27\/2022\/12\/Projekt-bez-tytulu-2-e1659424761.jpg?resize=768,630 768w, https:\/\/www.capgemini.com\/pl-pl\/wp-content\/uploads\/sites\/27\/2022\/12\/Projekt-bez-tytulu-2-e1659424761.jpg?resize=1024,840 1024w, https:\/\/www.capgemini.com\/pl-pl\/wp-content\/uploads\/sites\/27\/2022\/12\/Projekt-bez-tytulu-2-e1659424761.jpg?resize=1536,1260 1536w\" sizes=\"auto, (max-width: 1024px) 100vw, 1024px\" \/><\/figure>\n\n\n\n<p><\/p>\n<\/div><\/div><\/div><\/div><\/div><\/section>\n","protected":false},"excerpt":{"rendered":"","protected":false},"author":413,"featured_media":0,"parent":699577,"menu_order":0,"comment_status":"closed","ping_status":"closed","template":"","meta":{"cg_dt_proposed_to":[],"cg_seo_hreflang_relations":"[]","cg_seo_canonical_relation":"","cg_seo_hreflang_x_default_relation":"{\"uuid\":\"8a1c460f-cb93-4fb5-9594-49b511c3cbd0\",\"blogId\":\"\",\"domain\":\"\",\"sitePath\":\"\",\"postLink\":\"\",\"postId\":null,\"isSaved\":true,\"isCrossLink\":false,\"hasCrossLink\":false}","cg_dt_approved_content":true,"cg_dt_mandatory_content":false,"cg_dt_notes":"","cg_dg_source_changed":false,"cg_dt_link_disabled":false,"_yoast_wpseo_primary_brand":"","footnotes":"","featured_focal_points":"","partner_card_description":"","gsap_animation":0},"brand":[],"partner_type":[],"service":[],"industry":[],"partners":[],"page-type":[],"content-group":[],"class_list":["post-22236","page","type-page","status-publish","hentry"],"yoast_head":"<!-- This site is optimized with the Yoast SEO Premium plugin v22.8 (Yoast SEO v22.8) - https:\/\/yoast.com\/wordpress\/plugins\/seo\/ -->\n<title>Rozwijaj z nami it w lublinie - Capgemini Poland<\/title>\n<meta name=\"description\" content=\"Cloud Infrastructure Services \u015bwiadczy us\u0142ugi z obszaru IT, w tym cloud computing, projektowanie, tworzenie, testowanie i wdra\u017canie rozwi\u0105za\u0144 IT, zarz\u0105dzanie projektami, wsparcie infrastruktury IT, us\u0142ugi transformacji, zarz\u0105dzanie aplikacjami i us\u0142ugami ITL.\" \/>\n<meta name=\"robots\" content=\"index, follow, max-snippet:-1, max-image-preview:large, max-video-preview:-1\" \/>\n<link rel=\"canonical\" href=\"https:\/\/www.capgemini.com\/pl-pl\/kariera\/spotkaj-sie-z-nami\/nasze-biura\/lublin\/praca-it-lublin\/\" \/>\n<meta property=\"og:locale\" content=\"pl_PL\" \/>\n<meta property=\"og:type\" content=\"article\" \/>\n<meta property=\"og:title\" content=\"Rozwijaj z nami it w lublinie\" \/>\n<meta property=\"og:description\" content=\"Cloud Infrastructure Services \u015bwiadczy us\u0142ugi z obszaru IT, w tym cloud computing, projektowanie, tworzenie, testowanie i wdra\u017canie rozwi\u0105za\u0144 IT, zarz\u0105dzanie projektami, wsparcie infrastruktury IT, us\u0142ugi transformacji, zarz\u0105dzanie aplikacjami i us\u0142ugami ITL.\" \/>\n<meta property=\"og:url\" content=\"https:\/\/www.capgemini.com\/pl-pl\/kariera\/spotkaj-sie-z-nami\/nasze-biura\/lublin\/praca-it-lublin\/\" \/>\n<meta property=\"og:site_name\" content=\"Capgemini Poland\" \/>\n<meta property=\"article:modified_time\" content=\"2025-03-12T06:16:14+00:00\" \/>\n<meta property=\"og:image\" content=\"https:\/\/www.capgemini.com\/pl-pl\/wp-content\/uploads\/sites\/27\/2022\/12\/Capgemini_Life-at.jpg\" \/>\n<meta name=\"twitter:card\" content=\"summary_large_image\" \/>\n<meta name=\"twitter:label1\" content=\"Est. reading time\" \/>\n\t<meta name=\"twitter:data1\" content=\"3 minutes\" \/>\n<script type=\"application\/ld+json\" class=\"yoast-schema-graph\">{\"@context\":\"https:\/\/schema.org\",\"@graph\":[{\"@type\":\"WebPage\",\"@id\":\"https:\/\/www.capgemini.com\/pl-pl\/kariera\/spotkaj-sie-z-nami\/nasze-biura\/lublin\/praca-it-lublin\/\",\"url\":\"https:\/\/www.capgemini.com\/pl-pl\/kariera\/spotkaj-sie-z-nami\/nasze-biura\/lublin\/praca-it-lublin\/\",\"name\":\"Rozwijaj z nami it w lublinie - Capgemini Poland\",\"isPartOf\":{\"@id\":\"https:\/\/www.capgemini.com\/pl-pl\/#website\"},\"primaryImageOfPage\":{\"@id\":\"https:\/\/www.capgemini.com\/pl-pl\/kariera\/spotkaj-sie-z-nami\/nasze-biura\/lublin\/praca-it-lublin\/#primaryimage\"},\"image\":{\"@id\":\"https:\/\/www.capgemini.com\/pl-pl\/kariera\/spotkaj-sie-z-nami\/nasze-biura\/lublin\/praca-it-lublin\/#primaryimage\"},\"thumbnailUrl\":\"https:\/\/www.capgemini.com\/pl-pl\/wp-content\/uploads\/sites\/27\/2022\/12\/Capgemini_Life-at.jpg\",\"datePublished\":\"2022-12-12T03:50:01+00:00\",\"dateModified\":\"2025-03-12T06:16:14+00:00\",\"description\":\"Cloud Infrastructure Services \u015bwiadczy us\u0142ugi z obszaru IT, w tym cloud computing, projektowanie, tworzenie, testowanie i wdra\u017canie rozwi\u0105za\u0144 IT, zarz\u0105dzanie projektami, wsparcie infrastruktury IT, us\u0142ugi transformacji, zarz\u0105dzanie aplikacjami i us\u0142ugami ITL.\",\"breadcrumb\":{\"@id\":\"https:\/\/www.capgemini.com\/pl-pl\/kariera\/spotkaj-sie-z-nami\/nasze-biura\/lublin\/praca-it-lublin\/#breadcrumb\"},\"inLanguage\":\"pl-PL\",\"potentialAction\":[{\"@type\":\"ReadAction\",\"target\":[\"https:\/\/www.capgemini.com\/pl-pl\/kariera\/spotkaj-sie-z-nami\/nasze-biura\/lublin\/praca-it-lublin\/\"]}]},{\"@type\":\"ImageObject\",\"inLanguage\":\"pl-PL\",\"@id\":\"https:\/\/www.capgemini.com\/pl-pl\/kariera\/spotkaj-sie-z-nami\/nasze-biura\/lublin\/praca-it-lublin\/#primaryimage\",\"url\":\"https:\/\/www.capgemini.com\/pl-pl\/wp-content\/uploads\/sites\/27\/2022\/12\/Capgemini_Life-at.jpg\",\"contentUrl\":\"https:\/\/www.capgemini.com\/pl-pl\/wp-content\/uploads\/sites\/27\/2022\/12\/Capgemini_Life-at.jpg\"},{\"@type\":\"BreadcrumbList\",\"@id\":\"https:\/\/www.capgemini.com\/pl-pl\/kariera\/spotkaj-sie-z-nami\/nasze-biura\/lublin\/praca-it-lublin\/#breadcrumb\",\"itemListElement\":[{\"@type\":\"ListItem\",\"position\":1,\"name\":\"Home\",\"item\":\"https:\/\/www.capgemini.com\/pl-pl\/\"},{\"@type\":\"ListItem\",\"position\":2,\"name\":\"Kariera\",\"item\":\"https:\/\/www.capgemini.com\/pl-pl\/kariera\/\"},{\"@type\":\"ListItem\",\"position\":3,\"name\":\"Spotkajmy si\u0119\",\"item\":\"https:\/\/www.capgemini.com\/pl-pl\/kariera\/spotkaj-sie-z-nami\/\"},{\"@type\":\"ListItem\",\"position\":4,\"name\":\"Nasze biura\",\"item\":\"https:\/\/www.capgemini.com\/pl-pl\/kariera\/spotkaj-sie-z-nami\/nasze-biura\/\"},{\"@type\":\"ListItem\",\"position\":5,\"name\":\"Lublin\",\"item\":\"https:\/\/www.capgemini.com\/pl-pl\/kariera\/spotkaj-sie-z-nami\/nasze-biura\/lublin\/\"},{\"@type\":\"ListItem\",\"position\":6,\"name\":\"Rozwijaj z nami it w lublinie\"}]},{\"@type\":\"WebSite\",\"@id\":\"https:\/\/www.capgemini.com\/pl-pl\/#website\",\"url\":\"https:\/\/www.capgemini.com\/pl-pl\/\",\"name\":\"Capgemini Polska\",\"description\":\"Capgemini\",\"potentialAction\":[{\"@type\":\"SearchAction\",\"target\":{\"@type\":\"EntryPoint\",\"urlTemplate\":\"https:\/\/www.capgemini.com\/pl-pl\/?s={search_term_string}\"},\"query-input\":\"required name=search_term_string\"}],\"inLanguage\":\"pl-PL\"}]}<\/script>\n<!-- \/ Yoast SEO Premium plugin. -->","yoast_head_json":{"title":"Rozwijaj z nami it w lublinie - Capgemini Poland","description":"Cloud Infrastructure Services \u015bwiadczy us\u0142ugi z obszaru IT, w tym cloud computing, projektowanie, tworzenie, testowanie i wdra\u017canie rozwi\u0105za\u0144 IT, zarz\u0105dzanie projektami, wsparcie infrastruktury IT, us\u0142ugi transformacji, zarz\u0105dzanie aplikacjami i us\u0142ugami ITL.","robots":{"index":"index","follow":"follow","max-snippet":"max-snippet:-1","max-image-preview":"max-image-preview:large","max-video-preview":"max-video-preview:-1"},"canonical":"https:\/\/www.capgemini.com\/pl-pl\/kariera\/spotkaj-sie-z-nami\/nasze-biura\/lublin\/praca-it-lublin\/","og_locale":"pl_PL","og_type":"article","og_title":"Rozwijaj z nami it w lublinie","og_description":"Cloud Infrastructure Services \u015bwiadczy us\u0142ugi z obszaru IT, w tym cloud computing, projektowanie, tworzenie, testowanie i wdra\u017canie rozwi\u0105za\u0144 IT, zarz\u0105dzanie projektami, wsparcie infrastruktury IT, us\u0142ugi transformacji, zarz\u0105dzanie aplikacjami i us\u0142ugami ITL.","og_url":"https:\/\/www.capgemini.com\/pl-pl\/kariera\/spotkaj-sie-z-nami\/nasze-biura\/lublin\/praca-it-lublin\/","og_site_name":"Capgemini Poland","article_modified_time":"2025-03-12T06:16:14+00:00","og_image":[{"url":"https:\/\/www.capgemini.com\/pl-pl\/wp-content\/uploads\/sites\/27\/2022\/12\/Capgemini_Life-at.jpg"}],"twitter_card":"summary_large_image","twitter_misc":{"Est. reading time":"3 minutes"},"schema":{"@context":"https:\/\/schema.org","@graph":[{"@type":"WebPage","@id":"https:\/\/www.capgemini.com\/pl-pl\/kariera\/spotkaj-sie-z-nami\/nasze-biura\/lublin\/praca-it-lublin\/","url":"https:\/\/www.capgemini.com\/pl-pl\/kariera\/spotkaj-sie-z-nami\/nasze-biura\/lublin\/praca-it-lublin\/","name":"Rozwijaj z nami it w lublinie - Capgemini Poland","isPartOf":{"@id":"https:\/\/www.capgemini.com\/pl-pl\/#website"},"primaryImageOfPage":{"@id":"https:\/\/www.capgemini.com\/pl-pl\/kariera\/spotkaj-sie-z-nami\/nasze-biura\/lublin\/praca-it-lublin\/#primaryimage"},"image":{"@id":"https:\/\/www.capgemini.com\/pl-pl\/kariera\/spotkaj-sie-z-nami\/nasze-biura\/lublin\/praca-it-lublin\/#primaryimage"},"thumbnailUrl":"https:\/\/www.capgemini.com\/pl-pl\/wp-content\/uploads\/sites\/27\/2022\/12\/Capgemini_Life-at.jpg","datePublished":"2022-12-12T03:50:01+00:00","dateModified":"2025-03-12T06:16:14+00:00","description":"Cloud Infrastructure Services \u015bwiadczy us\u0142ugi z obszaru IT, w tym cloud computing, projektowanie, tworzenie, testowanie i wdra\u017canie rozwi\u0105za\u0144 IT, zarz\u0105dzanie projektami, wsparcie infrastruktury IT, us\u0142ugi transformacji, zarz\u0105dzanie aplikacjami i us\u0142ugami ITL.","breadcrumb":{"@id":"https:\/\/www.capgemini.com\/pl-pl\/kariera\/spotkaj-sie-z-nami\/nasze-biura\/lublin\/praca-it-lublin\/#breadcrumb"},"inLanguage":"pl-PL","potentialAction":[{"@type":"ReadAction","target":["https:\/\/www.capgemini.com\/pl-pl\/kariera\/spotkaj-sie-z-nami\/nasze-biura\/lublin\/praca-it-lublin\/"]}]},{"@type":"ImageObject","inLanguage":"pl-PL","@id":"https:\/\/www.capgemini.com\/pl-pl\/kariera\/spotkaj-sie-z-nami\/nasze-biura\/lublin\/praca-it-lublin\/#primaryimage","url":"https:\/\/www.capgemini.com\/pl-pl\/wp-content\/uploads\/sites\/27\/2022\/12\/Capgemini_Life-at.jpg","contentUrl":"https:\/\/www.capgemini.com\/pl-pl\/wp-content\/uploads\/sites\/27\/2022\/12\/Capgemini_Life-at.jpg"},{"@type":"BreadcrumbList","@id":"https:\/\/www.capgemini.com\/pl-pl\/kariera\/spotkaj-sie-z-nami\/nasze-biura\/lublin\/praca-it-lublin\/#breadcrumb","itemListElement":[{"@type":"ListItem","position":1,"name":"Home","item":"https:\/\/www.capgemini.com\/pl-pl\/"},{"@type":"ListItem","position":2,"name":"Kariera","item":"https:\/\/www.capgemini.com\/pl-pl\/kariera\/"},{"@type":"ListItem","position":3,"name":"Spotkajmy si\u0119","item":"https:\/\/www.capgemini.com\/pl-pl\/kariera\/spotkaj-sie-z-nami\/"},{"@type":"ListItem","position":4,"name":"Nasze biura","item":"https:\/\/www.capgemini.com\/pl-pl\/kariera\/spotkaj-sie-z-nami\/nasze-biura\/"},{"@type":"ListItem","position":5,"name":"Lublin","item":"https:\/\/www.capgemini.com\/pl-pl\/kariera\/spotkaj-sie-z-nami\/nasze-biura\/lublin\/"},{"@type":"ListItem","position":6,"name":"Rozwijaj z nami it w lublinie"}]},{"@type":"WebSite","@id":"https:\/\/www.capgemini.com\/pl-pl\/#website","url":"https:\/\/www.capgemini.com\/pl-pl\/","name":"Capgemini Polska","description":"Capgemini","potentialAction":[{"@type":"SearchAction","target":{"@type":"EntryPoint","urlTemplate":"https:\/\/www.capgemini.com\/pl-pl\/?s={search_term_string}"},"query-input":"required name=search_term_string"}],"inLanguage":"pl-PL"}]}},"brand_term":[],"parsely":{"version":"1.1.0","canonical_url":"https:\/\/capgemini.com\/pl-pl\/kariera\/spotkaj-sie-z-nami\/nasze-biura\/lublin\/praca-it-lublin\/","smart_links":{"inbound":0,"outbound":0},"traffic_boost_suggestions_count":0,"meta":{"@context":"https:\/\/schema.org","@type":"WebPage","headline":"Rozwijaj z nami it w lublinie","url":"https:\/\/www.capgemini.com\/pl-pl\/kariera\/spotkaj-sie-z-nami\/nasze-biura\/lublin\/praca-it-lublin\/","mainEntityOfPage":{"@type":"WebPage","@id":"https:\/\/www.capgemini.com\/pl-pl\/kariera\/spotkaj-sie-z-nami\/nasze-biura\/lublin\/praca-it-lublin\/"},"thumbnailUrl":"","image":{"@type":"ImageObject","url":""},"articleSection":"Uncategorized","author":[],"creator":[],"publisher":{"@type":"Organization","name":"Capgemini Poland","logo":""},"keywords":[],"dateCreated":"2022-12-12T03:50:01Z","datePublished":"2022-12-12T03:50:01Z","dateModified":"2025-03-12T06:16:14Z"},"rendered":"<meta name=\"parsely-title\" content=\"Rozwijaj z nami it w lublinie\" \/>\n<meta name=\"parsely-link\" content=\"https:\/\/www.capgemini.com\/pl-pl\/kariera\/spotkaj-sie-z-nami\/nasze-biura\/lublin\/praca-it-lublin\/\" \/>\n<meta name=\"parsely-type\" content=\"index\" \/>\n<meta name=\"parsely-pub-date\" content=\"2022-12-12T03:50:01Z\" \/>\n<meta name=\"parsely-section\" content=\"Uncategorized\" \/>","tracker_url":"https:\/\/cdn.parsely.com\/keys\/capgemini.com\/p.js"},"archive_status":false,"featured_image_src":"https:\/\/www.capgemini.com\/pl-pl\/wp-content\/themes\/capgemini2025\/assets\/images\/mockup.png","featured_image_alt":false,"jetpack_sharing_enabled":true,"distributor_meta":false,"distributor_terms":false,"distributor_media":false,"distributor_original_site_name":"Capgemini Poland","distributor_original_site_url":"https:\/\/www.capgemini.com\/pl-pl","push-errors":false,"_links":{"self":[{"href":"https:\/\/www.capgemini.com\/pl-pl\/wp-json\/wp\/v2\/pages\/22236","targetHints":{"allow":["GET"]}}],"collection":[{"href":"https:\/\/www.capgemini.com\/pl-pl\/wp-json\/wp\/v2\/pages"}],"about":[{"href":"https:\/\/www.capgemini.com\/pl-pl\/wp-json\/wp\/v2\/types\/page"}],"author":[{"embeddable":true,"href":"https:\/\/www.capgemini.com\/pl-pl\/wp-json\/wp\/v2\/users\/413"}],"replies":[{"embeddable":true,"href":"https:\/\/www.capgemini.com\/pl-pl\/wp-json\/wp\/v2\/comments?post=22236"}],"version-history":[{"count":11,"href":"https:\/\/www.capgemini.com\/pl-pl\/wp-json\/wp\/v2\/pages\/22236\/revisions"}],"predecessor-version":[{"id":909221,"href":"https:\/\/www.capgemini.com\/pl-pl\/wp-json\/wp\/v2\/pages\/22236\/revisions\/909221"}],"up":[{"embeddable":true,"href":"https:\/\/www.capgemini.com\/pl-pl\/wp-json\/wp\/v2\/pages\/699577"}],"wp:attachment":[{"href":"https:\/\/www.capgemini.com\/pl-pl\/wp-json\/wp\/v2\/media?parent=22236"}],"wp:term":[{"taxonomy":"brand","embeddable":true,"href":"https:\/\/www.capgemini.com\/pl-pl\/wp-json\/wp\/v2\/brand?post=22236"},{"taxonomy":"partner_type","embeddable":true,"href":"https:\/\/www.capgemini.com\/pl-pl\/wp-json\/wp\/v2\/partner_type?post=22236"},{"taxonomy":"service","embeddable":true,"href":"https:\/\/www.capgemini.com\/pl-pl\/wp-json\/wp\/v2\/service?post=22236"},{"taxonomy":"industry","embeddable":true,"href":"https:\/\/www.capgemini.com\/pl-pl\/wp-json\/wp\/v2\/industry?post=22236"},{"taxonomy":"partners","embeddable":true,"href":"https:\/\/www.capgemini.com\/pl-pl\/wp-json\/wp\/v2\/partners?post=22236"},{"taxonomy":"page-type","embeddable":true,"href":"https:\/\/www.capgemini.com\/pl-pl\/wp-json\/wp\/v2\/page-type?post=22236"},{"taxonomy":"content-group","embeddable":true,"href":"https:\/\/www.capgemini.com\/pl-pl\/wp-json\/wp\/v2\/content-group?post=22236"}],"curies":[{"name":"wp","href":"https:\/\/api.w.org\/{rel}","templated":true}]}}