{"id":22156,"date":"2022-12-06T05:18:36","date_gmt":"2022-12-06T05:18:36","guid":{"rendered":"https:\/\/www.capgemini.com\/pl-pl\/?page_id=22156"},"modified":"2025-11-25T08:24:08","modified_gmt":"2025-11-25T08:24:08","slug":"jak-stworzyc-dobre-cv","status":"publish","type":"page","link":"https:\/\/www.capgemini.com\/pl-pl\/kariera\/twoja-kariera\/porady-rekrutacyjne\/przepis-na-dobre-cv\/","title":{"rendered":"Jak stworzy\u0107 dobre CV?"},"content":{"rendered":"\n<div class=\"wp-block-cg-blocks-hero-picture-card undefined  heroPictureCard\"><div class=\"heroPictureCardBgs\"><picture><source srcset=\"https:\/\/www.capgemini.com\/pl-pl\/wp-content\/uploads\/sites\/27\/2023\/01\/CV.png?w=2880&amp;quality=70 1x, https:\/\/www.capgemini.com\/pl-pl\/wp-content\/uploads\/sites\/27\/2023\/01\/CV.png?w=2880&amp;quality=70 2x\" media=\"(min-width: 1500px)\"\/><source srcset=\"https:\/\/www.capgemini.com\/pl-pl\/wp-content\/uploads\/sites\/27\/2023\/01\/CV.png?w=1440&amp;quality=70 1x, https:\/\/www.capgemini.com\/pl-pl\/wp-content\/uploads\/sites\/27\/2023\/01\/CV.png?w=2880&amp;quality=70 2x\" media=\"(min-width: 992px)\"\/><source srcset=\"https:\/\/www.capgemini.com\/pl-pl\/wp-content\/uploads\/sites\/27\/2023\/01\/CV.png?w=1024&amp;quality=70 1x, https:\/\/www.capgemini.com\/pl-pl\/wp-content\/uploads\/sites\/27\/2023\/01\/CV.png?w=1024&amp;quality=70 2x\" media=\"(min-width: 768px)\"\/><source srcset=\"https:\/\/www.capgemini.com\/pl-pl\/wp-content\/uploads\/sites\/27\/2023\/01\/CV.png?w=768&amp;quality=70 1x, https:\/\/www.capgemini.com\/pl-pl\/wp-content\/uploads\/sites\/27\/2023\/01\/CV.png?w=768&amp;quality=70 2x\" media=\"(min-width: 0)\"\/><img decoding=\"async\" src=\"https:\/\/www.capgemini.com\/pl-pl\/wp-content\/uploads\/sites\/27\/2023\/01\/CV.png\" class=\"desktopImage\" alt=\"\" style=\"object-fit:cover;object-position:50% 50%\" loading=\"eager\"\/><\/picture><picture><source srcset=\"https:\/\/www.capgemini.com\/pl-pl\/wp-content\/uploads\/sites\/27\/2023\/01\/CV.png?w=2880&amp;quality=70 1x, https:\/\/www.capgemini.com\/pl-pl\/wp-content\/uploads\/sites\/27\/2023\/01\/CV.png?w=2880&amp;quality=70 2x\" media=\"(min-width: 1500px)\"\/><source srcset=\"https:\/\/www.capgemini.com\/pl-pl\/wp-content\/uploads\/sites\/27\/2023\/01\/CV.png?w=1440&amp;quality=70 1x, https:\/\/www.capgemini.com\/pl-pl\/wp-content\/uploads\/sites\/27\/2023\/01\/CV.png?w=2880&amp;quality=70 2x\" media=\"(min-width: 992px)\"\/><source srcset=\"https:\/\/www.capgemini.com\/pl-pl\/wp-content\/uploads\/sites\/27\/2023\/01\/CV.png?w=1024&amp;quality=70 1x, https:\/\/www.capgemini.com\/pl-pl\/wp-content\/uploads\/sites\/27\/2023\/01\/CV.png?w=1024&amp;quality=70 2x\" media=\"(min-width: 768px)\"\/><source srcset=\"https:\/\/www.capgemini.com\/pl-pl\/wp-content\/uploads\/sites\/27\/2023\/01\/CV.png?w=768&amp;quality=70 1x, https:\/\/www.capgemini.com\/pl-pl\/wp-content\/uploads\/sites\/27\/2023\/01\/CV.png?w=768&amp;quality=70 2x\" media=\"(min-width: 0)\"\/><img decoding=\"async\" src=\"https:\/\/www.capgemini.com\/pl-pl\/wp-content\/uploads\/sites\/27\/2023\/01\/CV.png\" class=\"mobileImage\" alt=\"\" style=\"object-fit:cover;object-position:50% 50%\" loading=\"eager\"\/><\/picture><\/div><div class=\"heroPictureCardHeaderShape\"><\/div><div class=\"container\"><div class=\"row\"><div class=\"col-md-8 col-lg-6\"><div class=\"heroPictureCardBox\"><div class=\"heroPictureCardBoxTitle\"><h1 data-maxlength=\"144\">Jak stworzy\u0107 dobre CV?<\/h1><\/div><\/div><\/div><\/div><\/div><div class=\"small-device\"><div class=\"brandLogoWrapper\"> <\/div><\/div><\/div>\n\n\n\n<section class=\"wp-block-cg-blocks-group undefined section section--article-content\"><div class=\"article-main-content\"><div class=\"container\"><div class=\"row\"><div class=\"col-12 col-md-1\"><nav class=\"article-social\"><ul class=\"social-nav\"><li class=\"ip-order-fb\"><a href=\"https:\/\/www.facebook.com\/sharer\/sharer.php?u=https:\/\/www.capgemini.com\/pl-pl\/?page_id=22156\" target=\"_blank\" rel=\"noopener noreferrer\" title=\"opens in a new window\"><i aria-hidden=\"true\" class=\"icon-fb\"><\/i><span class=\"sr-only\">Facebook<\/span><\/a><\/li><li class=\"ip-order-tw\"><a href=\"https:\/\/twitter.com\/intent\/tweet?url=https:\/\/www.capgemini.com\/pl-pl\/?page_id=22156&amp;text=\" target=\"_blank\" rel=\"noopener noreferrer\" title=\"opens in a new window\"><i aria-hidden=\"true\" class=\"icon-tw\"><\/i><span class=\"sr-only\">Twitter<\/span><\/a><\/li><li class=\"ip-order-li\"><a href=\"https:\/\/www.linkedin.com\/sharing\/share-offsite\/?url=https:\/\/www.capgemini.com\/pl-pl\/?page_id=22156&amp;text=\" target=\"_blank\" rel=\"noopener noreferrer\" title=\"opens in a new window\"><i aria-hidden=\"true\" class=\"icon-li\"><\/i><span class=\"sr-only\">Linkedin<\/span><\/a><\/li><\/ul><\/nav><\/div><div class=\"col-12 col-md-11 col-lg-10\"><div class=\"article-text article-quote-text\">\n<p><strong>Dobre CV pozwoli pokaza\u0107 Ci\u0119 od najlepszej strony, jako osob\u0119 profesjonaln\u0105 i eksperta\/ekspertk\u0119 w swojej dziedzinie. <\/strong><\/p>\n\n\n\n<h3 class=\"wp-block-heading\" id=\"h-nasz-przepis-na-nbsp-znakomite-cv\">Nasz przepis na&nbsp;znakomite CV!<\/h3>\n\n\n\n<h4 class=\"wp-block-heading\">Kornelia<\/h4>\n\n\n\n<p>Rekrutuje kandydat\u00f3w pos\u0142uguj\u0105cych si\u0119 j\u0119zykiem angielskim na stanowiska w obszarze finansowo-ksi\u0119gowym oraz HR.<\/p>\n\n\n\n<h4 class=\"wp-block-heading\">Moja wskaz\u00f3wka?<\/h4>\n\n\n\n<blockquote class=\"wp-block-quote is-layout-flow wp-block-quote-is-layout-flow\">\n<p>Przygotowanie dobrego CV warto rozpocz\u0105\u0107 od sprawdzenia ofert pracy z Twojej specjalizacji lub interesuj\u0105cych Ci\u0119 og\u0142osze\u0144. Szczeg\u00f3ln\u0105 uwag\u0119 nale\u017cy zwr\u00f3ci\u0107 na wymagania stawiane przez pracodawc\u00f3w \u2013 zastan\u00f3w si\u0119, kt\u00f3re z nich spe\u0142niasz, jakie kompetencje mog\u0105 by\u0107 Twoim atutem, nad czym warto pracowa\u0107, \u017ceby rozwija\u0107 si\u0119 w danej dziedzinie.<\/p>\n<\/blockquote>\n\n\n\n<h4 class=\"wp-block-heading\">Dominika<\/h4>\n\n\n\n<p>Na co dzie\u0144 zajmuje si\u0119 rekrutacj\u0105 na stanowiska w obszarze finans\u00f3w i ksi\u0119gowo\u015bci, HR oraz zam\u00f3wie\u0144 z praktycznie wszystkimi j\u0119zykami \u015bwiata, np. hiszpa\u0144skim, w\u0119gierskim, czeskim, holenderskim, a nawet esto\u0144skim.<\/p>\n\n\n\n<h4 class=\"wp-block-heading\">Moja wskaz\u00f3wka?<\/h4>\n\n\n\n<blockquote class=\"wp-block-quote is-layout-flow wp-block-quote-is-layout-flow\">\n<p>\u017byciorys jest opisem dotychczasowego \u017cycia zawodowego i nie tylko. W pami\u0119ci trzeba odszuka\u0107 zar\u00f3wno histori\u0119 do\u015bwiadcze\u0144 zawodowych i zdobyte wykszta\u0142cenie, ale tak\u017ce odbyte kursy, zdobyte uprawnienia, wyr\u00f3\u017cniaj\u0105ce nas kompetencje. Dopasuj CV do konkretnej oferty pracy uwypuklaj\u0105c do\u015bwiadczenie, umiej\u0119tno\u015bci, szkolenia, a tak\u017ce cel zawodowy, kt\u00f3re szczeg\u00f3lnie zainteresuj\u0105 rekrutera i potencjalnego pracodawc\u0119. Pami\u0119taj, \u017ce CV powinno by\u0107 zwi\u0119z\u0142e, dlatego skracaj te elementy, kt\u00f3re z punktu widzenia danej rekrutacji mog\u0105 by\u0107 nieistotne<\/p>\n<\/blockquote>\n\n\n\n<h4 class=\"wp-block-heading\">Piotr<\/h4>\n\n\n\n<p>Prowadzi rekrutacje w obszarach finans\u00f3w i ksi\u0119gowo\u015bci (role front i back office, praca klientem, z fakturami, raportami, analiza danych, ksi\u0119gowo\u015b\u0107) oraz IT (role Customer Service Advisor).<\/p>\n\n\n\n<h4 class=\"wp-block-heading\">Moja wskaz\u00f3wka?<\/h4>\n\n\n\n<blockquote class=\"wp-block-quote is-layout-flow wp-block-quote-is-layout-flow\">\n<p>Dobre CV pokazuje kandydata od najlepszej strony \u2013 jako profesjonalist\u0119 i eksperta w swojej dziedzinie. Podkre\u015bleniem opisanych kompetencji jest oprawa graficzna dokumentu. Nie nale\u017cy na si\u0142\u0119 wyr\u00f3\u017cnia\u0107 CV np. graficznie \u2013 ma by\u0107 przede wszystkim czytelne i przejrzyste. Warto za to skorzysta\u0107 z dobrego wzoru CV i zale\u017cnie od potrzeby, dostosowa\u0107 go do interesuj\u0105cej Ci\u0119 oferty pracy.<\/p>\n<\/blockquote>\n\n\n\n<h4 class=\"wp-block-heading\">Co powinno znajdowa\u0107 si\u0119 w dobrym CV?<\/h4>\n\n\n\n<ul class=\"wp-block-list\">\n<li><strong>Dane kontaktowe,<\/strong>&nbsp;czyli imi\u0119 i nazwisko, numer telefonu i adres mailowy, kt\u00f3ry powinien sk\u0142ada\u0107 si\u0119 z imienia i nazwiska, tak by by\u0142 \u0142atwy do zidentyfikowania. Pozosta\u0142e dane osobowe, jak adres czy data urodzenia, nie s\u0105 wymagane.<\/li>\n\n\n\n<li><strong>Zdj\u0119cie&nbsp;<\/strong>nie musi si\u0119 pojawi\u0107, jednak jest pomocne w procesie rekrutacji, pozwala lepiej zapami\u0119ta\u0107 osob\u0119 i CV. Zadbaj, by by\u0142o wykonane profesjonalnie, w neutralnym ubiorze, na jednolitym tle i przy dobrym o\u015bwietleniu.<\/li>\n\n\n\n<li><strong>Profil zawodowy,<\/strong>&nbsp;to kr\u00f3tkie podsumowanie \u015bcie\u017cki zawodowej, oraz oczekiwanych perspektyw rozwoju, co pozwoli rekruterowi na szybkie zidentyfikowanie kierunku w jakim pod\u0105\u017casz i analiz\u0119, czy oferta b\u0119dzie do Ciebie dopasowana.<\/li>\n\n\n\n<li><strong>Do\u015bwiadczenie zawodowe<\/strong>&nbsp;powinno zawiera\u0107 nazw\u0119 stanowiska, w uk\u0142adzie chronologicznym od najnowszego do najstarszego, jak r\u00f3wnie\u017c opis lub wypunktowanie najwa\u017cniejszych obszar\u00f3w dzia\u0142alno\u015bci. Warto skupi\u0107 si\u0119 na obszarach, kt\u00f3re b\u0119d\u0105 cenne dla potencjalnego pracodawcy w odpowiedzi na konkretne wymagania z oferty pracy. Je\u015bli brakuje Ci do\u015bwiadczenia, mo\u017cesz zamie\u015bci\u0107 dodatkow\u0105 aktywno\u015b\u0107 w trakcie edukacji, jak na przyk\u0142ad wolontariat, dzia\u0142alno\u015b\u0107 w kole naukowym, odbyte kursy, wszystko, co poka\u017ce rozw\u00f3j Twoich kompetencji.<\/li>\n\n\n\n<li><strong>Wykszta\u0142cenie<\/strong>&nbsp;podsumowuje te etapy edukacji, kt\u00f3re mog\u0105 by\u0107 wa\u017cne dla rekrutera. Zawsze rozpoczynaj od ostatnio uko\u0144czonej szko\u0142y. Mo\u017cna pomin\u0105\u0107 szko\u0142\u0119 \u015bredni\u0105, je\u015bli profil edukacji nie ma znaczenia w przysz\u0142ej pracy albo zosta\u0142a uko\u0144czona wiele lat temu.<\/li>\n\n\n\n<li><strong>Kompetencje<\/strong>, kt\u00f3re wyr\u00f3\u017cniaj\u0105 kandydata na tle innych i sprawiaj\u0105, \u017ce jest dobry w swojej pracy. Nie ograniczajmy si\u0119 tylko do tych najbardziej popularnych. Pomy\u015blmy, czy spo\u015br\u00f3d naszych kompetencji wyr\u00f3\u017cnia nas co\u015b wyj\u0105tkowego, np. zdolno\u015bci negocjacyjne, rozwi\u0105zywanie konflikt\u00f3w itd. Tak zwane kompetencje mi\u0119kkie s\u0105 obecnie bardzo cenione na rynku pracy. Przygotowuj\u0105c si\u0119 do rozmowy kwalifikacyjnej nie zapomnijmy przypomnie\u0107 sobie przyk\u0142ad\u00f3w z naszego \u017cycia, kiedy te umiej\u0119tno\u015bci wykorzystali\u015bmy.<\/li>\n\n\n\n<li><strong>Kursy\/szkolenia\/certyfikaty<\/strong>&nbsp;\u2013 umiej\u0119tno\u015bci potwierdzone dokumentami lub zdobyte poza dotychczasowym do\u015bwiadczeniem zawodowym. Je\u017celi mamy uko\u0144czony kurs j\u0119zyka obcego to w\u0142a\u015bnie odpowiednie miejsce na zaznaczenie tej informacji w CV. Pami\u0119ta\u0107 nale\u017cy o odpowiednim okre\u015bleniu poziomu j\u0119zyka, stosuj\u0105c si\u0119 do mi\u0119dzynarodowej klasyfikacji. Rekruterzy podczas pierwszej rozmowy weryfikuj\u0105 stopie\u0144 znajomo\u015bci Twojego j\u0119zyka. Nie jest zatem wymagane, by do\u0142\u0105cza\u0107 do CV certyfikat potwierdzaj\u0105cy t\u0119 umiej\u0119tno\u015b\u0107. Jest to r\u00f3wnie\u017c pole, gdzie mo\u017cemy zamie\u015bci\u0107 informacje, mi\u0119dzy innymi o kursie pierwszej pomocy, czy posiadanym prawie jazdy, jednak najlepiej wyeksponowa\u0107 te bezpo\u015brednio zwi\u0105zane ze stanowiskiem, o kt\u00f3re si\u0119 ubiegamy.<\/li>\n\n\n\n<li><strong>Zainteresowania,&nbsp;<\/strong>czyli wybrane hobby kandydata. Mo\u017cna tu poda\u0107 konkretne obszary zainteresowa\u0144 lub kr\u00f3tkie opisy wybranych aktywno\u015bci, np. zamiast napisa\u0107 lakonicznie \u201eksi\u0105\u017cki\u201d, mo\u017cna rozwin\u0105\u0107 interesuj\u0105cy nas obszar jako \u201eameryka\u0144ska literatura fantastyczna z XX wieku\u201d. Uwaga! Nawet w tak niepozornym obszarze jak \u201eZainteresowania\u201d nie warto naci\u0105ga\u0107 prawdy ani k\u0142ama\u0107. W trakcie rozmowy rekrutacyjnej bardzo cz\u0119sto rekruter zadaje pytanie odno\u015bnie hobby, dlatego warto przygotowa\u0107 si\u0119 wcze\u015bniej do odpowiedzi na takie przyk\u0142adowe pytanie.<\/li>\n\n\n\n<li><strong>Linki zewn\u0119trzne<\/strong>&nbsp;\u2013 mog\u0105 prowadzi\u0107 do portfolio kandydata, jego bloga lub strony www, przyk\u0142adowo profilu na portalu LinkedIn.<\/li>\n<\/ul>\n<\/div><\/div><\/div><\/div><\/div><\/section>\n","protected":false},"excerpt":{"rendered":"","protected":false},"author":413,"featured_media":0,"parent":699320,"menu_order":3,"comment_status":"closed","ping_status":"closed","template":"","meta":{"cg_dt_proposed_to":[],"cg_seo_hreflang_relations":"[]","cg_seo_canonical_relation":"","cg_seo_hreflang_x_default_relation":"{\"uuid\":\"3abf5e54-4c40-400c-a2f9-8a643b6e1e97\",\"blogId\":\"\",\"domain\":\"\",\"sitePath\":\"\",\"postLink\":\"\",\"postId\":null,\"isSaved\":true,\"isCrossLink\":false,\"hasCrossLink\":false}","cg_dt_approved_content":true,"cg_dt_mandatory_content":false,"cg_dt_notes":"","cg_dg_source_changed":false,"cg_dt_link_disabled":false,"_yoast_wpseo_primary_brand":"","footnotes":"","featured_focal_points":"","partner_card_description":"","gsap_animation":0},"brand":[],"partner_type":[],"service":[],"industry":[],"partners":[],"page-type":[],"content-group":[],"class_list":["post-22156","page","type-page","status-publish","hentry"],"yoast_head":"<!-- This site is optimized with the Yoast SEO Premium plugin v22.8 (Yoast SEO v22.8) - https:\/\/yoast.com\/wordpress\/plugins\/seo\/ -->\n<title>Jak stworzy\u0107 dobre CV? - Capgemini Poland<\/title>\n<meta name=\"description\" content=\"Dobre CV pozwoli pokaza\u0107 Ci\u0119 od najlepszej strony, jako osob\u0119 profesjonaln\u0105 i eksperta\/ekspertk\u0119 w swojej dziedzinie.\" \/>\n<meta name=\"robots\" content=\"index, follow, max-snippet:-1, max-image-preview:large, max-video-preview:-1\" \/>\n<link rel=\"canonical\" href=\"https:\/\/www.capgemini.com\/pl-pl\/kariera\/twoja-kariera\/porady-rekrutacyjne\/przepis-na-dobre-cv\/\" \/>\n<meta property=\"og:locale\" content=\"pl_PL\" \/>\n<meta property=\"og:type\" content=\"article\" \/>\n<meta property=\"og:title\" content=\"Jak stworzy\u0107 dobre CV?\" \/>\n<meta property=\"og:description\" content=\"Dobre CV pozwoli pokaza\u0107 Ci\u0119 od najlepszej strony, jako osob\u0119 profesjonaln\u0105 i eksperta\/ekspertk\u0119 w swojej dziedzinie.\" \/>\n<meta property=\"og:url\" content=\"https:\/\/www.capgemini.com\/pl-pl\/kariera\/twoja-kariera\/porady-rekrutacyjne\/przepis-na-dobre-cv\/\" \/>\n<meta property=\"og:site_name\" content=\"Capgemini Poland\" \/>\n<meta property=\"article:modified_time\" content=\"2025-11-25T08:24:08+00:00\" \/>\n<meta property=\"og:image\" content=\"https:\/\/www.capgemini.com\/pl-pl\/wp-content\/uploads\/sites\/27\/2023\/01\/CV.png\" \/>\n<meta name=\"twitter:card\" content=\"summary_large_image\" \/>\n<meta name=\"twitter:label1\" content=\"Est. reading time\" \/>\n\t<meta name=\"twitter:data1\" content=\"4 minutes\" \/>\n<script type=\"application\/ld+json\" class=\"yoast-schema-graph\">{\"@context\":\"https:\/\/schema.org\",\"@graph\":[{\"@type\":\"WebPage\",\"@id\":\"https:\/\/www.capgemini.com\/pl-pl\/kariera\/twoja-kariera\/porady-rekrutacyjne\/przepis-na-dobre-cv\/\",\"url\":\"https:\/\/www.capgemini.com\/pl-pl\/kariera\/twoja-kariera\/porady-rekrutacyjne\/przepis-na-dobre-cv\/\",\"name\":\"Jak stworzy\u0107 dobre CV? - Capgemini Poland\",\"isPartOf\":{\"@id\":\"https:\/\/www.capgemini.com\/pl-pl\/#website\"},\"primaryImageOfPage\":{\"@id\":\"https:\/\/www.capgemini.com\/pl-pl\/kariera\/twoja-kariera\/porady-rekrutacyjne\/przepis-na-dobre-cv\/#primaryimage\"},\"image\":{\"@id\":\"https:\/\/www.capgemini.com\/pl-pl\/kariera\/twoja-kariera\/porady-rekrutacyjne\/przepis-na-dobre-cv\/#primaryimage\"},\"thumbnailUrl\":\"https:\/\/www.capgemini.com\/pl-pl\/wp-content\/uploads\/sites\/27\/2023\/01\/CV.png\",\"datePublished\":\"2022-12-06T05:18:36+00:00\",\"dateModified\":\"2025-11-25T08:24:08+00:00\",\"description\":\"Dobre CV pozwoli pokaza\u0107 Ci\u0119 od najlepszej strony, jako osob\u0119 profesjonaln\u0105 i eksperta\/ekspertk\u0119 w swojej dziedzinie.\",\"breadcrumb\":{\"@id\":\"https:\/\/www.capgemini.com\/pl-pl\/kariera\/twoja-kariera\/porady-rekrutacyjne\/przepis-na-dobre-cv\/#breadcrumb\"},\"inLanguage\":\"pl-PL\",\"potentialAction\":[{\"@type\":\"ReadAction\",\"target\":[\"https:\/\/www.capgemini.com\/pl-pl\/kariera\/twoja-kariera\/porady-rekrutacyjne\/przepis-na-dobre-cv\/\"]}]},{\"@type\":\"ImageObject\",\"inLanguage\":\"pl-PL\",\"@id\":\"https:\/\/www.capgemini.com\/pl-pl\/kariera\/twoja-kariera\/porady-rekrutacyjne\/przepis-na-dobre-cv\/#primaryimage\",\"url\":\"https:\/\/www.capgemini.com\/pl-pl\/wp-content\/uploads\/sites\/27\/2023\/01\/CV.png\",\"contentUrl\":\"https:\/\/www.capgemini.com\/pl-pl\/wp-content\/uploads\/sites\/27\/2023\/01\/CV.png\"},{\"@type\":\"BreadcrumbList\",\"@id\":\"https:\/\/www.capgemini.com\/pl-pl\/kariera\/twoja-kariera\/porady-rekrutacyjne\/przepis-na-dobre-cv\/#breadcrumb\",\"itemListElement\":[{\"@type\":\"ListItem\",\"position\":1,\"name\":\"Home\",\"item\":\"https:\/\/www.capgemini.com\/pl-pl\/\"},{\"@type\":\"ListItem\",\"position\":2,\"name\":\"Kariera\",\"item\":\"https:\/\/www.capgemini.com\/pl-pl\/kariera\/\"},{\"@type\":\"ListItem\",\"position\":3,\"name\":\"Twoja kariera\",\"item\":\"https:\/\/www.capgemini.com\/pl-pl\/kariera\/twoja-kariera\/\"},{\"@type\":\"ListItem\",\"position\":4,\"name\":\"Porady rekrutacyjne\",\"item\":\"https:\/\/www.capgemini.com\/pl-pl\/kariera\/twoja-kariera\/porady-rekrutacyjne\/\"},{\"@type\":\"ListItem\",\"position\":5,\"name\":\"Jak stworzy\u0107 dobre CV?\"}]},{\"@type\":\"WebSite\",\"@id\":\"https:\/\/www.capgemini.com\/pl-pl\/#website\",\"url\":\"https:\/\/www.capgemini.com\/pl-pl\/\",\"name\":\"Capgemini Polska\",\"description\":\"Capgemini\",\"potentialAction\":[{\"@type\":\"SearchAction\",\"target\":{\"@type\":\"EntryPoint\",\"urlTemplate\":\"https:\/\/www.capgemini.com\/pl-pl\/?s={search_term_string}\"},\"query-input\":\"required name=search_term_string\"}],\"inLanguage\":\"pl-PL\"}]}<\/script>\n<!-- \/ Yoast SEO Premium plugin. -->","yoast_head_json":{"title":"Jak stworzy\u0107 dobre CV? - Capgemini Poland","description":"Dobre CV pozwoli pokaza\u0107 Ci\u0119 od najlepszej strony, jako osob\u0119 profesjonaln\u0105 i eksperta\/ekspertk\u0119 w swojej dziedzinie.","robots":{"index":"index","follow":"follow","max-snippet":"max-snippet:-1","max-image-preview":"max-image-preview:large","max-video-preview":"max-video-preview:-1"},"canonical":"https:\/\/www.capgemini.com\/pl-pl\/kariera\/twoja-kariera\/porady-rekrutacyjne\/przepis-na-dobre-cv\/","og_locale":"pl_PL","og_type":"article","og_title":"Jak stworzy\u0107 dobre CV?","og_description":"Dobre CV pozwoli pokaza\u0107 Ci\u0119 od najlepszej strony, jako osob\u0119 profesjonaln\u0105 i eksperta\/ekspertk\u0119 w swojej dziedzinie.","og_url":"https:\/\/www.capgemini.com\/pl-pl\/kariera\/twoja-kariera\/porady-rekrutacyjne\/przepis-na-dobre-cv\/","og_site_name":"Capgemini Poland","article_modified_time":"2025-11-25T08:24:08+00:00","og_image":[{"url":"https:\/\/www.capgemini.com\/pl-pl\/wp-content\/uploads\/sites\/27\/2023\/01\/CV.png"}],"twitter_card":"summary_large_image","twitter_misc":{"Est. reading time":"4 minutes"},"schema":{"@context":"https:\/\/schema.org","@graph":[{"@type":"WebPage","@id":"https:\/\/www.capgemini.com\/pl-pl\/kariera\/twoja-kariera\/porady-rekrutacyjne\/przepis-na-dobre-cv\/","url":"https:\/\/www.capgemini.com\/pl-pl\/kariera\/twoja-kariera\/porady-rekrutacyjne\/przepis-na-dobre-cv\/","name":"Jak stworzy\u0107 dobre CV? - Capgemini Poland","isPartOf":{"@id":"https:\/\/www.capgemini.com\/pl-pl\/#website"},"primaryImageOfPage":{"@id":"https:\/\/www.capgemini.com\/pl-pl\/kariera\/twoja-kariera\/porady-rekrutacyjne\/przepis-na-dobre-cv\/#primaryimage"},"image":{"@id":"https:\/\/www.capgemini.com\/pl-pl\/kariera\/twoja-kariera\/porady-rekrutacyjne\/przepis-na-dobre-cv\/#primaryimage"},"thumbnailUrl":"https:\/\/www.capgemini.com\/pl-pl\/wp-content\/uploads\/sites\/27\/2023\/01\/CV.png","datePublished":"2022-12-06T05:18:36+00:00","dateModified":"2025-11-25T08:24:08+00:00","description":"Dobre CV pozwoli pokaza\u0107 Ci\u0119 od najlepszej strony, jako osob\u0119 profesjonaln\u0105 i eksperta\/ekspertk\u0119 w swojej dziedzinie.","breadcrumb":{"@id":"https:\/\/www.capgemini.com\/pl-pl\/kariera\/twoja-kariera\/porady-rekrutacyjne\/przepis-na-dobre-cv\/#breadcrumb"},"inLanguage":"pl-PL","potentialAction":[{"@type":"ReadAction","target":["https:\/\/www.capgemini.com\/pl-pl\/kariera\/twoja-kariera\/porady-rekrutacyjne\/przepis-na-dobre-cv\/"]}]},{"@type":"ImageObject","inLanguage":"pl-PL","@id":"https:\/\/www.capgemini.com\/pl-pl\/kariera\/twoja-kariera\/porady-rekrutacyjne\/przepis-na-dobre-cv\/#primaryimage","url":"https:\/\/www.capgemini.com\/pl-pl\/wp-content\/uploads\/sites\/27\/2023\/01\/CV.png","contentUrl":"https:\/\/www.capgemini.com\/pl-pl\/wp-content\/uploads\/sites\/27\/2023\/01\/CV.png"},{"@type":"BreadcrumbList","@id":"https:\/\/www.capgemini.com\/pl-pl\/kariera\/twoja-kariera\/porady-rekrutacyjne\/przepis-na-dobre-cv\/#breadcrumb","itemListElement":[{"@type":"ListItem","position":1,"name":"Home","item":"https:\/\/www.capgemini.com\/pl-pl\/"},{"@type":"ListItem","position":2,"name":"Kariera","item":"https:\/\/www.capgemini.com\/pl-pl\/kariera\/"},{"@type":"ListItem","position":3,"name":"Twoja kariera","item":"https:\/\/www.capgemini.com\/pl-pl\/kariera\/twoja-kariera\/"},{"@type":"ListItem","position":4,"name":"Porady rekrutacyjne","item":"https:\/\/www.capgemini.com\/pl-pl\/kariera\/twoja-kariera\/porady-rekrutacyjne\/"},{"@type":"ListItem","position":5,"name":"Jak stworzy\u0107 dobre CV?"}]},{"@type":"WebSite","@id":"https:\/\/www.capgemini.com\/pl-pl\/#website","url":"https:\/\/www.capgemini.com\/pl-pl\/","name":"Capgemini Polska","description":"Capgemini","potentialAction":[{"@type":"SearchAction","target":{"@type":"EntryPoint","urlTemplate":"https:\/\/www.capgemini.com\/pl-pl\/?s={search_term_string}"},"query-input":"required name=search_term_string"}],"inLanguage":"pl-PL"}]}},"brand_term":[],"parsely":{"version":"1.1.0","canonical_url":"https:\/\/capgemini.com\/pl-pl\/kariera\/twoja-kariera\/porady-rekrutacyjne\/przepis-na-dobre-cv\/","smart_links":{"inbound":0,"outbound":0},"traffic_boost_suggestions_count":0,"meta":{"@context":"https:\/\/schema.org","@type":"WebPage","headline":"Jak stworzy\u0107 dobre CV?","url":"https:\/\/www.capgemini.com\/pl-pl\/kariera\/twoja-kariera\/porady-rekrutacyjne\/przepis-na-dobre-cv\/","mainEntityOfPage":{"@type":"WebPage","@id":"https:\/\/www.capgemini.com\/pl-pl\/kariera\/twoja-kariera\/porady-rekrutacyjne\/przepis-na-dobre-cv\/"},"thumbnailUrl":"","image":{"@type":"ImageObject","url":""},"articleSection":"Uncategorized","author":[],"creator":[],"publisher":{"@type":"Organization","name":"Capgemini Poland","logo":""},"keywords":[],"dateCreated":"2022-12-06T05:18:36Z","datePublished":"2022-12-06T05:18:36Z","dateModified":"2025-11-25T08:24:08Z"},"rendered":"<meta name=\"parsely-title\" content=\"Jak stworzy\u0107 dobre CV?\" \/>\n<meta name=\"parsely-link\" content=\"https:\/\/www.capgemini.com\/pl-pl\/kariera\/twoja-kariera\/porady-rekrutacyjne\/przepis-na-dobre-cv\/\" \/>\n<meta name=\"parsely-type\" content=\"index\" \/>\n<meta name=\"parsely-pub-date\" content=\"2022-12-06T05:18:36Z\" \/>\n<meta name=\"parsely-section\" content=\"Uncategorized\" \/>","tracker_url":"https:\/\/cdn.parsely.com\/keys\/capgemini.com\/p.js"},"archive_status":false,"featured_image_src":"https:\/\/www.capgemini.com\/pl-pl\/wp-content\/themes\/capgemini2025\/assets\/images\/mockup.png","featured_image_alt":false,"jetpack_sharing_enabled":true,"distributor_meta":false,"distributor_terms":false,"distributor_media":false,"distributor_original_site_name":"Capgemini Poland","distributor_original_site_url":"https:\/\/www.capgemini.com\/pl-pl","push-errors":false,"_links":{"self":[{"href":"https:\/\/www.capgemini.com\/pl-pl\/wp-json\/wp\/v2\/pages\/22156","targetHints":{"allow":["GET"]}}],"collection":[{"href":"https:\/\/www.capgemini.com\/pl-pl\/wp-json\/wp\/v2\/pages"}],"about":[{"href":"https:\/\/www.capgemini.com\/pl-pl\/wp-json\/wp\/v2\/types\/page"}],"author":[{"embeddable":true,"href":"https:\/\/www.capgemini.com\/pl-pl\/wp-json\/wp\/v2\/users\/413"}],"replies":[{"embeddable":true,"href":"https:\/\/www.capgemini.com\/pl-pl\/wp-json\/wp\/v2\/comments?post=22156"}],"version-history":[{"count":13,"href":"https:\/\/www.capgemini.com\/pl-pl\/wp-json\/wp\/v2\/pages\/22156\/revisions"}],"predecessor-version":[{"id":913503,"href":"https:\/\/www.capgemini.com\/pl-pl\/wp-json\/wp\/v2\/pages\/22156\/revisions\/913503"}],"up":[{"embeddable":true,"href":"https:\/\/www.capgemini.com\/pl-pl\/wp-json\/wp\/v2\/pages\/699320"}],"wp:attachment":[{"href":"https:\/\/www.capgemini.com\/pl-pl\/wp-json\/wp\/v2\/media?parent=22156"}],"wp:term":[{"taxonomy":"brand","embeddable":true,"href":"https:\/\/www.capgemini.com\/pl-pl\/wp-json\/wp\/v2\/brand?post=22156"},{"taxonomy":"partner_type","embeddable":true,"href":"https:\/\/www.capgemini.com\/pl-pl\/wp-json\/wp\/v2\/partner_type?post=22156"},{"taxonomy":"service","embeddable":true,"href":"https:\/\/www.capgemini.com\/pl-pl\/wp-json\/wp\/v2\/service?post=22156"},{"taxonomy":"industry","embeddable":true,"href":"https:\/\/www.capgemini.com\/pl-pl\/wp-json\/wp\/v2\/industry?post=22156"},{"taxonomy":"partners","embeddable":true,"href":"https:\/\/www.capgemini.com\/pl-pl\/wp-json\/wp\/v2\/partners?post=22156"},{"taxonomy":"page-type","embeddable":true,"href":"https:\/\/www.capgemini.com\/pl-pl\/wp-json\/wp\/v2\/page-type?post=22156"},{"taxonomy":"content-group","embeddable":true,"href":"https:\/\/www.capgemini.com\/pl-pl\/wp-json\/wp\/v2\/content-group?post=22156"}],"curies":[{"name":"wp","href":"https:\/\/api.w.org\/{rel}","templated":true}]}}