{"id":22152,"date":"2022-12-06T05:14:05","date_gmt":"2022-12-06T05:14:05","guid":{"rendered":"https:\/\/www.capgemini.com\/pl-pl\/?page_id=22152"},"modified":"2025-03-12T06:18:05","modified_gmt":"2025-03-12T06:18:05","slug":"pracujace-mamy","status":"publish","type":"page","link":"https:\/\/www.capgemini.com\/pl-pl\/kariera\/pracujace-mamy\/","title":{"rendered":"Pracuj\u0105ce mamy"},"content":{"rendered":"\n<div class=\"wp-block-cg-blocks-hero-picture-card undefined  heroPictureCard\"><div class=\"heroPictureCardBgs\"><picture><source srcset=\"https:\/\/www.capgemini.com\/pl-pl\/wp-content\/uploads\/sites\/27\/2023\/02\/5_Obszar-roboczy-1.jpg?w=2880&amp;quality=70 1x, https:\/\/www.capgemini.com\/pl-pl\/wp-content\/uploads\/sites\/27\/2023\/02\/5_Obszar-roboczy-1.jpg?w=2880&amp;quality=70 2x\" media=\"(min-width: 1500px)\"\/><source srcset=\"https:\/\/www.capgemini.com\/pl-pl\/wp-content\/uploads\/sites\/27\/2023\/02\/5_Obszar-roboczy-1.jpg?w=1440&amp;quality=70 1x, https:\/\/www.capgemini.com\/pl-pl\/wp-content\/uploads\/sites\/27\/2023\/02\/5_Obszar-roboczy-1.jpg?w=2880&amp;quality=70 2x\" media=\"(min-width: 992px)\"\/><source srcset=\"https:\/\/www.capgemini.com\/pl-pl\/wp-content\/uploads\/sites\/27\/2023\/02\/5_Obszar-roboczy-1.jpg?w=1024&amp;quality=70 1x, https:\/\/www.capgemini.com\/pl-pl\/wp-content\/uploads\/sites\/27\/2023\/02\/5_Obszar-roboczy-1.jpg?w=1024&amp;quality=70 2x\" media=\"(min-width: 768px)\"\/><source srcset=\"https:\/\/www.capgemini.com\/pl-pl\/wp-content\/uploads\/sites\/27\/2023\/02\/5_Obszar-roboczy-1.jpg?w=768&amp;quality=70 1x, https:\/\/www.capgemini.com\/pl-pl\/wp-content\/uploads\/sites\/27\/2023\/02\/5_Obszar-roboczy-1.jpg?w=768&amp;quality=70 2x\" media=\"(min-width: 0)\"\/><img decoding=\"async\" src=\"https:\/\/www.capgemini.com\/pl-pl\/wp-content\/uploads\/sites\/27\/2023\/02\/5_Obszar-roboczy-1.jpg\" class=\"desktopImage\" alt=\"\" style=\"object-fit:cover;object-position:49% 20%\" loading=\"eager\"\/><\/picture><picture><source srcset=\"https:\/\/www.capgemini.com\/pl-pl\/wp-content\/uploads\/sites\/27\/2023\/02\/5_Obszar-roboczy-1.jpg?w=2880&amp;quality=70 1x, https:\/\/www.capgemini.com\/pl-pl\/wp-content\/uploads\/sites\/27\/2023\/02\/5_Obszar-roboczy-1.jpg?w=2880&amp;quality=70 2x\" media=\"(min-width: 1500px)\"\/><source srcset=\"https:\/\/www.capgemini.com\/pl-pl\/wp-content\/uploads\/sites\/27\/2023\/02\/5_Obszar-roboczy-1.jpg?w=1440&amp;quality=70 1x, https:\/\/www.capgemini.com\/pl-pl\/wp-content\/uploads\/sites\/27\/2023\/02\/5_Obszar-roboczy-1.jpg?w=2880&amp;quality=70 2x\" media=\"(min-width: 992px)\"\/><source srcset=\"https:\/\/www.capgemini.com\/pl-pl\/wp-content\/uploads\/sites\/27\/2023\/02\/5_Obszar-roboczy-1.jpg?w=1024&amp;quality=70 1x, https:\/\/www.capgemini.com\/pl-pl\/wp-content\/uploads\/sites\/27\/2023\/02\/5_Obszar-roboczy-1.jpg?w=1024&amp;quality=70 2x\" media=\"(min-width: 768px)\"\/><source srcset=\"https:\/\/www.capgemini.com\/pl-pl\/wp-content\/uploads\/sites\/27\/2023\/02\/5_Obszar-roboczy-1.jpg?w=768&amp;quality=70 1x, https:\/\/www.capgemini.com\/pl-pl\/wp-content\/uploads\/sites\/27\/2023\/02\/5_Obszar-roboczy-1.jpg?w=768&amp;quality=70 2x\" media=\"(min-width: 0)\"\/><img decoding=\"async\" src=\"https:\/\/www.capgemini.com\/pl-pl\/wp-content\/uploads\/sites\/27\/2023\/02\/5_Obszar-roboczy-1.jpg\" class=\"mobileImage\" alt=\"\" style=\"object-fit:cover;object-position:49% 20%\" loading=\"eager\"\/><\/picture><\/div><div class=\"heroPictureCardHeaderShape\"><\/div><div class=\"container\"><div class=\"row\"><div class=\"col-md-8 col-lg-6\"><div class=\"heroPictureCardBox\"><div class=\"heroPictureCardBoxTitle\"><h1 data-maxlength=\"144\">Pracuj\u0105ce mamy<\/h1><\/div><\/div><\/div><\/div><\/div><div class=\"small-device\"><div class=\"brandLogoWrapper\"> <\/div><\/div><\/div>\n\n\n\n<section class=\"wp-block-cg-blocks-group undefined section section--article-content\"><div class=\"article-main-content\"><div class=\"container\"><div class=\"row\"><div class=\"col-12 col-md-1\"><nav class=\"article-social\"><ul class=\"social-nav\"><li class=\"ip-order-fb\"><a href=\"https:\/\/www.facebook.com\/sharer\/sharer.php?u=https:\/\/www.capgemini.com\/pl-pl\/?page_id=22152\" target=\"_blank\" rel=\"noopener noreferrer\" title=\"otwiera si\u0119 w nowym oknie\"><i aria-hidden=\"true\" class=\"icon-fb\"><\/i><span class=\"sr-only\">Facebook<\/span><\/a><\/li><li class=\"ip-order-tw\"><a href=\"https:\/\/twitter.com\/intent\/tweet?url=https:\/\/www.capgemini.com\/pl-pl\/?page_id=22152&amp;text=\" target=\"_blank\" rel=\"noopener noreferrer\" title=\"otwiera si\u0119 w nowym oknie\"><i aria-hidden=\"true\" class=\"icon-tw\"><\/i><span class=\"sr-only\">Twitter<\/span><\/a><\/li><li class=\"ip-order-li\"><a href=\"https:\/\/www.linkedin.com\/sharing\/share-offsite\/?url=https:\/\/www.capgemini.com\/pl-pl\/?page_id=22152&amp;text=\" target=\"_blank\" rel=\"noopener noreferrer\" title=\"otwiera si\u0119 w nowym oknie\"><i aria-hidden=\"true\" class=\"icon-li\"><\/i><span class=\"sr-only\">Linkedin<\/span><\/a><\/li><\/ul><\/nav><\/div><div class=\"col-12 col-md-11 col-lg-10\"><div class=\"article-text article-quote-text\">\n<figure class=\"wp-block-image alignleft size-large is-resized\"><img loading=\"lazy\" decoding=\"async\" height=\"683\" width=\"1024\" src=\"https:\/\/www.capgemini.com\/pl-pl\/wp-content\/uploads\/sites\/27\/2022\/12\/IMG_1315.jpg?w=960\" alt=\"\" class=\"wp-image-22154\" style=\"width:332px;height:221px\" srcset=\"https:\/\/www.capgemini.com\/pl-pl\/wp-content\/uploads\/sites\/27\/2022\/12\/IMG_1315.jpg 5616w, https:\/\/www.capgemini.com\/pl-pl\/wp-content\/uploads\/sites\/27\/2022\/12\/IMG_1315.jpg?resize=300,200 300w, https:\/\/www.capgemini.com\/pl-pl\/wp-content\/uploads\/sites\/27\/2022\/12\/IMG_1315.jpg?resize=768,512 768w, https:\/\/www.capgemini.com\/pl-pl\/wp-content\/uploads\/sites\/27\/2022\/12\/IMG_1315.jpg?resize=1024,683 1024w, https:\/\/www.capgemini.com\/pl-pl\/wp-content\/uploads\/sites\/27\/2022\/12\/IMG_1315.jpg?resize=1536,1024 1536w, https:\/\/www.capgemini.com\/pl-pl\/wp-content\/uploads\/sites\/27\/2022\/12\/IMG_1315.jpg?resize=2048,1365 2048w\" sizes=\"auto, (max-width: 1024px) 100vw, 1024px\" \/><\/figure>\n\n\n\n<h4 class=\"wp-block-heading\" id=\"h-wywiad-z-marta-remin-capability-manager-w-capgemini-polska-oraz-agnieszka-zak-learning-business-partner-w-capgemini-polska\"><strong>Wywiad z Mart\u0105 Remin (Capability Manager w Capgemini Polska) oraz Agnieszk\u0105 \u017bak (Learning Business Partner w Capgemini Polska)<\/strong><\/h4>\n\n\n\n<p><strong>Jak to si\u0119 sta\u0142o, \u017ce trafi\u0142a\u015b do bran\u017cy nowoczesnych us\u0142ug dla biznesu? Jak si\u0119 w niej odnalaz\u0142a\u015b?<\/strong><\/p>\n\n\n\n<p><strong>Marta Remin<\/strong>: To by\u0142 czysty przypadek. Chcia\u0142am si\u0119 przebran\u017cowi\u0107, posiada\u0142am ju\u017c 4 letni sta\u017c nauczyciela i lektora j\u0119zyka angielskiego ale stwierdzi\u0142am, \u017ce to nie jest jednak kierunek, w kt\u00f3rym chcia\u0142abym dalej si\u0119 rozwija\u0107. Po zako\u0144czeniu roku szkolnego zacz\u0119\u0142am przegl\u0105da\u0107 og\u0142oszenia o prac\u0119 i zaaplikowa\u0142am do Capgemini. My\u015bl\u0119, \u017ce by\u0142a to (jak dot\u0105d) jedna z lepszych decyzji w moim \u017cyciu. Pocz\u0105tkowo zderzenie z du\u017c\u0105 organizacj\u0105 przynios\u0142o pewien<\/p>\n\n\n\n<p><strong>Agnieszka \u017bak<\/strong>: Do firmy trafi\u0142am za namow\u0105 kole\u017canki, kt\u00f3ra z ogromnym entuzjazmem, m\u00f3wi\u0142a o Capgemini: ,,Tu s\u0105 \u015bwietni, niezwykle pomocni ludzie, kt\u00f3rzy tworz\u0105 cudown\u0105 atmosfer\u0119, b\u0119dziesz dobrze si\u0119 czu\u0142a w naszym zespole. Dodatkowo b\u0119dziesz mog\u0142a codziennie m\u00f3wi\u0107 po holendersku. Z\u0142\u00f3\u017c CV \u2013 nie po\u017ca\u0142ujesz\u2019\u2019. &nbsp;I tak te\u017c si\u0119 sta\u0142o. CV przes\u0142a\u0142am do dzia\u0142u rekrutacji, 2 dni p\u00f3\u017aniej odby\u0142am wst\u0119pn\u0105 rozmow\u0119 w j\u0119zyku angielskim i holenderskim. Nast\u0119pnie zosta\u0142am zaproszona do firmy na rozmow\u0119 rekrutacyjn\u0105. Pami\u0119tam, \u017ce pierwsze chwile w Capgemini zrobi\u0142y na mnie niezwykle pozytywne wra\u017cenie.<br>Po pierwszym, bardzo dobrym wra\u017ceniu przysz\u0142y i ci\u0119\u017csze chwile, momenty za\u0142amania \u2013 przecie\u017c IT to nie moja specjalizacja \u2013 pomy\u015bla\u0142am. &nbsp;G\u0142\u00f3wnie dzi\u0119ki pomocy innych os\u00f3b oraz swojej ci\u0119\u017ckiej pracy przezwyci\u0119\u017cy\u0142am trudne chwile i jestem z Capgemini ju\u017c 16 lat.<\/p>\n\n\n\n<p><strong>Jakie dostrzegasz plusy swojej pracy z perspektywy pracownika i rodzica?<\/strong><\/p>\n\n\n\n<p><strong>Marta Remin<\/strong>: Zdecydowanie zadaniowy czas pracy i mo\u017cliwo\u015b\u0107 pracy z domu to chyba dwa najmocniejsze argumenty. Jako lider w zespole ekspert\u00f3w technicznychstaram si\u0119 zarz\u0105dza\u0107 czasem, jak najlepiej tylko potrafi\u0119, to dodatkowo u\u0142atwia mi po\u0142\u0105czy\u0107 obowi\u0105zki zawodowe z \u017cyciem prywatnym, w tym bycie pe\u0142noetatow\u0105 mam\u0105.<\/p>\n\n\n\n<p><strong>Agnieszka <strong>\u017bak<\/strong><\/strong>: Jako mama dw\u00f3jki dzieci bardzo ceni\u0119 sobie prac\u0119 w Capgemini. W swojej zawodowej karierze dwukrotnie podj\u0119\u0142am decyzj\u0119 o wyj\u015bciu z firmy na urlopy: macierzy\u0144ski oraz wychowawczy. W obydwu przypadkach podj\u0119cie, jak\u017ce trudnych decyzji, u\u0142atwi\u0142a mi \u015bwiadomo\u015b\u0107, \u017ce b\u0119d\u0119 mog\u0142a bez problemu wr\u00f3ci\u0107, \u017ce po powrocie otrzymam wsparcie i czas na ponowne zaaklimatyzowanie si\u0119 w biznesie. Moim zdaniem jest to niezwykle istotna kwestia, zw\u0142aszcza dla m\u0142odej mamy, kt\u00f3ra jak wszyscy dobrze wiemy, na swojej g\u0142owie ma nie tylko prac\u0119, ale r\u00f3wnie\u017c i obowi\u0105zki domowe. Dodatkowo bardzo ceni\u0119 sobie dost\u0119p do prywatnej opieki medycznej, z kt\u00f3rej mo\u017cemy korzysta\u0107 w ramach dost\u0119pnych benefit\u00f3w. Mo\u017cliwo\u015b\u0107 skorzystania z prywatnych wizyt domowych, &nbsp;kiedy dziecko jest chore, naprawd\u0119 czyni nasze \u017cycie \u0142atwiejszym. Innym bardzo mi\u0142ym i cennym benefitem s\u0105 paczki od Miko\u0142aja dla dzieci oraz rodzic\u00f3w, czy bony \u015bwi\u0105teczne, kt\u00f3re te\u017c wspomagaj\u0105 nasze wydatki. Opr\u00f3cz przyk\u0142ad\u00f3w, kt\u00f3rymi ju\u017c si\u0119 podzieli\u0142am, mamy r\u00f3wnie\u017c portal Business Parent, kt\u00f3ry jest pigu\u0142k\u0105 informacyjn\u0105 dla rodzic\u00f3w.<\/p>\n\n\n\n<p><strong>Jak dbasz o work life balance w praktyce? Czy i jak pracodawca Ci w tym pomaga?<\/strong><\/p>\n\n\n\n<p><strong>Marta Remin<\/strong>: Nie ukrywam, i\u017c musia\u0142am wypracowa\u0107 sama pewne schematy, kt\u00f3rych si\u0119 mocno trzymam. Niemniej, jednak z momentem wygaszenia ekranu w laptopie staram si\u0119 zamyka\u0107 wi\u0119kszo\u015b\u0107 spraw zwi\u0105zanych z prac\u0105 i przenosz\u0119 si\u0119 w rzeczywisto\u015b\u0107 typu: dom, zakupy, rodzina. Opr\u00f3cz tego, w miar\u0119 mo\u017cliwo\u015bci sp\u0119dzam czas aktywnie \u2013 rower, si\u0142ownia, basen \u2013 karta Multisport oraz inne rozwi\u0105zania wspieraj\u0105ce wellbeing znacznie w tym pomagaj\u0105.<\/p>\n\n\n\n<p><strong>Agnieszka <strong>\u017bak<\/strong><\/strong>: Work-life balance, du\u017co si\u0119 o tym ostatnio m\u00f3wi i ja r\u00f3wnie\u017c uwa\u017cam, \u017ce jest to niezwykle istotna kwestia o kt\u00f3r\u0105, ka\u017cdy powinien dba\u0107.&nbsp;W obecnej mojej sytuacji work-life balance jest mo\u017cliwy dzi\u0119ki elastyczno\u015bci na moim stanowisku. Maj\u0105c ogromn\u0105 ilo\u015b\u0107 obowi\u0105zk\u00f3w, nie tylko zwi\u0105zanych z prac\u0105, ale r\u00f3wnie\u017c z \u017cyciem rodzinnym, mog\u0119 dostosowa\u0107 sw\u00f3j czas pracy, miejsce pracy w taki spos\u00f3b, abym mog\u0142a po\u0142\u0105czy\u0107 te dwa, jak\u017ce wa\u017cne, obszary w moim \u017cyciu. Dodatkowo niezwykle istotnym jest zaufanie, jakim obdarzaj\u0105 mnie moi prze\u0142o\u017ceni. Ponadto firma, w ramach punkt\u00f3w z Funduszu Socjalnego, umo\u017cliwia nabycie karnetu Multisport, dzi\u0119ki kt\u00f3remu mog\u0119 bezp\u0142atnie, regularnie korzysta\u0107 z basenu czy innych obiekt\u00f3w sportowych. Jest to niezwykle istotne, gdy\u017c jak dobrze wiemy, aby mie\u0107 energi\u0119 w pracy, czy podczas wykonywania obowi\u0105zk\u00f3w domowych, niezb\u0119dnym jest zaopiekowanie si\u0119 nasz\u0105 energi\u0105 fizyczn\u0105.<\/p>\n\n\n\n<p><strong>Jak by\u015b zach\u0119ci\u0142a inne mamy do pracy w Capgemini?<\/strong><\/p>\n\n\n\n<p><strong>Marta Remin<\/strong>: Zdecydowanie moj\u0105 recept\u0105 jest tutaj: wi\u0119cej odwagi i mniej obaw. Capgemini to nie jest \u017caden koszmarny korpo-\u015bwiat w kt\u00f3rym niezdrowa atmosfera pracy i ci\u0105g\u0142a rywalizacja dzia\u0142aj\u0105 destrukcyjnie. Wr\u0119cz przeciwnie, kultywujemy z\u0142ote zasady, kt\u00f3re s\u0105 przyjazne pracownikom, posiadamy wewn\u0119trzne polityki, kt\u00f3re przyk\u0142adowo u\u0142atwiaj\u0105 mamom powr\u00f3t do pracy, po d\u0142u\u017cszym okresie absencji, zwi\u0105zanej z urlopem macierzy\u0144skim\/wychowawczym. Sama nak\u0142aniam moje znajome do rekrutacji \u2013 jestem dla nich \u017cywym przyk\u0142adem tego, i\u017c warto spr\u00f3bowa\u0107.<\/p>\n\n\n\n<p><strong>Agnieszka <strong>\u017bak<\/strong><\/strong>: Gor\u0105co zach\u0119cam wszystkie mamy, kt\u00f3re wahaj\u0105 si\u0119 przed zrobieniem pierwszego kroku w kierunku firmy IT\/ Capgemini. Capgemini bardzo ceni sobie mamy aktywne zawodowo, s\u0142u\u017cy wsparciem na wielu p\u0142aszczyznach. Uwa\u017cam, \u017ce Capgemini daje ogromne mo\u017cliwo\u015bci rozwojowe, dba o swoich pracownik\u00f3w i takie podej\u015bcie pracodawcy dotyczy nie tylko mam, ale wszystkich pracownik\u00f3w. Ja, dzi\u0119ki pracy w Capgemini, mam jak\u017ce istotn\u0105 \u2013 stabilizacj\u0119 finansow\u0105, na przestrzeni mojej kariery wzmocni\u0142a si\u0119 moja pewno\u015b\u0107 siebie, dzi\u0119ki mo\u017cliwo\u015bciom rozwojowym, kt\u00f3re firma mi zaoferowa\u0142a i w kt\u00f3rych mog\u0142am si\u0119 wykaza\u0107. Do zobaczenia!<\/p>\n<\/div><\/div><\/div><\/div><\/div><\/section>\n","protected":false},"excerpt":{"rendered":"","protected":false},"author":413,"featured_media":0,"parent":515050,"menu_order":0,"comment_status":"closed","ping_status":"closed","template":"","meta":{"cg_dt_proposed_to":[],"cg_seo_hreflang_relations":"[]","cg_seo_canonical_relation":"","cg_seo_hreflang_x_default_relation":"{\"uuid\":\"6339e0b9-926a-47ce-a142-950c9dee93e0\",\"blogId\":\"\",\"domain\":\"\",\"sitePath\":\"\",\"postLink\":\"\",\"postId\":null,\"isSaved\":true,\"isCrossLink\":false,\"hasCrossLink\":false}","cg_dt_approved_content":true,"cg_dt_mandatory_content":false,"cg_dt_notes":"","cg_dg_source_changed":false,"cg_dt_link_disabled":false,"_yoast_wpseo_primary_brand":"","footnotes":"","featured_focal_points":"","partner_card_description":"","gsap_animation":0},"brand":[],"partner_type":[],"service":[],"industry":[],"partners":[],"page-type":[],"content-group":[],"class_list":["post-22152","page","type-page","status-publish","hentry"],"yoast_head":"<!-- This site is optimized with the Yoast SEO Premium plugin v22.8 (Yoast SEO v22.8) - https:\/\/yoast.com\/wordpress\/plugins\/seo\/ -->\n<title>Pracuj\u0105ce mamy - Capgemini Poland<\/title>\n<meta name=\"description\" content=\"Jak to si\u0119 sta\u0142o, \u017ce trafi\u0142a\u015b do bran\u017cy nowoczesnych us\u0142ug dla biznesu? Jak si\u0119 w niej odnalaz\u0142a\u015b?\" \/>\n<meta name=\"robots\" content=\"index, follow, max-snippet:-1, max-image-preview:large, max-video-preview:-1\" \/>\n<link rel=\"canonical\" href=\"https:\/\/www.capgemini.com\/pl-pl\/kariera\/pracujace-mamy\/\" \/>\n<meta property=\"og:locale\" content=\"pl_PL\" \/>\n<meta property=\"og:type\" content=\"article\" \/>\n<meta property=\"og:title\" content=\"Pracuj\u0105ce mamy\" \/>\n<meta property=\"og:description\" content=\"Jak to si\u0119 sta\u0142o, \u017ce trafi\u0142a\u015b do bran\u017cy nowoczesnych us\u0142ug dla biznesu? Jak si\u0119 w niej odnalaz\u0142a\u015b?\" \/>\n<meta property=\"og:url\" content=\"https:\/\/www.capgemini.com\/pl-pl\/kariera\/pracujace-mamy\/\" \/>\n<meta property=\"og:site_name\" content=\"Capgemini Poland\" \/>\n<meta property=\"article:modified_time\" content=\"2025-03-12T06:18:05+00:00\" \/>\n<meta property=\"og:image\" content=\"https:\/\/www.capgemini.com\/pl-pl\/wp-content\/uploads\/sites\/27\/2023\/02\/5_Obszar-roboczy-1.jpg\" \/>\n<meta name=\"twitter:card\" content=\"summary_large_image\" \/>\n<meta name=\"twitter:label1\" content=\"Est. reading time\" \/>\n\t<meta name=\"twitter:data1\" content=\"6 minutes\" \/>\n<script type=\"application\/ld+json\" class=\"yoast-schema-graph\">{\"@context\":\"https:\/\/schema.org\",\"@graph\":[{\"@type\":\"WebPage\",\"@id\":\"https:\/\/www.capgemini.com\/pl-pl\/kariera\/pracujace-mamy\/\",\"url\":\"https:\/\/www.capgemini.com\/pl-pl\/kariera\/pracujace-mamy\/\",\"name\":\"Pracuj\u0105ce mamy - Capgemini Poland\",\"isPartOf\":{\"@id\":\"https:\/\/www.capgemini.com\/pl-pl\/#website\"},\"primaryImageOfPage\":{\"@id\":\"https:\/\/www.capgemini.com\/pl-pl\/kariera\/pracujace-mamy\/#primaryimage\"},\"image\":{\"@id\":\"https:\/\/www.capgemini.com\/pl-pl\/kariera\/pracujace-mamy\/#primaryimage\"},\"thumbnailUrl\":\"https:\/\/www.capgemini.com\/pl-pl\/wp-content\/uploads\/sites\/27\/2023\/02\/5_Obszar-roboczy-1.jpg\",\"datePublished\":\"2022-12-06T05:14:05+00:00\",\"dateModified\":\"2025-03-12T06:18:05+00:00\",\"description\":\"Jak to si\u0119 sta\u0142o, \u017ce trafi\u0142a\u015b do bran\u017cy nowoczesnych us\u0142ug dla biznesu? Jak si\u0119 w niej odnalaz\u0142a\u015b?\",\"breadcrumb\":{\"@id\":\"https:\/\/www.capgemini.com\/pl-pl\/kariera\/pracujace-mamy\/#breadcrumb\"},\"inLanguage\":\"pl-PL\",\"potentialAction\":[{\"@type\":\"ReadAction\",\"target\":[\"https:\/\/www.capgemini.com\/pl-pl\/kariera\/pracujace-mamy\/\"]}]},{\"@type\":\"ImageObject\",\"inLanguage\":\"pl-PL\",\"@id\":\"https:\/\/www.capgemini.com\/pl-pl\/kariera\/pracujace-mamy\/#primaryimage\",\"url\":\"https:\/\/www.capgemini.com\/pl-pl\/wp-content\/uploads\/sites\/27\/2023\/02\/5_Obszar-roboczy-1.jpg\",\"contentUrl\":\"https:\/\/www.capgemini.com\/pl-pl\/wp-content\/uploads\/sites\/27\/2023\/02\/5_Obszar-roboczy-1.jpg\"},{\"@type\":\"BreadcrumbList\",\"@id\":\"https:\/\/www.capgemini.com\/pl-pl\/kariera\/pracujace-mamy\/#breadcrumb\",\"itemListElement\":[{\"@type\":\"ListItem\",\"position\":1,\"name\":\"Home\",\"item\":\"https:\/\/www.capgemini.com\/pl-pl\/\"},{\"@type\":\"ListItem\",\"position\":2,\"name\":\"Kariera\",\"item\":\"https:\/\/www.capgemini.com\/pl-pl\/kariera\/\"},{\"@type\":\"ListItem\",\"position\":3,\"name\":\"Pracuj\u0105ce mamy\"}]},{\"@type\":\"WebSite\",\"@id\":\"https:\/\/www.capgemini.com\/pl-pl\/#website\",\"url\":\"https:\/\/www.capgemini.com\/pl-pl\/\",\"name\":\"Capgemini Polska\",\"description\":\"Capgemini\",\"potentialAction\":[{\"@type\":\"SearchAction\",\"target\":{\"@type\":\"EntryPoint\",\"urlTemplate\":\"https:\/\/www.capgemini.com\/pl-pl\/?s={search_term_string}\"},\"query-input\":\"required name=search_term_string\"}],\"inLanguage\":\"pl-PL\"}]}<\/script>\n<!-- \/ Yoast SEO Premium plugin. -->","yoast_head_json":{"title":"Pracuj\u0105ce mamy - Capgemini Poland","description":"Jak to si\u0119 sta\u0142o, \u017ce trafi\u0142a\u015b do bran\u017cy nowoczesnych us\u0142ug dla biznesu? Jak si\u0119 w niej odnalaz\u0142a\u015b?","robots":{"index":"index","follow":"follow","max-snippet":"max-snippet:-1","max-image-preview":"max-image-preview:large","max-video-preview":"max-video-preview:-1"},"canonical":"https:\/\/www.capgemini.com\/pl-pl\/kariera\/pracujace-mamy\/","og_locale":"pl_PL","og_type":"article","og_title":"Pracuj\u0105ce mamy","og_description":"Jak to si\u0119 sta\u0142o, \u017ce trafi\u0142a\u015b do bran\u017cy nowoczesnych us\u0142ug dla biznesu? Jak si\u0119 w niej odnalaz\u0142a\u015b?","og_url":"https:\/\/www.capgemini.com\/pl-pl\/kariera\/pracujace-mamy\/","og_site_name":"Capgemini Poland","article_modified_time":"2025-03-12T06:18:05+00:00","og_image":[{"url":"https:\/\/www.capgemini.com\/pl-pl\/wp-content\/uploads\/sites\/27\/2023\/02\/5_Obszar-roboczy-1.jpg"}],"twitter_card":"summary_large_image","twitter_misc":{"Est. reading time":"6 minutes"},"schema":{"@context":"https:\/\/schema.org","@graph":[{"@type":"WebPage","@id":"https:\/\/www.capgemini.com\/pl-pl\/kariera\/pracujace-mamy\/","url":"https:\/\/www.capgemini.com\/pl-pl\/kariera\/pracujace-mamy\/","name":"Pracuj\u0105ce mamy - Capgemini Poland","isPartOf":{"@id":"https:\/\/www.capgemini.com\/pl-pl\/#website"},"primaryImageOfPage":{"@id":"https:\/\/www.capgemini.com\/pl-pl\/kariera\/pracujace-mamy\/#primaryimage"},"image":{"@id":"https:\/\/www.capgemini.com\/pl-pl\/kariera\/pracujace-mamy\/#primaryimage"},"thumbnailUrl":"https:\/\/www.capgemini.com\/pl-pl\/wp-content\/uploads\/sites\/27\/2023\/02\/5_Obszar-roboczy-1.jpg","datePublished":"2022-12-06T05:14:05+00:00","dateModified":"2025-03-12T06:18:05+00:00","description":"Jak to si\u0119 sta\u0142o, \u017ce trafi\u0142a\u015b do bran\u017cy nowoczesnych us\u0142ug dla biznesu? Jak si\u0119 w niej odnalaz\u0142a\u015b?","breadcrumb":{"@id":"https:\/\/www.capgemini.com\/pl-pl\/kariera\/pracujace-mamy\/#breadcrumb"},"inLanguage":"pl-PL","potentialAction":[{"@type":"ReadAction","target":["https:\/\/www.capgemini.com\/pl-pl\/kariera\/pracujace-mamy\/"]}]},{"@type":"ImageObject","inLanguage":"pl-PL","@id":"https:\/\/www.capgemini.com\/pl-pl\/kariera\/pracujace-mamy\/#primaryimage","url":"https:\/\/www.capgemini.com\/pl-pl\/wp-content\/uploads\/sites\/27\/2023\/02\/5_Obszar-roboczy-1.jpg","contentUrl":"https:\/\/www.capgemini.com\/pl-pl\/wp-content\/uploads\/sites\/27\/2023\/02\/5_Obszar-roboczy-1.jpg"},{"@type":"BreadcrumbList","@id":"https:\/\/www.capgemini.com\/pl-pl\/kariera\/pracujace-mamy\/#breadcrumb","itemListElement":[{"@type":"ListItem","position":1,"name":"Home","item":"https:\/\/www.capgemini.com\/pl-pl\/"},{"@type":"ListItem","position":2,"name":"Kariera","item":"https:\/\/www.capgemini.com\/pl-pl\/kariera\/"},{"@type":"ListItem","position":3,"name":"Pracuj\u0105ce mamy"}]},{"@type":"WebSite","@id":"https:\/\/www.capgemini.com\/pl-pl\/#website","url":"https:\/\/www.capgemini.com\/pl-pl\/","name":"Capgemini Polska","description":"Capgemini","potentialAction":[{"@type":"SearchAction","target":{"@type":"EntryPoint","urlTemplate":"https:\/\/www.capgemini.com\/pl-pl\/?s={search_term_string}"},"query-input":"required name=search_term_string"}],"inLanguage":"pl-PL"}]}},"brand_term":[],"parsely":{"version":"1.1.0","canonical_url":"https:\/\/capgemini.com\/pl-pl\/kariera\/pracujace-mamy\/","smart_links":{"inbound":0,"outbound":0},"traffic_boost_suggestions_count":0,"meta":{"@context":"https:\/\/schema.org","@type":"WebPage","headline":"Pracuj\u0105ce mamy","url":"https:\/\/www.capgemini.com\/pl-pl\/kariera\/pracujace-mamy\/","mainEntityOfPage":{"@type":"WebPage","@id":"https:\/\/www.capgemini.com\/pl-pl\/kariera\/pracujace-mamy\/"},"thumbnailUrl":"","image":{"@type":"ImageObject","url":""},"articleSection":"Uncategorized","author":[],"creator":[],"publisher":{"@type":"Organization","name":"Capgemini Poland","logo":""},"keywords":[],"dateCreated":"2022-12-06T05:14:05Z","datePublished":"2022-12-06T05:14:05Z","dateModified":"2025-03-12T06:18:05Z"},"rendered":"<meta name=\"parsely-title\" content=\"Pracuj\u0105ce mamy\" \/>\n<meta name=\"parsely-link\" content=\"https:\/\/www.capgemini.com\/pl-pl\/kariera\/pracujace-mamy\/\" \/>\n<meta name=\"parsely-type\" content=\"index\" \/>\n<meta name=\"parsely-pub-date\" content=\"2022-12-06T05:14:05Z\" \/>\n<meta name=\"parsely-section\" content=\"Uncategorized\" \/>","tracker_url":"https:\/\/cdn.parsely.com\/keys\/capgemini.com\/p.js"},"archive_status":false,"featured_image_src":"https:\/\/www.capgemini.com\/pl-pl\/wp-content\/themes\/capgemini2025\/assets\/images\/mockup.png","featured_image_alt":false,"jetpack_sharing_enabled":true,"distributor_meta":false,"distributor_terms":false,"distributor_media":false,"distributor_original_site_name":"Capgemini Poland","distributor_original_site_url":"https:\/\/www.capgemini.com\/pl-pl","push-errors":false,"_links":{"self":[{"href":"https:\/\/www.capgemini.com\/pl-pl\/wp-json\/wp\/v2\/pages\/22152","targetHints":{"allow":["GET"]}}],"collection":[{"href":"https:\/\/www.capgemini.com\/pl-pl\/wp-json\/wp\/v2\/pages"}],"about":[{"href":"https:\/\/www.capgemini.com\/pl-pl\/wp-json\/wp\/v2\/types\/page"}],"author":[{"embeddable":true,"href":"https:\/\/www.capgemini.com\/pl-pl\/wp-json\/wp\/v2\/users\/413"}],"replies":[{"embeddable":true,"href":"https:\/\/www.capgemini.com\/pl-pl\/wp-json\/wp\/v2\/comments?post=22152"}],"version-history":[{"count":8,"href":"https:\/\/www.capgemini.com\/pl-pl\/wp-json\/wp\/v2\/pages\/22152\/revisions"}],"predecessor-version":[{"id":909227,"href":"https:\/\/www.capgemini.com\/pl-pl\/wp-json\/wp\/v2\/pages\/22152\/revisions\/909227"}],"up":[{"embeddable":true,"href":"https:\/\/www.capgemini.com\/pl-pl\/wp-json\/wp\/v2\/pages\/515050"}],"wp:attachment":[{"href":"https:\/\/www.capgemini.com\/pl-pl\/wp-json\/wp\/v2\/media?parent=22152"}],"wp:term":[{"taxonomy":"brand","embeddable":true,"href":"https:\/\/www.capgemini.com\/pl-pl\/wp-json\/wp\/v2\/brand?post=22152"},{"taxonomy":"partner_type","embeddable":true,"href":"https:\/\/www.capgemini.com\/pl-pl\/wp-json\/wp\/v2\/partner_type?post=22152"},{"taxonomy":"service","embeddable":true,"href":"https:\/\/www.capgemini.com\/pl-pl\/wp-json\/wp\/v2\/service?post=22152"},{"taxonomy":"industry","embeddable":true,"href":"https:\/\/www.capgemini.com\/pl-pl\/wp-json\/wp\/v2\/industry?post=22152"},{"taxonomy":"partners","embeddable":true,"href":"https:\/\/www.capgemini.com\/pl-pl\/wp-json\/wp\/v2\/partners?post=22152"},{"taxonomy":"page-type","embeddable":true,"href":"https:\/\/www.capgemini.com\/pl-pl\/wp-json\/wp\/v2\/page-type?post=22152"},{"taxonomy":"content-group","embeddable":true,"href":"https:\/\/www.capgemini.com\/pl-pl\/wp-json\/wp\/v2\/content-group?post=22152"}],"curies":[{"name":"wp","href":"https:\/\/api.w.org\/{rel}","templated":true}]}}