{"id":22140,"date":"2022-12-06T04:54:49","date_gmt":"2022-12-06T04:54:49","guid":{"rendered":"https:\/\/www.capgemini.com\/pl-pl\/?page_id=22140"},"modified":"2025-12-05T14:13:27","modified_gmt":"2025-12-05T14:13:27","slug":"szkolenia-i-rozwoj","status":"publish","type":"page","link":"https:\/\/www.capgemini.com\/pl-pl\/kariera\/dlaczego-capgemini\/szkolenia-i-rozwoj\/","title":{"rendered":"Szkolenia i rozw\u00f3j"},"content":{"rendered":"\n<div class=\"wp-block-cg-blocks-hero-picture-card undefined  heroPictureCard\"><div class=\"heroPictureCardBgs\"><picture><source srcset=\"https:\/\/www.capgemini.com\/wp-content\/uploads\/2021\/11\/Capgemini_Learning-Development-e1647862381458.jpg?w=2880&amp;quality=70 1x, https:\/\/www.capgemini.com\/wp-content\/uploads\/2021\/11\/Capgemini_Learning-Development-e1647862381458.jpg?w=2880&amp;quality=70 2x\" media=\"(min-width: 1500px)\"\/><source srcset=\"https:\/\/www.capgemini.com\/wp-content\/uploads\/2021\/11\/Capgemini_Learning-Development-e1647862381458.jpg?w=1440&amp;quality=70 1x, https:\/\/www.capgemini.com\/wp-content\/uploads\/2021\/11\/Capgemini_Learning-Development-e1647862381458.jpg?w=2880&amp;quality=70 2x\" media=\"(min-width: 992px)\"\/><source srcset=\"https:\/\/www.capgemini.com\/wp-content\/uploads\/2021\/11\/Capgemini_Learning-Development-e1647862381458.jpg?w=1024&amp;quality=70 1x, https:\/\/www.capgemini.com\/wp-content\/uploads\/2021\/11\/Capgemini_Learning-Development-e1647862381458.jpg?w=1024&amp;quality=70 2x\" media=\"(min-width: 768px)\"\/><source srcset=\"https:\/\/www.capgemini.com\/wp-content\/uploads\/2021\/11\/Capgemini_Learning-Development-e1647862381458.jpg?w=768&amp;quality=70 1x, https:\/\/www.capgemini.com\/wp-content\/uploads\/2021\/11\/Capgemini_Learning-Development-e1647862381458.jpg?w=768&amp;quality=70 2x\" media=\"(min-width: 0)\"\/><img decoding=\"async\" src=\"https:\/\/www.capgemini.com\/wp-content\/uploads\/2021\/11\/Capgemini_Learning-Development-e1647862381458.jpg\" class=\"desktopImage\" alt=\"\" style=\"object-fit:cover;object-position:47% 14.000000000000002%\" loading=\"eager\"\/><\/picture><picture><source srcset=\"https:\/\/www.capgemini.com\/wp-content\/uploads\/2021\/11\/Capgemini_Learning-Development-e1647862381458.jpg?w=2880&amp;quality=70 1x, https:\/\/www.capgemini.com\/wp-content\/uploads\/2021\/11\/Capgemini_Learning-Development-e1647862381458.jpg?w=2880&amp;quality=70 2x\" media=\"(min-width: 1500px)\"\/><source srcset=\"https:\/\/www.capgemini.com\/wp-content\/uploads\/2021\/11\/Capgemini_Learning-Development-e1647862381458.jpg?w=1440&amp;quality=70 1x, https:\/\/www.capgemini.com\/wp-content\/uploads\/2021\/11\/Capgemini_Learning-Development-e1647862381458.jpg?w=2880&amp;quality=70 2x\" media=\"(min-width: 992px)\"\/><source srcset=\"https:\/\/www.capgemini.com\/wp-content\/uploads\/2021\/11\/Capgemini_Learning-Development-e1647862381458.jpg?w=1024&amp;quality=70 1x, https:\/\/www.capgemini.com\/wp-content\/uploads\/2021\/11\/Capgemini_Learning-Development-e1647862381458.jpg?w=1024&amp;quality=70 2x\" media=\"(min-width: 768px)\"\/><source srcset=\"https:\/\/www.capgemini.com\/wp-content\/uploads\/2021\/11\/Capgemini_Learning-Development-e1647862381458.jpg?w=768&amp;quality=70 1x, https:\/\/www.capgemini.com\/wp-content\/uploads\/2021\/11\/Capgemini_Learning-Development-e1647862381458.jpg?w=768&amp;quality=70 2x\" media=\"(min-width: 0)\"\/><img decoding=\"async\" src=\"https:\/\/www.capgemini.com\/wp-content\/uploads\/2021\/11\/Capgemini_Learning-Development-e1647862381458.jpg\" class=\"mobileImage\" alt=\"\" style=\"object-fit:cover;object-position:47% 14.000000000000002%\" loading=\"eager\"\/><\/picture><\/div><div class=\"heroPictureCardHeaderShape\"><\/div><div class=\"container\"><div class=\"row\"><div class=\"col-md-8 col-lg-6\"><div class=\"heroPictureCardBox\"><div class=\"heroPictureCardBoxTitle\"><h1 data-maxlength=\"144\">Szkolenia i rozw\u00f3j<\/h1><\/div><\/div><\/div><\/div><\/div><div class=\"small-device\"><div class=\"brandLogoWrapper\"> <\/div><\/div><\/div>\n\n\n\n<section class=\"wp-block-cg-blocks-group undefined section section--article-content\"><div class=\"article-main-content\"><div class=\"container\"><div class=\"row\"><div class=\"col-12 col-md-1\"><nav class=\"article-social\"><ul class=\"social-nav\"><li class=\"ip-order-fb\"><a href=\"https:\/\/www.facebook.com\/sharer\/sharer.php?u=https:\/\/www.capgemini.com\/pl-pl\/?page_id=22140\" target=\"_blank\" rel=\"noopener noreferrer\" title=\"opens in a new window\"><i aria-hidden=\"true\" class=\"icon-fb\"><\/i><span class=\"sr-only\">Facebook<\/span><\/a><\/li><li class=\"ip-order-tw\"><a href=\"https:\/\/twitter.com\/intent\/tweet?url=https:\/\/www.capgemini.com\/pl-pl\/?page_id=22140&amp;text=\" target=\"_blank\" rel=\"noopener noreferrer\" title=\"opens in a new window\"><i aria-hidden=\"true\" class=\"icon-tw\"><\/i><span class=\"sr-only\">Twitter<\/span><\/a><\/li><li class=\"ip-order-li\"><a href=\"https:\/\/www.linkedin.com\/sharing\/share-offsite\/?url=https:\/\/www.capgemini.com\/pl-pl\/?page_id=22140&amp;text=\" target=\"_blank\" rel=\"noopener noreferrer\" title=\"opens in a new window\"><i aria-hidden=\"true\" class=\"icon-li\"><\/i><span class=\"sr-only\">Linkedin<\/span><\/a><\/li><\/ul><\/nav><\/div><div class=\"col-12 col-md-11 col-lg-10\"><div class=\"article-text article-quote-text\">\n<h2 class=\"wp-block-heading\" id=\"h-w-capgemini-wierzymy-w-wazna-role-jaka-nauka-i-rozwoj-odgrywaja-w-osiaganiu-celow\">W Capgemini wierzymy w wa\u017cn\u0105 rol\u0119, jak\u0105 nauka i rozw\u00f3j odgrywaj\u0105 w osi\u0105ganiu cel\u00f3w.<\/h2>\n\n\n\n<h4 class=\"wp-block-heading\" id=\"h-w-capgemini-kladziemy-duzy-nacisk-na-rozwoj-zawodowy-pracujacych-u-nas-osob-oferujac-program-ciaglego-uczenia-sie-ktory-wspiera-rozwoj-kariery-na-kazdym-etapie-dzieki-szkoleniom-wewnetrznym-i-dostepowi-do-najnowszych-narzedzi-oraz-technologii-mamy-mozliwosc-nieustannego-poszerzania-swoich-kompetencji-oprocz-umiejetnosci-technicznych-stawiamy-takze-na-szkolenia-w-zakresie-umiejetnosci-miekkich-ktore-sa-kluczowe-w-codziennej-pracy-tworzymy-edukacyjne-doswiadczenia-dopasowane-do-indywidualnych-potrzeb-co-pozwala-nam-laczyc-nauke-z-praca-i-kultura-organizacyjna-dzieki-temu-rozwijajac-rozwiazania-przyszlosci-dla-naszych-klientow-i-otaczajacego-nas-swiata-rozwijamy-rowniez-wlasna-kariere-zawodowa\" style=\"font-size:17px\">W Capgemini k\u0142adziemy du\u017cy nacisk na rozw\u00f3j zawodowy pracuj\u0105cych u nas os\u00f3b, oferuj\u0105c program ci\u0105g\u0142ego uczenia si\u0119, kt\u00f3ry wspiera rozw\u00f3j kariery na ka\u017cdym etapie. Dzi\u0119ki szkoleniom wewn\u0119trznym i dost\u0119powi do najnowszych narz\u0119dzi oraz technologii, mamy mo\u017cliwo\u015b\u0107 nieustannego poszerzania swoich kompetencji. Opr\u00f3cz umiej\u0119tno\u015bci technicznych, stawiamy tak\u017ce na szkolenia w zakresie umiej\u0119tno\u015bci mi\u0119kkich, kt\u00f3re s\u0105 kluczowe w codziennej pracy. Tworzymy edukacyjne do\u015bwiadczenia dopasowane do indywidualnych potrzeb, co pozwala nam \u0142\u0105czy\u0107 nauk\u0119 z prac\u0105 i kultur\u0105 organizacyjn\u0105. Dzi\u0119ki temu, rozwijaj\u0105c rozwi\u0105zania przysz\u0142o\u015bci dla naszych klient\u00f3w i otaczaj\u0105cego nas \u015bwiata, rozwijamy r\u00f3wnie\u017c w\u0142asn\u0105 karier\u0119 zawodow\u0105.<\/h4>\n\n\n\n<p><\/p>\n\n\n\n<section class=\"wp-block-cg-blocks-how-we-do-it section section--howwedoit block-howwedoit\"><div class=\"container\"><div class=\"section-content\">\n<div class=\"wp-block-cg-blocks-card-howwedoit expanders\"><div class=\"box card-regulated-agreements card-howwedoit\"><div class=\"expander-box filter-box tag-active \"><div class=\"expander-title\" tabindex=\"0\" role=\"button\" aria-pressed=\"false\" aria-expanded=\"false\"><h3 class=\"expander-heading-title\">On-Boarding<\/h3><\/div><div class=\"expander-content\"><p>Szkolenia onboardingowe obejmuj\u0105 pierwsze dni pracy nowo zatrudnionych os\u00f3b w Capgemini. Maj\u0105 one na celu dostarczenie niezb\u0119dnej wiedzy do rozpocz\u0119cia pracy, u\u0142atwienie adaptacji w nowym \u015brodowisku oraz wspieranie rozwoju postawy odpowiedzialno\u015bci za w\u0142asny rozw\u00f3j w firmie. Nowi pracownicy i pracownice maj\u0105 tak\u017ce dost\u0119p do platformy pre-onboardingowej, kt\u00f3ra pomo\u017ce im w p\u0142ynniejszym rozpocz\u0119ciu pracy w firmie.<\/p><div class=\"bg-color video-align-right\"><div class=\"container\"><div class=\"row video-align-left\"><div class=\"col-md-12\"><div class=\"video-align-left row box box--4 box--mini\"><div class=\"col-md-3\"><\/div><div class=\"col-md-8 box-img-wrapper\"><div class=\"video-box\"><\/div><\/div><\/div><\/div><\/div><\/div><\/div><div class=\"content-more\"><\/div><\/div><\/div><\/div><\/div>\n\n\n\n<div class=\"wp-block-cg-blocks-card-howwedoit expanders\"><div class=\"box card-regulated-agreements card-howwedoit\"><div class=\"expander-box filter-box tag-active \"><div class=\"expander-title\" tabindex=\"0\" role=\"button\" aria-pressed=\"false\" aria-expanded=\"false\"><h3 class=\"expander-heading-title\"><strong>Dofinansowania<\/strong><\/h3><\/div><div class=\"expander-content\"><p>Doceniamy ch\u0119\u0107 rozwoju, nauki nowych rzeczy i zdobywania kolejnych kwalifikacji zawodowych. Firma daje sporo mo\u017cliwo\u015bci, by wspiera\u0107 Was w rozwoju kariery \u2013 mi\u0119dzy innymi dofinansowuj\u0105c udzia\u0142 w kursach, szkoleniach, konferencjach czy programach rozwojowych. S\u0105 te\u017c inne opcje finansowego wsparcia edukacji, kt\u00f3re ustalane s\u0105 indywidualnie w zale\u017cno\u015bci od dzia\u0142u w Capgemini.<\/p><div class=\"bg-color video-align-right\"><div class=\"container\"><div class=\"row video-align-left\"><div class=\"col-md-12\"><div class=\"video-align-left row box box--4 box--mini\"><div class=\"col-md-3\"><\/div><div class=\"col-md-8 box-img-wrapper\"><div class=\"video-box\"><\/div><\/div><\/div><\/div><\/div><\/div><\/div><div class=\"content-more\"><\/div><\/div><\/div><\/div><\/div>\n\n\n\n<div class=\"wp-block-cg-blocks-card-howwedoit expanders\"><div class=\"box card-regulated-agreements card-howwedoit\"><div class=\"expander-box filter-box tag-active \"><div class=\"expander-title\" tabindex=\"0\" role=\"button\" aria-pressed=\"false\" aria-expanded=\"false\"><h3 class=\"expander-heading-title\"><strong>Programy rozwojowe<\/strong><\/h3><\/div><div class=\"expander-content\"><p>Organizujemy akademie i programy rozwojowe, mapy szkoleniowe w obr\u0119bie danego tematu, dedykowane rozwojowi konkretnych umiej\u0119tno\u015bci i kompetencji, wymaganych na okre\u015blonych stanowiskach. Oferujemy te\u017c projekty szkoleniowe trailor-made, budowane i realizowane na \u017cyczenie danego zespo\u0142u, oraz dostosowane do jego specyficznych potrzeb.<\/p><div class=\"bg-color video-align-right\"><div class=\"container\"><div class=\"row video-align-left\"><div class=\"col-md-12\"><div class=\"video-align-left row box box--4 box--mini\"><div class=\"col-md-3\"><\/div><div class=\"col-md-8 box-img-wrapper\"><div class=\"video-box\"><\/div><\/div><\/div><\/div><\/div><\/div><\/div><div class=\"content-more\"><\/div><\/div><\/div><\/div><\/div>\n\n\n\n<div class=\"wp-block-cg-blocks-card-howwedoit expanders\"><div class=\"box card-regulated-agreements card-howwedoit\"><div class=\"expander-box filter-box tag-active \"><div class=\"expander-title\" tabindex=\"0\" role=\"button\" aria-pressed=\"false\" aria-expanded=\"false\"><h3 class=\"expander-heading-title\"><strong>Kursy j\u0119zykowe<\/strong><\/h3><\/div><div class=\"expander-content\"><p>Oferujemy dofinansowania do nauki w szko\u0142ach j\u0119zykowych, zgodnie z dost\u0119pno\u015bci\u0105 bud\u017cetu szkoleniowego danego zespo\u0142u. Do samodzielnej nauki j\u0119zyka angielskiego udost\u0119pniamy program Education First, kt\u00f3ry zapewnia nieograniczony wirtualny dost\u0119p do kurs\u00f3w z wykorzystaniem aplikacji mobilnej.<\/p><div class=\"bg-color video-align-right\"><div class=\"container\"><div class=\"row video-align-left\"><div class=\"col-md-12\"><div class=\"video-align-left row box box--4 box--mini\"><div class=\"col-md-3\"><\/div><div class=\"col-md-8 box-img-wrapper\"><div class=\"video-box\"><\/div><\/div><\/div><\/div><\/div><\/div><\/div><div class=\"content-more\"><\/div><\/div><\/div><\/div><\/div>\n\n\n\n<div class=\"wp-block-cg-blocks-card-howwedoit expanders\"><div class=\"box card-regulated-agreements card-howwedoit\"><div class=\"expander-box filter-box tag-active \"><div class=\"expander-title\" tabindex=\"0\" role=\"button\" aria-pressed=\"false\" aria-expanded=\"false\"><h3 class=\"expander-heading-title\"><strong>Platformy e-learningowe<\/strong><\/h3><\/div><div class=\"expander-content\"><p>Korzystamy z platformy NEXT, kt\u00f3ra \u0142\u0105czy tre\u015bci z wielu bibliotek i od wielu dostawc\u00f3w kurs\u00f3w e-learningowych, min. Coursera, Harvard Manage Mentor, Spark, Microsoft czy Pluralsight. Mo\u017cna na nich znale\u017a\u0107 kilka tysi\u0119cy kurs\u00f3w z r\u00f3\u017cnych obszar\u00f3w biznesowych i technologicznych, a tak\u017ce publikacje z ca\u0142ego \u015bwiata &#8211; z dost\u0119pem w ka\u017cdej chwili.<\/p><div class=\"bg-color video-align-right\"><div class=\"container\"><div class=\"row video-align-left\"><div class=\"col-md-12\"><div class=\"video-align-left row box box--4 box--mini\"><div class=\"col-md-3\"><\/div><div class=\"col-md-8 box-img-wrapper\"><div class=\"video-box\"><\/div><\/div><\/div><\/div><\/div><\/div><\/div><div class=\"content-more\"><\/div><\/div><\/div><\/div><\/div>\n<\/div><\/div><\/section>\n<\/div><\/div><\/div><\/div><\/div><\/section>\n","protected":false},"excerpt":{"rendered":"","protected":false},"author":413,"featured_media":699653,"parent":515042,"menu_order":2,"comment_status":"closed","ping_status":"closed","template":"","meta":{"cg_dt_proposed_to":[],"cg_seo_hreflang_relations":"[]","cg_seo_canonical_relation":"","cg_seo_hreflang_x_default_relation":"{\"uuid\":\"97d79f9b-0c78-4fcc-8d6d-909130045c3c\",\"blogId\":\"\",\"domain\":\"\",\"sitePath\":\"\",\"postLink\":\"\",\"postId\":null,\"isSaved\":true,\"isCrossLink\":false,\"hasCrossLink\":false}","cg_dt_approved_content":true,"cg_dt_mandatory_content":false,"cg_dt_notes":"","cg_dg_source_changed":false,"cg_dt_link_disabled":false,"_yoast_wpseo_primary_brand":"","footnotes":"","featured_focal_points":"","partner_card_description":"","gsap_animation":0},"brand":[],"partner_type":[],"service":[],"industry":[],"partners":[],"page-type":[],"content-group":[],"class_list":["post-22140","page","type-page","status-publish","has-post-thumbnail","hentry"],"yoast_head":"<!-- This site is optimized with the Yoast SEO Premium plugin v22.8 (Yoast SEO v22.8) - https:\/\/yoast.com\/wordpress\/plugins\/seo\/ -->\n<title>Szkolenia i rozw\u00f3j - Capgemini Poland<\/title>\n<meta name=\"description\" content=\"W Capgemini wierzymy w wa\u017cn\u0105 rol\u0119, jak\u0105 nauka i rozw\u00f3j odgrywaj\u0105 w osi\u0105ganiu cel\u00f3w.\" \/>\n<meta name=\"robots\" content=\"index, follow, max-snippet:-1, max-image-preview:large, max-video-preview:-1\" \/>\n<link rel=\"canonical\" href=\"https:\/\/www.capgemini.com\/pl-pl\/kariera\/dlaczego-capgemini\/szkolenia-i-rozwoj\/\" \/>\n<meta property=\"og:locale\" content=\"pl_PL\" \/>\n<meta property=\"og:type\" content=\"article\" \/>\n<meta property=\"og:title\" content=\"Szkolenia i rozw\u00f3j\" \/>\n<meta property=\"og:description\" content=\"W Capgemini wierzymy w wa\u017cn\u0105 rol\u0119, jak\u0105 nauka i rozw\u00f3j odgrywaj\u0105 w osi\u0105ganiu cel\u00f3w.\" \/>\n<meta property=\"og:url\" content=\"https:\/\/www.capgemini.com\/pl-pl\/kariera\/dlaczego-capgemini\/szkolenia-i-rozwoj\/\" \/>\n<meta property=\"og:site_name\" content=\"Capgemini Poland\" \/>\n<meta property=\"article:modified_time\" content=\"2025-12-05T14:13:27+00:00\" \/>\n<meta property=\"og:image\" content=\"https:\/\/www.capgemini.com\/pl-pl\/wp-content\/uploads\/sites\/27\/2025\/10\/New-Web-preview-global.jpg\" \/>\n\t<meta property=\"og:image:width\" content=\"1200\" \/>\n\t<meta property=\"og:image:height\" content=\"627\" \/>\n\t<meta property=\"og:image:type\" content=\"image\/jpeg\" \/>\n<meta name=\"twitter:card\" content=\"summary_large_image\" \/>\n<meta name=\"twitter:label1\" content=\"Est. reading time\" \/>\n\t<meta name=\"twitter:data1\" content=\"3 minutes\" \/>\n<script type=\"application\/ld+json\" class=\"yoast-schema-graph\">{\"@context\":\"https:\/\/schema.org\",\"@graph\":[{\"@type\":\"WebPage\",\"@id\":\"https:\/\/www.capgemini.com\/pl-pl\/kariera\/dlaczego-capgemini\/szkolenia-i-rozwoj\/\",\"url\":\"https:\/\/www.capgemini.com\/pl-pl\/kariera\/dlaczego-capgemini\/szkolenia-i-rozwoj\/\",\"name\":\"Szkolenia i rozw\u00f3j - Capgemini Poland\",\"isPartOf\":{\"@id\":\"https:\/\/www.capgemini.com\/pl-pl\/#website\"},\"primaryImageOfPage\":{\"@id\":\"https:\/\/www.capgemini.com\/pl-pl\/kariera\/dlaczego-capgemini\/szkolenia-i-rozwoj\/#primaryimage\"},\"image\":{\"@id\":\"https:\/\/www.capgemini.com\/pl-pl\/kariera\/dlaczego-capgemini\/szkolenia-i-rozwoj\/#primaryimage\"},\"thumbnailUrl\":\"https:\/\/www.capgemini.com\/pl-pl\/wp-content\/uploads\/sites\/27\/2023\/01\/Rozwoj.png\",\"datePublished\":\"2022-12-06T04:54:49+00:00\",\"dateModified\":\"2025-12-05T14:13:27+00:00\",\"description\":\"W Capgemini wierzymy w wa\u017cn\u0105 rol\u0119, jak\u0105 nauka i rozw\u00f3j odgrywaj\u0105 w osi\u0105ganiu cel\u00f3w.\",\"breadcrumb\":{\"@id\":\"https:\/\/www.capgemini.com\/pl-pl\/kariera\/dlaczego-capgemini\/szkolenia-i-rozwoj\/#breadcrumb\"},\"inLanguage\":\"pl-PL\",\"potentialAction\":[{\"@type\":\"ReadAction\",\"target\":[\"https:\/\/www.capgemini.com\/pl-pl\/kariera\/dlaczego-capgemini\/szkolenia-i-rozwoj\/\"]}]},{\"@type\":\"ImageObject\",\"inLanguage\":\"pl-PL\",\"@id\":\"https:\/\/www.capgemini.com\/pl-pl\/kariera\/dlaczego-capgemini\/szkolenia-i-rozwoj\/#primaryimage\",\"url\":\"https:\/\/www.capgemini.com\/pl-pl\/wp-content\/uploads\/sites\/27\/2023\/01\/Rozwoj.png\",\"contentUrl\":\"https:\/\/www.capgemini.com\/pl-pl\/wp-content\/uploads\/sites\/27\/2023\/01\/Rozwoj.png\",\"width\":4320,\"height\":2700},{\"@type\":\"BreadcrumbList\",\"@id\":\"https:\/\/www.capgemini.com\/pl-pl\/kariera\/dlaczego-capgemini\/szkolenia-i-rozwoj\/#breadcrumb\",\"itemListElement\":[{\"@type\":\"ListItem\",\"position\":1,\"name\":\"Home\",\"item\":\"https:\/\/www.capgemini.com\/pl-pl\/\"},{\"@type\":\"ListItem\",\"position\":2,\"name\":\"Kariera\",\"item\":\"https:\/\/www.capgemini.com\/pl-pl\/kariera\/\"},{\"@type\":\"ListItem\",\"position\":3,\"name\":\"Dlaczego Capgemini\",\"item\":\"https:\/\/www.capgemini.com\/pl-pl\/kariera\/dlaczego-capgemini\/\"},{\"@type\":\"ListItem\",\"position\":4,\"name\":\"Szkolenia i rozw\u00f3j\"}]},{\"@type\":\"WebSite\",\"@id\":\"https:\/\/www.capgemini.com\/pl-pl\/#website\",\"url\":\"https:\/\/www.capgemini.com\/pl-pl\/\",\"name\":\"Capgemini Polska\",\"description\":\"Capgemini\",\"potentialAction\":[{\"@type\":\"SearchAction\",\"target\":{\"@type\":\"EntryPoint\",\"urlTemplate\":\"https:\/\/www.capgemini.com\/pl-pl\/?s={search_term_string}\"},\"query-input\":\"required name=search_term_string\"}],\"inLanguage\":\"pl-PL\"}]}<\/script>\n<!-- \/ Yoast SEO Premium plugin. -->","yoast_head_json":{"title":"Szkolenia i rozw\u00f3j - Capgemini Poland","description":"W Capgemini wierzymy w wa\u017cn\u0105 rol\u0119, jak\u0105 nauka i rozw\u00f3j odgrywaj\u0105 w osi\u0105ganiu cel\u00f3w.","robots":{"index":"index","follow":"follow","max-snippet":"max-snippet:-1","max-image-preview":"max-image-preview:large","max-video-preview":"max-video-preview:-1"},"canonical":"https:\/\/www.capgemini.com\/pl-pl\/kariera\/dlaczego-capgemini\/szkolenia-i-rozwoj\/","og_locale":"pl_PL","og_type":"article","og_title":"Szkolenia i rozw\u00f3j","og_description":"W Capgemini wierzymy w wa\u017cn\u0105 rol\u0119, jak\u0105 nauka i rozw\u00f3j odgrywaj\u0105 w osi\u0105ganiu cel\u00f3w.","og_url":"https:\/\/www.capgemini.com\/pl-pl\/kariera\/dlaczego-capgemini\/szkolenia-i-rozwoj\/","og_site_name":"Capgemini Poland","article_modified_time":"2025-12-05T14:13:27+00:00","og_image":[{"width":1200,"height":627,"url":"https:\/\/www.capgemini.com\/pl-pl\/wp-content\/uploads\/sites\/27\/2025\/10\/New-Web-preview-global.jpg","type":"image\/jpeg"}],"twitter_card":"summary_large_image","twitter_misc":{"Est. reading time":"3 minutes"},"schema":{"@context":"https:\/\/schema.org","@graph":[{"@type":"WebPage","@id":"https:\/\/www.capgemini.com\/pl-pl\/kariera\/dlaczego-capgemini\/szkolenia-i-rozwoj\/","url":"https:\/\/www.capgemini.com\/pl-pl\/kariera\/dlaczego-capgemini\/szkolenia-i-rozwoj\/","name":"Szkolenia i rozw\u00f3j - Capgemini Poland","isPartOf":{"@id":"https:\/\/www.capgemini.com\/pl-pl\/#website"},"primaryImageOfPage":{"@id":"https:\/\/www.capgemini.com\/pl-pl\/kariera\/dlaczego-capgemini\/szkolenia-i-rozwoj\/#primaryimage"},"image":{"@id":"https:\/\/www.capgemini.com\/pl-pl\/kariera\/dlaczego-capgemini\/szkolenia-i-rozwoj\/#primaryimage"},"thumbnailUrl":"https:\/\/www.capgemini.com\/pl-pl\/wp-content\/uploads\/sites\/27\/2023\/01\/Rozwoj.png","datePublished":"2022-12-06T04:54:49+00:00","dateModified":"2025-12-05T14:13:27+00:00","description":"W Capgemini wierzymy w wa\u017cn\u0105 rol\u0119, jak\u0105 nauka i rozw\u00f3j odgrywaj\u0105 w osi\u0105ganiu cel\u00f3w.","breadcrumb":{"@id":"https:\/\/www.capgemini.com\/pl-pl\/kariera\/dlaczego-capgemini\/szkolenia-i-rozwoj\/#breadcrumb"},"inLanguage":"pl-PL","potentialAction":[{"@type":"ReadAction","target":["https:\/\/www.capgemini.com\/pl-pl\/kariera\/dlaczego-capgemini\/szkolenia-i-rozwoj\/"]}]},{"@type":"ImageObject","inLanguage":"pl-PL","@id":"https:\/\/www.capgemini.com\/pl-pl\/kariera\/dlaczego-capgemini\/szkolenia-i-rozwoj\/#primaryimage","url":"https:\/\/www.capgemini.com\/pl-pl\/wp-content\/uploads\/sites\/27\/2023\/01\/Rozwoj.png","contentUrl":"https:\/\/www.capgemini.com\/pl-pl\/wp-content\/uploads\/sites\/27\/2023\/01\/Rozwoj.png","width":4320,"height":2700},{"@type":"BreadcrumbList","@id":"https:\/\/www.capgemini.com\/pl-pl\/kariera\/dlaczego-capgemini\/szkolenia-i-rozwoj\/#breadcrumb","itemListElement":[{"@type":"ListItem","position":1,"name":"Home","item":"https:\/\/www.capgemini.com\/pl-pl\/"},{"@type":"ListItem","position":2,"name":"Kariera","item":"https:\/\/www.capgemini.com\/pl-pl\/kariera\/"},{"@type":"ListItem","position":3,"name":"Dlaczego Capgemini","item":"https:\/\/www.capgemini.com\/pl-pl\/kariera\/dlaczego-capgemini\/"},{"@type":"ListItem","position":4,"name":"Szkolenia i rozw\u00f3j"}]},{"@type":"WebSite","@id":"https:\/\/www.capgemini.com\/pl-pl\/#website","url":"https:\/\/www.capgemini.com\/pl-pl\/","name":"Capgemini Polska","description":"Capgemini","potentialAction":[{"@type":"SearchAction","target":{"@type":"EntryPoint","urlTemplate":"https:\/\/www.capgemini.com\/pl-pl\/?s={search_term_string}"},"query-input":"required name=search_term_string"}],"inLanguage":"pl-PL"}]}},"brand_term":[],"parsely":{"version":"1.1.0","canonical_url":"https:\/\/capgemini.com\/pl-pl\/kariera\/dlaczego-capgemini\/szkolenia-i-rozwoj\/","smart_links":{"inbound":0,"outbound":0},"traffic_boost_suggestions_count":0,"meta":{"@context":"https:\/\/schema.org","@type":"WebPage","headline":"Szkolenia i rozw\u00f3j","url":"https:\/\/www.capgemini.com\/pl-pl\/kariera\/dlaczego-capgemini\/szkolenia-i-rozwoj\/","mainEntityOfPage":{"@type":"WebPage","@id":"https:\/\/www.capgemini.com\/pl-pl\/kariera\/dlaczego-capgemini\/szkolenia-i-rozwoj\/"},"thumbnailUrl":"https:\/\/www.capgemini.com\/pl-pl\/wp-content\/uploads\/sites\/27\/2023\/01\/Rozwoj.png?w=150&h=150&crop=1","image":{"@type":"ImageObject","url":"https:\/\/www.capgemini.com\/pl-pl\/wp-content\/uploads\/sites\/27\/2023\/01\/Rozwoj.png"},"articleSection":"Uncategorized","author":[],"creator":[],"publisher":{"@type":"Organization","name":"Capgemini Poland","logo":""},"keywords":[],"dateCreated":"2022-12-06T04:54:49Z","datePublished":"2022-12-06T04:54:49Z","dateModified":"2025-12-05T14:13:27Z"},"rendered":"<meta name=\"parsely-title\" content=\"Szkolenia i rozw\u00f3j\" \/>\n<meta name=\"parsely-link\" content=\"https:\/\/www.capgemini.com\/pl-pl\/kariera\/dlaczego-capgemini\/szkolenia-i-rozwoj\/\" \/>\n<meta name=\"parsely-type\" content=\"index\" \/>\n<meta name=\"parsely-image-url\" content=\"https:\/\/www.capgemini.com\/pl-pl\/wp-content\/uploads\/sites\/27\/2023\/01\/Rozwoj.png?w=150&amp;h=150&amp;crop=1\" \/>\n<meta name=\"parsely-pub-date\" content=\"2022-12-06T04:54:49Z\" \/>\n<meta name=\"parsely-section\" content=\"Uncategorized\" \/>","tracker_url":"https:\/\/cdn.parsely.com\/keys\/capgemini.com\/p.js"},"archive_status":false,"featured_image_src":"https:\/\/www.capgemini.com\/pl-pl\/wp-content\/uploads\/sites\/27\/2023\/01\/Rozwoj.png","featured_image_alt":"","jetpack_sharing_enabled":true,"distributor_meta":false,"distributor_terms":false,"distributor_media":false,"distributor_original_site_name":"Capgemini Poland","distributor_original_site_url":"https:\/\/www.capgemini.com\/pl-pl","push-errors":false,"_links":{"self":[{"href":"https:\/\/www.capgemini.com\/pl-pl\/wp-json\/wp\/v2\/pages\/22140","targetHints":{"allow":["GET"]}}],"collection":[{"href":"https:\/\/www.capgemini.com\/pl-pl\/wp-json\/wp\/v2\/pages"}],"about":[{"href":"https:\/\/www.capgemini.com\/pl-pl\/wp-json\/wp\/v2\/types\/page"}],"author":[{"embeddable":true,"href":"https:\/\/www.capgemini.com\/pl-pl\/wp-json\/wp\/v2\/users\/413"}],"replies":[{"embeddable":true,"href":"https:\/\/www.capgemini.com\/pl-pl\/wp-json\/wp\/v2\/comments?post=22140"}],"version-history":[{"count":19,"href":"https:\/\/www.capgemini.com\/pl-pl\/wp-json\/wp\/v2\/pages\/22140\/revisions"}],"predecessor-version":[{"id":913261,"href":"https:\/\/www.capgemini.com\/pl-pl\/wp-json\/wp\/v2\/pages\/22140\/revisions\/913261"}],"up":[{"embeddable":true,"href":"https:\/\/www.capgemini.com\/pl-pl\/wp-json\/wp\/v2\/pages\/515042"}],"wp:featuredmedia":[{"embeddable":true,"href":"https:\/\/www.capgemini.com\/pl-pl\/wp-json\/wp\/v2\/media\/699653"}],"wp:attachment":[{"href":"https:\/\/www.capgemini.com\/pl-pl\/wp-json\/wp\/v2\/media?parent=22140"}],"wp:term":[{"taxonomy":"brand","embeddable":true,"href":"https:\/\/www.capgemini.com\/pl-pl\/wp-json\/wp\/v2\/brand?post=22140"},{"taxonomy":"partner_type","embeddable":true,"href":"https:\/\/www.capgemini.com\/pl-pl\/wp-json\/wp\/v2\/partner_type?post=22140"},{"taxonomy":"service","embeddable":true,"href":"https:\/\/www.capgemini.com\/pl-pl\/wp-json\/wp\/v2\/service?post=22140"},{"taxonomy":"industry","embeddable":true,"href":"https:\/\/www.capgemini.com\/pl-pl\/wp-json\/wp\/v2\/industry?post=22140"},{"taxonomy":"partners","embeddable":true,"href":"https:\/\/www.capgemini.com\/pl-pl\/wp-json\/wp\/v2\/partners?post=22140"},{"taxonomy":"page-type","embeddable":true,"href":"https:\/\/www.capgemini.com\/pl-pl\/wp-json\/wp\/v2\/page-type?post=22140"},{"taxonomy":"content-group","embeddable":true,"href":"https:\/\/www.capgemini.com\/pl-pl\/wp-json\/wp\/v2\/content-group?post=22140"}],"curies":[{"name":"wp","href":"https:\/\/api.w.org\/{rel}","templated":true}]}}