{"id":21797,"date":"2022-11-30T08:26:25","date_gmt":"2022-11-30T08:26:25","guid":{"rendered":"https:\/\/www.capgemini.com\/pl-pl\/?page_id=21797"},"modified":"2025-12-05T14:13:51","modified_gmt":"2025-12-05T14:13:51","slug":"engineering-paid-internship-pl","status":"publish","type":"page","link":"https:\/\/www.capgemini.com\/pl-pl\/kariera\/twoja-kariera\/kariera-w-capgemini-engineering\/engineering-paid-internship-pl\/","title":{"rendered":"Smart tech start \u2013 p\u0142atny sta\u017c"},"content":{"rendered":"\n<div class=\"wp-block-cg-blocks-hero-picture-card undefined  heroPictureCard\"><div class=\"heroPictureCardBgs\"><picture><source srcset=\"\/wp-content\/themes\/capgemini2025\/assets\/images\/mockup.png?w=2880&amp;quality=70 1x, \/wp-content\/themes\/capgemini2025\/assets\/images\/mockup.png?w=2880&amp;quality=70 2x\" media=\"(min-width: 1500px)\"\/><source srcset=\"\/wp-content\/themes\/capgemini2025\/assets\/images\/mockup.png?w=1440&amp;quality=70 1x, \/wp-content\/themes\/capgemini2025\/assets\/images\/mockup.png?w=2880&amp;quality=70 2x\" media=\"(min-width: 992px)\"\/><source srcset=\"\/wp-content\/themes\/capgemini2025\/assets\/images\/mockup.png?w=1024&amp;quality=70 1x, \/wp-content\/themes\/capgemini2025\/assets\/images\/mockup.png?w=1024&amp;quality=70 2x\" media=\"(min-width: 768px)\"\/><source srcset=\"\/wp-content\/themes\/capgemini2025\/assets\/images\/mockup.png?w=768&amp;quality=70 1x, \/wp-content\/themes\/capgemini2025\/assets\/images\/mockup.png?w=768&amp;quality=70 2x\" media=\"(min-width: 0)\"\/><img decoding=\"async\" src=\"\/wp-content\/themes\/capgemini2025\/assets\/images\/mockup.png\" class=\"desktopImage\" style=\"object-fit:cover;object-position:50% 50%\" loading=\"eager\"\/><\/picture><picture><source srcset=\"\/wp-content\/themes\/capgemini2025\/assets\/images\/mockup.png?w=2880&amp;quality=70 1x, \/wp-content\/themes\/capgemini2025\/assets\/images\/mockup.png?w=2880&amp;quality=70 2x\" media=\"(min-width: 1500px)\"\/><source srcset=\"\/wp-content\/themes\/capgemini2025\/assets\/images\/mockup.png?w=1440&amp;quality=70 1x, \/wp-content\/themes\/capgemini2025\/assets\/images\/mockup.png?w=2880&amp;quality=70 2x\" media=\"(min-width: 992px)\"\/><source srcset=\"\/wp-content\/themes\/capgemini2025\/assets\/images\/mockup.png?w=1024&amp;quality=70 1x, \/wp-content\/themes\/capgemini2025\/assets\/images\/mockup.png?w=1024&amp;quality=70 2x\" media=\"(min-width: 768px)\"\/><source srcset=\"\/wp-content\/themes\/capgemini2025\/assets\/images\/mockup.png?w=768&amp;quality=70 1x, \/wp-content\/themes\/capgemini2025\/assets\/images\/mockup.png?w=768&amp;quality=70 2x\" media=\"(min-width: 0)\"\/><img decoding=\"async\" src=\"\/wp-content\/themes\/capgemini2025\/assets\/images\/mockup.png\" class=\"mobileImage\" style=\"object-fit:cover;object-position:50% 50%\" loading=\"eager\"\/><\/picture><\/div><div class=\"heroPictureCardHeaderShape\"><\/div><div class=\"container\"><div class=\"row\"><div class=\"col-md-8 col-lg-6\"><div class=\"heroPictureCardBox\"><div class=\"heroPictureCardBoxTitle\"><h1 data-maxlength=\"144\">Smart tech start \u2013 p\u0142atny sta\u017c<\/h1><\/div><\/div><\/div><\/div><\/div><div class=\"small-device\"><div class=\"brandLogoWrapper\"> <\/div><\/div><\/div>\n\n\n\n<div class=\"wp-block-buttons is-layout-flex wp-block-buttons-is-layout-flex\"><\/div>\n\n\n\n<section class=\"wp-block-cg-blocks-group undefined section section--article-content\"><div class=\"article-main-content\"><div class=\"container\"><div class=\"row\"><div class=\"col-12 col-md-1\"><nav class=\"article-social\"><ul class=\"social-nav\"><li class=\"ip-order-fb\"><a href=\"https:\/\/www.facebook.com\/sharer\/sharer.php?u=https:\/\/www.capgemini.com\/pl-pl\/?page_id=21797\" target=\"_blank\" rel=\"noopener noreferrer\" title=\"opens in a new window\"><i aria-hidden=\"true\" class=\"icon-fb\"><\/i><span class=\"sr-only\">Facebook<\/span><\/a><\/li><li class=\"ip-order-tw\"><a href=\"https:\/\/twitter.com\/intent\/tweet?url=https:\/\/www.capgemini.com\/pl-pl\/?page_id=21797&amp;text=\" target=\"_blank\" rel=\"noopener noreferrer\" title=\"opens in a new window\"><i aria-hidden=\"true\" class=\"icon-tw\"><\/i><span class=\"sr-only\">Twitter<\/span><\/a><\/li><li class=\"ip-order-li\"><a href=\"https:\/\/www.linkedin.com\/sharing\/share-offsite\/?url=https:\/\/www.capgemini.com\/pl-pl\/?page_id=21797&amp;text=\" target=\"_blank\" rel=\"noopener noreferrer\" title=\"opens in a new window\"><i aria-hidden=\"true\" class=\"icon-li\"><\/i><span class=\"sr-only\">Linkedin<\/span><\/a><\/li><\/ul><\/nav><\/div><div class=\"col-12 col-md-11 col-lg-10\"><div class=\"article-text article-quote-text\">\n<h4 class=\"wp-block-heading\" id=\"h-czym-jest-capgemini-engineering-smart-tech-start\">Czym jest Capgemini Engineering Smart Tech Start?<\/h4>\n\n\n\n<div class=\"wp-block-buttons is-layout-flex wp-block-buttons-is-layout-flex\">\n<div class=\"wp-block-button is-style-outline is-style-outline--1\"><a class=\"wp-block-button__link wp-element-button\" href=\"https:\/\/www.capgemini.com\/pl-pl\/kariera\/twoja-kariera\/kariera-w-capgemini-engineering\/engineering-paid-internship\/\">English Version<\/a><\/div>\n<\/div>\n\n\n\n<p><\/p>\n\n\n\n<p>Smart Tech Start- to p\u0142atny sta\u017c dla szybko rozwijaj\u0105cych si\u0119 umys\u0142\u00f3w. Osoby wybrane w procesie rekrutacji wezm\u0105 udzia\u0142 w intensywnym, dwumiesi\u0119cznym kursie prowadzonym przez ekspert\u00f3w w j\u0119zyku angielskim. Po odbyciu sta\u017cu istnieje mo\u017cliwo\u015b\u0107 zatrudnienia w Capgemini Engineering.<\/p>\n\n\n\n<p>Obecnie w naszej ofercie mamy sta\u017c w technologii&nbsp;<strong>C++<\/strong>.<\/p>\n\n\n\n<p>Capgemini Engineering nale\u017cy do Grupy Capgemini. Jest \u015bwiatowym liderem w us\u0142ugach zwi\u0105zanych z in\u017cynieri\u0105 oraz pracami badawczo-rozwojowymi, zrzeszaj\u0105ca ponad &nbsp;55&nbsp;000 in\u017cynier\u00f3w w 30 krajach.&nbsp; Teraz Capgemini uruchomi\u0142o Smart Tech Start, gdzie znajdziemy p\u0142atne sta\u017ce dla obywateli polski, kt\u00f3rzy chc\u0105 rozpocz\u0105\u0107 karier\u0119 w bran\u017cy IT.<\/p>\n\n\n\n<p>Dowiedz si\u0119 wi\u0119cej na temat edycji&nbsp;<strong>C++<\/strong>. Kliknij poni\u017cej w wybrany program:<\/p>\n\n\n\n<section class=\"wp-block-cg-blocks-how-we-do-it section section--howwedoit block-howwedoit\"><div class=\"container\"><div class=\"section-content\">\n<div class=\"wp-block-cg-blocks-card-howwedoit expanders\"><div class=\"box card-regulated-agreements card-howwedoit\"><div class=\"expander-box filter-box tag-active \"><div class=\"expander-title\" tabindex=\"0\" role=\"button\" aria-pressed=\"false\" aria-expanded=\"false\"><h3 class=\"expander-heading-title\">Aplikuj na C++<\/h3><\/div><div class=\"expander-content\"><p><strong>P\u0142atny sta\u017c- C++<\/strong><br>Capgemini Engineering szuka sta\u017cyst\u00f3w do odbycia p\u0142atnego sta\u017cu w technologii C++ dla szybko rozwijaj\u0105cych si\u0119 umys\u0142\u00f3w.<\/p><div class=\"bg-color video-align-right\"><div class=\"container\"><div class=\"row video-align-left\"><div class=\"col-md-12\"><div class=\"video-align-left row box box--4 box--mini\"><div class=\"col-md-3\"><\/div><div class=\"col-md-8 box-img-wrapper\"><div class=\"video-box\"><\/div><\/div><\/div><\/div><\/div><\/div><\/div>\n<figure class=\"wp-block-image size-large\"><img loading=\"lazy\" decoding=\"async\" height=\"538\" width=\"1024\" src=\"https:\/\/www.capgemini.com\/pl-pl\/wp-content\/uploads\/sites\/27\/2023\/01\/MicrosoftTeams-image-216.png?w=960\" alt=\"\" class=\"wp-image-700535\" srcset=\"https:\/\/www.capgemini.com\/pl-pl\/wp-content\/uploads\/sites\/27\/2023\/01\/MicrosoftTeams-image-216.png 1200w, https:\/\/www.capgemini.com\/pl-pl\/wp-content\/uploads\/sites\/27\/2023\/01\/MicrosoftTeams-image-216.png?resize=300,158 300w, https:\/\/www.capgemini.com\/pl-pl\/wp-content\/uploads\/sites\/27\/2023\/01\/MicrosoftTeams-image-216.png?resize=768,403 768w, https:\/\/www.capgemini.com\/pl-pl\/wp-content\/uploads\/sites\/27\/2023\/01\/MicrosoftTeams-image-216.png?resize=1024,538 1024w\" sizes=\"auto, (max-width: 1024px) 100vw, 1024px\" \/><\/figure>\n\n\n\n<h4 class=\"wp-block-heading\">Oferujemy:<\/h4>\n\n\n\n<ul class=\"wp-block-list\">\n<li>Trening techniczny z mentorem,<\/li>\n\n\n\n<li>Stypendium finansowe,<\/li>\n\n\n\n<li>Zaj\u0119cia zdalne.<\/li>\n<\/ul>\n\n\n\n<h4 class=\"wp-block-heading\">Wymagane umiej\u0119tno\u015bci:<\/h4>\n\n\n\n<ul class=\"wp-block-list\">\n<li>Podstawy z zakresu: C++, OOP, SDLC\/Agile,<\/li>\n\n\n\n<li>Dobry angielski.<\/li>\n<\/ul>\n\n\n\n<h4 class=\"wp-block-heading\">Wa\u017cne informacje:<\/h4>\n\n\n\n<p><strong>Data rozpocz\u0119cia sta\u017cu<\/strong>: luty 2023<\/p>\n\n\n\n<p><strong>D\u0142ugo\u015b\u0107 sta\u017cu<\/strong>: 2 miesi\u0105ce,<\/p>\n\n\n\n<p><strong>Format<\/strong>: zdalny, sta\u017c p\u0142atny,&nbsp;wymagana lokalizacja: Wojew\u00f3dztwo \u015bl\u0105skie i miasto Krak\u00f3w (gotowo\u015b\u0107 do dojazdu do Gliwic).<\/p>\n\n\n\n<p>Tematyka sta\u017cu:&nbsp;memory management in C\/C++, C++ 11\/17 features, Testing, OOP (constructors, destructors, member variables and functions, this, exceptions, polymorphism, inheritance, templates, etc.), STL, Multithreading in C++, Networking in C++, Introduction to Automotive.<\/p>\n\n\n\n<h4 class=\"wp-block-heading\">Zaaplikuj ju\u017c teraz!<\/h4>\n\n\n\n<div class=\"wp-block-buttons is-layout-flex wp-block-buttons-is-layout-flex\">\n<div class=\"wp-block-button is-style-outline is-style-outline--2\"><a class=\"wp-block-button__link wp-element-button\" href=\"https:\/\/jobs.capgemini.com\/pl-gb\/job\/Katowice-C%252B%252B-Internship\/894279901\/\">Aplikuj teraz<\/a><\/div>\n<\/div>\n\n\n\n<p><strong>Nasz rekruter skontaktuje si\u0119 z tob\u0105 tak szybko jak to mo\u017cliwe.<\/strong><\/p>\n<div class=\"content-more\"><\/div><\/div><\/div><\/div><\/div>\n<\/div><\/div><\/section>\n<\/div><\/div><\/div><\/div><\/div><\/section>\n","protected":false},"excerpt":{"rendered":"","protected":false},"author":413,"featured_media":0,"parent":518046,"menu_order":0,"comment_status":"closed","ping_status":"closed","template":"","meta":{"cg_dt_proposed_to":[],"cg_seo_hreflang_relations":"[]","cg_seo_canonical_relation":"","cg_seo_hreflang_x_default_relation":"{\"uuid\":\"04be49c7-cd55-4fa3-9af4-4e91faf9c629\",\"blogId\":\"\",\"domain\":\"\",\"sitePath\":\"\",\"postLink\":\"\",\"postId\":null,\"isSaved\":true,\"isCrossLink\":false,\"hasCrossLink\":false}","cg_dt_approved_content":true,"cg_dt_mandatory_content":false,"cg_dt_notes":"","cg_dg_source_changed":false,"cg_dt_link_disabled":false,"_yoast_wpseo_primary_brand":"","footnotes":"","featured_focal_points":"","partner_card_description":"","gsap_animation":0},"brand":[],"partner_type":[],"service":[],"industry":[],"partners":[],"page-type":[],"content-group":[],"class_list":["post-21797","page","type-page","status-publish","hentry"],"yoast_head":"<!-- This site is optimized with the Yoast SEO Premium plugin v22.8 (Yoast SEO v22.8) - https:\/\/yoast.com\/wordpress\/plugins\/seo\/ -->\n<title>P\u0142atny sta\u017c Capgemini Engineering Smart Tech Start<\/title>\n<meta name=\"description\" content=\"Czym jest Capgemini Engineering Smart Tech Start?\" \/>\n<meta name=\"robots\" content=\"index, follow, max-snippet:-1, max-image-preview:large, max-video-preview:-1\" \/>\n<link rel=\"canonical\" href=\"https:\/\/www.capgemini.com\/pl-pl\/kariera\/twoja-kariera\/kariera-w-capgemini-engineering\/engineering-paid-internship-pl\/\" \/>\n<meta property=\"og:locale\" content=\"pl_PL\" \/>\n<meta property=\"og:type\" content=\"article\" \/>\n<meta property=\"og:title\" content=\"Smart tech start \u2013 p\u0142atny sta\u017c\" \/>\n<meta property=\"og:description\" content=\"Czym jest Capgemini Engineering Smart Tech Start?\" \/>\n<meta property=\"og:url\" content=\"https:\/\/www.capgemini.com\/pl-pl\/kariera\/twoja-kariera\/kariera-w-capgemini-engineering\/engineering-paid-internship-pl\/\" \/>\n<meta property=\"og:site_name\" content=\"Capgemini Poland\" \/>\n<meta property=\"article:modified_time\" content=\"2025-12-05T14:13:51+00:00\" \/>\n<meta property=\"og:image\" content=\"https:\/\/www.capgemini.com\/pl-pl\/wp-content\/uploads\/sites\/27\/2023\/01\/MicrosoftTeams-image-216.png?w=960\" \/>\n<meta name=\"twitter:card\" content=\"summary_large_image\" \/>\n<meta name=\"twitter:label1\" content=\"Est. reading time\" \/>\n\t<meta name=\"twitter:data1\" content=\"3 minutes\" \/>\n<script type=\"application\/ld+json\" class=\"yoast-schema-graph\">{\"@context\":\"https:\/\/schema.org\",\"@graph\":[{\"@type\":\"WebPage\",\"@id\":\"https:\/\/www.capgemini.com\/pl-pl\/kariera\/twoja-kariera\/kariera-w-capgemini-engineering\/engineering-paid-internship-pl\/\",\"url\":\"https:\/\/www.capgemini.com\/pl-pl\/kariera\/twoja-kariera\/kariera-w-capgemini-engineering\/engineering-paid-internship-pl\/\",\"name\":\"P\u0142atny sta\u017c Capgemini Engineering Smart Tech Start\",\"isPartOf\":{\"@id\":\"https:\/\/www.capgemini.com\/pl-pl\/#website\"},\"primaryImageOfPage\":{\"@id\":\"https:\/\/www.capgemini.com\/pl-pl\/kariera\/twoja-kariera\/kariera-w-capgemini-engineering\/engineering-paid-internship-pl\/#primaryimage\"},\"image\":{\"@id\":\"https:\/\/www.capgemini.com\/pl-pl\/kariera\/twoja-kariera\/kariera-w-capgemini-engineering\/engineering-paid-internship-pl\/#primaryimage\"},\"thumbnailUrl\":\"https:\/\/www.capgemini.com\/pl-pl\/wp-content\/uploads\/sites\/27\/2023\/01\/MicrosoftTeams-image-216.png?w=960\",\"datePublished\":\"2022-11-30T08:26:25+00:00\",\"dateModified\":\"2025-12-05T14:13:51+00:00\",\"description\":\"Czym jest Capgemini Engineering Smart Tech Start?\",\"breadcrumb\":{\"@id\":\"https:\/\/www.capgemini.com\/pl-pl\/kariera\/twoja-kariera\/kariera-w-capgemini-engineering\/engineering-paid-internship-pl\/#breadcrumb\"},\"inLanguage\":\"pl-PL\",\"potentialAction\":[{\"@type\":\"ReadAction\",\"target\":[\"https:\/\/www.capgemini.com\/pl-pl\/kariera\/twoja-kariera\/kariera-w-capgemini-engineering\/engineering-paid-internship-pl\/\"]}]},{\"@type\":\"ImageObject\",\"inLanguage\":\"pl-PL\",\"@id\":\"https:\/\/www.capgemini.com\/pl-pl\/kariera\/twoja-kariera\/kariera-w-capgemini-engineering\/engineering-paid-internship-pl\/#primaryimage\",\"url\":\"https:\/\/www.capgemini.com\/pl-pl\/wp-content\/uploads\/sites\/27\/2023\/01\/MicrosoftTeams-image-216.png?w=960\",\"contentUrl\":\"https:\/\/www.capgemini.com\/pl-pl\/wp-content\/uploads\/sites\/27\/2023\/01\/MicrosoftTeams-image-216.png?w=960\"},{\"@type\":\"BreadcrumbList\",\"@id\":\"https:\/\/www.capgemini.com\/pl-pl\/kariera\/twoja-kariera\/kariera-w-capgemini-engineering\/engineering-paid-internship-pl\/#breadcrumb\",\"itemListElement\":[{\"@type\":\"ListItem\",\"position\":1,\"name\":\"Home\",\"item\":\"https:\/\/www.capgemini.com\/pl-pl\/\"},{\"@type\":\"ListItem\",\"position\":2,\"name\":\"Kariera\",\"item\":\"https:\/\/www.capgemini.com\/pl-pl\/kariera\/\"},{\"@type\":\"ListItem\",\"position\":3,\"name\":\"Twoja kariera\",\"item\":\"https:\/\/www.capgemini.com\/pl-pl\/kariera\/twoja-kariera\/\"},{\"@type\":\"ListItem\",\"position\":4,\"name\":\"Kariera w Capgemini Engineering\",\"item\":\"https:\/\/www.capgemini.com\/pl-pl\/kariera\/twoja-kariera\/kariera-w-capgemini-engineering\/\"},{\"@type\":\"ListItem\",\"position\":5,\"name\":\"Smart tech start \u2013 p\u0142atny sta\u017c\"}]},{\"@type\":\"WebSite\",\"@id\":\"https:\/\/www.capgemini.com\/pl-pl\/#website\",\"url\":\"https:\/\/www.capgemini.com\/pl-pl\/\",\"name\":\"Capgemini Polska\",\"description\":\"Capgemini\",\"potentialAction\":[{\"@type\":\"SearchAction\",\"target\":{\"@type\":\"EntryPoint\",\"urlTemplate\":\"https:\/\/www.capgemini.com\/pl-pl\/?s={search_term_string}\"},\"query-input\":\"required name=search_term_string\"}],\"inLanguage\":\"pl-PL\"}]}<\/script>\n<!-- \/ Yoast SEO Premium plugin. -->","yoast_head_json":{"title":"P\u0142atny sta\u017c Capgemini Engineering Smart Tech Start","description":"Czym jest Capgemini Engineering Smart Tech Start?","robots":{"index":"index","follow":"follow","max-snippet":"max-snippet:-1","max-image-preview":"max-image-preview:large","max-video-preview":"max-video-preview:-1"},"canonical":"https:\/\/www.capgemini.com\/pl-pl\/kariera\/twoja-kariera\/kariera-w-capgemini-engineering\/engineering-paid-internship-pl\/","og_locale":"pl_PL","og_type":"article","og_title":"Smart tech start \u2013 p\u0142atny sta\u017c","og_description":"Czym jest Capgemini Engineering Smart Tech Start?","og_url":"https:\/\/www.capgemini.com\/pl-pl\/kariera\/twoja-kariera\/kariera-w-capgemini-engineering\/engineering-paid-internship-pl\/","og_site_name":"Capgemini Poland","article_modified_time":"2025-12-05T14:13:51+00:00","og_image":[{"url":"https:\/\/www.capgemini.com\/pl-pl\/wp-content\/uploads\/sites\/27\/2023\/01\/MicrosoftTeams-image-216.png?w=960"}],"twitter_card":"summary_large_image","twitter_misc":{"Est. reading time":"3 minutes"},"schema":{"@context":"https:\/\/schema.org","@graph":[{"@type":"WebPage","@id":"https:\/\/www.capgemini.com\/pl-pl\/kariera\/twoja-kariera\/kariera-w-capgemini-engineering\/engineering-paid-internship-pl\/","url":"https:\/\/www.capgemini.com\/pl-pl\/kariera\/twoja-kariera\/kariera-w-capgemini-engineering\/engineering-paid-internship-pl\/","name":"P\u0142atny sta\u017c Capgemini Engineering Smart Tech Start","isPartOf":{"@id":"https:\/\/www.capgemini.com\/pl-pl\/#website"},"primaryImageOfPage":{"@id":"https:\/\/www.capgemini.com\/pl-pl\/kariera\/twoja-kariera\/kariera-w-capgemini-engineering\/engineering-paid-internship-pl\/#primaryimage"},"image":{"@id":"https:\/\/www.capgemini.com\/pl-pl\/kariera\/twoja-kariera\/kariera-w-capgemini-engineering\/engineering-paid-internship-pl\/#primaryimage"},"thumbnailUrl":"https:\/\/www.capgemini.com\/pl-pl\/wp-content\/uploads\/sites\/27\/2023\/01\/MicrosoftTeams-image-216.png?w=960","datePublished":"2022-11-30T08:26:25+00:00","dateModified":"2025-12-05T14:13:51+00:00","description":"Czym jest Capgemini Engineering Smart Tech Start?","breadcrumb":{"@id":"https:\/\/www.capgemini.com\/pl-pl\/kariera\/twoja-kariera\/kariera-w-capgemini-engineering\/engineering-paid-internship-pl\/#breadcrumb"},"inLanguage":"pl-PL","potentialAction":[{"@type":"ReadAction","target":["https:\/\/www.capgemini.com\/pl-pl\/kariera\/twoja-kariera\/kariera-w-capgemini-engineering\/engineering-paid-internship-pl\/"]}]},{"@type":"ImageObject","inLanguage":"pl-PL","@id":"https:\/\/www.capgemini.com\/pl-pl\/kariera\/twoja-kariera\/kariera-w-capgemini-engineering\/engineering-paid-internship-pl\/#primaryimage","url":"https:\/\/www.capgemini.com\/pl-pl\/wp-content\/uploads\/sites\/27\/2023\/01\/MicrosoftTeams-image-216.png?w=960","contentUrl":"https:\/\/www.capgemini.com\/pl-pl\/wp-content\/uploads\/sites\/27\/2023\/01\/MicrosoftTeams-image-216.png?w=960"},{"@type":"BreadcrumbList","@id":"https:\/\/www.capgemini.com\/pl-pl\/kariera\/twoja-kariera\/kariera-w-capgemini-engineering\/engineering-paid-internship-pl\/#breadcrumb","itemListElement":[{"@type":"ListItem","position":1,"name":"Home","item":"https:\/\/www.capgemini.com\/pl-pl\/"},{"@type":"ListItem","position":2,"name":"Kariera","item":"https:\/\/www.capgemini.com\/pl-pl\/kariera\/"},{"@type":"ListItem","position":3,"name":"Twoja kariera","item":"https:\/\/www.capgemini.com\/pl-pl\/kariera\/twoja-kariera\/"},{"@type":"ListItem","position":4,"name":"Kariera w Capgemini Engineering","item":"https:\/\/www.capgemini.com\/pl-pl\/kariera\/twoja-kariera\/kariera-w-capgemini-engineering\/"},{"@type":"ListItem","position":5,"name":"Smart tech start \u2013 p\u0142atny sta\u017c"}]},{"@type":"WebSite","@id":"https:\/\/www.capgemini.com\/pl-pl\/#website","url":"https:\/\/www.capgemini.com\/pl-pl\/","name":"Capgemini Polska","description":"Capgemini","potentialAction":[{"@type":"SearchAction","target":{"@type":"EntryPoint","urlTemplate":"https:\/\/www.capgemini.com\/pl-pl\/?s={search_term_string}"},"query-input":"required name=search_term_string"}],"inLanguage":"pl-PL"}]}},"brand_term":[],"parsely":{"version":"1.1.0","canonical_url":"https:\/\/capgemini.com\/pl-pl\/kariera\/twoja-kariera\/kariera-w-capgemini-engineering\/engineering-paid-internship-pl\/","smart_links":{"inbound":0,"outbound":0},"traffic_boost_suggestions_count":0,"meta":{"@context":"https:\/\/schema.org","@type":"WebPage","headline":"Smart tech start \u2013 p\u0142atny sta\u017c","url":"https:\/\/www.capgemini.com\/pl-pl\/kariera\/twoja-kariera\/kariera-w-capgemini-engineering\/engineering-paid-internship-pl\/","mainEntityOfPage":{"@type":"WebPage","@id":"https:\/\/www.capgemini.com\/pl-pl\/kariera\/twoja-kariera\/kariera-w-capgemini-engineering\/engineering-paid-internship-pl\/"},"thumbnailUrl":"","image":{"@type":"ImageObject","url":""},"articleSection":"Uncategorized","author":[],"creator":[],"publisher":{"@type":"Organization","name":"Capgemini Poland","logo":""},"keywords":[],"dateCreated":"2022-11-30T08:26:25Z","datePublished":"2022-11-30T08:26:25Z","dateModified":"2025-12-05T14:13:51Z"},"rendered":"<meta name=\"parsely-title\" content=\"Smart tech start \u2013 p\u0142atny sta\u017c\" \/>\n<meta name=\"parsely-link\" content=\"https:\/\/www.capgemini.com\/pl-pl\/kariera\/twoja-kariera\/kariera-w-capgemini-engineering\/engineering-paid-internship-pl\/\" \/>\n<meta name=\"parsely-type\" content=\"index\" \/>\n<meta name=\"parsely-pub-date\" content=\"2022-11-30T08:26:25Z\" \/>\n<meta name=\"parsely-section\" content=\"Uncategorized\" \/>","tracker_url":"https:\/\/cdn.parsely.com\/keys\/capgemini.com\/p.js"},"archive_status":false,"featured_image_src":"https:\/\/www.capgemini.com\/pl-pl\/wp-content\/themes\/capgemini2025\/assets\/images\/mockup.png","featured_image_alt":false,"jetpack_sharing_enabled":true,"distributor_meta":false,"distributor_terms":false,"distributor_media":false,"distributor_original_site_name":"Capgemini Poland","distributor_original_site_url":"https:\/\/www.capgemini.com\/pl-pl","push-errors":false,"_links":{"self":[{"href":"https:\/\/www.capgemini.com\/pl-pl\/wp-json\/wp\/v2\/pages\/21797","targetHints":{"allow":["GET"]}}],"collection":[{"href":"https:\/\/www.capgemini.com\/pl-pl\/wp-json\/wp\/v2\/pages"}],"about":[{"href":"https:\/\/www.capgemini.com\/pl-pl\/wp-json\/wp\/v2\/types\/page"}],"author":[{"embeddable":true,"href":"https:\/\/www.capgemini.com\/pl-pl\/wp-json\/wp\/v2\/users\/413"}],"replies":[{"embeddable":true,"href":"https:\/\/www.capgemini.com\/pl-pl\/wp-json\/wp\/v2\/comments?post=21797"}],"version-history":[{"count":19,"href":"https:\/\/www.capgemini.com\/pl-pl\/wp-json\/wp\/v2\/pages\/21797\/revisions"}],"predecessor-version":[{"id":913809,"href":"https:\/\/www.capgemini.com\/pl-pl\/wp-json\/wp\/v2\/pages\/21797\/revisions\/913809"}],"up":[{"embeddable":true,"href":"https:\/\/www.capgemini.com\/pl-pl\/wp-json\/wp\/v2\/pages\/518046"}],"wp:attachment":[{"href":"https:\/\/www.capgemini.com\/pl-pl\/wp-json\/wp\/v2\/media?parent=21797"}],"wp:term":[{"taxonomy":"brand","embeddable":true,"href":"https:\/\/www.capgemini.com\/pl-pl\/wp-json\/wp\/v2\/brand?post=21797"},{"taxonomy":"partner_type","embeddable":true,"href":"https:\/\/www.capgemini.com\/pl-pl\/wp-json\/wp\/v2\/partner_type?post=21797"},{"taxonomy":"service","embeddable":true,"href":"https:\/\/www.capgemini.com\/pl-pl\/wp-json\/wp\/v2\/service?post=21797"},{"taxonomy":"industry","embeddable":true,"href":"https:\/\/www.capgemini.com\/pl-pl\/wp-json\/wp\/v2\/industry?post=21797"},{"taxonomy":"partners","embeddable":true,"href":"https:\/\/www.capgemini.com\/pl-pl\/wp-json\/wp\/v2\/partners?post=21797"},{"taxonomy":"page-type","embeddable":true,"href":"https:\/\/www.capgemini.com\/pl-pl\/wp-json\/wp\/v2\/page-type?post=21797"},{"taxonomy":"content-group","embeddable":true,"href":"https:\/\/www.capgemini.com\/pl-pl\/wp-json\/wp\/v2\/content-group?post=21797"}],"curies":[{"name":"wp","href":"https:\/\/api.w.org\/{rel}","templated":true}]}}