{"id":21758,"date":"2022-11-30T05:48:25","date_gmt":"2022-11-30T05:48:25","guid":{"rendered":"https:\/\/www.capgemini.com\/pl-pl\/?page_id=21758"},"modified":"2025-10-31T12:12:57","modified_gmt":"2025-10-31T12:12:57","slug":"program-praktyk","status":"publish","type":"page","link":"https:\/\/www.capgemini.com\/pl-pl\/kariera\/twoja-kariera\/role-juniorskie\/praktyki\/wroclaw\/ssc\/","title":{"rendered":"Program praktyk"},"content":{"rendered":"\n<div class=\"wp-block-cg-blocks-hero-picture-card undefined  heroPictureCard\"><div class=\"heroPictureCardBgs\"><picture><source srcset=\"https:\/\/www.capgemini.com\/pl-pl\/wp-content\/uploads\/sites\/27\/2023\/06\/85.png?w=2880&amp;quality=70 1x, https:\/\/www.capgemini.com\/pl-pl\/wp-content\/uploads\/sites\/27\/2023\/06\/85.png?w=2880&amp;quality=70 2x\" media=\"(min-width: 1500px)\"\/><source srcset=\"https:\/\/www.capgemini.com\/pl-pl\/wp-content\/uploads\/sites\/27\/2023\/06\/85.png?w=1440&amp;quality=70 1x, https:\/\/www.capgemini.com\/pl-pl\/wp-content\/uploads\/sites\/27\/2023\/06\/85.png?w=2880&amp;quality=70 2x\" media=\"(min-width: 992px)\"\/><source srcset=\"https:\/\/www.capgemini.com\/pl-pl\/wp-content\/uploads\/sites\/27\/2023\/06\/85.png?w=1024&amp;quality=70 1x, https:\/\/www.capgemini.com\/pl-pl\/wp-content\/uploads\/sites\/27\/2023\/06\/85.png?w=1024&amp;quality=70 2x\" media=\"(min-width: 768px)\"\/><source srcset=\"https:\/\/www.capgemini.com\/pl-pl\/wp-content\/uploads\/sites\/27\/2023\/06\/85.png?w=768&amp;quality=70 1x, https:\/\/www.capgemini.com\/pl-pl\/wp-content\/uploads\/sites\/27\/2023\/06\/85.png?w=768&amp;quality=70 2x\" media=\"(min-width: 0)\"\/><img decoding=\"async\" src=\"https:\/\/www.capgemini.com\/pl-pl\/wp-content\/uploads\/sites\/27\/2023\/06\/85.png\" class=\"desktopImage\" alt=\"m\u0142ody m\u0119\u017cczyzna u\u015bmiechni\u0119ty, siedz\u0105cy przy laptopie\" style=\"object-fit:cover;object-position:53% 41%\" loading=\"eager\"\/><\/picture><picture><source srcset=\"https:\/\/www.capgemini.com\/pl-pl\/wp-content\/uploads\/sites\/27\/2023\/06\/85.png?w=2880&amp;quality=70 1x, https:\/\/www.capgemini.com\/pl-pl\/wp-content\/uploads\/sites\/27\/2023\/06\/85.png?w=2880&amp;quality=70 2x\" media=\"(min-width: 1500px)\"\/><source srcset=\"https:\/\/www.capgemini.com\/pl-pl\/wp-content\/uploads\/sites\/27\/2023\/06\/85.png?w=1440&amp;quality=70 1x, https:\/\/www.capgemini.com\/pl-pl\/wp-content\/uploads\/sites\/27\/2023\/06\/85.png?w=2880&amp;quality=70 2x\" media=\"(min-width: 992px)\"\/><source srcset=\"https:\/\/www.capgemini.com\/pl-pl\/wp-content\/uploads\/sites\/27\/2023\/06\/85.png?w=1024&amp;quality=70 1x, https:\/\/www.capgemini.com\/pl-pl\/wp-content\/uploads\/sites\/27\/2023\/06\/85.png?w=1024&amp;quality=70 2x\" media=\"(min-width: 768px)\"\/><source srcset=\"https:\/\/www.capgemini.com\/pl-pl\/wp-content\/uploads\/sites\/27\/2023\/06\/85.png?w=768&amp;quality=70 1x, https:\/\/www.capgemini.com\/pl-pl\/wp-content\/uploads\/sites\/27\/2023\/06\/85.png?w=768&amp;quality=70 2x\" media=\"(min-width: 0)\"\/><img decoding=\"async\" src=\"https:\/\/www.capgemini.com\/pl-pl\/wp-content\/uploads\/sites\/27\/2023\/06\/85.png\" class=\"mobileImage\" alt=\"m\u0142ody m\u0119\u017cczyzna u\u015bmiechni\u0119ty, siedz\u0105cy przy laptopie\" style=\"object-fit:cover;object-position:53% 41%\" loading=\"eager\"\/><\/picture><\/div><div class=\"heroPictureCardHeaderShape\"><\/div><div class=\"container\"><div class=\"row\"><div class=\"col-md-8 col-lg-6\"><div class=\"heroPictureCardBox\"><div class=\"heroPictureCardBoxTitle\"><h1 data-maxlength=\"144\">Program praktyk<\/h1><\/div><\/div><\/div><\/div><\/div><div class=\"small-device\"><div class=\"brandLogoWrapper\"> <\/div><\/div><\/div>\n\n\n\n<section class=\"wp-block-cg-blocks-group undefined section section--article-content\"><div class=\"article-main-content\"><div class=\"container\"><div class=\"row\"><div class=\"col-12 col-md-1\"><nav class=\"article-social\"><ul class=\"social-nav\"><li class=\"ip-order-fb\"><a href=\"https:\/\/www.facebook.com\/sharer\/sharer.php?u=https:\/\/www.capgemini.com\/pl-pl\/?page_id=21758\" target=\"_blank\" rel=\"noopener noreferrer\" title=\"opens in a new window\"><i aria-hidden=\"true\" class=\"icon-fb\"><\/i><span class=\"sr-only\">Facebook<\/span><\/a><\/li><li class=\"ip-order-tw\"><a href=\"https:\/\/twitter.com\/intent\/tweet?url=https:\/\/www.capgemini.com\/pl-pl\/?page_id=21758&amp;text=\" target=\"_blank\" rel=\"noopener noreferrer\" title=\"opens in a new window\"><i aria-hidden=\"true\" class=\"icon-tw\"><\/i><span class=\"sr-only\">Twitter<\/span><\/a><\/li><li class=\"ip-order-li\"><a href=\"https:\/\/www.linkedin.com\/sharing\/share-offsite\/?url=https:\/\/www.capgemini.com\/pl-pl\/?page_id=21758&amp;text=\" target=\"_blank\" rel=\"noopener noreferrer\" title=\"opens in a new window\"><i aria-hidden=\"true\" class=\"icon-li\"><\/i><span class=\"sr-only\">Linkedin<\/span><\/a><\/li><\/ul><\/nav><\/div><div class=\"col-12 col-md-11 col-lg-10\"><div class=\"article-text article-quote-text\">\n<p>Aktualnie rekrutacja na sta\u017ce we Wroc\u0142awiu i Poznaniu zosta\u0142a zako\u0144czona. Aby otrzymywa\u0107 bie\u017c\u0105ce informacje na ten temat zach\u0119camy do \u015bledzenia<a href=\"https:\/\/www.capgemini.com\/pl-pl\/aktualnosci\/social-media\/\">&nbsp;naszych kana\u0142\u00f3w w mediach spo\u0142eczno\u015bciowych<\/a>. Wolisz, \u017ceby\u015bmy to my napisali do Ciebie? Zapisz si\u0119 do&nbsp;<a href=\"https:\/\/app.getresponse.com\/site2\/f508d44219d964dae0f956d80e1c589f\/?u=C8ynR&amp;webforms_id=z5YRy\" target=\"_blank\" rel=\"noreferrer noopener\">newslettera<\/a>!<\/p>\n\n\n\n<h3 class=\"wp-block-heading\" id=\"h-w-biurach-capgemini-we-wroclawiu-poznaniu-i-gdansku-zajmujemy-sie-projektowaniem-rozwiazan-szytych-na-miare-dla-znanych-na-calym-swiecie-firm\">W biurach Capgemini we Wroc\u0142awiu, Poznaniu i Gda\u0144sku, zajmujemy si\u0119 projektowaniem rozwi\u0105za\u0144 szytych na miar\u0119 dla znanych na ca\u0142ym \u015bwiecie firm.<\/h3>\n\n\n\n<h4 class=\"wp-block-heading\" id=\"h-ekspertow-z-obszarow-m-in-nbsp-java-javascript-oraz-net-cenimy-specjalistow-dla-ktorych-wazny-jest-zarowno-rozwoj-jak-i-atmosfera-ktora-w-tej-firmie-doczekala-sie-juz-okreslenia-legendarna-w-codziennej-pracy-wykorzystujemy-jezyk-angielski-lub-i-niemiecki\">Ekspert\u00f3w z obszar\u00f3w m.in.&nbsp;Java, JavaScript oraz .NET. Cenimy specjalist\u00f3w, dla kt\u00f3rych wa\u017cny jest zar\u00f3wno rozw\u00f3j, jak i atmosfera, kt\u00f3ra w tej firmie doczeka\u0142a si\u0119 ju\u017c okre\u015blenia \u201elegendarna\u201d. W codziennej pracy wykorzystujemy j\u0119zyk angielski lub\/i niemiecki.<br><\/h4>\n\n\n\n<h3 class=\"wp-block-heading\" id=\"h-przykladowe-praktyki-w-nbsp-capgemini\">Przyk\u0142adowe praktyki w&nbsp;Capgemini:<br><\/h3>\n\n\n\n<h4 class=\"wp-block-heading\" id=\"h-praktyki-o-profilu-programista-testow-automatycznych\"><strong>Praktyki o profilu programista test\u00f3w automatycznych<\/strong><\/h4>\n\n\n\n<h4 class=\"wp-block-heading\" id=\"h-jako-praktykant-ka-o-profilu-programisty-testow-automatycznych-bedziesz-automatyzowac-testy-przy-uzyciu-takich-narzedzi-jak-selenium-webdriver-leanft-protractor-sahi-oraz-jezyka-java-bedziesz-brac-udzial-w-rozwoju-frameworka-testow-automatycznych\">Jako Praktykant\/ka o profilu programisty test\u00f3w automatycznych b\u0119dziesz automatyzowa\u0107 testy przy u\u017cyciu takich narz\u0119dzi jak Selenium Webdriver, LeanFT, Protractor, SAHI oraz j\u0119zyka Java. B\u0119dziesz bra\u0107 udzia\u0142 w rozwoju frameworka test\u00f3w automatycznych.<br><\/h4>\n\n\n\n<h4 class=\"wp-block-heading\" id=\"h-praktyki-o-profilu-programistycznym\"><strong>Praktyki o profilu programistycznym<\/strong><\/h4>\n\n\n\n<h4 class=\"wp-block-heading\" id=\"h-jako-praktykant-ka-o-profilu-programistycznym-bedziesz-uczestniczyc-w-projektach-programistycznych-dotyczacych-tworzenia-i-dalszego-rozwijania-aplikacji-oraz-systemow-informatycznych-zaprojektowanych-na-indywidualne-potrzeby-naszych-klientow-praca-nad-oprogramowaniem-odbywa-sie-glownie-w-oparciu-o-jezyki-programowania-wyzszego-poziomu-m-in-nbsp-java-c-c-nowoczesne-technologie-narzedzia-oraz-metodyki-nbsp-i-dobre-praktyki-inzynierii-oprogramowania-oparte-o-miedzynarodowe-standardy\">Jako Praktykant\/ka o profilu programistycznym b\u0119dziesz uczestniczy\u0107 w projektach programistycznych dotycz\u0105cych tworzenia i dalszego rozwijania aplikacji oraz system\u00f3w informatycznych zaprojektowanych na indywidualne potrzeby naszych klient\u00f3w. Praca nad oprogramowaniem odbywa si\u0119 g\u0142\u00f3wnie w oparciu o j\u0119zyki programowania wy\u017cszego poziomu (m.in.&nbsp;<strong>JAVA, C#, C++<\/strong>), nowoczesne technologie, narz\u0119dzia oraz metodyki&nbsp;i dobre praktyki in\u017cynierii oprogramowania oparte o mi\u0119dzynarodowe standardy.<\/h4>\n\n\n\n<h4 class=\"wp-block-heading\" id=\"h-profil-idealnego-kandydata\">Profil idealnego kandydata:<\/h4>\n\n\n\n<ul class=\"wp-block-list\">\n<li class=\"has-medium-font-size\"><strong>student\/-ka co najmniej czwartego semestru studi\u00f3w na kierunkach \u015bcis\u0142ych<\/strong>&nbsp;(informatyka, matematyka, fizyka) lub na kierunkach ekonomicznych;<\/li>\n\n\n\n<li class=\"has-medium-font-size\">umiej\u0119tno\u015b\u0107 pos\u0142ugiwania si\u0119 j\u0119zykami programowania obiektowego i j\u0119zykami skryptowymi (idealnie&nbsp;<strong>Java, JavaScript lub C#<\/strong>);<\/li>\n\n\n\n<li class=\"has-medium-font-size\">mile widziana podstawowa znajomo\u015b\u0107 SQL;<\/li>\n\n\n\n<li class=\"has-medium-font-size\"><strong>przynajmniej dobra\/komunikatywna&nbsp;znajomo\u015b\u0107 j\u0119zyka niemieckiego;<\/strong><\/li>\n\n\n\n<li class=\"has-medium-font-size\">samodzielno\u015b\u0107 i aktywno\u015b\u0107 w dzia\u0142aniu;<\/li>\n\n\n\n<li class=\"has-medium-font-size\">doskona\u0142a umiej\u0119tno\u015b\u0107 analitycznego my\u015blenia.<\/li>\n<\/ul>\n\n\n\n<h4 class=\"wp-block-heading\" id=\"h-rekrutacja-sklada-sie-z-3-etapow\">Rekrutacja sk\u0142ada si\u0119 z 3 etap\u00f3w:<\/h4>\n\n\n\n<ol class=\"wp-block-list\">\n<li class=\"has-medium-font-size\">Wp\u0142yw zg\u0142osze\u0144 z formularza<\/li>\n\n\n\n<li class=\"has-medium-font-size\">Telefoniczne sprawdzanie znajomo\u015bci j\u0119zyk\u00f3w obcych<\/li>\n\n\n\n<li class=\"has-medium-font-size\">Test techniczny w biurze Capgemini lub na uczelni<\/li>\n<\/ol>\n<\/div><\/div><\/div><\/div><\/div><\/section>\n","protected":false},"excerpt":{"rendered":"","protected":false},"author":413,"featured_media":0,"parent":515050,"menu_order":0,"comment_status":"closed","ping_status":"closed","template":"","meta":{"cg_dt_proposed_to":[],"cg_seo_hreflang_relations":"[]","cg_seo_canonical_relation":"","cg_seo_hreflang_x_default_relation":"{\"uuid\":\"8e184bea-19bf-418e-875b-b5384ee75a81\",\"blogId\":\"\",\"domain\":\"\",\"sitePath\":\"\",\"postLink\":\"\",\"postId\":null,\"isSaved\":true,\"isCrossLink\":false,\"hasCrossLink\":false}","cg_dt_approved_content":true,"cg_dt_mandatory_content":false,"cg_dt_notes":"","cg_dg_source_changed":false,"cg_dt_link_disabled":false,"_yoast_wpseo_primary_brand":"","footnotes":"","featured_focal_points":"","partner_card_description":"","gsap_animation":0},"brand":[],"partner_type":[],"service":[],"industry":[],"partners":[],"page-type":[],"content-group":[],"class_list":["post-21758","page","type-page","status-publish","hentry"],"yoast_head":"<!-- This site is optimized with the Yoast SEO Premium plugin v22.8 (Yoast SEO v22.8) - https:\/\/yoast.com\/wordpress\/plugins\/seo\/ -->\n<title>Program praktyk - Capgemini Poland<\/title>\n<meta name=\"description\" content=\"W biurach Capgemini we Wroc\u0142awiu, Poznaniu i Gda\u0144sku, zajmujemy si\u0119 projektowaniem rozwi\u0105za\u0144 IT dla znanych na ca\u0142ym \u015bwiecie firm.\" \/>\n<meta name=\"robots\" content=\"index, follow, max-snippet:-1, max-image-preview:large, max-video-preview:-1\" \/>\n<link rel=\"canonical\" href=\"https:\/\/www.capgemini.com\/pl-pl\/kariera\/twoja-kariera\/role-juniorskie\/praktyki\/wroclaw\/ssc\/\" \/>\n<meta property=\"og:locale\" content=\"pl_PL\" \/>\n<meta property=\"og:type\" content=\"article\" \/>\n<meta property=\"og:title\" content=\"Program praktyk\" \/>\n<meta property=\"og:description\" content=\"W biurach Capgemini we Wroc\u0142awiu, Poznaniu i Gda\u0144sku, zajmujemy si\u0119 projektowaniem rozwi\u0105za\u0144 IT dla znanych na ca\u0142ym \u015bwiecie firm.\" \/>\n<meta property=\"og:url\" content=\"https:\/\/www.capgemini.com\/pl-pl\/kariera\/twoja-kariera\/role-juniorskie\/praktyki\/wroclaw\/ssc\/\" \/>\n<meta property=\"og:site_name\" content=\"Capgemini Poland\" \/>\n<meta property=\"article:modified_time\" content=\"2025-10-31T12:12:57+00:00\" \/>\n<meta property=\"og:image\" content=\"https:\/\/www.capgemini.com\/pl-pl\/wp-content\/uploads\/sites\/27\/2023\/06\/85.png\" \/>\n<meta name=\"twitter:card\" content=\"summary_large_image\" \/>\n<script type=\"application\/ld+json\" class=\"yoast-schema-graph\">{\"@context\":\"https:\/\/schema.org\",\"@graph\":[{\"@type\":\"WebPage\",\"@id\":\"https:\/\/www.capgemini.com\/pl-pl\/kariera\/twoja-kariera\/role-juniorskie\/praktyki\/wroclaw\/ssc\/\",\"url\":\"https:\/\/www.capgemini.com\/pl-pl\/kariera\/twoja-kariera\/role-juniorskie\/praktyki\/wroclaw\/ssc\/\",\"name\":\"Program praktyk - Capgemini Poland\",\"isPartOf\":{\"@id\":\"https:\/\/www.capgemini.com\/pl-pl\/#website\"},\"primaryImageOfPage\":{\"@id\":\"https:\/\/www.capgemini.com\/pl-pl\/kariera\/twoja-kariera\/role-juniorskie\/praktyki\/wroclaw\/ssc\/#primaryimage\"},\"image\":{\"@id\":\"https:\/\/www.capgemini.com\/pl-pl\/kariera\/twoja-kariera\/role-juniorskie\/praktyki\/wroclaw\/ssc\/#primaryimage\"},\"thumbnailUrl\":\"https:\/\/www.capgemini.com\/pl-pl\/wp-content\/uploads\/sites\/27\/2023\/06\/85.png\",\"datePublished\":\"2022-11-30T05:48:25+00:00\",\"dateModified\":\"2025-10-31T12:12:57+00:00\",\"description\":\"W biurach Capgemini we Wroc\u0142awiu, Poznaniu i Gda\u0144sku, zajmujemy si\u0119 projektowaniem rozwi\u0105za\u0144 IT dla znanych na ca\u0142ym \u015bwiecie firm.\",\"breadcrumb\":{\"@id\":\"https:\/\/www.capgemini.com\/pl-pl\/kariera\/twoja-kariera\/role-juniorskie\/praktyki\/wroclaw\/ssc\/#breadcrumb\"},\"inLanguage\":\"pl-PL\",\"potentialAction\":[{\"@type\":\"ReadAction\",\"target\":[\"https:\/\/www.capgemini.com\/pl-pl\/kariera\/twoja-kariera\/role-juniorskie\/praktyki\/wroclaw\/ssc\/\"]}]},{\"@type\":\"ImageObject\",\"inLanguage\":\"pl-PL\",\"@id\":\"https:\/\/www.capgemini.com\/pl-pl\/kariera\/twoja-kariera\/role-juniorskie\/praktyki\/wroclaw\/ssc\/#primaryimage\",\"url\":\"https:\/\/www.capgemini.com\/pl-pl\/wp-content\/uploads\/sites\/27\/2023\/06\/85.png\",\"contentUrl\":\"https:\/\/www.capgemini.com\/pl-pl\/wp-content\/uploads\/sites\/27\/2023\/06\/85.png\",\"width\":1080,\"height\":1080,\"caption\":\"m\u0142ody m\u0119\u017cczyzna u\u015bmiechni\u0119ty, siedz\u0105cy przy laptopie\"},{\"@type\":\"BreadcrumbList\",\"@id\":\"https:\/\/www.capgemini.com\/pl-pl\/kariera\/twoja-kariera\/role-juniorskie\/praktyki\/wroclaw\/ssc\/#breadcrumb\",\"itemListElement\":[{\"@type\":\"ListItem\",\"position\":1,\"name\":\"Home\",\"item\":\"https:\/\/www.capgemini.com\/pl-pl\/\"},{\"@type\":\"ListItem\",\"position\":2,\"name\":\"Kariera\",\"item\":\"https:\/\/www.capgemini.com\/pl-pl\/kariera\/\"},{\"@type\":\"ListItem\",\"position\":3,\"name\":\"Program praktyk\"}]},{\"@type\":\"WebSite\",\"@id\":\"https:\/\/www.capgemini.com\/pl-pl\/#website\",\"url\":\"https:\/\/www.capgemini.com\/pl-pl\/\",\"name\":\"Capgemini Polska\",\"description\":\"Capgemini\",\"potentialAction\":[{\"@type\":\"SearchAction\",\"target\":{\"@type\":\"EntryPoint\",\"urlTemplate\":\"https:\/\/www.capgemini.com\/pl-pl\/?s={search_term_string}\"},\"query-input\":\"required name=search_term_string\"}],\"inLanguage\":\"pl-PL\"}]}<\/script>\n<!-- \/ Yoast SEO Premium plugin. -->","yoast_head_json":{"title":"Program praktyk - Capgemini Poland","description":"W biurach Capgemini we Wroc\u0142awiu, Poznaniu i Gda\u0144sku, zajmujemy si\u0119 projektowaniem rozwi\u0105za\u0144 IT dla znanych na ca\u0142ym \u015bwiecie firm.","robots":{"index":"index","follow":"follow","max-snippet":"max-snippet:-1","max-image-preview":"max-image-preview:large","max-video-preview":"max-video-preview:-1"},"canonical":"https:\/\/www.capgemini.com\/pl-pl\/kariera\/twoja-kariera\/role-juniorskie\/praktyki\/wroclaw\/ssc\/","og_locale":"pl_PL","og_type":"article","og_title":"Program praktyk","og_description":"W biurach Capgemini we Wroc\u0142awiu, Poznaniu i Gda\u0144sku, zajmujemy si\u0119 projektowaniem rozwi\u0105za\u0144 IT dla znanych na ca\u0142ym \u015bwiecie firm.","og_url":"https:\/\/www.capgemini.com\/pl-pl\/kariera\/twoja-kariera\/role-juniorskie\/praktyki\/wroclaw\/ssc\/","og_site_name":"Capgemini Poland","article_modified_time":"2025-10-31T12:12:57+00:00","og_image":[{"url":"https:\/\/www.capgemini.com\/pl-pl\/wp-content\/uploads\/sites\/27\/2023\/06\/85.png"}],"twitter_card":"summary_large_image","schema":{"@context":"https:\/\/schema.org","@graph":[{"@type":"WebPage","@id":"https:\/\/www.capgemini.com\/pl-pl\/kariera\/twoja-kariera\/role-juniorskie\/praktyki\/wroclaw\/ssc\/","url":"https:\/\/www.capgemini.com\/pl-pl\/kariera\/twoja-kariera\/role-juniorskie\/praktyki\/wroclaw\/ssc\/","name":"Program praktyk - Capgemini Poland","isPartOf":{"@id":"https:\/\/www.capgemini.com\/pl-pl\/#website"},"primaryImageOfPage":{"@id":"https:\/\/www.capgemini.com\/pl-pl\/kariera\/twoja-kariera\/role-juniorskie\/praktyki\/wroclaw\/ssc\/#primaryimage"},"image":{"@id":"https:\/\/www.capgemini.com\/pl-pl\/kariera\/twoja-kariera\/role-juniorskie\/praktyki\/wroclaw\/ssc\/#primaryimage"},"thumbnailUrl":"https:\/\/www.capgemini.com\/pl-pl\/wp-content\/uploads\/sites\/27\/2023\/06\/85.png","datePublished":"2022-11-30T05:48:25+00:00","dateModified":"2025-10-31T12:12:57+00:00","description":"W biurach Capgemini we Wroc\u0142awiu, Poznaniu i Gda\u0144sku, zajmujemy si\u0119 projektowaniem rozwi\u0105za\u0144 IT dla znanych na ca\u0142ym \u015bwiecie firm.","breadcrumb":{"@id":"https:\/\/www.capgemini.com\/pl-pl\/kariera\/twoja-kariera\/role-juniorskie\/praktyki\/wroclaw\/ssc\/#breadcrumb"},"inLanguage":"pl-PL","potentialAction":[{"@type":"ReadAction","target":["https:\/\/www.capgemini.com\/pl-pl\/kariera\/twoja-kariera\/role-juniorskie\/praktyki\/wroclaw\/ssc\/"]}]},{"@type":"ImageObject","inLanguage":"pl-PL","@id":"https:\/\/www.capgemini.com\/pl-pl\/kariera\/twoja-kariera\/role-juniorskie\/praktyki\/wroclaw\/ssc\/#primaryimage","url":"https:\/\/www.capgemini.com\/pl-pl\/wp-content\/uploads\/sites\/27\/2023\/06\/85.png","contentUrl":"https:\/\/www.capgemini.com\/pl-pl\/wp-content\/uploads\/sites\/27\/2023\/06\/85.png","width":1080,"height":1080,"caption":"m\u0142ody m\u0119\u017cczyzna u\u015bmiechni\u0119ty, siedz\u0105cy przy laptopie"},{"@type":"BreadcrumbList","@id":"https:\/\/www.capgemini.com\/pl-pl\/kariera\/twoja-kariera\/role-juniorskie\/praktyki\/wroclaw\/ssc\/#breadcrumb","itemListElement":[{"@type":"ListItem","position":1,"name":"Home","item":"https:\/\/www.capgemini.com\/pl-pl\/"},{"@type":"ListItem","position":2,"name":"Kariera","item":"https:\/\/www.capgemini.com\/pl-pl\/kariera\/"},{"@type":"ListItem","position":3,"name":"Program praktyk"}]},{"@type":"WebSite","@id":"https:\/\/www.capgemini.com\/pl-pl\/#website","url":"https:\/\/www.capgemini.com\/pl-pl\/","name":"Capgemini Polska","description":"Capgemini","potentialAction":[{"@type":"SearchAction","target":{"@type":"EntryPoint","urlTemplate":"https:\/\/www.capgemini.com\/pl-pl\/?s={search_term_string}"},"query-input":"required name=search_term_string"}],"inLanguage":"pl-PL"}]}},"brand_term":[],"parsely":{"version":"1.1.0","canonical_url":"https:\/\/capgemini.com\/pl-pl\/kariera\/twoja-kariera\/role-juniorskie\/praktyki\/wroclaw\/ssc\/","smart_links":{"inbound":0,"outbound":0},"traffic_boost_suggestions_count":0,"meta":{"@context":"https:\/\/schema.org","@type":"WebPage","headline":"Program praktyk","url":"https:\/\/www.capgemini.com\/pl-pl\/kariera\/twoja-kariera\/role-juniorskie\/praktyki\/wroclaw\/ssc\/","mainEntityOfPage":{"@type":"WebPage","@id":"https:\/\/www.capgemini.com\/pl-pl\/kariera\/twoja-kariera\/role-juniorskie\/praktyki\/wroclaw\/ssc\/"},"thumbnailUrl":"","image":{"@type":"ImageObject","url":""},"articleSection":"Uncategorized","author":[],"creator":[],"publisher":{"@type":"Organization","name":"Capgemini Poland","logo":""},"keywords":[],"dateCreated":"2022-11-30T05:48:25Z","datePublished":"2022-11-30T05:48:25Z","dateModified":"2025-10-31T12:12:57Z"},"rendered":"<meta name=\"parsely-title\" content=\"Program praktyk\" \/>\n<meta name=\"parsely-link\" content=\"https:\/\/www.capgemini.com\/pl-pl\/kariera\/twoja-kariera\/role-juniorskie\/praktyki\/wroclaw\/ssc\/\" \/>\n<meta name=\"parsely-type\" content=\"index\" \/>\n<meta name=\"parsely-pub-date\" content=\"2022-11-30T05:48:25Z\" \/>\n<meta name=\"parsely-section\" content=\"Uncategorized\" \/>","tracker_url":"https:\/\/cdn.parsely.com\/keys\/capgemini.com\/p.js"},"archive_status":false,"featured_image_src":"https:\/\/www.capgemini.com\/pl-pl\/wp-content\/themes\/capgemini2025\/assets\/images\/mockup.png","featured_image_alt":false,"jetpack_sharing_enabled":true,"distributor_meta":false,"distributor_terms":false,"distributor_media":false,"distributor_original_site_name":"Capgemini Poland","distributor_original_site_url":"https:\/\/www.capgemini.com\/pl-pl","push-errors":false,"_links":{"self":[{"href":"https:\/\/www.capgemini.com\/pl-pl\/wp-json\/wp\/v2\/pages\/21758","targetHints":{"allow":["GET"]}}],"collection":[{"href":"https:\/\/www.capgemini.com\/pl-pl\/wp-json\/wp\/v2\/pages"}],"about":[{"href":"https:\/\/www.capgemini.com\/pl-pl\/wp-json\/wp\/v2\/types\/page"}],"author":[{"embeddable":true,"href":"https:\/\/www.capgemini.com\/pl-pl\/wp-json\/wp\/v2\/users\/413"}],"replies":[{"embeddable":true,"href":"https:\/\/www.capgemini.com\/pl-pl\/wp-json\/wp\/v2\/comments?post=21758"}],"version-history":[{"count":17,"href":"https:\/\/www.capgemini.com\/pl-pl\/wp-json\/wp\/v2\/pages\/21758\/revisions"}],"predecessor-version":[{"id":913262,"href":"https:\/\/www.capgemini.com\/pl-pl\/wp-json\/wp\/v2\/pages\/21758\/revisions\/913262"}],"up":[{"embeddable":true,"href":"https:\/\/www.capgemini.com\/pl-pl\/wp-json\/wp\/v2\/pages\/515050"}],"wp:attachment":[{"href":"https:\/\/www.capgemini.com\/pl-pl\/wp-json\/wp\/v2\/media?parent=21758"}],"wp:term":[{"taxonomy":"brand","embeddable":true,"href":"https:\/\/www.capgemini.com\/pl-pl\/wp-json\/wp\/v2\/brand?post=21758"},{"taxonomy":"partner_type","embeddable":true,"href":"https:\/\/www.capgemini.com\/pl-pl\/wp-json\/wp\/v2\/partner_type?post=21758"},{"taxonomy":"service","embeddable":true,"href":"https:\/\/www.capgemini.com\/pl-pl\/wp-json\/wp\/v2\/service?post=21758"},{"taxonomy":"industry","embeddable":true,"href":"https:\/\/www.capgemini.com\/pl-pl\/wp-json\/wp\/v2\/industry?post=21758"},{"taxonomy":"partners","embeddable":true,"href":"https:\/\/www.capgemini.com\/pl-pl\/wp-json\/wp\/v2\/partners?post=21758"},{"taxonomy":"page-type","embeddable":true,"href":"https:\/\/www.capgemini.com\/pl-pl\/wp-json\/wp\/v2\/page-type?post=21758"},{"taxonomy":"content-group","embeddable":true,"href":"https:\/\/www.capgemini.com\/pl-pl\/wp-json\/wp\/v2\/content-group?post=21758"}],"curies":[{"name":"wp","href":"https:\/\/api.w.org\/{rel}","templated":true}]}}