{"id":21738,"date":"2022-11-30T04:25:17","date_gmt":"2022-11-30T04:25:17","guid":{"rendered":"https:\/\/www.capgemini.com\/pl-pl\/?page_id=21738"},"modified":"2025-11-25T08:23:47","modified_gmt":"2025-11-25T08:23:47","slug":"jak-wyglada-proces-rekrutacyjny","status":"publish","type":"page","link":"https:\/\/www.capgemini.com\/pl-pl\/kariera\/twoja-kariera\/porady-rekrutacyjne\/proces-rekrutacyjny\/","title":{"rendered":"Jak wygl\u0105da proces rekrutacyjny?"},"content":{"rendered":"\n<div class=\"wp-block-cg-blocks-hero-picture-card undefined  heroPictureCard\"><div class=\"heroPictureCardBgs\"><picture><source srcset=\"https:\/\/www.capgemini.com\/pl-pl\/wp-content\/uploads\/sites\/27\/2024\/03\/Nowa-strona-bannery-6.png?w=2880&amp;quality=70 1x, https:\/\/www.capgemini.com\/pl-pl\/wp-content\/uploads\/sites\/27\/2024\/03\/Nowa-strona-bannery-6.png?w=2880&amp;quality=70 2x\" media=\"(min-width: 1500px)\"\/><source srcset=\"https:\/\/www.capgemini.com\/pl-pl\/wp-content\/uploads\/sites\/27\/2024\/03\/Nowa-strona-bannery-6.png?w=1440&amp;quality=70 1x, https:\/\/www.capgemini.com\/pl-pl\/wp-content\/uploads\/sites\/27\/2024\/03\/Nowa-strona-bannery-6.png?w=2880&amp;quality=70 2x\" media=\"(min-width: 992px)\"\/><source srcset=\"https:\/\/www.capgemini.com\/pl-pl\/wp-content\/uploads\/sites\/27\/2024\/03\/Nowa-strona-bannery-6.png?w=1024&amp;quality=70 1x, https:\/\/www.capgemini.com\/pl-pl\/wp-content\/uploads\/sites\/27\/2024\/03\/Nowa-strona-bannery-6.png?w=1024&amp;quality=70 2x\" media=\"(min-width: 768px)\"\/><source srcset=\"https:\/\/www.capgemini.com\/pl-pl\/wp-content\/uploads\/sites\/27\/2024\/03\/Nowa-strona-bannery-6.png?w=768&amp;quality=70 1x, https:\/\/www.capgemini.com\/pl-pl\/wp-content\/uploads\/sites\/27\/2024\/03\/Nowa-strona-bannery-6.png?w=768&amp;quality=70 2x\" media=\"(min-width: 0)\"\/><img decoding=\"async\" src=\"https:\/\/www.capgemini.com\/pl-pl\/wp-content\/uploads\/sites\/27\/2024\/03\/Nowa-strona-bannery-6.png\" class=\"desktopImage\" alt=\"young woman shaking hans with her speaker\" style=\"object-fit:cover;object-position:56.00000000000001% 21%\" loading=\"eager\"\/><\/picture><picture><source srcset=\"https:\/\/www.capgemini.com\/pl-pl\/wp-content\/uploads\/sites\/27\/2024\/03\/Nowa-strona-bannery-6.png?w=2880&amp;quality=70 1x, https:\/\/www.capgemini.com\/pl-pl\/wp-content\/uploads\/sites\/27\/2024\/03\/Nowa-strona-bannery-6.png?w=2880&amp;quality=70 2x\" media=\"(min-width: 1500px)\"\/><source srcset=\"https:\/\/www.capgemini.com\/pl-pl\/wp-content\/uploads\/sites\/27\/2024\/03\/Nowa-strona-bannery-6.png?w=1440&amp;quality=70 1x, https:\/\/www.capgemini.com\/pl-pl\/wp-content\/uploads\/sites\/27\/2024\/03\/Nowa-strona-bannery-6.png?w=2880&amp;quality=70 2x\" media=\"(min-width: 992px)\"\/><source srcset=\"https:\/\/www.capgemini.com\/pl-pl\/wp-content\/uploads\/sites\/27\/2024\/03\/Nowa-strona-bannery-6.png?w=1024&amp;quality=70 1x, https:\/\/www.capgemini.com\/pl-pl\/wp-content\/uploads\/sites\/27\/2024\/03\/Nowa-strona-bannery-6.png?w=1024&amp;quality=70 2x\" media=\"(min-width: 768px)\"\/><source srcset=\"https:\/\/www.capgemini.com\/pl-pl\/wp-content\/uploads\/sites\/27\/2024\/03\/Nowa-strona-bannery-6.png?w=768&amp;quality=70 1x, https:\/\/www.capgemini.com\/pl-pl\/wp-content\/uploads\/sites\/27\/2024\/03\/Nowa-strona-bannery-6.png?w=768&amp;quality=70 2x\" media=\"(min-width: 0)\"\/><img decoding=\"async\" src=\"https:\/\/www.capgemini.com\/pl-pl\/wp-content\/uploads\/sites\/27\/2024\/03\/Nowa-strona-bannery-6.png\" class=\"mobileImage\" alt=\"young woman shaking hans with her speaker\" style=\"object-fit:cover;object-position:56.00000000000001% 21%\" loading=\"eager\"\/><\/picture><\/div><div class=\"heroPictureCardHeaderShape\"><\/div><div class=\"container\"><div class=\"row\"><div class=\"col-md-8 col-lg-6\"><div class=\"heroPictureCardBox\"><div class=\"heroPictureCardBoxTitle\"><h1 data-maxlength=\"144\">Jak wygl\u0105da proces rekrutacyjny?<\/h1><\/div><\/div><\/div><\/div><\/div><div class=\"small-device\"><div class=\"brandLogoWrapper\"> <\/div><\/div><\/div>\n\n\n\n<section class=\"wp-block-cg-blocks-group undefined section section--article-content\"><div class=\"article-main-content\"><div class=\"container\"><div class=\"row\"><div class=\"col-12 col-md-1\"><nav class=\"article-social\"><ul class=\"social-nav\"><li class=\"ip-order-fb\"><a href=\"https:\/\/www.facebook.com\/sharer\/sharer.php?u=https:\/\/www.capgemini.com\/pl-pl\/?page_id=21738\" target=\"_blank\" rel=\"noopener noreferrer\" title=\"opens in a new window\"><i aria-hidden=\"true\" class=\"icon-fb\"><\/i><span class=\"sr-only\">Facebook<\/span><\/a><\/li><li class=\"ip-order-tw\"><a href=\"https:\/\/twitter.com\/intent\/tweet?url=https:\/\/www.capgemini.com\/pl-pl\/?page_id=21738&amp;text=\" target=\"_blank\" rel=\"noopener noreferrer\" title=\"opens in a new window\"><i aria-hidden=\"true\" class=\"icon-tw\"><\/i><span class=\"sr-only\">Twitter<\/span><\/a><\/li><li class=\"ip-order-li\"><a href=\"https:\/\/www.linkedin.com\/sharing\/share-offsite\/?url=https:\/\/www.capgemini.com\/pl-pl\/?page_id=21738&amp;text=\" target=\"_blank\" rel=\"noopener noreferrer\" title=\"opens in a new window\"><i aria-hidden=\"true\" class=\"icon-li\"><\/i><span class=\"sr-only\">Linkedin<\/span><\/a><\/li><\/ul><\/nav><\/div><div class=\"col-12 col-md-11 col-lg-10\"><div class=\"article-text article-quote-text\">\n<div class=\"wp-block-buttons is-layout-flex wp-block-buttons-is-layout-flex\">\n<div class=\"wp-block-button is-style-outline is-style-outline--1\"><a class=\"wp-block-button__link wp-element-button\" href=\"https:\/\/www.capgemini.com\/pl-pl\/kariera\/twoja-kariera\/porady-rekrutacyjne\/recruitment-process\/\">English Version<\/a><\/div>\n<\/div>\n\n\n\n<p>Dowiedz si\u0119 jak przej\u015b\u0107 przez proces rekrutacyjny w Capgemini. W chwili obecnej pracujemy w modelu hybrydowym. Proces rekrutacji i szkole\u0144 wprowadzaj\u0105cych zazwyczaj odbywa si\u0119 online.<\/p>\n\n\n\n<h3 class=\"wp-block-heading\" id=\"h-przygotuj-sie-do-rozmowy-kwalifikacyjnej\">Przygotuj si\u0119 do rozmowy kwalifikacyjnej<\/h3>\n\n\n\n<p><strong>Zapoznaj si\u0119 z poszczeg\u00f3lnymi etapami procesu rekrutacji, oce\u0144 sw\u00f3j poziom znajomo\u015bci j\u0119zyk\u00f3w obcych wed\u0142ug mi\u0119dzynarodowych kryteri\u00f3w i dowiedz si\u0119, co warto wzi\u0105\u0107 pod uwag\u0119 przy rozmowie z rekruterem.<\/strong><\/p>\n\n\n\n<h4 class=\"wp-block-heading\" id=\"h-i-nbsp-aplikacja-online\">I.&nbsp;Aplikacja online<\/h4>\n\n\n\n<p>Wysy\u0142asz swoje CV na interesuj\u0105ce Ci\u0119 stanowisko.<\/p>\n\n\n\n<h4 class=\"wp-block-heading\" id=\"h-ii-nbsp-pierwszy-kontakt\">II.&nbsp;Pierwszy kontakt<\/h4>\n\n\n\n<p>Je\u015bli Twoja aplikacja spe\u0142nia kryteria oferty, to w przybli\u017ceniu po 2 tygodniach (lub niekiedy ju\u017c w ci\u0105gu dw\u00f3ch dni) od wysy\u0142ki CV dzwoni przedstawiciel lub przedstawicielka dzia\u0142u rekrutacji, by umowi\u0107 Ci\u0119 na rozmow\u0119 kwalifikacyjn\u0105. Pami\u0119taj jednak, \u017ce kontaktujemy si\u0119 tylko z wybranymi kandydatami i kandydatami, kt\u00f3rzy spe\u0142niaj\u0105 kluczowe wymagania na dane stanowisko. <\/p>\n\n\n\n<h4 class=\"wp-block-heading\" id=\"h-iii-nbsp-rozmowa-z-rekruterem\">III.&nbsp;Rozmowa z rekruterem<\/h4>\n\n\n\n<p>W zale\u017cno\u015bci od stanowiska, na jakie aplikujesz, rozmowa potrwa oko\u0142o 30-60 minut. W tym czasie opowiesz o sobie, swoim do\u015bwiadczeniu i kwalifikacjach. Na tym etapie mo\u017cliwa jest weryfikacja kompetencji j\u0119zykowych poprzez konwersacj\u0119. Staramy si\u0119 r\u00f3wnie\u017c ustali\u0107 oczekiwania finansowe, czy preferencje dotycz\u0105ce podr\u00f3\u017cy s\u0142u\u017cbowych. <\/p>\n\n\n\n<h4 class=\"wp-block-heading\" id=\"h-iv-nbsp-testy-kompetencji\">IV.&nbsp;Testy kompetencji<\/h4>\n\n\n\n<p>Ten etap nie jest regu\u0142\u0105, ale dla niekt\u00f3rych stanowisk, gdzie wymagana jest obs\u0142uga klienta w j\u0119zyku obcym, mog\u0105 by\u0107 prowadzone j\u0119zykowe testy online. Mo\u017cliwe s\u0105 te\u017c testy czy zadania techniczne, sprawdzaj\u0105ce specjalistyczne kompetencje kandydat\u00f3w.<\/p>\n\n\n\n<h4 class=\"wp-block-heading\" id=\"h-v-nbsp-rozmowa-merytoryczna\">V.&nbsp;Rozmowa merytoryczna<\/h4>\n\n\n\n<p>Na tym etapie rozmawiasz z mened\u017cerem lub mened\u017cerk\u0105 dzia\u0142u. Te rozmowy przewa\u017cnie odbywaj\u0105 si\u0119 online. W przypadku r\u00f3l technicznych zawsze w spotkaniu uczestniczy r\u00f3wnie\u017c osoba sprawdzaj\u0105ca kompetencje techniczne.<\/p>\n\n\n\n<h4 class=\"wp-block-heading\" id=\"h-vi-nbsp-zakonczenie-rekrutacji\">VI.&nbsp;Zako\u0144czenie rekrutacji<\/h4>\n\n\n\n<p>Na podstawie finalnej rozmowy zostaje podj\u0119ta decyzja o Twoim zatrudnieniu. Rekruter b\u0105d\u017a rekruterka kontaktuje si\u0119 zar\u00f3wno z wybran\u0105 osob\u0105, jak i z pozosta\u0142ymi. Je\u015bli zaproszono Ci\u0119 do jakiegokolwiek etapu rozmowy, to mo\u017cesz oczekiwa\u0107 informacji zwrotnej zwykle w ci\u0105gu kilku dni. Pami\u0119taj, by zapisa\u0107 dane kontaktowe osoby, kt\u00f3ra przeprowadza\u0142a z Tob\u0105 rozmow\u0119. <\/p>\n\n\n\n<h4 class=\"wp-block-heading\" id=\"h-jaki-jest-czas-rekrutacji\">Jaki jest czas rekrutacji?<\/h4>\n\n\n\n<p>Niestety nie ma regu\u0142y dotycz\u0105cej czasu rekrutacji na poszczeg\u00f3lne stanowiska. Zar\u00f3wno d\u0142ugo\u015b\u0107 trwania procesu, jak i etapy rekrutacji mog\u0105 si\u0119 r\u00f3\u017cni\u0107, w zale\u017cno\u015bci od ilo\u015bci aplikacji do rozpatrzenia, technicznych wymog\u00f3w stanowiska, wymaga\u0144 j\u0119zykowych, kt\u00f3re musz\u0105 zosta\u0107 zweryfikowane przed podj\u0119ciem zatrudnienia. Rzetelnie analizujemy wszystkie CV, by optymalnie dopasowa\u0107 kandydatom stanowiska pracy. \u015aredni czas rekrutacji wynosi od trzech tygodni do miesi\u0105ca, ale proces ten mo\u017ce si\u0119 skraca\u0107, mo\u017ce te\u017c trwa\u0107 d\u0142u\u017cej. Pami\u0119taj, nawet je\u015bli nie przejdziesz pomy\u015blnie rekrutacji na dane stanowisko, to po uzupe\u0142nieniu kwalifikacji, podszkoleniu j\u0119zyka, czy przy wyborze innej oferty, zawsze mo\u017cesz aplikowa\u0107 ponownie.<\/p>\n\n\n\n<h3 class=\"wp-block-heading\" id=\"h-przygotuj-sie-do-rozmowy-rekrutacyjnej\">Przygotuj si\u0119 do rozmowy rekrutacyjnej<\/h3>\n\n\n\n<h4 class=\"wp-block-heading\" id=\"h-ocen-swoj-poziom-znajomosci-jezykow\">Oce\u0144 sw\u00f3j poziom znajomo\u015bci j\u0119zyk\u00f3w<\/h4>\n\n\n\n<p>Wa\u017cne, \u017ceby na potrzeby rekrutacji w swoim CV okre\u015bli\u0107 poziom znajomo\u015bci j\u0119zyk\u00f3w obcych wed\u0142ug skali&nbsp;<a href=\"https:\/\/pl.wikipedia.org\/wiki\/Europejski_System_Opisu_Kszta%C5%82cenia_J%C4%99zykowego\" target=\"_blank\" rel=\"noreferrer noopener\"><strong>Europejskiego Systemu Opisu Kszta\u0142cenia J\u0119zykowego<\/strong><\/a>&nbsp;od A1 do C2. W naszej firmie, obok polskiego, pos\u0142ugujemy si\u0119 r\u00f3wnie\u017c j\u0119zykiem angielskim. W ten spos\u00f3b komunikujemy si\u0119 z zespo\u0142ami z innych kraj\u00f3w lub osobami niem\u00f3wi\u0105cymi w naszym ojczystym j\u0119zyku, a tak\u017ce z wieloma naszymi klientami. Je\u015bli aplikujesz na stanowisko, na kt\u00f3rym b\u0119dziesz pracowa\u0107 z klientem angloj\u0119zycznym, to minimalnym wymaganym poziomem znajomo\u015bci j\u0119zyka jest B2, ale nierzadko te\u017c wy\u017cszy poziom, jak C1. Znajomo\u015b\u0107 j\u0119zyk\u00f3w b\u0119dzie testowana na rozmowie kwalifikacyjnej w formie konwersacji.<\/p>\n\n\n\n<h4 class=\"wp-block-heading\" id=\"h-sprawdz-jakie-jest-wymagane-doswiadczenie-zawodowe\"><strong>Sprawd\u017a jakie jest wymagane do\u015bwiadczenie zawodowe<\/strong><\/h4>\n\n\n\n<p>Oferujemy prac\u0119 dla os\u00f3b z r\u00f3\u017cnym poziomem do\u015bwiadczenia zawodowego. Poszukujemy ludzi na stanowiska mened\u017cerskie i eksperckie, z du\u017cym dorobkiem zawodowym. Zatrudniamy r\u00f3wnie\u017c  osoby do pracy w roli starszych, jak i m\u0142odszych specjalist\u00f3w\/specjalistek. Mamy te\u017c pozycje dla tzw. junior\u00f3w, kt\u00f3rych szkolimy od podstaw, st\u0105d nie wymagamy od nich wcze\u015bniejszego do\u015bwiadczenia. Ka\u017cda jednostka biznesowa w ramach Capgemini Polska prowadzi r\u00f3wnie\u017c praktyki i programy rozwojowe dla os\u00f3b studuj\u0105cych i tych, kt\u00f3re w\u0142a\u015bnie zako\u0144czy\u0142y proces edukacji. <\/p>\n\n\n\n<h4 class=\"wp-block-heading\" id=\"h-sprawdz-w-ogloszeniu-jakie-sa-systemy-czasu-pracy\">Sprawd\u017a w og\u0142oszeniu jakie s\u0105 systemy czasu pracy<\/h4>\n\n\n\n<p>Zatrudniamy na pe\u0142en etat, jak r\u00f3wnie\u017c na cz\u0119\u015b\u0107 etatu. Je\u015bli na danym stanowisku mo\u017cliwa jest praca w niepe\u0142nym wymiarze godzin, taka informacja widnieje w og\u0142oszeniu (np. 20 lub 30 godzin tygodniowo). Na niekt\u00f3rych stanowiskach istnieje mo\u017cliwo\u015b\u0107 podj\u0119cia pracy zdalnej, tak\u0105 informacj\u0119 zawsze sygnalizujemy w ofercie. Mamy zr\u00f3\u017cnicowane godziny pracy, co jest uzale\u017cnione od systemu pracy naszych zespo\u0142\u00f3w, a tak\u017ce naszych klient\u00f3w. Cz\u0119\u015b\u0107 os\u00f3b pracuje w systemie elastycznym, gdzie mo\u017cna dopasowa\u0107 godziny swojego przyj\u015bcia i wyj\u015bcia w standardowym przedziale czasowym 7-17. Cz\u0119\u015b\u0107 os\u00f3b pracuje w systemie zmianowym, gdzie s\u0105 wymagane \u015bcis\u0142e dy\u017cury i jednego dnia trzeba by\u0107 punktualnie od 7-15, a drugiego dnia od 9-17. S\u0105 te\u017c zespo\u0142y, kt\u00f3re maj\u0105 zmiany nocne. O wymogach czasowych danego stanowiska opowie rekruter w trakcie rozmowy kwalifikacyjnej.<\/p>\n<\/div><\/div><\/div><\/div><\/div><\/section>\n\n\n\n<p><\/p>\n","protected":false},"excerpt":{"rendered":"","protected":false},"author":413,"featured_media":0,"parent":699320,"menu_order":1,"comment_status":"closed","ping_status":"closed","template":"","meta":{"cg_dt_proposed_to":[],"cg_seo_hreflang_relations":"[]","cg_seo_canonical_relation":"","cg_seo_hreflang_x_default_relation":"{\"uuid\":\"69fe8c40-75ab-4b11-a5fb-d45003d58ca9\",\"blogId\":\"\",\"domain\":\"\",\"sitePath\":\"\",\"postLink\":\"\",\"postId\":null,\"isSaved\":true,\"isCrossLink\":false,\"hasCrossLink\":false}","cg_dt_approved_content":true,"cg_dt_mandatory_content":false,"cg_dt_notes":"","cg_dg_source_changed":false,"cg_dt_link_disabled":false,"_yoast_wpseo_primary_brand":"","footnotes":"","featured_focal_points":"","partner_card_description":"","gsap_animation":0},"brand":[],"partner_type":[],"service":[],"industry":[],"partners":[],"page-type":[],"content-group":[],"class_list":["post-21738","page","type-page","status-publish","hentry"],"yoast_head":"<!-- This site is optimized with the Yoast SEO Premium plugin v22.8 (Yoast SEO v22.8) - https:\/\/yoast.com\/wordpress\/plugins\/seo\/ -->\n<title>Jak wygl\u0105da proces rekrutacyjny? - Capgemini Poland<\/title>\n<meta name=\"description\" content=\"Dowiedz si\u0119 jak przej\u015b\u0107 przez proces rekrutacyjny w Capgemini. W chwili obecnej pracujemy w modelu hybrydowym.\" \/>\n<meta name=\"robots\" content=\"index, follow, max-snippet:-1, max-image-preview:large, max-video-preview:-1\" \/>\n<link rel=\"canonical\" href=\"https:\/\/www.capgemini.com\/pl-pl\/kariera\/twoja-kariera\/porady-rekrutacyjne\/proces-rekrutacyjny\/\" \/>\n<meta property=\"og:locale\" content=\"pl_PL\" \/>\n<meta property=\"og:type\" content=\"article\" \/>\n<meta property=\"og:title\" content=\"Jak wygl\u0105da proces rekrutacyjny?\" \/>\n<meta property=\"og:description\" content=\"Dowiedz si\u0119 jak przej\u015b\u0107 przez proces rekrutacyjny w Capgemini. W chwili obecnej pracujemy w modelu hybrydowym.\" \/>\n<meta property=\"og:url\" content=\"https:\/\/www.capgemini.com\/pl-pl\/kariera\/twoja-kariera\/porady-rekrutacyjne\/proces-rekrutacyjny\/\" \/>\n<meta property=\"og:site_name\" content=\"Capgemini Poland\" \/>\n<meta property=\"article:modified_time\" content=\"2025-11-25T08:23:47+00:00\" \/>\n<meta property=\"og:image\" content=\"https:\/\/www.capgemini.com\/pl-pl\/wp-content\/uploads\/sites\/27\/2024\/03\/Nowa-strona-bannery-6.png\" \/>\n<meta name=\"twitter:card\" content=\"summary_large_image\" \/>\n<meta name=\"twitter:label1\" content=\"Est. reading time\" \/>\n\t<meta name=\"twitter:data1\" content=\"5 minutes\" \/>\n<script type=\"application\/ld+json\" class=\"yoast-schema-graph\">{\"@context\":\"https:\/\/schema.org\",\"@graph\":[{\"@type\":\"WebPage\",\"@id\":\"https:\/\/www.capgemini.com\/pl-pl\/kariera\/twoja-kariera\/porady-rekrutacyjne\/proces-rekrutacyjny\/\",\"url\":\"https:\/\/www.capgemini.com\/pl-pl\/kariera\/twoja-kariera\/porady-rekrutacyjne\/proces-rekrutacyjny\/\",\"name\":\"Jak wygl\u0105da proces rekrutacyjny? - Capgemini Poland\",\"isPartOf\":{\"@id\":\"https:\/\/www.capgemini.com\/pl-pl\/#website\"},\"primaryImageOfPage\":{\"@id\":\"https:\/\/www.capgemini.com\/pl-pl\/kariera\/twoja-kariera\/porady-rekrutacyjne\/proces-rekrutacyjny\/#primaryimage\"},\"image\":{\"@id\":\"https:\/\/www.capgemini.com\/pl-pl\/kariera\/twoja-kariera\/porady-rekrutacyjne\/proces-rekrutacyjny\/#primaryimage\"},\"thumbnailUrl\":\"https:\/\/www.capgemini.com\/pl-pl\/wp-content\/uploads\/sites\/27\/2024\/03\/Nowa-strona-bannery-6.png\",\"datePublished\":\"2022-11-30T04:25:17+00:00\",\"dateModified\":\"2025-11-25T08:23:47+00:00\",\"description\":\"Dowiedz si\u0119 jak przej\u015b\u0107 przez proces rekrutacyjny w Capgemini. W chwili obecnej pracujemy w modelu hybrydowym.\",\"breadcrumb\":{\"@id\":\"https:\/\/www.capgemini.com\/pl-pl\/kariera\/twoja-kariera\/porady-rekrutacyjne\/proces-rekrutacyjny\/#breadcrumb\"},\"inLanguage\":\"pl-PL\",\"potentialAction\":[{\"@type\":\"ReadAction\",\"target\":[\"https:\/\/www.capgemini.com\/pl-pl\/kariera\/twoja-kariera\/porady-rekrutacyjne\/proces-rekrutacyjny\/\"]}]},{\"@type\":\"ImageObject\",\"inLanguage\":\"pl-PL\",\"@id\":\"https:\/\/www.capgemini.com\/pl-pl\/kariera\/twoja-kariera\/porady-rekrutacyjne\/proces-rekrutacyjny\/#primaryimage\",\"url\":\"https:\/\/www.capgemini.com\/pl-pl\/wp-content\/uploads\/sites\/27\/2024\/03\/Nowa-strona-bannery-6.png\",\"contentUrl\":\"https:\/\/www.capgemini.com\/pl-pl\/wp-content\/uploads\/sites\/27\/2024\/03\/Nowa-strona-bannery-6.png\",\"width\":2880,\"height\":1800,\"caption\":\"young woman shaking hans with her speaker\"},{\"@type\":\"BreadcrumbList\",\"@id\":\"https:\/\/www.capgemini.com\/pl-pl\/kariera\/twoja-kariera\/porady-rekrutacyjne\/proces-rekrutacyjny\/#breadcrumb\",\"itemListElement\":[{\"@type\":\"ListItem\",\"position\":1,\"name\":\"Home\",\"item\":\"https:\/\/www.capgemini.com\/pl-pl\/\"},{\"@type\":\"ListItem\",\"position\":2,\"name\":\"Kariera\",\"item\":\"https:\/\/www.capgemini.com\/pl-pl\/kariera\/\"},{\"@type\":\"ListItem\",\"position\":3,\"name\":\"Twoja kariera\",\"item\":\"https:\/\/www.capgemini.com\/pl-pl\/kariera\/twoja-kariera\/\"},{\"@type\":\"ListItem\",\"position\":4,\"name\":\"Porady rekrutacyjne\",\"item\":\"https:\/\/www.capgemini.com\/pl-pl\/kariera\/twoja-kariera\/porady-rekrutacyjne\/\"},{\"@type\":\"ListItem\",\"position\":5,\"name\":\"Jak wygl\u0105da proces rekrutacyjny?\"}]},{\"@type\":\"WebSite\",\"@id\":\"https:\/\/www.capgemini.com\/pl-pl\/#website\",\"url\":\"https:\/\/www.capgemini.com\/pl-pl\/\",\"name\":\"Capgemini Polska\",\"description\":\"Capgemini\",\"potentialAction\":[{\"@type\":\"SearchAction\",\"target\":{\"@type\":\"EntryPoint\",\"urlTemplate\":\"https:\/\/www.capgemini.com\/pl-pl\/?s={search_term_string}\"},\"query-input\":\"required name=search_term_string\"}],\"inLanguage\":\"pl-PL\"}]}<\/script>\n<!-- \/ Yoast SEO Premium plugin. -->","yoast_head_json":{"title":"Jak wygl\u0105da proces rekrutacyjny? - Capgemini Poland","description":"Dowiedz si\u0119 jak przej\u015b\u0107 przez proces rekrutacyjny w Capgemini. W chwili obecnej pracujemy w modelu hybrydowym.","robots":{"index":"index","follow":"follow","max-snippet":"max-snippet:-1","max-image-preview":"max-image-preview:large","max-video-preview":"max-video-preview:-1"},"canonical":"https:\/\/www.capgemini.com\/pl-pl\/kariera\/twoja-kariera\/porady-rekrutacyjne\/proces-rekrutacyjny\/","og_locale":"pl_PL","og_type":"article","og_title":"Jak wygl\u0105da proces rekrutacyjny?","og_description":"Dowiedz si\u0119 jak przej\u015b\u0107 przez proces rekrutacyjny w Capgemini. W chwili obecnej pracujemy w modelu hybrydowym.","og_url":"https:\/\/www.capgemini.com\/pl-pl\/kariera\/twoja-kariera\/porady-rekrutacyjne\/proces-rekrutacyjny\/","og_site_name":"Capgemini Poland","article_modified_time":"2025-11-25T08:23:47+00:00","og_image":[{"url":"https:\/\/www.capgemini.com\/pl-pl\/wp-content\/uploads\/sites\/27\/2024\/03\/Nowa-strona-bannery-6.png"}],"twitter_card":"summary_large_image","twitter_misc":{"Est. reading time":"5 minutes"},"schema":{"@context":"https:\/\/schema.org","@graph":[{"@type":"WebPage","@id":"https:\/\/www.capgemini.com\/pl-pl\/kariera\/twoja-kariera\/porady-rekrutacyjne\/proces-rekrutacyjny\/","url":"https:\/\/www.capgemini.com\/pl-pl\/kariera\/twoja-kariera\/porady-rekrutacyjne\/proces-rekrutacyjny\/","name":"Jak wygl\u0105da proces rekrutacyjny? - Capgemini Poland","isPartOf":{"@id":"https:\/\/www.capgemini.com\/pl-pl\/#website"},"primaryImageOfPage":{"@id":"https:\/\/www.capgemini.com\/pl-pl\/kariera\/twoja-kariera\/porady-rekrutacyjne\/proces-rekrutacyjny\/#primaryimage"},"image":{"@id":"https:\/\/www.capgemini.com\/pl-pl\/kariera\/twoja-kariera\/porady-rekrutacyjne\/proces-rekrutacyjny\/#primaryimage"},"thumbnailUrl":"https:\/\/www.capgemini.com\/pl-pl\/wp-content\/uploads\/sites\/27\/2024\/03\/Nowa-strona-bannery-6.png","datePublished":"2022-11-30T04:25:17+00:00","dateModified":"2025-11-25T08:23:47+00:00","description":"Dowiedz si\u0119 jak przej\u015b\u0107 przez proces rekrutacyjny w Capgemini. W chwili obecnej pracujemy w modelu hybrydowym.","breadcrumb":{"@id":"https:\/\/www.capgemini.com\/pl-pl\/kariera\/twoja-kariera\/porady-rekrutacyjne\/proces-rekrutacyjny\/#breadcrumb"},"inLanguage":"pl-PL","potentialAction":[{"@type":"ReadAction","target":["https:\/\/www.capgemini.com\/pl-pl\/kariera\/twoja-kariera\/porady-rekrutacyjne\/proces-rekrutacyjny\/"]}]},{"@type":"ImageObject","inLanguage":"pl-PL","@id":"https:\/\/www.capgemini.com\/pl-pl\/kariera\/twoja-kariera\/porady-rekrutacyjne\/proces-rekrutacyjny\/#primaryimage","url":"https:\/\/www.capgemini.com\/pl-pl\/wp-content\/uploads\/sites\/27\/2024\/03\/Nowa-strona-bannery-6.png","contentUrl":"https:\/\/www.capgemini.com\/pl-pl\/wp-content\/uploads\/sites\/27\/2024\/03\/Nowa-strona-bannery-6.png","width":2880,"height":1800,"caption":"young woman shaking hans with her speaker"},{"@type":"BreadcrumbList","@id":"https:\/\/www.capgemini.com\/pl-pl\/kariera\/twoja-kariera\/porady-rekrutacyjne\/proces-rekrutacyjny\/#breadcrumb","itemListElement":[{"@type":"ListItem","position":1,"name":"Home","item":"https:\/\/www.capgemini.com\/pl-pl\/"},{"@type":"ListItem","position":2,"name":"Kariera","item":"https:\/\/www.capgemini.com\/pl-pl\/kariera\/"},{"@type":"ListItem","position":3,"name":"Twoja kariera","item":"https:\/\/www.capgemini.com\/pl-pl\/kariera\/twoja-kariera\/"},{"@type":"ListItem","position":4,"name":"Porady rekrutacyjne","item":"https:\/\/www.capgemini.com\/pl-pl\/kariera\/twoja-kariera\/porady-rekrutacyjne\/"},{"@type":"ListItem","position":5,"name":"Jak wygl\u0105da proces rekrutacyjny?"}]},{"@type":"WebSite","@id":"https:\/\/www.capgemini.com\/pl-pl\/#website","url":"https:\/\/www.capgemini.com\/pl-pl\/","name":"Capgemini Polska","description":"Capgemini","potentialAction":[{"@type":"SearchAction","target":{"@type":"EntryPoint","urlTemplate":"https:\/\/www.capgemini.com\/pl-pl\/?s={search_term_string}"},"query-input":"required name=search_term_string"}],"inLanguage":"pl-PL"}]}},"brand_term":[],"parsely":{"version":"1.1.0","canonical_url":"https:\/\/capgemini.com\/pl-pl\/kariera\/twoja-kariera\/porady-rekrutacyjne\/proces-rekrutacyjny\/","smart_links":{"inbound":0,"outbound":0},"traffic_boost_suggestions_count":0,"meta":{"@context":"https:\/\/schema.org","@type":"WebPage","headline":"Jak wygl\u0105da proces rekrutacyjny?","url":"https:\/\/www.capgemini.com\/pl-pl\/kariera\/twoja-kariera\/porady-rekrutacyjne\/proces-rekrutacyjny\/","mainEntityOfPage":{"@type":"WebPage","@id":"https:\/\/www.capgemini.com\/pl-pl\/kariera\/twoja-kariera\/porady-rekrutacyjne\/proces-rekrutacyjny\/"},"thumbnailUrl":"","image":{"@type":"ImageObject","url":""},"articleSection":"Uncategorized","author":[],"creator":[],"publisher":{"@type":"Organization","name":"Capgemini Poland","logo":""},"keywords":[],"dateCreated":"2022-11-30T04:25:17Z","datePublished":"2022-11-30T04:25:17Z","dateModified":"2025-11-25T08:23:47Z"},"rendered":"<meta name=\"parsely-title\" content=\"Jak wygl\u0105da proces rekrutacyjny?\" \/>\n<meta name=\"parsely-link\" content=\"https:\/\/www.capgemini.com\/pl-pl\/kariera\/twoja-kariera\/porady-rekrutacyjne\/proces-rekrutacyjny\/\" \/>\n<meta name=\"parsely-type\" content=\"index\" \/>\n<meta name=\"parsely-pub-date\" content=\"2022-11-30T04:25:17Z\" \/>\n<meta name=\"parsely-section\" content=\"Uncategorized\" \/>","tracker_url":"https:\/\/cdn.parsely.com\/keys\/capgemini.com\/p.js"},"archive_status":false,"featured_image_src":"https:\/\/www.capgemini.com\/pl-pl\/wp-content\/themes\/capgemini2025\/assets\/images\/mockup.png","featured_image_alt":false,"jetpack_sharing_enabled":true,"distributor_meta":false,"distributor_terms":false,"distributor_media":false,"distributor_original_site_name":"Capgemini Poland","distributor_original_site_url":"https:\/\/www.capgemini.com\/pl-pl","push-errors":false,"_links":{"self":[{"href":"https:\/\/www.capgemini.com\/pl-pl\/wp-json\/wp\/v2\/pages\/21738","targetHints":{"allow":["GET"]}}],"collection":[{"href":"https:\/\/www.capgemini.com\/pl-pl\/wp-json\/wp\/v2\/pages"}],"about":[{"href":"https:\/\/www.capgemini.com\/pl-pl\/wp-json\/wp\/v2\/types\/page"}],"author":[{"embeddable":true,"href":"https:\/\/www.capgemini.com\/pl-pl\/wp-json\/wp\/v2\/users\/413"}],"replies":[{"embeddable":true,"href":"https:\/\/www.capgemini.com\/pl-pl\/wp-json\/wp\/v2\/comments?post=21738"}],"version-history":[{"count":20,"href":"https:\/\/www.capgemini.com\/pl-pl\/wp-json\/wp\/v2\/pages\/21738\/revisions"}],"predecessor-version":[{"id":913501,"href":"https:\/\/www.capgemini.com\/pl-pl\/wp-json\/wp\/v2\/pages\/21738\/revisions\/913501"}],"up":[{"embeddable":true,"href":"https:\/\/www.capgemini.com\/pl-pl\/wp-json\/wp\/v2\/pages\/699320"}],"wp:attachment":[{"href":"https:\/\/www.capgemini.com\/pl-pl\/wp-json\/wp\/v2\/media?parent=21738"}],"wp:term":[{"taxonomy":"brand","embeddable":true,"href":"https:\/\/www.capgemini.com\/pl-pl\/wp-json\/wp\/v2\/brand?post=21738"},{"taxonomy":"partner_type","embeddable":true,"href":"https:\/\/www.capgemini.com\/pl-pl\/wp-json\/wp\/v2\/partner_type?post=21738"},{"taxonomy":"service","embeddable":true,"href":"https:\/\/www.capgemini.com\/pl-pl\/wp-json\/wp\/v2\/service?post=21738"},{"taxonomy":"industry","embeddable":true,"href":"https:\/\/www.capgemini.com\/pl-pl\/wp-json\/wp\/v2\/industry?post=21738"},{"taxonomy":"partners","embeddable":true,"href":"https:\/\/www.capgemini.com\/pl-pl\/wp-json\/wp\/v2\/partners?post=21738"},{"taxonomy":"page-type","embeddable":true,"href":"https:\/\/www.capgemini.com\/pl-pl\/wp-json\/wp\/v2\/page-type?post=21738"},{"taxonomy":"content-group","embeddable":true,"href":"https:\/\/www.capgemini.com\/pl-pl\/wp-json\/wp\/v2\/content-group?post=21738"}],"curies":[{"name":"wp","href":"https:\/\/api.w.org\/{rel}","templated":true}]}}