{"id":21558,"date":"2022-11-28T10:11:06","date_gmt":"2022-11-28T10:11:06","guid":{"rendered":"https:\/\/www.capgemini.com\/pl-pl\/?page_id=21558"},"modified":"2025-10-31T11:53:36","modified_gmt":"2025-10-31T11:53:36","slug":"praca-dla-studenta","status":"publish","type":"page","link":"https:\/\/www.capgemini.com\/pl-pl\/kariera\/praca-dla-studenta-capgemini\/","title":{"rendered":"Praca dla studenta"},"content":{"rendered":"\n<div class=\"wp-block-cg-blocks-hero-picture-card undefined  heroPictureCard\"><div class=\"heroPictureCardBgs\"><picture><source srcset=\"https:\/\/www.capgemini.com\/pl-pl\/wp-content\/uploads\/sites\/27\/2023\/01\/Dla-studenta-2.png?w=2880&amp;quality=70 1x, https:\/\/www.capgemini.com\/pl-pl\/wp-content\/uploads\/sites\/27\/2023\/01\/Dla-studenta-2.png?w=2880&amp;quality=70 2x\" media=\"(min-width: 1500px)\"\/><source srcset=\"https:\/\/www.capgemini.com\/pl-pl\/wp-content\/uploads\/sites\/27\/2023\/01\/Dla-studenta-2.png?w=1440&amp;quality=70 1x, https:\/\/www.capgemini.com\/pl-pl\/wp-content\/uploads\/sites\/27\/2023\/01\/Dla-studenta-2.png?w=2880&amp;quality=70 2x\" media=\"(min-width: 992px)\"\/><source srcset=\"https:\/\/www.capgemini.com\/pl-pl\/wp-content\/uploads\/sites\/27\/2023\/01\/Dla-studenta-2.png?w=1024&amp;quality=70 1x, https:\/\/www.capgemini.com\/pl-pl\/wp-content\/uploads\/sites\/27\/2023\/01\/Dla-studenta-2.png?w=1024&amp;quality=70 2x\" media=\"(min-width: 768px)\"\/><source srcset=\"https:\/\/www.capgemini.com\/pl-pl\/wp-content\/uploads\/sites\/27\/2023\/01\/Dla-studenta-2.png?w=768&amp;quality=70 1x, https:\/\/www.capgemini.com\/pl-pl\/wp-content\/uploads\/sites\/27\/2023\/01\/Dla-studenta-2.png?w=768&amp;quality=70 2x\" media=\"(min-width: 0)\"\/><img decoding=\"async\" src=\"https:\/\/www.capgemini.com\/pl-pl\/wp-content\/uploads\/sites\/27\/2023\/01\/Dla-studenta-2.png\" class=\"desktopImage\" alt=\"\" style=\"object-fit:cover;object-position:53% 73%\" loading=\"eager\"\/><\/picture><picture><source srcset=\"https:\/\/www.capgemini.com\/pl-pl\/wp-content\/uploads\/sites\/27\/2023\/01\/Dla-studenta-2.png?w=2880&amp;quality=70 1x, https:\/\/www.capgemini.com\/pl-pl\/wp-content\/uploads\/sites\/27\/2023\/01\/Dla-studenta-2.png?w=2880&amp;quality=70 2x\" media=\"(min-width: 1500px)\"\/><source srcset=\"https:\/\/www.capgemini.com\/pl-pl\/wp-content\/uploads\/sites\/27\/2023\/01\/Dla-studenta-2.png?w=1440&amp;quality=70 1x, https:\/\/www.capgemini.com\/pl-pl\/wp-content\/uploads\/sites\/27\/2023\/01\/Dla-studenta-2.png?w=2880&amp;quality=70 2x\" media=\"(min-width: 992px)\"\/><source srcset=\"https:\/\/www.capgemini.com\/pl-pl\/wp-content\/uploads\/sites\/27\/2023\/01\/Dla-studenta-2.png?w=1024&amp;quality=70 1x, https:\/\/www.capgemini.com\/pl-pl\/wp-content\/uploads\/sites\/27\/2023\/01\/Dla-studenta-2.png?w=1024&amp;quality=70 2x\" media=\"(min-width: 768px)\"\/><source srcset=\"https:\/\/www.capgemini.com\/pl-pl\/wp-content\/uploads\/sites\/27\/2023\/01\/Dla-studenta-2.png?w=768&amp;quality=70 1x, https:\/\/www.capgemini.com\/pl-pl\/wp-content\/uploads\/sites\/27\/2023\/01\/Dla-studenta-2.png?w=768&amp;quality=70 2x\" media=\"(min-width: 0)\"\/><img decoding=\"async\" src=\"https:\/\/www.capgemini.com\/pl-pl\/wp-content\/uploads\/sites\/27\/2023\/01\/Dla-studenta-2.png\" class=\"mobileImage\" alt=\"\" style=\"object-fit:cover;object-position:53% 73%\" loading=\"eager\"\/><\/picture><\/div><div class=\"heroPictureCardHeaderShape\"><\/div><div class=\"container\"><div class=\"row\"><div class=\"col-md-8 col-lg-6\"><div class=\"heroPictureCardBox\"><div class=\"heroPictureCardBoxTitle\"><h1 data-maxlength=\"144\">Praca dla studenta<\/h1><\/div><\/div><\/div><\/div><\/div><div class=\"small-device\"><div class=\"brandLogoWrapper\"> <\/div><\/div><\/div>\n\n\n\n<section class=\"wp-block-cg-blocks-group undefined section section--article-content\"><div class=\"article-main-content\"><div class=\"container\"><div class=\"row\"><div class=\"col-12 col-md-1\"><nav class=\"article-social\"><ul class=\"social-nav\"><li class=\"ip-order-fb\"><a href=\"https:\/\/www.facebook.com\/sharer\/sharer.php?u=https:\/\/www.capgemini.com\/pl-pl\/?page_id=21558\" target=\"_blank\" rel=\"noopener noreferrer\" title=\"opens in a new window\"><i aria-hidden=\"true\" class=\"icon-fb\"><\/i><span class=\"sr-only\">Facebook<\/span><\/a><\/li><li class=\"ip-order-tw\"><a href=\"https:\/\/twitter.com\/intent\/tweet?url=https:\/\/www.capgemini.com\/pl-pl\/?page_id=21558&amp;text=\" target=\"_blank\" rel=\"noopener noreferrer\" title=\"opens in a new window\"><i aria-hidden=\"true\" class=\"icon-tw\"><\/i><span class=\"sr-only\">Twitter<\/span><\/a><\/li><li class=\"ip-order-li\"><a href=\"https:\/\/www.linkedin.com\/sharing\/share-offsite\/?url=https:\/\/www.capgemini.com\/pl-pl\/?page_id=21558&amp;text=\" target=\"_blank\" rel=\"noopener noreferrer\" title=\"opens in a new window\"><i aria-hidden=\"true\" class=\"icon-li\"><\/i><span class=\"sr-only\">Linkedin<\/span><\/a><\/li><\/ul><\/nav><\/div><div class=\"col-12 col-md-11 col-lg-10\"><div class=\"article-text article-quote-text\">\n<h3 class=\"wp-block-heading\">Wykorzystaj znajomo\u015b\u0107 j\u0119zyka francuskiego lub niemieckiego. Do\u0142\u0105cz do nas i pracuj w zgranym zespole!<\/h3>\n\n\n\n<h4 class=\"wp-block-heading\" id=\"h-przejdz-przez-proces-rekrutacji-online\">Przejd\u017a przez proces rekrutacji online.<\/h4>\n\n\n\n<p>Oferujemy szereg r\u00f3l dla os\u00f3b, kt\u00f3re dopiero zaczynaj\u0105 swoj\u0105 karier\u0119 zawodow\u0105, w tym student\u00f3w i absolwent\u00f3w, kt\u00f3rzy nie posiadaj\u0105 do\u015bwiadczenia zawodowego.<\/p>\n\n\n\n<p>Jakie mamy wymagania? Cenne s\u0105 dla nas Twoje umiej\u0119tno\u015bci j\u0119zykowe m.in. bardzo dobra znajomo\u015b\u0107 j\u0119zyka francuskiego lub niemieckiego,&nbsp; a tak\u017ce Twoje umiej\u0119tno\u015bci organizacyjne, komunikacyjne. B\u0119dzie si\u0119 liczy\u0107 r\u00f3wnie\u017c wiedza wyniesiona ze studi\u00f3w, szczeg\u00f3lnie na takich kierunkach jak ekonomia, informatyka, studia lingwistyczne, finanse, ale te\u017c inne.<\/p>\n\n\n\n<h5 class=\"wp-block-heading\" id=\"h-praca-na-pelen-etat-czeka-na-ciebie-w-krakowie-katowicach-opolu-i-lublinie\">Praca na pe\u0142en etat czeka na Ciebie w Krakowie, Katowicach, Opolu i Lublinie.<\/h5>\n\n\n\n<h4 class=\"wp-block-heading\" id=\"h-praca-w-finansach-ksiegowosci-hr-lub-procesach-biznesowych-to-m-in\">Praca w finansach, ksi\u0119gowo\u015bci, HR lub procesach biznesowych to m.in.<\/h4>\n\n\n\n<ul class=\"wp-block-list\">\n<li>prawid\u0142owe&nbsp;i terminowe przetwarzanie danych finansowych,<\/li>\n\n\n\n<li>przygotowywanie raport\u00f3w i analiz na pro\u015bby bezpo\u015brednich prze\u0142o\u017conych,<\/li>\n\n\n\n<li>przetwarzanie faktur zakupu i not ksi\u0119gowych,<\/li>\n\n\n\n<li>analiza dokumentacji ksi\u0119gowej,<\/li>\n\n\n\n<li>skuteczna wsp\u00f3\u0142praca z klientami i wsp\u00f3\u0142pracownikami.<\/li>\n<\/ul>\n\n\n\n<h4 class=\"wp-block-heading\" id=\"h-praca-w-it-to-m-in\">Praca w IT to m.in.<\/h4>\n\n\n\n<ul class=\"wp-block-list\">\n<li>obs\u0142uga rozm\u00f3w telefonicznych i korespondencji e-mailowej, tylko po\u0142\u0105czenia przychodz\u0105ce, w zakresie pyta\u0144 dotycz\u0105cych pojawiaj\u0105cych si\u0119 u klienta problem\u00f3w technicznych zwi\u0105zanych z codziennym u\u017cytkowaniem komputera w oparciu o opracowane przez zesp\u00f3\u0142 rozwi\u0105zania,<\/li>\n\n\n\n<li>zapewnienie wysokiej jako\u015bci obs\u0142ugi naszym klientom,<\/li>\n\n\n\n<li>wsp\u00f3\u0142praca z zespo\u0142em specjalist\u00f3w IT przy rozwi\u0105zywaniu bardziej z\u0142o\u017conych problem\u00f3w.<\/li>\n<\/ul>\n\n\n\n<div class=\"wp-block-buttons is-layout-flex wp-block-buttons-is-layout-flex\">\n<div class=\"wp-block-button is-style-outline is-style-outline--1\"><a class=\"wp-block-button__link wp-element-button\" href=\"https:\/\/career5.successfactors.eu\/sfcareer\/jobreqcareerpvt?jobId=381584&amp;company=C0001123183P&amp;username=&amp;st=5622C2166CA555A7790181BFB94A4FE66F202950\" target=\"_blank\" rel=\"noreferrer noopener\">Aplikuj<\/a><\/div>\n<\/div>\n\n\n\n<h4 class=\"wp-block-heading\" id=\"h-co-oferujemy\">Co oferujemy?<\/h4>\n\n\n\n<p><strong>Osobisty i zawodowy rozw\u00f3j<\/strong><\/p>\n\n\n\n<ul class=\"wp-block-list\">\n<li>Plan wdro\u017ceniowy dla nowych pracownik\u00f3w i wsparcie koleg\u00f3w od samego pocz\u0105tku<\/li>\n\n\n\n<li>Programy rozwojowe, zewn\u0119trzne kursy, dofinansowanie edukacji i certyfikacji, platforma NEXT z darmowym dost\u0119pem do TED talk\u00f3w, materia\u0142\u00f3w Coursera czy wirtualnych szkole\u0144 (np. Excel, VBA, RPA, customer care).<\/li>\n\n\n\n<li>Mo\u017cliwo\u015b\u0107 wyboru godzin pracy dzi\u0119ki r\u00f3\u017cnorodno\u015bci projekt\u00f3w (standard, zmiany popo\u0142udniowe, cz\u0119\u015b\u0107 etatu, praca zdalna). O mo\u017cliwe opcje zapytaj swojego rekrutera.<\/li>\n<\/ul>\n\n\n\n<p><strong>Legendarna atmosfera w Capgemini<\/strong><\/p>\n\n\n\n<ul class=\"wp-block-list\">\n<li>Nie obowi\u0105zuje nas sztywny dress code, mamy za to \u015bwietne grupy zainteresowa\u0144 i dost\u0119p do inicjatyw, kt\u00f3re pozwalaj\u0105 nam zmienia\u0107 \u015bwiat. Ch\u0119tnie zaczynamy dzie\u0144 od wsp\u00f3lnej kawy \u2013 nawet je\u015bli mo\u017cemy j\u0105 wypi\u0107 tylko wirtualnie! Jeste\u015bmy du\u017c\u0105 firm\u0105 z wyj\u0105tkow\u0105 atmosfer\u0105 \u2013 nawi\u0105zujemy przyja\u017anie, dzielimy wa\u017cne momenty i tak po prostu, zwyczajnie si\u0119 lubimy&nbsp;<img decoding=\"async\" style=\"width: 20px;\" src=\"https:\/\/s.w.org\/images\/core\/emoji\/14.0.0\/svg\/1f609.svg\" alt=\"\ud83d\ude09\"><\/li>\n<\/ul>\n\n\n\n<p><strong>Inne benefity<\/strong><\/p>\n\n\n\n<ul class=\"wp-block-list\">\n<li>Prywatna opieka medyczna, dodatkowe ubezpieczenie na \u017cycie i infolinia StayWell.<\/li>\n\n\n\n<li>Dodatkowe bonusy za polecanie znajomych do pracy.<\/li>\n\n\n\n<li>Dost\u0119p do audiobook\u00f3w Inspiro i platformy MyBenefit.<\/li>\n\n\n\n<li>Darmowa kawa, mleko, woda i herbata.<\/li>\n<\/ul>\n\n\n\n<h4 class=\"wp-block-heading\" id=\"h-wyslij-cv-nbsp-czekamy-na-ciebie\">Wy\u015blij CV!&nbsp;Czekamy na Ciebie<\/h4>\n\n\n\n<div class=\"wp-block-buttons is-layout-flex wp-block-buttons-is-layout-flex\">\n<div class=\"wp-block-button is-style-outline is-style-outline--2\"><a class=\"wp-block-button__link wp-element-button\" href=\"https:\/\/career5.successfactors.eu\/sfcareer\/jobreqcareerpvt?jobId=381584&amp;company=C0001123183P&amp;username=&amp;st=5622C2166CA555A7790181BFB94A4FE66F202950\" target=\"_blank\" rel=\"noreferrer noopener\">Aplikuj<\/a><\/div>\n<\/div>\n\n\n\n<hr class=\"wp-block-separator has-alpha-channel-opacity\"\/>\n\n\n\n<h4 class=\"wp-block-heading\" id=\"h-szukasz-pracy-w-niepelnym-wymiarze-godzin-lub-jestes-zainteresowany-stazem-sledz-nasz-kanal-na-facebook-u-lub-przejdz-do-nbsp-wyszukiwarki-ofert-pracy-nbsp\">Szukasz pracy w niepe\u0142nym wymiarze godzin lub jeste\u015b zainteresowany sta\u017cem, \u015bled\u017a nasz kana\u0142 na Facebook`u lub przejd\u017a do&nbsp;<a href=\"http:\/\/pl-pl\/jobs\/\">wyszukiwarki ofert pracy.<\/a>&nbsp;<\/h4>\n\n\n\n<div class=\"wp-block-buttons is-layout-flex wp-block-buttons-is-layout-flex\">\n<div class=\"wp-block-button is-style-outline is-style-outline--3\"><a class=\"wp-block-button__link wp-element-button\" href=\"https:\/\/forms.freshmail.io\/f\/rw5uwe43ij\/rrwtfs7bue\/index.html?standalone\" target=\"_blank\" rel=\"noreferrer noopener\">Zapisz si\u0119 na Newsletter<\/a><\/div>\n<\/div>\n<\/div><\/div><\/div><\/div><\/div><\/section>\n\n\n\n<section class=\"wp-block-cg-blocks-learn-more updated-new-sample-amal learnMoreBlock\"><div class=\"container\"><div class=\"content-title\"><h2 class=\"learnmore-heading\">Dowiedz si\u0119 wi\u0119cej!<\/h2><\/div><div class=\"row\"><div class=\"col-md-4\"><div class=\"box\"><div class=\"box-wrapper\"><a class=\"box-title\" href=\"https:\/\/www.capgemini.com\/pl-pl\/kariera\/zycie-w-capgemini\/\" target=\"\" aria-label=\"\u017bycie w Capgemini\" rel=\"noopener noreferrer\"><div class=\"box-img-wrapper\"><img decoding=\"async\" src=\"https:\/\/www.capgemini.com\/pl-pl\/wp-content\/uploads\/sites\/27\/2022\/12\/Capgemini_Life-at.jpg?w=500&amp;quality=70\" srcset=\"https:\/\/www.capgemini.com\/pl-pl\/wp-content\/uploads\/sites\/27\/2022\/12\/Capgemini_Life-at.jpg?w=500&amp;quality=70 1x, https:\/\/www.capgemini.com\/pl-pl\/wp-content\/uploads\/sites\/27\/2022\/12\/Capgemini_Life-at.jpg?w=1000&amp;quality=70 2x\" class=\"box-img\" alt=\"\" style=\"object-fit:cover;object-position:50% 50%\" loading=\"lazy\"\/><\/div><h3 class=\"titleWithoutLink_learnMore\">\u017bycie w Capgemini<\/h3><\/a><\/div><\/div><div class=\"box-inner\"><p class=\"box-desc\">Jeste\u015bmy mi\u0119dzynarodow\u0105 organizacj\u0105, w kt\u00f3rej mo\u017cesz rozwija\u0107 sw\u00f3j pe\u0142ny potencja\u0142.<\/p><\/div><\/div><div class=\"col-md-4\"><div class=\"box\"><div class=\"box-wrapper\"><a class=\"box-title\" href=\"https:\/\/www.capgemini.com\/pl-pl\/kariera\/twoja-kariera\/porady-rekrutacyjne\/proces-rekrutacyjny\" target=\"\" aria-label=\"Proces rekrutacyjny\" rel=\"noopener noreferrer\"><div class=\"box-img-wrapper\"><img decoding=\"async\" src=\"https:\/\/www.capgemini.com\/pl-pl\/wp-content\/uploads\/sites\/27\/2022\/12\/Capgemini_Services_ADMnext-1.jpg?w=500&amp;quality=70\" srcset=\"https:\/\/www.capgemini.com\/pl-pl\/wp-content\/uploads\/sites\/27\/2022\/12\/Capgemini_Services_ADMnext-1.jpg?w=500&amp;quality=70 1x, https:\/\/www.capgemini.com\/pl-pl\/wp-content\/uploads\/sites\/27\/2022\/12\/Capgemini_Services_ADMnext-1.jpg?w=1000&amp;quality=70 2x\" class=\"box-img\" alt=\"\" style=\"object-fit:cover;object-position:50% 50%\" loading=\"lazy\"\/><\/div><h3 class=\"titleWithoutLink_learnMore\">Proces rekrutacyjny<\/h3><\/a><\/div><\/div><div class=\"box-inner\"><p class=\"box-desc\">Dowiedz si\u0119 wi\u0119cej na temat tego, jak przebiega proces rekrutacji w naszej firmie. <\/p><\/div><\/div><div class=\"col-md-4\"><div class=\"box\"><div class=\"box-wrapper\"><a class=\"box-title\" href=\"https:\/\/www.capgemini.com\/pl-pl\/kariera\/dlaczego-capgemini\/zagraj-z-nami-w-capgemini\/\" target=\"\" aria-label=\"Zagraj z nami w Capgemini\" rel=\"noopener noreferrer\"><div class=\"box-img-wrapper\"><img decoding=\"async\" src=\"https:\/\/www.capgemini.com\/pl-pl\/wp-content\/uploads\/sites\/27\/2022\/12\/Capgemini_Solution_Intelligent-A.jpg?w=500&amp;quality=70\" srcset=\"https:\/\/www.capgemini.com\/pl-pl\/wp-content\/uploads\/sites\/27\/2022\/12\/Capgemini_Solution_Intelligent-A.jpg?w=500&amp;quality=70 1x, https:\/\/www.capgemini.com\/pl-pl\/wp-content\/uploads\/sites\/27\/2022\/12\/Capgemini_Solution_Intelligent-A.jpg?w=1000&amp;quality=70 2x\" class=\"box-img\" alt=\"\" style=\"object-fit:cover;object-position:50% 50%\" loading=\"lazy\"\/><\/div><h3 class=\"titleWithoutLink_learnMore\">Zagraj z nami w Capgemini<\/h3><\/a><\/div><\/div><div class=\"box-inner\"><p class=\"box-desc\">W Capgemini wierzymy, \u017ce je\u015bli robisz to co lubisz, stale si\u0119 w tym rozwijasz.<\/p><\/div><\/div><\/div><\/div><\/section>\n","protected":false},"excerpt":{"rendered":"","protected":false},"author":413,"featured_media":699681,"parent":0,"menu_order":0,"comment_status":"closed","ping_status":"closed","template":"","meta":{"cg_dt_proposed_to":[],"cg_seo_hreflang_relations":"[]","cg_seo_canonical_relation":"","cg_seo_hreflang_x_default_relation":"{\"uuid\":\"2918e046-3ca9-477e-be1c-0002e1c87310\",\"blogId\":\"\",\"domain\":\"\",\"sitePath\":\"\",\"postLink\":\"\",\"postId\":null,\"isSaved\":true,\"isCrossLink\":false,\"hasCrossLink\":false}","cg_dt_approved_content":true,"cg_dt_mandatory_content":false,"cg_dt_notes":"","cg_dg_source_changed":false,"cg_dt_link_disabled":false,"_yoast_wpseo_primary_brand":"","footnotes":"","featured_focal_points":"","partner_card_description":"","gsap_animation":0},"brand":[],"partner_type":[],"service":[],"industry":[],"partners":[],"page-type":[],"content-group":[],"class_list":["post-21558","page","type-page","status-publish","has-post-thumbnail","hentry"],"yoast_head":"<!-- This site is optimized with the Yoast SEO Premium plugin v22.8 (Yoast SEO v22.8) - https:\/\/yoast.com\/wordpress\/plugins\/seo\/ -->\n<title>Praca dla studenta - Capgemini Poland<\/title>\n<meta name=\"description\" content=\"Wykorzystaj znajomo\u015b\u0107 j\u0119zyka francuskiego lub niemieckiego. Do\u0142\u0105cz do nas i pracuj w zgranym zespole!\" \/>\n<meta name=\"robots\" content=\"index, follow, max-snippet:-1, max-image-preview:large, max-video-preview:-1\" \/>\n<link rel=\"canonical\" href=\"https:\/\/www.capgemini.com\/pl-pl\/kariera\/praca-dla-studenta-capgemini\/\" \/>\n<meta property=\"og:locale\" content=\"pl_PL\" \/>\n<meta property=\"og:type\" content=\"article\" \/>\n<meta property=\"og:title\" content=\"Praca dla studenta\" \/>\n<meta property=\"og:description\" content=\"Wykorzystaj znajomo\u015b\u0107 j\u0119zyka francuskiego lub niemieckiego. Do\u0142\u0105cz do nas i pracuj w zgranym zespole!\" \/>\n<meta property=\"og:url\" content=\"https:\/\/www.capgemini.com\/pl-pl\/kariera\/praca-dla-studenta-capgemini\/\" \/>\n<meta property=\"og:site_name\" content=\"Capgemini Poland\" \/>\n<meta property=\"article:modified_time\" content=\"2025-10-31T11:53:36+00:00\" \/>\n<meta property=\"og:image\" content=\"https:\/\/www.capgemini.com\/pl-pl\/wp-content\/uploads\/sites\/27\/2025\/10\/New-Web-preview-global.jpg\" \/>\n\t<meta property=\"og:image:width\" content=\"1200\" \/>\n\t<meta property=\"og:image:height\" content=\"627\" \/>\n\t<meta property=\"og:image:type\" content=\"image\/jpeg\" \/>\n<meta name=\"twitter:card\" content=\"summary_large_image\" \/>\n<meta name=\"twitter:label1\" content=\"Est. reading time\" \/>\n\t<meta name=\"twitter:data1\" content=\"4 minutes\" \/>\n<script type=\"application\/ld+json\" class=\"yoast-schema-graph\">{\"@context\":\"https:\/\/schema.org\",\"@graph\":[{\"@type\":\"WebPage\",\"@id\":\"https:\/\/www.capgemini.com\/pl-pl\/kariera\/praca-dla-studenta-capgemini\/\",\"url\":\"https:\/\/www.capgemini.com\/pl-pl\/kariera\/praca-dla-studenta-capgemini\/\",\"name\":\"Praca dla studenta - Capgemini Poland\",\"isPartOf\":{\"@id\":\"https:\/\/www.capgemini.com\/pl-pl\/#website\"},\"primaryImageOfPage\":{\"@id\":\"https:\/\/www.capgemini.com\/pl-pl\/kariera\/praca-dla-studenta-capgemini\/#primaryimage\"},\"image\":{\"@id\":\"https:\/\/www.capgemini.com\/pl-pl\/kariera\/praca-dla-studenta-capgemini\/#primaryimage\"},\"thumbnailUrl\":\"https:\/\/www.capgemini.com\/pl-pl\/wp-content\/uploads\/sites\/27\/2023\/01\/Dla-studenta-1.png\",\"datePublished\":\"2022-11-28T10:11:06+00:00\",\"dateModified\":\"2025-10-31T11:53:36+00:00\",\"description\":\"Wykorzystaj znajomo\u015b\u0107 j\u0119zyka francuskiego lub niemieckiego. Do\u0142\u0105cz do nas i pracuj w zgranym zespole!\",\"breadcrumb\":{\"@id\":\"https:\/\/www.capgemini.com\/pl-pl\/kariera\/praca-dla-studenta-capgemini\/#breadcrumb\"},\"inLanguage\":\"pl-PL\",\"potentialAction\":[{\"@type\":\"ReadAction\",\"target\":[\"https:\/\/www.capgemini.com\/pl-pl\/kariera\/praca-dla-studenta-capgemini\/\"]}]},{\"@type\":\"ImageObject\",\"inLanguage\":\"pl-PL\",\"@id\":\"https:\/\/www.capgemini.com\/pl-pl\/kariera\/praca-dla-studenta-capgemini\/#primaryimage\",\"url\":\"https:\/\/www.capgemini.com\/pl-pl\/wp-content\/uploads\/sites\/27\/2023\/01\/Dla-studenta-1.png\",\"contentUrl\":\"https:\/\/www.capgemini.com\/pl-pl\/wp-content\/uploads\/sites\/27\/2023\/01\/Dla-studenta-1.png\",\"width\":4320,\"height\":2700},{\"@type\":\"BreadcrumbList\",\"@id\":\"https:\/\/www.capgemini.com\/pl-pl\/kariera\/praca-dla-studenta-capgemini\/#breadcrumb\",\"itemListElement\":[{\"@type\":\"ListItem\",\"position\":1,\"name\":\"Home\",\"item\":\"https:\/\/www.capgemini.com\/pl-pl\/\"},{\"@type\":\"ListItem\",\"position\":2,\"name\":\"Praca dla studenta\"}]},{\"@type\":\"WebSite\",\"@id\":\"https:\/\/www.capgemini.com\/pl-pl\/#website\",\"url\":\"https:\/\/www.capgemini.com\/pl-pl\/\",\"name\":\"Capgemini Polska\",\"description\":\"Capgemini\",\"potentialAction\":[{\"@type\":\"SearchAction\",\"target\":{\"@type\":\"EntryPoint\",\"urlTemplate\":\"https:\/\/www.capgemini.com\/pl-pl\/?s={search_term_string}\"},\"query-input\":\"required name=search_term_string\"}],\"inLanguage\":\"pl-PL\"}]}<\/script>\n<!-- \/ Yoast SEO Premium plugin. -->","yoast_head_json":{"title":"Praca dla studenta - Capgemini Poland","description":"Wykorzystaj znajomo\u015b\u0107 j\u0119zyka francuskiego lub niemieckiego. Do\u0142\u0105cz do nas i pracuj w zgranym zespole!","robots":{"index":"index","follow":"follow","max-snippet":"max-snippet:-1","max-image-preview":"max-image-preview:large","max-video-preview":"max-video-preview:-1"},"canonical":"https:\/\/www.capgemini.com\/pl-pl\/kariera\/praca-dla-studenta-capgemini\/","og_locale":"pl_PL","og_type":"article","og_title":"Praca dla studenta","og_description":"Wykorzystaj znajomo\u015b\u0107 j\u0119zyka francuskiego lub niemieckiego. Do\u0142\u0105cz do nas i pracuj w zgranym zespole!","og_url":"https:\/\/www.capgemini.com\/pl-pl\/kariera\/praca-dla-studenta-capgemini\/","og_site_name":"Capgemini Poland","article_modified_time":"2025-10-31T11:53:36+00:00","og_image":[{"width":1200,"height":627,"url":"https:\/\/www.capgemini.com\/pl-pl\/wp-content\/uploads\/sites\/27\/2025\/10\/New-Web-preview-global.jpg","type":"image\/jpeg"}],"twitter_card":"summary_large_image","twitter_misc":{"Est. reading time":"4 minutes"},"schema":{"@context":"https:\/\/schema.org","@graph":[{"@type":"WebPage","@id":"https:\/\/www.capgemini.com\/pl-pl\/kariera\/praca-dla-studenta-capgemini\/","url":"https:\/\/www.capgemini.com\/pl-pl\/kariera\/praca-dla-studenta-capgemini\/","name":"Praca dla studenta - Capgemini Poland","isPartOf":{"@id":"https:\/\/www.capgemini.com\/pl-pl\/#website"},"primaryImageOfPage":{"@id":"https:\/\/www.capgemini.com\/pl-pl\/kariera\/praca-dla-studenta-capgemini\/#primaryimage"},"image":{"@id":"https:\/\/www.capgemini.com\/pl-pl\/kariera\/praca-dla-studenta-capgemini\/#primaryimage"},"thumbnailUrl":"https:\/\/www.capgemini.com\/pl-pl\/wp-content\/uploads\/sites\/27\/2023\/01\/Dla-studenta-1.png","datePublished":"2022-11-28T10:11:06+00:00","dateModified":"2025-10-31T11:53:36+00:00","description":"Wykorzystaj znajomo\u015b\u0107 j\u0119zyka francuskiego lub niemieckiego. Do\u0142\u0105cz do nas i pracuj w zgranym zespole!","breadcrumb":{"@id":"https:\/\/www.capgemini.com\/pl-pl\/kariera\/praca-dla-studenta-capgemini\/#breadcrumb"},"inLanguage":"pl-PL","potentialAction":[{"@type":"ReadAction","target":["https:\/\/www.capgemini.com\/pl-pl\/kariera\/praca-dla-studenta-capgemini\/"]}]},{"@type":"ImageObject","inLanguage":"pl-PL","@id":"https:\/\/www.capgemini.com\/pl-pl\/kariera\/praca-dla-studenta-capgemini\/#primaryimage","url":"https:\/\/www.capgemini.com\/pl-pl\/wp-content\/uploads\/sites\/27\/2023\/01\/Dla-studenta-1.png","contentUrl":"https:\/\/www.capgemini.com\/pl-pl\/wp-content\/uploads\/sites\/27\/2023\/01\/Dla-studenta-1.png","width":4320,"height":2700},{"@type":"BreadcrumbList","@id":"https:\/\/www.capgemini.com\/pl-pl\/kariera\/praca-dla-studenta-capgemini\/#breadcrumb","itemListElement":[{"@type":"ListItem","position":1,"name":"Home","item":"https:\/\/www.capgemini.com\/pl-pl\/"},{"@type":"ListItem","position":2,"name":"Praca dla studenta"}]},{"@type":"WebSite","@id":"https:\/\/www.capgemini.com\/pl-pl\/#website","url":"https:\/\/www.capgemini.com\/pl-pl\/","name":"Capgemini Polska","description":"Capgemini","potentialAction":[{"@type":"SearchAction","target":{"@type":"EntryPoint","urlTemplate":"https:\/\/www.capgemini.com\/pl-pl\/?s={search_term_string}"},"query-input":"required name=search_term_string"}],"inLanguage":"pl-PL"}]}},"brand_term":[],"parsely":{"version":"1.1.0","canonical_url":"https:\/\/capgemini.com\/pl-pl\/kariera\/praca-dla-studenta-capgemini\/","smart_links":{"inbound":0,"outbound":0},"traffic_boost_suggestions_count":0,"meta":{"@context":"https:\/\/schema.org","@type":"WebPage","headline":"Praca dla studenta","url":"https:\/\/www.capgemini.com\/pl-pl\/kariera\/praca-dla-studenta-capgemini\/","mainEntityOfPage":{"@type":"WebPage","@id":"https:\/\/www.capgemini.com\/pl-pl\/kariera\/praca-dla-studenta-capgemini\/"},"thumbnailUrl":"https:\/\/www.capgemini.com\/pl-pl\/wp-content\/uploads\/sites\/27\/2023\/01\/Dla-studenta-1.png?w=150&h=150&crop=1","image":{"@type":"ImageObject","url":"https:\/\/www.capgemini.com\/pl-pl\/wp-content\/uploads\/sites\/27\/2023\/01\/Dla-studenta-1.png"},"articleSection":"Uncategorized","author":[],"creator":[],"publisher":{"@type":"Organization","name":"Capgemini Poland","logo":""},"keywords":[],"dateCreated":"2022-11-28T10:11:06Z","datePublished":"2022-11-28T10:11:06Z","dateModified":"2025-10-31T11:53:36Z"},"rendered":"<meta name=\"parsely-title\" content=\"Praca dla studenta\" \/>\n<meta name=\"parsely-link\" content=\"https:\/\/www.capgemini.com\/pl-pl\/kariera\/praca-dla-studenta-capgemini\/\" \/>\n<meta name=\"parsely-type\" content=\"index\" \/>\n<meta name=\"parsely-image-url\" content=\"https:\/\/www.capgemini.com\/pl-pl\/wp-content\/uploads\/sites\/27\/2023\/01\/Dla-studenta-1.png?w=150&amp;h=150&amp;crop=1\" \/>\n<meta name=\"parsely-pub-date\" content=\"2022-11-28T10:11:06Z\" \/>\n<meta name=\"parsely-section\" content=\"Uncategorized\" \/>","tracker_url":"https:\/\/cdn.parsely.com\/keys\/capgemini.com\/p.js"},"archive_status":false,"featured_image_src":"https:\/\/www.capgemini.com\/pl-pl\/wp-content\/uploads\/sites\/27\/2023\/01\/Dla-studenta-1.png","featured_image_alt":"","jetpack_sharing_enabled":true,"distributor_meta":false,"distributor_terms":false,"distributor_media":false,"distributor_original_site_name":"Capgemini Poland","distributor_original_site_url":"https:\/\/www.capgemini.com\/pl-pl","push-errors":false,"_links":{"self":[{"href":"https:\/\/www.capgemini.com\/pl-pl\/wp-json\/wp\/v2\/pages\/21558","targetHints":{"allow":["GET"]}}],"collection":[{"href":"https:\/\/www.capgemini.com\/pl-pl\/wp-json\/wp\/v2\/pages"}],"about":[{"href":"https:\/\/www.capgemini.com\/pl-pl\/wp-json\/wp\/v2\/types\/page"}],"author":[{"embeddable":true,"href":"https:\/\/www.capgemini.com\/pl-pl\/wp-json\/wp\/v2\/users\/413"}],"replies":[{"embeddable":true,"href":"https:\/\/www.capgemini.com\/pl-pl\/wp-json\/wp\/v2\/comments?post=21558"}],"version-history":[{"count":11,"href":"https:\/\/www.capgemini.com\/pl-pl\/wp-json\/wp\/v2\/pages\/21558\/revisions"}],"predecessor-version":[{"id":913249,"href":"https:\/\/www.capgemini.com\/pl-pl\/wp-json\/wp\/v2\/pages\/21558\/revisions\/913249"}],"wp:featuredmedia":[{"embeddable":true,"href":"https:\/\/www.capgemini.com\/pl-pl\/wp-json\/wp\/v2\/media\/699681"}],"wp:attachment":[{"href":"https:\/\/www.capgemini.com\/pl-pl\/wp-json\/wp\/v2\/media?parent=21558"}],"wp:term":[{"taxonomy":"brand","embeddable":true,"href":"https:\/\/www.capgemini.com\/pl-pl\/wp-json\/wp\/v2\/brand?post=21558"},{"taxonomy":"partner_type","embeddable":true,"href":"https:\/\/www.capgemini.com\/pl-pl\/wp-json\/wp\/v2\/partner_type?post=21558"},{"taxonomy":"service","embeddable":true,"href":"https:\/\/www.capgemini.com\/pl-pl\/wp-json\/wp\/v2\/service?post=21558"},{"taxonomy":"industry","embeddable":true,"href":"https:\/\/www.capgemini.com\/pl-pl\/wp-json\/wp\/v2\/industry?post=21558"},{"taxonomy":"partners","embeddable":true,"href":"https:\/\/www.capgemini.com\/pl-pl\/wp-json\/wp\/v2\/partners?post=21558"},{"taxonomy":"page-type","embeddable":true,"href":"https:\/\/www.capgemini.com\/pl-pl\/wp-json\/wp\/v2\/page-type?post=21558"},{"taxonomy":"content-group","embeddable":true,"href":"https:\/\/www.capgemini.com\/pl-pl\/wp-json\/wp\/v2\/content-group?post=21558"}],"curies":[{"name":"wp","href":"https:\/\/api.w.org\/{rel}","templated":true}]}}