{"id":713011,"date":"2023-05-15T13:10:21","date_gmt":"2023-05-15T11:10:21","guid":{"rendered":"https:\/\/www.capgemini.com\/?page_id=898196"},"modified":"2026-01-22T10:37:25","modified_gmt":"2026-01-22T10:37:25","slug":"finance","status":"publish","type":"page","link":"https:\/\/www.capgemini.com\/nl-nl\/carriere\/carrierepaden\/professionele-communities\/finance\/","title":{"rendered":"Finance"},"content":{"rendered":"\n<div class=\"wp-block-cg-blocks-hero-picture-card undefined  heroPictureCard\"><div class=\"heroPictureCardBgs\"><picture><source srcset=\"https:\/\/www.capgemini.com\/wp-content\/uploads\/2023\/05\/MicrosoftTeams-image-33.jpg?w=2880&amp;quality=70 1x, https:\/\/www.capgemini.com\/wp-content\/uploads\/2023\/05\/MicrosoftTeams-image-33.jpg?w=2880&amp;quality=70 2x\" media=\"(min-width: 1500px)\"\/><source srcset=\"https:\/\/www.capgemini.com\/wp-content\/uploads\/2023\/05\/MicrosoftTeams-image-33.jpg?w=1440&amp;quality=70 1x, https:\/\/www.capgemini.com\/wp-content\/uploads\/2023\/05\/MicrosoftTeams-image-33.jpg?w=2880&amp;quality=70 2x\" media=\"(min-width: 992px)\"\/><source srcset=\"https:\/\/www.capgemini.com\/wp-content\/uploads\/2023\/05\/MicrosoftTeams-image-33.jpg?w=1024&amp;quality=70 1x, https:\/\/www.capgemini.com\/wp-content\/uploads\/2023\/05\/MicrosoftTeams-image-33.jpg?w=1024&amp;quality=70 2x\" media=\"(min-width: 768px)\"\/><source srcset=\"https:\/\/www.capgemini.com\/wp-content\/uploads\/2023\/05\/MicrosoftTeams-image-33.jpg?w=768&amp;quality=70 1x, https:\/\/www.capgemini.com\/wp-content\/uploads\/2023\/05\/MicrosoftTeams-image-33.jpg?w=768&amp;quality=70 2x\" media=\"(min-width: 0)\"\/><img decoding=\"async\" src=\"https:\/\/www.capgemini.com\/wp-content\/uploads\/2023\/05\/MicrosoftTeams-image-33.jpg\" class=\"desktopImage\" alt=\"\" style=\"object-fit:cover;object-position:44% 34%\" loading=\"eager\"\/><\/picture><picture><source srcset=\"https:\/\/www.capgemini.com\/wp-content\/uploads\/2023\/05\/MicrosoftTeams-image-33.jpg?w=2880&amp;quality=70 1x, https:\/\/www.capgemini.com\/wp-content\/uploads\/2023\/05\/MicrosoftTeams-image-33.jpg?w=2880&amp;quality=70 2x\" media=\"(min-width: 1500px)\"\/><source srcset=\"https:\/\/www.capgemini.com\/wp-content\/uploads\/2023\/05\/MicrosoftTeams-image-33.jpg?w=1440&amp;quality=70 1x, https:\/\/www.capgemini.com\/wp-content\/uploads\/2023\/05\/MicrosoftTeams-image-33.jpg?w=2880&amp;quality=70 2x\" media=\"(min-width: 992px)\"\/><source srcset=\"https:\/\/www.capgemini.com\/wp-content\/uploads\/2023\/05\/MicrosoftTeams-image-33.jpg?w=1024&amp;quality=70 1x, https:\/\/www.capgemini.com\/wp-content\/uploads\/2023\/05\/MicrosoftTeams-image-33.jpg?w=1024&amp;quality=70 2x\" media=\"(min-width: 768px)\"\/><source srcset=\"https:\/\/www.capgemini.com\/wp-content\/uploads\/2023\/05\/MicrosoftTeams-image-33.jpg?w=768&amp;quality=70 1x, https:\/\/www.capgemini.com\/wp-content\/uploads\/2023\/05\/MicrosoftTeams-image-33.jpg?w=768&amp;quality=70 2x\" media=\"(min-width: 0)\"\/><img decoding=\"async\" src=\"https:\/\/www.capgemini.com\/wp-content\/uploads\/2023\/05\/MicrosoftTeams-image-33.jpg\" class=\"mobileImage\" alt=\"\" style=\"object-fit:cover;object-position:44% 34%\" loading=\"eager\"\/><\/picture><\/div><div class=\"heroPictureCardHeaderShape\"><\/div><div class=\"container\"><div class=\"row\"><div class=\"col-md-8 col-lg-6\"><div class=\"heroPictureCardBox\"><div class=\"heroPictureCardBoxTitle\"><h1 data-maxlength=\"144\">finance<\/h1><\/div><\/div><\/div><\/div><\/div><div class=\"small-device\"><div class=\"brandLogoWrapper\"> <\/div><\/div><\/div>\n\n\n\n<section class=\"wp-block-cg-blocks-intro-para undefined section section--intro\"><div class=\"intro-para\"><div class=\"container\"><div class=\"row\"><div class=\"col-12 col-md-1\"><nav class=\"article-social\"><ul class=\"social-nav\"><li class=\"ip-order-fb\"><a href=\"https:\/\/www.facebook.com\/sharer\/sharer.php?u=https:\/\/www.capgemini.com\/nl-nl\/carriere\/carrierepaden\/professionele-communities\/finance\/\" target=\"_blank\" rel=\"noopener noreferrer\" title=\"wordt in een nieuw venster geopend\"><i aria-hidden=\"true\" class=\"icon-fb\"><\/i><span class=\"sr-only\">Facebook<\/span><\/a><\/li><li class=\"ip-order-li\"><a href=\"https:\/\/www.linkedin.com\/sharing\/share-offsite\/?url=https:\/\/www.capgemini.com\/nl-nl\/carriere\/carrierepaden\/professionele-communities\/finance\/\" target=\"_blank\" rel=\"noopener noreferrer\" title=\"wordt in een nieuw venster geopend\"><i aria-hidden=\"true\" class=\"icon-li\"><\/i><span class=\"sr-only\">Linkedin<\/span><\/a><\/li><\/ul><\/nav><\/div><div class=\"col-12 col-md-11 col-lg-10\"><h2 class=\"intro-para-title\">Stap naar voren als onze nieuwe finance expert<\/h2><p class=\"intro-para-content\">Word je financieel expert bij Capgemini? Reken dan op veel \u00e9n veelzijdige verantwoordelijkheden. Je houdt de financi\u00eble stukken bij, stelt financi\u00eble rapportages op, waarborgt de naleving van boekhoudkundige principes. En je brengt het allemaal bij elkaar in doortimmerde financi\u00eble adviezen aan ons management \u00e9n onze klanten.<br><strong>\u00a0<\/strong><br>Je duikt graag diep in data en zet analyses om in waardevolle inzichten. Zo lever je belangrijke input voor het oplossen van financi\u00eble vraagstukken, het ontwikkelen van financi\u00eble strategie\u00ebn en het verbeteren van onze prestaties. Verder sleutel je mee aan onze financi\u00eble processen, voer je best practices in en waarborg je de effici\u00ebntie en effectiviteit van onze financi\u00eble operaties.<\/p><\/div><\/div><\/div><\/div><\/section>\n\n\n\n<section class=\"wp-block-cg-blocks-call-to-action undefined is-style-cg-purple call-to-action-block\"><div class=\"container\"><div class=\"call-to-action-block-content-wrapper has-description\"><div class=\"text-wrapper has-description\"> <p class=\"description\" data-maxlength=\"210\">Ben jij klaar voor de uitdaging? Vind hier de kans die bij je past.<\/p><\/div><div class=\"button-wrapper has-description\"><a class=\"cta-btn action-valid\" href=\"https:\/\/www.capgemini.com\/nl-nl\/carriere\/kom-bij-ons-werken\/vacatures\/?page=1&amp;size=11&amp;country_code=nl-nl&amp;keyword=finance\" target=\"_blank\" rel=\"noopener noreferrer\" aria-label=\"Bekijk onze vacatures info \" title=\"Wordt in een nieuw venster geopend\" data-maxlength=\"24\" tabindex=\"0\"> Bekijk onze vacatures <\/a><\/div><\/div><\/div><\/section>\n\n\n\n<section class=\"wp-block-cg-blocks-learn-more updated-new-sample-amal learnMoreBlock\"><div class=\"container\"><div class=\"content-title\"><h2 class=\"learnmore-heading\">Anderen bekeken ook<\/h2><\/div><div class=\"row\"><div class=\"col-md-4\"><div class=\"box\"><div class=\"box-wrapper\"><a class=\"box-title\" href=\"https:\/\/www.capgemini.com\/nl-nl\/carriere\/carrierepaden\/professionele-communities\/commercial-contract-management\/\" target=\"\" aria-label=\"Commercial &amp; contract management\" rel=\"noopener noreferrer\"><div class=\"box-img-wrapper\"><img decoding=\"async\" src=\"https:\/\/www.capgemini.com\/wp-content\/uploads\/2023\/05\/5a.jpg?w=500&amp;quality=70\" srcset=\"https:\/\/www.capgemini.com\/wp-content\/uploads\/2023\/05\/5a.jpg?w=500&amp;quality=70 1x, https:\/\/www.capgemini.com\/wp-content\/uploads\/2023\/05\/5a.jpg?w=1000&amp;quality=70 2x\" class=\"box-img\" alt=\"\" style=\"object-fit:cover;object-position:50% 50%\" loading=\"lazy\"\/><\/div><h3 class=\"titleWithoutLink_learnMore\">Commercial &amp; contract management<\/h3><\/a><\/div><\/div><div class=\"box-inner\"><\/div><\/div><div class=\"col-md-4\"><div class=\"box\"><div class=\"box-wrapper\"><a class=\"box-title\" href=\"https:\/\/www.capgemini.com\/nl-nl\/carriere\/carrierepaden\/professionele-communities\/procurement\/\" target=\"\" aria-label=\"Procurement\" rel=\"noopener noreferrer\"><div class=\"box-img-wrapper\"><img decoding=\"async\" src=\"https:\/\/www.capgemini.com\/wp-content\/uploads\/2023\/05\/14a.jpg?w=500&amp;quality=70\" srcset=\"https:\/\/www.capgemini.com\/wp-content\/uploads\/2023\/05\/14a.jpg?w=500&amp;quality=70 1x, https:\/\/www.capgemini.com\/wp-content\/uploads\/2023\/05\/14a.jpg?w=1000&amp;quality=70 2x\" class=\"box-img\" alt=\"\" style=\"object-fit:cover;object-position:50% 50%\" loading=\"lazy\"\/><\/div><h3 class=\"titleWithoutLink_learnMore\">Procurement<\/h3><\/a><\/div><\/div><div class=\"box-inner\"><\/div><\/div><div class=\"col-md-4\"><div class=\"box\"><div class=\"box-wrapper\"><a class=\"box-title\" href=\"https:\/\/www.capgemini.com\/nl-nl\/carriere\/carrierepaden\/professionele-communities\/workplace-management\/\" target=\"\" aria-label=\"Workplace management\" rel=\"noopener noreferrer\"><div class=\"box-img-wrapper\"><img decoding=\"async\" src=\"https:\/\/www.capgemini.com\/wp-content\/uploads\/2023\/05\/MicrosoftTeams-image-36.jpg?w=500&amp;quality=70\" srcset=\"https:\/\/www.capgemini.com\/wp-content\/uploads\/2023\/05\/MicrosoftTeams-image-36.jpg?w=500&amp;quality=70 1x, https:\/\/www.capgemini.com\/wp-content\/uploads\/2023\/05\/MicrosoftTeams-image-36.jpg?w=1000&amp;quality=70 2x\" class=\"box-img\" alt=\"\" style=\"object-fit:cover;object-position:50% 50%\" loading=\"lazy\"\/><\/div><h3 class=\"titleWithoutLink_learnMore\">Workplace management<\/h3><\/a><\/div><\/div><div class=\"box-inner\"><\/div><\/div><\/div><\/div><\/section>\n","protected":false},"excerpt":{"rendered":"<p>Stap naar voren als onze nieuwe finance expert.<\/p>\n","protected":false},"author":81,"featured_media":0,"parent":660818,"menu_order":11,"comment_status":"closed","ping_status":"closed","template":"","meta":{"cg_dt_proposed_to":[],"cg_seo_hreflang_relations":"[]","cg_seo_canonical_relation":"","cg_seo_hreflang_x_default_relation":"{\"uuid\":\"ec5a9acf-9bb2-463b-994c-dca8fd3ac3e6\",\"blogId\":\"\",\"domain\":\"\",\"sitePath\":\"\",\"postLink\":\"\",\"postId\":null,\"isSaved\":true,\"isCrossLink\":false,\"hasCrossLink\":false}","cg_dt_approved_content":true,"cg_dt_mandatory_content":false,"cg_dt_notes":"","cg_dg_source_changed":true,"cg_dt_link_disabled":false,"_yoast_wpseo_primary_brand":"","footnotes":"","featured_focal_points":"","partner_card_description":"","gsap_animation":0},"brand":[],"partner_type":[],"service":[],"industry":[],"partners":[],"page-type":[301],"content-group":[],"class_list":["post-713011","page","type-page","status-publish","hentry","page-type-careers"],"yoast_head":"<!-- This site is optimized with the Yoast SEO Premium plugin v22.8 (Yoast SEO v22.8) - https:\/\/yoast.com\/wordpress\/plugins\/seo\/ -->\n<title>Finance - Werken bij Capgemini<\/title>\n<meta name=\"description\" content=\"Word je financieel expert bij Capgemini? Reken dan op veel \u00e9n veelzijdige verantwoordelijkheden. Je houdt de financi\u00eble stukken bij, stelt financi\u00eble rapportages op, waarborgt de naleving van boekhoudkundige principes. En je brengt het allemaal bij elkaar in doortimmerde financi\u00eble adviezen aan ons management \u00e9n onze klanten.\" \/>\n<meta name=\"robots\" content=\"index, follow, max-snippet:-1, max-image-preview:large, max-video-preview:-1\" \/>\n<link rel=\"canonical\" href=\"https:\/\/www.capgemini.com\/nl-nl\/carriere\/carrierepaden\/professionele-communities\/finance\/\" \/>\n<meta property=\"og:locale\" content=\"nl_NL\" \/>\n<meta property=\"og:type\" content=\"article\" \/>\n<meta property=\"og:title\" content=\"Finance\" \/>\n<meta property=\"og:description\" content=\"Word je financieel expert bij Capgemini? Reken dan op veel \u00e9n veelzijdige verantwoordelijkheden. Je houdt de financi\u00eble stukken bij, stelt financi\u00eble rapportages op, waarborgt de naleving van boekhoudkundige principes. En je brengt het allemaal bij elkaar in doortimmerde financi\u00eble adviezen aan ons management \u00e9n onze klanten.\" \/>\n<meta property=\"og:url\" content=\"https:\/\/www.capgemini.com\/nl-nl\/carriere\/carrierepaden\/professionele-communities\/finance\/\" \/>\n<meta property=\"og:site_name\" content=\"Capgemini Nederland\" \/>\n<meta property=\"article:modified_time\" content=\"2026-01-22T10:37:25+00:00\" \/>\n<meta property=\"og:image\" content=\"https:\/\/www.capgemini.com\/wp-content\/uploads\/2023\/05\/MicrosoftTeams-image-33.jpg\" \/>\n<meta name=\"twitter:card\" content=\"summary_large_image\" \/>\n<meta name=\"twitter:label1\" content=\"Est. reading time\" \/>\n\t<meta name=\"twitter:data1\" content=\"2 minutes\" \/>\n<script type=\"application\/ld+json\" class=\"yoast-schema-graph\">{\"@context\":\"https:\/\/schema.org\",\"@graph\":[{\"@type\":\"WebPage\",\"@id\":\"https:\/\/www.capgemini.com\/nl-nl\/carriere\/carrierepaden\/professionele-communities\/finance\/\",\"url\":\"https:\/\/www.capgemini.com\/nl-nl\/carriere\/carrierepaden\/professionele-communities\/finance\/\",\"name\":\"Finance - Werken bij Capgemini\",\"isPartOf\":{\"@id\":\"https:\/\/www.capgemini.com\/nl-nl\/#website\"},\"primaryImageOfPage\":{\"@id\":\"https:\/\/www.capgemini.com\/nl-nl\/carriere\/carrierepaden\/professionele-communities\/finance\/#primaryimage\"},\"image\":{\"@id\":\"https:\/\/www.capgemini.com\/nl-nl\/carriere\/carrierepaden\/professionele-communities\/finance\/#primaryimage\"},\"thumbnailUrl\":\"https:\/\/www.capgemini.com\/wp-content\/uploads\/2023\/05\/MicrosoftTeams-image-33.jpg\",\"datePublished\":\"2023-05-15T11:10:21+00:00\",\"dateModified\":\"2026-01-22T10:37:25+00:00\",\"description\":\"Word je financieel expert bij Capgemini? Reken dan op veel \u00e9n veelzijdige verantwoordelijkheden. Je houdt de financi\u00eble stukken bij, stelt financi\u00eble rapportages op, waarborgt de naleving van boekhoudkundige principes. En je brengt het allemaal bij elkaar in doortimmerde financi\u00eble adviezen aan ons management \u00e9n onze klanten.\",\"breadcrumb\":{\"@id\":\"https:\/\/www.capgemini.com\/nl-nl\/carriere\/carrierepaden\/professionele-communities\/finance\/#breadcrumb\"},\"inLanguage\":\"nl-NL\",\"potentialAction\":[{\"@type\":\"ReadAction\",\"target\":[\"https:\/\/www.capgemini.com\/nl-nl\/carriere\/carrierepaden\/professionele-communities\/finance\/\"]}]},{\"@type\":\"ImageObject\",\"inLanguage\":\"nl-NL\",\"@id\":\"https:\/\/www.capgemini.com\/nl-nl\/carriere\/carrierepaden\/professionele-communities\/finance\/#primaryimage\",\"url\":\"https:\/\/www.capgemini.com\/wp-content\/uploads\/2023\/05\/MicrosoftTeams-image-33.jpg\",\"contentUrl\":\"https:\/\/www.capgemini.com\/wp-content\/uploads\/2023\/05\/MicrosoftTeams-image-33.jpg\"},{\"@type\":\"BreadcrumbList\",\"@id\":\"https:\/\/www.capgemini.com\/nl-nl\/carriere\/carrierepaden\/professionele-communities\/finance\/#breadcrumb\",\"itemListElement\":[{\"@type\":\"ListItem\",\"position\":1,\"name\":\"Home\",\"item\":\"https:\/\/www.capgemini.com\/nl-nl\/\"},{\"@type\":\"ListItem\",\"position\":2,\"name\":\"Carri\u00e8re\",\"item\":\"https:\/\/www.capgemini.com\/nl-nl\/carriere\/\"},{\"@type\":\"ListItem\",\"position\":3,\"name\":\"Carri\u00e8repaden\",\"item\":\"https:\/\/www.capgemini.com\/nl-nl\/carriere\/carrierepaden\/\"},{\"@type\":\"ListItem\",\"position\":4,\"name\":\"Vakgebieden\",\"item\":\"https:\/\/www.capgemini.com\/nl-nl\/carriere\/carrierepaden\/professionele-communities\/\"},{\"@type\":\"ListItem\",\"position\":5,\"name\":\"Finance\"}]},{\"@type\":\"WebSite\",\"@id\":\"https:\/\/www.capgemini.com\/nl-nl\/#website\",\"url\":\"https:\/\/www.capgemini.com\/nl-nl\/\",\"name\":\"Capgemini Nederland\",\"description\":\"Capgemini\",\"potentialAction\":[{\"@type\":\"SearchAction\",\"target\":{\"@type\":\"EntryPoint\",\"urlTemplate\":\"https:\/\/www.capgemini.com\/nl-nl\/?s={search_term_string}\"},\"query-input\":\"required name=search_term_string\"}],\"inLanguage\":\"nl-NL\"}]}<\/script>\n<!-- \/ Yoast SEO Premium plugin. -->","yoast_head_json":{"title":"Finance - Werken bij Capgemini","description":"Word je financieel expert bij Capgemini? Reken dan op veel \u00e9n veelzijdige verantwoordelijkheden. Je houdt de financi\u00eble stukken bij, stelt financi\u00eble rapportages op, waarborgt de naleving van boekhoudkundige principes. En je brengt het allemaal bij elkaar in doortimmerde financi\u00eble adviezen aan ons management \u00e9n onze klanten.","robots":{"index":"index","follow":"follow","max-snippet":"max-snippet:-1","max-image-preview":"max-image-preview:large","max-video-preview":"max-video-preview:-1"},"canonical":"https:\/\/www.capgemini.com\/nl-nl\/carriere\/carrierepaden\/professionele-communities\/finance\/","og_locale":"nl_NL","og_type":"article","og_title":"Finance","og_description":"Word je financieel expert bij Capgemini? Reken dan op veel \u00e9n veelzijdige verantwoordelijkheden. Je houdt de financi\u00eble stukken bij, stelt financi\u00eble rapportages op, waarborgt de naleving van boekhoudkundige principes. En je brengt het allemaal bij elkaar in doortimmerde financi\u00eble adviezen aan ons management \u00e9n onze klanten.","og_url":"https:\/\/www.capgemini.com\/nl-nl\/carriere\/carrierepaden\/professionele-communities\/finance\/","og_site_name":"Capgemini Nederland","article_modified_time":"2026-01-22T10:37:25+00:00","og_image":[{"url":"https:\/\/www.capgemini.com\/wp-content\/uploads\/2023\/05\/MicrosoftTeams-image-33.jpg"}],"twitter_card":"summary_large_image","twitter_misc":{"Est. reading time":"2 minutes"},"schema":{"@context":"https:\/\/schema.org","@graph":[{"@type":"WebPage","@id":"https:\/\/www.capgemini.com\/nl-nl\/carriere\/carrierepaden\/professionele-communities\/finance\/","url":"https:\/\/www.capgemini.com\/nl-nl\/carriere\/carrierepaden\/professionele-communities\/finance\/","name":"Finance - Werken bij Capgemini","isPartOf":{"@id":"https:\/\/www.capgemini.com\/nl-nl\/#website"},"primaryImageOfPage":{"@id":"https:\/\/www.capgemini.com\/nl-nl\/carriere\/carrierepaden\/professionele-communities\/finance\/#primaryimage"},"image":{"@id":"https:\/\/www.capgemini.com\/nl-nl\/carriere\/carrierepaden\/professionele-communities\/finance\/#primaryimage"},"thumbnailUrl":"https:\/\/www.capgemini.com\/wp-content\/uploads\/2023\/05\/MicrosoftTeams-image-33.jpg","datePublished":"2023-05-15T11:10:21+00:00","dateModified":"2026-01-22T10:37:25+00:00","description":"Word je financieel expert bij Capgemini? Reken dan op veel \u00e9n veelzijdige verantwoordelijkheden. Je houdt de financi\u00eble stukken bij, stelt financi\u00eble rapportages op, waarborgt de naleving van boekhoudkundige principes. En je brengt het allemaal bij elkaar in doortimmerde financi\u00eble adviezen aan ons management \u00e9n onze klanten.","breadcrumb":{"@id":"https:\/\/www.capgemini.com\/nl-nl\/carriere\/carrierepaden\/professionele-communities\/finance\/#breadcrumb"},"inLanguage":"nl-NL","potentialAction":[{"@type":"ReadAction","target":["https:\/\/www.capgemini.com\/nl-nl\/carriere\/carrierepaden\/professionele-communities\/finance\/"]}]},{"@type":"ImageObject","inLanguage":"nl-NL","@id":"https:\/\/www.capgemini.com\/nl-nl\/carriere\/carrierepaden\/professionele-communities\/finance\/#primaryimage","url":"https:\/\/www.capgemini.com\/wp-content\/uploads\/2023\/05\/MicrosoftTeams-image-33.jpg","contentUrl":"https:\/\/www.capgemini.com\/wp-content\/uploads\/2023\/05\/MicrosoftTeams-image-33.jpg"},{"@type":"BreadcrumbList","@id":"https:\/\/www.capgemini.com\/nl-nl\/carriere\/carrierepaden\/professionele-communities\/finance\/#breadcrumb","itemListElement":[{"@type":"ListItem","position":1,"name":"Home","item":"https:\/\/www.capgemini.com\/nl-nl\/"},{"@type":"ListItem","position":2,"name":"Carri\u00e8re","item":"https:\/\/www.capgemini.com\/nl-nl\/carriere\/"},{"@type":"ListItem","position":3,"name":"Carri\u00e8repaden","item":"https:\/\/www.capgemini.com\/nl-nl\/carriere\/carrierepaden\/"},{"@type":"ListItem","position":4,"name":"Vakgebieden","item":"https:\/\/www.capgemini.com\/nl-nl\/carriere\/carrierepaden\/professionele-communities\/"},{"@type":"ListItem","position":5,"name":"Finance"}]},{"@type":"WebSite","@id":"https:\/\/www.capgemini.com\/nl-nl\/#website","url":"https:\/\/www.capgemini.com\/nl-nl\/","name":"Capgemini Nederland","description":"Capgemini","potentialAction":[{"@type":"SearchAction","target":{"@type":"EntryPoint","urlTemplate":"https:\/\/www.capgemini.com\/nl-nl\/?s={search_term_string}"},"query-input":"required name=search_term_string"}],"inLanguage":"nl-NL"}]}},"brand_term":[],"parsely":{"version":"1.1.0","canonical_url":"https:\/\/capgemini.com\/nl-nl\/carriere\/carrierepaden\/professionele-communities\/finance\/","smart_links":{"inbound":0,"outbound":0},"traffic_boost_suggestions_count":0,"meta":{"@context":"https:\/\/schema.org","@type":"WebPage","headline":"Finance","url":"https:\/\/www.capgemini.com\/nl-nl\/carriere\/carrierepaden\/professionele-communities\/finance\/","mainEntityOfPage":{"@type":"WebPage","@id":"https:\/\/www.capgemini.com\/nl-nl\/carriere\/carrierepaden\/professionele-communities\/finance\/"},"thumbnailUrl":"","image":{"@type":"ImageObject","url":""},"articleSection":"Uncategorized","author":[],"creator":[],"publisher":{"@type":"Organization","name":"Capgemini Nederland","logo":""},"keywords":[],"dateCreated":"2023-05-15T11:10:21Z","datePublished":"2023-05-15T11:10:21Z","dateModified":"2026-01-22T10:37:25Z"},"rendered":"<meta name=\"parsely-title\" content=\"Finance\" \/>\n<meta name=\"parsely-link\" content=\"https:\/\/www.capgemini.com\/nl-nl\/carriere\/carrierepaden\/professionele-communities\/finance\/\" \/>\n<meta name=\"parsely-type\" content=\"index\" \/>\n<meta name=\"parsely-pub-date\" content=\"2023-05-15T11:10:21Z\" \/>\n<meta name=\"parsely-section\" content=\"Uncategorized\" \/>","tracker_url":"https:\/\/cdn.parsely.com\/keys\/capgemini.com\/p.js"},"archive_status":false,"featured_image_src":"https:\/\/www.capgemini.com\/nl-nl\/wp-content\/themes\/capgemini2025\/assets\/images\/mockup.png","featured_image_alt":false,"jetpack_sharing_enabled":true,"distributor_meta":false,"distributor_terms":false,"distributor_media":false,"distributor_original_site_name":"Capgemini Nederland","distributor_original_site_url":"https:\/\/www.capgemini.com\/nl-nl","push-errors":false,"_links":{"self":[{"href":"https:\/\/www.capgemini.com\/nl-nl\/wp-json\/wp\/v2\/pages\/713011","targetHints":{"allow":["GET"]}}],"collection":[{"href":"https:\/\/www.capgemini.com\/nl-nl\/wp-json\/wp\/v2\/pages"}],"about":[{"href":"https:\/\/www.capgemini.com\/nl-nl\/wp-json\/wp\/v2\/types\/page"}],"author":[{"embeddable":true,"href":"https:\/\/www.capgemini.com\/nl-nl\/wp-json\/wp\/v2\/users\/81"}],"replies":[{"embeddable":true,"href":"https:\/\/www.capgemini.com\/nl-nl\/wp-json\/wp\/v2\/comments?post=713011"}],"version-history":[{"count":13,"href":"https:\/\/www.capgemini.com\/nl-nl\/wp-json\/wp\/v2\/pages\/713011\/revisions"}],"predecessor-version":[{"id":752728,"href":"https:\/\/www.capgemini.com\/nl-nl\/wp-json\/wp\/v2\/pages\/713011\/revisions\/752728"}],"up":[{"embeddable":true,"href":"https:\/\/www.capgemini.com\/nl-nl\/wp-json\/wp\/v2\/pages\/660818"}],"wp:attachment":[{"href":"https:\/\/www.capgemini.com\/nl-nl\/wp-json\/wp\/v2\/media?parent=713011"}],"wp:term":[{"taxonomy":"brand","embeddable":true,"href":"https:\/\/www.capgemini.com\/nl-nl\/wp-json\/wp\/v2\/brand?post=713011"},{"taxonomy":"partner_type","embeddable":true,"href":"https:\/\/www.capgemini.com\/nl-nl\/wp-json\/wp\/v2\/partner_type?post=713011"},{"taxonomy":"service","embeddable":true,"href":"https:\/\/www.capgemini.com\/nl-nl\/wp-json\/wp\/v2\/service?post=713011"},{"taxonomy":"industry","embeddable":true,"href":"https:\/\/www.capgemini.com\/nl-nl\/wp-json\/wp\/v2\/industry?post=713011"},{"taxonomy":"partners","embeddable":true,"href":"https:\/\/www.capgemini.com\/nl-nl\/wp-json\/wp\/v2\/partners?post=713011"},{"taxonomy":"page-type","embeddable":true,"href":"https:\/\/www.capgemini.com\/nl-nl\/wp-json\/wp\/v2\/page-type?post=713011"},{"taxonomy":"content-group","embeddable":true,"href":"https:\/\/www.capgemini.com\/nl-nl\/wp-json\/wp\/v2\/content-group?post=713011"}],"curies":[{"name":"wp","href":"https:\/\/api.w.org\/{rel}","templated":true}]}}