{"id":667931,"date":"2022-04-01T06:31:24","date_gmt":"2022-04-01T06:31:24","guid":{"rendered":"https:\/\/www.capgemini.com\/?page_id=667931"},"modified":"2025-03-20T16:52:35","modified_gmt":"2025-03-20T16:52:35","slug":"application-security-testing","status":"publish","type":"page","link":"https:\/\/www.capgemini.com\/nl-nl\/oplossingen\/application-security-testing\/","title":{"rendered":"Application Security Testing"},"content":{"rendered":"\n<header class=\"wp-block-cg-blocks-hero-reusable header heroReusable  \"><div class=\"header-bgs\"><picture><source srcset=\"https:\/\/www.capgemini.com\/wp-content\/uploads\/2022\/04\/Capgemini_Solutions_APPLICATION-SECURITY-TESTING.jpg?w=2880&amp;quality=70 1x, https:\/\/www.capgemini.com\/wp-content\/uploads\/2022\/04\/Capgemini_Solutions_APPLICATION-SECURITY-TESTING.jpg?w=2880&amp;quality=70 2x\" media=\"(min-width: 1500px)\"\/><source srcset=\"https:\/\/www.capgemini.com\/wp-content\/uploads\/2022\/04\/Capgemini_Solutions_APPLICATION-SECURITY-TESTING.jpg?w=1440&amp;quality=70 1x, https:\/\/www.capgemini.com\/wp-content\/uploads\/2022\/04\/Capgemini_Solutions_APPLICATION-SECURITY-TESTING.jpg?w=2880&amp;quality=70 2x\" media=\"(min-width: 992px)\"\/><source srcset=\"https:\/\/www.capgemini.com\/wp-content\/uploads\/2022\/04\/Capgemini_Solutions_APPLICATION-SECURITY-TESTING.jpg?w=1024&amp;quality=70 1x, https:\/\/www.capgemini.com\/wp-content\/uploads\/2022\/04\/Capgemini_Solutions_APPLICATION-SECURITY-TESTING.jpg?w=1024&amp;quality=70 2x\" media=\"(min-width: 768px)\"\/><source srcset=\"https:\/\/www.capgemini.com\/wp-content\/uploads\/2022\/04\/Capgemini_Solutions_APPLICATION-SECURITY-TESTING.jpg?w=768&amp;quality=70 1x, https:\/\/www.capgemini.com\/wp-content\/uploads\/2022\/04\/Capgemini_Solutions_APPLICATION-SECURITY-TESTING.jpg?w=768&amp;quality=70 2x\" media=\"(min-width: 0)\"\/><img decoding=\"async\" src=\"https:\/\/www.capgemini.com\/wp-content\/uploads\/2022\/04\/Capgemini_Solutions_APPLICATION-SECURITY-TESTING.jpg\" class=\"header-img header-img-d\" alt=\"\" style=\"object-fit:cover;object-position:56.00000000000001% 62%\" loading=\"eager\"\/><\/picture><\/div><div class=\"heroPictureCardHeaderShape\"><\/div><div class=\"container\"><div class=\"row\"><div class=\"col-md-12\"><div class=\"box\"><div class=\"boxTagWrapper\"><div class=\"tagInfo\"><div><span class=\"box-tag\">Solution<\/span><\/div><\/div><\/div><div class=\"box-title\"><h1 data-maxlength=\"34\">Application Security Testing<\/h1><\/div><div class=\"inner-row-insight download-btn\"><div class=\"col-md-4 downloadFiles \"><a class=\"button-download--small\" type=\"download\" href=\"https:\/\/www.capgemini.com\/wp-content\/uploads\/2021\/09\/AST-Brochure-20200619.pdf\" target=\"_blank\" rel=\"noopener noreferrer\" title=\"wordt in een nieuw venster geopend\"><span>Download brochure<\/span><span class=\"type\">410 KB  pdf<\/span><\/a><\/div><div class=\"col-md-4 downloadFiles \"><a class=\"button-download--small\" type=\"download\" href=\"https:\/\/www.capgemini.com\/wp-content\/uploads\/2021\/09\/AST-factsheet-2020728.pdf\" target=\"_blank\" rel=\"noopener noreferrer\" title=\"wordt in een nieuw venster geopend\"><span>Download factsheet<\/span><span class=\"type\">335 KB  pdf<\/span><\/a><\/div><\/div><\/div><\/div><\/div><\/div><\/header>\n\n\n\n<section class=\"wp-block-cg-blocks-intro-para undefined section section--intro\"><div class=\"intro-para\"><div class=\"container\"><div class=\"row\"><div class=\"col-12 col-md-1\"><nav class=\"article-social\"><ul class=\"social-nav\"><li class=\"ip-order-fb\"><a href=\"https:\/\/www.facebook.com\/sharer\/sharer.php?u=https:\/\/www.capgemini.com\/nl-nl\/oplossingen\/application-security-testing\/\" target=\"_blank\" rel=\"noopener noreferrer\" title=\"wordt in een nieuw venster geopend\"><i aria-hidden=\"true\" class=\"icon-fb\"><\/i><span class=\"sr-only\">Facebook<\/span><\/a><\/li><li class=\"ip-order-li\"><a href=\"https:\/\/www.linkedin.com\/sharing\/share-offsite\/?url=https:\/\/www.capgemini.com\/nl-nl\/oplossingen\/application-security-testing\/\" target=\"_blank\" rel=\"noopener noreferrer\" title=\"wordt in een nieuw venster geopend\"><i aria-hidden=\"true\" class=\"icon-li\"><\/i><span class=\"sr-only\">Linkedin<\/span><\/a><\/li><\/ul><\/nav><\/div><div class=\"col-12 col-md-11 col-lg-10\"><h2 class=\"intro-para-title\">Applicaties zijn uw business. U kunt ze dus maar beter beveiligen.<\/h2><p class=\"intro-para-content\">Met 73% van de beveiligingsinbreuken die zich voordoen op de applicatielaag, is het identificeren van kwetsbaarheden een prioriteit geworden voor organisaties over de hele wereld. Veel organisaties zijn nu afhankelijk van de snelle release van kritieke applicaties om concurrerend te blijven. Met onze Application Security Testing-oplossing kunt u eenvoudig en snel fundamentele beveiligingscontroles initi\u00ebren. Of u nu slechts een paar applicaties hebt of een uitgebreid beveiligingsprogramma in uw hele organisatie wilt starten.<\/p><\/div><\/div><\/div><\/div><\/section>\n\n\n\n<section class=\"wp-block-cg-blocks-group undefined section section--article-content\"><div class=\"article-main-content\"><div class=\"container\"><div class=\"row\"><div class=\"col-12 col-md-11 col-lg-10 offset-md-1 offset-lg-1\"><div class=\"article-text article-quote-text\">\n<p><strong>Met de Application Security Testing-service van Capgemini:<\/strong><\/p>\n\n\n\n<ul class=\"wp-block-list\">\n<li><strong>Koopt u gewoon een abonnement.&nbsp;<\/strong>Onze experts testen systematisch al uw applicaties &#8211; webgebaseerde, mobiele of zakelijke applicaties, bedrijfseigen of open source &#8211; voorafgaand aan de release.<br><\/li>\n\n\n\n<li><strong>Krijgt u een gebalanceerde mix van handmatige en geautomatiseerde tests&nbsp;<\/strong>, afhankelijk van het serviceniveau dat u nodig hebt, met behulp van de beste tools en processen van Capgemini en partners.<br><\/li>\n\n\n\n<li><strong>Ontvangt u werkbare resultaten via \u00e9\u00e9n intu\u00eftieve, speciale portal.&nbsp;<\/strong>De portal biedt u de mogelijkheid om aanvragen te scannen, resultaten te bekijken en dashboards te bekijken die u helpen uw beveiligingspositie van uw toepassing te begrijpen en de meest geschikte herstelstrategie te ontwikkelen.<br><\/li>\n\n\n\n<li><strong>U kunt uw dashboards&nbsp;<\/strong>aanpassen volgens bedrijfsprioriteiten of technische complexiteit.<br><\/li>\n\n\n\n<li><strong>U zorgt voor objectiviteit&nbsp;<\/strong>door het testproces te scheiden van de ontwikkeling en u krijgt een heel nieuw niveau van schaalbaarheid en herhaalbaarheid.<br><\/li>\n\n\n\n<li><strong>U krijgt een bredere en nauwkeurigere dekking&nbsp;<\/strong>omdat we eersteklas analistentools, voortdurend bijgewerkte bedreigingsinformatie en expertise op basis van jarenlange testervaring combineren om kwetsbaarheden te detecteren &#8211; allemaal geleverd door beveiligingsexperts in meerdere regio&#8217;s.<br><\/li>\n\n\n\n<li><strong>U hebt de flexibiliteit om te testen waar u ook ontwikkelingsactiviteiten onderneemt,&nbsp;<\/strong>zodat u sneller kunt reageren op uw tijdsdruk en sneller kunt inschakelen.<\/li>\n<\/ul>\n<\/div><\/div><\/div><\/div><\/div><\/section>\n","protected":false},"excerpt":{"rendered":"","protected":false},"author":151,"featured_media":684079,"parent":607284,"menu_order":0,"comment_status":"closed","ping_status":"closed","template":"","meta":{"cg_dt_proposed_to":[],"cg_seo_hreflang_relations":"[]","cg_seo_canonical_relation":"","cg_seo_hreflang_x_default_relation":"{\"uuid\":\"fc7664b3-fc23-425f-a4bc-a9e85b6bb33c\",\"blogId\":\"\",\"domain\":\"\",\"sitePath\":\"\",\"postLink\":\"\",\"postId\":null,\"isSaved\":true,\"isCrossLink\":false,\"hasCrossLink\":false}","cg_dt_approved_content":true,"cg_dt_mandatory_content":false,"cg_dt_notes":"","cg_dg_source_changed":false,"cg_dt_link_disabled":false,"_yoast_wpseo_primary_brand":"","footnotes":"","featured_focal_points":"","partner_card_description":"","gsap_animation":0},"brand":[],"partner_type":[],"service":[],"industry":[],"partners":[],"page-type":[251],"content-group":[],"class_list":["post-667931","page","type-page","status-publish","has-post-thumbnail","hentry","page-type-solutions"],"yoast_head":"<!-- This site is optimized with the Yoast SEO Premium plugin v22.8 (Yoast SEO v22.8) - https:\/\/yoast.com\/wordpress\/plugins\/seo\/ -->\n<title>Application Security Testing<\/title>\n<meta name=\"description\" content=\"Capgemini&#039;s Application Security Testing-service biedt een mix van handmatige en geautomatiseerde tests voor al uw applicaties.\" \/>\n<meta name=\"robots\" content=\"index, follow, max-snippet:-1, max-image-preview:large, max-video-preview:-1\" \/>\n<link rel=\"canonical\" href=\"https:\/\/www.capgemini.com\/nl-nl\/oplossingen\/application-security-testing\/\" \/>\n<meta property=\"og:locale\" content=\"nl_NL\" \/>\n<meta property=\"og:type\" content=\"article\" \/>\n<meta property=\"og:title\" content=\"Application Security Testing\" \/>\n<meta property=\"og:description\" content=\"Capgemini&#039;s Application Security Testing-service biedt een mix van handmatige en geautomatiseerde tests voor al uw applicaties.\" \/>\n<meta property=\"og:url\" content=\"https:\/\/www.capgemini.com\/nl-nl\/oplossingen\/application-security-testing\/\" \/>\n<meta property=\"og:site_name\" content=\"Capgemini Nederland\" \/>\n<meta property=\"article:modified_time\" content=\"2025-03-20T16:52:35+00:00\" \/>\n<meta property=\"og:image\" content=\"https:\/\/www.capgemini.com\/nl-nl\/wp-content\/uploads\/sites\/19\/2025\/10\/New-Web-preview-global.jpg\" \/>\n\t<meta property=\"og:image:width\" content=\"1200\" \/>\n\t<meta property=\"og:image:height\" content=\"627\" \/>\n\t<meta property=\"og:image:type\" content=\"image\/jpeg\" \/>\n<meta name=\"twitter:card\" content=\"summary_large_image\" \/>\n<script type=\"application\/ld+json\" class=\"yoast-schema-graph\">{\"@context\":\"https:\/\/schema.org\",\"@graph\":[{\"@type\":\"WebPage\",\"@id\":\"https:\/\/www.capgemini.com\/nl-nl\/oplossingen\/application-security-testing\/\",\"url\":\"https:\/\/www.capgemini.com\/nl-nl\/oplossingen\/application-security-testing\/\",\"name\":\"Application Security Testing\",\"isPartOf\":{\"@id\":\"https:\/\/www.capgemini.com\/nl-nl\/#website\"},\"primaryImageOfPage\":{\"@id\":\"https:\/\/www.capgemini.com\/nl-nl\/oplossingen\/application-security-testing\/#primaryimage\"},\"image\":{\"@id\":\"https:\/\/www.capgemini.com\/nl-nl\/oplossingen\/application-security-testing\/#primaryimage\"},\"thumbnailUrl\":\"\",\"datePublished\":\"2022-04-01T06:31:24+00:00\",\"dateModified\":\"2025-03-20T16:52:35+00:00\",\"description\":\"Capgemini's Application Security Testing-service biedt een mix van handmatige en geautomatiseerde tests voor al uw applicaties.\",\"breadcrumb\":{\"@id\":\"https:\/\/www.capgemini.com\/nl-nl\/oplossingen\/application-security-testing\/#breadcrumb\"},\"inLanguage\":\"nl-NL\",\"potentialAction\":[{\"@type\":\"ReadAction\",\"target\":[\"https:\/\/www.capgemini.com\/nl-nl\/oplossingen\/application-security-testing\/\"]}]},{\"@type\":\"ImageObject\",\"inLanguage\":\"nl-NL\",\"@id\":\"https:\/\/www.capgemini.com\/nl-nl\/oplossingen\/application-security-testing\/#primaryimage\",\"url\":\"\",\"contentUrl\":\"\"},{\"@type\":\"BreadcrumbList\",\"@id\":\"https:\/\/www.capgemini.com\/nl-nl\/oplossingen\/application-security-testing\/#breadcrumb\",\"itemListElement\":[{\"@type\":\"ListItem\",\"position\":1,\"name\":\"Home\",\"item\":\"https:\/\/www.capgemini.com\/nl-nl\/\"},{\"@type\":\"ListItem\",\"position\":2,\"name\":\"Oplossingen\",\"item\":\"https:\/\/www.capgemini.com\/nl-nl\/oplossingen\/\"},{\"@type\":\"ListItem\",\"position\":3,\"name\":\"Application Security Testing\"}]},{\"@type\":\"WebSite\",\"@id\":\"https:\/\/www.capgemini.com\/nl-nl\/#website\",\"url\":\"https:\/\/www.capgemini.com\/nl-nl\/\",\"name\":\"Capgemini Nederland\",\"description\":\"Capgemini\",\"potentialAction\":[{\"@type\":\"SearchAction\",\"target\":{\"@type\":\"EntryPoint\",\"urlTemplate\":\"https:\/\/www.capgemini.com\/nl-nl\/?s={search_term_string}\"},\"query-input\":\"required name=search_term_string\"}],\"inLanguage\":\"nl-NL\"}]}<\/script>\n<!-- \/ Yoast SEO Premium plugin. -->","yoast_head_json":{"title":"Application Security Testing","description":"Capgemini's Application Security Testing-service biedt een mix van handmatige en geautomatiseerde tests voor al uw applicaties.","robots":{"index":"index","follow":"follow","max-snippet":"max-snippet:-1","max-image-preview":"max-image-preview:large","max-video-preview":"max-video-preview:-1"},"canonical":"https:\/\/www.capgemini.com\/nl-nl\/oplossingen\/application-security-testing\/","og_locale":"nl_NL","og_type":"article","og_title":"Application Security Testing","og_description":"Capgemini's Application Security Testing-service biedt een mix van handmatige en geautomatiseerde tests voor al uw applicaties.","og_url":"https:\/\/www.capgemini.com\/nl-nl\/oplossingen\/application-security-testing\/","og_site_name":"Capgemini Nederland","article_modified_time":"2025-03-20T16:52:35+00:00","og_image":[{"width":1200,"height":627,"url":"https:\/\/www.capgemini.com\/nl-nl\/wp-content\/uploads\/sites\/19\/2025\/10\/New-Web-preview-global.jpg","type":"image\/jpeg"}],"twitter_card":"summary_large_image","schema":{"@context":"https:\/\/schema.org","@graph":[{"@type":"WebPage","@id":"https:\/\/www.capgemini.com\/nl-nl\/oplossingen\/application-security-testing\/","url":"https:\/\/www.capgemini.com\/nl-nl\/oplossingen\/application-security-testing\/","name":"Application Security Testing","isPartOf":{"@id":"https:\/\/www.capgemini.com\/nl-nl\/#website"},"primaryImageOfPage":{"@id":"https:\/\/www.capgemini.com\/nl-nl\/oplossingen\/application-security-testing\/#primaryimage"},"image":{"@id":"https:\/\/www.capgemini.com\/nl-nl\/oplossingen\/application-security-testing\/#primaryimage"},"thumbnailUrl":"","datePublished":"2022-04-01T06:31:24+00:00","dateModified":"2025-03-20T16:52:35+00:00","description":"Capgemini's Application Security Testing-service biedt een mix van handmatige en geautomatiseerde tests voor al uw applicaties.","breadcrumb":{"@id":"https:\/\/www.capgemini.com\/nl-nl\/oplossingen\/application-security-testing\/#breadcrumb"},"inLanguage":"nl-NL","potentialAction":[{"@type":"ReadAction","target":["https:\/\/www.capgemini.com\/nl-nl\/oplossingen\/application-security-testing\/"]}]},{"@type":"ImageObject","inLanguage":"nl-NL","@id":"https:\/\/www.capgemini.com\/nl-nl\/oplossingen\/application-security-testing\/#primaryimage","url":"","contentUrl":""},{"@type":"BreadcrumbList","@id":"https:\/\/www.capgemini.com\/nl-nl\/oplossingen\/application-security-testing\/#breadcrumb","itemListElement":[{"@type":"ListItem","position":1,"name":"Home","item":"https:\/\/www.capgemini.com\/nl-nl\/"},{"@type":"ListItem","position":2,"name":"Oplossingen","item":"https:\/\/www.capgemini.com\/nl-nl\/oplossingen\/"},{"@type":"ListItem","position":3,"name":"Application Security Testing"}]},{"@type":"WebSite","@id":"https:\/\/www.capgemini.com\/nl-nl\/#website","url":"https:\/\/www.capgemini.com\/nl-nl\/","name":"Capgemini Nederland","description":"Capgemini","potentialAction":[{"@type":"SearchAction","target":{"@type":"EntryPoint","urlTemplate":"https:\/\/www.capgemini.com\/nl-nl\/?s={search_term_string}"},"query-input":"required name=search_term_string"}],"inLanguage":"nl-NL"}]}},"brand_term":[],"parsely":{"version":"1.1.0","canonical_url":"https:\/\/capgemini.com\/nl-nl\/oplossingen\/application-security-testing\/","smart_links":{"inbound":0,"outbound":0},"traffic_boost_suggestions_count":0,"meta":{"@context":"https:\/\/schema.org","@type":"WebPage","headline":"Application Security Testing","url":"https:\/\/www.capgemini.com\/nl-nl\/oplossingen\/application-security-testing\/","mainEntityOfPage":{"@type":"WebPage","@id":"https:\/\/www.capgemini.com\/nl-nl\/oplossingen\/application-security-testing\/"},"thumbnailUrl":"","image":{"@type":"ImageObject","url":""},"articleSection":"Uncategorized","author":[],"creator":[],"publisher":{"@type":"Organization","name":"Capgemini Nederland","logo":""},"keywords":[],"dateCreated":"2022-04-01T06:31:24Z","datePublished":"2022-04-01T06:31:24Z","dateModified":"2025-03-20T16:52:35Z"},"rendered":"<meta name=\"parsely-title\" content=\"Application Security Testing\" \/>\n<meta name=\"parsely-link\" content=\"https:\/\/www.capgemini.com\/nl-nl\/oplossingen\/application-security-testing\/\" \/>\n<meta name=\"parsely-type\" content=\"index\" \/>\n<meta name=\"parsely-pub-date\" content=\"2022-04-01T06:31:24Z\" \/>\n<meta name=\"parsely-section\" content=\"Uncategorized\" \/>","tracker_url":"https:\/\/cdn.parsely.com\/keys\/capgemini.com\/p.js"},"archive_status":false,"featured_image_src":"https:\/\/www.capgemini.com\/nl-nl\/wp-content\/themes\/capgemini2025\/assets\/images\/mockup.png","featured_image_alt":"","jetpack_sharing_enabled":true,"distributor_meta":false,"distributor_terms":false,"distributor_media":false,"distributor_original_site_name":"Capgemini Nederland","distributor_original_site_url":"https:\/\/www.capgemini.com\/nl-nl","push-errors":false,"_links":{"self":[{"href":"https:\/\/www.capgemini.com\/nl-nl\/wp-json\/wp\/v2\/pages\/667931","targetHints":{"allow":["GET"]}}],"collection":[{"href":"https:\/\/www.capgemini.com\/nl-nl\/wp-json\/wp\/v2\/pages"}],"about":[{"href":"https:\/\/www.capgemini.com\/nl-nl\/wp-json\/wp\/v2\/types\/page"}],"author":[{"embeddable":true,"href":"https:\/\/www.capgemini.com\/nl-nl\/wp-json\/wp\/v2\/users\/151"}],"replies":[{"embeddable":true,"href":"https:\/\/www.capgemini.com\/nl-nl\/wp-json\/wp\/v2\/comments?post=667931"}],"version-history":[{"count":7,"href":"https:\/\/www.capgemini.com\/nl-nl\/wp-json\/wp\/v2\/pages\/667931\/revisions"}],"predecessor-version":[{"id":740747,"href":"https:\/\/www.capgemini.com\/nl-nl\/wp-json\/wp\/v2\/pages\/667931\/revisions\/740747"}],"up":[{"embeddable":true,"href":"https:\/\/www.capgemini.com\/nl-nl\/wp-json\/wp\/v2\/pages\/607284"}],"wp:featuredmedia":[{"embeddable":true,"href":"https:\/\/www.capgemini.com\/nl-nl\/wp-json\/"}],"wp:attachment":[{"href":"https:\/\/www.capgemini.com\/nl-nl\/wp-json\/wp\/v2\/media?parent=667931"}],"wp:term":[{"taxonomy":"brand","embeddable":true,"href":"https:\/\/www.capgemini.com\/nl-nl\/wp-json\/wp\/v2\/brand?post=667931"},{"taxonomy":"partner_type","embeddable":true,"href":"https:\/\/www.capgemini.com\/nl-nl\/wp-json\/wp\/v2\/partner_type?post=667931"},{"taxonomy":"service","embeddable":true,"href":"https:\/\/www.capgemini.com\/nl-nl\/wp-json\/wp\/v2\/service?post=667931"},{"taxonomy":"industry","embeddable":true,"href":"https:\/\/www.capgemini.com\/nl-nl\/wp-json\/wp\/v2\/industry?post=667931"},{"taxonomy":"partners","embeddable":true,"href":"https:\/\/www.capgemini.com\/nl-nl\/wp-json\/wp\/v2\/partners?post=667931"},{"taxonomy":"page-type","embeddable":true,"href":"https:\/\/www.capgemini.com\/nl-nl\/wp-json\/wp\/v2\/page-type?post=667931"},{"taxonomy":"content-group","embeddable":true,"href":"https:\/\/www.capgemini.com\/nl-nl\/wp-json\/wp\/v2\/content-group?post=667931"}],"curies":[{"name":"wp","href":"https:\/\/api.w.org\/{rel}","templated":true}]}}