{"id":659338,"date":"2022-03-15T07:22:59","date_gmt":"2022-03-15T07:22:59","guid":{"rendered":"https:\/\/www.capgemini.com\/?page_id=659338"},"modified":"2025-03-20T17:07:15","modified_gmt":"2025-03-20T17:07:15","slug":"intelligent-industry-met-microsoft","status":"publish","type":"page","link":"https:\/\/www.capgemini.com\/nl-nl\/oplossingen\/intelligent-industry-met-microsoft\/","title":{"rendered":"Intelligent Industry met Microsoft"},"content":{"rendered":"\n<header class=\"wp-block-cg-blocks-hero-reusable header heroReusable  \"><div class=\"header-bgs\"><picture><source srcset=\"https:\/\/www.capgemini.com\/wp-content\/uploads\/2022\/03\/Capgemini_Microsoft_Factory-of-the-Future-e1647947012146.jpg?w=2880&amp;quality=70 1x, https:\/\/www.capgemini.com\/wp-content\/uploads\/2022\/03\/Capgemini_Microsoft_Factory-of-the-Future-e1647947012146.jpg?w=2880&amp;quality=70 2x\" media=\"(min-width: 1500px)\"\/><source srcset=\"https:\/\/www.capgemini.com\/wp-content\/uploads\/2022\/03\/Capgemini_Microsoft_Factory-of-the-Future-e1647947012146.jpg?w=1440&amp;quality=70 1x, https:\/\/www.capgemini.com\/wp-content\/uploads\/2022\/03\/Capgemini_Microsoft_Factory-of-the-Future-e1647947012146.jpg?w=2880&amp;quality=70 2x\" media=\"(min-width: 992px)\"\/><source srcset=\"https:\/\/www.capgemini.com\/wp-content\/uploads\/2022\/03\/Capgemini_Microsoft_Factory-of-the-Future-e1647947012146.jpg?w=1024&amp;quality=70 1x, https:\/\/www.capgemini.com\/wp-content\/uploads\/2022\/03\/Capgemini_Microsoft_Factory-of-the-Future-e1647947012146.jpg?w=1024&amp;quality=70 2x\" media=\"(min-width: 768px)\"\/><source srcset=\"https:\/\/www.capgemini.com\/wp-content\/uploads\/2022\/03\/Capgemini_Microsoft_Factory-of-the-Future-e1647947012146.jpg?w=768&amp;quality=70 1x, https:\/\/www.capgemini.com\/wp-content\/uploads\/2022\/03\/Capgemini_Microsoft_Factory-of-the-Future-e1647947012146.jpg?w=768&amp;quality=70 2x\" media=\"(min-width: 0)\"\/><img decoding=\"async\" src=\"https:\/\/www.capgemini.com\/wp-content\/uploads\/2022\/03\/Capgemini_Microsoft_Factory-of-the-Future-e1647947012146.jpg\" class=\"header-img header-img-d\" alt=\"\" style=\"object-fit:cover;object-position:50% 50%\" loading=\"eager\"\/><\/picture><\/div><div class=\"heroPictureCardHeaderShape\"><\/div><div class=\"container\"><div class=\"row\"><div class=\"col-md-12\"><div class=\"box\"><div class=\"boxTagWrapper\"><div class=\"tagInfo\"><div><span class=\"box-tag\">Solution<\/span><\/div><\/div><\/div><div class=\"box-title\"><h1 data-maxlength=\"34\">Intelligent Industry met Microsoft<\/h1><\/div><div class=\"inner-row-insight download-btn\"><\/div><\/div><\/div><\/div><\/div><\/header>\n\n\n\n<section class=\"wp-block-cg-blocks-intro-para undefined section section--intro pt48\"><div class=\"intro-para\"><div class=\"container\"><div class=\"row\"><div class=\"col-12 col-md-1\"><nav class=\"article-social\"><ul class=\"social-nav\"><li class=\"ip-order-fb\"><a href=\"https:\/\/www.facebook.com\/sharer\/sharer.php?u=https:\/\/www.capgemini.com\/nl-nl\/oplossingen\/intelligent-industry-met-microsoft\/\" target=\"_blank\" rel=\"noopener noreferrer\" title=\"wordt in een nieuw venster geopend\"><i aria-hidden=\"true\" class=\"icon-fb\"><\/i><span class=\"sr-only\">Facebook<\/span><\/a><\/li><li class=\"ip-order-li\"><a href=\"https:\/\/www.linkedin.com\/sharing\/share-offsite\/?url=https:\/\/www.capgemini.com\/nl-nl\/oplossingen\/intelligent-industry-met-microsoft\/\" target=\"_blank\" rel=\"noopener noreferrer\" title=\"wordt in een nieuw venster geopend\"><i aria-hidden=\"true\" class=\"icon-li\"><\/i><span class=\"sr-only\">Linkedin<\/span><\/a><\/li><\/ul><\/nav><\/div><div class=\"col-12 col-md-11 col-lg-10\"><h2 class=\"intro-para-title\">Capgemini en Microsoft hebben samen het Factory of the Future-initiatief ontwikkeld om fabrikanten te helpen een duidelijke visie op te bouwen over hoe ze hun fabrieksecosysteem digitaal kunnen transformeren.<\/h2><p class=\"intro-para-content\">Om een idee om te zetten in realiteit is visie nodig. Onze Factory-of-the-Future-aanpak helpt fabrikanten de schaalbaarheid te bereiken die nodig is om goede idee\u00ebn om te zetten in bedrijfsbrede resultaten.<br><br>Het begint met een Intelligent Operations Platform (IOP) dat integreert met de bestaande tech stack en snel kan worden ge\u00efmplementeerd. Use cases worden vervolgens uitgevoerd met een stapsgewijze aanpak die \u00e9\u00e9n innovatieve kans tegelijk oplevert. Ze worden uitgerold met behulp van een agile methodologie die het operating model geleidelijk verbetert en innovatie in de bedrijfscultuur verankert.<\/p><\/div><\/div><\/div><\/div><\/section>\n","protected":false},"excerpt":{"rendered":"","protected":false},"author":151,"featured_media":0,"parent":607284,"menu_order":0,"comment_status":"closed","ping_status":"closed","template":"","meta":{"cg_dt_proposed_to":[],"cg_seo_hreflang_relations":"[]","cg_seo_canonical_relation":"","cg_seo_hreflang_x_default_relation":"{\"uuid\":\"92186479-5117-40b8-89fc-14ede68942b4\",\"blogId\":\"\",\"domain\":\"\",\"sitePath\":\"\",\"postLink\":\"\",\"postId\":null,\"isSaved\":true,\"isCrossLink\":false,\"hasCrossLink\":false}","cg_dt_approved_content":true,"cg_dt_mandatory_content":false,"cg_dt_notes":"","cg_dg_source_changed":false,"cg_dt_link_disabled":false,"_yoast_wpseo_primary_brand":"","footnotes":"","featured_focal_points":"","partner_card_description":"","gsap_animation":0},"brand":[],"partner_type":[],"service":[],"industry":[],"partners":[],"page-type":[251],"content-group":[],"class_list":["post-659338","page","type-page","status-publish","hentry","page-type-solutions"],"yoast_head":"<!-- This site is optimized with the Yoast SEO Premium plugin v22.8 (Yoast SEO v22.8) - https:\/\/yoast.com\/wordpress\/plugins\/seo\/ -->\n<title>Intelligent Industry met Microsoft - Capgemini Nederland<\/title>\n<meta name=\"robots\" content=\"index, follow, max-snippet:-1, max-image-preview:large, max-video-preview:-1\" \/>\n<link rel=\"canonical\" href=\"https:\/\/www.capgemini.com\/nl-nl\/oplossingen\/intelligent-industry-met-microsoft\/\" \/>\n<meta property=\"og:locale\" content=\"nl_NL\" \/>\n<meta property=\"og:type\" content=\"article\" \/>\n<meta property=\"og:title\" content=\"Intelligent Industry met Microsoft\" \/>\n<meta property=\"og:url\" content=\"https:\/\/www.capgemini.com\/nl-nl\/oplossingen\/intelligent-industry-met-microsoft\/\" \/>\n<meta property=\"og:site_name\" content=\"Capgemini Nederland\" \/>\n<meta property=\"article:modified_time\" content=\"2025-03-20T17:07:15+00:00\" \/>\n<meta property=\"og:image\" content=\"https:\/\/www.capgemini.com\/wp-content\/uploads\/2022\/03\/Capgemini_Microsoft_Factory-of-the-Future-e1647947012146.jpg\" \/>\n<meta name=\"twitter:card\" content=\"summary_large_image\" \/>\n<script type=\"application\/ld+json\" class=\"yoast-schema-graph\">{\"@context\":\"https:\/\/schema.org\",\"@graph\":[{\"@type\":\"WebPage\",\"@id\":\"https:\/\/www.capgemini.com\/nl-nl\/oplossingen\/intelligent-industry-met-microsoft\/\",\"url\":\"https:\/\/www.capgemini.com\/nl-nl\/oplossingen\/intelligent-industry-met-microsoft\/\",\"name\":\"Intelligent Industry met Microsoft - Capgemini Nederland\",\"isPartOf\":{\"@id\":\"https:\/\/www.capgemini.com\/nl-nl\/#website\"},\"primaryImageOfPage\":{\"@id\":\"https:\/\/www.capgemini.com\/nl-nl\/oplossingen\/intelligent-industry-met-microsoft\/#primaryimage\"},\"image\":{\"@id\":\"https:\/\/www.capgemini.com\/nl-nl\/oplossingen\/intelligent-industry-met-microsoft\/#primaryimage\"},\"thumbnailUrl\":\"https:\/\/www.capgemini.com\/wp-content\/uploads\/2022\/03\/Capgemini_Microsoft_Factory-of-the-Future-e1647947012146.jpg\",\"datePublished\":\"2022-03-15T07:22:59+00:00\",\"dateModified\":\"2025-03-20T17:07:15+00:00\",\"breadcrumb\":{\"@id\":\"https:\/\/www.capgemini.com\/nl-nl\/oplossingen\/intelligent-industry-met-microsoft\/#breadcrumb\"},\"inLanguage\":\"nl-NL\",\"potentialAction\":[{\"@type\":\"ReadAction\",\"target\":[\"https:\/\/www.capgemini.com\/nl-nl\/oplossingen\/intelligent-industry-met-microsoft\/\"]}]},{\"@type\":\"ImageObject\",\"inLanguage\":\"nl-NL\",\"@id\":\"https:\/\/www.capgemini.com\/nl-nl\/oplossingen\/intelligent-industry-met-microsoft\/#primaryimage\",\"url\":\"https:\/\/www.capgemini.com\/wp-content\/uploads\/2022\/03\/Capgemini_Microsoft_Factory-of-the-Future-e1647947012146.jpg\",\"contentUrl\":\"https:\/\/www.capgemini.com\/wp-content\/uploads\/2022\/03\/Capgemini_Microsoft_Factory-of-the-Future-e1647947012146.jpg\"},{\"@type\":\"BreadcrumbList\",\"@id\":\"https:\/\/www.capgemini.com\/nl-nl\/oplossingen\/intelligent-industry-met-microsoft\/#breadcrumb\",\"itemListElement\":[{\"@type\":\"ListItem\",\"position\":1,\"name\":\"Home\",\"item\":\"https:\/\/www.capgemini.com\/nl-nl\/\"},{\"@type\":\"ListItem\",\"position\":2,\"name\":\"Oplossingen\",\"item\":\"https:\/\/www.capgemini.com\/nl-nl\/oplossingen\/\"},{\"@type\":\"ListItem\",\"position\":3,\"name\":\"Intelligent Industry met Microsoft\"}]},{\"@type\":\"WebSite\",\"@id\":\"https:\/\/www.capgemini.com\/nl-nl\/#website\",\"url\":\"https:\/\/www.capgemini.com\/nl-nl\/\",\"name\":\"Capgemini Nederland\",\"description\":\"Capgemini\",\"potentialAction\":[{\"@type\":\"SearchAction\",\"target\":{\"@type\":\"EntryPoint\",\"urlTemplate\":\"https:\/\/www.capgemini.com\/nl-nl\/?s={search_term_string}\"},\"query-input\":\"required name=search_term_string\"}],\"inLanguage\":\"nl-NL\"}]}<\/script>\n<!-- \/ Yoast SEO Premium plugin. -->","yoast_head_json":{"title":"Intelligent Industry met Microsoft - Capgemini Nederland","robots":{"index":"index","follow":"follow","max-snippet":"max-snippet:-1","max-image-preview":"max-image-preview:large","max-video-preview":"max-video-preview:-1"},"canonical":"https:\/\/www.capgemini.com\/nl-nl\/oplossingen\/intelligent-industry-met-microsoft\/","og_locale":"nl_NL","og_type":"article","og_title":"Intelligent Industry met Microsoft","og_url":"https:\/\/www.capgemini.com\/nl-nl\/oplossingen\/intelligent-industry-met-microsoft\/","og_site_name":"Capgemini Nederland","article_modified_time":"2025-03-20T17:07:15+00:00","og_image":[{"url":"https:\/\/www.capgemini.com\/wp-content\/uploads\/2022\/03\/Capgemini_Microsoft_Factory-of-the-Future-e1647947012146.jpg"}],"twitter_card":"summary_large_image","schema":{"@context":"https:\/\/schema.org","@graph":[{"@type":"WebPage","@id":"https:\/\/www.capgemini.com\/nl-nl\/oplossingen\/intelligent-industry-met-microsoft\/","url":"https:\/\/www.capgemini.com\/nl-nl\/oplossingen\/intelligent-industry-met-microsoft\/","name":"Intelligent Industry met Microsoft - Capgemini Nederland","isPartOf":{"@id":"https:\/\/www.capgemini.com\/nl-nl\/#website"},"primaryImageOfPage":{"@id":"https:\/\/www.capgemini.com\/nl-nl\/oplossingen\/intelligent-industry-met-microsoft\/#primaryimage"},"image":{"@id":"https:\/\/www.capgemini.com\/nl-nl\/oplossingen\/intelligent-industry-met-microsoft\/#primaryimage"},"thumbnailUrl":"https:\/\/www.capgemini.com\/wp-content\/uploads\/2022\/03\/Capgemini_Microsoft_Factory-of-the-Future-e1647947012146.jpg","datePublished":"2022-03-15T07:22:59+00:00","dateModified":"2025-03-20T17:07:15+00:00","breadcrumb":{"@id":"https:\/\/www.capgemini.com\/nl-nl\/oplossingen\/intelligent-industry-met-microsoft\/#breadcrumb"},"inLanguage":"nl-NL","potentialAction":[{"@type":"ReadAction","target":["https:\/\/www.capgemini.com\/nl-nl\/oplossingen\/intelligent-industry-met-microsoft\/"]}]},{"@type":"ImageObject","inLanguage":"nl-NL","@id":"https:\/\/www.capgemini.com\/nl-nl\/oplossingen\/intelligent-industry-met-microsoft\/#primaryimage","url":"https:\/\/www.capgemini.com\/wp-content\/uploads\/2022\/03\/Capgemini_Microsoft_Factory-of-the-Future-e1647947012146.jpg","contentUrl":"https:\/\/www.capgemini.com\/wp-content\/uploads\/2022\/03\/Capgemini_Microsoft_Factory-of-the-Future-e1647947012146.jpg"},{"@type":"BreadcrumbList","@id":"https:\/\/www.capgemini.com\/nl-nl\/oplossingen\/intelligent-industry-met-microsoft\/#breadcrumb","itemListElement":[{"@type":"ListItem","position":1,"name":"Home","item":"https:\/\/www.capgemini.com\/nl-nl\/"},{"@type":"ListItem","position":2,"name":"Oplossingen","item":"https:\/\/www.capgemini.com\/nl-nl\/oplossingen\/"},{"@type":"ListItem","position":3,"name":"Intelligent Industry met Microsoft"}]},{"@type":"WebSite","@id":"https:\/\/www.capgemini.com\/nl-nl\/#website","url":"https:\/\/www.capgemini.com\/nl-nl\/","name":"Capgemini Nederland","description":"Capgemini","potentialAction":[{"@type":"SearchAction","target":{"@type":"EntryPoint","urlTemplate":"https:\/\/www.capgemini.com\/nl-nl\/?s={search_term_string}"},"query-input":"required name=search_term_string"}],"inLanguage":"nl-NL"}]}},"brand_term":[],"parsely":{"version":"1.1.0","canonical_url":"https:\/\/capgemini.com\/nl-nl\/oplossingen\/intelligent-industry-met-microsoft\/","smart_links":{"inbound":0,"outbound":0},"traffic_boost_suggestions_count":0,"meta":{"@context":"https:\/\/schema.org","@type":"WebPage","headline":"Intelligent Industry met Microsoft","url":"https:\/\/www.capgemini.com\/nl-nl\/oplossingen\/intelligent-industry-met-microsoft\/","mainEntityOfPage":{"@type":"WebPage","@id":"https:\/\/www.capgemini.com\/nl-nl\/oplossingen\/intelligent-industry-met-microsoft\/"},"thumbnailUrl":"","image":{"@type":"ImageObject","url":""},"articleSection":"Uncategorized","author":[],"creator":[],"publisher":{"@type":"Organization","name":"Capgemini Nederland","logo":""},"keywords":[],"dateCreated":"2022-03-15T07:22:59Z","datePublished":"2022-03-15T07:22:59Z","dateModified":"2025-03-20T17:07:15Z"},"rendered":"<meta name=\"parsely-title\" content=\"Intelligent Industry met Microsoft\" \/>\n<meta name=\"parsely-link\" content=\"https:\/\/www.capgemini.com\/nl-nl\/oplossingen\/intelligent-industry-met-microsoft\/\" \/>\n<meta name=\"parsely-type\" content=\"index\" \/>\n<meta name=\"parsely-pub-date\" content=\"2022-03-15T07:22:59Z\" \/>\n<meta name=\"parsely-section\" content=\"Uncategorized\" \/>","tracker_url":"https:\/\/cdn.parsely.com\/keys\/capgemini.com\/p.js"},"archive_status":false,"featured_image_src":"https:\/\/www.capgemini.com\/nl-nl\/wp-content\/themes\/capgemini2025\/assets\/images\/mockup.png","featured_image_alt":false,"jetpack_sharing_enabled":true,"distributor_meta":false,"distributor_terms":false,"distributor_media":false,"distributor_original_site_name":"Capgemini Nederland","distributor_original_site_url":"https:\/\/www.capgemini.com\/nl-nl","push-errors":false,"_links":{"self":[{"href":"https:\/\/www.capgemini.com\/nl-nl\/wp-json\/wp\/v2\/pages\/659338","targetHints":{"allow":["GET"]}}],"collection":[{"href":"https:\/\/www.capgemini.com\/nl-nl\/wp-json\/wp\/v2\/pages"}],"about":[{"href":"https:\/\/www.capgemini.com\/nl-nl\/wp-json\/wp\/v2\/types\/page"}],"author":[{"embeddable":true,"href":"https:\/\/www.capgemini.com\/nl-nl\/wp-json\/wp\/v2\/users\/151"}],"replies":[{"embeddable":true,"href":"https:\/\/www.capgemini.com\/nl-nl\/wp-json\/wp\/v2\/comments?post=659338"}],"version-history":[{"count":6,"href":"https:\/\/www.capgemini.com\/nl-nl\/wp-json\/wp\/v2\/pages\/659338\/revisions"}],"predecessor-version":[{"id":740784,"href":"https:\/\/www.capgemini.com\/nl-nl\/wp-json\/wp\/v2\/pages\/659338\/revisions\/740784"}],"up":[{"embeddable":true,"href":"https:\/\/www.capgemini.com\/nl-nl\/wp-json\/wp\/v2\/pages\/607284"}],"wp:attachment":[{"href":"https:\/\/www.capgemini.com\/nl-nl\/wp-json\/wp\/v2\/media?parent=659338"}],"wp:term":[{"taxonomy":"brand","embeddable":true,"href":"https:\/\/www.capgemini.com\/nl-nl\/wp-json\/wp\/v2\/brand?post=659338"},{"taxonomy":"partner_type","embeddable":true,"href":"https:\/\/www.capgemini.com\/nl-nl\/wp-json\/wp\/v2\/partner_type?post=659338"},{"taxonomy":"service","embeddable":true,"href":"https:\/\/www.capgemini.com\/nl-nl\/wp-json\/wp\/v2\/service?post=659338"},{"taxonomy":"industry","embeddable":true,"href":"https:\/\/www.capgemini.com\/nl-nl\/wp-json\/wp\/v2\/industry?post=659338"},{"taxonomy":"partners","embeddable":true,"href":"https:\/\/www.capgemini.com\/nl-nl\/wp-json\/wp\/v2\/partners?post=659338"},{"taxonomy":"page-type","embeddable":true,"href":"https:\/\/www.capgemini.com\/nl-nl\/wp-json\/wp\/v2\/page-type?post=659338"},{"taxonomy":"content-group","embeddable":true,"href":"https:\/\/www.capgemini.com\/nl-nl\/wp-json\/wp\/v2\/content-group?post=659338"}],"curies":[{"name":"wp","href":"https:\/\/api.w.org\/{rel}","templated":true}]}}