{"id":659337,"date":"2022-03-15T07:22:57","date_gmt":"2022-03-15T07:22:57","guid":{"rendered":"https:\/\/www.capgemini.com\/?page_id=659337"},"modified":"2025-12-04T23:14:50","modified_gmt":"2025-12-04T23:14:50","slug":"epm-with-microsoft-2","status":"publish","type":"page","link":"https:\/\/www.capgemini.com\/nl-nl\/oplossingen\/epm-with-microsoft-2\/","title":{"rendered":"Sluit u aan bij ServiceNow"},"content":{"rendered":"\n<header class=\"wp-block-cg-blocks-hero-reusable header heroReusable  \"><div class=\"header-bgs\"><picture><source srcset=\"https:\/\/www.capgemini.com\/wp-content\/uploads\/2022\/03\/Capgemini_Service-Now.jpg?w=2880&amp;quality=70 1x, https:\/\/www.capgemini.com\/wp-content\/uploads\/2022\/03\/Capgemini_Service-Now.jpg?w=2880&amp;quality=70 2x\" media=\"(min-width: 1500px)\"\/><source srcset=\"https:\/\/www.capgemini.com\/wp-content\/uploads\/2022\/03\/Capgemini_Service-Now.jpg?w=1440&amp;quality=70 1x, https:\/\/www.capgemini.com\/wp-content\/uploads\/2022\/03\/Capgemini_Service-Now.jpg?w=2880&amp;quality=70 2x\" media=\"(min-width: 992px)\"\/><source srcset=\"https:\/\/www.capgemini.com\/wp-content\/uploads\/2022\/03\/Capgemini_Service-Now.jpg?w=1024&amp;quality=70 1x, https:\/\/www.capgemini.com\/wp-content\/uploads\/2022\/03\/Capgemini_Service-Now.jpg?w=1024&amp;quality=70 2x\" media=\"(min-width: 768px)\"\/><source srcset=\"https:\/\/www.capgemini.com\/wp-content\/uploads\/2022\/03\/Capgemini_Service-Now.jpg?w=768&amp;quality=70 1x, https:\/\/www.capgemini.com\/wp-content\/uploads\/2022\/03\/Capgemini_Service-Now.jpg?w=768&amp;quality=70 2x\" media=\"(min-width: 0)\"\/><img decoding=\"async\" src=\"https:\/\/www.capgemini.com\/wp-content\/uploads\/2022\/03\/Capgemini_Service-Now.jpg\" class=\"header-img header-img-d\" alt=\"\" style=\"object-fit:cover;object-position:48% 28.000000000000004%\" loading=\"eager\"\/><\/picture><\/div><div class=\"heroPictureCardHeaderShape\"><\/div><div class=\"container\"><div class=\"row\"><div class=\"col-md-12\"><div class=\"box\"><div class=\"boxTagWrapper\"><div class=\"tagInfo\"><div><span class=\"box-tag\">Solution<\/span><\/div><\/div><\/div><div class=\"box-title\"><h1 data-maxlength=\"34\">Sluit u aan bij ServiceNow<\/h1><\/div><div class=\"inner-row-insight download-btn\"><\/div><\/div><\/div><\/div><\/div><\/header>\n\n\n\n<section class=\"wp-block-cg-blocks-intro-para undefined section section--intro\"><div class=\"intro-para\"><div class=\"container\"><div class=\"row\"><div class=\"col-12 col-md-1\"><nav class=\"article-social\"><ul class=\"social-nav\"><li class=\"ip-order-fb\"><a href=\"https:\/\/www.facebook.com\/sharer\/sharer.php?u=https:\/\/www.capgemini.com\/nl-nl\/oplossingen\/epm-with-microsoft-2\/\" target=\"_blank\" rel=\"noopener noreferrer\" title=\"opens in a new window\"><i aria-hidden=\"true\" class=\"icon-fb\"><\/i><span class=\"sr-only\">Facebook<\/span><\/a><\/li><li class=\"ip-order-li\"><a href=\"https:\/\/www.linkedin.com\/sharing\/share-offsite\/?url=https:\/\/www.capgemini.com\/nl-nl\/oplossingen\/epm-with-microsoft-2\/\" target=\"_blank\" rel=\"noopener noreferrer\" title=\"opens in a new window\"><i aria-hidden=\"true\" class=\"icon-li\"><\/i><span class=\"sr-only\">Linkedin<\/span><\/a><\/li><\/ul><\/nav><\/div><div class=\"col-12 col-md-11 col-lg-10\"><h2 class=\"intro-para-title\">Uitmuntendheid leveren door middel van uniforme digitale landschappen.<\/h2><p class=\"intro-para-content\">Capgemini en ServiceNow brengen mensen, processen, technologie, gegevens en service samen voor uitzonderlijke ervaringen en duurzame business-uitkomsten. We helpen onze klanten multifunctionele workflows te cre\u00ebren en optimaliseren door verschillende bedrijfssystemen samen te voegen tot ge\u00efntegreerde naadloze ervaringen.<br><br>Zullen handmatige workflows uw digitale transformatie tegenhouden? Of zal \u00e9\u00e9n ge\u00efntegreerd platform de digitale kloof dichten? <br><br>Capgemini is een end-to-end transformatiepartner die brede en diepgaande ervaring biedt aan elke klantbetrokkenheid, waarbij alle noodzakelijke mogelijkheden die organisaties nodig hebben om uw ServiceNow-investering te maximaliseren en continue waarde te ontgrendelen worden samengevlochten &#8211; en dat alles terwijl ze meer effici\u00ebntie en productiviteit leveren.<br><strong><br>Ontgrendel samen met ons de kracht van workflow voor een opnieuw uitgevonden toekomst.<\/strong><\/p><\/div><\/div><\/div><\/div><\/section>\n\n\n\n<section class=\"wp-block-cg-blocks-how-we-do-it section section--howwedoit block-howwedoit\"><div class=\"container\"><div><div class=\"content-title\"><h2 data-maxlength=\"72\" class=\"expandable-heading-tag\">Onze aanbiedingen<\/h2><\/div><p><\/p><\/div><div class=\"section-content\">\n<div class=\"wp-block-cg-blocks-card-howwedoit expanders\"><div class=\"box card-regulated-agreements card-howwedoit\"><div class=\"expander-box filter-box tag-active \"><div class=\"expander-title\" tabindex=\"0\" role=\"button\" aria-pressed=\"false\" aria-expanded=\"false\"><h4>Digital Shopfloor Solutions (DSS) mogelijk gemaakt door ServiceNow<\/h4><\/div><div class=\"expander-subtitle\"><h5>Our Digital Shopfloor Solutions improve the shop-floor experience and worker performance through standardized processes &#8211; helping manufacturers get the future they want.<\/h5><\/div><div class=\"expander-content\"><p>Onze Digital Shopfloor Solutions biedt een eenvoudig te configureren, gebruiksvriendelijke digitale app voor technici en werknemers op de werkvloer om instructies te bekijken en uit te voeren ter controle en onderhoud van productieapparatuur.<\/p><div class=\"content-more\"><a class=\"more2\" aria-label=\"Download our brochure link\" href=\"https:\/\/www.capgemini.com\/wp-content\/uploads\/2022\/01\/ServiceNow-DSS.pdf\" target=\"\" title=\"Opens in a new window\" rel=\"noopener noreferrer\">Download our brochure<\/a><\/div><\/div><\/div><\/div><\/div>\n\n\n\n<div class=\"wp-block-cg-blocks-card-howwedoit expanders\"><div class=\"box card-regulated-agreements card-howwedoit\"><div class=\"expander-box filter-box tag-active \"><div class=\"expander-title\" tabindex=\"0\" role=\"button\" aria-pressed=\"false\" aria-expanded=\"false\"><h3 class=\"expander-heading-title\">Enterprise Service Management (ESM) op NOW<\/h3><\/div><div class=\"expander-subtitle\"><p class=\"small-description\">Achieve service excellence benefits for your customers &#8211; and your organization.<\/p><\/div><div class=\"expander-content\"><p>Enterprise Service Management op NOW helpt organisaties elk bedrijfsproces in de hele onderneming drastisch te verbeteren.<br><br>Dit omvat Customer Service Management (CSM), HR Service Management (HRSM), Security Operations (SecOps), Finance, Business Service Management (BSM), IT Service Management (ITSM), IT Operations Management (ITOM), IT Business Management (ITBM) en meer.<\/p><div class=\"bg-color video-align-right\"><div class=\"container\"><div class=\"row video-align-left\"><div class=\"col-md-12\"><div class=\"video-align-left row box box--4 box--mini\"><div class=\"col-md-3\"><\/div><div class=\"col-md-8 box-img-wrapper\"><div class=\"video-box\"><\/div><\/div><\/div><\/div><\/div><\/div><\/div><div class=\"content-more\"><a class=\"more2\" aria-label=\"Our ESM services link\" href=\"https:\/\/www.capgemini.com\/services\/enterprise-management\/enterprise-service-management\/\" target=\"\" title=\"\" rel=\"noopener noreferrer\">Our ESM services<\/a><\/div><\/div><\/div><\/div><\/div>\n\n\n\n<div class=\"wp-block-cg-blocks-card-howwedoit expanders\"><div class=\"box card-regulated-agreements card-howwedoit\"><div class=\"expander-box filter-box tag-active \"><div class=\"expander-title\" tabindex=\"0\" role=\"button\" aria-pressed=\"false\" aria-expanded=\"false\"><h4>Digital Service Integration and Management (SIAM)<\/h4><\/div><div class=\"expander-subtitle\"><h5>Unlock the full potential of your complex multi-provider business ecosystem with our Digital Service Integration and Management (SIAM) solutions, and achieve end-to-end customer satisfaction.<\/h5><\/div><div class=\"expander-content\"><p>Digital SIAM brengt afzonderlijk gecontracteerde IT-diensten samen om ervoor te zorgen dat ze consistent samenwerken om bedrijfswaarde te leveren.<br><br>Het geeft u controle door serviceduplicatie te verwijderen en een plug-and-play leveranciersmodel te maken &#8211; en het biedt ook een dynamische gebruikerservaring.<\/p><div class=\"content-more\"><a class=\"more2\" aria-label=\"Download our brochure link\" href=\"https:\/\/www.capgemini.com\/resources\/brochure-digital-siam\/\" target=\"_blank\" title=\"Opens in a new window\" rel=\"noopener noreferrer\">Download our brochure<\/a><\/div><\/div><\/div><\/div><\/div>\n\n\n\n<div class=\"wp-block-cg-blocks-card-howwedoit expanders\"><div class=\"box card-regulated-agreements card-howwedoit\"><div class=\"expander-box filter-box tag-active \"><div class=\"expander-title\" tabindex=\"0\" role=\"button\" aria-pressed=\"false\" aria-expanded=\"false\"><h3 class=\"expander-heading-title\">Intelligent People Operations (IPO) mogelijk gemaakt door ServiceNow<\/h3><\/div><div class=\"expander-subtitle\"><p class=\"small-description\">Intelligent People Operations powered by ServiceNow bring HR services together on a single, frictionless platform, so people can get everything they need. Happy employees. Increased productivity.<\/p><\/div><div class=\"expander-content\"><p>Door de inzet van de ServiceNow HR Service Delivery-applicatie, kan uw HR-functie zorgen voor een verbeterde werknemerservaring, lagere kosten, verhoogde productiviteit en verbeterde effici\u00ebntie van de middelen.<\/p><div class=\"bg-color video-align-right\"><div class=\"container\"><div class=\"row video-align-left\"><div class=\"col-md-12\"><div class=\"video-align-left row box box--4 box--mini\"><div class=\"col-md-3\"><\/div><div class=\"col-md-8 box-img-wrapper\"><div class=\"video-box\"><\/div><\/div><\/div><\/div><\/div><\/div><\/div><div class=\"content-more\"><a class=\"more2\" aria-label=\"Download our brochure link\" href=\"https:\/\/www.capgemini.com\/wp-content\/uploads\/2021\/09\/Digital-Employee-Operations-Powered-by-ServiceNow%C2%AE.pdf\" target=\"_blank\" title=\"Opens in a new window\" rel=\"noopener noreferrer\">Download our brochure<\/a><a class=\"more2\" aria-label=\"Visit the dedicated page link\" href=\"https:\/\/www.capgemini.com\/services\/enterprise-management\/intelligent-business-operations\/intelligent-people-operations\/\" target=\"_blank\" title=\"Opens in a new window\" rel=\"noopener noreferrer\">Visit the dedicated page<\/a><\/div><\/div><\/div><\/div><\/div>\n<\/div><\/div><\/section>\n","protected":false},"excerpt":{"rendered":"","protected":false},"author":151,"featured_media":662834,"parent":607284,"menu_order":0,"comment_status":"closed","ping_status":"closed","template":"","meta":{"cg_dt_proposed_to":[],"cg_seo_hreflang_relations":"[]","cg_seo_canonical_relation":"","cg_seo_hreflang_x_default_relation":"{\"uuid\":\"8d179005-b998-4f28-afcc-4a448004b88d\",\"blogId\":\"\",\"domain\":\"\",\"sitePath\":\"\",\"postLink\":\"\",\"postId\":null,\"isSaved\":false,\"isCrossLink\":false,\"hasCrossLink\":false}","cg_dt_approved_content":true,"cg_dt_mandatory_content":false,"cg_dt_notes":"","cg_dg_source_changed":false,"cg_dt_link_disabled":false,"_yoast_wpseo_primary_brand":"","footnotes":"","featured_focal_points":"","partner_card_description":"","gsap_animation":0},"brand":[],"partner_type":[],"service":[],"industry":[],"partners":[],"page-type":[251],"content-group":[],"class_list":["post-659337","page","type-page","status-publish","has-post-thumbnail","hentry","page-type-solutions"],"yoast_head":"<!-- This site is optimized with the Yoast SEO Premium plugin v22.8 (Yoast SEO v22.8) - https:\/\/yoast.com\/wordpress\/plugins\/seo\/ -->\n<title>Sluit u aan bij ServiceNow - Capgemini Nederland<\/title>\n<meta name=\"robots\" content=\"index, follow, max-snippet:-1, max-image-preview:large, max-video-preview:-1\" \/>\n<link rel=\"canonical\" href=\"https:\/\/www.capgemini.com\/nl-nl\/oplossingen\/epm-with-microsoft-2\/\" \/>\n<meta property=\"og:locale\" content=\"nl_NL\" \/>\n<meta property=\"og:type\" content=\"article\" \/>\n<meta property=\"og:title\" content=\"Sluit u aan bij ServiceNow\" \/>\n<meta property=\"og:url\" content=\"https:\/\/www.capgemini.com\/nl-nl\/oplossingen\/epm-with-microsoft-2\/\" \/>\n<meta property=\"og:site_name\" content=\"Capgemini Nederland\" \/>\n<meta property=\"article:modified_time\" content=\"2025-12-04T23:14:50+00:00\" \/>\n<meta property=\"og:image\" content=\"https:\/\/www.capgemini.com\/nl-nl\/wp-content\/uploads\/sites\/19\/2025\/10\/New-Web-preview-global.jpg\" \/>\n\t<meta property=\"og:image:width\" content=\"1200\" \/>\n\t<meta property=\"og:image:height\" content=\"627\" \/>\n\t<meta property=\"og:image:type\" content=\"image\/jpeg\" \/>\n<meta name=\"twitter:card\" content=\"summary_large_image\" \/>\n<meta name=\"twitter:label1\" content=\"Est. reading time\" \/>\n\t<meta name=\"twitter:data1\" content=\"3 minutes\" \/>\n<script type=\"application\/ld+json\" class=\"yoast-schema-graph\">{\"@context\":\"https:\/\/schema.org\",\"@graph\":[{\"@type\":\"WebPage\",\"@id\":\"https:\/\/www.capgemini.com\/nl-nl\/oplossingen\/epm-with-microsoft-2\/\",\"url\":\"https:\/\/www.capgemini.com\/nl-nl\/oplossingen\/epm-with-microsoft-2\/\",\"name\":\"Sluit u aan bij ServiceNow - Capgemini Nederland\",\"isPartOf\":{\"@id\":\"https:\/\/www.capgemini.com\/nl-nl\/#website\"},\"primaryImageOfPage\":{\"@id\":\"https:\/\/www.capgemini.com\/nl-nl\/oplossingen\/epm-with-microsoft-2\/#primaryimage\"},\"image\":{\"@id\":\"https:\/\/www.capgemini.com\/nl-nl\/oplossingen\/epm-with-microsoft-2\/#primaryimage\"},\"thumbnailUrl\":\"\",\"datePublished\":\"2022-03-15T07:22:57+00:00\",\"dateModified\":\"2025-12-04T23:14:50+00:00\",\"breadcrumb\":{\"@id\":\"https:\/\/www.capgemini.com\/nl-nl\/oplossingen\/epm-with-microsoft-2\/#breadcrumb\"},\"inLanguage\":\"nl-NL\",\"potentialAction\":[{\"@type\":\"ReadAction\",\"target\":[\"https:\/\/www.capgemini.com\/nl-nl\/oplossingen\/epm-with-microsoft-2\/\"]}]},{\"@type\":\"ImageObject\",\"inLanguage\":\"nl-NL\",\"@id\":\"https:\/\/www.capgemini.com\/nl-nl\/oplossingen\/epm-with-microsoft-2\/#primaryimage\",\"url\":\"\",\"contentUrl\":\"\"},{\"@type\":\"BreadcrumbList\",\"@id\":\"https:\/\/www.capgemini.com\/nl-nl\/oplossingen\/epm-with-microsoft-2\/#breadcrumb\",\"itemListElement\":[{\"@type\":\"ListItem\",\"position\":1,\"name\":\"Home\",\"item\":\"https:\/\/www.capgemini.com\/nl-nl\/\"},{\"@type\":\"ListItem\",\"position\":2,\"name\":\"Oplossingen\",\"item\":\"https:\/\/www.capgemini.com\/nl-nl\/oplossingen\/\"},{\"@type\":\"ListItem\",\"position\":3,\"name\":\"Sluit u aan bij ServiceNow\"}]},{\"@type\":\"WebSite\",\"@id\":\"https:\/\/www.capgemini.com\/nl-nl\/#website\",\"url\":\"https:\/\/www.capgemini.com\/nl-nl\/\",\"name\":\"Capgemini Nederland\",\"description\":\"Capgemini\",\"potentialAction\":[{\"@type\":\"SearchAction\",\"target\":{\"@type\":\"EntryPoint\",\"urlTemplate\":\"https:\/\/www.capgemini.com\/nl-nl\/?s={search_term_string}\"},\"query-input\":\"required name=search_term_string\"}],\"inLanguage\":\"nl-NL\"}]}<\/script>\n<!-- \/ Yoast SEO Premium plugin. -->","yoast_head_json":{"title":"Sluit u aan bij ServiceNow - Capgemini Nederland","robots":{"index":"index","follow":"follow","max-snippet":"max-snippet:-1","max-image-preview":"max-image-preview:large","max-video-preview":"max-video-preview:-1"},"canonical":"https:\/\/www.capgemini.com\/nl-nl\/oplossingen\/epm-with-microsoft-2\/","og_locale":"nl_NL","og_type":"article","og_title":"Sluit u aan bij ServiceNow","og_url":"https:\/\/www.capgemini.com\/nl-nl\/oplossingen\/epm-with-microsoft-2\/","og_site_name":"Capgemini Nederland","article_modified_time":"2025-12-04T23:14:50+00:00","og_image":[{"width":1200,"height":627,"url":"https:\/\/www.capgemini.com\/nl-nl\/wp-content\/uploads\/sites\/19\/2025\/10\/New-Web-preview-global.jpg","type":"image\/jpeg"}],"twitter_card":"summary_large_image","twitter_misc":{"Est. reading time":"3 minutes"},"schema":{"@context":"https:\/\/schema.org","@graph":[{"@type":"WebPage","@id":"https:\/\/www.capgemini.com\/nl-nl\/oplossingen\/epm-with-microsoft-2\/","url":"https:\/\/www.capgemini.com\/nl-nl\/oplossingen\/epm-with-microsoft-2\/","name":"Sluit u aan bij ServiceNow - Capgemini Nederland","isPartOf":{"@id":"https:\/\/www.capgemini.com\/nl-nl\/#website"},"primaryImageOfPage":{"@id":"https:\/\/www.capgemini.com\/nl-nl\/oplossingen\/epm-with-microsoft-2\/#primaryimage"},"image":{"@id":"https:\/\/www.capgemini.com\/nl-nl\/oplossingen\/epm-with-microsoft-2\/#primaryimage"},"thumbnailUrl":"","datePublished":"2022-03-15T07:22:57+00:00","dateModified":"2025-12-04T23:14:50+00:00","breadcrumb":{"@id":"https:\/\/www.capgemini.com\/nl-nl\/oplossingen\/epm-with-microsoft-2\/#breadcrumb"},"inLanguage":"nl-NL","potentialAction":[{"@type":"ReadAction","target":["https:\/\/www.capgemini.com\/nl-nl\/oplossingen\/epm-with-microsoft-2\/"]}]},{"@type":"ImageObject","inLanguage":"nl-NL","@id":"https:\/\/www.capgemini.com\/nl-nl\/oplossingen\/epm-with-microsoft-2\/#primaryimage","url":"","contentUrl":""},{"@type":"BreadcrumbList","@id":"https:\/\/www.capgemini.com\/nl-nl\/oplossingen\/epm-with-microsoft-2\/#breadcrumb","itemListElement":[{"@type":"ListItem","position":1,"name":"Home","item":"https:\/\/www.capgemini.com\/nl-nl\/"},{"@type":"ListItem","position":2,"name":"Oplossingen","item":"https:\/\/www.capgemini.com\/nl-nl\/oplossingen\/"},{"@type":"ListItem","position":3,"name":"Sluit u aan bij ServiceNow"}]},{"@type":"WebSite","@id":"https:\/\/www.capgemini.com\/nl-nl\/#website","url":"https:\/\/www.capgemini.com\/nl-nl\/","name":"Capgemini Nederland","description":"Capgemini","potentialAction":[{"@type":"SearchAction","target":{"@type":"EntryPoint","urlTemplate":"https:\/\/www.capgemini.com\/nl-nl\/?s={search_term_string}"},"query-input":"required name=search_term_string"}],"inLanguage":"nl-NL"}]}},"brand_term":[],"parsely":{"version":"1.1.0","canonical_url":"https:\/\/capgemini.com\/nl-nl\/oplossingen\/epm-with-microsoft-2\/","smart_links":{"inbound":0,"outbound":0},"traffic_boost_suggestions_count":0,"meta":{"@context":"https:\/\/schema.org","@type":"WebPage","headline":"Sluit u aan bij ServiceNow","url":"https:\/\/www.capgemini.com\/nl-nl\/oplossingen\/epm-with-microsoft-2\/","mainEntityOfPage":{"@type":"WebPage","@id":"https:\/\/www.capgemini.com\/nl-nl\/oplossingen\/epm-with-microsoft-2\/"},"thumbnailUrl":"","image":{"@type":"ImageObject","url":""},"articleSection":"Uncategorized","author":[],"creator":[],"publisher":{"@type":"Organization","name":"Capgemini Nederland","logo":""},"keywords":[],"dateCreated":"2022-03-15T07:22:57Z","datePublished":"2022-03-15T07:22:57Z","dateModified":"2025-12-04T23:14:50Z"},"rendered":"<meta name=\"parsely-title\" content=\"Sluit u aan bij ServiceNow\" \/>\n<meta name=\"parsely-link\" content=\"https:\/\/www.capgemini.com\/nl-nl\/oplossingen\/epm-with-microsoft-2\/\" \/>\n<meta name=\"parsely-type\" content=\"index\" \/>\n<meta name=\"parsely-pub-date\" content=\"2022-03-15T07:22:57Z\" \/>\n<meta name=\"parsely-section\" content=\"Uncategorized\" \/>","tracker_url":"https:\/\/cdn.parsely.com\/keys\/capgemini.com\/p.js"},"archive_status":false,"featured_image_src":"https:\/\/www.capgemini.com\/nl-nl\/wp-content\/themes\/capgemini2025\/assets\/images\/mockup.png","featured_image_alt":"","jetpack_sharing_enabled":true,"distributor_meta":false,"distributor_terms":false,"distributor_media":false,"distributor_original_site_name":"Capgemini Nederland","distributor_original_site_url":"https:\/\/www.capgemini.com\/nl-nl","push-errors":false,"_links":{"self":[{"href":"https:\/\/www.capgemini.com\/nl-nl\/wp-json\/wp\/v2\/pages\/659337","targetHints":{"allow":["GET"]}}],"collection":[{"href":"https:\/\/www.capgemini.com\/nl-nl\/wp-json\/wp\/v2\/pages"}],"about":[{"href":"https:\/\/www.capgemini.com\/nl-nl\/wp-json\/wp\/v2\/types\/page"}],"author":[{"embeddable":true,"href":"https:\/\/www.capgemini.com\/nl-nl\/wp-json\/wp\/v2\/users\/151"}],"replies":[{"embeddable":true,"href":"https:\/\/www.capgemini.com\/nl-nl\/wp-json\/wp\/v2\/comments?post=659337"}],"version-history":[{"count":5,"href":"https:\/\/www.capgemini.com\/nl-nl\/wp-json\/wp\/v2\/pages\/659337\/revisions"}],"predecessor-version":[{"id":751227,"href":"https:\/\/www.capgemini.com\/nl-nl\/wp-json\/wp\/v2\/pages\/659337\/revisions\/751227"}],"up":[{"embeddable":true,"href":"https:\/\/www.capgemini.com\/nl-nl\/wp-json\/wp\/v2\/pages\/607284"}],"wp:featuredmedia":[{"embeddable":true,"href":"https:\/\/www.capgemini.com\/nl-nl\/wp-json\/"}],"wp:attachment":[{"href":"https:\/\/www.capgemini.com\/nl-nl\/wp-json\/wp\/v2\/media?parent=659337"}],"wp:term":[{"taxonomy":"brand","embeddable":true,"href":"https:\/\/www.capgemini.com\/nl-nl\/wp-json\/wp\/v2\/brand?post=659337"},{"taxonomy":"partner_type","embeddable":true,"href":"https:\/\/www.capgemini.com\/nl-nl\/wp-json\/wp\/v2\/partner_type?post=659337"},{"taxonomy":"service","embeddable":true,"href":"https:\/\/www.capgemini.com\/nl-nl\/wp-json\/wp\/v2\/service?post=659337"},{"taxonomy":"industry","embeddable":true,"href":"https:\/\/www.capgemini.com\/nl-nl\/wp-json\/wp\/v2\/industry?post=659337"},{"taxonomy":"partners","embeddable":true,"href":"https:\/\/www.capgemini.com\/nl-nl\/wp-json\/wp\/v2\/partners?post=659337"},{"taxonomy":"page-type","embeddable":true,"href":"https:\/\/www.capgemini.com\/nl-nl\/wp-json\/wp\/v2\/page-type?post=659337"},{"taxonomy":"content-group","embeddable":true,"href":"https:\/\/www.capgemini.com\/nl-nl\/wp-json\/wp\/v2\/content-group?post=659337"}],"curies":[{"name":"wp","href":"https:\/\/api.w.org\/{rel}","templated":true}]}}