{"id":647965,"date":"2022-01-31T11:04:29","date_gmt":"2022-01-31T11:04:29","guid":{"rendered":"https:\/\/www.capgemini.com\/?page_id=647965"},"modified":"2024-03-19T09:56:20","modified_gmt":"2024-03-19T09:56:20","slug":"factory-of-the-future","status":"publish","type":"page","link":"https:\/\/www.capgemini.com\/nl-nl\/oplossingen\/factory-of-the-future\/","title":{"rendered":"Factory of the Future"},"content":{"rendered":"\n<header class=\"wp-block-cg-blocks-hero-reusable header heroReusable  \"><div class=\"header-bgs\"><picture><source srcset=\"https:\/\/www.capgemini.com\/wp-content\/uploads\/2022\/01\/1200x350_Dotcom-banner.jpg?w=2880&amp;quality=70 1x, https:\/\/www.capgemini.com\/wp-content\/uploads\/2022\/01\/1200x350_Dotcom-banner.jpg?w=2880&amp;quality=70 2x\" media=\"(min-width: 1500px)\"\/><source srcset=\"https:\/\/www.capgemini.com\/wp-content\/uploads\/2022\/01\/1200x350_Dotcom-banner.jpg?w=1440&amp;quality=70 1x, https:\/\/www.capgemini.com\/wp-content\/uploads\/2022\/01\/1200x350_Dotcom-banner.jpg?w=2880&amp;quality=70 2x\" media=\"(min-width: 992px)\"\/><source srcset=\"https:\/\/www.capgemini.com\/wp-content\/uploads\/2022\/01\/1200x350_Dotcom-banner.jpg?w=1024&amp;quality=70 1x, https:\/\/www.capgemini.com\/wp-content\/uploads\/2022\/01\/1200x350_Dotcom-banner.jpg?w=1024&amp;quality=70 2x\" media=\"(min-width: 768px)\"\/><source srcset=\"https:\/\/www.capgemini.com\/wp-content\/uploads\/2022\/01\/1200x350_Dotcom-banner.jpg?w=768&amp;quality=70 1x, https:\/\/www.capgemini.com\/wp-content\/uploads\/2022\/01\/1200x350_Dotcom-banner.jpg?w=768&amp;quality=70 2x\" media=\"(min-width: 0)\"\/><img decoding=\"async\" src=\"https:\/\/www.capgemini.com\/wp-content\/uploads\/2022\/01\/1200x350_Dotcom-banner.jpg\" class=\"header-img header-img-d\" alt=\"1200x350_Dotcom-banner\" style=\"object-fit:cover;object-position:50% 50%\" loading=\"eager\"\/><\/picture><\/div><div class=\"heroPictureCardHeaderShape\"><\/div><div class=\"container\"><div class=\"row\"><div class=\"col-md-12\"><div class=\"box\"><div class=\"boxTagWrapper\"><div class=\"tagInfo\"><div><span class=\"box-tag\">Solution<\/span><\/div><\/div><\/div><div class=\"box-title\"><h1 data-maxlength=\"34\">Factory of the Future<\/h1><\/div><div class=\"inner-row-insight download-btn\"><div class=\"col-md-4 downloadFiles \"><a class=\"button-download--small\" type=\"download\" href=\"https:\/\/www.capgemini.com\/wp-content\/uploads\/2022\/01\/Thought-Paper_The-Road-to-Intelligent-Manufacturing.pdf\" target=\"_blank\" rel=\"noopener noreferrer\" title=\"wordt in een nieuw venster geopend\"><span>Download thought paper<\/span><span class=\"type\">8 MB  pdf<\/span><\/a><\/div><div class=\"col-md-4 downloadFiles \"><a class=\"button-download--small\" type=\"download\" href=\"https:\/\/www.capgemini.com\/wp-content\/uploads\/2022\/01\/Solutions-Brochure_Microsoft-Factory-of-the-Future.pdf\" target=\"_blank\" rel=\"noopener noreferrer\" title=\"wordt in een nieuw venster geopend\"><span>Download solution brochure<\/span><span class=\"type\">302 KB  pdf<\/span><\/a><\/div><\/div><\/div><\/div><\/div><\/div><\/header>\n\n\n\n<section class=\"wp-block-cg-blocks-intro-para undefined section section--intro\" id=\"introParaWrapper\"><div class=\"intro-para\"><div class=\"container\"><div class=\"row\"><div class=\"col-12 col-md-11 col-lg-10\"><\/div><\/div><\/div><\/div><\/section>\n\n\n\n<section class=\"wp-block-cg-blocks-group undefined section section--article-content\" id=\"quoteWrapper\"><div class=\"article-main-content\"><div class=\"container\"><div class=\"row\"><div class=\"col-12 col-md-11 col-lg-10 offset-md-1 offset-lg-1\"><div class=\"article-text article-quote-text\">\n<h2 class=\"wp-block-heading\" id=\"h-leveren-uw-digitale-initiatieven-echte-resultaten-op\">Leveren uw digitale initiatieven echte resultaten op?<\/h2>\n\n\n\n<p><\/p>\n\n\n\n<p>Fabrikanten streven ernaar om de kwaliteit, effici\u00ebntie en effectiviteit van hun activiteiten te verbeteren met behulp van de kracht van digitale technologie\u00ebn en data. Velen worstelen echter om aanzienlijke bottom-line voordelen te behalen omdat ze niet in staat zijn om ze breder uit te rollen in het fabrieksecosysteem.<\/p>\n\n\n\n<h2 class=\"wp-block-heading\" id=\"h-het-geheim-van-schaalbaarheid-ontgrendelen-is-de-sleutel\">Het geheim van schaalbaarheid ontgrendelen is de sleutel<\/h2>\n\n\n\n<p><\/p>\n\n\n\n<p>Hoewel veel fabrikanten zich bezighouden met een soort&nbsp;<a href=\"\/nl-nl\/services\/intelligent-industry\/\">proof-of-concept-initiatief voor digitale productie<\/a>&nbsp;heeft de meerderheid moeite om voordelen te realiseren in hun activiteiten.<\/p>\n\n\n\n<figure class=\"wp-block-image aligncenter\"><img decoding=\"async\" src=\"https:\/\/www.capgemini.com\/wp-content\/uploads\/2020\/07\/Slide1.jpg?w=960\" alt=\"\" class=\"wp-image-509128\"\/><\/figure>\n\n\n\n<p><strong>Om een idee om te zetten in realiteit is visie nodig<\/strong><\/p>\n\n\n\n<p><\/p>\n\n\n\n<p>Onze Factory-of-the-Future-aanpak helpt fabrikanten de schaalbaarheid te bereiken die nodig is om goede idee\u00ebn om te zetten in bedrijfsbrede resultaten.<\/p>\n\n\n\n<p>Het begint met een Intelligent Operations Platform (IOP), dat integreert met de bestaande tech stack en snel kan worden ge\u00efmplementeerd. Use cases worden vervolgens uitgevoerd met een stapsgewijze aanpak die \u00e9\u00e9n innovatieve kans tegelijk oplevert. Ze worden uitgerold met behulp van een agile methodologie die het operating model geleidelijk verbetert en innovatie in de bedrijfscultuur verankert.<\/p>\n\n\n\n<figure class=\"wp-block-image\"><img decoding=\"async\" src=\"https:\/\/www.capgemini.com\/wp-content\/uploads\/2020\/07\/List-Boxes.jpg?w=960\" alt=\"\" class=\"wp-image-499822\"\/><\/figure>\n\n\n\n<h3 class=\"wp-block-heading\" id=\"h-factory-of-the-future-met-microsoft\">Factory of the Future met Microsoft<\/h3>\n\n\n\n<p><\/p>\n\n\n\n<figure class=\"wp-block-embed is-type-video is-provider-youtube wp-block-embed-youtube wp-embed-aspect-16-9 wp-has-aspect-ratio\"><div class=\"wp-block-embed__wrapper\">\n<iframe loading=\"lazy\" title=\"Factory of the Future with Microsoft\" width=\"960\" height=\"540\" src=\"https:\/\/www.youtube.com\/embed\/s-AmVaN5dPM?feature=oembed\" frameborder=\"0\" allow=\"accelerometer; autoplay; clipboard-write; encrypted-media; gyroscope; picture-in-picture\" allowfullscreen><\/iframe>\n<\/div><\/figure>\n<\/div><\/div><\/div><\/div><\/div><\/section>\n","protected":false},"excerpt":{"rendered":"","protected":false},"author":151,"featured_media":0,"parent":607284,"menu_order":0,"comment_status":"closed","ping_status":"closed","template":"","meta":{"cg_dt_proposed_to":[],"cg_seo_hreflang_relations":"","cg_seo_canonical_relation":"{\"uuid\":\"93c4a63d-3470-4ea4-b35a-915d6c4d1db8\",\"blogId\":\"\",\"domain\":\"\",\"sitePath\":\"\",\"postLink\":\"\",\"postId\":null,\"isSaved\":true,\"isCrossLink\":false,\"hasCrossLink\":false}","cg_seo_hreflang_x_default_relation":"{\"uuid\":\"a41143a3-b44e-4772-a96c-fe72e97cf2a4\",\"blogId\":\"\",\"domain\":\"\",\"sitePath\":\"\",\"postLink\":\"\",\"postId\":null,\"isSaved\":true,\"isCrossLink\":false,\"hasCrossLink\":false}","cg_dt_approved_content":true,"cg_dt_mandatory_content":false,"cg_dt_notes":"","cg_dg_source_changed":false,"cg_dt_link_disabled":false,"_yoast_wpseo_primary_brand":"","footnotes":"","featured_focal_points":"","partner_card_description":"","gsap_animation":0},"brand":[],"partner_type":[],"service":[],"industry":[],"partners":[],"page-type":[251],"content-group":[],"class_list":["post-647965","page","type-page","status-publish","hentry","page-type-solutions"],"yoast_head":"<!-- This site is optimized with the Yoast SEO Premium plugin v22.8 (Yoast SEO v22.8) - https:\/\/yoast.com\/wordpress\/plugins\/seo\/ -->\n<title>Factory of the Future - Capgemini Nederland<\/title>\n<meta name=\"robots\" content=\"index, follow, max-snippet:-1, max-image-preview:large, max-video-preview:-1\" \/>\n<link rel=\"canonical\" href=\"https:\/\/www.capgemini.com\/nl-nl\/oplossingen\/factory-of-the-future\/\" \/>\n<meta property=\"og:locale\" content=\"nl_NL\" \/>\n<meta property=\"og:type\" content=\"article\" \/>\n<meta property=\"og:title\" content=\"Factory of the Future\" \/>\n<meta property=\"og:url\" content=\"https:\/\/www.capgemini.com\/nl-nl\/oplossingen\/factory-of-the-future\/\" \/>\n<meta property=\"og:site_name\" content=\"Capgemini Nederland\" \/>\n<meta property=\"article:modified_time\" content=\"2024-03-19T09:56:20+00:00\" \/>\n<meta property=\"og:image\" content=\"https:\/\/www.capgemini.com\/wp-content\/uploads\/2022\/01\/1200x350_Dotcom-banner.jpg\" \/>\n<meta name=\"twitter:card\" content=\"summary_large_image\" \/>\n<script type=\"application\/ld+json\" class=\"yoast-schema-graph\">{\"@context\":\"https:\/\/schema.org\",\"@graph\":[{\"@type\":\"WebPage\",\"@id\":\"https:\/\/www.capgemini.com\/nl-nl\/oplossingen\/factory-of-the-future\/\",\"url\":\"https:\/\/www.capgemini.com\/nl-nl\/oplossingen\/factory-of-the-future\/\",\"name\":\"Factory of the Future - Capgemini Nederland\",\"isPartOf\":{\"@id\":\"https:\/\/www.capgemini.com\/nl-nl\/#website\"},\"primaryImageOfPage\":{\"@id\":\"https:\/\/www.capgemini.com\/nl-nl\/oplossingen\/factory-of-the-future\/#primaryimage\"},\"image\":{\"@id\":\"https:\/\/www.capgemini.com\/nl-nl\/oplossingen\/factory-of-the-future\/#primaryimage\"},\"thumbnailUrl\":\"https:\/\/www.capgemini.com\/wp-content\/uploads\/2022\/01\/1200x350_Dotcom-banner.jpg\",\"datePublished\":\"2022-01-31T11:04:29+00:00\",\"dateModified\":\"2024-03-19T09:56:20+00:00\",\"breadcrumb\":{\"@id\":\"https:\/\/www.capgemini.com\/nl-nl\/oplossingen\/factory-of-the-future\/#breadcrumb\"},\"inLanguage\":\"nl-NL\",\"potentialAction\":[{\"@type\":\"ReadAction\",\"target\":[\"https:\/\/www.capgemini.com\/nl-nl\/oplossingen\/factory-of-the-future\/\"]}]},{\"@type\":\"ImageObject\",\"inLanguage\":\"nl-NL\",\"@id\":\"https:\/\/www.capgemini.com\/nl-nl\/oplossingen\/factory-of-the-future\/#primaryimage\",\"url\":\"https:\/\/www.capgemini.com\/wp-content\/uploads\/2022\/01\/1200x350_Dotcom-banner.jpg\",\"contentUrl\":\"https:\/\/www.capgemini.com\/wp-content\/uploads\/2022\/01\/1200x350_Dotcom-banner.jpg\"},{\"@type\":\"BreadcrumbList\",\"@id\":\"https:\/\/www.capgemini.com\/nl-nl\/oplossingen\/factory-of-the-future\/#breadcrumb\",\"itemListElement\":[{\"@type\":\"ListItem\",\"position\":1,\"name\":\"Home\",\"item\":\"https:\/\/www.capgemini.com\/nl-nl\/\"},{\"@type\":\"ListItem\",\"position\":2,\"name\":\"Oplossingen\",\"item\":\"https:\/\/www.capgemini.com\/nl-nl\/oplossingen\/\"},{\"@type\":\"ListItem\",\"position\":3,\"name\":\"Factory of the Future\"}]},{\"@type\":\"WebSite\",\"@id\":\"https:\/\/www.capgemini.com\/nl-nl\/#website\",\"url\":\"https:\/\/www.capgemini.com\/nl-nl\/\",\"name\":\"Capgemini Nederland\",\"description\":\"Capgemini\",\"potentialAction\":[{\"@type\":\"SearchAction\",\"target\":{\"@type\":\"EntryPoint\",\"urlTemplate\":\"https:\/\/www.capgemini.com\/nl-nl\/?s={search_term_string}\"},\"query-input\":\"required name=search_term_string\"}],\"inLanguage\":\"nl-NL\"}]}<\/script>\n<!-- \/ Yoast SEO Premium plugin. -->","yoast_head_json":{"title":"Factory of the Future - Capgemini Nederland","robots":{"index":"index","follow":"follow","max-snippet":"max-snippet:-1","max-image-preview":"max-image-preview:large","max-video-preview":"max-video-preview:-1"},"canonical":"https:\/\/www.capgemini.com\/nl-nl\/oplossingen\/factory-of-the-future\/","og_locale":"nl_NL","og_type":"article","og_title":"Factory of the Future","og_url":"https:\/\/www.capgemini.com\/nl-nl\/oplossingen\/factory-of-the-future\/","og_site_name":"Capgemini Nederland","article_modified_time":"2024-03-19T09:56:20+00:00","og_image":[{"url":"https:\/\/www.capgemini.com\/wp-content\/uploads\/2022\/01\/1200x350_Dotcom-banner.jpg"}],"twitter_card":"summary_large_image","schema":{"@context":"https:\/\/schema.org","@graph":[{"@type":"WebPage","@id":"https:\/\/www.capgemini.com\/nl-nl\/oplossingen\/factory-of-the-future\/","url":"https:\/\/www.capgemini.com\/nl-nl\/oplossingen\/factory-of-the-future\/","name":"Factory of the Future - Capgemini Nederland","isPartOf":{"@id":"https:\/\/www.capgemini.com\/nl-nl\/#website"},"primaryImageOfPage":{"@id":"https:\/\/www.capgemini.com\/nl-nl\/oplossingen\/factory-of-the-future\/#primaryimage"},"image":{"@id":"https:\/\/www.capgemini.com\/nl-nl\/oplossingen\/factory-of-the-future\/#primaryimage"},"thumbnailUrl":"https:\/\/www.capgemini.com\/wp-content\/uploads\/2022\/01\/1200x350_Dotcom-banner.jpg","datePublished":"2022-01-31T11:04:29+00:00","dateModified":"2024-03-19T09:56:20+00:00","breadcrumb":{"@id":"https:\/\/www.capgemini.com\/nl-nl\/oplossingen\/factory-of-the-future\/#breadcrumb"},"inLanguage":"nl-NL","potentialAction":[{"@type":"ReadAction","target":["https:\/\/www.capgemini.com\/nl-nl\/oplossingen\/factory-of-the-future\/"]}]},{"@type":"ImageObject","inLanguage":"nl-NL","@id":"https:\/\/www.capgemini.com\/nl-nl\/oplossingen\/factory-of-the-future\/#primaryimage","url":"https:\/\/www.capgemini.com\/wp-content\/uploads\/2022\/01\/1200x350_Dotcom-banner.jpg","contentUrl":"https:\/\/www.capgemini.com\/wp-content\/uploads\/2022\/01\/1200x350_Dotcom-banner.jpg"},{"@type":"BreadcrumbList","@id":"https:\/\/www.capgemini.com\/nl-nl\/oplossingen\/factory-of-the-future\/#breadcrumb","itemListElement":[{"@type":"ListItem","position":1,"name":"Home","item":"https:\/\/www.capgemini.com\/nl-nl\/"},{"@type":"ListItem","position":2,"name":"Oplossingen","item":"https:\/\/www.capgemini.com\/nl-nl\/oplossingen\/"},{"@type":"ListItem","position":3,"name":"Factory of the Future"}]},{"@type":"WebSite","@id":"https:\/\/www.capgemini.com\/nl-nl\/#website","url":"https:\/\/www.capgemini.com\/nl-nl\/","name":"Capgemini Nederland","description":"Capgemini","potentialAction":[{"@type":"SearchAction","target":{"@type":"EntryPoint","urlTemplate":"https:\/\/www.capgemini.com\/nl-nl\/?s={search_term_string}"},"query-input":"required name=search_term_string"}],"inLanguage":"nl-NL"}]}},"brand_term":[],"parsely":{"version":"1.1.0","canonical_url":"https:\/\/capgemini.com\/nl-nl\/oplossingen\/factory-of-the-future\/","smart_links":{"inbound":0,"outbound":0},"traffic_boost_suggestions_count":0,"meta":{"@context":"https:\/\/schema.org","@type":"WebPage","headline":"Factory of the Future","url":"https:\/\/www.capgemini.com\/nl-nl\/oplossingen\/factory-of-the-future\/","mainEntityOfPage":{"@type":"WebPage","@id":"https:\/\/www.capgemini.com\/nl-nl\/oplossingen\/factory-of-the-future\/"},"thumbnailUrl":"","image":{"@type":"ImageObject","url":""},"articleSection":"Uncategorized","author":[],"creator":[],"publisher":{"@type":"Organization","name":"Capgemini Nederland","logo":""},"keywords":[],"dateCreated":"2022-01-31T11:04:29Z","datePublished":"2022-01-31T11:04:29Z","dateModified":"2024-03-19T09:56:20Z"},"rendered":"<meta name=\"parsely-title\" content=\"Factory of the Future\" \/>\n<meta name=\"parsely-link\" content=\"https:\/\/www.capgemini.com\/nl-nl\/oplossingen\/factory-of-the-future\/\" \/>\n<meta name=\"parsely-type\" content=\"index\" \/>\n<meta name=\"parsely-pub-date\" content=\"2022-01-31T11:04:29Z\" \/>\n<meta name=\"parsely-section\" content=\"Uncategorized\" \/>","tracker_url":"https:\/\/cdn.parsely.com\/keys\/capgemini.com\/p.js"},"archive_status":false,"featured_image_src":"https:\/\/www.capgemini.com\/nl-nl\/wp-content\/themes\/capgemini2025\/assets\/images\/mockup.png","featured_image_alt":false,"jetpack_sharing_enabled":true,"distributor_meta":false,"distributor_terms":false,"distributor_media":false,"distributor_original_site_name":"Capgemini Nederland","distributor_original_site_url":"https:\/\/www.capgemini.com\/nl-nl","push-errors":false,"_links":{"self":[{"href":"https:\/\/www.capgemini.com\/nl-nl\/wp-json\/wp\/v2\/pages\/647965","targetHints":{"allow":["GET"]}}],"collection":[{"href":"https:\/\/www.capgemini.com\/nl-nl\/wp-json\/wp\/v2\/pages"}],"about":[{"href":"https:\/\/www.capgemini.com\/nl-nl\/wp-json\/wp\/v2\/types\/page"}],"author":[{"embeddable":true,"href":"https:\/\/www.capgemini.com\/nl-nl\/wp-json\/wp\/v2\/users\/151"}],"replies":[{"embeddable":true,"href":"https:\/\/www.capgemini.com\/nl-nl\/wp-json\/wp\/v2\/comments?post=647965"}],"version-history":[{"count":7,"href":"https:\/\/www.capgemini.com\/nl-nl\/wp-json\/wp\/v2\/pages\/647965\/revisions"}],"predecessor-version":[{"id":724586,"href":"https:\/\/www.capgemini.com\/nl-nl\/wp-json\/wp\/v2\/pages\/647965\/revisions\/724586"}],"up":[{"embeddable":true,"href":"https:\/\/www.capgemini.com\/nl-nl\/wp-json\/wp\/v2\/pages\/607284"}],"wp:attachment":[{"href":"https:\/\/www.capgemini.com\/nl-nl\/wp-json\/wp\/v2\/media?parent=647965"}],"wp:term":[{"taxonomy":"brand","embeddable":true,"href":"https:\/\/www.capgemini.com\/nl-nl\/wp-json\/wp\/v2\/brand?post=647965"},{"taxonomy":"partner_type","embeddable":true,"href":"https:\/\/www.capgemini.com\/nl-nl\/wp-json\/wp\/v2\/partner_type?post=647965"},{"taxonomy":"service","embeddable":true,"href":"https:\/\/www.capgemini.com\/nl-nl\/wp-json\/wp\/v2\/service?post=647965"},{"taxonomy":"industry","embeddable":true,"href":"https:\/\/www.capgemini.com\/nl-nl\/wp-json\/wp\/v2\/industry?post=647965"},{"taxonomy":"partners","embeddable":true,"href":"https:\/\/www.capgemini.com\/nl-nl\/wp-json\/wp\/v2\/partners?post=647965"},{"taxonomy":"page-type","embeddable":true,"href":"https:\/\/www.capgemini.com\/nl-nl\/wp-json\/wp\/v2\/page-type?post=647965"},{"taxonomy":"content-group","embeddable":true,"href":"https:\/\/www.capgemini.com\/nl-nl\/wp-json\/wp\/v2\/content-group?post=647965"}],"curies":[{"name":"wp","href":"https:\/\/api.w.org\/{rel}","templated":true}]}}