{"id":626817,"date":"2021-09-21T14:18:16","date_gmt":"2021-09-21T14:18:16","guid":{"rendered":"https:\/\/www.capgemini.com\/?page_id=626817"},"modified":"2024-03-19T10:56:10","modified_gmt":"2024-03-19T10:56:10","slug":"saving-through-a-crisis-with-capgemini","status":"publish","type":"page","link":"https:\/\/www.capgemini.com\/nl-nl\/oplossingen\/saving-through-a-crisis-with-capgemini\/","title":{"rendered":"Saving through a crisis with Capgemini"},"content":{"rendered":"\n<header class=\"wp-block-cg-blocks-hero-reusable header heroReusable  \"><div class=\"header-bgs\"><picture><source srcset=\"https:\/\/www.capgemini.com\/wp-content\/uploads\/2021\/09\/gdpr-dti-report_v2-2.jpg?w=2880&amp;quality=70 1x, https:\/\/www.capgemini.com\/wp-content\/uploads\/2021\/09\/gdpr-dti-report_v2-2.jpg?w=2880&amp;quality=70 2x\" media=\"(min-width: 1500px)\"\/><source srcset=\"https:\/\/www.capgemini.com\/wp-content\/uploads\/2021\/09\/gdpr-dti-report_v2-2.jpg?w=1440&amp;quality=70 1x, https:\/\/www.capgemini.com\/wp-content\/uploads\/2021\/09\/gdpr-dti-report_v2-2.jpg?w=2880&amp;quality=70 2x\" media=\"(min-width: 992px)\"\/><source srcset=\"https:\/\/www.capgemini.com\/wp-content\/uploads\/2021\/09\/gdpr-dti-report_v2-2.jpg?w=1024&amp;quality=70 1x, https:\/\/www.capgemini.com\/wp-content\/uploads\/2021\/09\/gdpr-dti-report_v2-2.jpg?w=1024&amp;quality=70 2x\" media=\"(min-width: 768px)\"\/><source srcset=\"https:\/\/www.capgemini.com\/wp-content\/uploads\/2021\/09\/gdpr-dti-report_v2-2.jpg?w=768&amp;quality=70 1x, https:\/\/www.capgemini.com\/wp-content\/uploads\/2021\/09\/gdpr-dti-report_v2-2.jpg?w=768&amp;quality=70 2x\" media=\"(min-width: 0)\"\/><img decoding=\"async\" src=\"https:\/\/www.capgemini.com\/wp-content\/uploads\/2021\/09\/gdpr-dti-report_v2-2.jpg\" class=\"header-img header-img-d\" alt=\"WebBanner_1540x380\" style=\"object-fit:cover;object-position:50% 50%\" loading=\"eager\"\/><\/picture><\/div><div class=\"heroPictureCardHeaderShape\"><\/div><div class=\"container\"><div class=\"row\"><div class=\"col-md-12\"><div class=\"box\"><div class=\"boxTagWrapper\"><div class=\"tagInfo\"><div><span class=\"box-tag\">Solution<\/span><\/div><\/div><\/div><div class=\"box-title\"><h1 data-maxlength=\"34\">BESPAREN DOOR EEN CRISIS MET CAPGEMINI<\/h1><\/div><div class=\"inner-row-insight download-btn\"><div class=\"col-md-4 downloadFiles addPadding\"><a class=\"button-download--small\" type=\"download\" href=\"https:\/\/www.capgemini.com\/wp-content\/uploads\/2021\/09\/ADMnext-Cost-Optimization-3.pdf\" target=\"_blank\" rel=\"noopener noreferrer\" title=\"wordt in een nieuw venster geopend\"><span>Download report<\/span><span class=\"type\">2 MB  pdf<\/span><\/a><\/div><\/div><\/div><\/div><\/div><\/div><\/header>\n\n\n\n<section class=\"wp-block-cg-blocks-intro-para undefined section section--intro\" id=\"introParaWrapper\"><div class=\"intro-para\"><div class=\"container\"><div class=\"row\"><div class=\"col-12 col-md-1\"><nav class=\"article-social\"><ul class=\"social-nav\"><li class=\"ip-order-fb\"><a href=\"https:\/\/www.facebook.com\/sharer\/sharer.php?u=https:\/\/www.capgemini.com\/nl-nl\/oplossingen\/saving-through-a-crisis-with-capgemini\/\" target=\"_blank\" rel=\"noopener noreferrer\" title=\"wordt in een nieuw venster geopend\"><i aria-hidden=\"true\" class=\"icon-fb\"><\/i><span class=\"sr-only\">Facebook<\/span><\/a><\/li><li class=\"ip-order-li\"><a href=\"https:\/\/www.linkedin.com\/sharing\/share-offsite\/?url=https:\/\/www.capgemini.com\/nl-nl\/oplossingen\/saving-through-a-crisis-with-capgemini\/\" target=\"_blank\" rel=\"noopener noreferrer\" title=\"wordt in een nieuw venster geopend\"><i aria-hidden=\"true\" class=\"icon-li\"><\/i><span class=\"sr-only\">Linkedin<\/span><\/a><\/li><\/ul><\/nav><\/div><div class=\"col-12 col-md-11 col-lg-10\"><h2 class=\"intro-para-title\">Een gedegen aanpak voor het combineren van kostenbesparingen en investeringen in uw applicatieservices<\/h2><p class=\"intro-para-content\">In tijden van wereldwijde economische onrust worden bestuurders gedwongen om strategie, prioriteiten en focus snel te heroverwegen. Sommigen zullen kiezen voor een voorzichtige aanpak, terwijl anderen een ongeplande maar unieke kans zullen grijpen om positieve verandering in hun bedrijf te stimuleren.<br><br>Nu is er een ongekende kans om ondernemen te herdefini\u00ebren; om nieuwe en meer wendbare manieren van werken te verankeren, innovatie te stimuleren en customer experiences te verbeteren, terwijl tegelijkertijd nieuwe omzetkansen worden gerealiseerd, kosten worden verlaagd en &#8211; misschien voor de eerste keer &#8211; dit op schaal gebeurt.<\/p><\/div><\/div><\/div><\/div><\/section>\n\n\n\n<section class=\"wp-block-cg-blocks-group undefined section section--article-content\" id=\"quoteWrapper\"><div class=\"article-main-content\"><div class=\"container\"><div class=\"row\"><div class=\"col-12 col-md-11 col-lg-10 offset-md-1 offset-lg-1\"><div class=\"article-text article-quote-text\">\n<blockquote class=\"wp-block-quote is-layout-flow wp-block-quote-is-layout-flow\">\n<p>&#8220;AI, analytics en automation bieden weliswaar potenti\u00eble bedrijfswaarde, maar hebben een ge\u00efntegreerde aanpak voor data, processen en technologie\u00ebn nodig. Wanneer ze worden ingezet in ge\u00efsoleerde use cases op automation niveau, zijn ze niet schaalbaar en bieden ze niet de verwachte impact op end-to-end procesresultaten.&#8221;<\/p>\n<cite> <p>HFS Research, Los de automatiseringsschaaluitdaging op met ge\u00efntegreerde automatisering, Fersht, Snowdon, Gupta, Christopher, Bandopadhyay<\/p><\/cite><\/blockquote>\n\n\n\n<p><\/p>\n\n\n\n<p>Capgemini Intelligent Automation Platform is een speciaal gebouwd, plug-and-play platform dat effectieve IT-, applicatieservices en bedrijfsactiviteiten ondersteunt en intelligent automation biedt om maximale waarde te behalen in de hele operatie, naadloos en op schaal. CIAP stelt bedrijven in staat om over te stappen van operationeel gerichte, ge\u00efsoleerde implementatie van automation naar een bedrijfsbrede, automation-first aanpak voor ge\u00efntegreerd end-to-end servicebeheer.<\/p>\n\n\n\n<h2 class=\"wp-block-heading\" id=\"h-waarom-voor-capgemini-s-intelligent-automation-platform-kiezen\">Waarom voor Capgemini\u2019s Intelligent Automation Platform kiezen?<\/h2>\n\n\n\n<p>Het platform is volwassen en bewezen. Het is gebaseerd op onze ervaring met het aansturen van intelligent automation-transformatieprogramma&#8217;s voor meer dan 600 klanten wereldwijd en wordt ondersteund door meer dan 30.000 automatiseringsprofessionals en -experts &#8211; met een automation-first mindset. Bovendien is het live &#8211; met actieve Noord-Amerikaanse en EMEA-voorbeelden die nu echte business-uitkomsten leveren.<\/p>\n\n\n\n<figure class=\"wp-block-image\"><img decoding=\"async\" src=\"https:\/\/www.capgemini.com\/wp-content\/uploads\/2019\/07\/Capgemini-Intelligent-Automation-Platform.jpg?w=960\" alt=\"Capgemini Intelligent Automation Platform\" class=\"wp-image-518379\"\/><\/figure>\n\n\n\n<p><\/p>\n\n\n\n<figure class=\"wp-block-embed is-type-rich is-provider-soundcloud wp-block-embed-soundcloud\"><div class=\"wp-block-embed__wrapper\">\n<iframe loading=\"lazy\" title=\"Capgemini Intelligent Automation Platform by Capgemini\" width=\"960\" height=\"400\" scrolling=\"no\" frameborder=\"no\" src=\"https:\/\/w.soundcloud.com\/player\/?visual=true&#038;url=https%3A%2F%2Fapi.soundcloud.com%2Ftracks%2F838116553&#038;show_artwork=true&#038;maxheight=1000&#038;maxwidth=960\"><\/iframe>\n<\/div><\/figure>\n\n\n\n<h2 class=\"wp-block-heading\" id=\"h-resources\">Resources<\/h2>\n\n\n\n<div class=\"wp-block-buttons is-layout-flex wp-block-buttons-is-layout-flex\">\n<div class=\"wp-block-button\"><a class=\"wp-block-button__link wp-element-button\" href=\"\/nl-nl\/wp-content\/uploads\/sites\/19\/2022\/11\/CIAP-Brochure.pdf\" target=\"_blank\" rel=\"noreferrer noopener\">Download onze brochure<\/a><\/div>\n<\/div>\n\n\n\n<div class=\"wp-block-buttons is-layout-flex wp-block-buttons-is-layout-flex\">\n<div class=\"wp-block-button\"><a class=\"wp-block-button__link wp-element-button\" href=\"\/nl-nl\/wp-content\/uploads\/sites\/19\/2022\/11\/CIAP-Infographic.pdf\" target=\"_blank\" rel=\"noreferrer noopener\">Download onze infographic<\/a><\/div>\n<\/div>\n<\/div><\/div><\/div><\/div><\/div><\/section>\n","protected":false},"excerpt":{"rendered":"","protected":false},"author":151,"featured_media":0,"parent":607284,"menu_order":0,"comment_status":"closed","ping_status":"closed","template":"","meta":{"cg_dt_proposed_to":[],"cg_seo_hreflang_relations":"","cg_seo_canonical_relation":"{\"uuid\":\"5d5a7ca9-4e4b-4ccf-801a-1d31366c6fc2\",\"blogId\":\"\",\"domain\":\"\",\"sitePath\":\"\",\"postLink\":\"\",\"postId\":null,\"isSaved\":true,\"isCrossLink\":false,\"hasCrossLink\":false}","cg_seo_hreflang_x_default_relation":"{\"uuid\":\"e64ddacb-b6c9-4900-a1fe-5e522d173808\",\"blogId\":\"\",\"domain\":\"\",\"sitePath\":\"\",\"postLink\":\"\",\"postId\":null,\"isSaved\":true,\"isCrossLink\":false,\"hasCrossLink\":false}","cg_dt_approved_content":true,"cg_dt_mandatory_content":false,"cg_dt_notes":"","cg_dg_source_changed":false,"cg_dt_link_disabled":false,"_yoast_wpseo_primary_brand":"","footnotes":"","featured_focal_points":"","partner_card_description":"","gsap_animation":0},"brand":[],"partner_type":[],"service":[],"industry":[],"partners":[],"page-type":[251],"content-group":[],"class_list":["post-626817","page","type-page","status-publish","hentry","page-type-solutions"],"yoast_head":"<!-- This site is optimized with the Yoast SEO Premium plugin v22.8 (Yoast SEO v22.8) - https:\/\/yoast.com\/wordpress\/plugins\/seo\/ -->\n<title>Saving through a crisis with Capgemini - Capgemini Nederland<\/title>\n<meta name=\"robots\" content=\"index, follow, max-snippet:-1, max-image-preview:large, max-video-preview:-1\" \/>\n<link rel=\"canonical\" href=\"https:\/\/www.capgemini.com\/nl-nl\/oplossingen\/saving-through-a-crisis-with-capgemini\/\" \/>\n<meta property=\"og:locale\" content=\"nl_NL\" \/>\n<meta property=\"og:type\" content=\"article\" \/>\n<meta property=\"og:title\" content=\"Saving through a crisis with Capgemini\" \/>\n<meta property=\"og:url\" content=\"https:\/\/www.capgemini.com\/nl-nl\/oplossingen\/saving-through-a-crisis-with-capgemini\/\" \/>\n<meta property=\"og:site_name\" content=\"Capgemini Nederland\" \/>\n<meta property=\"article:modified_time\" content=\"2024-03-19T10:56:10+00:00\" \/>\n<meta property=\"og:image\" content=\"https:\/\/www.capgemini.com\/wp-content\/uploads\/2021\/09\/gdpr-dti-report_v2-2.jpg\" \/>\n<meta name=\"twitter:card\" content=\"summary_large_image\" \/>\n<script type=\"application\/ld+json\" class=\"yoast-schema-graph\">{\"@context\":\"https:\/\/schema.org\",\"@graph\":[{\"@type\":\"WebPage\",\"@id\":\"https:\/\/www.capgemini.com\/nl-nl\/oplossingen\/saving-through-a-crisis-with-capgemini\/\",\"url\":\"https:\/\/www.capgemini.com\/nl-nl\/oplossingen\/saving-through-a-crisis-with-capgemini\/\",\"name\":\"Saving through a crisis with Capgemini - Capgemini Nederland\",\"isPartOf\":{\"@id\":\"https:\/\/www.capgemini.com\/nl-nl\/#website\"},\"primaryImageOfPage\":{\"@id\":\"https:\/\/www.capgemini.com\/nl-nl\/oplossingen\/saving-through-a-crisis-with-capgemini\/#primaryimage\"},\"image\":{\"@id\":\"https:\/\/www.capgemini.com\/nl-nl\/oplossingen\/saving-through-a-crisis-with-capgemini\/#primaryimage\"},\"thumbnailUrl\":\"https:\/\/www.capgemini.com\/wp-content\/uploads\/2021\/09\/gdpr-dti-report_v2-2.jpg\",\"datePublished\":\"2021-09-21T14:18:16+00:00\",\"dateModified\":\"2024-03-19T10:56:10+00:00\",\"breadcrumb\":{\"@id\":\"https:\/\/www.capgemini.com\/nl-nl\/oplossingen\/saving-through-a-crisis-with-capgemini\/#breadcrumb\"},\"inLanguage\":\"nl-NL\",\"potentialAction\":[{\"@type\":\"ReadAction\",\"target\":[\"https:\/\/www.capgemini.com\/nl-nl\/oplossingen\/saving-through-a-crisis-with-capgemini\/\"]}]},{\"@type\":\"ImageObject\",\"inLanguage\":\"nl-NL\",\"@id\":\"https:\/\/www.capgemini.com\/nl-nl\/oplossingen\/saving-through-a-crisis-with-capgemini\/#primaryimage\",\"url\":\"https:\/\/www.capgemini.com\/wp-content\/uploads\/2021\/09\/gdpr-dti-report_v2-2.jpg\",\"contentUrl\":\"https:\/\/www.capgemini.com\/wp-content\/uploads\/2021\/09\/gdpr-dti-report_v2-2.jpg\"},{\"@type\":\"BreadcrumbList\",\"@id\":\"https:\/\/www.capgemini.com\/nl-nl\/oplossingen\/saving-through-a-crisis-with-capgemini\/#breadcrumb\",\"itemListElement\":[{\"@type\":\"ListItem\",\"position\":1,\"name\":\"Home\",\"item\":\"https:\/\/www.capgemini.com\/nl-nl\/\"},{\"@type\":\"ListItem\",\"position\":2,\"name\":\"Oplossingen\",\"item\":\"https:\/\/www.capgemini.com\/nl-nl\/oplossingen\/\"},{\"@type\":\"ListItem\",\"position\":3,\"name\":\"Saving through a crisis with Capgemini\"}]},{\"@type\":\"WebSite\",\"@id\":\"https:\/\/www.capgemini.com\/nl-nl\/#website\",\"url\":\"https:\/\/www.capgemini.com\/nl-nl\/\",\"name\":\"Capgemini Nederland\",\"description\":\"Capgemini\",\"potentialAction\":[{\"@type\":\"SearchAction\",\"target\":{\"@type\":\"EntryPoint\",\"urlTemplate\":\"https:\/\/www.capgemini.com\/nl-nl\/?s={search_term_string}\"},\"query-input\":\"required name=search_term_string\"}],\"inLanguage\":\"nl-NL\"}]}<\/script>\n<!-- \/ Yoast SEO Premium plugin. -->","yoast_head_json":{"title":"Saving through a crisis with Capgemini - Capgemini Nederland","robots":{"index":"index","follow":"follow","max-snippet":"max-snippet:-1","max-image-preview":"max-image-preview:large","max-video-preview":"max-video-preview:-1"},"canonical":"https:\/\/www.capgemini.com\/nl-nl\/oplossingen\/saving-through-a-crisis-with-capgemini\/","og_locale":"nl_NL","og_type":"article","og_title":"Saving through a crisis with Capgemini","og_url":"https:\/\/www.capgemini.com\/nl-nl\/oplossingen\/saving-through-a-crisis-with-capgemini\/","og_site_name":"Capgemini Nederland","article_modified_time":"2024-03-19T10:56:10+00:00","og_image":[{"url":"https:\/\/www.capgemini.com\/wp-content\/uploads\/2021\/09\/gdpr-dti-report_v2-2.jpg"}],"twitter_card":"summary_large_image","schema":{"@context":"https:\/\/schema.org","@graph":[{"@type":"WebPage","@id":"https:\/\/www.capgemini.com\/nl-nl\/oplossingen\/saving-through-a-crisis-with-capgemini\/","url":"https:\/\/www.capgemini.com\/nl-nl\/oplossingen\/saving-through-a-crisis-with-capgemini\/","name":"Saving through a crisis with Capgemini - Capgemini Nederland","isPartOf":{"@id":"https:\/\/www.capgemini.com\/nl-nl\/#website"},"primaryImageOfPage":{"@id":"https:\/\/www.capgemini.com\/nl-nl\/oplossingen\/saving-through-a-crisis-with-capgemini\/#primaryimage"},"image":{"@id":"https:\/\/www.capgemini.com\/nl-nl\/oplossingen\/saving-through-a-crisis-with-capgemini\/#primaryimage"},"thumbnailUrl":"https:\/\/www.capgemini.com\/wp-content\/uploads\/2021\/09\/gdpr-dti-report_v2-2.jpg","datePublished":"2021-09-21T14:18:16+00:00","dateModified":"2024-03-19T10:56:10+00:00","breadcrumb":{"@id":"https:\/\/www.capgemini.com\/nl-nl\/oplossingen\/saving-through-a-crisis-with-capgemini\/#breadcrumb"},"inLanguage":"nl-NL","potentialAction":[{"@type":"ReadAction","target":["https:\/\/www.capgemini.com\/nl-nl\/oplossingen\/saving-through-a-crisis-with-capgemini\/"]}]},{"@type":"ImageObject","inLanguage":"nl-NL","@id":"https:\/\/www.capgemini.com\/nl-nl\/oplossingen\/saving-through-a-crisis-with-capgemini\/#primaryimage","url":"https:\/\/www.capgemini.com\/wp-content\/uploads\/2021\/09\/gdpr-dti-report_v2-2.jpg","contentUrl":"https:\/\/www.capgemini.com\/wp-content\/uploads\/2021\/09\/gdpr-dti-report_v2-2.jpg"},{"@type":"BreadcrumbList","@id":"https:\/\/www.capgemini.com\/nl-nl\/oplossingen\/saving-through-a-crisis-with-capgemini\/#breadcrumb","itemListElement":[{"@type":"ListItem","position":1,"name":"Home","item":"https:\/\/www.capgemini.com\/nl-nl\/"},{"@type":"ListItem","position":2,"name":"Oplossingen","item":"https:\/\/www.capgemini.com\/nl-nl\/oplossingen\/"},{"@type":"ListItem","position":3,"name":"Saving through a crisis with Capgemini"}]},{"@type":"WebSite","@id":"https:\/\/www.capgemini.com\/nl-nl\/#website","url":"https:\/\/www.capgemini.com\/nl-nl\/","name":"Capgemini Nederland","description":"Capgemini","potentialAction":[{"@type":"SearchAction","target":{"@type":"EntryPoint","urlTemplate":"https:\/\/www.capgemini.com\/nl-nl\/?s={search_term_string}"},"query-input":"required name=search_term_string"}],"inLanguage":"nl-NL"}]}},"brand_term":[],"parsely":{"version":"1.1.0","canonical_url":"https:\/\/capgemini.com\/nl-nl\/oplossingen\/saving-through-a-crisis-with-capgemini\/","smart_links":{"inbound":0,"outbound":0},"traffic_boost_suggestions_count":0,"meta":{"@context":"https:\/\/schema.org","@type":"WebPage","headline":"Saving through a crisis with Capgemini","url":"https:\/\/www.capgemini.com\/nl-nl\/oplossingen\/saving-through-a-crisis-with-capgemini\/","mainEntityOfPage":{"@type":"WebPage","@id":"https:\/\/www.capgemini.com\/nl-nl\/oplossingen\/saving-through-a-crisis-with-capgemini\/"},"thumbnailUrl":"","image":{"@type":"ImageObject","url":""},"articleSection":"Uncategorized","author":[],"creator":[],"publisher":{"@type":"Organization","name":"Capgemini Nederland","logo":""},"keywords":[],"dateCreated":"2021-09-21T14:18:16Z","datePublished":"2021-09-21T14:18:16Z","dateModified":"2024-03-19T10:56:10Z"},"rendered":"<meta name=\"parsely-title\" content=\"Saving through a crisis with Capgemini\" \/>\n<meta name=\"parsely-link\" content=\"https:\/\/www.capgemini.com\/nl-nl\/oplossingen\/saving-through-a-crisis-with-capgemini\/\" \/>\n<meta name=\"parsely-type\" content=\"index\" \/>\n<meta name=\"parsely-pub-date\" content=\"2021-09-21T14:18:16Z\" \/>\n<meta name=\"parsely-section\" content=\"Uncategorized\" \/>","tracker_url":"https:\/\/cdn.parsely.com\/keys\/capgemini.com\/p.js"},"archive_status":false,"featured_image_src":"https:\/\/www.capgemini.com\/nl-nl\/wp-content\/themes\/capgemini2025\/assets\/images\/mockup.png","featured_image_alt":false,"jetpack_sharing_enabled":true,"distributor_meta":false,"distributor_terms":false,"distributor_media":false,"distributor_original_site_name":"Capgemini Nederland","distributor_original_site_url":"https:\/\/www.capgemini.com\/nl-nl","push-errors":false,"_links":{"self":[{"href":"https:\/\/www.capgemini.com\/nl-nl\/wp-json\/wp\/v2\/pages\/626817","targetHints":{"allow":["GET"]}}],"collection":[{"href":"https:\/\/www.capgemini.com\/nl-nl\/wp-json\/wp\/v2\/pages"}],"about":[{"href":"https:\/\/www.capgemini.com\/nl-nl\/wp-json\/wp\/v2\/types\/page"}],"author":[{"embeddable":true,"href":"https:\/\/www.capgemini.com\/nl-nl\/wp-json\/wp\/v2\/users\/151"}],"replies":[{"embeddable":true,"href":"https:\/\/www.capgemini.com\/nl-nl\/wp-json\/wp\/v2\/comments?post=626817"}],"version-history":[{"count":8,"href":"https:\/\/www.capgemini.com\/nl-nl\/wp-json\/wp\/v2\/pages\/626817\/revisions"}],"predecessor-version":[{"id":724968,"href":"https:\/\/www.capgemini.com\/nl-nl\/wp-json\/wp\/v2\/pages\/626817\/revisions\/724968"}],"up":[{"embeddable":true,"href":"https:\/\/www.capgemini.com\/nl-nl\/wp-json\/wp\/v2\/pages\/607284"}],"wp:attachment":[{"href":"https:\/\/www.capgemini.com\/nl-nl\/wp-json\/wp\/v2\/media?parent=626817"}],"wp:term":[{"taxonomy":"brand","embeddable":true,"href":"https:\/\/www.capgemini.com\/nl-nl\/wp-json\/wp\/v2\/brand?post=626817"},{"taxonomy":"partner_type","embeddable":true,"href":"https:\/\/www.capgemini.com\/nl-nl\/wp-json\/wp\/v2\/partner_type?post=626817"},{"taxonomy":"service","embeddable":true,"href":"https:\/\/www.capgemini.com\/nl-nl\/wp-json\/wp\/v2\/service?post=626817"},{"taxonomy":"industry","embeddable":true,"href":"https:\/\/www.capgemini.com\/nl-nl\/wp-json\/wp\/v2\/industry?post=626817"},{"taxonomy":"partners","embeddable":true,"href":"https:\/\/www.capgemini.com\/nl-nl\/wp-json\/wp\/v2\/partners?post=626817"},{"taxonomy":"page-type","embeddable":true,"href":"https:\/\/www.capgemini.com\/nl-nl\/wp-json\/wp\/v2\/page-type?post=626817"},{"taxonomy":"content-group","embeddable":true,"href":"https:\/\/www.capgemini.com\/nl-nl\/wp-json\/wp\/v2\/content-group?post=626817"}],"curies":[{"name":"wp","href":"https:\/\/api.w.org\/{rel}","templated":true}]}}