{"id":626743,"date":"2021-09-21T13:36:44","date_gmt":"2021-09-21T13:36:44","guid":{"rendered":"https:\/\/www.capgemini.com\/?page_id=626743"},"modified":"2026-01-06T11:49:11","modified_gmt":"2026-01-06T11:49:11","slug":"capgeminis-design-office-een-systematische-benadering-van-innovatie-en-transformatie","status":"publish","type":"page","link":"https:\/\/www.capgemini.com\/nl-nl\/oplossingen\/capgeminis-design-office-een-systematische-benadering-van-innovatie-en-transformatie\/","title":{"rendered":"Design office"},"content":{"rendered":"\n<header class=\"wp-block-cg-blocks-hero-reusable header heroReusable  \"><div class=\"header-bgs\"><picture><source srcset=\"https:\/\/www.capgemini.com\/wp-content\/uploads\/2021\/08\/Capgemini_New-Normal.jpg?w=2880&amp;quality=70 1x, https:\/\/www.capgemini.com\/wp-content\/uploads\/2021\/08\/Capgemini_New-Normal.jpg?w=2880&amp;quality=70 2x\" media=\"(min-width: 1500px)\"\/><source srcset=\"https:\/\/www.capgemini.com\/wp-content\/uploads\/2021\/08\/Capgemini_New-Normal.jpg?w=1440&amp;quality=70 1x, https:\/\/www.capgemini.com\/wp-content\/uploads\/2021\/08\/Capgemini_New-Normal.jpg?w=2880&amp;quality=70 2x\" media=\"(min-width: 992px)\"\/><source srcset=\"https:\/\/www.capgemini.com\/wp-content\/uploads\/2021\/08\/Capgemini_New-Normal.jpg?w=1024&amp;quality=70 1x, https:\/\/www.capgemini.com\/wp-content\/uploads\/2021\/08\/Capgemini_New-Normal.jpg?w=1024&amp;quality=70 2x\" media=\"(min-width: 768px)\"\/><source srcset=\"https:\/\/www.capgemini.com\/wp-content\/uploads\/2021\/08\/Capgemini_New-Normal.jpg?w=768&amp;quality=70 1x, https:\/\/www.capgemini.com\/wp-content\/uploads\/2021\/08\/Capgemini_New-Normal.jpg?w=768&amp;quality=70 2x\" media=\"(min-width: 0)\"\/><img decoding=\"async\" src=\"https:\/\/www.capgemini.com\/wp-content\/uploads\/2021\/08\/Capgemini_New-Normal.jpg\" class=\"header-img header-img-d\" alt=\"\" style=\"object-fit:cover;object-position:50% 50%\" loading=\"eager\"\/><\/picture><\/div><div class=\"heroPictureCardHeaderShape\"><\/div><div class=\"container\"><div class=\"row\"><div class=\"col-md-12\"><div class=\"box\"><div class=\"boxTagWrapper\"><div class=\"tagInfo\"><div><span class=\"box-tag\">Solution<\/span><\/div><\/div><\/div><div class=\"box-title\"><h1 data-maxlength=\"34\">CAPGEMINI&#8217;S DESIGN OFFICE: EEN SYSTEMATISCHE BENADERING VAN INNOVATIE EN TRANSFORMATIE<\/h1><\/div><div class=\"inner-row-insight download-btn\"><div class=\"col-md-4 downloadFiles addPadding\"><a class=\"button-download--small\" type=\"download\" href=\"https:\/\/www.capgemini.com\/wp-content\/uploads\/2021\/09\/ADMnext_DesignOffice_Brochure.pdf\" target=\"_blank\" rel=\"noopener noreferrer\" title=\"opens in a new window\"><span>Download report<\/span><span class=\"type\">3 MB pdf<\/span><\/a><\/div><\/div><\/div><\/div><\/div><\/div><\/header>\n\n\n\n<section class=\"wp-block-cg-blocks-intro-para undefined section section--intro\"><div class=\"intro-para\"><div class=\"container\"><div class=\"row\"><div class=\"col-12 col-md-1\"><nav class=\"article-social\"><ul class=\"social-nav\"><li class=\"ip-order-fb\"><a href=\"https:\/\/www.facebook.com\/sharer\/sharer.php?u=https:\/\/www.capgemini.com\/nl-nl\/oplossingen\/capgeminis-design-office-een-systematische-benadering-van-innovatie-en-transformatie\/\" target=\"_blank\" rel=\"noopener noreferrer\" title=\"opens in a new window\"><i aria-hidden=\"true\" class=\"icon-fb\"><\/i><span class=\"sr-only\">Facebook<\/span><\/a><\/li><li class=\"ip-order-li\"><a href=\"https:\/\/www.linkedin.com\/sharing\/share-offsite\/?url=https:\/\/www.capgemini.com\/nl-nl\/oplossingen\/capgeminis-design-office-een-systematische-benadering-van-innovatie-en-transformatie\/\" target=\"_blank\" rel=\"noopener noreferrer\" title=\"opens in a new window\"><i aria-hidden=\"true\" class=\"icon-li\"><\/i><span class=\"sr-only\">Linkedin<\/span><\/a><\/li><\/ul><\/nav><\/div><div class=\"col-12 col-md-11 col-lg-10\"><h2 class=\"intro-para-title\">Een bewezen framework om de future-proof business te worden die u wilt zijn.<\/h2><p class=\"intro-para-content\">Verandering en innovatie zijn constant. Nieuwe idee\u00ebn en technologie\u00ebn maken en breken de organisaties van vandaag &#8211; en hervormen hele industrie\u00ebn. Bedrijven als Uber, Amazon en AirBnB zijn geweldige voorbeelden van ooit kleine spelers die gebruikmaken van opkomende technologie\u00ebn om de spelregels volledig te herschrijven.<br><br>Dus, hoe maakt u uw bedrijf toekomstbestendig en cre\u00ebert u de juiste voorwaarden voor innovatie? Hoe zorgt u ervoor dat u uw concurrenten altijd een stap voor bent en klaar bent om uw klanten de meest geavanceerde ervaringen te bieden?<\/p><\/div><\/div><\/div><\/div><\/section>\n\n\n\n<section class=\"wp-block-cg-blocks-intro-para-video section section--info-2cols section--insights section-video \"><div class=\"bg-color video-align-right\"><div class=\"container\"><div class=\"row video-align-left\"><div class=\"col-md-12\"><div class=\"video-align-left row box box--4 box--mini\"><div class=\"col-md-3\"><h3 class=\"Video-title\" data-maxlength=\"34\">Design Office<\/h3><div class=\"video-info\"><p data-maxlength=\"68\">A systematic approach to innovation and transformation.<\/p><\/div><\/div><div class=\"col-md-8 box-img-wrapper\"><div class=\"video-box\"><div class=\"video-wrapper\"><iframe title=\"video-section\" src=\"https:\/\/www.youtube.com\/embed\/S-TN4PEop70?rel=0&amp;modestbranding=1&amp;playsinline=1&amp;enablejsapi=1\" frameborder=\"0\" allow=\"accelerometer; autoplay; clipboard-write; encrypted-media; gyroscope; picture-in-picture\" allowfullscreen loading=\"lazy\" referrerpolicy=\"strict-origin-when-cross-origin\"><\/iframe><\/div><\/div><\/div><div class=\"col-md-1\"><\/div><\/div><\/div><\/div><\/div><\/div><\/section>\n\n\n\n<section class=\"wp-block-cg-blocks-group undefined section section--article-content\"><div class=\"article-main-content\"><div class=\"container\"><div class=\"row\"><div class=\"col-12 col-md-11 col-lg-10 offset-md-1 offset-lg-1\"><div class=\"article-text article-quote-text\">\n<h3 class=\"wp-block-heading\" id=\"h-maak-kennis-met-design-office-de-juiste-voorwaarden-creeren-voor-complete-bottom-up-en-top-down-innovatie\">Maak kennis met Design Office: De juiste voorwaarden cre\u00ebren voor complete, bottom-up en top-down innovatie<\/h3>\n\n\n\n<p>Design Office,&nbsp;onderdeel van Capgemini&#8217;s ADMnext-dienstenportfolio,&nbsp;is een incubator van innovatie en transformatie, die rechtstreeks in uw bedrijf wordt ge\u00efntegreerd. De rol van deze oplossing is om idee\u00ebn te laten ontstaan vanuit projectteams of van buiten het project &#8211; en er vervolgens voor te zorgen dat succesvolle idee\u00ebn worden ontwikkeld en omgezet in waardevolle MVP&#8217;s en projecten.<\/p>\n\n\n\n<p>Uiteindelijk is het doel van Design Office om idee\u00ebn bottom-up binnen projectteams te stimuleren en te inspireren, of top-down via ons innovatienetwerk, met kant-en-klare idee\u00ebn uit het bredere Capgemini-ecosysteem. Dit omvat onze Centers of Eexcellence en onze&nbsp;<a href=\"\/nl-nl\/over-ons\/wie-zijn-wij\/innovation-ecosystem\/applied-innovation-exchange\/\">Applied Innovation Exchange (AIE)<\/a>.<\/p>\n\n\n\n<p>Door Design Office in te bouwen in uw bedrijf met ons delivery team op projectniveau, bieden we u snelle en tastbare voordelen zoals:<\/p>\n\n\n\n<ul class=\"wp-block-list\">\n<li>Snellere turnaround time van idee tot implementatie door teams uit te rusten met de benodigde tools en kaders voor idee\u00ebn en innovatie<\/li>\n\n\n\n<li>Continue innovatie gedurende de levensduur van elke opdracht<\/li>\n\n\n\n<li>Verkenning van nieuwe en opkomende technologie\u00ebn via ons netwerk van ADE&#8217;s en COE&#8217;s<\/li>\n\n\n\n<li>Exponenti\u00eble en stapsgewijze verbeteringen<\/li>\n<\/ul>\n\n\n\n<p>Design Office biedt u een bewezen aanpak voor innovatie en voor uw toekomst.<\/p>\n\n\n\n<p>Download onze brochure met oplossingsblauwdruk en neem&nbsp;<a href=\"mailto:admnext.global@capgemini.com\" target=\"_blank\" rel=\"noreferrer noopener\">contact met ons<\/a>&nbsp;op om aan de slag te gaan.<\/p>\n<\/div><\/div><\/div><\/div><\/div><\/section>\n","protected":false},"excerpt":{"rendered":"","protected":false},"author":151,"featured_media":0,"parent":607284,"menu_order":0,"comment_status":"closed","ping_status":"closed","template":"","meta":{"cg_dt_proposed_to":[],"cg_seo_hreflang_relations":"[]","cg_seo_canonical_relation":"","cg_seo_hreflang_x_default_relation":"{\"uuid\":\"63c6e7fb-a20b-49a5-a336-249073956e05\",\"blogId\":\"\",\"domain\":\"\",\"sitePath\":\"\",\"postLink\":\"\",\"postId\":null,\"isSaved\":true,\"isCrossLink\":false,\"hasCrossLink\":false}","cg_dt_approved_content":true,"cg_dt_mandatory_content":false,"cg_dt_notes":"","cg_dg_source_changed":false,"cg_dt_link_disabled":false,"_yoast_wpseo_primary_brand":"","footnotes":"","featured_focal_points":"","partner_card_description":"","gsap_animation":0},"brand":[],"partner_type":[],"service":[],"industry":[],"partners":[],"page-type":[251],"content-group":[],"class_list":["post-626743","page","type-page","status-publish","hentry","page-type-solutions"],"yoast_head":"<!-- This site is optimized with the Yoast SEO Premium plugin v22.8 (Yoast SEO v22.8) - https:\/\/yoast.com\/wordpress\/plugins\/seo\/ -->\n<title>Design office - Capgemini Nederland<\/title>\n<meta name=\"robots\" content=\"index, follow, max-snippet:-1, max-image-preview:large, max-video-preview:-1\" \/>\n<link rel=\"canonical\" href=\"https:\/\/www.capgemini.com\/nl-nl\/oplossingen\/capgeminis-design-office-een-systematische-benadering-van-innovatie-en-transformatie\/\" \/>\n<meta property=\"og:locale\" content=\"nl_NL\" \/>\n<meta property=\"og:type\" content=\"article\" \/>\n<meta property=\"og:title\" content=\"Design office\" \/>\n<meta property=\"og:url\" content=\"https:\/\/www.capgemini.com\/nl-nl\/oplossingen\/capgeminis-design-office-een-systematische-benadering-van-innovatie-en-transformatie\/\" \/>\n<meta property=\"og:site_name\" content=\"Capgemini Nederland\" \/>\n<meta property=\"article:modified_time\" content=\"2026-01-06T11:49:11+00:00\" \/>\n<meta property=\"og:image\" content=\"https:\/\/www.capgemini.com\/wp-content\/uploads\/2021\/08\/Capgemini_New-Normal.jpg\" \/>\n<meta name=\"twitter:card\" content=\"summary_large_image\" \/>\n<meta name=\"twitter:label1\" content=\"Est. reading time\" \/>\n\t<meta name=\"twitter:data1\" content=\"2 minutes\" \/>\n<script type=\"application\/ld+json\" class=\"yoast-schema-graph\">{\"@context\":\"https:\/\/schema.org\",\"@graph\":[{\"@type\":\"WebPage\",\"@id\":\"https:\/\/www.capgemini.com\/nl-nl\/oplossingen\/capgeminis-design-office-een-systematische-benadering-van-innovatie-en-transformatie\/\",\"url\":\"https:\/\/www.capgemini.com\/nl-nl\/oplossingen\/capgeminis-design-office-een-systematische-benadering-van-innovatie-en-transformatie\/\",\"name\":\"Design office - Capgemini Nederland\",\"isPartOf\":{\"@id\":\"https:\/\/www.capgemini.com\/nl-nl\/#website\"},\"primaryImageOfPage\":{\"@id\":\"https:\/\/www.capgemini.com\/nl-nl\/oplossingen\/capgeminis-design-office-een-systematische-benadering-van-innovatie-en-transformatie\/#primaryimage\"},\"image\":{\"@id\":\"https:\/\/www.capgemini.com\/nl-nl\/oplossingen\/capgeminis-design-office-een-systematische-benadering-van-innovatie-en-transformatie\/#primaryimage\"},\"thumbnailUrl\":\"https:\/\/www.capgemini.com\/wp-content\/uploads\/2021\/08\/Capgemini_New-Normal.jpg\",\"datePublished\":\"2021-09-21T13:36:44+00:00\",\"dateModified\":\"2026-01-06T11:49:11+00:00\",\"breadcrumb\":{\"@id\":\"https:\/\/www.capgemini.com\/nl-nl\/oplossingen\/capgeminis-design-office-een-systematische-benadering-van-innovatie-en-transformatie\/#breadcrumb\"},\"inLanguage\":\"nl-NL\",\"potentialAction\":[{\"@type\":\"ReadAction\",\"target\":[\"https:\/\/www.capgemini.com\/nl-nl\/oplossingen\/capgeminis-design-office-een-systematische-benadering-van-innovatie-en-transformatie\/\"]}]},{\"@type\":\"ImageObject\",\"inLanguage\":\"nl-NL\",\"@id\":\"https:\/\/www.capgemini.com\/nl-nl\/oplossingen\/capgeminis-design-office-een-systematische-benadering-van-innovatie-en-transformatie\/#primaryimage\",\"url\":\"https:\/\/www.capgemini.com\/wp-content\/uploads\/2021\/08\/Capgemini_New-Normal.jpg\",\"contentUrl\":\"https:\/\/www.capgemini.com\/wp-content\/uploads\/2021\/08\/Capgemini_New-Normal.jpg\"},{\"@type\":\"BreadcrumbList\",\"@id\":\"https:\/\/www.capgemini.com\/nl-nl\/oplossingen\/capgeminis-design-office-een-systematische-benadering-van-innovatie-en-transformatie\/#breadcrumb\",\"itemListElement\":[{\"@type\":\"ListItem\",\"position\":1,\"name\":\"Home\",\"item\":\"https:\/\/www.capgemini.com\/nl-nl\/\"},{\"@type\":\"ListItem\",\"position\":2,\"name\":\"Oplossingen\",\"item\":\"https:\/\/www.capgemini.com\/nl-nl\/oplossingen\/\"},{\"@type\":\"ListItem\",\"position\":3,\"name\":\"Design office\"}]},{\"@type\":\"WebSite\",\"@id\":\"https:\/\/www.capgemini.com\/nl-nl\/#website\",\"url\":\"https:\/\/www.capgemini.com\/nl-nl\/\",\"name\":\"Capgemini Nederland\",\"description\":\"Capgemini\",\"potentialAction\":[{\"@type\":\"SearchAction\",\"target\":{\"@type\":\"EntryPoint\",\"urlTemplate\":\"https:\/\/www.capgemini.com\/nl-nl\/?s={search_term_string}\"},\"query-input\":\"required name=search_term_string\"}],\"inLanguage\":\"nl-NL\"}]}<\/script>\n<!-- \/ Yoast SEO Premium plugin. -->","yoast_head_json":{"title":"Design office - Capgemini Nederland","robots":{"index":"index","follow":"follow","max-snippet":"max-snippet:-1","max-image-preview":"max-image-preview:large","max-video-preview":"max-video-preview:-1"},"canonical":"https:\/\/www.capgemini.com\/nl-nl\/oplossingen\/capgeminis-design-office-een-systematische-benadering-van-innovatie-en-transformatie\/","og_locale":"nl_NL","og_type":"article","og_title":"Design office","og_url":"https:\/\/www.capgemini.com\/nl-nl\/oplossingen\/capgeminis-design-office-een-systematische-benadering-van-innovatie-en-transformatie\/","og_site_name":"Capgemini Nederland","article_modified_time":"2026-01-06T11:49:11+00:00","og_image":[{"url":"https:\/\/www.capgemini.com\/wp-content\/uploads\/2021\/08\/Capgemini_New-Normal.jpg"}],"twitter_card":"summary_large_image","twitter_misc":{"Est. reading time":"2 minutes"},"schema":{"@context":"https:\/\/schema.org","@graph":[{"@type":"WebPage","@id":"https:\/\/www.capgemini.com\/nl-nl\/oplossingen\/capgeminis-design-office-een-systematische-benadering-van-innovatie-en-transformatie\/","url":"https:\/\/www.capgemini.com\/nl-nl\/oplossingen\/capgeminis-design-office-een-systematische-benadering-van-innovatie-en-transformatie\/","name":"Design office - Capgemini Nederland","isPartOf":{"@id":"https:\/\/www.capgemini.com\/nl-nl\/#website"},"primaryImageOfPage":{"@id":"https:\/\/www.capgemini.com\/nl-nl\/oplossingen\/capgeminis-design-office-een-systematische-benadering-van-innovatie-en-transformatie\/#primaryimage"},"image":{"@id":"https:\/\/www.capgemini.com\/nl-nl\/oplossingen\/capgeminis-design-office-een-systematische-benadering-van-innovatie-en-transformatie\/#primaryimage"},"thumbnailUrl":"https:\/\/www.capgemini.com\/wp-content\/uploads\/2021\/08\/Capgemini_New-Normal.jpg","datePublished":"2021-09-21T13:36:44+00:00","dateModified":"2026-01-06T11:49:11+00:00","breadcrumb":{"@id":"https:\/\/www.capgemini.com\/nl-nl\/oplossingen\/capgeminis-design-office-een-systematische-benadering-van-innovatie-en-transformatie\/#breadcrumb"},"inLanguage":"nl-NL","potentialAction":[{"@type":"ReadAction","target":["https:\/\/www.capgemini.com\/nl-nl\/oplossingen\/capgeminis-design-office-een-systematische-benadering-van-innovatie-en-transformatie\/"]}]},{"@type":"ImageObject","inLanguage":"nl-NL","@id":"https:\/\/www.capgemini.com\/nl-nl\/oplossingen\/capgeminis-design-office-een-systematische-benadering-van-innovatie-en-transformatie\/#primaryimage","url":"https:\/\/www.capgemini.com\/wp-content\/uploads\/2021\/08\/Capgemini_New-Normal.jpg","contentUrl":"https:\/\/www.capgemini.com\/wp-content\/uploads\/2021\/08\/Capgemini_New-Normal.jpg"},{"@type":"BreadcrumbList","@id":"https:\/\/www.capgemini.com\/nl-nl\/oplossingen\/capgeminis-design-office-een-systematische-benadering-van-innovatie-en-transformatie\/#breadcrumb","itemListElement":[{"@type":"ListItem","position":1,"name":"Home","item":"https:\/\/www.capgemini.com\/nl-nl\/"},{"@type":"ListItem","position":2,"name":"Oplossingen","item":"https:\/\/www.capgemini.com\/nl-nl\/oplossingen\/"},{"@type":"ListItem","position":3,"name":"Design office"}]},{"@type":"WebSite","@id":"https:\/\/www.capgemini.com\/nl-nl\/#website","url":"https:\/\/www.capgemini.com\/nl-nl\/","name":"Capgemini Nederland","description":"Capgemini","potentialAction":[{"@type":"SearchAction","target":{"@type":"EntryPoint","urlTemplate":"https:\/\/www.capgemini.com\/nl-nl\/?s={search_term_string}"},"query-input":"required name=search_term_string"}],"inLanguage":"nl-NL"}]}},"brand_term":[],"parsely":{"version":"1.1.0","canonical_url":"https:\/\/capgemini.com\/nl-nl\/oplossingen\/capgeminis-design-office-een-systematische-benadering-van-innovatie-en-transformatie\/","smart_links":{"inbound":0,"outbound":0},"traffic_boost_suggestions_count":0,"meta":{"@context":"https:\/\/schema.org","@type":"WebPage","headline":"Design office","url":"https:\/\/www.capgemini.com\/nl-nl\/oplossingen\/capgeminis-design-office-een-systematische-benadering-van-innovatie-en-transformatie\/","mainEntityOfPage":{"@type":"WebPage","@id":"https:\/\/www.capgemini.com\/nl-nl\/oplossingen\/capgeminis-design-office-een-systematische-benadering-van-innovatie-en-transformatie\/"},"thumbnailUrl":"","image":{"@type":"ImageObject","url":""},"articleSection":"Uncategorized","author":[],"creator":[],"publisher":{"@type":"Organization","name":"Capgemini Nederland","logo":""},"keywords":[],"dateCreated":"2021-09-21T13:36:44Z","datePublished":"2021-09-21T13:36:44Z","dateModified":"2026-01-06T11:49:11Z"},"rendered":"<meta name=\"parsely-title\" content=\"Design office\" \/>\n<meta name=\"parsely-link\" content=\"https:\/\/www.capgemini.com\/nl-nl\/oplossingen\/capgeminis-design-office-een-systematische-benadering-van-innovatie-en-transformatie\/\" \/>\n<meta name=\"parsely-type\" content=\"index\" \/>\n<meta name=\"parsely-pub-date\" content=\"2021-09-21T13:36:44Z\" \/>\n<meta name=\"parsely-section\" content=\"Uncategorized\" \/>","tracker_url":"https:\/\/cdn.parsely.com\/keys\/capgemini.com\/p.js"},"archive_status":false,"featured_image_src":"https:\/\/www.capgemini.com\/nl-nl\/wp-content\/themes\/capgemini2025\/assets\/images\/mockup.png","featured_image_alt":false,"jetpack_sharing_enabled":true,"distributor_meta":false,"distributor_terms":false,"distributor_media":false,"distributor_original_site_name":"Capgemini Nederland","distributor_original_site_url":"https:\/\/www.capgemini.com\/nl-nl","push-errors":false,"_links":{"self":[{"href":"https:\/\/www.capgemini.com\/nl-nl\/wp-json\/wp\/v2\/pages\/626743","targetHints":{"allow":["GET"]}}],"collection":[{"href":"https:\/\/www.capgemini.com\/nl-nl\/wp-json\/wp\/v2\/pages"}],"about":[{"href":"https:\/\/www.capgemini.com\/nl-nl\/wp-json\/wp\/v2\/types\/page"}],"author":[{"embeddable":true,"href":"https:\/\/www.capgemini.com\/nl-nl\/wp-json\/wp\/v2\/users\/151"}],"replies":[{"embeddable":true,"href":"https:\/\/www.capgemini.com\/nl-nl\/wp-json\/wp\/v2\/comments?post=626743"}],"version-history":[{"count":9,"href":"https:\/\/www.capgemini.com\/nl-nl\/wp-json\/wp\/v2\/pages\/626743\/revisions"}],"predecessor-version":[{"id":752211,"href":"https:\/\/www.capgemini.com\/nl-nl\/wp-json\/wp\/v2\/pages\/626743\/revisions\/752211"}],"up":[{"embeddable":true,"href":"https:\/\/www.capgemini.com\/nl-nl\/wp-json\/wp\/v2\/pages\/607284"}],"wp:attachment":[{"href":"https:\/\/www.capgemini.com\/nl-nl\/wp-json\/wp\/v2\/media?parent=626743"}],"wp:term":[{"taxonomy":"brand","embeddable":true,"href":"https:\/\/www.capgemini.com\/nl-nl\/wp-json\/wp\/v2\/brand?post=626743"},{"taxonomy":"partner_type","embeddable":true,"href":"https:\/\/www.capgemini.com\/nl-nl\/wp-json\/wp\/v2\/partner_type?post=626743"},{"taxonomy":"service","embeddable":true,"href":"https:\/\/www.capgemini.com\/nl-nl\/wp-json\/wp\/v2\/service?post=626743"},{"taxonomy":"industry","embeddable":true,"href":"https:\/\/www.capgemini.com\/nl-nl\/wp-json\/wp\/v2\/industry?post=626743"},{"taxonomy":"partners","embeddable":true,"href":"https:\/\/www.capgemini.com\/nl-nl\/wp-json\/wp\/v2\/partners?post=626743"},{"taxonomy":"page-type","embeddable":true,"href":"https:\/\/www.capgemini.com\/nl-nl\/wp-json\/wp\/v2\/page-type?post=626743"},{"taxonomy":"content-group","embeddable":true,"href":"https:\/\/www.capgemini.com\/nl-nl\/wp-json\/wp\/v2\/content-group?post=626743"}],"curies":[{"name":"wp","href":"https:\/\/api.w.org\/{rel}","templated":true}]}}