{"id":5888,"date":"2020-09-25T11:42:51","date_gmt":"2023-10-19T00:13:05","guid":{"rendered":"https:\/\/www.capgemini.com\/?page_id=504816"},"modified":"2025-04-04T11:37:53","modified_gmt":"2025-04-04T11:37:53","slug":"dome-homepage","status":"publish","type":"page","link":"https:\/\/www.capgemini.com\/mx-es\/dome-homepage\/","title":{"rendered":"Demo homepage"},"content":{"rendered":"\n<div class=\"wp-block-cg-blocks-homepage-hero heroHomePage header header--home\"><h1 class=\"heading-srText\">Welcome to Capgemini \u2013 Get the future you want<\/h1><div class=\"heroHomePageBgs\"><picture><source srcset=\"https:\/\/www.capgemini.com\/wp-content\/uploads\/2020\/09\/hero.png?w=1984&amp;quality=90 1x, https:\/\/www.capgemini.com\/wp-content\/uploads\/2020\/09\/hero.png?w=1984&amp;quality=90 2x\" media=\"(min-width: 1500px)\"\/><source srcset=\"https:\/\/www.capgemini.com\/wp-content\/uploads\/2020\/09\/hero.png?w=992&amp;quality=90 1x, https:\/\/www.capgemini.com\/wp-content\/uploads\/2020\/09\/hero.png?w=1984&amp;quality=90 2x\" media=\"(min-width: 992px)\"\/><source srcset=\"https:\/\/www.capgemini.com\/wp-content\/uploads\/2020\/09\/hero.png?w=768&amp;quality=90 1x, https:\/\/www.capgemini.com\/wp-content\/uploads\/2020\/09\/hero.png?w=768&amp;quality=90 2x\" media=\"(min-width: 768px)\"\/><source srcset=\"https:\/\/www.capgemini.com\/wp-content\/uploads\/2020\/09\/hero.png?w=556&amp;quality=90 1x, https:\/\/www.capgemini.com\/wp-content\/uploads\/2020\/09\/hero.png?w=556&amp;quality=90 2x\" media=\"(min-width: 0)\"\/><img decoding=\"async\" src=\"https:\/\/www.capgemini.com\/wp-content\/uploads\/2020\/09\/hero.png\" class=\"desktopImage\" alt=\"\" style=\"object-fit:cover;object-position:50% 50%\" loading=\"eager\"\/><\/picture><picture><source srcset=\"https:\/\/www.capgemini.com\/wp-content\/uploads\/2020\/09\/hero.png?w=1984&amp;quality=90 1x, https:\/\/www.capgemini.com\/wp-content\/uploads\/2020\/09\/hero.png?w=1984&amp;quality=90 2x\" media=\"(min-width: 1500px)\"\/><source srcset=\"https:\/\/www.capgemini.com\/wp-content\/uploads\/2020\/09\/hero.png?w=992&amp;quality=90 1x, https:\/\/www.capgemini.com\/wp-content\/uploads\/2020\/09\/hero.png?w=1984&amp;quality=90 2x\" media=\"(min-width: 992px)\"\/><source srcset=\"https:\/\/www.capgemini.com\/wp-content\/uploads\/2020\/09\/hero.png?w=768&amp;quality=90 1x, https:\/\/www.capgemini.com\/wp-content\/uploads\/2020\/09\/hero.png?w=768&amp;quality=90 2x\" media=\"(min-width: 768px)\"\/><source srcset=\"https:\/\/www.capgemini.com\/wp-content\/uploads\/2020\/09\/hero.png?w=556&amp;quality=90 1x, https:\/\/www.capgemini.com\/wp-content\/uploads\/2020\/09\/hero.png?w=556&amp;quality=90 2x\" media=\"(min-width: 0)\"\/><img decoding=\"async\" src=\"https:\/\/www.capgemini.com\/wp-content\/uploads\/2020\/09\/hero.png\" class=\"mobileImage\" alt=\"\" style=\"object-fit:cover;object-position:50% 50%\" loading=\"lazy\"\/><\/picture><\/div><h2 class=\"heading-srText\">Our Stories<\/h2><div class=\"heroHomPageHeaderShape\"><\/div><div class=\"heroInfoBox col-md-8 col-lg-6\"><span class=\"heroInfoBoxTag\" data-maxlength=\"34\"><\/span><a class=\"heroInfoBoxTitle\" href=\"www.capgemini.com\/dk-en\"><h3 data-maxlength=\"144\">Lorem ipsum title<\/h3><\/a><p data-maxlength=\"240\">lorem ipsum text<\/p><\/div><\/div>\n\n\n\n<section class=\"wp-block-cg-blocks-homepage-posts section section--stories section--home-stories homepage-posts content\"><div class=\"container\"><div class=\"row\"><div class=\"col-md-12\"><div class=\"box-images\"><img decoding=\"async\" src=\"https:\/\/www.capgemini.com\/wp-content\/uploads\/2020\/09\/stories-content-1.png?w=350\" alt=\"\"\/><img decoding=\"async\" src=\"https:\/\/www.capgemini.com\/wp-content\/uploads\/2020\/09\/home-stories-3.png?w=350\" alt=\"\"\/><img decoding=\"async\" src=\"https:\/\/www.capgemini.com\/wp-content\/uploads\/2020\/09\/home-stories-2.png?w=350\" alt=\"\"\/><\/div><\/div><\/div><\/div><div class=\"container\"><div class=\"row\"><div class=\"col-md-4\"><div class=\"box\"><div class=\"box-inner\"><a class=\"box-tag\" aria-label=\"People link\"><span>People<\/span><\/a><a class=\"box-title\" aria-label=\"Lorem ipsum link\"><span><h4>Lorem ipsum<\/h4><\/span><\/a><\/div><\/div><\/div><div class=\"col-md-4\"><div class=\"box\"><div class=\"box-inner\"><a class=\"box-tag\" aria-label=\"Technology link\"><span>Technology<\/span><\/a><a class=\"box-title\" aria-label=\"Lorem ipsum link\"><span><h4>Lorem ipsum<\/h4><\/span><\/a><\/div><\/div><\/div><div class=\"col-md-4\"><div class=\"box\"><div class=\"box-inner\"><a class=\"box-tag\" aria-label=\"Innovation link\"><span>Innovation<\/span><\/a><a class=\"box-title\" aria-label=\"Lorem ipsym link\"><span><h4>Lorem ipsym<\/h4><\/span><\/a><\/div><\/div><\/div><\/div><div class=\"content-more\"><a class=\"more2\" aria-label=\"Read more stories link\" href=\"www.capgemini.com\/dk-en\" target=\"\" rel=\"noopener noreferrer\">Read more stories<\/a><\/div><\/div><\/section>\n\n\n<div class=&quot;wp-block-cg-blocks-latest-news&quot;><section class=\"latest-news-block \"><div class=\"container\"><div class=\"contentTitle\"><h2 class=\"news-heading\">Latest news<\/h2><\/div><div class=\"row\"><div class=\"col-md-4 col-left\">\n\t\t\t<div class=\"box\">\n\t\t\t\t<span class=\"box-tag\">Reports<\/span>\n\t\t\t\t<a class=\"box-title\" href=\"https:\/\/www.capgemini.com\/mx-es\/news\/press-releases\/el-85-de-los-clientes-corporativos-de-los-bancos-tienen-previsto-recurrir-a-una-institucion-financiera-no-bancaria-en-el-proximo-ano-a-medida-que-se-intensifica-la-competencia-con-el-capital-privado\/\"><h3 class=\"news-subtitle\">El 85% de los clientes corporativos de los bancos tienen previsto recurrir a una instituci\u00f3n financiera no bancaria en el pr\u00f3ximo a\u00f1o, a medida que se intensifica la competencia con el capital privado<\/h3><\/a>\n\t\t\t\t<p>De acuerdo con el primer Informe mundial de banca corporativa y de inversi\u00f3n del Instituto de Investigaci\u00f3n de Capgemini, los bancos corporativos y de inversi\u00f3n (CIB) enfrentan una competencia intensa por parte de las instituciones financieras no bancarias.<\/p>\n\t\t\t\t<span class=\"box-date\">mar. 24, 2026<\/span>\n\t\t\t<\/div>\n\t\t<\/div><div class=\"box-wrapper col-md-8 col-right\"><div class=\"box\"><span class=\"box-tag\">Corporate news<\/span><a class=\"box-title\" href=\"https:\/\/www.capgemini.com\/mx-es\/news\/press-releases\/capgemini-adquirira-piterion-especialista-independiente-lider-en-gestion-del-ciclo-de-vida-del-producto-y-digitalizacion-industrial\/\"><h3 class=\"news-subtitle\">Capgemini adquirir\u00e1 Piterion, especialista independiente l\u00edder en gesti\u00f3n del ciclo de vida del producto y digitalizaci\u00f3n industrial<\/h3><\/a><span class=\"box-date\">mar. 19, 2026<\/span><\/div><div class=\"box\"><span class=\"box-tag\">Client news<\/span><a class=\"box-title\" href=\"https:\/\/www.capgemini.com\/mx-es\/news\/press-releases\/capgemini-y-deutsche-telekom-disenan-una-plataforma-abierta-para-la-automatizacion-inteligente-de-la-ran\/\"><h3 class=\"news-subtitle\">Capgemini y Deutsche Telekom dise\u00f1an una plataforma abierta para la automatizaci\u00f3n inteligente de la RAN<\/h3><\/a><span class=\"box-date\">mar. 9, 2026<\/span><\/div><\/div><div class=\"content-more\"><a class=\"more2\" aria-label=\"Read more\" href=\"https:\/\/capgemini.com\" target=\"\">Read more<\/a><\/div><\/div><\/section><\/div>\n\n\n<section class=\"wp-block-cg-blocks-homepage-explore section section--event-box section--home-explore\"><div class=\"box\" style=\"background-image:url(undefined);background-repeat:no-repeat;background-size:cover\"><img class=\"d-md-none\"\/><div class=\"container\"><div class=\"row\"><div class=\"col-md-6 box-inner\"><p>Be ahead of the game<\/p><a class=\"more2\" target=\"\" rel=\"noopener noreferrer\">Read more and more<\/a><\/div><\/div><\/div><\/div><\/section>\n\n\n\n<section class=\"wp-block-cg-blocks-homepage-people section section--home-people is-style-default\"><div class=\"container\"><div class=\"row\"><div class=\"escaper escaper-left col-md-5 d-none d-md-flex\"><div class=\"image-wrapper\"><img decoding=\"async\" src=\"https:\/\/www.capgemini.com\/wp-content\/uploads\/2020\/09\/people.png\" alt=\"\"\/><\/div><\/div><div class=\"col-right col-md-6 offset-md-1\"><img decoding=\"async\" class=\"d-md-none\" src=\"https:\/\/www.capgemini.com\/wp-content\/uploads\/2020\/09\/people.png\" alt=\"\" loading=\"lazy\"\/><div class=\"box\"><span class=\"box-tag\">Careers<\/span><div class=\"box-title\"><h4>876 Jobs<\/h4><\/div><a class=\"more2\" href=\"\">Open job positions <svg xmlns=\"http:\/\/www.w3.org\/2000\/svg\" width=\"23\" height=\"14\" viewBox=\"0 0 23 14\"><g fill=\"none\" fill-rule=\"evenodd\" stroke=\"none\" stroke-width=\"1\"><g fill=\"#15011d\" fill-rule=\"nonzero\" transform=\"translate(-271 -507)\"><g transform=\"translate(0 106)\"><path d=\"M287.675 415c.192 0 .335-.048.431-.145l5.75-6.383c.096-.097.144-.242.144-.436 0-.193-.048-.338-.144-.435-.048-.048-1.964-2.176-5.75-6.383-.287-.29-.575-.29-.862 0-.288.29-.288.58 0 .87l4.815 5.368h-20.484c-.383 0-.575.193-.575.58 0 .387.192.58.575.58h20.484l-4.815 5.368c-.288.29-.288.58 0 .87.096.098.24.146.431.146z\"><\/path><\/g><\/g><\/g><\/svg><\/a><\/div><div class=\"box\"><span class=\"box-tag\">Careers<\/span><div class=\"box-title\"><h4>What we offer lorem ipsum<\/h4><\/div><a class=\"more2\" href=\"\"> Your career path <svg xmlns=\"http:\/\/www.w3.org\/2000\/svg\" width=\"23\" height=\"14\" viewBox=\"0 0 23 14\"><g fill=\"none\" fill-rule=\"evenodd\" stroke=\"none\" stroke-width=\"1\"><g fill=\"#15011d\" fill-rule=\"nonzero\" transform=\"translate(-271 -507)\"><g transform=\"translate(0 106)\"><path d=\"M287.675 415c.192 0 .335-.048.431-.145l5.75-6.383c.096-.097.144-.242.144-.436 0-.193-.048-.338-.144-.435-.048-.048-1.964-2.176-5.75-6.383-.287-.29-.575-.29-.862 0-.288.29-.288.58 0 .87l4.815 5.368h-20.484c-.383 0-.575.193-.575.58 0 .387.192.58.575.58h20.484l-4.815 5.368c-.288.29-.288.58 0 .87.096.098.24.146.431.146z\"><\/path><\/g><\/g><\/g><\/svg><\/a><\/div><\/div><\/div><\/div><\/section>\n\n\n\n<div style=\"height:100px\" aria-hidden=\"true\" class=\"wp-block-spacer\"><\/div>\n","protected":false},"excerpt":{"rendered":"","protected":false},"author":12,"featured_media":516702,"parent":0,"menu_order":0,"comment_status":"closed","ping_status":"closed","template":"","meta":{"cg_dt_proposed_to":[],"cg_seo_hreflang_relations":"","cg_seo_canonical_relation":"{\"uuid\":\"827c3f98-5f99-404f-ab7c-89f1d5bf31de\",\"blogId\":\"\",\"domain\":\"\",\"sitePath\":\"\",\"postLink\":\"\",\"postId\":null,\"isSaved\":false,\"isCrossLink\":false,\"hasCrossLink\":false}","cg_seo_hreflang_x_default_relation":"{\"uuid\":\"ef103fa3-6f27-46f1-b2ea-fb9e4f7efed2\",\"blogId\":\"\",\"domain\":\"\",\"sitePath\":\"\",\"postLink\":\"\",\"postId\":null,\"isSaved\":false,\"isCrossLink\":false,\"hasCrossLink\":false}","cg_dt_approved_content":true,"cg_dt_mandatory_content":false,"cg_dt_notes":"","cg_dg_source_changed":false,"cg_dt_link_disabled":false,"_yoast_wpseo_primary_brand":"","footnotes":"","featured_focal_points":"","partner_card_description":"","gsap_animation":0},"brand":[],"partner_type":[],"service":[],"industry":[],"partners":[],"page-type":[],"content-group":[],"class_list":["post-5888","page","type-page","status-publish","has-post-thumbnail","hentry"],"yoast_head":"<!-- This site is optimized with the Yoast SEO Premium plugin v22.8 (Yoast SEO v22.8) - https:\/\/yoast.com\/wordpress\/plugins\/seo\/ -->\n<title>Demo homepage - Capgemini Mexico<\/title>\n<meta name=\"robots\" content=\"index, follow, max-snippet:-1, max-image-preview:large, max-video-preview:-1\" \/>\n<link rel=\"canonical\" href=\"https:\/\/www.capgemini.com\/dk-en\/dome-homepage\/\" \/>\n<meta property=\"og:locale\" content=\"es_MX\" \/>\n<meta property=\"og:type\" content=\"article\" \/>\n<meta property=\"og:title\" content=\"Demo homepage\" \/>\n<meta property=\"og:url\" content=\"https:\/\/www.capgemini.com\/mx-es\/dome-homepage\/\" \/>\n<meta property=\"og:site_name\" content=\"Capgemini Mexico\" \/>\n<meta property=\"article:modified_time\" content=\"2025-04-04T11:37:53+00:00\" \/>\n<meta property=\"og:image\" content=\"https:\/\/www.capgemini.com\/mx-es\/wp-content\/uploads\/sites\/28\/2023\/10\/hero-1.png\" \/>\n\t<meta property=\"og:image:width\" content=\"1440\" \/>\n\t<meta property=\"og:image:height\" content=\"669\" \/>\n\t<meta property=\"og:image:type\" content=\"image\/png\" \/>\n<meta name=\"twitter:card\" content=\"summary_large_image\" \/>\n<meta name=\"twitter:label1\" content=\"Est. reading time\" \/>\n\t<meta name=\"twitter:data1\" content=\"3 minutes\" \/>\n<script type=\"application\/ld+json\" class=\"yoast-schema-graph\">{\"@context\":\"https:\/\/schema.org\",\"@graph\":[{\"@type\":\"WebPage\",\"@id\":\"https:\/\/www.capgemini.com\/mx-es\/dome-homepage\/\",\"url\":\"https:\/\/www.capgemini.com\/mx-es\/dome-homepage\/\",\"name\":\"Demo homepage - Capgemini Mexico\",\"isPartOf\":{\"@id\":\"https:\/\/www.capgemini.com\/mx-es\/#website\"},\"primaryImageOfPage\":{\"@id\":\"https:\/\/www.capgemini.com\/mx-es\/dome-homepage\/#primaryimage\"},\"image\":{\"@id\":\"https:\/\/www.capgemini.com\/mx-es\/dome-homepage\/#primaryimage\"},\"thumbnailUrl\":\"https:\/\/www.capgemini.com\/mx-es\/wp-content\/uploads\/sites\/28\/2023\/10\/hero-1.png\",\"datePublished\":\"2023-10-19T00:13:05+00:00\",\"dateModified\":\"2025-04-04T11:37:53+00:00\",\"breadcrumb\":{\"@id\":\"https:\/\/www.capgemini.com\/mx-es\/dome-homepage\/#breadcrumb\"},\"inLanguage\":\"es-MX\",\"potentialAction\":[{\"@type\":\"ReadAction\",\"target\":[\"https:\/\/www.capgemini.com\/mx-es\/dome-homepage\/\"]}]},{\"@type\":\"ImageObject\",\"inLanguage\":\"es-MX\",\"@id\":\"https:\/\/www.capgemini.com\/mx-es\/dome-homepage\/#primaryimage\",\"url\":\"https:\/\/www.capgemini.com\/mx-es\/wp-content\/uploads\/sites\/28\/2023\/10\/hero-1.png\",\"contentUrl\":\"https:\/\/www.capgemini.com\/mx-es\/wp-content\/uploads\/sites\/28\/2023\/10\/hero-1.png\",\"width\":1440,\"height\":669,\"caption\":\"Hero\"},{\"@type\":\"BreadcrumbList\",\"@id\":\"https:\/\/www.capgemini.com\/mx-es\/dome-homepage\/#breadcrumb\",\"itemListElement\":[{\"@type\":\"ListItem\",\"position\":1,\"name\":\"Home\",\"item\":\"https:\/\/www.capgemini.com\/mx-es\/\"},{\"@type\":\"ListItem\",\"position\":2,\"name\":\"Demo homepage\"}]},{\"@type\":\"WebSite\",\"@id\":\"https:\/\/www.capgemini.com\/mx-es\/#website\",\"url\":\"https:\/\/www.capgemini.com\/mx-es\/\",\"name\":\"Capgemini Mexico\",\"description\":\"Capgemini\",\"publisher\":{\"@id\":\"https:\/\/www.capgemini.com\/mx-es\/#organization\"},\"potentialAction\":[{\"@type\":\"SearchAction\",\"target\":{\"@type\":\"EntryPoint\",\"urlTemplate\":\"https:\/\/www.capgemini.com\/mx-es\/?s={search_term_string}\"},\"query-input\":\"required name=search_term_string\"}],\"inLanguage\":\"es-MX\"},{\"@type\":\"Organization\",\"@id\":\"https:\/\/www.capgemini.com\/mx-es\/#organization\",\"name\":\"Capgemini Mexico\",\"url\":\"https:\/\/www.capgemini.com\/mx-es\/\",\"logo\":{\"@type\":\"ImageObject\",\"inLanguage\":\"es-MX\",\"@id\":\"https:\/\/www.capgemini.com\/mx-es\/#\/schema\/logo\/image\/\",\"url\":\"https:\/\/www.capgemini.com\/mx-es\/wp-content\/uploads\/sites\/28\/2025\/07\/linkedin_mwo0q6.png\",\"contentUrl\":\"https:\/\/www.capgemini.com\/mx-es\/wp-content\/uploads\/sites\/28\/2025\/07\/linkedin_mwo0q6.png\",\"width\":800,\"height\":800,\"caption\":\"Capgemini Mexico\"},\"image\":{\"@id\":\"https:\/\/www.capgemini.com\/mx-es\/#\/schema\/logo\/image\/\"}}]}<\/script>\n<!-- \/ Yoast SEO Premium plugin. -->","yoast_head_json":{"title":"Demo homepage - Capgemini Mexico","robots":{"index":"index","follow":"follow","max-snippet":"max-snippet:-1","max-image-preview":"max-image-preview:large","max-video-preview":"max-video-preview:-1"},"canonical":"https:\/\/www.capgemini.com\/dk-en\/dome-homepage\/","og_locale":"es_MX","og_type":"article","og_title":"Demo homepage","og_url":"https:\/\/www.capgemini.com\/mx-es\/dome-homepage\/","og_site_name":"Capgemini Mexico","article_modified_time":"2025-04-04T11:37:53+00:00","og_image":[{"width":1440,"height":669,"url":"https:\/\/www.capgemini.com\/mx-es\/wp-content\/uploads\/sites\/28\/2023\/10\/hero-1.png","type":"image\/png"}],"twitter_card":"summary_large_image","twitter_misc":{"Est. reading time":"3 minutes"},"schema":{"@context":"https:\/\/schema.org","@graph":[{"@type":"WebPage","@id":"https:\/\/www.capgemini.com\/mx-es\/dome-homepage\/","url":"https:\/\/www.capgemini.com\/mx-es\/dome-homepage\/","name":"Demo homepage - Capgemini Mexico","isPartOf":{"@id":"https:\/\/www.capgemini.com\/mx-es\/#website"},"primaryImageOfPage":{"@id":"https:\/\/www.capgemini.com\/mx-es\/dome-homepage\/#primaryimage"},"image":{"@id":"https:\/\/www.capgemini.com\/mx-es\/dome-homepage\/#primaryimage"},"thumbnailUrl":"https:\/\/www.capgemini.com\/mx-es\/wp-content\/uploads\/sites\/28\/2023\/10\/hero-1.png","datePublished":"2023-10-19T00:13:05+00:00","dateModified":"2025-04-04T11:37:53+00:00","breadcrumb":{"@id":"https:\/\/www.capgemini.com\/mx-es\/dome-homepage\/#breadcrumb"},"inLanguage":"es-MX","potentialAction":[{"@type":"ReadAction","target":["https:\/\/www.capgemini.com\/mx-es\/dome-homepage\/"]}]},{"@type":"ImageObject","inLanguage":"es-MX","@id":"https:\/\/www.capgemini.com\/mx-es\/dome-homepage\/#primaryimage","url":"https:\/\/www.capgemini.com\/mx-es\/wp-content\/uploads\/sites\/28\/2023\/10\/hero-1.png","contentUrl":"https:\/\/www.capgemini.com\/mx-es\/wp-content\/uploads\/sites\/28\/2023\/10\/hero-1.png","width":1440,"height":669,"caption":"Hero"},{"@type":"BreadcrumbList","@id":"https:\/\/www.capgemini.com\/mx-es\/dome-homepage\/#breadcrumb","itemListElement":[{"@type":"ListItem","position":1,"name":"Home","item":"https:\/\/www.capgemini.com\/mx-es\/"},{"@type":"ListItem","position":2,"name":"Demo homepage"}]},{"@type":"WebSite","@id":"https:\/\/www.capgemini.com\/mx-es\/#website","url":"https:\/\/www.capgemini.com\/mx-es\/","name":"Capgemini Mexico","description":"Capgemini","publisher":{"@id":"https:\/\/www.capgemini.com\/mx-es\/#organization"},"potentialAction":[{"@type":"SearchAction","target":{"@type":"EntryPoint","urlTemplate":"https:\/\/www.capgemini.com\/mx-es\/?s={search_term_string}"},"query-input":"required name=search_term_string"}],"inLanguage":"es-MX"},{"@type":"Organization","@id":"https:\/\/www.capgemini.com\/mx-es\/#organization","name":"Capgemini Mexico","url":"https:\/\/www.capgemini.com\/mx-es\/","logo":{"@type":"ImageObject","inLanguage":"es-MX","@id":"https:\/\/www.capgemini.com\/mx-es\/#\/schema\/logo\/image\/","url":"https:\/\/www.capgemini.com\/mx-es\/wp-content\/uploads\/sites\/28\/2025\/07\/linkedin_mwo0q6.png","contentUrl":"https:\/\/www.capgemini.com\/mx-es\/wp-content\/uploads\/sites\/28\/2025\/07\/linkedin_mwo0q6.png","width":800,"height":800,"caption":"Capgemini Mexico"},"image":{"@id":"https:\/\/www.capgemini.com\/mx-es\/#\/schema\/logo\/image\/"}}]}},"brand_term":[],"parsely":{"version":"1.1.0","canonical_url":"https:\/\/capgemini.com\/mx-es\/dome-homepage\/","smart_links":{"inbound":0,"outbound":0},"traffic_boost_suggestions_count":0,"meta":{"@context":"https:\/\/schema.org","@type":"WebPage","headline":"Demo homepage","url":"https:\/\/www.capgemini.com\/mx-es\/dome-homepage\/","mainEntityOfPage":{"@type":"WebPage","@id":"https:\/\/www.capgemini.com\/mx-es\/dome-homepage\/"},"thumbnailUrl":"https:\/\/www.capgemini.com\/mx-es\/wp-content\/uploads\/sites\/28\/2023\/10\/hero-1.png?w=150&h=150&crop=1","image":{"@type":"ImageObject","url":"https:\/\/www.capgemini.com\/mx-es\/wp-content\/uploads\/sites\/28\/2023\/10\/hero-1.png"},"articleSection":"Uncategorized","author":[],"creator":[],"publisher":{"@type":"Organization","name":"Capgemini Mexico","logo":""},"keywords":[],"dateCreated":"2023-10-19T00:13:05Z","datePublished":"2023-10-19T00:13:05Z","dateModified":"2025-04-04T11:37:53Z"},"rendered":"<meta name=\"parsely-title\" content=\"Demo homepage\" \/>\n<meta name=\"parsely-link\" content=\"https:\/\/www.capgemini.com\/mx-es\/dome-homepage\/\" \/>\n<meta name=\"parsely-type\" content=\"index\" \/>\n<meta name=\"parsely-image-url\" content=\"https:\/\/www.capgemini.com\/mx-es\/wp-content\/uploads\/sites\/28\/2023\/10\/hero-1.png?w=150&amp;h=150&amp;crop=1\" \/>\n<meta name=\"parsely-pub-date\" content=\"2023-10-19T00:13:05Z\" \/>\n<meta name=\"parsely-section\" content=\"Uncategorized\" \/>","tracker_url":"https:\/\/cdn.parsely.com\/keys\/capgemini.com\/p.js"},"archive_status":false,"featured_image_src":"https:\/\/www.capgemini.com\/mx-es\/wp-content\/uploads\/sites\/28\/2023\/10\/hero-1.png","featured_image_alt":"Hero","jetpack_sharing_enabled":true,"distributor_meta":false,"distributor_terms":false,"distributor_media":false,"distributor_original_site_name":"Capgemini Mexico","distributor_original_site_url":"https:\/\/www.capgemini.com\/mx-es","push-errors":false,"_links":{"self":[{"href":"https:\/\/www.capgemini.com\/mx-es\/wp-json\/wp\/v2\/pages\/5888","targetHints":{"allow":["GET"]}}],"collection":[{"href":"https:\/\/www.capgemini.com\/mx-es\/wp-json\/wp\/v2\/pages"}],"about":[{"href":"https:\/\/www.capgemini.com\/mx-es\/wp-json\/wp\/v2\/types\/page"}],"author":[{"embeddable":true,"href":"https:\/\/www.capgemini.com\/mx-es\/wp-json\/wp\/v2\/users\/12"}],"replies":[{"embeddable":true,"href":"https:\/\/www.capgemini.com\/mx-es\/wp-json\/wp\/v2\/comments?post=5888"}],"version-history":[{"count":6,"href":"https:\/\/www.capgemini.com\/mx-es\/wp-json\/wp\/v2\/pages\/5888\/revisions"}],"predecessor-version":[{"id":555924,"href":"https:\/\/www.capgemini.com\/mx-es\/wp-json\/wp\/v2\/pages\/5888\/revisions\/555924"}],"wp:featuredmedia":[{"embeddable":true,"href":"https:\/\/www.capgemini.com\/mx-es\/wp-json\/wp\/v2\/media\/516702"}],"wp:attachment":[{"href":"https:\/\/www.capgemini.com\/mx-es\/wp-json\/wp\/v2\/media?parent=5888"}],"wp:term":[{"taxonomy":"brand","embeddable":true,"href":"https:\/\/www.capgemini.com\/mx-es\/wp-json\/wp\/v2\/brand?post=5888"},{"taxonomy":"partner_type","embeddable":true,"href":"https:\/\/www.capgemini.com\/mx-es\/wp-json\/wp\/v2\/partner_type?post=5888"},{"taxonomy":"service","embeddable":true,"href":"https:\/\/www.capgemini.com\/mx-es\/wp-json\/wp\/v2\/service?post=5888"},{"taxonomy":"industry","embeddable":true,"href":"https:\/\/www.capgemini.com\/mx-es\/wp-json\/wp\/v2\/industry?post=5888"},{"taxonomy":"partners","embeddable":true,"href":"https:\/\/www.capgemini.com\/mx-es\/wp-json\/wp\/v2\/partners?post=5888"},{"taxonomy":"page-type","embeddable":true,"href":"https:\/\/www.capgemini.com\/mx-es\/wp-json\/wp\/v2\/page-type?post=5888"},{"taxonomy":"content-group","embeddable":true,"href":"https:\/\/www.capgemini.com\/mx-es\/wp-json\/wp\/v2\/content-group?post=5888"}],"curies":[{"name":"wp","href":"https:\/\/api.w.org\/{rel}","templated":true}]}}