{"id":554681,"date":"2025-11-11T04:32:17","date_gmt":"2025-11-11T04:32:17","guid":{"rendered":"https:\/\/www.capgemini.com\/mx-es\/?page_id=554681&#038;preview_id=554681"},"modified":"2025-11-11T04:36:00","modified_gmt":"2025-11-11T04:36:00","slug":"continuidad-digital-de-aws","status":"publish","type":"page","link":"https:\/\/www.capgemini.com\/mx-es\/solutions\/continuidad-digital-de-aws\/","title":{"rendered":"Continuidad digital de AWS"},"content":{"rendered":"\n<header class=\"wp-block-cg-blocks-hero-reusable header heroReusable  \"><div class=\"header-bgs\"><picture><source srcset=\"https:\/\/www.capgemini.com\/wp-content\/uploads\/2024\/03\/Digital-continuity-AD-POV-web-banner.jpg?w=2880&amp;quality=70 1x, https:\/\/www.capgemini.com\/wp-content\/uploads\/2024\/03\/Digital-continuity-AD-POV-web-banner.jpg?w=2880&amp;quality=70 2x\" media=\"(min-width: 1500px)\"\/><source srcset=\"https:\/\/www.capgemini.com\/wp-content\/uploads\/2024\/03\/Digital-continuity-AD-POV-web-banner.jpg?w=1440&amp;quality=70 1x, https:\/\/www.capgemini.com\/wp-content\/uploads\/2024\/03\/Digital-continuity-AD-POV-web-banner.jpg?w=2880&amp;quality=70 2x\" media=\"(min-width: 992px)\"\/><source srcset=\"https:\/\/www.capgemini.com\/wp-content\/uploads\/2024\/03\/Digital-continuity-AD-POV-web-banner.jpg?w=1024&amp;quality=70 1x, https:\/\/www.capgemini.com\/wp-content\/uploads\/2024\/03\/Digital-continuity-AD-POV-web-banner.jpg?w=1024&amp;quality=70 2x\" media=\"(min-width: 768px)\"\/><source srcset=\"https:\/\/www.capgemini.com\/wp-content\/uploads\/2024\/03\/Digital-continuity-AD-POV-web-banner.jpg?w=768&amp;quality=70 1x, https:\/\/www.capgemini.com\/wp-content\/uploads\/2024\/03\/Digital-continuity-AD-POV-web-banner.jpg?w=768&amp;quality=70 2x\" media=\"(min-width: 0)\"\/><img decoding=\"async\" src=\"https:\/\/www.capgemini.com\/wp-content\/uploads\/2024\/03\/Digital-continuity-AD-POV-web-banner.jpg\" class=\"header-img header-img-d\" alt=\"\" style=\"object-fit:cover;object-position:39% 45%\" loading=\"eager\"\/><\/picture><\/div><div class=\"heroPictureCardHeaderShape\"><\/div><div class=\"container\"><div class=\"row\"><div class=\"col-md-12\"><div class=\"box\"><div class=\"boxTagWrapper\"><div class=\"tagInfo\"><div><span class=\"box-tag\">Solution<\/span><\/div><\/div><\/div><div class=\"box-title\"><h1 data-maxlength=\"34\">Continuidad digital de AWS<\/h1><\/div><div class=\"inner-row-insight download-btn\"><\/div><\/div><\/div><\/div><\/div><\/header>\n\n\n\n<section class=\"wp-block-cg-blocks-group undefined section section--article-content\"><div class=\"article-main-content\"><div class=\"container\"><div class=\"row\"><div class=\"col-12 col-md-1\"><nav class=\"article-social\"><ul class=\"social-nav\"><li class=\"ip-order-fb\"><a href=\"https:\/\/www.facebook.com\/sharer\/sharer.php?u=https:\/\/www.capgemini.com\/?page_id=1144228\" target=\"_blank\" rel=\"noopener noreferrer\" title=\"opens in a new window\"><i aria-hidden=\"true\" class=\"icon-fb\"><\/i><span class=\"sr-only\">Facebook<\/span><\/a><\/li><li class=\"ip-order-li\"><a href=\"https:\/\/www.linkedin.com\/shareArticle?url=https:\/\/www.capgemini.com\/?page_id=1144228\" target=\"_blank\" rel=\"noopener noreferrer\" title=\"opens in a new window\"><i aria-hidden=\"true\" class=\"icon-li\"><\/i><span class=\"sr-only\">Linkedin<\/span><\/a><\/li><\/ul><\/nav><\/div><div class=\"col-12 col-md-11 col-lg-10\"><div class=\"article-text article-quote-text\">\n<h3 class=\"wp-block-heading\" id=\"h-empoderar-a-las-organizaciones-mediante-la-integracion-y-la-innovacion-sin-fisuras\">Empoderar a las organizaciones mediante la integraci\u00f3n y la innovaci\u00f3n sin fisuras<\/h3>\n\n\n\n<p>Las organizaciones actuales se enfrentan a una complejidad cada vez mayor en el desarrollo de productos avanzados como sistemas de IA y dispositivos conectados. Estas innovaciones exigen una s\u00f3lida colaboraci\u00f3n entre m\u00faltiples dominios y disciplinas.<\/p>\n\n\n\n<h4 class=\"wp-block-heading\" id=\"h-el-desafio\">El desaf\u00edo<\/h4>\n\n\n\n<p>Las empresas a menudo tienen dificultades para concentrarse en su valor empresarial principal debido a las complejidades de las operaciones de TI, la lenta entrega de PLM, los altos costos y la visibilidad limitada de la continuidad y la sostenibilidad digital.<\/p>\n\n\n\n<p>Entre los principales desaf\u00edos se incluyen:<\/p>\n\n\n\n<ul class=\"wp-block-list\">\n<li><strong>Incapacidad para centrarse en el valor principal del negocio<\/strong>: La gesti\u00f3n de sistemas e infraestructuras de TI complejos desv\u00eda recursos esenciales de la innovaci\u00f3n y las prioridades estrat\u00e9gicas.<\/li>\n\n\n\n<li><strong>Continuidad digital limitada y lentitud en la comercializaci\u00f3n de PLM<\/strong>: Las herramientas desconectadas y las plataformas obsoletas dificultan la implementaci\u00f3n de estrategias de gemelo digital y retrasan el despliegue de la gesti\u00f3n del ciclo de vida del producto (PLM).<\/li>\n\n\n\n<li><strong>Altos costes de TI y asignaci\u00f3n ineficiente de recursos<\/strong>: Las infraestructuras con gran inversi\u00f3n de capital y las operaciones manuales incrementan los costes y limitan la escalabilidad.<\/li>\n\n\n\n<li><strong>Dificultad para supervisar y gestionar los objetivos de sostenibilidad<\/strong>: La falta de herramientas integradas dificulta el seguimiento, la elaboraci\u00f3n de informes y la mejora del desempe\u00f1o ambiental.<\/li>\n<\/ul>\n\n\n\n<h4 class=\"wp-block-heading\" id=\"h-nuestra-solucion\">Nuestra soluci\u00f3n<\/h4>\n\n\n\n<p>Digital Continuity ofrece una integraci\u00f3n de extremo a extremo a lo largo de todo el ciclo de vida del producto, conectando sin problemas la ideaci\u00f3n, la ingenier\u00eda, la fabricaci\u00f3n y el servicio postventa en una colaboraci\u00f3n digital unificada.<\/p>\n\n\n\n<p>La soluci\u00f3n simplifica la transici\u00f3n a la nube al integrar sistemas PLM, MES y ERP en AWS, potenciados por las herramientas Connect y Booster de Capgemini. El enfoque no solo se centra en la integraci\u00f3n, sino tambi\u00e9n en la interoperabilidad entre m\u00faltiples productos, versiones e instancias, tanto locales como en la nube.<\/p>\n\n\n\n<h4 class=\"wp-block-heading\" id=\"h-caracteristicas-clave\">Caracter\u00edsticas clave<\/h4>\n\n\n\n<ol class=\"wp-block-list\">\n<li><strong>Gesti\u00f3n integral de aplicaciones<\/strong>: Desde la implementaci\u00f3n hasta el mantenimiento, la soluci\u00f3n adapta las aplicaciones para satisfacer las necesidades cambiantes del negocio.<\/li>\n\n\n\n<li><strong>Gesti\u00f3n del flujo de datos con Connect<\/strong>: Automatiza los flujos e intercambios de datos, incluyendo la integraci\u00f3n\/interfaces, la sincronizaci\u00f3n de plataformas y la migraci\u00f3n de datos.<\/li>\n\n\n\n<li><strong>Interoperabilidad entre sistemas PLM<\/strong>: Permite la interoperabilidad funcional y t\u00e9cnica para organizaciones que utilizan m\u00faltiples plataformas PLM.<\/li>\n\n\n\n<li><strong>Adaptaci\u00f3n personalizada de la plataforma<\/strong>: Personaliza las plataformas en la nube para cumplir con los requisitos espec\u00edficos del sector y del cliente.<\/li>\n\n\n\n<li><strong>Automatizaci\u00f3n de la implementaci\u00f3n con Booster<\/strong>: Reduce el tiempo de implementaci\u00f3n de PLM y garantiza la entrega continua de valor y actualizaciones. Establece y mantiene un pipeline de DevOps para la continuidad y agilidad del negocio.<\/li>\n\n\n\n<li><strong>Gesti\u00f3n de la infraestructura<\/strong>: Optimiza el rendimiento y controla los costos mediante servicios nativos de la nube y ofertas empaquetadas.<\/li>\n<\/ol>\n\n\n\n<h4 class=\"wp-block-heading\" id=\"h-creacion-de-valor-para-el-cliente\">creaci\u00f3n de valor para el cliente<\/h4>\n\n\n\n<p>La continuidad digital ofrece beneficios empresariales cuantificables que mejoran las operaciones, entre ellos:<\/p>\n\n\n\n<ul class=\"wp-block-list\">\n<li><strong>Aumenta los ingresos y la innovaci\u00f3n<\/strong>: Mejora la compatibilidad con el gemelo digital y ampl\u00eda la funcionalidad de PLM.<\/li>\n\n\n\n<li><strong>Simplifica la integraci\u00f3n multiplataforma<\/strong>: Utiliza un modelo sem\u00e1ntico para permitir la interacci\u00f3n entre m\u00faltiples plataformas PLM.<\/li>\n\n\n\n<li><strong>Reduce los costos<\/strong>: Transforma el CAPEX en OPEX, disminuyendo significativamente los gastos de TI.<\/li>\n\n\n\n<li><strong>Mejora la sostenibilidad<\/strong>: Monitorea y optimiza con precisi\u00f3n el desempe\u00f1o en materia de sostenibilidad.<\/li>\n\n\n\n<li><strong>Acelera el tiempo de comercializaci\u00f3n<\/strong>: Aprovecha las plantillas de negocio preconfiguradas para agilizar la automatizaci\u00f3n, la integraci\u00f3n y la migraci\u00f3n de datos.<\/li>\n<\/ul>\n\n\n\n<h4 class=\"wp-block-heading\" id=\"h-en-colaboracion-con-aws\">En colaboraci\u00f3n con AWS<\/h4>\n\n\n\n<p>Capgemini y AWS combinan un profundo conocimiento del sector con experiencia en la nube para ayudar a las organizaciones a materializar su visi\u00f3n de una empresa moderna y \u00e1gil. Como socio Premier, Capgemini aporta 15 a\u00f1os de colaboraci\u00f3n con AWS, 11&nbsp;000 consultores certificados por AWS y 10 competencias de AWS. Juntos, aceleramos la transformaci\u00f3n digital hacia la nube e impulsamos una innovaci\u00f3n inteligente, eficiente y sostenible.<\/p>\n\n\n\n<h4 class=\"wp-block-heading\" id=\"h-revoluciona-tu-empresa-moderna\">Revoluciona tu empresa moderna<\/h4>\n\n\n\n<p>La Continuidad Digital es una soluci\u00f3n integral que aborda los principales desaf\u00edos de las empresas modernas. Simplifica la adopci\u00f3n de la nube y garantiza una integraci\u00f3n perfecta a lo largo del ciclo de vida del producto. Con Capgemini y AWS, las organizaciones pueden alcanzar mayor eficiencia, escalabilidad e innovaci\u00f3n, allanando el camino hacia un futuro digital sostenible.<\/p>\n\n\n\n<p>Para obtener m\u00e1s informaci\u00f3n, <a href=\"mailto:srinivas.yerramilli@capgemini.com\">p\u00f3ngase en contacto<\/a> con nosotros o visite <a href=\"https:\/\/aws.amazon.com\/marketplace\/\" target=\"_blank\" rel=\"noreferrer noopener\">AWS Marketplace<\/a>.<\/p>\n<\/div><\/div><\/div><\/div><\/div><\/section>\n","protected":false},"excerpt":{"rendered":"","protected":false},"author":257,"featured_media":525739,"parent":5720,"menu_order":0,"comment_status":"closed","ping_status":"closed","template":"","meta":{"cg_dt_proposed_to":[25],"cg_seo_hreflang_relations":"[]","cg_seo_canonical_relation":"","cg_seo_hreflang_x_default_relation":"","cg_dt_approved_content":true,"cg_dt_mandatory_content":false,"cg_dt_notes":"","cg_dg_source_changed":true,"cg_dt_link_disabled":true,"_yoast_wpseo_primary_brand":"","footnotes":"","featured_focal_points":"","partner_card_description":"","gsap_animation":0},"brand":[],"partner_type":[],"service":[],"industry":[],"partners":[],"page-type":[167],"content-group":[],"class_list":["post-554681","page","type-page","status-publish","has-post-thumbnail","hentry","page-type-solutions"],"yoast_head":"<!-- This site is optimized with the Yoast SEO Premium plugin v22.8 (Yoast SEO v22.8) - https:\/\/yoast.com\/wordpress\/plugins\/seo\/ -->\n<title>Continuidad digital en la nube con AWS | Capgemini<\/title>\n<meta name=\"description\" content=\"Capgemini y AWS garantizan continuidad digital con soluciones seguras y escalables para entornos empresariales en la nube.\" \/>\n<meta name=\"robots\" content=\"index, follow, max-snippet:-1, max-image-preview:large, max-video-preview:-1\" \/>\n<link rel=\"canonical\" href=\"https:\/\/www.capgemini.com\/mx-es\/solutions\/continuidad-digital-de-aws\/\" \/>\n<meta property=\"og:locale\" content=\"es_MX\" \/>\n<meta property=\"og:type\" content=\"article\" \/>\n<meta property=\"og:title\" content=\"Continuidad digital de AWS\" \/>\n<meta property=\"og:description\" content=\"Capgemini y AWS garantizan continuidad digital con soluciones seguras y escalables para entornos empresariales en la nube.\" \/>\n<meta property=\"og:url\" content=\"https:\/\/www.capgemini.com\/mx-es\/solutions\/continuidad-digital-de-aws\/\" \/>\n<meta property=\"og:site_name\" content=\"Capgemini Mexico\" \/>\n<meta property=\"article:modified_time\" content=\"2025-11-11T04:36:00+00:00\" \/>\n<meta property=\"og:image\" content=\"https:\/\/www.capgemini.com\/mx-es\/wp-content\/uploads\/sites\/28\/2024\/07\/Digital-continuity-AD-POV-web-banner.jpg\" \/>\n\t<meta property=\"og:image:width\" content=\"2880\" \/>\n\t<meta property=\"og:image:height\" content=\"1800\" \/>\n\t<meta property=\"og:image:type\" content=\"image\/jpeg\" \/>\n<meta name=\"twitter:card\" content=\"summary_large_image\" \/>\n<meta name=\"twitter:label1\" content=\"Est. reading time\" \/>\n\t<meta name=\"twitter:data1\" content=\"4 minutes\" \/>\n<script type=\"application\/ld+json\" class=\"yoast-schema-graph\">{\"@context\":\"https:\/\/schema.org\",\"@graph\":[{\"@type\":\"WebPage\",\"@id\":\"https:\/\/www.capgemini.com\/mx-es\/solutions\/continuidad-digital-de-aws\/\",\"url\":\"https:\/\/www.capgemini.com\/mx-es\/solutions\/continuidad-digital-de-aws\/\",\"name\":\"Continuidad digital en la nube con AWS | Capgemini\",\"isPartOf\":{\"@id\":\"https:\/\/www.capgemini.com\/mx-es\/#website\"},\"primaryImageOfPage\":{\"@id\":\"https:\/\/www.capgemini.com\/mx-es\/solutions\/continuidad-digital-de-aws\/#primaryimage\"},\"image\":{\"@id\":\"https:\/\/www.capgemini.com\/mx-es\/solutions\/continuidad-digital-de-aws\/#primaryimage\"},\"thumbnailUrl\":\"https:\/\/www.capgemini.com\/mx-es\/wp-content\/uploads\/sites\/28\/2024\/07\/Digital-continuity-AD-POV-web-banner.jpg\",\"datePublished\":\"2025-11-11T04:32:17+00:00\",\"dateModified\":\"2025-11-11T04:36:00+00:00\",\"description\":\"Capgemini y AWS garantizan continuidad digital con soluciones seguras y escalables para entornos empresariales en la nube.\",\"breadcrumb\":{\"@id\":\"https:\/\/www.capgemini.com\/mx-es\/solutions\/continuidad-digital-de-aws\/#breadcrumb\"},\"inLanguage\":\"es-MX\",\"potentialAction\":[{\"@type\":\"ReadAction\",\"target\":[\"https:\/\/www.capgemini.com\/mx-es\/solutions\/continuidad-digital-de-aws\/\"]}]},{\"@type\":\"ImageObject\",\"inLanguage\":\"es-MX\",\"@id\":\"https:\/\/www.capgemini.com\/mx-es\/solutions\/continuidad-digital-de-aws\/#primaryimage\",\"url\":\"https:\/\/www.capgemini.com\/mx-es\/wp-content\/uploads\/sites\/28\/2024\/07\/Digital-continuity-AD-POV-web-banner.jpg\",\"contentUrl\":\"https:\/\/www.capgemini.com\/mx-es\/wp-content\/uploads\/sites\/28\/2024\/07\/Digital-continuity-AD-POV-web-banner.jpg\",\"width\":2880,\"height\":1800,\"caption\":\"Digital continuity AD POV web banner\"},{\"@type\":\"BreadcrumbList\",\"@id\":\"https:\/\/www.capgemini.com\/mx-es\/solutions\/continuidad-digital-de-aws\/#breadcrumb\",\"itemListElement\":[{\"@type\":\"ListItem\",\"position\":1,\"name\":\"Home\",\"item\":\"https:\/\/www.capgemini.com\/mx-es\/\"},{\"@type\":\"ListItem\",\"position\":2,\"name\":\"Solutions\",\"item\":\"https:\/\/www.capgemini.com\/mx-es\/solutions\/\"},{\"@type\":\"ListItem\",\"position\":3,\"name\":\"Continuidad digital de AWS\"}]},{\"@type\":\"WebSite\",\"@id\":\"https:\/\/www.capgemini.com\/mx-es\/#website\",\"url\":\"https:\/\/www.capgemini.com\/mx-es\/\",\"name\":\"Capgemini Mexico\",\"description\":\"Capgemini\",\"publisher\":{\"@id\":\"https:\/\/www.capgemini.com\/mx-es\/#organization\"},\"potentialAction\":[{\"@type\":\"SearchAction\",\"target\":{\"@type\":\"EntryPoint\",\"urlTemplate\":\"https:\/\/www.capgemini.com\/mx-es\/?s={search_term_string}\"},\"query-input\":\"required name=search_term_string\"}],\"inLanguage\":\"es-MX\"},{\"@type\":\"Organization\",\"@id\":\"https:\/\/www.capgemini.com\/mx-es\/#organization\",\"name\":\"Capgemini Mexico\",\"url\":\"https:\/\/www.capgemini.com\/mx-es\/\",\"logo\":{\"@type\":\"ImageObject\",\"inLanguage\":\"es-MX\",\"@id\":\"https:\/\/www.capgemini.com\/mx-es\/#\/schema\/logo\/image\/\",\"url\":\"https:\/\/www.capgemini.com\/mx-es\/wp-content\/uploads\/sites\/28\/2025\/07\/linkedin_mwo0q6.png\",\"contentUrl\":\"https:\/\/www.capgemini.com\/mx-es\/wp-content\/uploads\/sites\/28\/2025\/07\/linkedin_mwo0q6.png\",\"width\":800,\"height\":800,\"caption\":\"Capgemini Mexico\"},\"image\":{\"@id\":\"https:\/\/www.capgemini.com\/mx-es\/#\/schema\/logo\/image\/\"}}]}<\/script>\n<!-- \/ Yoast SEO Premium plugin. -->","yoast_head_json":{"title":"Continuidad digital en la nube con AWS | Capgemini","description":"Capgemini y AWS garantizan continuidad digital con soluciones seguras y escalables para entornos empresariales en la nube.","robots":{"index":"index","follow":"follow","max-snippet":"max-snippet:-1","max-image-preview":"max-image-preview:large","max-video-preview":"max-video-preview:-1"},"canonical":"https:\/\/www.capgemini.com\/mx-es\/solutions\/continuidad-digital-de-aws\/","og_locale":"es_MX","og_type":"article","og_title":"Continuidad digital de AWS","og_description":"Capgemini y AWS garantizan continuidad digital con soluciones seguras y escalables para entornos empresariales en la nube.","og_url":"https:\/\/www.capgemini.com\/mx-es\/solutions\/continuidad-digital-de-aws\/","og_site_name":"Capgemini Mexico","article_modified_time":"2025-11-11T04:36:00+00:00","og_image":[{"width":2880,"height":1800,"url":"https:\/\/www.capgemini.com\/mx-es\/wp-content\/uploads\/sites\/28\/2024\/07\/Digital-continuity-AD-POV-web-banner.jpg","type":"image\/jpeg"}],"twitter_card":"summary_large_image","twitter_misc":{"Est. reading time":"4 minutes"},"schema":{"@context":"https:\/\/schema.org","@graph":[{"@type":"WebPage","@id":"https:\/\/www.capgemini.com\/mx-es\/solutions\/continuidad-digital-de-aws\/","url":"https:\/\/www.capgemini.com\/mx-es\/solutions\/continuidad-digital-de-aws\/","name":"Continuidad digital en la nube con AWS | Capgemini","isPartOf":{"@id":"https:\/\/www.capgemini.com\/mx-es\/#website"},"primaryImageOfPage":{"@id":"https:\/\/www.capgemini.com\/mx-es\/solutions\/continuidad-digital-de-aws\/#primaryimage"},"image":{"@id":"https:\/\/www.capgemini.com\/mx-es\/solutions\/continuidad-digital-de-aws\/#primaryimage"},"thumbnailUrl":"https:\/\/www.capgemini.com\/mx-es\/wp-content\/uploads\/sites\/28\/2024\/07\/Digital-continuity-AD-POV-web-banner.jpg","datePublished":"2025-11-11T04:32:17+00:00","dateModified":"2025-11-11T04:36:00+00:00","description":"Capgemini y AWS garantizan continuidad digital con soluciones seguras y escalables para entornos empresariales en la nube.","breadcrumb":{"@id":"https:\/\/www.capgemini.com\/mx-es\/solutions\/continuidad-digital-de-aws\/#breadcrumb"},"inLanguage":"es-MX","potentialAction":[{"@type":"ReadAction","target":["https:\/\/www.capgemini.com\/mx-es\/solutions\/continuidad-digital-de-aws\/"]}]},{"@type":"ImageObject","inLanguage":"es-MX","@id":"https:\/\/www.capgemini.com\/mx-es\/solutions\/continuidad-digital-de-aws\/#primaryimage","url":"https:\/\/www.capgemini.com\/mx-es\/wp-content\/uploads\/sites\/28\/2024\/07\/Digital-continuity-AD-POV-web-banner.jpg","contentUrl":"https:\/\/www.capgemini.com\/mx-es\/wp-content\/uploads\/sites\/28\/2024\/07\/Digital-continuity-AD-POV-web-banner.jpg","width":2880,"height":1800,"caption":"Digital continuity AD POV web banner"},{"@type":"BreadcrumbList","@id":"https:\/\/www.capgemini.com\/mx-es\/solutions\/continuidad-digital-de-aws\/#breadcrumb","itemListElement":[{"@type":"ListItem","position":1,"name":"Home","item":"https:\/\/www.capgemini.com\/mx-es\/"},{"@type":"ListItem","position":2,"name":"Solutions","item":"https:\/\/www.capgemini.com\/mx-es\/solutions\/"},{"@type":"ListItem","position":3,"name":"Continuidad digital de AWS"}]},{"@type":"WebSite","@id":"https:\/\/www.capgemini.com\/mx-es\/#website","url":"https:\/\/www.capgemini.com\/mx-es\/","name":"Capgemini Mexico","description":"Capgemini","publisher":{"@id":"https:\/\/www.capgemini.com\/mx-es\/#organization"},"potentialAction":[{"@type":"SearchAction","target":{"@type":"EntryPoint","urlTemplate":"https:\/\/www.capgemini.com\/mx-es\/?s={search_term_string}"},"query-input":"required name=search_term_string"}],"inLanguage":"es-MX"},{"@type":"Organization","@id":"https:\/\/www.capgemini.com\/mx-es\/#organization","name":"Capgemini Mexico","url":"https:\/\/www.capgemini.com\/mx-es\/","logo":{"@type":"ImageObject","inLanguage":"es-MX","@id":"https:\/\/www.capgemini.com\/mx-es\/#\/schema\/logo\/image\/","url":"https:\/\/www.capgemini.com\/mx-es\/wp-content\/uploads\/sites\/28\/2025\/07\/linkedin_mwo0q6.png","contentUrl":"https:\/\/www.capgemini.com\/mx-es\/wp-content\/uploads\/sites\/28\/2025\/07\/linkedin_mwo0q6.png","width":800,"height":800,"caption":"Capgemini Mexico"},"image":{"@id":"https:\/\/www.capgemini.com\/mx-es\/#\/schema\/logo\/image\/"}}]}},"brand_term":[],"parsely":{"version":"1.1.0","canonical_url":"https:\/\/capgemini.com\/mx-es\/solutions\/continuidad-digital-de-aws\/","smart_links":{"inbound":0,"outbound":0},"traffic_boost_suggestions_count":0,"meta":{"@context":"https:\/\/schema.org","@type":"WebPage","headline":"Continuidad digital de AWS","url":"https:\/\/www.capgemini.com\/mx-es\/solutions\/continuidad-digital-de-aws\/","mainEntityOfPage":{"@type":"WebPage","@id":"https:\/\/www.capgemini.com\/mx-es\/solutions\/continuidad-digital-de-aws\/"},"thumbnailUrl":"https:\/\/www.capgemini.com\/mx-es\/wp-content\/uploads\/sites\/28\/2024\/07\/Digital-continuity-AD-POV-web-banner.jpg?w=150&h=150&crop=1","image":{"@type":"ImageObject","url":"https:\/\/www.capgemini.com\/mx-es\/wp-content\/uploads\/sites\/28\/2024\/07\/Digital-continuity-AD-POV-web-banner.jpg"},"articleSection":"Uncategorized","author":[],"creator":[],"publisher":{"@type":"Organization","name":"Capgemini Mexico","logo":""},"keywords":[],"dateCreated":"2025-11-11T04:32:17Z","datePublished":"2025-11-11T04:32:17Z","dateModified":"2025-11-11T04:36:00Z"},"rendered":"<meta name=\"parsely-title\" content=\"Continuidad digital de AWS\" \/>\n<meta name=\"parsely-link\" content=\"https:\/\/www.capgemini.com\/mx-es\/solutions\/continuidad-digital-de-aws\/\" \/>\n<meta name=\"parsely-type\" content=\"index\" \/>\n<meta name=\"parsely-image-url\" content=\"https:\/\/www.capgemini.com\/mx-es\/wp-content\/uploads\/sites\/28\/2024\/07\/Digital-continuity-AD-POV-web-banner.jpg?w=150&amp;h=150&amp;crop=1\" \/>\n<meta name=\"parsely-pub-date\" content=\"2025-11-11T04:32:17Z\" \/>\n<meta name=\"parsely-section\" content=\"Uncategorized\" \/>","tracker_url":"https:\/\/cdn.parsely.com\/keys\/capgemini.com\/p.js"},"archive_status":false,"featured_image_src":"https:\/\/www.capgemini.com\/mx-es\/wp-content\/uploads\/sites\/28\/2024\/07\/Digital-continuity-AD-POV-web-banner.jpg","featured_image_alt":"Digital continuity AD POV web banner","jetpack_sharing_enabled":true,"distributor_meta":false,"distributor_terms":false,"distributor_media":false,"distributor_original_site_name":"Capgemini Mexico","distributor_original_site_url":"https:\/\/www.capgemini.com\/mx-es","push-errors":false,"_links":{"self":[{"href":"https:\/\/www.capgemini.com\/mx-es\/wp-json\/wp\/v2\/pages\/554681","targetHints":{"allow":["GET"]}}],"collection":[{"href":"https:\/\/www.capgemini.com\/mx-es\/wp-json\/wp\/v2\/pages"}],"about":[{"href":"https:\/\/www.capgemini.com\/mx-es\/wp-json\/wp\/v2\/types\/page"}],"author":[{"embeddable":true,"href":"https:\/\/www.capgemini.com\/mx-es\/wp-json\/wp\/v2\/users\/257"}],"replies":[{"embeddable":true,"href":"https:\/\/www.capgemini.com\/mx-es\/wp-json\/wp\/v2\/comments?post=554681"}],"version-history":[{"count":3,"href":"https:\/\/www.capgemini.com\/mx-es\/wp-json\/wp\/v2\/pages\/554681\/revisions"}],"predecessor-version":[{"id":554685,"href":"https:\/\/www.capgemini.com\/mx-es\/wp-json\/wp\/v2\/pages\/554681\/revisions\/554685"}],"up":[{"embeddable":true,"href":"https:\/\/www.capgemini.com\/mx-es\/wp-json\/wp\/v2\/pages\/5720"}],"wp:featuredmedia":[{"embeddable":true,"href":"https:\/\/www.capgemini.com\/mx-es\/wp-json\/wp\/v2\/media\/525739"}],"wp:attachment":[{"href":"https:\/\/www.capgemini.com\/mx-es\/wp-json\/wp\/v2\/media?parent=554681"}],"wp:term":[{"taxonomy":"brand","embeddable":true,"href":"https:\/\/www.capgemini.com\/mx-es\/wp-json\/wp\/v2\/brand?post=554681"},{"taxonomy":"partner_type","embeddable":true,"href":"https:\/\/www.capgemini.com\/mx-es\/wp-json\/wp\/v2\/partner_type?post=554681"},{"taxonomy":"service","embeddable":true,"href":"https:\/\/www.capgemini.com\/mx-es\/wp-json\/wp\/v2\/service?post=554681"},{"taxonomy":"industry","embeddable":true,"href":"https:\/\/www.capgemini.com\/mx-es\/wp-json\/wp\/v2\/industry?post=554681"},{"taxonomy":"partners","embeddable":true,"href":"https:\/\/www.capgemini.com\/mx-es\/wp-json\/wp\/v2\/partners?post=554681"},{"taxonomy":"page-type","embeddable":true,"href":"https:\/\/www.capgemini.com\/mx-es\/wp-json\/wp\/v2\/page-type?post=554681"},{"taxonomy":"content-group","embeddable":true,"href":"https:\/\/www.capgemini.com\/mx-es\/wp-json\/wp\/v2\/content-group?post=554681"}],"curies":[{"name":"wp","href":"https:\/\/api.w.org\/{rel}","templated":true}]}}