{"id":5518,"date":"2022-12-16T07:20:22","date_gmt":"2022-12-16T07:20:22","guid":{"rendered":"https:\/\/www.capgemini.com\/?page_id=646984"},"modified":"2026-01-12T19:49:32","modified_gmt":"2026-01-12T19:49:32","slug":"sap-s-4hana-cloud-para-proveedores-de-automocion","status":"publish","type":"page","link":"https:\/\/www.capgemini.com\/mx-es\/solutions\/sap-s-4hana-cloud-para-proveedores-de-automocion\/","title":{"rendered":"SAP S\/4HANA\u00ae cloud para proveedores de automoci\u00f3n"},"content":{"rendered":"\n<header class=\"wp-block-cg-blocks-hero-reusable header heroReusable  \"><div class=\"header-bgs\"><picture><source srcset=\"https:\/\/www.capgemini.com\/wp-content\/uploads\/2022\/03\/Capgemini_SAP-S4HANA-Cloud-for-automotive-suppliers.jpg?w=2880&amp;quality=70 1x, https:\/\/www.capgemini.com\/wp-content\/uploads\/2022\/03\/Capgemini_SAP-S4HANA-Cloud-for-automotive-suppliers.jpg?w=2880&amp;quality=70 2x\" media=\"(min-width: 1500px)\"\/><source srcset=\"https:\/\/www.capgemini.com\/wp-content\/uploads\/2022\/03\/Capgemini_SAP-S4HANA-Cloud-for-automotive-suppliers.jpg?w=1440&amp;quality=70 1x, https:\/\/www.capgemini.com\/wp-content\/uploads\/2022\/03\/Capgemini_SAP-S4HANA-Cloud-for-automotive-suppliers.jpg?w=2880&amp;quality=70 2x\" media=\"(min-width: 992px)\"\/><source srcset=\"https:\/\/www.capgemini.com\/wp-content\/uploads\/2022\/03\/Capgemini_SAP-S4HANA-Cloud-for-automotive-suppliers.jpg?w=1024&amp;quality=70 1x, https:\/\/www.capgemini.com\/wp-content\/uploads\/2022\/03\/Capgemini_SAP-S4HANA-Cloud-for-automotive-suppliers.jpg?w=1024&amp;quality=70 2x\" media=\"(min-width: 768px)\"\/><source srcset=\"https:\/\/www.capgemini.com\/wp-content\/uploads\/2022\/03\/Capgemini_SAP-S4HANA-Cloud-for-automotive-suppliers.jpg?w=768&amp;quality=70 1x, https:\/\/www.capgemini.com\/wp-content\/uploads\/2022\/03\/Capgemini_SAP-S4HANA-Cloud-for-automotive-suppliers.jpg?w=768&amp;quality=70 2x\" media=\"(min-width: 0)\"\/><img decoding=\"async\" src=\"https:\/\/www.capgemini.com\/wp-content\/uploads\/2022\/03\/Capgemini_SAP-S4HANA-Cloud-for-automotive-suppliers.jpg\" class=\"header-img header-img-d\" alt=\"\" style=\"object-fit:cover;object-position:50% 50%\" loading=\"eager\"\/><\/picture><\/div><div class=\"heroPictureCardHeaderShape\"><\/div><div class=\"container\"><div class=\"row\"><div class=\"col-md-12\"><div class=\"box\"><div class=\"boxTagWrapper\"><div class=\"tagInfo\"><div><span class=\"box-tag\">Solution<\/span><\/div><\/div><\/div><div class=\"box-title\"><h1 data-maxlength=\"34\">SAP S\/4HANA\u00ae cloud para proveedores de automoci\u00f3n<\/h1><\/div><div class=\"inner-row-insight download-btn\"><div class=\"col-md-4 downloadFiles \"><a class=\"button-download--small\" type=\"download\" href=\"https:\/\/www.capgemini.com\/wp-content\/uploads\/2022\/06\/AutomotiveSuppliers_Driving-the-agenda-for-the-connected-economy_V2.pdf\" target=\"_blank\" rel=\"noopener noreferrer\" title=\"Abrir en una nueva ventana\"><span>Download report<\/span><span class=\"type\">617 KB pdf<\/span><\/a><\/div><div class=\"col-md-4 downloadFiles \"><a class=\"button-download--small\" type=\"download\" href=\"https:\/\/www.capgemini.com\/wp-content\/uploads\/2022\/06\/SAP-S_4HANA-Cloud-for-automotive-suppliers_Solution-brochure_V3.pdf\" target=\"_blank\" rel=\"noopener noreferrer\" title=\"Abrir en una nueva ventana\"><span>Download brochure<\/span><span class=\"type\">622 KB pdf<\/span><\/a><\/div><\/div><\/div><\/div><\/div><\/div><\/header>\n\n\n\n<section class=\"wp-block-cg-blocks-intro-para undefined section section--intro\"><div class=\"intro-para\"><div class=\"container\"><div class=\"row\"><div class=\"col-12 col-md-1\"><nav class=\"article-social\"><ul class=\"social-nav\"><li class=\"ip-order-fb\"><a href=\"https:\/\/www.facebook.com\/sharer\/sharer.php?u=https:\/\/www.capgemini.com\/mx-es\/solutions\/sap-s-4hana-cloud-para-proveedores-de-automocion\/\" target=\"_blank\" rel=\"noopener noreferrer\" title=\"Abrir en una nueva ventana\"><i aria-hidden=\"true\" class=\"icon-fb\"><\/i><span class=\"sr-only\">Facebook<\/span><\/a><\/li><li class=\"ip-order-li\"><a href=\"https:\/\/www.linkedin.com\/sharing\/share-offsite\/?url=https:\/\/www.capgemini.com\/mx-es\/solutions\/sap-s-4hana-cloud-para-proveedores-de-automocion\/\" target=\"_blank\" rel=\"noopener noreferrer\" title=\"Abrir en una nueva ventana\"><i aria-hidden=\"true\" class=\"icon-li\"><\/i><span class=\"sr-only\">Linkedin<\/span><\/a><\/li><\/ul><\/nav><\/div><div class=\"col-12 col-md-11 col-lg-10\"><h2 class=\"intro-para-title\">Una creciente necesidad de agilidad y rapidez.<\/h2><p class=\"intro-para-content\">La disrupci\u00f3n del mercado en la industria de la automoci\u00f3n est\u00e1 planteando grandes retos a todo el mundo, incluidos los proveedores de automoci\u00f3n. Las mega-tendencias tecnol\u00f3gicas (CASES), el potencial y los retos de la industria digital y los disruptores est\u00e1n forzando amplios cambios en la forma de hacer negocios de los proveedores. Sobre todo, pone de relieve la necesidad de velocidad, tanto para entrar en nuevos mercados como para reaccionar ante los cambios. Sin esto, las empresas ya no podr\u00e1n competir.<\/p><\/div><\/div><\/div><\/div><\/section>\n\n\n\n<section class=\"wp-block-cg-blocks-group undefined section section--article-content\"><div class=\"article-main-content\"><div class=\"container\"><div class=\"row\"><div class=\"col-12 col-md-11 col-lg-10 offset-md-1 offset-lg-1\"><div class=\"article-text article-quote-text\">\n<blockquote class=\"wp-block-quote is-layout-flow wp-block-quote-is-layout-flow\">\n<p><em><em>&#8220;Estamos orgullosos de trabajar con SAP para ofrecer conjuntamente a nuestros clientes ofertas de automoci\u00f3n que aprovechan SAP S\/4HANA Cloud y SAP Cloud Platform. Ser el socio que codesarrolla y co-innova soluciones que apoyan la hoja de ruta de SAP S\/4HANA Cloud para proveedores de automoci\u00f3n es un testimonio del valor que ofrecemos a nuestros clientes&#8221;.<\/em><\/em><\/p>\n<cite><em>Josean Mendez, Global SAP Alliance Lead at Capgemini.<\/em><\/cite><\/blockquote>\n<\/div><\/div><\/div><\/div><\/div><\/section>\n\n\n\n<section class=\"wp-block-cg-blocks-intro-para-video section section--info-2cols section--insights section-video \"><div class=\"bg-color video-align-right\"><div class=\"container\"><div class=\"row video-align-left\"><div class=\"col-md-12\"><div class=\"video-align-left row box box--4 box--mini\"><div class=\"col-md-3\"><h3 class=\"Video-title\" data-maxlength=\"34\"><\/h3><div class=\"video-info\"><p data-maxlength=\"68\">SAP S\/4HANA Cloud para Automoci\u00f3n<\/p><\/div><\/div><div class=\"col-md-8 box-img-wrapper\"><div class=\"video-box\"><div class=\"video-wrapper\"><iframe title=\"video-section\" src=\"https:\/\/www.youtube.com\/embed\/qp18t5G3u3A?rel=0&amp;modestbranding=1&amp;playsinline=1&amp;enablejsapi=1\" frameborder=\"0\" allow=\"accelerometer; autoplay; clipboard-write; encrypted-media; gyroscope; picture-in-picture\" allowfullscreen loading=\"lazy\" referrerpolicy=\"strict-origin-when-cross-origin\"><\/iframe><\/div><\/div><\/div><div class=\"col-md-1\"><\/div><\/div><\/div><\/div><\/div><\/div><\/section>\n\n\n\n<section class=\"wp-block-cg-blocks-group undefined section section--article-content\"><div class=\"article-main-content\"><div class=\"container\"><div class=\"row\"><div class=\"col-12 col-md-11 col-lg-10 offset-md-1 offset-lg-1\"><div class=\"article-text article-quote-text\">\n<p>Para hacer frente a estos requisitos, los principales proveedores de la industria del autom\u00f3vil buscan convertirse en &#8220;empresas renovables&#8221;: organizaciones que puedan crecer constantemente y adaptarse a entornos empresariales nuevos y cambiantes liberando el poder de las nuevas tecnolog\u00edas digitales.<\/p>\n\n\n\n<p>Las empresas renovables disfrutan de:<\/p>\n\n\n\n<ul class=\"wp-block-list\">\n<li>La mejor agilidad de su clase para poder transformarse cuando sea necesario<\/li>\n\n\n\n<li>Inteligencia y proactividad<\/li>\n\n\n\n<li>Un enfoque inteligente de la innovaci\u00f3n<\/li>\n<\/ul>\n\n\n\n<p>SAP y Capgemini est\u00e1n colaborando para ayudar a los proveedores de automoci\u00f3n a cumplir todos estos requisitos, aprovechando las ventajas de la tecnolog\u00eda en la nube. Los aceleradores, como los sistemas preconfigurados para proveedores de automoci\u00f3n, le permiten ponerse en marcha en tan solo unos meses, mientras que la entrega de software como servicio (SaaS) reduce en gran medida la carga continua de TI sin sacrificar la rica funcionalidad de SAP S\/4HANA\u00ae.<\/p>\n\n\n\n<h3 class=\"wp-block-heading\" id=\"h-el-podcast-de-la-empresa-renovable-impulse-su-negocio-con-sap-s-4hana-cloud-for-automotive\"><strong>El podcast de la empresa renovable: Impulse su negocio con SAP S\/4HANA Cloud for Automotive<\/strong><\/h3>\n<\/div><\/div><\/div><\/div><\/div><\/section>\n","protected":false},"excerpt":{"rendered":"","protected":false},"author":151,"featured_media":0,"parent":5720,"menu_order":0,"comment_status":"closed","ping_status":"closed","template":"","meta":{"cg_dt_proposed_to":[16],"cg_seo_hreflang_relations":"[]","cg_seo_canonical_relation":"","cg_seo_hreflang_x_default_relation":"{\"uuid\":\"3d898a2d-622f-4bd3-9e1f-db169e1bc01d\",\"blogId\":\"\",\"domain\":\"\",\"sitePath\":\"\",\"postLink\":\"\",\"postId\":null,\"isSaved\":false,\"isCrossLink\":false,\"hasCrossLink\":false}","cg_dt_approved_content":true,"cg_dt_mandatory_content":false,"cg_dt_notes":"","cg_dg_source_changed":true,"cg_dt_link_disabled":true,"_yoast_wpseo_primary_brand":"","footnotes":"","featured_focal_points":"","partner_card_description":"","gsap_animation":0},"brand":[],"partner_type":[],"service":[],"industry":[],"partners":[],"page-type":[167],"content-group":[],"class_list":["post-5518","page","type-page","status-publish","hentry","page-type-solutions"],"yoast_head":"<!-- This site is optimized with the Yoast SEO Premium plugin v22.8 (Yoast SEO v22.8) - https:\/\/yoast.com\/wordpress\/plugins\/seo\/ -->\n<title>SAP S\/4HANA\u00ae Cloud para Proveedores de Automoci\u00f3n | Capgemini<\/title>\n<meta name=\"description\" content=\"Una creciente necesidad de agilidad y rapidez.\" \/>\n<meta name=\"robots\" content=\"index, follow, max-snippet:-1, max-image-preview:large, max-video-preview:-1\" \/>\n<link rel=\"canonical\" href=\"https:\/\/www.capgemini.com\/mx-es\/solutions\/sap-s-4hana-cloud-para-proveedores-de-automocion\/\" \/>\n<meta property=\"og:locale\" content=\"es_MX\" \/>\n<meta property=\"og:type\" content=\"article\" \/>\n<meta property=\"og:title\" content=\"SAP S\/4HANA\u00ae cloud para proveedores de automoci\u00f3n\" \/>\n<meta property=\"og:description\" content=\"Una creciente necesidad de agilidad y rapidez.\" \/>\n<meta property=\"og:url\" content=\"https:\/\/www.capgemini.com\/mx-es\/solutions\/sap-s-4hana-cloud-para-proveedores-de-automocion\/\" \/>\n<meta property=\"og:site_name\" content=\"Capgemini Mexico\" \/>\n<meta property=\"article:modified_time\" content=\"2026-01-12T19:49:32+00:00\" \/>\n<meta property=\"og:image\" content=\"https:\/\/www.capgemini.com\/wp-content\/uploads\/2022\/03\/Capgemini_SAP-S4HANA-Cloud-for-automotive-suppliers.jpg\" \/>\n<meta name=\"twitter:card\" content=\"summary_large_image\" \/>\n<meta name=\"twitter:label1\" content=\"Est. reading time\" \/>\n\t<meta name=\"twitter:data1\" content=\"2 minutes\" \/>\n<script type=\"application\/ld+json\" class=\"yoast-schema-graph\">{\"@context\":\"https:\/\/schema.org\",\"@graph\":[{\"@type\":\"WebPage\",\"@id\":\"https:\/\/www.capgemini.com\/mx-es\/solutions\/sap-s-4hana-cloud-para-proveedores-de-automocion\/\",\"url\":\"https:\/\/www.capgemini.com\/mx-es\/solutions\/sap-s-4hana-cloud-para-proveedores-de-automocion\/\",\"name\":\"SAP S\/4HANA\u00ae Cloud para Proveedores de Automoci\u00f3n | Capgemini\",\"isPartOf\":{\"@id\":\"https:\/\/www.capgemini.com\/mx-es\/#website\"},\"primaryImageOfPage\":{\"@id\":\"https:\/\/www.capgemini.com\/mx-es\/solutions\/sap-s-4hana-cloud-para-proveedores-de-automocion\/#primaryimage\"},\"image\":{\"@id\":\"https:\/\/www.capgemini.com\/mx-es\/solutions\/sap-s-4hana-cloud-para-proveedores-de-automocion\/#primaryimage\"},\"thumbnailUrl\":\"https:\/\/www.capgemini.com\/wp-content\/uploads\/2022\/03\/Capgemini_SAP-S4HANA-Cloud-for-automotive-suppliers.jpg\",\"datePublished\":\"2022-12-16T07:20:22+00:00\",\"dateModified\":\"2026-01-12T19:49:32+00:00\",\"description\":\"Una creciente necesidad de agilidad y rapidez.\",\"breadcrumb\":{\"@id\":\"https:\/\/www.capgemini.com\/mx-es\/solutions\/sap-s-4hana-cloud-para-proveedores-de-automocion\/#breadcrumb\"},\"inLanguage\":\"es-MX\",\"potentialAction\":[{\"@type\":\"ReadAction\",\"target\":[\"https:\/\/www.capgemini.com\/mx-es\/solutions\/sap-s-4hana-cloud-para-proveedores-de-automocion\/\"]}]},{\"@type\":\"ImageObject\",\"inLanguage\":\"es-MX\",\"@id\":\"https:\/\/www.capgemini.com\/mx-es\/solutions\/sap-s-4hana-cloud-para-proveedores-de-automocion\/#primaryimage\",\"url\":\"https:\/\/www.capgemini.com\/wp-content\/uploads\/2022\/03\/Capgemini_SAP-S4HANA-Cloud-for-automotive-suppliers.jpg\",\"contentUrl\":\"https:\/\/www.capgemini.com\/wp-content\/uploads\/2022\/03\/Capgemini_SAP-S4HANA-Cloud-for-automotive-suppliers.jpg\"},{\"@type\":\"BreadcrumbList\",\"@id\":\"https:\/\/www.capgemini.com\/mx-es\/solutions\/sap-s-4hana-cloud-para-proveedores-de-automocion\/#breadcrumb\",\"itemListElement\":[{\"@type\":\"ListItem\",\"position\":1,\"name\":\"Home\",\"item\":\"https:\/\/www.capgemini.com\/mx-es\/\"},{\"@type\":\"ListItem\",\"position\":2,\"name\":\"Solutions\",\"item\":\"https:\/\/www.capgemini.com\/mx-es\/solutions\/\"},{\"@type\":\"ListItem\",\"position\":3,\"name\":\"SAP S\/4HANA\u00ae cloud para proveedores de automoci\u00f3n\"}]},{\"@type\":\"WebSite\",\"@id\":\"https:\/\/www.capgemini.com\/mx-es\/#website\",\"url\":\"https:\/\/www.capgemini.com\/mx-es\/\",\"name\":\"Capgemini Mexico\",\"description\":\"Capgemini\",\"publisher\":{\"@id\":\"https:\/\/www.capgemini.com\/mx-es\/#organization\"},\"potentialAction\":[{\"@type\":\"SearchAction\",\"target\":{\"@type\":\"EntryPoint\",\"urlTemplate\":\"https:\/\/www.capgemini.com\/mx-es\/?s={search_term_string}\"},\"query-input\":\"required name=search_term_string\"}],\"inLanguage\":\"es-MX\"},{\"@type\":\"Organization\",\"@id\":\"https:\/\/www.capgemini.com\/mx-es\/#organization\",\"name\":\"Capgemini Mexico\",\"url\":\"https:\/\/www.capgemini.com\/mx-es\/\",\"logo\":{\"@type\":\"ImageObject\",\"inLanguage\":\"es-MX\",\"@id\":\"https:\/\/www.capgemini.com\/mx-es\/#\/schema\/logo\/image\/\",\"url\":\"https:\/\/www.capgemini.com\/mx-es\/wp-content\/uploads\/sites\/28\/2025\/07\/linkedin_mwo0q6.png\",\"contentUrl\":\"https:\/\/www.capgemini.com\/mx-es\/wp-content\/uploads\/sites\/28\/2025\/07\/linkedin_mwo0q6.png\",\"width\":800,\"height\":800,\"caption\":\"Capgemini Mexico\"},\"image\":{\"@id\":\"https:\/\/www.capgemini.com\/mx-es\/#\/schema\/logo\/image\/\"}}]}<\/script>\n<!-- \/ Yoast SEO Premium plugin. -->","yoast_head_json":{"title":"SAP S\/4HANA\u00ae Cloud para Proveedores de Automoci\u00f3n | Capgemini","description":"Una creciente necesidad de agilidad y rapidez.","robots":{"index":"index","follow":"follow","max-snippet":"max-snippet:-1","max-image-preview":"max-image-preview:large","max-video-preview":"max-video-preview:-1"},"canonical":"https:\/\/www.capgemini.com\/mx-es\/solutions\/sap-s-4hana-cloud-para-proveedores-de-automocion\/","og_locale":"es_MX","og_type":"article","og_title":"SAP S\/4HANA\u00ae cloud para proveedores de automoci\u00f3n","og_description":"Una creciente necesidad de agilidad y rapidez.","og_url":"https:\/\/www.capgemini.com\/mx-es\/solutions\/sap-s-4hana-cloud-para-proveedores-de-automocion\/","og_site_name":"Capgemini Mexico","article_modified_time":"2026-01-12T19:49:32+00:00","og_image":[{"url":"https:\/\/www.capgemini.com\/wp-content\/uploads\/2022\/03\/Capgemini_SAP-S4HANA-Cloud-for-automotive-suppliers.jpg"}],"twitter_card":"summary_large_image","twitter_misc":{"Est. reading time":"2 minutes"},"schema":{"@context":"https:\/\/schema.org","@graph":[{"@type":"WebPage","@id":"https:\/\/www.capgemini.com\/mx-es\/solutions\/sap-s-4hana-cloud-para-proveedores-de-automocion\/","url":"https:\/\/www.capgemini.com\/mx-es\/solutions\/sap-s-4hana-cloud-para-proveedores-de-automocion\/","name":"SAP S\/4HANA\u00ae Cloud para Proveedores de Automoci\u00f3n | Capgemini","isPartOf":{"@id":"https:\/\/www.capgemini.com\/mx-es\/#website"},"primaryImageOfPage":{"@id":"https:\/\/www.capgemini.com\/mx-es\/solutions\/sap-s-4hana-cloud-para-proveedores-de-automocion\/#primaryimage"},"image":{"@id":"https:\/\/www.capgemini.com\/mx-es\/solutions\/sap-s-4hana-cloud-para-proveedores-de-automocion\/#primaryimage"},"thumbnailUrl":"https:\/\/www.capgemini.com\/wp-content\/uploads\/2022\/03\/Capgemini_SAP-S4HANA-Cloud-for-automotive-suppliers.jpg","datePublished":"2022-12-16T07:20:22+00:00","dateModified":"2026-01-12T19:49:32+00:00","description":"Una creciente necesidad de agilidad y rapidez.","breadcrumb":{"@id":"https:\/\/www.capgemini.com\/mx-es\/solutions\/sap-s-4hana-cloud-para-proveedores-de-automocion\/#breadcrumb"},"inLanguage":"es-MX","potentialAction":[{"@type":"ReadAction","target":["https:\/\/www.capgemini.com\/mx-es\/solutions\/sap-s-4hana-cloud-para-proveedores-de-automocion\/"]}]},{"@type":"ImageObject","inLanguage":"es-MX","@id":"https:\/\/www.capgemini.com\/mx-es\/solutions\/sap-s-4hana-cloud-para-proveedores-de-automocion\/#primaryimage","url":"https:\/\/www.capgemini.com\/wp-content\/uploads\/2022\/03\/Capgemini_SAP-S4HANA-Cloud-for-automotive-suppliers.jpg","contentUrl":"https:\/\/www.capgemini.com\/wp-content\/uploads\/2022\/03\/Capgemini_SAP-S4HANA-Cloud-for-automotive-suppliers.jpg"},{"@type":"BreadcrumbList","@id":"https:\/\/www.capgemini.com\/mx-es\/solutions\/sap-s-4hana-cloud-para-proveedores-de-automocion\/#breadcrumb","itemListElement":[{"@type":"ListItem","position":1,"name":"Home","item":"https:\/\/www.capgemini.com\/mx-es\/"},{"@type":"ListItem","position":2,"name":"Solutions","item":"https:\/\/www.capgemini.com\/mx-es\/solutions\/"},{"@type":"ListItem","position":3,"name":"SAP S\/4HANA\u00ae cloud para proveedores de automoci\u00f3n"}]},{"@type":"WebSite","@id":"https:\/\/www.capgemini.com\/mx-es\/#website","url":"https:\/\/www.capgemini.com\/mx-es\/","name":"Capgemini Mexico","description":"Capgemini","publisher":{"@id":"https:\/\/www.capgemini.com\/mx-es\/#organization"},"potentialAction":[{"@type":"SearchAction","target":{"@type":"EntryPoint","urlTemplate":"https:\/\/www.capgemini.com\/mx-es\/?s={search_term_string}"},"query-input":"required name=search_term_string"}],"inLanguage":"es-MX"},{"@type":"Organization","@id":"https:\/\/www.capgemini.com\/mx-es\/#organization","name":"Capgemini Mexico","url":"https:\/\/www.capgemini.com\/mx-es\/","logo":{"@type":"ImageObject","inLanguage":"es-MX","@id":"https:\/\/www.capgemini.com\/mx-es\/#\/schema\/logo\/image\/","url":"https:\/\/www.capgemini.com\/mx-es\/wp-content\/uploads\/sites\/28\/2025\/07\/linkedin_mwo0q6.png","contentUrl":"https:\/\/www.capgemini.com\/mx-es\/wp-content\/uploads\/sites\/28\/2025\/07\/linkedin_mwo0q6.png","width":800,"height":800,"caption":"Capgemini Mexico"},"image":{"@id":"https:\/\/www.capgemini.com\/mx-es\/#\/schema\/logo\/image\/"}}]}},"brand_term":[],"parsely":{"version":"1.1.0","canonical_url":"https:\/\/capgemini.com\/mx-es\/solutions\/sap-s-4hana-cloud-para-proveedores-de-automocion\/","smart_links":{"inbound":0,"outbound":0},"traffic_boost_suggestions_count":0,"meta":{"@context":"https:\/\/schema.org","@type":"WebPage","headline":"SAP S\/4HANA\u00ae cloud para proveedores de automoci\u00f3n","url":"https:\/\/www.capgemini.com\/mx-es\/solutions\/sap-s-4hana-cloud-para-proveedores-de-automocion\/","mainEntityOfPage":{"@type":"WebPage","@id":"https:\/\/www.capgemini.com\/mx-es\/solutions\/sap-s-4hana-cloud-para-proveedores-de-automocion\/"},"thumbnailUrl":"","image":{"@type":"ImageObject","url":""},"articleSection":"Uncategorized","author":[],"creator":[],"publisher":{"@type":"Organization","name":"Capgemini Mexico","logo":""},"keywords":[],"dateCreated":"2022-12-16T07:20:22Z","datePublished":"2022-12-16T07:20:22Z","dateModified":"2026-01-12T19:49:32Z"},"rendered":"<meta name=\"parsely-title\" content=\"SAP S\/4HANA\u00ae cloud para proveedores de automoci\u00f3n\" \/>\n<meta name=\"parsely-link\" content=\"https:\/\/www.capgemini.com\/mx-es\/solutions\/sap-s-4hana-cloud-para-proveedores-de-automocion\/\" \/>\n<meta name=\"parsely-type\" content=\"index\" \/>\n<meta name=\"parsely-pub-date\" content=\"2022-12-16T07:20:22Z\" \/>\n<meta name=\"parsely-section\" content=\"Uncategorized\" \/>","tracker_url":"https:\/\/cdn.parsely.com\/keys\/capgemini.com\/p.js"},"archive_status":false,"featured_image_src":"https:\/\/www.capgemini.com\/mx-es\/wp-content\/themes\/capgemini2025\/assets\/images\/mockup.png","featured_image_alt":false,"jetpack_sharing_enabled":true,"distributor_meta":false,"distributor_terms":false,"distributor_media":false,"distributor_original_site_name":"Capgemini Mexico","distributor_original_site_url":"https:\/\/www.capgemini.com\/mx-es","push-errors":false,"_links":{"self":[{"href":"https:\/\/www.capgemini.com\/mx-es\/wp-json\/wp\/v2\/pages\/5518","targetHints":{"allow":["GET"]}}],"collection":[{"href":"https:\/\/www.capgemini.com\/mx-es\/wp-json\/wp\/v2\/pages"}],"about":[{"href":"https:\/\/www.capgemini.com\/mx-es\/wp-json\/wp\/v2\/types\/page"}],"author":[{"embeddable":true,"href":"https:\/\/www.capgemini.com\/mx-es\/wp-json\/wp\/v2\/users\/151"}],"replies":[{"embeddable":true,"href":"https:\/\/www.capgemini.com\/mx-es\/wp-json\/wp\/v2\/comments?post=5518"}],"version-history":[{"count":11,"href":"https:\/\/www.capgemini.com\/mx-es\/wp-json\/wp\/v2\/pages\/5518\/revisions"}],"predecessor-version":[{"id":557719,"href":"https:\/\/www.capgemini.com\/mx-es\/wp-json\/wp\/v2\/pages\/5518\/revisions\/557719"}],"up":[{"embeddable":true,"href":"https:\/\/www.capgemini.com\/mx-es\/wp-json\/wp\/v2\/pages\/5720"}],"wp:attachment":[{"href":"https:\/\/www.capgemini.com\/mx-es\/wp-json\/wp\/v2\/media?parent=5518"}],"wp:term":[{"taxonomy":"brand","embeddable":true,"href":"https:\/\/www.capgemini.com\/mx-es\/wp-json\/wp\/v2\/brand?post=5518"},{"taxonomy":"partner_type","embeddable":true,"href":"https:\/\/www.capgemini.com\/mx-es\/wp-json\/wp\/v2\/partner_type?post=5518"},{"taxonomy":"service","embeddable":true,"href":"https:\/\/www.capgemini.com\/mx-es\/wp-json\/wp\/v2\/service?post=5518"},{"taxonomy":"industry","embeddable":true,"href":"https:\/\/www.capgemini.com\/mx-es\/wp-json\/wp\/v2\/industry?post=5518"},{"taxonomy":"partners","embeddable":true,"href":"https:\/\/www.capgemini.com\/mx-es\/wp-json\/wp\/v2\/partners?post=5518"},{"taxonomy":"page-type","embeddable":true,"href":"https:\/\/www.capgemini.com\/mx-es\/wp-json\/wp\/v2\/page-type?post=5518"},{"taxonomy":"content-group","embeddable":true,"href":"https:\/\/www.capgemini.com\/mx-es\/wp-json\/wp\/v2\/content-group?post=5518"}],"curies":[{"name":"wp","href":"https:\/\/api.w.org\/{rel}","templated":true}]}}