{"id":5495,"date":"2023-01-10T05:29:51","date_gmt":"2023-01-10T05:29:51","guid":{"rendered":"https:\/\/www.capgemini.com\/?page_id=647831"},"modified":"2026-01-12T19:39:13","modified_gmt":"2026-01-12T19:39:13","slug":"internet-de-las-cosas-servicios-inteligentes","status":"publish","type":"page","link":"https:\/\/www.capgemini.com\/mx-es\/solutions\/internet-de-las-cosas-servicios-inteligentes\/","title":{"rendered":"Internet de las cosas \u2013 servicios inteligentes"},"content":{"rendered":"\n<header class=\"wp-block-cg-blocks-hero-reusable header heroReusable  \"><div class=\"header-bgs\"><picture><source srcset=\"https:\/\/www.capgemini.com\/wp-content\/uploads\/2022\/05\/Capgemini_Solutions_Internet-of-Things_Smart-Services.jpg?w=2880&amp;quality=70 1x, https:\/\/www.capgemini.com\/wp-content\/uploads\/2022\/05\/Capgemini_Solutions_Internet-of-Things_Smart-Services.jpg?w=2880&amp;quality=70 2x\" media=\"(min-width: 1500px)\"\/><source srcset=\"https:\/\/www.capgemini.com\/wp-content\/uploads\/2022\/05\/Capgemini_Solutions_Internet-of-Things_Smart-Services.jpg?w=1440&amp;quality=70 1x, https:\/\/www.capgemini.com\/wp-content\/uploads\/2022\/05\/Capgemini_Solutions_Internet-of-Things_Smart-Services.jpg?w=2880&amp;quality=70 2x\" media=\"(min-width: 992px)\"\/><source srcset=\"https:\/\/www.capgemini.com\/wp-content\/uploads\/2022\/05\/Capgemini_Solutions_Internet-of-Things_Smart-Services.jpg?w=1024&amp;quality=70 1x, https:\/\/www.capgemini.com\/wp-content\/uploads\/2022\/05\/Capgemini_Solutions_Internet-of-Things_Smart-Services.jpg?w=1024&amp;quality=70 2x\" media=\"(min-width: 768px)\"\/><source srcset=\"https:\/\/www.capgemini.com\/wp-content\/uploads\/2022\/05\/Capgemini_Solutions_Internet-of-Things_Smart-Services.jpg?w=768&amp;quality=70 1x, https:\/\/www.capgemini.com\/wp-content\/uploads\/2022\/05\/Capgemini_Solutions_Internet-of-Things_Smart-Services.jpg?w=768&amp;quality=70 2x\" media=\"(min-width: 0)\"\/><img decoding=\"async\" src=\"https:\/\/www.capgemini.com\/wp-content\/uploads\/2022\/05\/Capgemini_Solutions_Internet-of-Things_Smart-Services.jpg\" class=\"header-img header-img-d\" alt=\"\" style=\"object-fit:cover;object-position:48% 39%\" loading=\"eager\"\/><\/picture><\/div><div class=\"heroPictureCardHeaderShape\"><\/div><div class=\"container\"><div class=\"row\"><div class=\"col-md-12\"><div class=\"box\"><div class=\"boxTagWrapper\"><div class=\"tagInfo\"><div><span class=\"box-tag\">Solution<\/span><\/div><\/div><\/div><div class=\"box-title\"><h1 data-maxlength=\"34\">Internet de las cosas \u2013 servicios inteligentes<\/h1><\/div><div class=\"inner-row-insight download-btn\"><\/div><\/div><\/div><\/div><\/div><\/header>\n\n\n\n<section class=\"wp-block-cg-blocks-intro-para undefined section section--intro\"><div class=\"intro-para\"><div class=\"container\"><div class=\"row\"><div class=\"col-12 col-md-1\"><nav class=\"article-social\"><ul class=\"social-nav\"><li class=\"ip-order-fb\"><a href=\"https:\/\/www.facebook.com\/sharer\/sharer.php?u=https:\/\/www.capgemini.com\/mx-es\/solutions\/internet-de-las-cosas-servicios-inteligentes\/\" target=\"_blank\" rel=\"noopener noreferrer\" title=\"Abrir en una nueva ventana\"><i aria-hidden=\"true\" class=\"icon-fb\"><\/i><span class=\"sr-only\">Facebook<\/span><\/a><\/li><li class=\"ip-order-li\"><a href=\"https:\/\/www.linkedin.com\/sharing\/share-offsite\/?url=https:\/\/www.capgemini.com\/mx-es\/solutions\/internet-de-las-cosas-servicios-inteligentes\/\" target=\"_blank\" rel=\"noopener noreferrer\" title=\"Abrir en una nueva ventana\"><i aria-hidden=\"true\" class=\"icon-li\"><\/i><span class=\"sr-only\">Linkedin<\/span><\/a><\/li><\/ul><\/nav><\/div><div class=\"col-12 col-md-11 col-lg-10\"><h2 class=\"intro-para-title\">Descubra c\u00f3mo una plataforma abierta, escalable, segura y de extremo a extremo como XIoT de Capgemini admite nuevos servicios para empresas de servicios p\u00fablicos, industriales, manufactureras, automotrices, de transporte y de log\u00edstica.<\/h2><\/div><\/div><\/div><\/div><\/section>\n\n\n\n<section class=\"wp-block-cg-blocks-intro-para-video section section--info-2cols section--insights section-video \"><div class=\"bg-color video-align-left\"><div class=\"container\"><div class=\"row video-align-right\"><div class=\"col-md-12\"><div class=\"video-align-right row box box--4 box--mini\"><div class=\"col-md-1\"><\/div><div class=\"col-md-8 box-img-wrapper\"><div class=\"video-box\"><div class=\"video-wrapper\"><iframe title=\"video-section\" src=\"https:\/\/www.youtube.com\/embed\/uLDZBy_rAKU?rel=0&amp;modestbranding=1&amp;playsinline=1&amp;enablejsapi=1\" frameborder=\"0\" allow=\"accelerometer; autoplay; clipboard-write; encrypted-media; gyroscope; picture-in-picture\" allowfullscreen loading=\"lazy\" referrerpolicy=\"strict-origin-when-cross-origin\"><\/iframe><\/div><\/div><\/div><div class=\"col-md-3\"><h3 class=\"Video-title\" data-maxlength=\"34\">Conectando<\/h3><div class=\"video-info\"><p data-maxlength=\"68\">Nuestra plataforma Internet of Things XIoT<\/p><\/div><\/div><div class=\"col-md-1\"><\/div><\/div><\/div><\/div><\/div><\/div><\/section>\n\n\n\n<section class=\"wp-block-cg-blocks-group undefined section section--article-content\"><div class=\"article-main-content\"><div class=\"container\"><div class=\"row\"><div class=\"col-12 col-md-11 col-lg-10 offset-md-1 offset-lg-1\"><div class=\"article-text article-quote-text\">\n<h3 class=\"wp-block-heading\" id=\"h-conectando\">Conectando<\/h3>\n\n\n\n<p>Te conectamos hasta:<\/p>\n\n\n\n<ul class=\"wp-block-list\">\n<li>Mejora la supervisi\u00f3n y el mantenimiento de activos en empresas de servicios p\u00fablicos, industriales, de fabricaci\u00f3n, automotrices, de transporte y de log\u00edstica<\/li>\n\n\n\n<li>Proporciona nuevos servicios conectados e inteligentes para clientes residenciales, comerciales y empresariales<\/li>\n\n\n\n<li>Integra la fuerza laboral con operaciones de activos, servicios de campo y fabricaci\u00f3n.<\/li>\n<\/ul>\n\n\n\n<p>Muchas industrias se est\u00e1n alejando de los programas de mantenimiento relacionados con la edad y las inspecciones visuales hacia la administraci\u00f3n de redes IoT, el seguimiento remoto y el mantenimiento preventivo y predictivo. Las empresas tienen que adaptarse e innovar para garantizar que los activos y dispositivos necesarios est\u00e9n conectados de forma segura, as\u00ed como para dar sentido a las enormes cantidades de datos que producen. Y deben hacerlo de manera r\u00e1pida y rentable.<\/p>\n<\/div><\/div><\/div><\/div><\/div><\/section>\n\n\n\n<section class=\"wp-block-cg-blocks-column-text is-style-cg-sapphire2 column-text-block\"><div class=\"container\"><div class=\"row\"><div class=\"col-12\"><div class=\"column-text\"><h3 class=\"column-title caps-text\">ENFRENTAR LOS DESAF\u00cdOS EMPRESARIALES DE HOY<\/h3><p class=\"column-subtitle\">La plataforma de servicios inteligentes y XIoT de Capgemini aprovecha las tecnolog\u00edas IoT probadas de Capgemini e Intel, as\u00ed como nuestra amplia experiencia en los sectores de servicios p\u00fablicos, industrial, de fabricaci\u00f3n, automotriz, de transporte y de log\u00edstica. Estos servicios y la plataforma asociada permiten a las empresas implementar soluciones para cumplir con la m\u00e1s amplia gama de casos de uso a trav\u00e9s de tecnolog\u00edas de punta inteligentes, capacidades de comunicaciones abiertas de m\u00e1quina a m\u00e1quina y big data\/an\u00e1lisis.<\/p><div class=\"inner-column-text\"><div class=\"col-12 col-md-4 column-outer\"><div class=\"column-wrapper\"><h5 class=\"jest-column1text\">BENEFICIOS<br><br><br>Abierto: conecte cualquier dispositivo<br><br>Altamente escalable<br>Implementaci\u00f3n r\u00e1pida de dispositivos<br><br>An\u00e1lisis perimetral y en la nube<br><br>Seguridad avanzada a escala<br><br>Modelo as a service<\/h5><\/div><\/div><div class=\"col-12 col-md-4 column-outer\"><div class=\"column-wrapper\"><h5 class=\"jest-column2text\">SOLUCIONES<br><br>Monitoreo inteligente de activos<br><br>Mantenimiento predictivo de activos con Edge Compute<br><br>Gesti\u00f3n de energ\u00eda industrial y comercial<br><br>Supervisi\u00f3n y seguimiento integral de activos para log\u00edstica en Microsoft Azure<br><\/h5><\/div><\/div><div class=\"col-12 col-md-4 column-outer\"><div class=\"column-wrapper\"><h5 class=\"jest-column3text\"><br><br>Seguimiento y monitoreo integral de activos para log\u00edstica en la nube<br><br>Rob\u00f3tica as a service<br><br>Habilitaci\u00f3n de la subestaci\u00f3n inteligente<br><br>Gesti\u00f3n de red activa<\/h5><\/div><\/div><\/div><\/div><\/div><\/div><\/div><\/section>\n\n\n\n<section class=\"wp-block-cg-blocks-group undefined section section--article-content\"><div class=\"article-main-content\"><div class=\"container\"><div class=\"row\"><div class=\"col-12 col-md-11 col-lg-10 offset-md-1 offset-lg-1\"><div class=\"article-text article-quote-text\">\n<p>Tenemos una experiencia inigualable en las industrias de servicios p\u00fablicos, industrial, manufacturera, automotriz, de transporte y log\u00edstica, brindando soluciones espec\u00edficas de la industria y aprovechando nuestra experiencia en SMAC (Social, M\u00f3vil, An\u00e1lisis y Nube) para ayudar a una amplia variedad de empresas en todo el mundo a lograr resultados comerciales tangibles. Nuestro extenso historial de innovaci\u00f3n y entrega en estas industrias est\u00e1 respaldado por nuestra red integral de miles de consultores sectoriales dedicados.<\/p>\n<\/div><\/div><\/div><\/div><\/div><\/section>\n","protected":false},"excerpt":{"rendered":"","protected":false},"author":151,"featured_media":0,"parent":5720,"menu_order":0,"comment_status":"closed","ping_status":"closed","template":"","meta":{"cg_dt_proposed_to":[16],"cg_seo_hreflang_relations":"[]","cg_seo_canonical_relation":"","cg_seo_hreflang_x_default_relation":"{\"uuid\":\"99d14ed9-4ba0-4932-84a8-0562a55c019e\",\"blogId\":\"\",\"domain\":\"\",\"sitePath\":\"\",\"postLink\":\"\",\"postId\":null,\"isSaved\":false,\"isCrossLink\":false,\"hasCrossLink\":false}","cg_dt_approved_content":true,"cg_dt_mandatory_content":false,"cg_dt_notes":"","cg_dg_source_changed":true,"cg_dt_link_disabled":true,"_yoast_wpseo_primary_brand":"","footnotes":"","featured_focal_points":"","partner_card_description":"","gsap_animation":0},"brand":[],"partner_type":[],"service":[],"industry":[],"partners":[],"page-type":[167],"content-group":[],"class_list":["post-5495","page","type-page","status-publish","hentry","page-type-solutions"],"yoast_head":"<!-- This site is optimized with the Yoast SEO Premium plugin v22.8 (Yoast SEO v22.8) - https:\/\/yoast.com\/wordpress\/plugins\/seo\/ -->\n<title>Internet de las Cosas \u2013 Servicios Inteligentes | Capgemini<\/title>\n<meta name=\"description\" content=\"Nuestra plataforma Internet of Things XIoT es una plataforma abierta, escalable, segura y de extremo a extremo.\" \/>\n<meta name=\"robots\" content=\"index, follow, max-snippet:-1, max-image-preview:large, max-video-preview:-1\" \/>\n<link rel=\"canonical\" href=\"https:\/\/www.capgemini.com\/mx-es\/solutions\/internet-de-las-cosas-servicios-inteligentes\/\" \/>\n<meta property=\"og:locale\" content=\"es_MX\" \/>\n<meta property=\"og:type\" content=\"article\" \/>\n<meta property=\"og:title\" content=\"Internet de las cosas \u2013 servicios inteligentes\" \/>\n<meta property=\"og:description\" content=\"Nuestra plataforma Internet of Things XIoT es una plataforma abierta, escalable, segura y de extremo a extremo.\" \/>\n<meta property=\"og:url\" content=\"https:\/\/www.capgemini.com\/mx-es\/solutions\/internet-de-las-cosas-servicios-inteligentes\/\" \/>\n<meta property=\"og:site_name\" content=\"Capgemini Mexico\" \/>\n<meta property=\"article:modified_time\" content=\"2026-01-12T19:39:13+00:00\" \/>\n<meta property=\"og:image\" content=\"https:\/\/www.capgemini.com\/wp-content\/uploads\/2022\/05\/Capgemini_Solutions_Internet-of-Things_Smart-Services.jpg\" \/>\n<meta name=\"twitter:card\" content=\"summary_large_image\" \/>\n<meta name=\"twitter:label1\" content=\"Est. reading time\" \/>\n\t<meta name=\"twitter:data1\" content=\"3 minutes\" \/>\n<script type=\"application\/ld+json\" class=\"yoast-schema-graph\">{\"@context\":\"https:\/\/schema.org\",\"@graph\":[{\"@type\":\"WebPage\",\"@id\":\"https:\/\/www.capgemini.com\/mx-es\/solutions\/internet-de-las-cosas-servicios-inteligentes\/\",\"url\":\"https:\/\/www.capgemini.com\/mx-es\/solutions\/internet-de-las-cosas-servicios-inteligentes\/\",\"name\":\"Internet de las Cosas \u2013 Servicios Inteligentes | Capgemini\",\"isPartOf\":{\"@id\":\"https:\/\/www.capgemini.com\/mx-es\/#website\"},\"primaryImageOfPage\":{\"@id\":\"https:\/\/www.capgemini.com\/mx-es\/solutions\/internet-de-las-cosas-servicios-inteligentes\/#primaryimage\"},\"image\":{\"@id\":\"https:\/\/www.capgemini.com\/mx-es\/solutions\/internet-de-las-cosas-servicios-inteligentes\/#primaryimage\"},\"thumbnailUrl\":\"https:\/\/www.capgemini.com\/wp-content\/uploads\/2022\/05\/Capgemini_Solutions_Internet-of-Things_Smart-Services.jpg\",\"datePublished\":\"2023-01-10T05:29:51+00:00\",\"dateModified\":\"2026-01-12T19:39:13+00:00\",\"description\":\"Nuestra plataforma Internet of Things XIoT es una plataforma abierta, escalable, segura y de extremo a extremo.\",\"breadcrumb\":{\"@id\":\"https:\/\/www.capgemini.com\/mx-es\/solutions\/internet-de-las-cosas-servicios-inteligentes\/#breadcrumb\"},\"inLanguage\":\"es-MX\",\"potentialAction\":[{\"@type\":\"ReadAction\",\"target\":[\"https:\/\/www.capgemini.com\/mx-es\/solutions\/internet-de-las-cosas-servicios-inteligentes\/\"]}]},{\"@type\":\"ImageObject\",\"inLanguage\":\"es-MX\",\"@id\":\"https:\/\/www.capgemini.com\/mx-es\/solutions\/internet-de-las-cosas-servicios-inteligentes\/#primaryimage\",\"url\":\"https:\/\/www.capgemini.com\/wp-content\/uploads\/2022\/05\/Capgemini_Solutions_Internet-of-Things_Smart-Services.jpg\",\"contentUrl\":\"https:\/\/www.capgemini.com\/wp-content\/uploads\/2022\/05\/Capgemini_Solutions_Internet-of-Things_Smart-Services.jpg\"},{\"@type\":\"BreadcrumbList\",\"@id\":\"https:\/\/www.capgemini.com\/mx-es\/solutions\/internet-de-las-cosas-servicios-inteligentes\/#breadcrumb\",\"itemListElement\":[{\"@type\":\"ListItem\",\"position\":1,\"name\":\"Home\",\"item\":\"https:\/\/www.capgemini.com\/mx-es\/\"},{\"@type\":\"ListItem\",\"position\":2,\"name\":\"Solutions\",\"item\":\"https:\/\/www.capgemini.com\/mx-es\/solutions\/\"},{\"@type\":\"ListItem\",\"position\":3,\"name\":\"Internet de las cosas \u2013 servicios inteligentes\"}]},{\"@type\":\"WebSite\",\"@id\":\"https:\/\/www.capgemini.com\/mx-es\/#website\",\"url\":\"https:\/\/www.capgemini.com\/mx-es\/\",\"name\":\"Capgemini Mexico\",\"description\":\"Capgemini\",\"publisher\":{\"@id\":\"https:\/\/www.capgemini.com\/mx-es\/#organization\"},\"potentialAction\":[{\"@type\":\"SearchAction\",\"target\":{\"@type\":\"EntryPoint\",\"urlTemplate\":\"https:\/\/www.capgemini.com\/mx-es\/?s={search_term_string}\"},\"query-input\":\"required name=search_term_string\"}],\"inLanguage\":\"es-MX\"},{\"@type\":\"Organization\",\"@id\":\"https:\/\/www.capgemini.com\/mx-es\/#organization\",\"name\":\"Capgemini Mexico\",\"url\":\"https:\/\/www.capgemini.com\/mx-es\/\",\"logo\":{\"@type\":\"ImageObject\",\"inLanguage\":\"es-MX\",\"@id\":\"https:\/\/www.capgemini.com\/mx-es\/#\/schema\/logo\/image\/\",\"url\":\"https:\/\/www.capgemini.com\/mx-es\/wp-content\/uploads\/sites\/28\/2025\/07\/linkedin_mwo0q6.png\",\"contentUrl\":\"https:\/\/www.capgemini.com\/mx-es\/wp-content\/uploads\/sites\/28\/2025\/07\/linkedin_mwo0q6.png\",\"width\":800,\"height\":800,\"caption\":\"Capgemini Mexico\"},\"image\":{\"@id\":\"https:\/\/www.capgemini.com\/mx-es\/#\/schema\/logo\/image\/\"}}]}<\/script>\n<!-- \/ Yoast SEO Premium plugin. -->","yoast_head_json":{"title":"Internet de las Cosas \u2013 Servicios Inteligentes | Capgemini","description":"Nuestra plataforma Internet of Things XIoT es una plataforma abierta, escalable, segura y de extremo a extremo.","robots":{"index":"index","follow":"follow","max-snippet":"max-snippet:-1","max-image-preview":"max-image-preview:large","max-video-preview":"max-video-preview:-1"},"canonical":"https:\/\/www.capgemini.com\/mx-es\/solutions\/internet-de-las-cosas-servicios-inteligentes\/","og_locale":"es_MX","og_type":"article","og_title":"Internet de las cosas \u2013 servicios inteligentes","og_description":"Nuestra plataforma Internet of Things XIoT es una plataforma abierta, escalable, segura y de extremo a extremo.","og_url":"https:\/\/www.capgemini.com\/mx-es\/solutions\/internet-de-las-cosas-servicios-inteligentes\/","og_site_name":"Capgemini Mexico","article_modified_time":"2026-01-12T19:39:13+00:00","og_image":[{"url":"https:\/\/www.capgemini.com\/wp-content\/uploads\/2022\/05\/Capgemini_Solutions_Internet-of-Things_Smart-Services.jpg"}],"twitter_card":"summary_large_image","twitter_misc":{"Est. reading time":"3 minutes"},"schema":{"@context":"https:\/\/schema.org","@graph":[{"@type":"WebPage","@id":"https:\/\/www.capgemini.com\/mx-es\/solutions\/internet-de-las-cosas-servicios-inteligentes\/","url":"https:\/\/www.capgemini.com\/mx-es\/solutions\/internet-de-las-cosas-servicios-inteligentes\/","name":"Internet de las Cosas \u2013 Servicios Inteligentes | Capgemini","isPartOf":{"@id":"https:\/\/www.capgemini.com\/mx-es\/#website"},"primaryImageOfPage":{"@id":"https:\/\/www.capgemini.com\/mx-es\/solutions\/internet-de-las-cosas-servicios-inteligentes\/#primaryimage"},"image":{"@id":"https:\/\/www.capgemini.com\/mx-es\/solutions\/internet-de-las-cosas-servicios-inteligentes\/#primaryimage"},"thumbnailUrl":"https:\/\/www.capgemini.com\/wp-content\/uploads\/2022\/05\/Capgemini_Solutions_Internet-of-Things_Smart-Services.jpg","datePublished":"2023-01-10T05:29:51+00:00","dateModified":"2026-01-12T19:39:13+00:00","description":"Nuestra plataforma Internet of Things XIoT es una plataforma abierta, escalable, segura y de extremo a extremo.","breadcrumb":{"@id":"https:\/\/www.capgemini.com\/mx-es\/solutions\/internet-de-las-cosas-servicios-inteligentes\/#breadcrumb"},"inLanguage":"es-MX","potentialAction":[{"@type":"ReadAction","target":["https:\/\/www.capgemini.com\/mx-es\/solutions\/internet-de-las-cosas-servicios-inteligentes\/"]}]},{"@type":"ImageObject","inLanguage":"es-MX","@id":"https:\/\/www.capgemini.com\/mx-es\/solutions\/internet-de-las-cosas-servicios-inteligentes\/#primaryimage","url":"https:\/\/www.capgemini.com\/wp-content\/uploads\/2022\/05\/Capgemini_Solutions_Internet-of-Things_Smart-Services.jpg","contentUrl":"https:\/\/www.capgemini.com\/wp-content\/uploads\/2022\/05\/Capgemini_Solutions_Internet-of-Things_Smart-Services.jpg"},{"@type":"BreadcrumbList","@id":"https:\/\/www.capgemini.com\/mx-es\/solutions\/internet-de-las-cosas-servicios-inteligentes\/#breadcrumb","itemListElement":[{"@type":"ListItem","position":1,"name":"Home","item":"https:\/\/www.capgemini.com\/mx-es\/"},{"@type":"ListItem","position":2,"name":"Solutions","item":"https:\/\/www.capgemini.com\/mx-es\/solutions\/"},{"@type":"ListItem","position":3,"name":"Internet de las cosas \u2013 servicios inteligentes"}]},{"@type":"WebSite","@id":"https:\/\/www.capgemini.com\/mx-es\/#website","url":"https:\/\/www.capgemini.com\/mx-es\/","name":"Capgemini Mexico","description":"Capgemini","publisher":{"@id":"https:\/\/www.capgemini.com\/mx-es\/#organization"},"potentialAction":[{"@type":"SearchAction","target":{"@type":"EntryPoint","urlTemplate":"https:\/\/www.capgemini.com\/mx-es\/?s={search_term_string}"},"query-input":"required name=search_term_string"}],"inLanguage":"es-MX"},{"@type":"Organization","@id":"https:\/\/www.capgemini.com\/mx-es\/#organization","name":"Capgemini Mexico","url":"https:\/\/www.capgemini.com\/mx-es\/","logo":{"@type":"ImageObject","inLanguage":"es-MX","@id":"https:\/\/www.capgemini.com\/mx-es\/#\/schema\/logo\/image\/","url":"https:\/\/www.capgemini.com\/mx-es\/wp-content\/uploads\/sites\/28\/2025\/07\/linkedin_mwo0q6.png","contentUrl":"https:\/\/www.capgemini.com\/mx-es\/wp-content\/uploads\/sites\/28\/2025\/07\/linkedin_mwo0q6.png","width":800,"height":800,"caption":"Capgemini Mexico"},"image":{"@id":"https:\/\/www.capgemini.com\/mx-es\/#\/schema\/logo\/image\/"}}]}},"brand_term":[],"parsely":{"version":"1.1.0","canonical_url":"https:\/\/capgemini.com\/mx-es\/solutions\/internet-de-las-cosas-servicios-inteligentes\/","smart_links":{"inbound":0,"outbound":0},"traffic_boost_suggestions_count":0,"meta":{"@context":"https:\/\/schema.org","@type":"WebPage","headline":"Internet de las cosas \u2013 servicios inteligentes","url":"https:\/\/www.capgemini.com\/mx-es\/solutions\/internet-de-las-cosas-servicios-inteligentes\/","mainEntityOfPage":{"@type":"WebPage","@id":"https:\/\/www.capgemini.com\/mx-es\/solutions\/internet-de-las-cosas-servicios-inteligentes\/"},"thumbnailUrl":"","image":{"@type":"ImageObject","url":""},"articleSection":"Uncategorized","author":[],"creator":[],"publisher":{"@type":"Organization","name":"Capgemini Mexico","logo":""},"keywords":[],"dateCreated":"2023-01-10T05:29:51Z","datePublished":"2023-01-10T05:29:51Z","dateModified":"2026-01-12T19:39:13Z"},"rendered":"<meta name=\"parsely-title\" content=\"Internet de las cosas \u2013 servicios inteligentes\" \/>\n<meta name=\"parsely-link\" content=\"https:\/\/www.capgemini.com\/mx-es\/solutions\/internet-de-las-cosas-servicios-inteligentes\/\" \/>\n<meta name=\"parsely-type\" content=\"index\" \/>\n<meta name=\"parsely-pub-date\" content=\"2023-01-10T05:29:51Z\" \/>\n<meta name=\"parsely-section\" content=\"Uncategorized\" \/>","tracker_url":"https:\/\/cdn.parsely.com\/keys\/capgemini.com\/p.js"},"archive_status":false,"featured_image_src":"https:\/\/www.capgemini.com\/mx-es\/wp-content\/themes\/capgemini2025\/assets\/images\/mockup.png","featured_image_alt":false,"jetpack_sharing_enabled":true,"distributor_meta":false,"distributor_terms":false,"distributor_media":false,"distributor_original_site_name":"Capgemini Mexico","distributor_original_site_url":"https:\/\/www.capgemini.com\/mx-es","push-errors":false,"_links":{"self":[{"href":"https:\/\/www.capgemini.com\/mx-es\/wp-json\/wp\/v2\/pages\/5495","targetHints":{"allow":["GET"]}}],"collection":[{"href":"https:\/\/www.capgemini.com\/mx-es\/wp-json\/wp\/v2\/pages"}],"about":[{"href":"https:\/\/www.capgemini.com\/mx-es\/wp-json\/wp\/v2\/types\/page"}],"author":[{"embeddable":true,"href":"https:\/\/www.capgemini.com\/mx-es\/wp-json\/wp\/v2\/users\/151"}],"replies":[{"embeddable":true,"href":"https:\/\/www.capgemini.com\/mx-es\/wp-json\/wp\/v2\/comments?post=5495"}],"version-history":[{"count":9,"href":"https:\/\/www.capgemini.com\/mx-es\/wp-json\/wp\/v2\/pages\/5495\/revisions"}],"predecessor-version":[{"id":557697,"href":"https:\/\/www.capgemini.com\/mx-es\/wp-json\/wp\/v2\/pages\/5495\/revisions\/557697"}],"up":[{"embeddable":true,"href":"https:\/\/www.capgemini.com\/mx-es\/wp-json\/wp\/v2\/pages\/5720"}],"wp:attachment":[{"href":"https:\/\/www.capgemini.com\/mx-es\/wp-json\/wp\/v2\/media?parent=5495"}],"wp:term":[{"taxonomy":"brand","embeddable":true,"href":"https:\/\/www.capgemini.com\/mx-es\/wp-json\/wp\/v2\/brand?post=5495"},{"taxonomy":"partner_type","embeddable":true,"href":"https:\/\/www.capgemini.com\/mx-es\/wp-json\/wp\/v2\/partner_type?post=5495"},{"taxonomy":"service","embeddable":true,"href":"https:\/\/www.capgemini.com\/mx-es\/wp-json\/wp\/v2\/service?post=5495"},{"taxonomy":"industry","embeddable":true,"href":"https:\/\/www.capgemini.com\/mx-es\/wp-json\/wp\/v2\/industry?post=5495"},{"taxonomy":"partners","embeddable":true,"href":"https:\/\/www.capgemini.com\/mx-es\/wp-json\/wp\/v2\/partners?post=5495"},{"taxonomy":"page-type","embeddable":true,"href":"https:\/\/www.capgemini.com\/mx-es\/wp-json\/wp\/v2\/page-type?post=5495"},{"taxonomy":"content-group","embeddable":true,"href":"https:\/\/www.capgemini.com\/mx-es\/wp-json\/wp\/v2\/content-group?post=5495"}],"curies":[{"name":"wp","href":"https:\/\/api.w.org\/{rel}","templated":true}]}}