{"id":5465,"date":"2022-02-03T11:50:03","date_gmt":"2022-02-03T11:50:03","guid":{"rendered":"https:\/\/www.capgemini.com\/?page_id=648779"},"modified":"2025-04-03T15:37:29","modified_gmt":"2025-04-03T15:37:29","slug":"propuesta-de-comercio-conversacional","status":"publish","type":"page","link":"https:\/\/www.capgemini.com\/mx-es\/solutions\/propuesta-de-comercio-conversacional\/","title":{"rendered":"Propuesta de comercio conversacional"},"content":{"rendered":"\n<header class=\"wp-block-cg-blocks-hero-reusable header heroReusable  \"><div class=\"header-bgs\"><picture><source srcset=\"https:\/\/www.capgemini.com\/wp-content\/uploads\/2021\/10\/Capgemini_CRI_single-View-systems.jpg?w=2880&amp;quality=70 1x, https:\/\/www.capgemini.com\/wp-content\/uploads\/2021\/10\/Capgemini_CRI_single-View-systems.jpg?w=2880&amp;quality=70 2x\" media=\"(min-width: 1500px)\"\/><source srcset=\"https:\/\/www.capgemini.com\/wp-content\/uploads\/2021\/10\/Capgemini_CRI_single-View-systems.jpg?w=1440&amp;quality=70 1x, https:\/\/www.capgemini.com\/wp-content\/uploads\/2021\/10\/Capgemini_CRI_single-View-systems.jpg?w=2880&amp;quality=70 2x\" media=\"(min-width: 992px)\"\/><source srcset=\"https:\/\/www.capgemini.com\/wp-content\/uploads\/2021\/10\/Capgemini_CRI_single-View-systems.jpg?w=1024&amp;quality=70 1x, https:\/\/www.capgemini.com\/wp-content\/uploads\/2021\/10\/Capgemini_CRI_single-View-systems.jpg?w=1024&amp;quality=70 2x\" media=\"(min-width: 768px)\"\/><source srcset=\"https:\/\/www.capgemini.com\/wp-content\/uploads\/2021\/10\/Capgemini_CRI_single-View-systems.jpg?w=768&amp;quality=70 1x, https:\/\/www.capgemini.com\/wp-content\/uploads\/2021\/10\/Capgemini_CRI_single-View-systems.jpg?w=768&amp;quality=70 2x\" media=\"(min-width: 0)\"\/><img decoding=\"async\" src=\"https:\/\/www.capgemini.com\/wp-content\/uploads\/2021\/10\/Capgemini_CRI_single-View-systems.jpg\" class=\"header-img header-img-d\" alt=\"\" style=\"object-fit:cover;object-position:59% 39%\" loading=\"eager\"\/><\/picture><\/div><div class=\"heroPictureCardHeaderShape\"><\/div><div class=\"container\"><div class=\"row\"><div class=\"col-md-12\"><div class=\"box\"><div class=\"boxTagWrapper\"><div class=\"tagInfo\"><div><span class=\"box-tag\">Solution<\/span><\/div><\/div><\/div><div class=\"box-title\"><h1 data-maxlength=\"34\">Propuesta de comercio conversacional<\/h1><\/div><div class=\"inner-row-insight download-btn\"><\/div><\/div><\/div><\/div><\/div><\/header>\n\n\n\n<section class=\"wp-block-cg-blocks-intro-para undefined section section--intro\"><div class=\"intro-para\"><div class=\"container\"><div class=\"row\"><div class=\"col-12 col-md-1\"><nav class=\"article-social\"><ul class=\"social-nav\"><li class=\"ip-order-fb\"><a href=\"https:\/\/www.facebook.com\/sharer\/sharer.php?u=https:\/\/www.capgemini.com\/mx-es\/solutions\/propuesta-de-comercio-conversacional\/\" target=\"_blank\" rel=\"noopener noreferrer\" title=\"abrir en una nueva ventana\"><i aria-hidden=\"true\" class=\"icon-fb\"><\/i><span class=\"sr-only\">Facebook<\/span><\/a><\/li><li class=\"ip-order-li\"><a href=\"https:\/\/www.linkedin.com\/sharing\/share-offsite\/?url=https:\/\/www.capgemini.com\/mx-es\/solutions\/propuesta-de-comercio-conversacional\/\" target=\"_blank\" rel=\"noopener noreferrer\" title=\"abrir en una nueva ventana\"><i aria-hidden=\"true\" class=\"icon-li\"><\/i><span class=\"sr-only\">Linkedin<\/span><\/a><\/li><\/ul><\/nav><\/div><div class=\"col-12 col-md-11 col-lg-10\"><h2 class=\"intro-para-title\">El comercio conversacional revolucionar\u00e1 las industrias orientadas al consumidor de formas que no se hab\u00edan visto desde los albores del comercio electr\u00f3nico. <\/h2><p class=\"intro-para-content\">Esto es mucho m\u00e1s que una nueva interfaz o un canal adicional en el mundo omnicanal. Es una forma completamente nueva para que las marcas construyan relaciones de valor con los consumidores y una forma completamente nueva para que los consumidores interact\u00faen con las marcas.<\/p><\/div><\/div><\/div><\/div><\/section>\n\n\n\n<section class=\"wp-block-cg-blocks-group undefined section section--article-content\"><div class=\"article-main-content\"><div class=\"container\"><div class=\"row\"><div class=\"col-12 col-md-11 col-lg-10 offset-md-1 offset-lg-1\"><div class=\"article-text article-quote-text\">\n<h3 class=\"wp-block-heading\" id=\"h-aproveche-todo-el-potencial-del-comercio-conversacional\">Aproveche todo el potencial del comercio conversacional<\/h3>\n\n\n\n<p>El \u00faltimo a\u00f1o ha sido decisivo para el Comercio Conversacional. Si bien anteriormente se restring\u00eda a los chatbots a los que se acced\u00eda a trav\u00e9s de aplicaciones de mensajer\u00eda para realizar compras, la definici\u00f3n de comercio conversacional se ha ampliado significativamente con la llegada de los asistentes personales basados en la voz.<\/p>\n\n\n\n<p>Ahora que se estima que tendr\u00e1 un valor de hasta $ 35 mil millones para 2020 solo para los minoristas, ya no se trata de si desea competir en el comercio conversacional, sino de c\u00f3mo y cu\u00e1ndo.<\/p>\n\n\n\n<p>Los consumidores est\u00e1n listos y ansiosos por interactuar de esta manera: est\u00e1n listos para interactuar y compartir informaci\u00f3n con las marcas que les ofrecen valor a cambio.<\/p>\n\n\n\n<ul class=\"wp-block-list\">\n<li>El 51% de los consumidores ya son usuarios de asistentes de voz<\/li>\n\n\n\n<li>El 81% de estos usuarios interact\u00faa con asistentes de voz a trav\u00e9s de tel\u00e9fonos inteligentes<\/li>\n\n\n\n<li>El 82% ha utilizado asistentes de voz para buscar informaci\u00f3n<\/li>\n\n\n\n<li>El 35% ha comprado productos como comestibles, cuidado del hogar y ropa.<\/li>\n<\/ul>\n\n\n\n<p>Y nuestra investigaci\u00f3n nos dice que los consumidores votar\u00e1n con sus billeteras a favor de los asistentes de voz en lugar de otros canales: dentro de tres a\u00f1os, los usuarios activos de asistentes de voz esperan que el 18% de su gasto total se realice a trav\u00e9s del asistente de voz.<\/p>\n\n\n\n<p>Pero, \u00bfest\u00e1 listo para tranquilizar y entregar el valor esperado a sus consumidores?<\/p>\n\n\n\n<p>Para aprovechar todo el potencial de ser un l\u00edder en el comercio conversacional y construir las relaciones resultantes basadas en la confianza con los consumidores que son los primeros en adoptar, se necesitan m\u00e1s que inversiones t\u00e1cticas en tecnolog\u00edas. El comercio conversacional debe verse como una nueva l\u00ednea de negocios con impacto y creaci\u00f3n de valor en las tiendas, el comercio electr\u00f3nico, el marketing y la cadena de suministro. Exige que los minoristas y las marcas inventen por primera vez su voz f\u00edsica, aprendan a adquirir y captar clientes a trav\u00e9s de la voz, gestionen los datos y an\u00e1lisis relacionados, aprovechen tecnolog\u00edas avanzadas como la IA, investiguen c\u00f3mo incorporar la voz en sus tiendas, exploren el hardware. y soluciones de software, y m\u00e1s. El potencial es grande, pero se requiere un esfuerzo enfocado no solo para evolucionar la tecnolog\u00eda, sino tambi\u00e9n el negocio circundante.<\/p>\n\n\n\n<h2 class=\"wp-block-heading\" id=\"h-\"><\/h2>\n\n\n\n<h3 class=\"wp-block-heading\" id=\"h-como-puede-ayudar-capgemini\">\u00bfC\u00f3mo puede ayudar Capgemini?<\/h3>\n\n\n\n<p>Capgemini reconoce el valor del comercio conversacional para impulsar conexiones m\u00e1s profundas y humanas a escala. Tiene el potencial para un nivel diferente de relaci\u00f3n, compromiso y afiliaci\u00f3n a la marca. En lugar de ser una amenaza para los modelos operativos existentes, el comercio conversacional es una oportunidad para crear un nuevo valor para las industrias centradas en el consumidor. Lo ayudamos combinando capacidades de extremo a extremo en el comercio conversacional, con un enfoque que comienza de a poco, demuestra valor, luego escala la capacidad y se expande en oportunidades tangibles de crecimiento comercial.<\/p>\n\n\n\n<p>Cont\u00e1ctenos en dcx.global@capgemini.com.<\/p>\n<\/div><\/div><\/div><\/div><\/div><\/section>\n","protected":false},"excerpt":{"rendered":"","protected":false},"author":151,"featured_media":5466,"parent":5720,"menu_order":0,"comment_status":"closed","ping_status":"closed","template":"","meta":{"cg_dt_proposed_to":[16],"cg_seo_hreflang_relations":"[]","cg_seo_canonical_relation":"","cg_seo_hreflang_x_default_relation":"{\"uuid\":\"5a34e51b-4ed9-4fe5-b915-dbe7134e2801\",\"blogId\":\"\",\"domain\":\"\",\"sitePath\":\"\",\"postLink\":\"\",\"postId\":null,\"isSaved\":false,\"isCrossLink\":false,\"hasCrossLink\":false}","cg_dt_approved_content":true,"cg_dt_mandatory_content":false,"cg_dt_notes":"","cg_dg_source_changed":true,"cg_dt_link_disabled":true,"_yoast_wpseo_primary_brand":"","footnotes":"","featured_focal_points":"","partner_card_description":"","gsap_animation":0},"brand":[],"partner_type":[],"service":[],"industry":[],"partners":[],"page-type":[167],"content-group":[],"class_list":["post-5465","page","type-page","status-publish","has-post-thumbnail","hentry","page-type-solutions"],"yoast_head":"<!-- This site is optimized with the Yoast SEO Premium plugin v22.8 (Yoast SEO v22.8) - https:\/\/yoast.com\/wordpress\/plugins\/seo\/ -->\n<title>Propuesta de Comercio Conversacional | Capgemini<\/title>\n<meta name=\"description\" content=\"El comercio conversacional revolucionar\u00e1 las industrias orientadas al consumidor de formas que no se hab\u00edan visto\" \/>\n<meta name=\"robots\" content=\"index, follow, max-snippet:-1, max-image-preview:large, max-video-preview:-1\" \/>\n<link rel=\"canonical\" href=\"https:\/\/www.capgemini.com\/mx-es\/solutions\/propuesta-de-comercio-conversacional\/\" \/>\n<meta property=\"og:locale\" content=\"es_MX\" \/>\n<meta property=\"og:type\" content=\"article\" \/>\n<meta property=\"og:title\" content=\"Propuesta de comercio conversacional\" \/>\n<meta property=\"og:description\" content=\"El comercio conversacional revolucionar\u00e1 las industrias orientadas al consumidor de formas que no se hab\u00edan visto\" \/>\n<meta property=\"og:url\" content=\"https:\/\/www.capgemini.com\/mx-es\/solutions\/propuesta-de-comercio-conversacional\/\" \/>\n<meta property=\"og:site_name\" content=\"Capgemini Mexico\" \/>\n<meta property=\"article:modified_time\" content=\"2025-04-03T15:37:29+00:00\" \/>\n<meta property=\"og:image\" content=\"https:\/\/www.capgemini.com\/mx-es\/wp-content\/uploads\/sites\/28\/2022\/02\/18-01-04_conversational_commerce_ilustation_v12c-002.jpg\" \/>\n\t<meta property=\"og:image:width\" content=\"266\" \/>\n\t<meta property=\"og:image:height\" content=\"185\" \/>\n\t<meta property=\"og:image:type\" content=\"image\/jpeg\" \/>\n<meta name=\"twitter:card\" content=\"summary_large_image\" \/>\n<meta name=\"twitter:label1\" content=\"Est. reading time\" \/>\n\t<meta name=\"twitter:data1\" content=\"1 minute\" \/>\n<script type=\"application\/ld+json\" class=\"yoast-schema-graph\">{\"@context\":\"https:\/\/schema.org\",\"@graph\":[{\"@type\":\"WebPage\",\"@id\":\"https:\/\/www.capgemini.com\/mx-es\/solutions\/propuesta-de-comercio-conversacional\/\",\"url\":\"https:\/\/www.capgemini.com\/mx-es\/solutions\/propuesta-de-comercio-conversacional\/\",\"name\":\"Propuesta de Comercio Conversacional | Capgemini\",\"isPartOf\":{\"@id\":\"https:\/\/www.capgemini.com\/mx-es\/#website\"},\"primaryImageOfPage\":{\"@id\":\"https:\/\/www.capgemini.com\/mx-es\/solutions\/propuesta-de-comercio-conversacional\/#primaryimage\"},\"image\":{\"@id\":\"https:\/\/www.capgemini.com\/mx-es\/solutions\/propuesta-de-comercio-conversacional\/#primaryimage\"},\"thumbnailUrl\":\"https:\/\/www.capgemini.com\/mx-es\/wp-content\/uploads\/sites\/28\/2022\/02\/18-01-04_conversational_commerce_ilustation_v12c-002.jpg\",\"datePublished\":\"2022-02-03T11:50:03+00:00\",\"dateModified\":\"2025-04-03T15:37:29+00:00\",\"description\":\"El comercio conversacional revolucionar\u00e1 las industrias orientadas al consumidor de formas que no se hab\u00edan visto\",\"breadcrumb\":{\"@id\":\"https:\/\/www.capgemini.com\/mx-es\/solutions\/propuesta-de-comercio-conversacional\/#breadcrumb\"},\"inLanguage\":\"es-MX\",\"potentialAction\":[{\"@type\":\"ReadAction\",\"target\":[\"https:\/\/www.capgemini.com\/mx-es\/solutions\/propuesta-de-comercio-conversacional\/\"]}]},{\"@type\":\"ImageObject\",\"inLanguage\":\"es-MX\",\"@id\":\"https:\/\/www.capgemini.com\/mx-es\/solutions\/propuesta-de-comercio-conversacional\/#primaryimage\",\"url\":\"https:\/\/www.capgemini.com\/mx-es\/wp-content\/uploads\/sites\/28\/2022\/02\/18-01-04_conversational_commerce_ilustation_v12c-002.jpg\",\"contentUrl\":\"https:\/\/www.capgemini.com\/mx-es\/wp-content\/uploads\/sites\/28\/2022\/02\/18-01-04_conversational_commerce_ilustation_v12c-002.jpg\",\"width\":266,\"height\":185},{\"@type\":\"BreadcrumbList\",\"@id\":\"https:\/\/www.capgemini.com\/mx-es\/solutions\/propuesta-de-comercio-conversacional\/#breadcrumb\",\"itemListElement\":[{\"@type\":\"ListItem\",\"position\":1,\"name\":\"Home\",\"item\":\"https:\/\/www.capgemini.com\/mx-es\/\"},{\"@type\":\"ListItem\",\"position\":2,\"name\":\"Solutions\",\"item\":\"https:\/\/www.capgemini.com\/mx-es\/solutions\/\"},{\"@type\":\"ListItem\",\"position\":3,\"name\":\"Propuesta de comercio conversacional\"}]},{\"@type\":\"WebSite\",\"@id\":\"https:\/\/www.capgemini.com\/mx-es\/#website\",\"url\":\"https:\/\/www.capgemini.com\/mx-es\/\",\"name\":\"Capgemini Mexico\",\"description\":\"Capgemini\",\"publisher\":{\"@id\":\"https:\/\/www.capgemini.com\/mx-es\/#organization\"},\"potentialAction\":[{\"@type\":\"SearchAction\",\"target\":{\"@type\":\"EntryPoint\",\"urlTemplate\":\"https:\/\/www.capgemini.com\/mx-es\/?s={search_term_string}\"},\"query-input\":\"required name=search_term_string\"}],\"inLanguage\":\"es-MX\"},{\"@type\":\"Organization\",\"@id\":\"https:\/\/www.capgemini.com\/mx-es\/#organization\",\"name\":\"Capgemini Mexico\",\"url\":\"https:\/\/www.capgemini.com\/mx-es\/\",\"logo\":{\"@type\":\"ImageObject\",\"inLanguage\":\"es-MX\",\"@id\":\"https:\/\/www.capgemini.com\/mx-es\/#\/schema\/logo\/image\/\",\"url\":\"https:\/\/www.capgemini.com\/mx-es\/wp-content\/uploads\/sites\/28\/2025\/07\/linkedin_mwo0q6.png\",\"contentUrl\":\"https:\/\/www.capgemini.com\/mx-es\/wp-content\/uploads\/sites\/28\/2025\/07\/linkedin_mwo0q6.png\",\"width\":800,\"height\":800,\"caption\":\"Capgemini Mexico\"},\"image\":{\"@id\":\"https:\/\/www.capgemini.com\/mx-es\/#\/schema\/logo\/image\/\"}}]}<\/script>\n<!-- \/ Yoast SEO Premium plugin. -->","yoast_head_json":{"title":"Propuesta de Comercio Conversacional | Capgemini","description":"El comercio conversacional revolucionar\u00e1 las industrias orientadas al consumidor de formas que no se hab\u00edan visto","robots":{"index":"index","follow":"follow","max-snippet":"max-snippet:-1","max-image-preview":"max-image-preview:large","max-video-preview":"max-video-preview:-1"},"canonical":"https:\/\/www.capgemini.com\/mx-es\/solutions\/propuesta-de-comercio-conversacional\/","og_locale":"es_MX","og_type":"article","og_title":"Propuesta de comercio conversacional","og_description":"El comercio conversacional revolucionar\u00e1 las industrias orientadas al consumidor de formas que no se hab\u00edan visto","og_url":"https:\/\/www.capgemini.com\/mx-es\/solutions\/propuesta-de-comercio-conversacional\/","og_site_name":"Capgemini Mexico","article_modified_time":"2025-04-03T15:37:29+00:00","og_image":[{"width":266,"height":185,"url":"https:\/\/www.capgemini.com\/mx-es\/wp-content\/uploads\/sites\/28\/2022\/02\/18-01-04_conversational_commerce_ilustation_v12c-002.jpg","type":"image\/jpeg"}],"twitter_card":"summary_large_image","twitter_misc":{"Est. reading time":"1 minute"},"schema":{"@context":"https:\/\/schema.org","@graph":[{"@type":"WebPage","@id":"https:\/\/www.capgemini.com\/mx-es\/solutions\/propuesta-de-comercio-conversacional\/","url":"https:\/\/www.capgemini.com\/mx-es\/solutions\/propuesta-de-comercio-conversacional\/","name":"Propuesta de Comercio Conversacional | Capgemini","isPartOf":{"@id":"https:\/\/www.capgemini.com\/mx-es\/#website"},"primaryImageOfPage":{"@id":"https:\/\/www.capgemini.com\/mx-es\/solutions\/propuesta-de-comercio-conversacional\/#primaryimage"},"image":{"@id":"https:\/\/www.capgemini.com\/mx-es\/solutions\/propuesta-de-comercio-conversacional\/#primaryimage"},"thumbnailUrl":"https:\/\/www.capgemini.com\/mx-es\/wp-content\/uploads\/sites\/28\/2022\/02\/18-01-04_conversational_commerce_ilustation_v12c-002.jpg","datePublished":"2022-02-03T11:50:03+00:00","dateModified":"2025-04-03T15:37:29+00:00","description":"El comercio conversacional revolucionar\u00e1 las industrias orientadas al consumidor de formas que no se hab\u00edan visto","breadcrumb":{"@id":"https:\/\/www.capgemini.com\/mx-es\/solutions\/propuesta-de-comercio-conversacional\/#breadcrumb"},"inLanguage":"es-MX","potentialAction":[{"@type":"ReadAction","target":["https:\/\/www.capgemini.com\/mx-es\/solutions\/propuesta-de-comercio-conversacional\/"]}]},{"@type":"ImageObject","inLanguage":"es-MX","@id":"https:\/\/www.capgemini.com\/mx-es\/solutions\/propuesta-de-comercio-conversacional\/#primaryimage","url":"https:\/\/www.capgemini.com\/mx-es\/wp-content\/uploads\/sites\/28\/2022\/02\/18-01-04_conversational_commerce_ilustation_v12c-002.jpg","contentUrl":"https:\/\/www.capgemini.com\/mx-es\/wp-content\/uploads\/sites\/28\/2022\/02\/18-01-04_conversational_commerce_ilustation_v12c-002.jpg","width":266,"height":185},{"@type":"BreadcrumbList","@id":"https:\/\/www.capgemini.com\/mx-es\/solutions\/propuesta-de-comercio-conversacional\/#breadcrumb","itemListElement":[{"@type":"ListItem","position":1,"name":"Home","item":"https:\/\/www.capgemini.com\/mx-es\/"},{"@type":"ListItem","position":2,"name":"Solutions","item":"https:\/\/www.capgemini.com\/mx-es\/solutions\/"},{"@type":"ListItem","position":3,"name":"Propuesta de comercio conversacional"}]},{"@type":"WebSite","@id":"https:\/\/www.capgemini.com\/mx-es\/#website","url":"https:\/\/www.capgemini.com\/mx-es\/","name":"Capgemini Mexico","description":"Capgemini","publisher":{"@id":"https:\/\/www.capgemini.com\/mx-es\/#organization"},"potentialAction":[{"@type":"SearchAction","target":{"@type":"EntryPoint","urlTemplate":"https:\/\/www.capgemini.com\/mx-es\/?s={search_term_string}"},"query-input":"required name=search_term_string"}],"inLanguage":"es-MX"},{"@type":"Organization","@id":"https:\/\/www.capgemini.com\/mx-es\/#organization","name":"Capgemini Mexico","url":"https:\/\/www.capgemini.com\/mx-es\/","logo":{"@type":"ImageObject","inLanguage":"es-MX","@id":"https:\/\/www.capgemini.com\/mx-es\/#\/schema\/logo\/image\/","url":"https:\/\/www.capgemini.com\/mx-es\/wp-content\/uploads\/sites\/28\/2025\/07\/linkedin_mwo0q6.png","contentUrl":"https:\/\/www.capgemini.com\/mx-es\/wp-content\/uploads\/sites\/28\/2025\/07\/linkedin_mwo0q6.png","width":800,"height":800,"caption":"Capgemini Mexico"},"image":{"@id":"https:\/\/www.capgemini.com\/mx-es\/#\/schema\/logo\/image\/"}}]}},"brand_term":[],"parsely":{"version":"1.1.0","canonical_url":"https:\/\/capgemini.com\/mx-es\/solutions\/propuesta-de-comercio-conversacional\/","smart_links":{"inbound":0,"outbound":0},"traffic_boost_suggestions_count":0,"meta":{"@context":"https:\/\/schema.org","@type":"WebPage","headline":"Propuesta de comercio conversacional","url":"https:\/\/www.capgemini.com\/mx-es\/solutions\/propuesta-de-comercio-conversacional\/","mainEntityOfPage":{"@type":"WebPage","@id":"https:\/\/www.capgemini.com\/mx-es\/solutions\/propuesta-de-comercio-conversacional\/"},"thumbnailUrl":"https:\/\/www.capgemini.com\/mx-es\/wp-content\/uploads\/sites\/28\/2022\/02\/18-01-04_conversational_commerce_ilustation_v12c-002.jpg?w=150&h=150&crop=1","image":{"@type":"ImageObject","url":"https:\/\/www.capgemini.com\/mx-es\/wp-content\/uploads\/sites\/28\/2022\/02\/18-01-04_conversational_commerce_ilustation_v12c-002.jpg"},"articleSection":"Uncategorized","author":[],"creator":[],"publisher":{"@type":"Organization","name":"Capgemini Mexico","logo":""},"keywords":[],"dateCreated":"2022-02-03T11:50:03Z","datePublished":"2022-02-03T11:50:03Z","dateModified":"2025-04-03T15:37:29Z"},"rendered":"<meta name=\"parsely-title\" content=\"Propuesta de comercio conversacional\" \/>\n<meta name=\"parsely-link\" content=\"https:\/\/www.capgemini.com\/mx-es\/solutions\/propuesta-de-comercio-conversacional\/\" \/>\n<meta name=\"parsely-type\" content=\"index\" \/>\n<meta name=\"parsely-image-url\" content=\"https:\/\/www.capgemini.com\/mx-es\/wp-content\/uploads\/sites\/28\/2022\/02\/18-01-04_conversational_commerce_ilustation_v12c-002.jpg?w=150&amp;h=150&amp;crop=1\" \/>\n<meta name=\"parsely-pub-date\" content=\"2022-02-03T11:50:03Z\" \/>\n<meta name=\"parsely-section\" content=\"Uncategorized\" \/>","tracker_url":"https:\/\/cdn.parsely.com\/keys\/capgemini.com\/p.js"},"archive_status":false,"featured_image_src":"https:\/\/www.capgemini.com\/mx-es\/wp-content\/uploads\/sites\/28\/2022\/02\/18-01-04_conversational_commerce_ilustation_v12c-002.jpg","featured_image_alt":"","jetpack_sharing_enabled":true,"distributor_meta":false,"distributor_terms":false,"distributor_media":false,"distributor_original_site_name":"Capgemini Mexico","distributor_original_site_url":"https:\/\/www.capgemini.com\/mx-es","push-errors":false,"_links":{"self":[{"href":"https:\/\/www.capgemini.com\/mx-es\/wp-json\/wp\/v2\/pages\/5465","targetHints":{"allow":["GET"]}}],"collection":[{"href":"https:\/\/www.capgemini.com\/mx-es\/wp-json\/wp\/v2\/pages"}],"about":[{"href":"https:\/\/www.capgemini.com\/mx-es\/wp-json\/wp\/v2\/types\/page"}],"author":[{"embeddable":true,"href":"https:\/\/www.capgemini.com\/mx-es\/wp-json\/wp\/v2\/users\/151"}],"replies":[{"embeddable":true,"href":"https:\/\/www.capgemini.com\/mx-es\/wp-json\/wp\/v2\/comments?post=5465"}],"version-history":[{"count":6,"href":"https:\/\/www.capgemini.com\/mx-es\/wp-json\/wp\/v2\/pages\/5465\/revisions"}],"predecessor-version":[{"id":539334,"href":"https:\/\/www.capgemini.com\/mx-es\/wp-json\/wp\/v2\/pages\/5465\/revisions\/539334"}],"up":[{"embeddable":true,"href":"https:\/\/www.capgemini.com\/mx-es\/wp-json\/wp\/v2\/pages\/5720"}],"wp:featuredmedia":[{"embeddable":true,"href":"https:\/\/www.capgemini.com\/mx-es\/wp-json\/wp\/v2\/media\/5466"}],"wp:attachment":[{"href":"https:\/\/www.capgemini.com\/mx-es\/wp-json\/wp\/v2\/media?parent=5465"}],"wp:term":[{"taxonomy":"brand","embeddable":true,"href":"https:\/\/www.capgemini.com\/mx-es\/wp-json\/wp\/v2\/brand?post=5465"},{"taxonomy":"partner_type","embeddable":true,"href":"https:\/\/www.capgemini.com\/mx-es\/wp-json\/wp\/v2\/partner_type?post=5465"},{"taxonomy":"service","embeddable":true,"href":"https:\/\/www.capgemini.com\/mx-es\/wp-json\/wp\/v2\/service?post=5465"},{"taxonomy":"industry","embeddable":true,"href":"https:\/\/www.capgemini.com\/mx-es\/wp-json\/wp\/v2\/industry?post=5465"},{"taxonomy":"partners","embeddable":true,"href":"https:\/\/www.capgemini.com\/mx-es\/wp-json\/wp\/v2\/partners?post=5465"},{"taxonomy":"page-type","embeddable":true,"href":"https:\/\/www.capgemini.com\/mx-es\/wp-json\/wp\/v2\/page-type?post=5465"},{"taxonomy":"content-group","embeddable":true,"href":"https:\/\/www.capgemini.com\/mx-es\/wp-json\/wp\/v2\/content-group?post=5465"}],"curies":[{"name":"wp","href":"https:\/\/api.w.org\/{rel}","templated":true}]}}