{"id":5429,"date":"2022-03-17T05:37:21","date_gmt":"2022-03-17T05:37:21","guid":{"rendered":"https:\/\/www.capgemini.com\/?page_id=660568"},"modified":"2025-04-03T15:30:41","modified_gmt":"2025-04-03T15:30:41","slug":"redes-de-suministro-inteligentes","status":"publish","type":"page","link":"https:\/\/www.capgemini.com\/mx-es\/solutions\/redes-de-suministro-inteligentes\/","title":{"rendered":"Redes de suministro inteligentes"},"content":{"rendered":"\n<header class=\"wp-block-cg-blocks-hero-reusable header heroReusable  \"><div class=\"header-bgs\"><picture><source srcset=\"https:\/\/www.capgemini.com\/wp-content\/uploads\/2022\/04\/Capture-28.jpg?w=2880&amp;quality=70 1x, https:\/\/www.capgemini.com\/wp-content\/uploads\/2022\/04\/Capture-28.jpg?w=2880&amp;quality=70 2x\" media=\"(min-width: 1500px)\"\/><source srcset=\"https:\/\/www.capgemini.com\/wp-content\/uploads\/2022\/04\/Capture-28.jpg?w=1440&amp;quality=70 1x, https:\/\/www.capgemini.com\/wp-content\/uploads\/2022\/04\/Capture-28.jpg?w=2880&amp;quality=70 2x\" media=\"(min-width: 992px)\"\/><source srcset=\"https:\/\/www.capgemini.com\/wp-content\/uploads\/2022\/04\/Capture-28.jpg?w=1024&amp;quality=70 1x, https:\/\/www.capgemini.com\/wp-content\/uploads\/2022\/04\/Capture-28.jpg?w=1024&amp;quality=70 2x\" media=\"(min-width: 768px)\"\/><source srcset=\"https:\/\/www.capgemini.com\/wp-content\/uploads\/2022\/04\/Capture-28.jpg?w=768&amp;quality=70 1x, https:\/\/www.capgemini.com\/wp-content\/uploads\/2022\/04\/Capture-28.jpg?w=768&amp;quality=70 2x\" media=\"(min-width: 0)\"\/><img decoding=\"async\" src=\"https:\/\/www.capgemini.com\/wp-content\/uploads\/2022\/04\/Capture-28.jpg\" class=\"header-img header-img-d\" alt=\"\" style=\"object-fit:cover;object-position:50% 50%\" loading=\"eager\"\/><\/picture><\/div><div class=\"heroPictureCardHeaderShape\"><\/div><div class=\"container\"><div class=\"row\"><div class=\"col-md-12\"><div class=\"box\"><div class=\"boxTagWrapper\"><div class=\"tagInfo\"><div><span class=\"box-tag\">Solution<\/span><\/div><\/div><\/div><div class=\"box-title\"><h1 data-maxlength=\"34\">Redes de suministro inteligentes<\/h1><\/div><div class=\"inner-row-insight download-btn\"><div class=\"col-md-4 downloadFiles addPadding\"><a class=\"button-download--small\" type=\"download\" href=\"https:\/\/www.capgemini.com\/wp-content\/uploads\/2022\/04\/Intelligent_Supply_Networks_brochure-1.pdf\" target=\"_blank\" rel=\"noopener noreferrer\" title=\"abrir en una nueva ventana\"><span>Download Whitepaper<\/span><span class=\"type\">1 MB  pdf<\/span><\/a><\/div><\/div><\/div><\/div><\/div><\/div><\/header>\n\n\n\n<section class=\"wp-block-cg-blocks-intro-para undefined section section--intro\"><div class=\"intro-para\"><div class=\"container\"><div class=\"row\"><div class=\"col-12 col-md-1\"><nav class=\"article-social\"><ul class=\"social-nav\"><li class=\"ip-order-fb\"><a href=\"https:\/\/www.facebook.com\/sharer\/sharer.php?u=https:\/\/www.capgemini.com\/mx-es\/solutions\/redes-de-suministro-inteligentes\/\" target=\"_blank\" rel=\"noopener noreferrer\" title=\"abrir en una nueva ventana\"><i aria-hidden=\"true\" class=\"icon-fb\"><\/i><span class=\"sr-only\">Facebook<\/span><\/a><\/li><li class=\"ip-order-li\"><a href=\"https:\/\/www.linkedin.com\/sharing\/share-offsite\/?url=https:\/\/www.capgemini.com\/mx-es\/solutions\/redes-de-suministro-inteligentes\/\" target=\"_blank\" rel=\"noopener noreferrer\" title=\"abrir en una nueva ventana\"><i aria-hidden=\"true\" class=\"icon-li\"><\/i><span class=\"sr-only\">Linkedin<\/span><\/a><\/li><\/ul><\/nav><\/div><div class=\"col-12 col-md-11 col-lg-10\"><h2 class=\"intro-para-title\">La cadena de suministro secuencial est\u00e1 muerta. Bienvenido a Redes de Suministro Inteligentes<\/h2><\/div><\/div><\/div><\/div><\/section>\n\n\n\n<section class=\"wp-block-cg-blocks-group undefined section section--article-content\"><div class=\"article-main-content\"><div class=\"container\"><div class=\"row\"><div class=\"col-12 col-md-11 col-lg-10 offset-md-1 offset-lg-1\"><div class=\"article-text article-quote-text\">\n<p>Las redes de suministro inteligentes brindan a nuestros clientes la agilidad para moverse de manera r\u00e1pida e inteligente en un espacio m\u00e1s all\u00e1 de la cadena de suministro. All\u00ed, podemos trabajar juntos para inventar nuevos ecosistemas de suministro de valor para brindar servicios de pr\u00f3xima generaci\u00f3n a consumidores cada vez m\u00e1s inteligentes.<\/p>\n\n\n\n<p>Esto es posible porque las redes de suministro inteligentes operan sobre el hecho de que, en el mundo digital actual, la cadena de suministro ya no es una cadena de suministro en absoluto. Es un ecosistema de oferta y valor. Mientras que una cadena tiene que ver con la rigidez y la linealidad, la red de valor de suministro tiene que ver con la flexibilidad, la velocidad, la agilidad y la adaptabilidad.<\/p>\n\n\n\n<p>En este mundo digital en r\u00e1pida evoluci\u00f3n, el comportamiento del consumidor est\u00e1 cambiando r\u00e1pidamente. Los consumidores esperan personalizar productos y servicios, mientras realizan todo tipo de compras a trav\u00e9s de una variedad de canales innovadores, de manera r\u00e1pida y eficiente.<\/p>\n\n\n\n<p>Mientras tanto, la tecnolog\u00eda permite a las marcas involucrarse y empatizar con los consumidores individuales de manera inteligente. Utilizando datos e informaci\u00f3n de estas interacciones, las marcas est\u00e1n transformando las soluciones de abastecimiento, producci\u00f3n, personalizaci\u00f3n y entrega para cumplir y superar las expectativas de los consumidores.<\/p>\n\n\n\n<p>El viaje del consumidor es un camino cada vez m\u00e1s personalizado a trav\u00e9s de una red interconectada, donde los consumidores est\u00e1n en el centro y todos los dem\u00e1s aspectos del ecosistema est\u00e1n directamente conectados con ellos.<\/p>\n\n\n\n<p>Las redes de suministro inteligentes ayudan a las empresas de productos de consumo a reinventar sus cadenas de suministro como ecosistemas modernos de valor de suministro, caracterizados por la velocidad y la inteligencia, para satisfacer las demandas de los consumidores conectados de hoy.<\/p>\n\n\n\n<p>Intelligent Supply Networks ofrece a las empresas de productos de consumo una gama de capacidades para habilitar su red de valor de suministro:<\/p>\n\n\n\n<ul class=\"wp-block-list\">\n<li><strong>La planificaci\u00f3n comercial<\/strong> integrada permite a nuestros clientes lograr una revisi\u00f3n completa de su estrategia comercial y modelo operativo, pasando de una cadena lineal a un ecosistema conectado digitalmente que coloca a los consumidores firmemente en el centro. Hoy en d\u00eda, los modelos operativos digitales y la colaboraci\u00f3n con un socio de la cadena de suministro son ingredientes clave para ejecutar de manera eficiente los ecosistemas de suministro con niveles m\u00e1s altos de visibilidad y calidad.<\/li>\n\n\n\n<li><strong>La planificaci\u00f3n aut\u00f3noma conectada<\/strong> ajusta el funcionamiento de la fabricaci\u00f3n, el transporte, las compras y pr\u00e1cticamente todos los dem\u00e1s aspectos de la red de valor de suministro de forma aut\u00f3noma y sin contacto.<\/li>\n\n\n\n<li><strong>La fabricaci\u00f3n 4.0<\/strong> permite una visibilidad casi en tiempo real de las l\u00edneas de producci\u00f3n y todos los elementos relacionados con ellas, tal como se habilita a trav\u00e9s de la nube. Ayuda a construir f\u00e1bricas digitales capaces de monitorear y realizar actividades de mantenimiento y rendimiento aut\u00f3nomas.<\/li>\n\n\n\n<li><strong>Las torres de suministro cognitivas <\/strong>permiten una vista de 360 grados de la red de valor de suministro, proporcionando visibilidad en tiempo real de la red de suministro de extremo a extremo.<\/li>\n\n\n\n<li><strong>Operaciones integradas<\/strong> Libera a las empresas de productos de consumo para centrarse en CRECER. Sobresalir en las funciones que impulsan la satisfacci\u00f3n del cliente y el compromiso del consumidor. Eliminando desperdicios. Integraci\u00f3n de procesos, sistemas y datos internos y externos.<\/li>\n<\/ul>\n\n\n\n<p>Las redes de suministro inteligente abren un espectro completo de nuevos productos y servicios innovadores, cambiando el enfoque del dise\u00f1o de la cadena de suministro desde la reducci\u00f3n de costos y la optimizaci\u00f3n del servicio hasta la habilitaci\u00f3n de nuevos modelos comerciales.<\/p>\n\n\n\n<p><\/p>\n<\/div><\/div><\/div><\/div><\/div><\/section>\n","protected":false},"excerpt":{"rendered":"","protected":false},"author":151,"featured_media":5430,"parent":5720,"menu_order":0,"comment_status":"closed","ping_status":"closed","template":"","meta":{"cg_dt_proposed_to":[16],"cg_seo_hreflang_relations":"[]","cg_seo_canonical_relation":"","cg_seo_hreflang_x_default_relation":"{\"uuid\":\"ffb09e4d-c241-449f-8f1d-85f636503c57\",\"blogId\":\"\",\"domain\":\"\",\"sitePath\":\"\",\"postLink\":\"\",\"postId\":null,\"isSaved\":false,\"isCrossLink\":false,\"hasCrossLink\":false}","cg_dt_approved_content":true,"cg_dt_mandatory_content":false,"cg_dt_notes":"","cg_dg_source_changed":true,"cg_dt_link_disabled":true,"_yoast_wpseo_primary_brand":"","footnotes":"","featured_focal_points":"","partner_card_description":"","gsap_animation":0},"brand":[],"partner_type":[],"service":[],"industry":[],"partners":[],"page-type":[167],"content-group":[],"class_list":["post-5429","page","type-page","status-publish","has-post-thumbnail","hentry","page-type-solutions"],"yoast_head":"<!-- This site is optimized with the Yoast SEO Premium plugin v22.8 (Yoast SEO v22.8) - https:\/\/yoast.com\/wordpress\/plugins\/seo\/ -->\n<title>Redes de Suministro Inteligentes | Capgemini<\/title>\n<meta name=\"description\" content=\"Las redes de suministro inteligentes brindan a nuestros clientes la agilidad para moverse de manera r\u00e1pida e inteligente\" \/>\n<meta name=\"robots\" content=\"index, follow, max-snippet:-1, max-image-preview:large, max-video-preview:-1\" \/>\n<link rel=\"canonical\" href=\"https:\/\/www.capgemini.com\/mx-es\/solutions\/redes-de-suministro-inteligentes\/\" \/>\n<meta property=\"og:locale\" content=\"es_MX\" \/>\n<meta property=\"og:type\" content=\"article\" \/>\n<meta property=\"og:title\" content=\"Redes de suministro inteligentes\" \/>\n<meta property=\"og:description\" content=\"Las redes de suministro inteligentes brindan a nuestros clientes la agilidad para moverse de manera r\u00e1pida e inteligente\" \/>\n<meta property=\"og:url\" content=\"https:\/\/www.capgemini.com\/mx-es\/solutions\/redes-de-suministro-inteligentes\/\" \/>\n<meta property=\"og:site_name\" content=\"Capgemini Mexico\" \/>\n<meta property=\"article:modified_time\" content=\"2025-04-03T15:30:41+00:00\" \/>\n<meta property=\"og:image\" content=\"https:\/\/www.capgemini.com\/mx-es\/wp-content\/uploads\/sites\/28\/2022\/03\/Capture-1.jpg\" \/>\n\t<meta property=\"og:image:width\" content=\"1296\" \/>\n\t<meta property=\"og:image:height\" content=\"859\" \/>\n\t<meta property=\"og:image:type\" content=\"image\/jpeg\" \/>\n<meta name=\"twitter:card\" content=\"summary_large_image\" \/>\n<meta name=\"twitter:label1\" content=\"Est. reading time\" \/>\n\t<meta name=\"twitter:data1\" content=\"1 minute\" \/>\n<script type=\"application\/ld+json\" class=\"yoast-schema-graph\">{\"@context\":\"https:\/\/schema.org\",\"@graph\":[{\"@type\":\"WebPage\",\"@id\":\"https:\/\/www.capgemini.com\/mx-es\/solutions\/redes-de-suministro-inteligentes\/\",\"url\":\"https:\/\/www.capgemini.com\/mx-es\/solutions\/redes-de-suministro-inteligentes\/\",\"name\":\"Redes de Suministro Inteligentes | Capgemini\",\"isPartOf\":{\"@id\":\"https:\/\/www.capgemini.com\/mx-es\/#website\"},\"primaryImageOfPage\":{\"@id\":\"https:\/\/www.capgemini.com\/mx-es\/solutions\/redes-de-suministro-inteligentes\/#primaryimage\"},\"image\":{\"@id\":\"https:\/\/www.capgemini.com\/mx-es\/solutions\/redes-de-suministro-inteligentes\/#primaryimage\"},\"thumbnailUrl\":\"https:\/\/www.capgemini.com\/mx-es\/wp-content\/uploads\/sites\/28\/2022\/03\/Capture-1.jpg\",\"datePublished\":\"2022-03-17T05:37:21+00:00\",\"dateModified\":\"2025-04-03T15:30:41+00:00\",\"description\":\"Las redes de suministro inteligentes brindan a nuestros clientes la agilidad para moverse de manera r\u00e1pida e inteligente\",\"breadcrumb\":{\"@id\":\"https:\/\/www.capgemini.com\/mx-es\/solutions\/redes-de-suministro-inteligentes\/#breadcrumb\"},\"inLanguage\":\"es-MX\",\"potentialAction\":[{\"@type\":\"ReadAction\",\"target\":[\"https:\/\/www.capgemini.com\/mx-es\/solutions\/redes-de-suministro-inteligentes\/\"]}]},{\"@type\":\"ImageObject\",\"inLanguage\":\"es-MX\",\"@id\":\"https:\/\/www.capgemini.com\/mx-es\/solutions\/redes-de-suministro-inteligentes\/#primaryimage\",\"url\":\"https:\/\/www.capgemini.com\/mx-es\/wp-content\/uploads\/sites\/28\/2022\/03\/Capture-1.jpg\",\"contentUrl\":\"https:\/\/www.capgemini.com\/mx-es\/wp-content\/uploads\/sites\/28\/2022\/03\/Capture-1.jpg\",\"width\":1296,\"height\":859},{\"@type\":\"BreadcrumbList\",\"@id\":\"https:\/\/www.capgemini.com\/mx-es\/solutions\/redes-de-suministro-inteligentes\/#breadcrumb\",\"itemListElement\":[{\"@type\":\"ListItem\",\"position\":1,\"name\":\"Home\",\"item\":\"https:\/\/www.capgemini.com\/mx-es\/\"},{\"@type\":\"ListItem\",\"position\":2,\"name\":\"Solutions\",\"item\":\"https:\/\/www.capgemini.com\/mx-es\/solutions\/\"},{\"@type\":\"ListItem\",\"position\":3,\"name\":\"Redes de suministro inteligentes\"}]},{\"@type\":\"WebSite\",\"@id\":\"https:\/\/www.capgemini.com\/mx-es\/#website\",\"url\":\"https:\/\/www.capgemini.com\/mx-es\/\",\"name\":\"Capgemini Mexico\",\"description\":\"Capgemini\",\"publisher\":{\"@id\":\"https:\/\/www.capgemini.com\/mx-es\/#organization\"},\"potentialAction\":[{\"@type\":\"SearchAction\",\"target\":{\"@type\":\"EntryPoint\",\"urlTemplate\":\"https:\/\/www.capgemini.com\/mx-es\/?s={search_term_string}\"},\"query-input\":\"required name=search_term_string\"}],\"inLanguage\":\"es-MX\"},{\"@type\":\"Organization\",\"@id\":\"https:\/\/www.capgemini.com\/mx-es\/#organization\",\"name\":\"Capgemini Mexico\",\"url\":\"https:\/\/www.capgemini.com\/mx-es\/\",\"logo\":{\"@type\":\"ImageObject\",\"inLanguage\":\"es-MX\",\"@id\":\"https:\/\/www.capgemini.com\/mx-es\/#\/schema\/logo\/image\/\",\"url\":\"https:\/\/www.capgemini.com\/mx-es\/wp-content\/uploads\/sites\/28\/2025\/07\/linkedin_mwo0q6.png\",\"contentUrl\":\"https:\/\/www.capgemini.com\/mx-es\/wp-content\/uploads\/sites\/28\/2025\/07\/linkedin_mwo0q6.png\",\"width\":800,\"height\":800,\"caption\":\"Capgemini Mexico\"},\"image\":{\"@id\":\"https:\/\/www.capgemini.com\/mx-es\/#\/schema\/logo\/image\/\"}}]}<\/script>\n<!-- \/ Yoast SEO Premium plugin. -->","yoast_head_json":{"title":"Redes de Suministro Inteligentes | Capgemini","description":"Las redes de suministro inteligentes brindan a nuestros clientes la agilidad para moverse de manera r\u00e1pida e inteligente","robots":{"index":"index","follow":"follow","max-snippet":"max-snippet:-1","max-image-preview":"max-image-preview:large","max-video-preview":"max-video-preview:-1"},"canonical":"https:\/\/www.capgemini.com\/mx-es\/solutions\/redes-de-suministro-inteligentes\/","og_locale":"es_MX","og_type":"article","og_title":"Redes de suministro inteligentes","og_description":"Las redes de suministro inteligentes brindan a nuestros clientes la agilidad para moverse de manera r\u00e1pida e inteligente","og_url":"https:\/\/www.capgemini.com\/mx-es\/solutions\/redes-de-suministro-inteligentes\/","og_site_name":"Capgemini Mexico","article_modified_time":"2025-04-03T15:30:41+00:00","og_image":[{"width":1296,"height":859,"url":"https:\/\/www.capgemini.com\/mx-es\/wp-content\/uploads\/sites\/28\/2022\/03\/Capture-1.jpg","type":"image\/jpeg"}],"twitter_card":"summary_large_image","twitter_misc":{"Est. reading time":"1 minute"},"schema":{"@context":"https:\/\/schema.org","@graph":[{"@type":"WebPage","@id":"https:\/\/www.capgemini.com\/mx-es\/solutions\/redes-de-suministro-inteligentes\/","url":"https:\/\/www.capgemini.com\/mx-es\/solutions\/redes-de-suministro-inteligentes\/","name":"Redes de Suministro Inteligentes | Capgemini","isPartOf":{"@id":"https:\/\/www.capgemini.com\/mx-es\/#website"},"primaryImageOfPage":{"@id":"https:\/\/www.capgemini.com\/mx-es\/solutions\/redes-de-suministro-inteligentes\/#primaryimage"},"image":{"@id":"https:\/\/www.capgemini.com\/mx-es\/solutions\/redes-de-suministro-inteligentes\/#primaryimage"},"thumbnailUrl":"https:\/\/www.capgemini.com\/mx-es\/wp-content\/uploads\/sites\/28\/2022\/03\/Capture-1.jpg","datePublished":"2022-03-17T05:37:21+00:00","dateModified":"2025-04-03T15:30:41+00:00","description":"Las redes de suministro inteligentes brindan a nuestros clientes la agilidad para moverse de manera r\u00e1pida e inteligente","breadcrumb":{"@id":"https:\/\/www.capgemini.com\/mx-es\/solutions\/redes-de-suministro-inteligentes\/#breadcrumb"},"inLanguage":"es-MX","potentialAction":[{"@type":"ReadAction","target":["https:\/\/www.capgemini.com\/mx-es\/solutions\/redes-de-suministro-inteligentes\/"]}]},{"@type":"ImageObject","inLanguage":"es-MX","@id":"https:\/\/www.capgemini.com\/mx-es\/solutions\/redes-de-suministro-inteligentes\/#primaryimage","url":"https:\/\/www.capgemini.com\/mx-es\/wp-content\/uploads\/sites\/28\/2022\/03\/Capture-1.jpg","contentUrl":"https:\/\/www.capgemini.com\/mx-es\/wp-content\/uploads\/sites\/28\/2022\/03\/Capture-1.jpg","width":1296,"height":859},{"@type":"BreadcrumbList","@id":"https:\/\/www.capgemini.com\/mx-es\/solutions\/redes-de-suministro-inteligentes\/#breadcrumb","itemListElement":[{"@type":"ListItem","position":1,"name":"Home","item":"https:\/\/www.capgemini.com\/mx-es\/"},{"@type":"ListItem","position":2,"name":"Solutions","item":"https:\/\/www.capgemini.com\/mx-es\/solutions\/"},{"@type":"ListItem","position":3,"name":"Redes de suministro inteligentes"}]},{"@type":"WebSite","@id":"https:\/\/www.capgemini.com\/mx-es\/#website","url":"https:\/\/www.capgemini.com\/mx-es\/","name":"Capgemini Mexico","description":"Capgemini","publisher":{"@id":"https:\/\/www.capgemini.com\/mx-es\/#organization"},"potentialAction":[{"@type":"SearchAction","target":{"@type":"EntryPoint","urlTemplate":"https:\/\/www.capgemini.com\/mx-es\/?s={search_term_string}"},"query-input":"required name=search_term_string"}],"inLanguage":"es-MX"},{"@type":"Organization","@id":"https:\/\/www.capgemini.com\/mx-es\/#organization","name":"Capgemini Mexico","url":"https:\/\/www.capgemini.com\/mx-es\/","logo":{"@type":"ImageObject","inLanguage":"es-MX","@id":"https:\/\/www.capgemini.com\/mx-es\/#\/schema\/logo\/image\/","url":"https:\/\/www.capgemini.com\/mx-es\/wp-content\/uploads\/sites\/28\/2025\/07\/linkedin_mwo0q6.png","contentUrl":"https:\/\/www.capgemini.com\/mx-es\/wp-content\/uploads\/sites\/28\/2025\/07\/linkedin_mwo0q6.png","width":800,"height":800,"caption":"Capgemini Mexico"},"image":{"@id":"https:\/\/www.capgemini.com\/mx-es\/#\/schema\/logo\/image\/"}}]}},"brand_term":[],"parsely":{"version":"1.1.0","canonical_url":"https:\/\/capgemini.com\/mx-es\/solutions\/redes-de-suministro-inteligentes\/","smart_links":{"inbound":0,"outbound":0},"traffic_boost_suggestions_count":0,"meta":{"@context":"https:\/\/schema.org","@type":"WebPage","headline":"Redes de suministro inteligentes","url":"https:\/\/www.capgemini.com\/mx-es\/solutions\/redes-de-suministro-inteligentes\/","mainEntityOfPage":{"@type":"WebPage","@id":"https:\/\/www.capgemini.com\/mx-es\/solutions\/redes-de-suministro-inteligentes\/"},"thumbnailUrl":"https:\/\/www.capgemini.com\/mx-es\/wp-content\/uploads\/sites\/28\/2022\/03\/Capture-1.jpg?w=150&h=150&crop=1","image":{"@type":"ImageObject","url":"https:\/\/www.capgemini.com\/mx-es\/wp-content\/uploads\/sites\/28\/2022\/03\/Capture-1.jpg"},"articleSection":"Uncategorized","author":[],"creator":[],"publisher":{"@type":"Organization","name":"Capgemini Mexico","logo":""},"keywords":[],"dateCreated":"2022-03-17T05:37:21Z","datePublished":"2022-03-17T05:37:21Z","dateModified":"2025-04-03T15:30:41Z"},"rendered":"<meta name=\"parsely-title\" content=\"Redes de suministro inteligentes\" \/>\n<meta name=\"parsely-link\" content=\"https:\/\/www.capgemini.com\/mx-es\/solutions\/redes-de-suministro-inteligentes\/\" \/>\n<meta name=\"parsely-type\" content=\"index\" \/>\n<meta name=\"parsely-image-url\" content=\"https:\/\/www.capgemini.com\/mx-es\/wp-content\/uploads\/sites\/28\/2022\/03\/Capture-1.jpg?w=150&amp;h=150&amp;crop=1\" \/>\n<meta name=\"parsely-pub-date\" content=\"2022-03-17T05:37:21Z\" \/>\n<meta name=\"parsely-section\" content=\"Uncategorized\" \/>","tracker_url":"https:\/\/cdn.parsely.com\/keys\/capgemini.com\/p.js"},"archive_status":false,"featured_image_src":"https:\/\/www.capgemini.com\/mx-es\/wp-content\/uploads\/sites\/28\/2022\/03\/Capture-1.jpg","featured_image_alt":"","jetpack_sharing_enabled":true,"distributor_meta":false,"distributor_terms":false,"distributor_media":false,"distributor_original_site_name":"Capgemini Mexico","distributor_original_site_url":"https:\/\/www.capgemini.com\/mx-es","push-errors":false,"_links":{"self":[{"href":"https:\/\/www.capgemini.com\/mx-es\/wp-json\/wp\/v2\/pages\/5429","targetHints":{"allow":["GET"]}}],"collection":[{"href":"https:\/\/www.capgemini.com\/mx-es\/wp-json\/wp\/v2\/pages"}],"about":[{"href":"https:\/\/www.capgemini.com\/mx-es\/wp-json\/wp\/v2\/types\/page"}],"author":[{"embeddable":true,"href":"https:\/\/www.capgemini.com\/mx-es\/wp-json\/wp\/v2\/users\/151"}],"replies":[{"embeddable":true,"href":"https:\/\/www.capgemini.com\/mx-es\/wp-json\/wp\/v2\/comments?post=5429"}],"version-history":[{"count":5,"href":"https:\/\/www.capgemini.com\/mx-es\/wp-json\/wp\/v2\/pages\/5429\/revisions"}],"predecessor-version":[{"id":539320,"href":"https:\/\/www.capgemini.com\/mx-es\/wp-json\/wp\/v2\/pages\/5429\/revisions\/539320"}],"up":[{"embeddable":true,"href":"https:\/\/www.capgemini.com\/mx-es\/wp-json\/wp\/v2\/pages\/5720"}],"wp:featuredmedia":[{"embeddable":true,"href":"https:\/\/www.capgemini.com\/mx-es\/wp-json\/wp\/v2\/media\/5430"}],"wp:attachment":[{"href":"https:\/\/www.capgemini.com\/mx-es\/wp-json\/wp\/v2\/media?parent=5429"}],"wp:term":[{"taxonomy":"brand","embeddable":true,"href":"https:\/\/www.capgemini.com\/mx-es\/wp-json\/wp\/v2\/brand?post=5429"},{"taxonomy":"partner_type","embeddable":true,"href":"https:\/\/www.capgemini.com\/mx-es\/wp-json\/wp\/v2\/partner_type?post=5429"},{"taxonomy":"service","embeddable":true,"href":"https:\/\/www.capgemini.com\/mx-es\/wp-json\/wp\/v2\/service?post=5429"},{"taxonomy":"industry","embeddable":true,"href":"https:\/\/www.capgemini.com\/mx-es\/wp-json\/wp\/v2\/industry?post=5429"},{"taxonomy":"partners","embeddable":true,"href":"https:\/\/www.capgemini.com\/mx-es\/wp-json\/wp\/v2\/partners?post=5429"},{"taxonomy":"page-type","embeddable":true,"href":"https:\/\/www.capgemini.com\/mx-es\/wp-json\/wp\/v2\/page-type?post=5429"},{"taxonomy":"content-group","embeddable":true,"href":"https:\/\/www.capgemini.com\/mx-es\/wp-json\/wp\/v2\/content-group?post=5429"}],"curies":[{"name":"wp","href":"https:\/\/api.w.org\/{rel}","templated":true}]}}