{"id":5423,"date":"2022-03-17T11:35:12","date_gmt":"2022-03-17T10:35:12","guid":{"rendered":"https:\/\/www.capgemini.com\/?page_id=660854"},"modified":"2026-01-12T20:24:27","modified_gmt":"2026-01-12T20:24:27","slug":"cornershop","status":"publish","type":"page","link":"https:\/\/www.capgemini.com\/mx-es\/solutions\/cornershop\/","title":{"rendered":"Cornershop, la tienda del ma\u00f1ana"},"content":{"rendered":"\n<header class=\"wp-block-cg-blocks-hero-reusable header heroReusable  \"><div class=\"header-bgs\"><picture><source srcset=\"https:\/\/www.capgemini.com\/wp-content\/uploads\/2021\/09\/Cornershop_2020-10-05_4K_v2_0004_closed-1-1.jpg?w=2880&amp;quality=70 1x, https:\/\/www.capgemini.com\/wp-content\/uploads\/2021\/09\/Cornershop_2020-10-05_4K_v2_0004_closed-1-1.jpg?w=2880&amp;quality=70 2x\" media=\"(min-width: 1500px)\"\/><source srcset=\"https:\/\/www.capgemini.com\/wp-content\/uploads\/2021\/09\/Cornershop_2020-10-05_4K_v2_0004_closed-1-1.jpg?w=1440&amp;quality=70 1x, https:\/\/www.capgemini.com\/wp-content\/uploads\/2021\/09\/Cornershop_2020-10-05_4K_v2_0004_closed-1-1.jpg?w=2880&amp;quality=70 2x\" media=\"(min-width: 992px)\"\/><source srcset=\"https:\/\/www.capgemini.com\/wp-content\/uploads\/2021\/09\/Cornershop_2020-10-05_4K_v2_0004_closed-1-1.jpg?w=1024&amp;quality=70 1x, https:\/\/www.capgemini.com\/wp-content\/uploads\/2021\/09\/Cornershop_2020-10-05_4K_v2_0004_closed-1-1.jpg?w=1024&amp;quality=70 2x\" media=\"(min-width: 768px)\"\/><source srcset=\"https:\/\/www.capgemini.com\/wp-content\/uploads\/2021\/09\/Cornershop_2020-10-05_4K_v2_0004_closed-1-1.jpg?w=768&amp;quality=70 1x, https:\/\/www.capgemini.com\/wp-content\/uploads\/2021\/09\/Cornershop_2020-10-05_4K_v2_0004_closed-1-1.jpg?w=768&amp;quality=70 2x\" media=\"(min-width: 0)\"\/><img decoding=\"async\" src=\"https:\/\/www.capgemini.com\/wp-content\/uploads\/2021\/09\/Cornershop_2020-10-05_4K_v2_0004_closed-1-1.jpg\" class=\"header-img header-img-d\" alt=\"\" style=\"object-fit:cover;object-position:50% 50%\" loading=\"eager\"\/><\/picture><\/div><div class=\"heroPictureCardHeaderShape\"><\/div><div class=\"container\"><div class=\"row\"><div class=\"col-md-12\"><div class=\"box\"><div class=\"boxTagWrapper\"><div class=\"tagInfo\"><div><span class=\"box-tag\">Solution<\/span><\/div><\/div><\/div><div class=\"box-title\"><h1 data-maxlength=\"34\">Cornershop, la tienda del ma\u00f1ana<\/h1><\/div><div class=\"inner-row-insight download-btn\"><\/div><\/div><\/div><\/div><\/div><\/header>\n\n\n\n<section class=\"wp-block-cg-blocks-intro-para undefined section section--intro\"><div class=\"intro-para\"><div class=\"container\"><div class=\"row\"><div class=\"col-12 col-md-1\"><nav class=\"article-social\"><ul class=\"social-nav\"><li class=\"ip-order-fb\"><a href=\"https:\/\/www.facebook.com\/sharer\/sharer.php?u=https:\/\/www.capgemini.com\/mx-es\/solutions\/cornershop\/\" target=\"_blank\" rel=\"noopener noreferrer\" title=\"Abrir en una nueva ventana\"><i aria-hidden=\"true\" class=\"icon-fb\"><\/i><span class=\"sr-only\">Facebook<\/span><\/a><\/li><li class=\"ip-order-li\"><a href=\"https:\/\/www.linkedin.com\/sharing\/share-offsite\/?url=https:\/\/www.capgemini.com\/mx-es\/solutions\/cornershop\/\" target=\"_blank\" rel=\"noopener noreferrer\" title=\"Abrir en una nueva ventana\"><i aria-hidden=\"true\" class=\"icon-li\"><\/i><span class=\"sr-only\">Linkedin<\/span><\/a><\/li><\/ul><\/nav><\/div><div class=\"col-12 col-md-11 col-lg-10\"><h2 class=\"intro-para-title\">Capgemini, The Drum y SharpEnd han creado CornerShop, una tienda en Londres en la que transformamos la experiencia del cliente en las compras para dar vida a la tienda del futuro.<\/h2><\/div><\/div><\/div><\/div><\/section>\n\n\n\n<section class=\"wp-block-cg-blocks-group undefined section section--article-content\"><div class=\"article-main-content\"><div class=\"container\"><div class=\"row\"><div class=\"col-12 col-md-11 col-lg-10 offset-md-1 offset-lg-1\"><div class=\"article-text article-quote-text\">\n<p class=\"has-text-align-center\"><strong><strong>Puedes visitar CornerShop<\/strong>.<br>25-27 Curtain Road, Londres, EC2A 3LT<br><\/strong>Abierto <strong>de lunes a viernes de 8:30 a 15:30<\/strong><\/p>\n\n\n\n<p>Este nuevo enfoque, inspirado en la tradicional \u00abtienda de barrio\u00bb brit\u00e1nica, ayudar\u00e1 a minoristas y marcas a entender c\u00f3mo la innovaci\u00f3n digital ofrece nuevas formas de mejorar la experiencia del cliente, optimizar las operaciones en la tienda y permitir a los consumidores redescubrir el placer de la compra en persona, a trav\u00e9s de nuevas y emocionantes opciones para interactuar y comprar.<\/p>\n<\/div><\/div><\/div><\/div><\/div><\/section>\n\n\n\n<section class=\"wp-block-cg-blocks-intro-para-video is-style-cg-sapphire1 section section--info-2cols section--insights section-video \"><div class=\"bg-color video-align-right\"><div class=\"container\"><div class=\"row video-align-left\"><div class=\"col-md-12\"><div class=\"video-align-left row box box--4 box--mini\"><div class=\"col-md-3\"><h3 class=\"Video-title\" data-maxlength=\"34\">CornerShop \u2013 la tienda del ma\u00f1ana<\/h3><div class=\"video-info\"><p data-maxlength=\"68\"><\/p><\/div><\/div><div class=\"col-md-8 box-img-wrapper\"><div class=\"video-box\"><div class=\"video-wrapper\"><iframe title=\"video-section\" src=\"https:\/\/www.youtube.com\/embed\/YWc9Pp7vW8U?rel=0&amp;modestbranding=1&amp;playsinline=1&amp;enablejsapi=1\" frameborder=\"0\" allow=\"accelerometer; autoplay; clipboard-write; encrypted-media; gyroscope; picture-in-picture\" allowfullscreen loading=\"lazy\" referrerpolicy=\"strict-origin-when-cross-origin\"><\/iframe><\/div><\/div><\/div><div class=\"col-md-1\"><\/div><\/div><\/div><\/div><\/div><\/div><\/section>\n\n\n\n<section class=\"wp-block-cg-blocks-group undefined section section--article-content\"><div class=\"article-main-content\"><div class=\"container\"><div class=\"row\"><div class=\"col-12 col-md-11 col-lg-10 offset-md-1 offset-lg-1\"><div class=\"article-text article-quote-text\">\n<p>CornerShop se divide en <strong>cuatro secciones<\/strong>, cada una de las cuales explora aspectos fundamentales de la experiencia de compra: la tienda automatizada, la tienda aumentada, la tienda con prop\u00f3sito y la tienda personalizada. Todo lo que se expone en CornerShop, desde los productos de la vida real, las \u00faltimas tecnolog\u00edas y experiencias personalizadas, se ha elaborado a partir de la informaci\u00f3n obtenida de una profunda investigaci\u00f3n global y del an\u00e1lisis de datos, as\u00ed como de la experiencia real de Capgemini al abordar los retos a los que se enfrentan los clientes y sus consumidores cada d\u00eda. CornerShop seguir\u00e1 evolucionando e introduciendo m\u00e1s conceptos tecnol\u00f3gicos innovadores para adaptarse a las necesidades emergentes de los minoristas y las marcas.<\/p>\n\n\n\n<div style=\"height:34px\" aria-hidden=\"true\" class=\"wp-block-spacer\"><\/div>\n\n\n\n<h3 class=\"wp-block-heading\" id=\"h-una-nueva-experiencia-con-cornershop-nbsp\"><strong><strong>Una nueva experiencia con CornerShop<\/strong><\/strong>&nbsp;<\/h3>\n\n\n\n<p>Cuando una persona entra en la tienda, su tel\u00e9fono m\u00f3vil se convierte en el mando a distancia de la experiencia de venta, gui\u00e1ndole por el espacio, permiti\u00e9ndole participar en las nuevas experiencias de compra que se ofrecen, y proporcion\u00e1ndole informaci\u00f3n sobre las tecnolog\u00edas empleadas, como el aprendizaje autom\u00e1tico (ML), la realidad aumentada (AR), la visi\u00f3n por ordenador, la tecnolog\u00eda LIDAR y la fotogrametr\u00eda.&nbsp;<\/p>\n\n\n\n<h4 class=\"wp-block-heading\" id=\"h-pago-sin-complicaciones-novedad-en-2022-nbsp\"><strong>Pago sin complicaciones: novedad en 2022<\/strong>&nbsp;<\/h4>\n\n\n\n<p>Esta experiencia nos permite realizar compras sin problemas. La visi\u00f3n por ordenador y la inteligencia artificial de \u00faltima generaci\u00f3n identifican los productos que se recogen, se dejan y se mantienen, lo que permite marcharse a casa sin necesidad de pasar por caja, con una tasa de precisi\u00f3n del 99% y recibos que se env\u00edan directamente a la aplicaci\u00f3n m\u00f3vil.&nbsp;\u202f&nbsp;<\/p>\n\n\n\n<h4 class=\"wp-block-heading\" id=\"h-tienda-personalizada-nbsp\">Tienda personalizada<strong>\u202f<\/strong>&nbsp;<\/h4>\n\n\n\n<p>Mediante el uso de tecnolog\u00edas de ubicaci\u00f3n basadas en Bluetooth, los clientes recibir\u00e1n una bienvenida con una experiencia personalizada cuando entren en la tienda, y tendr\u00e1n la capacidad de personalizar el espacio f\u00edsico seg\u00fan sus preferencias.&nbsp;<\/p>\n\n\n\n<h4 class=\"wp-block-heading\" id=\"h-probador-virtual-nbsp\"><strong>Probador virtual\u202f<\/strong>&nbsp;<\/h4>\n\n\n\n<p>Esta soluci\u00f3n explora c\u00f3mo los usuarios pueden crear su gemelo digital y luego ver c\u00f3mo les quedan los productos sin tener que prob\u00e1rselos f\u00edsicamente.&nbsp;Cuando un art\u00edculo est\u00e1 disponible en la pantalla virtual, la visi\u00f3n por ordenador y la RFID identifican el producto, lo convierten en una imagen digital y lo asignan al consumidor en un espejo inteligente de cuerpo entero.&nbsp;<\/p>\n\n\n\n<h4 class=\"wp-block-heading\" id=\"h-orientacion-de-compra-intencionada-nbsp\"><strong>Orientaci\u00f3n de compra intencionada\u202f<\/strong>&nbsp;<\/h4>\n\n\n\n<p>A trav\u00e9s de una combinaci\u00f3n de la aplicaci\u00f3n m\u00f3vil CornerShop, embalaje conectado, AR y pantallas digitales, los clientes podr\u00e1n compartir sus necesidades individuales, preferencias, intolerancias y objetivos de sostenibilidad, que la tienda utilizar\u00e1 para guiarlos hacia los productos adecuados para cumplir sus objetivos a trav\u00e9s de la b\u00fasqueda de recorridos, filtrado inteligente y recomendaciones y perspectivas de productos relevantes.&nbsp;<\/p>\n\n\n\n<h4 class=\"wp-block-heading\" id=\"h-automatizacion-del-distanciamiento-social\"><strong>Automatizaci\u00f3n del distanciamiento social<\/strong><\/h4>\n\n\n\n<p>Las c\u00e1maras y la visi\u00f3n por ordenador podr\u00e1n medir el distanciamiento social en la tienda y garantizar las normas, ayudando al personal de la tienda a mantener la seguridad de los clientes.&nbsp;<\/p>\n\n\n\n<h4 class=\"wp-block-heading\" id=\"h-tienda-dotada-de-sentidos-nbsp\"><strong>Tienda dotada de sentidos\u202f<\/strong>&nbsp;<\/h4>\n\n\n\n<p>CornerShop permite a los clientes conservar el control de sus datos con una s\u00f3lida gobernanza de datos, seguridad e integraci\u00f3n a una plataforma de datos central que, combinada con tecnolog\u00edas de seguimiento de sensores, como balizas, dispositivos NFC y an\u00e1lisis de c\u00e1mara, adaptan la experiencia de la tienda a los clientes y generan informaci\u00f3n procesable sobre los mismos y su comportamiento en la tienda. Esta informaci\u00f3n es accesible de forma an\u00f3nima para todos en la tienda, para saber lo que la tienda aprende.&nbsp;<\/p>\n\n\n\n<p>\u200b<strong>CornerShop, un espacio en constante evoluci\u00f3n, est\u00e1 preparado para ayudar a los minoristas, las marcas y los consumidores a probar y experimentar lo que depara el futuro del sector.<\/strong><\/p>\n\n\n\n<figure class=\"wp-block-video\"><video controls poster=\"https:\/\/www.capgemini.com\/gb-en\/wp-content\/uploads\/sites\/5\/2022\/07\/Poster.png\" src=\"https:\/\/www.capgemini.com\/gb-en\/wp-content\/uploads\/sites\/5\/2022\/08\/CG-Cornershop-Clip-4-No-Subtitles.mp4\"><\/video><\/figure>\n<\/div><\/div><\/div><\/div><\/div><\/section>\n","protected":false},"excerpt":{"rendered":"","protected":false},"author":151,"featured_media":5424,"parent":5720,"menu_order":0,"comment_status":"closed","ping_status":"closed","template":"","meta":{"cg_dt_proposed_to":[16],"cg_seo_hreflang_relations":"[]","cg_seo_canonical_relation":"","cg_seo_hreflang_x_default_relation":"","cg_dt_approved_content":true,"cg_dt_mandatory_content":false,"cg_dt_notes":"","cg_dg_source_changed":true,"cg_dt_link_disabled":true,"_yoast_wpseo_primary_brand":"","footnotes":"","featured_focal_points":"","partner_card_description":"","gsap_animation":0},"brand":[],"partner_type":[],"service":[],"industry":[],"partners":[],"page-type":[],"content-group":[],"class_list":["post-5423","page","type-page","status-publish","has-post-thumbnail","hentry"],"yoast_head":"<!-- This site is optimized with the Yoast SEO Premium plugin v22.8 (Yoast SEO v22.8) - https:\/\/yoast.com\/wordpress\/plugins\/seo\/ -->\n<title>Cornershop, la tienda del ma\u00f1ana - Capgemini Mexico<\/title>\n<meta name=\"description\" content=\"CornerShop, la tienda del futuro, permitir\u00e1 a los clientes experimentar con las \u00faltimas tecnolog\u00edas que reinventan la experiencia de compra.\" \/>\n<meta name=\"robots\" content=\"index, follow, max-snippet:-1, max-image-preview:large, max-video-preview:-1\" \/>\n<link rel=\"canonical\" href=\"https:\/\/www.capgemini.com\/mx-es\/solutions\/cornershop\/\" \/>\n<meta property=\"og:locale\" content=\"es_MX\" \/>\n<meta property=\"og:type\" content=\"article\" \/>\n<meta property=\"og:title\" content=\"Cornershop, la tienda del ma\u00f1ana\" \/>\n<meta property=\"og:description\" content=\"CornerShop, la tienda del futuro, permitir\u00e1 a los clientes experimentar con las \u00faltimas tecnolog\u00edas que reinventan la experiencia de compra.\" \/>\n<meta property=\"og:url\" content=\"https:\/\/www.capgemini.com\/mx-es\/solutions\/cornershop\/\" \/>\n<meta property=\"og:site_name\" content=\"Capgemini Mexico\" \/>\n<meta property=\"article:modified_time\" content=\"2026-01-12T20:24:27+00:00\" \/>\n<meta property=\"og:image\" content=\"https:\/\/www.capgemini.com\/mx-es\/wp-content\/uploads\/sites\/28\/2025\/10\/New-Web-preview-global.jpg\" \/>\n\t<meta property=\"og:image:width\" content=\"1200\" \/>\n\t<meta property=\"og:image:height\" content=\"627\" \/>\n\t<meta property=\"og:image:type\" content=\"image\/jpeg\" \/>\n<meta name=\"twitter:card\" content=\"summary_large_image\" \/>\n<meta name=\"twitter:label1\" content=\"Est. reading time\" \/>\n\t<meta name=\"twitter:data1\" content=\"1 minute\" \/>\n<script type=\"application\/ld+json\" class=\"yoast-schema-graph\">{\"@context\":\"https:\/\/schema.org\",\"@graph\":[{\"@type\":\"WebPage\",\"@id\":\"https:\/\/www.capgemini.com\/mx-es\/solutions\/cornershop\/\",\"url\":\"https:\/\/www.capgemini.com\/mx-es\/solutions\/cornershop\/\",\"name\":\"Cornershop, la tienda del ma\u00f1ana - Capgemini Mexico\",\"isPartOf\":{\"@id\":\"https:\/\/www.capgemini.com\/mx-es\/#website\"},\"primaryImageOfPage\":{\"@id\":\"https:\/\/www.capgemini.com\/mx-es\/solutions\/cornershop\/#primaryimage\"},\"image\":{\"@id\":\"https:\/\/www.capgemini.com\/mx-es\/solutions\/cornershop\/#primaryimage\"},\"thumbnailUrl\":\"https:\/\/www.capgemini.com\/mx-es\/wp-content\/uploads\/sites\/28\/2022\/03\/Cornershop_2020-10-05_4K_v2_0004_closed-1.jpg\",\"datePublished\":\"2022-03-17T10:35:12+00:00\",\"dateModified\":\"2026-01-12T20:24:27+00:00\",\"description\":\"CornerShop, la tienda del futuro, permitir\u00e1 a los clientes experimentar con las \u00faltimas tecnolog\u00edas que reinventan la experiencia de compra.\",\"breadcrumb\":{\"@id\":\"https:\/\/www.capgemini.com\/mx-es\/solutions\/cornershop\/#breadcrumb\"},\"inLanguage\":\"es-MX\",\"potentialAction\":[{\"@type\":\"ReadAction\",\"target\":[\"https:\/\/www.capgemini.com\/mx-es\/solutions\/cornershop\/\"]}]},{\"@type\":\"ImageObject\",\"inLanguage\":\"es-MX\",\"@id\":\"https:\/\/www.capgemini.com\/mx-es\/solutions\/cornershop\/#primaryimage\",\"url\":\"https:\/\/www.capgemini.com\/mx-es\/wp-content\/uploads\/sites\/28\/2022\/03\/Cornershop_2020-10-05_4K_v2_0004_closed-1.jpg\",\"contentUrl\":\"https:\/\/www.capgemini.com\/mx-es\/wp-content\/uploads\/sites\/28\/2022\/03\/Cornershop_2020-10-05_4K_v2_0004_closed-1.jpg\",\"width\":3840,\"height\":2160},{\"@type\":\"BreadcrumbList\",\"@id\":\"https:\/\/www.capgemini.com\/mx-es\/solutions\/cornershop\/#breadcrumb\",\"itemListElement\":[{\"@type\":\"ListItem\",\"position\":1,\"name\":\"Home\",\"item\":\"https:\/\/www.capgemini.com\/mx-es\/\"},{\"@type\":\"ListItem\",\"position\":2,\"name\":\"Solutions\",\"item\":\"https:\/\/www.capgemini.com\/mx-es\/solutions\/\"},{\"@type\":\"ListItem\",\"position\":3,\"name\":\"Cornershop, la tienda del ma\u00f1ana\"}]},{\"@type\":\"WebSite\",\"@id\":\"https:\/\/www.capgemini.com\/mx-es\/#website\",\"url\":\"https:\/\/www.capgemini.com\/mx-es\/\",\"name\":\"Capgemini Mexico\",\"description\":\"Capgemini\",\"publisher\":{\"@id\":\"https:\/\/www.capgemini.com\/mx-es\/#organization\"},\"potentialAction\":[{\"@type\":\"SearchAction\",\"target\":{\"@type\":\"EntryPoint\",\"urlTemplate\":\"https:\/\/www.capgemini.com\/mx-es\/?s={search_term_string}\"},\"query-input\":\"required name=search_term_string\"}],\"inLanguage\":\"es-MX\"},{\"@type\":\"Organization\",\"@id\":\"https:\/\/www.capgemini.com\/mx-es\/#organization\",\"name\":\"Capgemini Mexico\",\"url\":\"https:\/\/www.capgemini.com\/mx-es\/\",\"logo\":{\"@type\":\"ImageObject\",\"inLanguage\":\"es-MX\",\"@id\":\"https:\/\/www.capgemini.com\/mx-es\/#\/schema\/logo\/image\/\",\"url\":\"https:\/\/www.capgemini.com\/mx-es\/wp-content\/uploads\/sites\/28\/2025\/07\/linkedin_mwo0q6.png\",\"contentUrl\":\"https:\/\/www.capgemini.com\/mx-es\/wp-content\/uploads\/sites\/28\/2025\/07\/linkedin_mwo0q6.png\",\"width\":800,\"height\":800,\"caption\":\"Capgemini Mexico\"},\"image\":{\"@id\":\"https:\/\/www.capgemini.com\/mx-es\/#\/schema\/logo\/image\/\"}}]}<\/script>\n<!-- \/ Yoast SEO Premium plugin. -->","yoast_head_json":{"title":"Cornershop, la tienda del ma\u00f1ana - Capgemini Mexico","description":"CornerShop, la tienda del futuro, permitir\u00e1 a los clientes experimentar con las \u00faltimas tecnolog\u00edas que reinventan la experiencia de compra.","robots":{"index":"index","follow":"follow","max-snippet":"max-snippet:-1","max-image-preview":"max-image-preview:large","max-video-preview":"max-video-preview:-1"},"canonical":"https:\/\/www.capgemini.com\/mx-es\/solutions\/cornershop\/","og_locale":"es_MX","og_type":"article","og_title":"Cornershop, la tienda del ma\u00f1ana","og_description":"CornerShop, la tienda del futuro, permitir\u00e1 a los clientes experimentar con las \u00faltimas tecnolog\u00edas que reinventan la experiencia de compra.","og_url":"https:\/\/www.capgemini.com\/mx-es\/solutions\/cornershop\/","og_site_name":"Capgemini Mexico","article_modified_time":"2026-01-12T20:24:27+00:00","og_image":[{"width":1200,"height":627,"url":"https:\/\/www.capgemini.com\/mx-es\/wp-content\/uploads\/sites\/28\/2025\/10\/New-Web-preview-global.jpg","type":"image\/jpeg"}],"twitter_card":"summary_large_image","twitter_misc":{"Est. reading time":"1 minute"},"schema":{"@context":"https:\/\/schema.org","@graph":[{"@type":"WebPage","@id":"https:\/\/www.capgemini.com\/mx-es\/solutions\/cornershop\/","url":"https:\/\/www.capgemini.com\/mx-es\/solutions\/cornershop\/","name":"Cornershop, la tienda del ma\u00f1ana - Capgemini Mexico","isPartOf":{"@id":"https:\/\/www.capgemini.com\/mx-es\/#website"},"primaryImageOfPage":{"@id":"https:\/\/www.capgemini.com\/mx-es\/solutions\/cornershop\/#primaryimage"},"image":{"@id":"https:\/\/www.capgemini.com\/mx-es\/solutions\/cornershop\/#primaryimage"},"thumbnailUrl":"https:\/\/www.capgemini.com\/mx-es\/wp-content\/uploads\/sites\/28\/2022\/03\/Cornershop_2020-10-05_4K_v2_0004_closed-1.jpg","datePublished":"2022-03-17T10:35:12+00:00","dateModified":"2026-01-12T20:24:27+00:00","description":"CornerShop, la tienda del futuro, permitir\u00e1 a los clientes experimentar con las \u00faltimas tecnolog\u00edas que reinventan la experiencia de compra.","breadcrumb":{"@id":"https:\/\/www.capgemini.com\/mx-es\/solutions\/cornershop\/#breadcrumb"},"inLanguage":"es-MX","potentialAction":[{"@type":"ReadAction","target":["https:\/\/www.capgemini.com\/mx-es\/solutions\/cornershop\/"]}]},{"@type":"ImageObject","inLanguage":"es-MX","@id":"https:\/\/www.capgemini.com\/mx-es\/solutions\/cornershop\/#primaryimage","url":"https:\/\/www.capgemini.com\/mx-es\/wp-content\/uploads\/sites\/28\/2022\/03\/Cornershop_2020-10-05_4K_v2_0004_closed-1.jpg","contentUrl":"https:\/\/www.capgemini.com\/mx-es\/wp-content\/uploads\/sites\/28\/2022\/03\/Cornershop_2020-10-05_4K_v2_0004_closed-1.jpg","width":3840,"height":2160},{"@type":"BreadcrumbList","@id":"https:\/\/www.capgemini.com\/mx-es\/solutions\/cornershop\/#breadcrumb","itemListElement":[{"@type":"ListItem","position":1,"name":"Home","item":"https:\/\/www.capgemini.com\/mx-es\/"},{"@type":"ListItem","position":2,"name":"Solutions","item":"https:\/\/www.capgemini.com\/mx-es\/solutions\/"},{"@type":"ListItem","position":3,"name":"Cornershop, la tienda del ma\u00f1ana"}]},{"@type":"WebSite","@id":"https:\/\/www.capgemini.com\/mx-es\/#website","url":"https:\/\/www.capgemini.com\/mx-es\/","name":"Capgemini Mexico","description":"Capgemini","publisher":{"@id":"https:\/\/www.capgemini.com\/mx-es\/#organization"},"potentialAction":[{"@type":"SearchAction","target":{"@type":"EntryPoint","urlTemplate":"https:\/\/www.capgemini.com\/mx-es\/?s={search_term_string}"},"query-input":"required name=search_term_string"}],"inLanguage":"es-MX"},{"@type":"Organization","@id":"https:\/\/www.capgemini.com\/mx-es\/#organization","name":"Capgemini Mexico","url":"https:\/\/www.capgemini.com\/mx-es\/","logo":{"@type":"ImageObject","inLanguage":"es-MX","@id":"https:\/\/www.capgemini.com\/mx-es\/#\/schema\/logo\/image\/","url":"https:\/\/www.capgemini.com\/mx-es\/wp-content\/uploads\/sites\/28\/2025\/07\/linkedin_mwo0q6.png","contentUrl":"https:\/\/www.capgemini.com\/mx-es\/wp-content\/uploads\/sites\/28\/2025\/07\/linkedin_mwo0q6.png","width":800,"height":800,"caption":"Capgemini Mexico"},"image":{"@id":"https:\/\/www.capgemini.com\/mx-es\/#\/schema\/logo\/image\/"}}]}},"brand_term":[],"parsely":{"version":"1.1.0","canonical_url":"https:\/\/capgemini.com\/mx-es\/solutions\/cornershop\/","smart_links":{"inbound":0,"outbound":0},"traffic_boost_suggestions_count":0,"meta":{"@context":"https:\/\/schema.org","@type":"WebPage","headline":"Cornershop, la tienda del ma\u00f1ana","url":"https:\/\/www.capgemini.com\/mx-es\/solutions\/cornershop\/","mainEntityOfPage":{"@type":"WebPage","@id":"https:\/\/www.capgemini.com\/mx-es\/solutions\/cornershop\/"},"thumbnailUrl":"https:\/\/www.capgemini.com\/mx-es\/wp-content\/uploads\/sites\/28\/2022\/03\/Cornershop_2020-10-05_4K_v2_0004_closed-1.jpg?w=150&h=150&crop=1","image":{"@type":"ImageObject","url":"https:\/\/www.capgemini.com\/mx-es\/wp-content\/uploads\/sites\/28\/2022\/03\/Cornershop_2020-10-05_4K_v2_0004_closed-1.jpg"},"articleSection":"Uncategorized","author":[],"creator":[],"publisher":{"@type":"Organization","name":"Capgemini Mexico","logo":""},"keywords":[],"dateCreated":"2022-03-17T10:35:12Z","datePublished":"2022-03-17T10:35:12Z","dateModified":"2026-01-12T20:24:27Z"},"rendered":"<meta name=\"parsely-title\" content=\"Cornershop, la tienda del ma\u00f1ana\" \/>\n<meta name=\"parsely-link\" content=\"https:\/\/www.capgemini.com\/mx-es\/solutions\/cornershop\/\" \/>\n<meta name=\"parsely-type\" content=\"index\" \/>\n<meta name=\"parsely-image-url\" content=\"https:\/\/www.capgemini.com\/mx-es\/wp-content\/uploads\/sites\/28\/2022\/03\/Cornershop_2020-10-05_4K_v2_0004_closed-1.jpg?w=150&amp;h=150&amp;crop=1\" \/>\n<meta name=\"parsely-pub-date\" content=\"2022-03-17T10:35:12Z\" \/>\n<meta name=\"parsely-section\" content=\"Uncategorized\" \/>","tracker_url":"https:\/\/cdn.parsely.com\/keys\/capgemini.com\/p.js"},"archive_status":false,"featured_image_src":"https:\/\/www.capgemini.com\/mx-es\/wp-content\/uploads\/sites\/28\/2022\/03\/Cornershop_2020-10-05_4K_v2_0004_closed-1.jpg","featured_image_alt":"","jetpack_sharing_enabled":true,"distributor_meta":false,"distributor_terms":false,"distributor_media":false,"distributor_original_site_name":"Capgemini Mexico","distributor_original_site_url":"https:\/\/www.capgemini.com\/mx-es","push-errors":false,"_links":{"self":[{"href":"https:\/\/www.capgemini.com\/mx-es\/wp-json\/wp\/v2\/pages\/5423","targetHints":{"allow":["GET"]}}],"collection":[{"href":"https:\/\/www.capgemini.com\/mx-es\/wp-json\/wp\/v2\/pages"}],"about":[{"href":"https:\/\/www.capgemini.com\/mx-es\/wp-json\/wp\/v2\/types\/page"}],"author":[{"embeddable":true,"href":"https:\/\/www.capgemini.com\/mx-es\/wp-json\/wp\/v2\/users\/151"}],"replies":[{"embeddable":true,"href":"https:\/\/www.capgemini.com\/mx-es\/wp-json\/wp\/v2\/comments?post=5423"}],"version-history":[{"count":7,"href":"https:\/\/www.capgemini.com\/mx-es\/wp-json\/wp\/v2\/pages\/5423\/revisions"}],"predecessor-version":[{"id":557777,"href":"https:\/\/www.capgemini.com\/mx-es\/wp-json\/wp\/v2\/pages\/5423\/revisions\/557777"}],"up":[{"embeddable":true,"href":"https:\/\/www.capgemini.com\/mx-es\/wp-json\/wp\/v2\/pages\/5720"}],"wp:featuredmedia":[{"embeddable":true,"href":"https:\/\/www.capgemini.com\/mx-es\/wp-json\/wp\/v2\/media\/5424"}],"wp:attachment":[{"href":"https:\/\/www.capgemini.com\/mx-es\/wp-json\/wp\/v2\/media?parent=5423"}],"wp:term":[{"taxonomy":"brand","embeddable":true,"href":"https:\/\/www.capgemini.com\/mx-es\/wp-json\/wp\/v2\/brand?post=5423"},{"taxonomy":"partner_type","embeddable":true,"href":"https:\/\/www.capgemini.com\/mx-es\/wp-json\/wp\/v2\/partner_type?post=5423"},{"taxonomy":"service","embeddable":true,"href":"https:\/\/www.capgemini.com\/mx-es\/wp-json\/wp\/v2\/service?post=5423"},{"taxonomy":"industry","embeddable":true,"href":"https:\/\/www.capgemini.com\/mx-es\/wp-json\/wp\/v2\/industry?post=5423"},{"taxonomy":"partners","embeddable":true,"href":"https:\/\/www.capgemini.com\/mx-es\/wp-json\/wp\/v2\/partners?post=5423"},{"taxonomy":"page-type","embeddable":true,"href":"https:\/\/www.capgemini.com\/mx-es\/wp-json\/wp\/v2\/page-type?post=5423"},{"taxonomy":"content-group","embeddable":true,"href":"https:\/\/www.capgemini.com\/mx-es\/wp-json\/wp\/v2\/content-group?post=5423"}],"curies":[{"name":"wp","href":"https:\/\/api.w.org\/{rel}","templated":true}]}}