{"id":5405,"date":"2023-01-10T05:21:32","date_gmt":"2023-01-10T05:21:32","guid":{"rendered":"https:\/\/www.capgemini.com\/?page_id=663528"},"modified":"2025-04-03T14:02:31","modified_gmt":"2025-04-03T14:02:31","slug":"industria-inteligente-con-dassault-systemes","status":"publish","type":"page","link":"https:\/\/www.capgemini.com\/mx-es\/solutions\/industria-inteligente-con-dassault-systemes\/","title":{"rendered":"Industria inteligente con Dassault Syst\u00e8mes"},"content":{"rendered":"\n<header class=\"wp-block-cg-blocks-hero-reusable is-style-blue-line header heroReusable  \"><div class=\"header-bgs\"><picture><source srcset=\"https:\/\/www.capgemini.com\/wp-content\/uploads\/2022\/03\/Capgemini_Intelligent-Industry-with-Dassault-Systemes.jpg?w=2880&amp;quality=70 1x, https:\/\/www.capgemini.com\/wp-content\/uploads\/2022\/03\/Capgemini_Intelligent-Industry-with-Dassault-Systemes.jpg?w=2880&amp;quality=70 2x\" media=\"(min-width: 1500px)\"\/><source srcset=\"https:\/\/www.capgemini.com\/wp-content\/uploads\/2022\/03\/Capgemini_Intelligent-Industry-with-Dassault-Systemes.jpg?w=1440&amp;quality=70 1x, https:\/\/www.capgemini.com\/wp-content\/uploads\/2022\/03\/Capgemini_Intelligent-Industry-with-Dassault-Systemes.jpg?w=2880&amp;quality=70 2x\" media=\"(min-width: 992px)\"\/><source srcset=\"https:\/\/www.capgemini.com\/wp-content\/uploads\/2022\/03\/Capgemini_Intelligent-Industry-with-Dassault-Systemes.jpg?w=1024&amp;quality=70 1x, https:\/\/www.capgemini.com\/wp-content\/uploads\/2022\/03\/Capgemini_Intelligent-Industry-with-Dassault-Systemes.jpg?w=1024&amp;quality=70 2x\" media=\"(min-width: 768px)\"\/><source srcset=\"https:\/\/www.capgemini.com\/wp-content\/uploads\/2022\/03\/Capgemini_Intelligent-Industry-with-Dassault-Systemes.jpg?w=768&amp;quality=70 1x, https:\/\/www.capgemini.com\/wp-content\/uploads\/2022\/03\/Capgemini_Intelligent-Industry-with-Dassault-Systemes.jpg?w=768&amp;quality=70 2x\" media=\"(min-width: 0)\"\/><img decoding=\"async\" src=\"https:\/\/www.capgemini.com\/wp-content\/uploads\/2022\/03\/Capgemini_Intelligent-Industry-with-Dassault-Systemes.jpg\" class=\"header-img header-img-d\" alt=\"\" style=\"object-fit:cover;object-position:52% 34%\" loading=\"eager\"\/><\/picture><\/div><div class=\"heroPictureCardHeaderShape\"><\/div><div class=\"container\"><div class=\"row\"><div class=\"col-md-12\"><div class=\"box\"><div class=\"boxTagWrapper\"><div class=\"tagInfo\"><div><span class=\"box-tag\">Solution<\/span><\/div><\/div><\/div><div class=\"box-title\"><h1 data-maxlength=\"34\">Industria inteligente con Dassault Syst\u00e8mes<\/h1><\/div><div class=\"inner-row-insight download-btn\"><\/div><\/div><\/div><\/div><\/div><\/header>\n\n\n\n<section class=\"wp-block-cg-blocks-intro-para undefined section section--intro is-style-default\"><div class=\"intro-para\"><div class=\"container\"><div class=\"row\"><div class=\"col-12 col-md-1\"><nav class=\"article-social\"><ul class=\"social-nav\"><li class=\"ip-order-fb\"><a href=\"https:\/\/www.facebook.com\/sharer\/sharer.php?u=https:\/\/www.capgemini.com\/mx-es\/solutions\/industria-inteligente-con-dassault-systemes\/\" target=\"_blank\" rel=\"noopener noreferrer\" title=\"abrir en una nueva ventana\"><i aria-hidden=\"true\" class=\"icon-fb\"><\/i><span class=\"sr-only\">Facebook<\/span><\/a><\/li><li class=\"ip-order-li\"><a href=\"https:\/\/www.linkedin.com\/sharing\/share-offsite\/?url=https:\/\/www.capgemini.com\/mx-es\/solutions\/industria-inteligente-con-dassault-systemes\/\" target=\"_blank\" rel=\"noopener noreferrer\" title=\"abrir en una nueva ventana\"><i aria-hidden=\"true\" class=\"icon-li\"><\/i><span class=\"sr-only\">Linkedin<\/span><\/a><\/li><\/ul><\/nav><\/div><div class=\"col-12 col-md-11 col-lg-10\"><h2 class=\"intro-para-title\">Capgemini y Dassault Syst\u00e8mes. Dar sentido a la transformaci\u00f3n digital. Conocimiento, flexibilidad y valor para tus clientes.\u00a0<\/h2><p class=\"intro-para-content\">Junto con Dassault Syst\u00e8mes, estamos ayudando a los clientes a dise\u00f1ar productos m\u00e1s sofisticados e innovadores, producir con nuevos niveles de eficiencia y entregar al mercado m\u00e1s r\u00e1pido que antes. Los sistemas heredados inconexos se vuelven cosa del pasado. En su lugar, aprovecha los datos de toda la empresa y obt\u00e9n inteligencia de ellos.<br><br>En 2021, nuestra relaci\u00f3n se profundiz\u00f3 con el lanzamiento de soluciones conjuntas adicionales que encontrar\u00e1 a continuaci\u00f3n.<br><br><\/p><\/div><\/div><\/div><\/div><\/section>\n\n\n\n<section class=\"wp-block-cg-blocks-how-we-do-it section section--howwedoit block-howwedoit\"><div class=\"container\"><div><div class=\"content-title\"><h2 data-maxlength=\"72\" class=\"expandable-heading-tag\">Nuestra oferta<\/h2><\/div><p><\/p><\/div><div class=\"section-content\">\n<div class=\"wp-block-cg-blocks-card-howwedoit expanders\"><div class=\"box card-regulated-agreements card-howwedoit\"><div class=\"expander-box filter-box tag-active \"><div class=\"expander-title\" tabindex=\"0\" role=\"button\" aria-pressed=\"false\" aria-expanded=\"false\"><h4>Anal\u00edtica avanzada (ADA)<\/h4><\/div><div class=\"expander-content\"><p>ADA ayuda a maximizar el valor de los datos a lo largo del ciclo de vida. Los an\u00e1lisis avanzados integrados con IA y ML ayudan a liberar la capacidad de ingenier\u00eda para la innovaci\u00f3n, mejorar la toma de decisiones entre fabricar y comprar, obtener informaci\u00f3n en tiempo real, mejorar la previsibilidad y mejorar la agilidad.<\/p><div class=\"bg-color video-align-right\"><div class=\"container\"><div class=\"row video-align-left\"><div class=\"col-md-12\"><div class=\"video-align-left row box box--4 box--mini\"><div class=\"col-md-3\"><\/div><div class=\"col-md-8 box-img-wrapper\"><div class=\"video-box\"><\/div><\/div><\/div><\/div><\/div><\/div><\/div><div class=\"content-more\"><a class=\"more2\" aria-label=\"Descargar folleto link\" href=\"https:\/\/www.capgemini.com\/wp-content\/uploads\/2022\/01\/Advanced-Analytics-brochure-July-2021.pdf\" target=\"_blank\" title=\"Abrir en una nueva ventana\" rel=\"noopener noreferrer\">Descargar folleto<\/a><\/div><\/div><\/div><\/div><\/div>\n\n\n\n<div class=\"wp-block-cg-blocks-card-howwedoit expanders\"><div class=\"box card-regulated-agreements card-howwedoit\"><div class=\"expander-box filter-box tag-active \"><div class=\"expander-title\" tabindex=\"0\" role=\"button\" aria-pressed=\"false\" aria-expanded=\"false\"><h4>Planificaci\u00f3n y programaci\u00f3n avanzadas (APS)<\/h4><\/div><div class=\"expander-content\"><p>APS equipa a los clientes con una serie de herramientas para abordar desaf\u00edos complejos de log\u00edstica y fuerza laboral, asegurando que tengan los recursos correctos, en la cantidad correcta, en el momento correcto.<\/p><div class=\"bg-color video-align-right\"><div class=\"container\"><div class=\"row video-align-left\"><div class=\"col-md-12\"><div class=\"video-align-left row box box--4 box--mini\"><div class=\"col-md-3\"><\/div><div class=\"col-md-8 box-img-wrapper\"><div class=\"video-box\"><\/div><\/div><\/div><\/div><\/div><\/div><\/div><div class=\"content-more\"><a class=\"more2\" aria-label=\"Descargar folleto link\" href=\"https:\/\/www.capgemini.com\/wp-content\/uploads\/2022\/01\/Advanced-Planning-and-Scheduling-brochure-July-2021.pdf\" target=\"_blank\" title=\"Abrir en una nueva ventana\" rel=\"noopener noreferrer\">Descargar folleto<\/a><\/div><\/div><\/div><\/div><\/div>\n\n\n\n<div class=\"wp-block-cg-blocks-card-howwedoit expanders\"><div class=\"box card-regulated-agreements card-howwedoit\"><div class=\"expander-box filter-box tag-active \"><div class=\"expander-title\" tabindex=\"0\" role=\"button\" aria-pressed=\"false\" aria-expanded=\"false\"><h4>Gesti\u00f3n del ciclo de vida de ingenier\u00eda digital (DELM)<\/h4><\/div><div class=\"expander-content\"><p>DELM ofrece continuidad digital de extremo a extremo utilizando simulaci\u00f3n hol\u00edstica y tecnolog\u00edas de gemelos digitales, creando un hilo digital que conecta a la perfecci\u00f3n la ingenier\u00eda, la fabricaci\u00f3n, la planificaci\u00f3n y los servicios.<\/p><div class=\"bg-color video-align-right\"><div class=\"container\"><div class=\"row video-align-left\"><div class=\"col-md-12\"><div class=\"video-align-left row box box--4 box--mini\"><div class=\"col-md-3\"><\/div><div class=\"col-md-8 box-img-wrapper\"><div class=\"video-box\"><\/div><\/div><\/div><\/div><\/div><\/div><\/div><div class=\"content-more\"><a class=\"more2\" aria-label=\"Descargar folleto link\" href=\"https:\/\/www.capgemini.com\/wp-content\/uploads\/2022\/01\/Digital-Engineering-Lifecycle-Management-brochure-July-2021.pdf\" target=\"_blank\" title=\"Abrir en una nueva ventana\" rel=\"noopener noreferrer\">Descargar folleto<\/a><\/div><\/div><\/div><\/div><\/div>\n\n\n\n<div class=\"wp-block-cg-blocks-card-howwedoit expanders\"><div class=\"box card-regulated-agreements card-howwedoit\"><div class=\"expander-box filter-box tag-active \"><div class=\"expander-title\" tabindex=\"0\" role=\"button\" aria-pressed=\"false\" aria-expanded=\"false\"><h4>Gesti\u00f3n de operaciones de fabricaci\u00f3n (MOM)<\/h4><\/div><div class=\"expander-content\"><p>MOM conecta, supervisa y controla sistemas de fabricaci\u00f3n sofisticados y une la producci\u00f3n f\u00edsica con el ecosistema digital m\u00e1s amplio.<\/p><div class=\"bg-color video-align-right\"><div class=\"container\"><div class=\"row video-align-left\"><div class=\"col-md-12\"><div class=\"video-align-left row box box--4 box--mini\"><div class=\"col-md-3\"><\/div><div class=\"col-md-8 box-img-wrapper\"><div class=\"video-box\"><\/div><\/div><\/div><\/div><\/div><\/div><\/div><div class=\"content-more\"><a class=\"more2\" aria-label=\"Descargar folleto link\" href=\"https:\/\/www.capgemini.com\/wp-content\/uploads\/2022\/01\/Manufacturing-Operations-Management-brochure-July-2021.pdf\" target=\"_blank\" title=\"Abrir en una nueva ventana\" rel=\"noopener noreferrer\">Descargar folleto<\/a><\/div><\/div><\/div><\/div><\/div>\n\n\n\n<div class=\"wp-block-cg-blocks-card-howwedoit expanders\"><div class=\"box card-regulated-agreements card-howwedoit\"><div class=\"expander-box filter-box tag-active \"><div class=\"expander-title\" tabindex=\"0\" role=\"button\" aria-pressed=\"false\" aria-expanded=\"false\"><h4>Ingenier\u00eda de sistemas basada en modelos (MBSE)<\/h4><\/div><div class=\"expander-content\"><p>MBSE proporciona m\u00e9todos de modelado modernos para ayudar a sus equipos de ingenier\u00eda a colaborar y administrar mejor las complejidades del sistema durante todo el ciclo de vida, desde el dise\u00f1o conceptual hasta el final de la vida \u00fatil.<\/p><div class=\"bg-color video-align-right\"><div class=\"container\"><div class=\"row video-align-left\"><div class=\"col-md-12\"><div class=\"video-align-left row box box--4 box--mini\"><div class=\"col-md-3\"><\/div><div class=\"col-md-8 box-img-wrapper\"><div class=\"video-box\"><\/div><\/div><\/div><\/div><\/div><\/div><\/div><div class=\"content-more\"><a class=\"more2\" aria-label=\"Descargar folleto link\" href=\"https:\/\/www.capgemini.com\/wp-content\/uploads\/2022\/01\/Model-Based-Systems-Engineering-brochure-July-2021.pdf\" target=\"_blank\" title=\"Abrir en una nueva ventana\" rel=\"noopener noreferrer\">Descargar folleto<\/a><\/div><\/div><\/div><\/div><\/div>\n<\/div><\/div><\/section>\n\n\n\n<p><\/p>\n","protected":false},"excerpt":{"rendered":"","protected":false},"author":151,"featured_media":0,"parent":5720,"menu_order":0,"comment_status":"closed","ping_status":"closed","template":"","meta":{"cg_dt_proposed_to":[16],"cg_seo_hreflang_relations":"[]","cg_seo_canonical_relation":"","cg_seo_hreflang_x_default_relation":"{\"uuid\":\"50bbfe88-4731-4f36-865c-7c06e0da5952\",\"blogId\":\"\",\"domain\":\"\",\"sitePath\":\"\",\"postLink\":\"\",\"postId\":null,\"isSaved\":true,\"isCrossLink\":false,\"hasCrossLink\":false}","cg_dt_approved_content":true,"cg_dt_mandatory_content":false,"cg_dt_notes":"","cg_dg_source_changed":true,"cg_dt_link_disabled":true,"_yoast_wpseo_primary_brand":"","footnotes":"","featured_focal_points":"","partner_card_description":"","gsap_animation":0},"brand":[],"partner_type":[],"service":[],"industry":[],"partners":[],"page-type":[],"content-group":[],"class_list":["post-5405","page","type-page","status-publish","hentry"],"yoast_head":"<!-- This site is optimized with the Yoast SEO Premium plugin v22.8 (Yoast SEO v22.8) - https:\/\/yoast.com\/wordpress\/plugins\/seo\/ -->\n<title>Industria Inteligente con Dassault Syst\u00e8mes | Capgemini<\/title>\n<meta name=\"description\" content=\"Capgemini y Dassault Syst\u00e8mes. Dar sentido a la transformaci\u00f3n digital. Conocimiento, flexibilidad y valor para tus clientes.\" \/>\n<meta name=\"robots\" content=\"index, follow, max-snippet:-1, max-image-preview:large, max-video-preview:-1\" \/>\n<link rel=\"canonical\" href=\"https:\/\/www.capgemini.com\/mx-es\/solutions\/industria-inteligente-con-dassault-systemes\/\" \/>\n<meta property=\"og:locale\" content=\"es_MX\" \/>\n<meta property=\"og:type\" content=\"article\" \/>\n<meta property=\"og:title\" content=\"Industria inteligente con Dassault Syst\u00e8mes\" \/>\n<meta property=\"og:description\" content=\"Capgemini y Dassault Syst\u00e8mes. Dar sentido a la transformaci\u00f3n digital. Conocimiento, flexibilidad y valor para tus clientes.\" \/>\n<meta property=\"og:url\" content=\"https:\/\/www.capgemini.com\/mx-es\/solutions\/industria-inteligente-con-dassault-systemes\/\" \/>\n<meta property=\"og:site_name\" content=\"Capgemini Mexico\" \/>\n<meta property=\"article:modified_time\" content=\"2025-04-03T14:02:31+00:00\" \/>\n<meta property=\"og:image\" content=\"https:\/\/www.capgemini.com\/wp-content\/uploads\/2022\/03\/Capgemini_Intelligent-Industry-with-Dassault-Systemes.jpg\" \/>\n<meta name=\"twitter:card\" content=\"summary_large_image\" \/>\n<meta name=\"twitter:label1\" content=\"Est. reading time\" \/>\n\t<meta name=\"twitter:data1\" content=\"2 minutes\" \/>\n<script type=\"application\/ld+json\" class=\"yoast-schema-graph\">{\"@context\":\"https:\/\/schema.org\",\"@graph\":[{\"@type\":\"WebPage\",\"@id\":\"https:\/\/www.capgemini.com\/mx-es\/solutions\/industria-inteligente-con-dassault-systemes\/\",\"url\":\"https:\/\/www.capgemini.com\/mx-es\/solutions\/industria-inteligente-con-dassault-systemes\/\",\"name\":\"Industria Inteligente con Dassault Syst\u00e8mes | Capgemini\",\"isPartOf\":{\"@id\":\"https:\/\/www.capgemini.com\/mx-es\/#website\"},\"primaryImageOfPage\":{\"@id\":\"https:\/\/www.capgemini.com\/mx-es\/solutions\/industria-inteligente-con-dassault-systemes\/#primaryimage\"},\"image\":{\"@id\":\"https:\/\/www.capgemini.com\/mx-es\/solutions\/industria-inteligente-con-dassault-systemes\/#primaryimage\"},\"thumbnailUrl\":\"https:\/\/www.capgemini.com\/wp-content\/uploads\/2022\/03\/Capgemini_Intelligent-Industry-with-Dassault-Systemes.jpg\",\"datePublished\":\"2023-01-10T05:21:32+00:00\",\"dateModified\":\"2025-04-03T14:02:31+00:00\",\"description\":\"Capgemini y Dassault Syst\u00e8mes. Dar sentido a la transformaci\u00f3n digital. Conocimiento, flexibilidad y valor para tus clientes.\",\"breadcrumb\":{\"@id\":\"https:\/\/www.capgemini.com\/mx-es\/solutions\/industria-inteligente-con-dassault-systemes\/#breadcrumb\"},\"inLanguage\":\"es-MX\",\"potentialAction\":[{\"@type\":\"ReadAction\",\"target\":[\"https:\/\/www.capgemini.com\/mx-es\/solutions\/industria-inteligente-con-dassault-systemes\/\"]}]},{\"@type\":\"ImageObject\",\"inLanguage\":\"es-MX\",\"@id\":\"https:\/\/www.capgemini.com\/mx-es\/solutions\/industria-inteligente-con-dassault-systemes\/#primaryimage\",\"url\":\"https:\/\/www.capgemini.com\/wp-content\/uploads\/2022\/03\/Capgemini_Intelligent-Industry-with-Dassault-Systemes.jpg\",\"contentUrl\":\"https:\/\/www.capgemini.com\/wp-content\/uploads\/2022\/03\/Capgemini_Intelligent-Industry-with-Dassault-Systemes.jpg\"},{\"@type\":\"BreadcrumbList\",\"@id\":\"https:\/\/www.capgemini.com\/mx-es\/solutions\/industria-inteligente-con-dassault-systemes\/#breadcrumb\",\"itemListElement\":[{\"@type\":\"ListItem\",\"position\":1,\"name\":\"Home\",\"item\":\"https:\/\/www.capgemini.com\/mx-es\/\"},{\"@type\":\"ListItem\",\"position\":2,\"name\":\"Solutions\",\"item\":\"https:\/\/www.capgemini.com\/mx-es\/solutions\/\"},{\"@type\":\"ListItem\",\"position\":3,\"name\":\"Industria inteligente con Dassault Syst\u00e8mes\"}]},{\"@type\":\"WebSite\",\"@id\":\"https:\/\/www.capgemini.com\/mx-es\/#website\",\"url\":\"https:\/\/www.capgemini.com\/mx-es\/\",\"name\":\"Capgemini Mexico\",\"description\":\"Capgemini\",\"publisher\":{\"@id\":\"https:\/\/www.capgemini.com\/mx-es\/#organization\"},\"potentialAction\":[{\"@type\":\"SearchAction\",\"target\":{\"@type\":\"EntryPoint\",\"urlTemplate\":\"https:\/\/www.capgemini.com\/mx-es\/?s={search_term_string}\"},\"query-input\":\"required name=search_term_string\"}],\"inLanguage\":\"es-MX\"},{\"@type\":\"Organization\",\"@id\":\"https:\/\/www.capgemini.com\/mx-es\/#organization\",\"name\":\"Capgemini Mexico\",\"url\":\"https:\/\/www.capgemini.com\/mx-es\/\",\"logo\":{\"@type\":\"ImageObject\",\"inLanguage\":\"es-MX\",\"@id\":\"https:\/\/www.capgemini.com\/mx-es\/#\/schema\/logo\/image\/\",\"url\":\"https:\/\/www.capgemini.com\/mx-es\/wp-content\/uploads\/sites\/28\/2025\/07\/linkedin_mwo0q6.png\",\"contentUrl\":\"https:\/\/www.capgemini.com\/mx-es\/wp-content\/uploads\/sites\/28\/2025\/07\/linkedin_mwo0q6.png\",\"width\":800,\"height\":800,\"caption\":\"Capgemini Mexico\"},\"image\":{\"@id\":\"https:\/\/www.capgemini.com\/mx-es\/#\/schema\/logo\/image\/\"}}]}<\/script>\n<!-- \/ Yoast SEO Premium plugin. -->","yoast_head_json":{"title":"Industria Inteligente con Dassault Syst\u00e8mes | Capgemini","description":"Capgemini y Dassault Syst\u00e8mes. Dar sentido a la transformaci\u00f3n digital. Conocimiento, flexibilidad y valor para tus clientes.","robots":{"index":"index","follow":"follow","max-snippet":"max-snippet:-1","max-image-preview":"max-image-preview:large","max-video-preview":"max-video-preview:-1"},"canonical":"https:\/\/www.capgemini.com\/mx-es\/solutions\/industria-inteligente-con-dassault-systemes\/","og_locale":"es_MX","og_type":"article","og_title":"Industria inteligente con Dassault Syst\u00e8mes","og_description":"Capgemini y Dassault Syst\u00e8mes. Dar sentido a la transformaci\u00f3n digital. Conocimiento, flexibilidad y valor para tus clientes.","og_url":"https:\/\/www.capgemini.com\/mx-es\/solutions\/industria-inteligente-con-dassault-systemes\/","og_site_name":"Capgemini Mexico","article_modified_time":"2025-04-03T14:02:31+00:00","og_image":[{"url":"https:\/\/www.capgemini.com\/wp-content\/uploads\/2022\/03\/Capgemini_Intelligent-Industry-with-Dassault-Systemes.jpg"}],"twitter_card":"summary_large_image","twitter_misc":{"Est. reading time":"2 minutes"},"schema":{"@context":"https:\/\/schema.org","@graph":[{"@type":"WebPage","@id":"https:\/\/www.capgemini.com\/mx-es\/solutions\/industria-inteligente-con-dassault-systemes\/","url":"https:\/\/www.capgemini.com\/mx-es\/solutions\/industria-inteligente-con-dassault-systemes\/","name":"Industria Inteligente con Dassault Syst\u00e8mes | Capgemini","isPartOf":{"@id":"https:\/\/www.capgemini.com\/mx-es\/#website"},"primaryImageOfPage":{"@id":"https:\/\/www.capgemini.com\/mx-es\/solutions\/industria-inteligente-con-dassault-systemes\/#primaryimage"},"image":{"@id":"https:\/\/www.capgemini.com\/mx-es\/solutions\/industria-inteligente-con-dassault-systemes\/#primaryimage"},"thumbnailUrl":"https:\/\/www.capgemini.com\/wp-content\/uploads\/2022\/03\/Capgemini_Intelligent-Industry-with-Dassault-Systemes.jpg","datePublished":"2023-01-10T05:21:32+00:00","dateModified":"2025-04-03T14:02:31+00:00","description":"Capgemini y Dassault Syst\u00e8mes. Dar sentido a la transformaci\u00f3n digital. Conocimiento, flexibilidad y valor para tus clientes.","breadcrumb":{"@id":"https:\/\/www.capgemini.com\/mx-es\/solutions\/industria-inteligente-con-dassault-systemes\/#breadcrumb"},"inLanguage":"es-MX","potentialAction":[{"@type":"ReadAction","target":["https:\/\/www.capgemini.com\/mx-es\/solutions\/industria-inteligente-con-dassault-systemes\/"]}]},{"@type":"ImageObject","inLanguage":"es-MX","@id":"https:\/\/www.capgemini.com\/mx-es\/solutions\/industria-inteligente-con-dassault-systemes\/#primaryimage","url":"https:\/\/www.capgemini.com\/wp-content\/uploads\/2022\/03\/Capgemini_Intelligent-Industry-with-Dassault-Systemes.jpg","contentUrl":"https:\/\/www.capgemini.com\/wp-content\/uploads\/2022\/03\/Capgemini_Intelligent-Industry-with-Dassault-Systemes.jpg"},{"@type":"BreadcrumbList","@id":"https:\/\/www.capgemini.com\/mx-es\/solutions\/industria-inteligente-con-dassault-systemes\/#breadcrumb","itemListElement":[{"@type":"ListItem","position":1,"name":"Home","item":"https:\/\/www.capgemini.com\/mx-es\/"},{"@type":"ListItem","position":2,"name":"Solutions","item":"https:\/\/www.capgemini.com\/mx-es\/solutions\/"},{"@type":"ListItem","position":3,"name":"Industria inteligente con Dassault Syst\u00e8mes"}]},{"@type":"WebSite","@id":"https:\/\/www.capgemini.com\/mx-es\/#website","url":"https:\/\/www.capgemini.com\/mx-es\/","name":"Capgemini Mexico","description":"Capgemini","publisher":{"@id":"https:\/\/www.capgemini.com\/mx-es\/#organization"},"potentialAction":[{"@type":"SearchAction","target":{"@type":"EntryPoint","urlTemplate":"https:\/\/www.capgemini.com\/mx-es\/?s={search_term_string}"},"query-input":"required name=search_term_string"}],"inLanguage":"es-MX"},{"@type":"Organization","@id":"https:\/\/www.capgemini.com\/mx-es\/#organization","name":"Capgemini Mexico","url":"https:\/\/www.capgemini.com\/mx-es\/","logo":{"@type":"ImageObject","inLanguage":"es-MX","@id":"https:\/\/www.capgemini.com\/mx-es\/#\/schema\/logo\/image\/","url":"https:\/\/www.capgemini.com\/mx-es\/wp-content\/uploads\/sites\/28\/2025\/07\/linkedin_mwo0q6.png","contentUrl":"https:\/\/www.capgemini.com\/mx-es\/wp-content\/uploads\/sites\/28\/2025\/07\/linkedin_mwo0q6.png","width":800,"height":800,"caption":"Capgemini Mexico"},"image":{"@id":"https:\/\/www.capgemini.com\/mx-es\/#\/schema\/logo\/image\/"}}]}},"brand_term":[],"parsely":{"version":"1.1.0","canonical_url":"https:\/\/capgemini.com\/mx-es\/solutions\/industria-inteligente-con-dassault-systemes\/","smart_links":{"inbound":0,"outbound":0},"traffic_boost_suggestions_count":0,"meta":{"@context":"https:\/\/schema.org","@type":"WebPage","headline":"Industria inteligente con Dassault Syst\u00e8mes","url":"https:\/\/www.capgemini.com\/mx-es\/solutions\/industria-inteligente-con-dassault-systemes\/","mainEntityOfPage":{"@type":"WebPage","@id":"https:\/\/www.capgemini.com\/mx-es\/solutions\/industria-inteligente-con-dassault-systemes\/"},"thumbnailUrl":"","image":{"@type":"ImageObject","url":""},"articleSection":"Uncategorized","author":[],"creator":[],"publisher":{"@type":"Organization","name":"Capgemini Mexico","logo":""},"keywords":[],"dateCreated":"2023-01-10T05:21:32Z","datePublished":"2023-01-10T05:21:32Z","dateModified":"2025-04-03T14:02:31Z"},"rendered":"<meta name=\"parsely-title\" content=\"Industria inteligente con Dassault Syst\u00e8mes\" \/>\n<meta name=\"parsely-link\" content=\"https:\/\/www.capgemini.com\/mx-es\/solutions\/industria-inteligente-con-dassault-systemes\/\" \/>\n<meta name=\"parsely-type\" content=\"index\" \/>\n<meta name=\"parsely-pub-date\" content=\"2023-01-10T05:21:32Z\" \/>\n<meta name=\"parsely-section\" content=\"Uncategorized\" \/>","tracker_url":"https:\/\/cdn.parsely.com\/keys\/capgemini.com\/p.js"},"archive_status":false,"featured_image_src":"https:\/\/www.capgemini.com\/mx-es\/wp-content\/themes\/capgemini2025\/assets\/images\/mockup.png","featured_image_alt":false,"jetpack_sharing_enabled":true,"distributor_meta":false,"distributor_terms":false,"distributor_media":false,"distributor_original_site_name":"Capgemini Mexico","distributor_original_site_url":"https:\/\/www.capgemini.com\/mx-es","push-errors":false,"_links":{"self":[{"href":"https:\/\/www.capgemini.com\/mx-es\/wp-json\/wp\/v2\/pages\/5405","targetHints":{"allow":["GET"]}}],"collection":[{"href":"https:\/\/www.capgemini.com\/mx-es\/wp-json\/wp\/v2\/pages"}],"about":[{"href":"https:\/\/www.capgemini.com\/mx-es\/wp-json\/wp\/v2\/types\/page"}],"author":[{"embeddable":true,"href":"https:\/\/www.capgemini.com\/mx-es\/wp-json\/wp\/v2\/users\/151"}],"replies":[{"embeddable":true,"href":"https:\/\/www.capgemini.com\/mx-es\/wp-json\/wp\/v2\/comments?post=5405"}],"version-history":[{"count":8,"href":"https:\/\/www.capgemini.com\/mx-es\/wp-json\/wp\/v2\/pages\/5405\/revisions"}],"predecessor-version":[{"id":539142,"href":"https:\/\/www.capgemini.com\/mx-es\/wp-json\/wp\/v2\/pages\/5405\/revisions\/539142"}],"up":[{"embeddable":true,"href":"https:\/\/www.capgemini.com\/mx-es\/wp-json\/wp\/v2\/pages\/5720"}],"wp:attachment":[{"href":"https:\/\/www.capgemini.com\/mx-es\/wp-json\/wp\/v2\/media?parent=5405"}],"wp:term":[{"taxonomy":"brand","embeddable":true,"href":"https:\/\/www.capgemini.com\/mx-es\/wp-json\/wp\/v2\/brand?post=5405"},{"taxonomy":"partner_type","embeddable":true,"href":"https:\/\/www.capgemini.com\/mx-es\/wp-json\/wp\/v2\/partner_type?post=5405"},{"taxonomy":"service","embeddable":true,"href":"https:\/\/www.capgemini.com\/mx-es\/wp-json\/wp\/v2\/service?post=5405"},{"taxonomy":"industry","embeddable":true,"href":"https:\/\/www.capgemini.com\/mx-es\/wp-json\/wp\/v2\/industry?post=5405"},{"taxonomy":"partners","embeddable":true,"href":"https:\/\/www.capgemini.com\/mx-es\/wp-json\/wp\/v2\/partners?post=5405"},{"taxonomy":"page-type","embeddable":true,"href":"https:\/\/www.capgemini.com\/mx-es\/wp-json\/wp\/v2\/page-type?post=5405"},{"taxonomy":"content-group","embeddable":true,"href":"https:\/\/www.capgemini.com\/mx-es\/wp-json\/wp\/v2\/content-group?post=5405"}],"curies":[{"name":"wp","href":"https:\/\/api.w.org\/{rel}","templated":true}]}}