{"id":5382,"date":"2022-04-01T06:31:24","date_gmt":"2022-04-01T06:31:24","guid":{"rendered":"https:\/\/www.capgemini.com\/?page_id=667931"},"modified":"2025-04-03T15:23:30","modified_gmt":"2025-04-03T15:23:30","slug":"pruebas-de-seguridad-de-las-aplicaciones","status":"publish","type":"page","link":"https:\/\/www.capgemini.com\/mx-es\/solutions\/pruebas-de-seguridad-de-las-aplicaciones\/","title":{"rendered":"Pruebas de seguridad de las aplicaciones"},"content":{"rendered":"\n<header class=\"wp-block-cg-blocks-hero-reusable header heroReusable  \"><div class=\"header-bgs\"><picture><source srcset=\"https:\/\/www.capgemini.com\/wp-content\/uploads\/2022\/04\/Capgemini_Solutions_APPLICATION-SECURITY-TESTING.jpg?w=2880&amp;quality=70 1x, https:\/\/www.capgemini.com\/wp-content\/uploads\/2022\/04\/Capgemini_Solutions_APPLICATION-SECURITY-TESTING.jpg?w=2880&amp;quality=70 2x\" media=\"(min-width: 1500px)\"\/><source srcset=\"https:\/\/www.capgemini.com\/wp-content\/uploads\/2022\/04\/Capgemini_Solutions_APPLICATION-SECURITY-TESTING.jpg?w=1440&amp;quality=70 1x, https:\/\/www.capgemini.com\/wp-content\/uploads\/2022\/04\/Capgemini_Solutions_APPLICATION-SECURITY-TESTING.jpg?w=2880&amp;quality=70 2x\" media=\"(min-width: 992px)\"\/><source srcset=\"https:\/\/www.capgemini.com\/wp-content\/uploads\/2022\/04\/Capgemini_Solutions_APPLICATION-SECURITY-TESTING.jpg?w=1024&amp;quality=70 1x, https:\/\/www.capgemini.com\/wp-content\/uploads\/2022\/04\/Capgemini_Solutions_APPLICATION-SECURITY-TESTING.jpg?w=1024&amp;quality=70 2x\" media=\"(min-width: 768px)\"\/><source srcset=\"https:\/\/www.capgemini.com\/wp-content\/uploads\/2022\/04\/Capgemini_Solutions_APPLICATION-SECURITY-TESTING.jpg?w=768&amp;quality=70 1x, https:\/\/www.capgemini.com\/wp-content\/uploads\/2022\/04\/Capgemini_Solutions_APPLICATION-SECURITY-TESTING.jpg?w=768&amp;quality=70 2x\" media=\"(min-width: 0)\"\/><img decoding=\"async\" src=\"https:\/\/www.capgemini.com\/wp-content\/uploads\/2022\/04\/Capgemini_Solutions_APPLICATION-SECURITY-TESTING.jpg\" class=\"header-img header-img-d\" alt=\"\" style=\"object-fit:cover;object-position:56.00000000000001% 62%\" loading=\"eager\"\/><\/picture><\/div><div class=\"heroPictureCardHeaderShape\"><\/div><div class=\"container\"><div class=\"row\"><div class=\"col-md-12\"><div class=\"box\"><div class=\"boxTagWrapper\"><div class=\"tagInfo\"><div><span class=\"box-tag\">Solution<\/span><\/div><\/div><\/div><div class=\"box-title\"><h1 data-maxlength=\"34\">Pruebas de seguridad de las aplicaciones<\/h1><\/div><div class=\"inner-row-insight download-btn\"><div class=\"col-md-4 downloadFiles \"><a class=\"button-download--small\" type=\"download\" href=\"https:\/\/www.capgemini.com\/wp-content\/uploads\/2021\/09\/AST-Brochure-20200619.pdf\" target=\"_blank\" rel=\"noopener noreferrer\" title=\"abrir en una nueva ventana\"><span>Download brochure<\/span><span class=\"type\">410 KB  pdf<\/span><\/a><\/div><div class=\"col-md-4 downloadFiles \"><a class=\"button-download--small\" type=\"download\" href=\"https:\/\/www.capgemini.com\/wp-content\/uploads\/2021\/09\/AST-factsheet-2020728.pdf\" target=\"_blank\" rel=\"noopener noreferrer\" title=\"abrir en una nueva ventana\"><span>Download factsheet<\/span><span class=\"type\">335 KB  pdf<\/span><\/a><\/div><\/div><\/div><\/div><\/div><\/div><\/header>\n\n\n\n<section class=\"wp-block-cg-blocks-intro-para undefined section section--intro\"><div class=\"intro-para\"><div class=\"container\"><div class=\"row\"><div class=\"col-12 col-md-1\"><nav class=\"article-social\"><ul class=\"social-nav\"><li class=\"ip-order-fb\"><a href=\"https:\/\/www.facebook.com\/sharer\/sharer.php?u=https:\/\/www.capgemini.com\/mx-es\/solutions\/pruebas-de-seguridad-de-las-aplicaciones\/\" target=\"_blank\" rel=\"noopener noreferrer\" title=\"abrir en una nueva ventana\"><i aria-hidden=\"true\" class=\"icon-fb\"><\/i><span class=\"sr-only\">Facebook<\/span><\/a><\/li><li class=\"ip-order-tw\"><a href=\"https:\/\/twitter.com\/intent\/tweet?url=https:\/\/www.capgemini.com\/mx-es\/solutions\/pruebas-de-seguridad-de-las-aplicaciones\/&amp;text=Pruebas de seguridad de las aplicaciones\" target=\"_blank\" rel=\"noopener noreferrer\" title=\"abrir en una nueva ventana\"><i aria-hidden=\"true\" class=\"icon-tw\"><\/i><span class=\"sr-only\">Twitter<\/span><\/a><\/li><li class=\"ip-order-li\"><a href=\"https:\/\/www.linkedin.com\/sharing\/share-offsite\/?url=https:\/\/www.capgemini.com\/mx-es\/solutions\/pruebas-de-seguridad-de-las-aplicaciones\/&amp;text=Pruebas de seguridad de las aplicaciones\" target=\"_blank\" rel=\"noopener noreferrer\" title=\"abrir en una nueva ventana\"><i aria-hidden=\"true\" class=\"icon-li\"><\/i><span class=\"sr-only\">Linkedin<\/span><\/a><\/li><\/ul><\/nav><\/div><div class=\"col-12 col-md-11 col-lg-10\"><h2 class=\"intro-para-title\">Las aplicaciones son tu negocio. As\u00ed que ser\u00e1 mejor asegurarlas.<\/h2><p class=\"intro-para-content\">Dado que el 73 % de las infracciones de seguridad se producen en la capa de aplicaci\u00f3n, la identificaci\u00f3n de vulnerabilidades se ha convertido en una prioridad para las organizaciones de todo el mundo. Muchas organizaciones ahora dependen del lanzamiento r\u00e1pido de aplicaciones cr\u00edticas para seguir siendo competitivas. Nuestra soluci\u00f3n de prueba de seguridad de aplicaciones hace que sea simple y r\u00e1pido iniciar controles de seguridad fundamentales, tanto si solo cuentas con una pocas aplicaciones como si est\u00e1s buscando lanzar un programa de seguridad integral en toda su organizaci\u00f3n.<\/p><\/div><\/div><\/div><\/div><\/section>\n\n\n\n<section class=\"wp-block-cg-blocks-group undefined section section--article-content\"><div class=\"article-main-content\"><div class=\"container\"><div class=\"row\"><div class=\"col-12 col-md-11 col-lg-10 offset-md-1 offset-lg-1\"><div class=\"article-text article-quote-text\">\n<p><strong>Con el servicio de pruebas de seguridad de aplicaciones de Capgemini:<\/strong><\/p>\n\n\n\n<ul class=\"wp-block-list\">\n<li>Simplemente compra una suscripci\u00f3n y nuestros expertos probar\u00e1n sistem\u00e1ticamente todas sus aplicaciones (aplicaciones comerciales, m\u00f3viles o basadas en la web, propietarias o de c\u00f3digo abierto) antes del lanzamiento.<\/li>\n\n\n\n<li>Obten una combinaci\u00f3n equilibrada de pruebas manuales y automatizadas seg\u00fan el nivel de servicio que necesites, utilizando las mejores herramientas y procesos de Capgemini y partners de primer orden.<\/li>\n\n\n\n<li>Recibe resultados procesables a trav\u00e9s de un \u00fanico e intuitivo portal dedicado. El portal te brinda la capacidad de escanear solicitudes, revisar resultados y ver paneles que te ayudan a comprender la postura de seguridad de su aplicaci\u00f3n y crear la estrategia de resoluci\u00f3n m\u00e1s adecuada.<\/li>\n\n\n\n<li>Puedes personalizar tus registos en t\u00e9rminos de prioridades comerciales o complejidad t\u00e9cnica.<\/li>\n\n\n\n<li>Garantizas la objetividad al separar el proceso de prueba del desarrollo y obtiene un nivel completamente nuevo de escalabilidad y repetibilidad.<\/li>\n\n\n\n<li>Obtienes una cobertura m\u00e1s amplia y precisa porque combinamos herramientas de an\u00e1lisis de primer nivel, inteligencia de amenazas actualizada continuamente y experiencia basada en muchos a\u00f1os de experiencia en pruebas para detectar vulnerabilidades, todo proporcionado por expertos en seguridad ubicados en m\u00faltiples geograf\u00edas.<\/li>\n\n\n\n<li>Tienes la flexibilidad de realizar pruebas dondequiera que realice una actividad de desarrollo, lo que garantiza la capacidad de respuesta en funci\u00f3n de los tiempos y \u00a0proporciona mayor \u00a0rapidez.<\/li>\n<\/ul>\n<\/div><\/div><\/div><\/div><\/div><\/section>\n","protected":false},"excerpt":{"rendered":"","protected":false},"author":151,"featured_media":5383,"parent":5720,"menu_order":0,"comment_status":"closed","ping_status":"closed","template":"","meta":{"cg_dt_proposed_to":[16],"cg_seo_hreflang_relations":"[]","cg_seo_canonical_relation":"","cg_seo_hreflang_x_default_relation":"","cg_dt_approved_content":true,"cg_dt_mandatory_content":false,"cg_dt_notes":"","cg_dg_source_changed":true,"cg_dt_link_disabled":true,"_yoast_wpseo_primary_brand":"","footnotes":"","featured_focal_points":"","partner_card_description":"","gsap_animation":0},"brand":[],"partner_type":[],"service":[],"industry":[],"partners":[],"page-type":[],"content-group":[],"class_list":["post-5382","page","type-page","status-publish","has-post-thumbnail","hentry"],"yoast_head":"<!-- This site is optimized with the Yoast SEO Premium plugin v22.8 (Yoast SEO v22.8) - https:\/\/yoast.com\/wordpress\/plugins\/seo\/ -->\n<title>Pruebas de seguridad de las aplicaciones | Capgemini<\/title>\n<meta name=\"description\" content=\"La soluci\u00f3n de prueba de seguridad de aplicaciones de Capgemini hace que sea simple y r\u00e1pido iniciar controles de seguridad fundamentales, tanto si solo cuentas con una pocas aplicaciones como si est\u00e1s buscando lanzar un programa de seguridad integral en toda su organizaci\u00f3n.\" \/>\n<meta name=\"robots\" content=\"index, follow, max-snippet:-1, max-image-preview:large, max-video-preview:-1\" \/>\n<link rel=\"canonical\" href=\"https:\/\/www.capgemini.com\/mx-es\/solutions\/pruebas-de-seguridad-de-las-aplicaciones\/\" \/>\n<meta property=\"og:locale\" content=\"es_MX\" \/>\n<meta property=\"og:type\" content=\"article\" \/>\n<meta property=\"og:title\" content=\"Pruebas de seguridad de las aplicaciones\" \/>\n<meta property=\"og:description\" content=\"La soluci\u00f3n de prueba de seguridad de aplicaciones de Capgemini hace que sea simple y r\u00e1pido iniciar controles de seguridad fundamentales, tanto si solo cuentas con una pocas aplicaciones como si est\u00e1s buscando lanzar un programa de seguridad integral en toda su organizaci\u00f3n.\" \/>\n<meta property=\"og:url\" content=\"https:\/\/www.capgemini.com\/mx-es\/solutions\/pruebas-de-seguridad-de-las-aplicaciones\/\" \/>\n<meta property=\"og:site_name\" content=\"Capgemini Mexico\" \/>\n<meta property=\"article:modified_time\" content=\"2025-04-03T15:23:30+00:00\" \/>\n<meta property=\"og:image\" content=\"https:\/\/www.capgemini.com\/mx-es\/wp-content\/uploads\/sites\/28\/2022\/04\/Capgemini_Solutions_APPLICATION-SECURITY-TESTING.jpg\" \/>\n\t<meta property=\"og:image:width\" content=\"2880\" \/>\n\t<meta property=\"og:image:height\" content=\"1800\" \/>\n\t<meta property=\"og:image:type\" content=\"image\/jpeg\" \/>\n<meta name=\"twitter:card\" content=\"summary_large_image\" \/>\n<meta name=\"twitter:label1\" content=\"Est. reading time\" \/>\n\t<meta name=\"twitter:data1\" content=\"2 minutes\" \/>\n<script type=\"application\/ld+json\" class=\"yoast-schema-graph\">{\"@context\":\"https:\/\/schema.org\",\"@graph\":[{\"@type\":\"WebPage\",\"@id\":\"https:\/\/www.capgemini.com\/mx-es\/solutions\/pruebas-de-seguridad-de-las-aplicaciones\/\",\"url\":\"https:\/\/www.capgemini.com\/mx-es\/solutions\/pruebas-de-seguridad-de-las-aplicaciones\/\",\"name\":\"Pruebas de seguridad de las aplicaciones | Capgemini\",\"isPartOf\":{\"@id\":\"https:\/\/www.capgemini.com\/mx-es\/#website\"},\"primaryImageOfPage\":{\"@id\":\"https:\/\/www.capgemini.com\/mx-es\/solutions\/pruebas-de-seguridad-de-las-aplicaciones\/#primaryimage\"},\"image\":{\"@id\":\"https:\/\/www.capgemini.com\/mx-es\/solutions\/pruebas-de-seguridad-de-las-aplicaciones\/#primaryimage\"},\"thumbnailUrl\":\"https:\/\/www.capgemini.com\/mx-es\/wp-content\/uploads\/sites\/28\/2022\/04\/Capgemini_Solutions_APPLICATION-SECURITY-TESTING.jpg\",\"datePublished\":\"2022-04-01T06:31:24+00:00\",\"dateModified\":\"2025-04-03T15:23:30+00:00\",\"description\":\"La soluci\u00f3n de prueba de seguridad de aplicaciones de Capgemini hace que sea simple y r\u00e1pido iniciar controles de seguridad fundamentales, tanto si solo cuentas con una pocas aplicaciones como si est\u00e1s buscando lanzar un programa de seguridad integral en toda su organizaci\u00f3n.\",\"breadcrumb\":{\"@id\":\"https:\/\/www.capgemini.com\/mx-es\/solutions\/pruebas-de-seguridad-de-las-aplicaciones\/#breadcrumb\"},\"inLanguage\":\"es-MX\",\"potentialAction\":[{\"@type\":\"ReadAction\",\"target\":[\"https:\/\/www.capgemini.com\/mx-es\/solutions\/pruebas-de-seguridad-de-las-aplicaciones\/\"]}]},{\"@type\":\"ImageObject\",\"inLanguage\":\"es-MX\",\"@id\":\"https:\/\/www.capgemini.com\/mx-es\/solutions\/pruebas-de-seguridad-de-las-aplicaciones\/#primaryimage\",\"url\":\"https:\/\/www.capgemini.com\/mx-es\/wp-content\/uploads\/sites\/28\/2022\/04\/Capgemini_Solutions_APPLICATION-SECURITY-TESTING.jpg\",\"contentUrl\":\"https:\/\/www.capgemini.com\/mx-es\/wp-content\/uploads\/sites\/28\/2022\/04\/Capgemini_Solutions_APPLICATION-SECURITY-TESTING.jpg\",\"width\":2880,\"height\":1800},{\"@type\":\"BreadcrumbList\",\"@id\":\"https:\/\/www.capgemini.com\/mx-es\/solutions\/pruebas-de-seguridad-de-las-aplicaciones\/#breadcrumb\",\"itemListElement\":[{\"@type\":\"ListItem\",\"position\":1,\"name\":\"Home\",\"item\":\"https:\/\/www.capgemini.com\/mx-es\/\"},{\"@type\":\"ListItem\",\"position\":2,\"name\":\"Solutions\",\"item\":\"https:\/\/www.capgemini.com\/mx-es\/solutions\/\"},{\"@type\":\"ListItem\",\"position\":3,\"name\":\"Pruebas de seguridad de las aplicaciones\"}]},{\"@type\":\"WebSite\",\"@id\":\"https:\/\/www.capgemini.com\/mx-es\/#website\",\"url\":\"https:\/\/www.capgemini.com\/mx-es\/\",\"name\":\"Capgemini Mexico\",\"description\":\"Capgemini\",\"publisher\":{\"@id\":\"https:\/\/www.capgemini.com\/mx-es\/#organization\"},\"potentialAction\":[{\"@type\":\"SearchAction\",\"target\":{\"@type\":\"EntryPoint\",\"urlTemplate\":\"https:\/\/www.capgemini.com\/mx-es\/?s={search_term_string}\"},\"query-input\":\"required name=search_term_string\"}],\"inLanguage\":\"es-MX\"},{\"@type\":\"Organization\",\"@id\":\"https:\/\/www.capgemini.com\/mx-es\/#organization\",\"name\":\"Capgemini Mexico\",\"url\":\"https:\/\/www.capgemini.com\/mx-es\/\",\"logo\":{\"@type\":\"ImageObject\",\"inLanguage\":\"es-MX\",\"@id\":\"https:\/\/www.capgemini.com\/mx-es\/#\/schema\/logo\/image\/\",\"url\":\"https:\/\/www.capgemini.com\/mx-es\/wp-content\/uploads\/sites\/28\/2025\/07\/linkedin_mwo0q6.png\",\"contentUrl\":\"https:\/\/www.capgemini.com\/mx-es\/wp-content\/uploads\/sites\/28\/2025\/07\/linkedin_mwo0q6.png\",\"width\":800,\"height\":800,\"caption\":\"Capgemini Mexico\"},\"image\":{\"@id\":\"https:\/\/www.capgemini.com\/mx-es\/#\/schema\/logo\/image\/\"}}]}<\/script>\n<!-- \/ Yoast SEO Premium plugin. -->","yoast_head_json":{"title":"Pruebas de seguridad de las aplicaciones | Capgemini","description":"La soluci\u00f3n de prueba de seguridad de aplicaciones de Capgemini hace que sea simple y r\u00e1pido iniciar controles de seguridad fundamentales, tanto si solo cuentas con una pocas aplicaciones como si est\u00e1s buscando lanzar un programa de seguridad integral en toda su organizaci\u00f3n.","robots":{"index":"index","follow":"follow","max-snippet":"max-snippet:-1","max-image-preview":"max-image-preview:large","max-video-preview":"max-video-preview:-1"},"canonical":"https:\/\/www.capgemini.com\/mx-es\/solutions\/pruebas-de-seguridad-de-las-aplicaciones\/","og_locale":"es_MX","og_type":"article","og_title":"Pruebas de seguridad de las aplicaciones","og_description":"La soluci\u00f3n de prueba de seguridad de aplicaciones de Capgemini hace que sea simple y r\u00e1pido iniciar controles de seguridad fundamentales, tanto si solo cuentas con una pocas aplicaciones como si est\u00e1s buscando lanzar un programa de seguridad integral en toda su organizaci\u00f3n.","og_url":"https:\/\/www.capgemini.com\/mx-es\/solutions\/pruebas-de-seguridad-de-las-aplicaciones\/","og_site_name":"Capgemini Mexico","article_modified_time":"2025-04-03T15:23:30+00:00","og_image":[{"width":2880,"height":1800,"url":"https:\/\/www.capgemini.com\/mx-es\/wp-content\/uploads\/sites\/28\/2022\/04\/Capgemini_Solutions_APPLICATION-SECURITY-TESTING.jpg","type":"image\/jpeg"}],"twitter_card":"summary_large_image","twitter_misc":{"Est. reading time":"2 minutes"},"schema":{"@context":"https:\/\/schema.org","@graph":[{"@type":"WebPage","@id":"https:\/\/www.capgemini.com\/mx-es\/solutions\/pruebas-de-seguridad-de-las-aplicaciones\/","url":"https:\/\/www.capgemini.com\/mx-es\/solutions\/pruebas-de-seguridad-de-las-aplicaciones\/","name":"Pruebas de seguridad de las aplicaciones | Capgemini","isPartOf":{"@id":"https:\/\/www.capgemini.com\/mx-es\/#website"},"primaryImageOfPage":{"@id":"https:\/\/www.capgemini.com\/mx-es\/solutions\/pruebas-de-seguridad-de-las-aplicaciones\/#primaryimage"},"image":{"@id":"https:\/\/www.capgemini.com\/mx-es\/solutions\/pruebas-de-seguridad-de-las-aplicaciones\/#primaryimage"},"thumbnailUrl":"https:\/\/www.capgemini.com\/mx-es\/wp-content\/uploads\/sites\/28\/2022\/04\/Capgemini_Solutions_APPLICATION-SECURITY-TESTING.jpg","datePublished":"2022-04-01T06:31:24+00:00","dateModified":"2025-04-03T15:23:30+00:00","description":"La soluci\u00f3n de prueba de seguridad de aplicaciones de Capgemini hace que sea simple y r\u00e1pido iniciar controles de seguridad fundamentales, tanto si solo cuentas con una pocas aplicaciones como si est\u00e1s buscando lanzar un programa de seguridad integral en toda su organizaci\u00f3n.","breadcrumb":{"@id":"https:\/\/www.capgemini.com\/mx-es\/solutions\/pruebas-de-seguridad-de-las-aplicaciones\/#breadcrumb"},"inLanguage":"es-MX","potentialAction":[{"@type":"ReadAction","target":["https:\/\/www.capgemini.com\/mx-es\/solutions\/pruebas-de-seguridad-de-las-aplicaciones\/"]}]},{"@type":"ImageObject","inLanguage":"es-MX","@id":"https:\/\/www.capgemini.com\/mx-es\/solutions\/pruebas-de-seguridad-de-las-aplicaciones\/#primaryimage","url":"https:\/\/www.capgemini.com\/mx-es\/wp-content\/uploads\/sites\/28\/2022\/04\/Capgemini_Solutions_APPLICATION-SECURITY-TESTING.jpg","contentUrl":"https:\/\/www.capgemini.com\/mx-es\/wp-content\/uploads\/sites\/28\/2022\/04\/Capgemini_Solutions_APPLICATION-SECURITY-TESTING.jpg","width":2880,"height":1800},{"@type":"BreadcrumbList","@id":"https:\/\/www.capgemini.com\/mx-es\/solutions\/pruebas-de-seguridad-de-las-aplicaciones\/#breadcrumb","itemListElement":[{"@type":"ListItem","position":1,"name":"Home","item":"https:\/\/www.capgemini.com\/mx-es\/"},{"@type":"ListItem","position":2,"name":"Solutions","item":"https:\/\/www.capgemini.com\/mx-es\/solutions\/"},{"@type":"ListItem","position":3,"name":"Pruebas de seguridad de las aplicaciones"}]},{"@type":"WebSite","@id":"https:\/\/www.capgemini.com\/mx-es\/#website","url":"https:\/\/www.capgemini.com\/mx-es\/","name":"Capgemini Mexico","description":"Capgemini","publisher":{"@id":"https:\/\/www.capgemini.com\/mx-es\/#organization"},"potentialAction":[{"@type":"SearchAction","target":{"@type":"EntryPoint","urlTemplate":"https:\/\/www.capgemini.com\/mx-es\/?s={search_term_string}"},"query-input":"required name=search_term_string"}],"inLanguage":"es-MX"},{"@type":"Organization","@id":"https:\/\/www.capgemini.com\/mx-es\/#organization","name":"Capgemini Mexico","url":"https:\/\/www.capgemini.com\/mx-es\/","logo":{"@type":"ImageObject","inLanguage":"es-MX","@id":"https:\/\/www.capgemini.com\/mx-es\/#\/schema\/logo\/image\/","url":"https:\/\/www.capgemini.com\/mx-es\/wp-content\/uploads\/sites\/28\/2025\/07\/linkedin_mwo0q6.png","contentUrl":"https:\/\/www.capgemini.com\/mx-es\/wp-content\/uploads\/sites\/28\/2025\/07\/linkedin_mwo0q6.png","width":800,"height":800,"caption":"Capgemini Mexico"},"image":{"@id":"https:\/\/www.capgemini.com\/mx-es\/#\/schema\/logo\/image\/"}}]}},"brand_term":[],"parsely":{"version":"1.1.0","canonical_url":"https:\/\/capgemini.com\/mx-es\/solutions\/pruebas-de-seguridad-de-las-aplicaciones\/","smart_links":{"inbound":0,"outbound":0},"traffic_boost_suggestions_count":0,"meta":{"@context":"https:\/\/schema.org","@type":"WebPage","headline":"Pruebas de seguridad de las aplicaciones","url":"https:\/\/www.capgemini.com\/mx-es\/solutions\/pruebas-de-seguridad-de-las-aplicaciones\/","mainEntityOfPage":{"@type":"WebPage","@id":"https:\/\/www.capgemini.com\/mx-es\/solutions\/pruebas-de-seguridad-de-las-aplicaciones\/"},"thumbnailUrl":"https:\/\/www.capgemini.com\/mx-es\/wp-content\/uploads\/sites\/28\/2022\/04\/Capgemini_Solutions_APPLICATION-SECURITY-TESTING.jpg?w=150&h=150&crop=1","image":{"@type":"ImageObject","url":"https:\/\/www.capgemini.com\/mx-es\/wp-content\/uploads\/sites\/28\/2022\/04\/Capgemini_Solutions_APPLICATION-SECURITY-TESTING.jpg"},"articleSection":"Uncategorized","author":[],"creator":[],"publisher":{"@type":"Organization","name":"Capgemini Mexico","logo":""},"keywords":[],"dateCreated":"2022-04-01T06:31:24Z","datePublished":"2022-04-01T06:31:24Z","dateModified":"2025-04-03T15:23:30Z"},"rendered":"<meta name=\"parsely-title\" content=\"Pruebas de seguridad de las aplicaciones\" \/>\n<meta name=\"parsely-link\" content=\"https:\/\/www.capgemini.com\/mx-es\/solutions\/pruebas-de-seguridad-de-las-aplicaciones\/\" \/>\n<meta name=\"parsely-type\" content=\"index\" \/>\n<meta name=\"parsely-image-url\" content=\"https:\/\/www.capgemini.com\/mx-es\/wp-content\/uploads\/sites\/28\/2022\/04\/Capgemini_Solutions_APPLICATION-SECURITY-TESTING.jpg?w=150&amp;h=150&amp;crop=1\" \/>\n<meta name=\"parsely-pub-date\" content=\"2022-04-01T06:31:24Z\" \/>\n<meta name=\"parsely-section\" content=\"Uncategorized\" \/>","tracker_url":"https:\/\/cdn.parsely.com\/keys\/capgemini.com\/p.js"},"archive_status":false,"featured_image_src":"https:\/\/www.capgemini.com\/mx-es\/wp-content\/uploads\/sites\/28\/2022\/04\/Capgemini_Solutions_APPLICATION-SECURITY-TESTING.jpg","featured_image_alt":"","jetpack_sharing_enabled":true,"distributor_meta":false,"distributor_terms":false,"distributor_media":false,"distributor_original_site_name":"Capgemini Mexico","distributor_original_site_url":"https:\/\/www.capgemini.com\/mx-es","push-errors":false,"_links":{"self":[{"href":"https:\/\/www.capgemini.com\/mx-es\/wp-json\/wp\/v2\/pages\/5382","targetHints":{"allow":["GET"]}}],"collection":[{"href":"https:\/\/www.capgemini.com\/mx-es\/wp-json\/wp\/v2\/pages"}],"about":[{"href":"https:\/\/www.capgemini.com\/mx-es\/wp-json\/wp\/v2\/types\/page"}],"author":[{"embeddable":true,"href":"https:\/\/www.capgemini.com\/mx-es\/wp-json\/wp\/v2\/users\/151"}],"replies":[{"embeddable":true,"href":"https:\/\/www.capgemini.com\/mx-es\/wp-json\/wp\/v2\/comments?post=5382"}],"version-history":[{"count":4,"href":"https:\/\/www.capgemini.com\/mx-es\/wp-json\/wp\/v2\/pages\/5382\/revisions"}],"predecessor-version":[{"id":539303,"href":"https:\/\/www.capgemini.com\/mx-es\/wp-json\/wp\/v2\/pages\/5382\/revisions\/539303"}],"up":[{"embeddable":true,"href":"https:\/\/www.capgemini.com\/mx-es\/wp-json\/wp\/v2\/pages\/5720"}],"wp:featuredmedia":[{"embeddable":true,"href":"https:\/\/www.capgemini.com\/mx-es\/wp-json\/wp\/v2\/media\/5383"}],"wp:attachment":[{"href":"https:\/\/www.capgemini.com\/mx-es\/wp-json\/wp\/v2\/media?parent=5382"}],"wp:term":[{"taxonomy":"brand","embeddable":true,"href":"https:\/\/www.capgemini.com\/mx-es\/wp-json\/wp\/v2\/brand?post=5382"},{"taxonomy":"partner_type","embeddable":true,"href":"https:\/\/www.capgemini.com\/mx-es\/wp-json\/wp\/v2\/partner_type?post=5382"},{"taxonomy":"service","embeddable":true,"href":"https:\/\/www.capgemini.com\/mx-es\/wp-json\/wp\/v2\/service?post=5382"},{"taxonomy":"industry","embeddable":true,"href":"https:\/\/www.capgemini.com\/mx-es\/wp-json\/wp\/v2\/industry?post=5382"},{"taxonomy":"partners","embeddable":true,"href":"https:\/\/www.capgemini.com\/mx-es\/wp-json\/wp\/v2\/partners?post=5382"},{"taxonomy":"page-type","embeddable":true,"href":"https:\/\/www.capgemini.com\/mx-es\/wp-json\/wp\/v2\/page-type?post=5382"},{"taxonomy":"content-group","embeddable":true,"href":"https:\/\/www.capgemini.com\/mx-es\/wp-json\/wp\/v2\/content-group?post=5382"}],"curies":[{"name":"wp","href":"https:\/\/api.w.org\/{rel}","templated":true}]}}