{"id":537592,"date":"2025-03-05T06:55:06","date_gmt":"2025-03-05T06:55:06","guid":{"rendered":"https:\/\/www.capgemini.com\/mx-es\/?page_id=537592&#038;preview_id=537592"},"modified":"2025-03-05T06:55:16","modified_gmt":"2025-03-05T06:55:16","slug":"desafio-de-la-sostenibilidad-tus-conocimientos-tu-impacto","status":"publish","type":"page","link":"https:\/\/www.capgemini.com\/mx-es\/desafio-de-la-sostenibilidad-tus-conocimientos-tu-impacto\/","title":{"rendered":"Desaf\u00edo de la sostenibilidad: tus conocimientos, tu impacto"},"content":{"rendered":"\n<div class=\"wp-block-cg-blocks-hero-picture-card undefined  heroPictureCard is-style-blue-theme-2\"><div class=\"heroPictureCardBgs\"><picture><source srcset=\"https:\/\/www.capgemini.com\/wp-content\/uploads\/2024\/11\/MWC_2025-banner.jpg?w=2880&amp;quality=70 1x, https:\/\/www.capgemini.com\/wp-content\/uploads\/2024\/11\/MWC_2025-banner.jpg?w=2880&amp;quality=70 2x\" media=\"(min-width: 1500px)\"\/><source srcset=\"https:\/\/www.capgemini.com\/wp-content\/uploads\/2024\/11\/MWC_2025-banner.jpg?w=1440&amp;quality=70 1x, https:\/\/www.capgemini.com\/wp-content\/uploads\/2024\/11\/MWC_2025-banner.jpg?w=2880&amp;quality=70 2x\" media=\"(min-width: 992px)\"\/><source srcset=\"https:\/\/www.capgemini.com\/wp-content\/uploads\/2024\/11\/MWC_2025-banner.jpg?w=1024&amp;quality=70 1x, https:\/\/www.capgemini.com\/wp-content\/uploads\/2024\/11\/MWC_2025-banner.jpg?w=1024&amp;quality=70 2x\" media=\"(min-width: 768px)\"\/><source srcset=\"https:\/\/www.capgemini.com\/wp-content\/uploads\/2024\/11\/MWC_2025-banner.jpg?w=768&amp;quality=70 1x, https:\/\/www.capgemini.com\/wp-content\/uploads\/2024\/11\/MWC_2025-banner.jpg?w=768&amp;quality=70 2x\" media=\"(min-width: 0)\"\/><img decoding=\"async\" src=\"https:\/\/www.capgemini.com\/wp-content\/uploads\/2024\/11\/MWC_2025-banner.jpg\" class=\"desktopImage\" alt=\"\" style=\"object-fit:cover;object-position:52% 13%\" loading=\"eager\"\/><\/picture><picture><source srcset=\"https:\/\/www.capgemini.com\/wp-content\/uploads\/2024\/11\/MWC_2025-banner.jpg?w=2880&amp;quality=70 1x, https:\/\/www.capgemini.com\/wp-content\/uploads\/2024\/11\/MWC_2025-banner.jpg?w=2880&amp;quality=70 2x\" media=\"(min-width: 1500px)\"\/><source srcset=\"https:\/\/www.capgemini.com\/wp-content\/uploads\/2024\/11\/MWC_2025-banner.jpg?w=1440&amp;quality=70 1x, https:\/\/www.capgemini.com\/wp-content\/uploads\/2024\/11\/MWC_2025-banner.jpg?w=2880&amp;quality=70 2x\" media=\"(min-width: 992px)\"\/><source srcset=\"https:\/\/www.capgemini.com\/wp-content\/uploads\/2024\/11\/MWC_2025-banner.jpg?w=1024&amp;quality=70 1x, https:\/\/www.capgemini.com\/wp-content\/uploads\/2024\/11\/MWC_2025-banner.jpg?w=1024&amp;quality=70 2x\" media=\"(min-width: 768px)\"\/><source srcset=\"https:\/\/www.capgemini.com\/wp-content\/uploads\/2024\/11\/MWC_2025-banner.jpg?w=768&amp;quality=70 1x, https:\/\/www.capgemini.com\/wp-content\/uploads\/2024\/11\/MWC_2025-banner.jpg?w=768&amp;quality=70 2x\" media=\"(min-width: 0)\"\/><img decoding=\"async\" src=\"https:\/\/www.capgemini.com\/wp-content\/uploads\/2024\/11\/MWC_2025-banner.jpg\" class=\"mobileImage\" alt=\"\" style=\"object-fit:cover;object-position:52% 13%\" loading=\"eager\"\/><\/picture><\/div><div class=\"heroPictureCardHeaderShape\"><\/div><div class=\"container\"><div class=\"row\"><div class=\"col-md-8 col-lg-6\"><div class=\"heroPictureCardBox\"><div class=\"heroPictureCardBoxTitle\"><h1 data-maxlength=\"144\">Desaf\u00edo de la sostenibilidad: tus conocimientos, tu impacto<\/h1><\/div><\/div><\/div><\/div><\/div><div class=\"small-device\"><div class=\"brandLogoWrapper\"> <\/div><\/div><\/div>\n\n\n\n<section class=\"wp-block-cg-blocks-group undefined section section--article-content\"><div class=\"article-main-content\"><div class=\"container\"><div class=\"row\"><div class=\"col-12 col-md-1\"><nav class=\"article-social\"><ul class=\"social-nav\"><li class=\"ip-order-fb\"><a href=\"https:\/\/www.facebook.com\/sharer\/sharer.php?u=https:\/\/www.capgemini.com\/?page_id=1101418\" target=\"_blank\" rel=\"noopener noreferrer\" title=\"abrir en una nueva ventana\"><i aria-hidden=\"true\" class=\"icon-fb\"><\/i><span class=\"sr-only\">Facebook<\/span><\/a><\/li><li class=\"ip-order-li\"><a href=\"https:\/\/www.linkedin.com\/shareArticle?url=https:\/\/www.capgemini.com\/?page_id=1101418\" target=\"_blank\" rel=\"noopener noreferrer\" title=\"abrir en una nueva ventana\"><i aria-hidden=\"true\" class=\"icon-li\"><\/i><span class=\"sr-only\">Linkedin<\/span><\/a><\/li><\/ul><\/nav><\/div><div class=\"col-12 col-md-11 col-lg-10\"><div class=\"article-text article-quote-text\">\n<h2 class=\"wp-block-heading\" id=\"h-plantar-juntos-un-bosque-de-arboles-en-mwc25\">Plantar juntos un bosque de \u00e1rboles en #MWC25<\/h2>\n\n\n\n<p>La industria de las telecomunicaciones est\u00e1 evolucionando r\u00e1pidamente, trayendo consigo tanto progreso como retos de sostenibilidad. En el <strong>MWC 2025<\/strong>, Capgemini le invita a participar en el Desaf\u00edo de la Sostenibilidad, una oportunidad para poner a prueba sus conocimientos, explorar soluciones clave del sector y contribuir a un futuro m\u00e1s ecol\u00f3gico.<\/p>\n\n\n\n<div class=\"wp-block-buttons is-content-justification-center is-layout-flex wp-container-core-buttons-is-layout-a89b3969 wp-block-buttons-is-layout-flex\">\n<div class=\"wp-block-button is-style-fill\"><a class=\"wp-block-button__link wp-element-button\" href=\"https:\/\/go.meiro.cc\/9428266\" target=\"_blank\" rel=\"noreferrer noopener\">Comienza el reto<\/a><\/div>\n<\/div>\n\n\n\n<div style=\"height:45px\" aria-hidden=\"true\" class=\"wp-block-spacer\"><\/div>\n\n\n\n<h3 class=\"wp-block-heading\" id=\"h-por-que-participar-en-el-reto\"><strong>\u00bfPor qu\u00e9 participar en el Reto?<\/strong><\/h3>\n\n\n\n<p>Este reto es m\u00e1s que un concurso: es una oportunidad para comprometerse con temas clave de sostenibilidad y emprender acciones significativas.<\/p>\n\n\n\n<p><strong>Ampl\u00ede sus conocimientos<\/strong> &#8211; Inf\u00f3rmese sobre la sostenibilidad en las telecomunicaciones y las innovaciones que dan forma a un sector m\u00e1s responsable.<\/p>\n\n\n\n<p><strong>Obtenga reconocimiento<\/strong>: <strong>consiga un certificado<\/strong> de concienciaci\u00f3n al completar el reto.<\/p>\n\n\n\n<p><strong>Causar impacto<\/strong> &#8211; Esta semana nos proponemos plantar juntos un bosque de \u00e1rboles, reforzando nuestro compromiso con un futuro sostenible.<\/p>\n\n\n\n<h3 class=\"wp-block-heading\" id=\"h-las-cuatro-dimensiones-clave-del-reto\">Las cuatro dimensiones clave del reto<\/h3>\n\n\n\n<p><strong>Net Zero<\/strong> &#8211; C\u00f3mo los operadores de telecomunicaciones reducen las emisiones de carbono mediante la optimizaci\u00f3n energ\u00e9tica impulsada por la IA,<strong> la adopci\u00f3n de energ\u00edas renovables y la descarbonizaci\u00f3n de la cadena de suministro.<\/strong><\/p>\n\n\n\n<p><strong>Tecnolog\u00eda y clima<\/strong> &#8211; El papel de la <strong>IA, el an\u00e1lisis de datos y las redes inteligentes<\/strong> en la mejora de la eficiencia energ\u00e9tica y la minimizaci\u00f3n de la huella medioambiental de las telecomunicaciones.<\/p>\n\n\n\n<p><strong>Reglamentaci\u00f3n y cumplimiento<\/strong> &#8211; Principales <strong>pol\u00edticas ASG y normativas de sostenibilidad<\/strong> que dan forma a operaciones de telecomunicaciones m\u00e1s ecol\u00f3gicas y a informes transparentes sobre el carbono.<\/p>\n\n\n\n<p><strong>Telco for a Green Society<\/strong> &#8211; C\u00f3mo las telecomunicaciones impulsan la <strong>sostenibilidad a trav\u00e9s de ciudades inteligentes<\/strong>, trabajo remoto y soluciones IoT que reducen la huella de carbono.<\/p>\n\n\n\n<section class=\"wp-block-cg-blocks-counter-para section counter-para-section\"><div class=\"container\"><div class=\"row\"><div class=\"article-text\"><div class=\"statistics-list\"><div class=\"row\"><div class=\"statistic col-12 col-md-4 col-lg-3 offset-lg-1\"><div class=\"statistic-top\">14<\/div><span class=\"statistic-bottom\">Cuestionarios realizados<\/span><\/div><div class=\"statistic col-12 col-md-4 col-lg-3 offset-lg-1\"><div class=\"statistic-top\">12<\/div><span class=\"statistic-bottom\">Certificaciones concedidas<\/span><\/div><\/div><\/div><\/div><\/div><\/div><\/section>\n\n\n\n<div style=\"height:61px\" aria-hidden=\"true\" class=\"wp-block-spacer\"><\/div>\n\n\n\n<section class=\"wp-block-cg-blocks-group undefined section section--article-content\"><div class=\"article-main-content\"><div class=\"container\"><div class=\"row\"><div class=\"col-12 col-md-11 col-lg-10 offset-md-1 offset-lg-1\"><div class=\"article-text article-quote-text\">\n<div class=\"wp-block-columns is-layout-flex wp-container-core-columns-is-layout-28f84493 wp-block-columns-is-layout-flex\">\n<div class=\"wp-block-column is-layout-flow wp-block-column-is-layout-flow\">\n<blockquote class=\"wp-block-quote is-style-cg-core-quote is-layout-flow wp-block-quote-is-layout-flow\">\n<p>La sostenibilidad ya no es s\u00f3lo una ambici\u00f3n, es una necesidad. \u00danase a nosotros para dar forma a un sector de las telecomunicaciones m\u00e1s responsable y sostenible aceptando el reto en el MWC 2025.<\/p>\n<\/blockquote>\n\n\n\n<div class=\"wp-block-columns is-not-stacked-on-mobile is-layout-flex wp-container-core-columns-is-layout-28f84493 wp-block-columns-is-layout-flex\">\n<div class=\"wp-block-column is-layout-flow wp-block-column-is-layout-flow\" style=\"flex-basis:3%\"><\/div>\n\n\n\n<div class=\"wp-block-column is-layout-flow wp-block-column-is-layout-flow\" style=\"flex-basis:15.39%\">\n<figure class=\"wp-block-image aligncenter size-thumbnail is-resized is-style-rounded\"><img decoding=\"async\" src=\"https:\/\/www.capgemini.com\/wp-content\/uploads\/2021\/05\/Frederic-Vander-Sande-2.png?w=150&amp;h=150&amp;crop=1\" alt=\"\" class=\"wp-image-629578\" style=\"aspect-ratio:1;object-fit:cover;width:80px\"\/><\/figure>\n<\/div>\n\n\n\n<div class=\"wp-block-column is-layout-flow wp-block-column-is-layout-flow\" style=\"flex-basis:51.28%\">\n<h4 class=\"wp-block-heading\" id=\"h-frederic-vander-sande\"><span style=\"letter-spacing: 0.12px;\">Frederic Vander Sande<\/span><\/h4>\n\n\n\n<p>Director Europeo de Telecomunicaciones, Capgemini Invent<\/p>\n<\/div>\n<\/div>\n<\/div>\n<\/div>\n<\/div><\/div><\/div><\/div><\/div><\/section>\n\n\n\n<div class=\"wp-block-buttons is-content-justification-center is-layout-flex wp-container-core-buttons-is-layout-a89b3969 wp-block-buttons-is-layout-flex\">\n<div class=\"wp-block-button is-style-fill\"><a class=\"wp-block-button__link wp-element-button\" href=\"https:\/\/go.meiro.cc\/9428266\" target=\"_blank\" rel=\"noreferrer noopener\">Comienza el reto<\/a><\/div>\n<\/div>\n<\/div><\/div><\/div><\/div><\/div><\/section>\n","protected":false},"excerpt":{"rendered":"","protected":false},"author":23,"featured_media":537593,"parent":0,"menu_order":0,"comment_status":"closed","ping_status":"closed","template":"","meta":{"cg_dt_proposed_to":[9,25],"cg_seo_hreflang_relations":"[]","cg_seo_canonical_relation":"{\"uuid\":\"4329eae7-7131-4ccc-a4a1-56e52bd7106b\",\"blogId\":\"\",\"domain\":\"\",\"sitePath\":\"\",\"postLink\":\"\",\"postId\":null,\"isSaved\":true,\"isCrossLink\":false,\"hasCrossLink\":false}","cg_seo_hreflang_x_default_relation":"{\"uuid\":\"c3140d63-f6d3-487d-8fae-da19fa6fe08e\",\"blogId\":\"\",\"domain\":\"\",\"sitePath\":\"\",\"postLink\":\"\",\"postId\":null,\"isSaved\":true,\"isCrossLink\":false,\"hasCrossLink\":false}","cg_dt_approved_content":true,"cg_dt_mandatory_content":false,"cg_dt_notes":"","cg_dg_source_changed":true,"cg_dt_link_disabled":true,"_yoast_wpseo_primary_brand":"","footnotes":"","featured_focal_points":"","partner_card_description":"","gsap_animation":0},"brand":[],"partner_type":[],"service":[],"industry":[],"partners":[],"page-type":[],"content-group":[],"class_list":["post-537592","page","type-page","status-publish","has-post-thumbnail","hentry"],"yoast_head":"<!-- This site is optimized with the Yoast SEO Premium plugin v22.8 (Yoast SEO v22.8) - https:\/\/yoast.com\/wordpress\/plugins\/seo\/ -->\n<title>Desaf\u00edo de la sostenibilidad: tus conocimientos, tu impacto<\/title>\n<meta name=\"robots\" content=\"index, follow, max-snippet:-1, max-image-preview:large, max-video-preview:-1\" \/>\n<link rel=\"canonical\" href=\"https:\/\/www.capgemini.com\/mx-es\/desafio-de-la-sostenibilidad-tus-conocimientos-tu-impacto\/\" \/>\n<meta property=\"og:locale\" content=\"es_MX\" \/>\n<meta property=\"og:type\" content=\"article\" \/>\n<meta property=\"og:title\" content=\"Desaf\u00edo de la sostenibilidad: tus conocimientos, tu impacto\" \/>\n<meta property=\"og:url\" content=\"https:\/\/www.capgemini.com\/mx-es\/desafio-de-la-sostenibilidad-tus-conocimientos-tu-impacto\/\" \/>\n<meta property=\"og:site_name\" content=\"Capgemini Mexico\" \/>\n<meta property=\"article:modified_time\" content=\"2025-03-05T06:55:16+00:00\" \/>\n<meta property=\"og:image\" content=\"https:\/\/www.capgemini.com\/mx-es\/wp-content\/uploads\/sites\/28\/2025\/03\/Frederic-Vander-Sande-2.png\" \/>\n\t<meta property=\"og:image:width\" content=\"360\" \/>\n\t<meta property=\"og:image:height\" content=\"400\" \/>\n\t<meta property=\"og:image:type\" content=\"image\/png\" \/>\n<meta name=\"twitter:card\" content=\"summary_large_image\" \/>\n<meta name=\"twitter:label1\" content=\"Est. reading time\" \/>\n\t<meta name=\"twitter:data1\" content=\"3 minutes\" \/>\n<script type=\"application\/ld+json\" class=\"yoast-schema-graph\">{\"@context\":\"https:\/\/schema.org\",\"@graph\":[{\"@type\":\"WebPage\",\"@id\":\"https:\/\/www.capgemini.com\/mx-es\/desafio-de-la-sostenibilidad-tus-conocimientos-tu-impacto\/\",\"url\":\"https:\/\/www.capgemini.com\/mx-es\/desafio-de-la-sostenibilidad-tus-conocimientos-tu-impacto\/\",\"name\":\"Desaf\u00edo de la sostenibilidad: tus conocimientos, tu impacto\",\"isPartOf\":{\"@id\":\"https:\/\/www.capgemini.com\/mx-es\/#website\"},\"primaryImageOfPage\":{\"@id\":\"https:\/\/www.capgemini.com\/mx-es\/desafio-de-la-sostenibilidad-tus-conocimientos-tu-impacto\/#primaryimage\"},\"image\":{\"@id\":\"https:\/\/www.capgemini.com\/mx-es\/desafio-de-la-sostenibilidad-tus-conocimientos-tu-impacto\/#primaryimage\"},\"thumbnailUrl\":\"https:\/\/www.capgemini.com\/mx-es\/wp-content\/uploads\/sites\/28\/2025\/03\/Frederic-Vander-Sande-2.png\",\"datePublished\":\"2025-03-05T06:55:06+00:00\",\"dateModified\":\"2025-03-05T06:55:16+00:00\",\"breadcrumb\":{\"@id\":\"https:\/\/www.capgemini.com\/mx-es\/desafio-de-la-sostenibilidad-tus-conocimientos-tu-impacto\/#breadcrumb\"},\"inLanguage\":\"es-MX\",\"potentialAction\":[{\"@type\":\"ReadAction\",\"target\":[\"https:\/\/www.capgemini.com\/mx-es\/desafio-de-la-sostenibilidad-tus-conocimientos-tu-impacto\/\"]}]},{\"@type\":\"ImageObject\",\"inLanguage\":\"es-MX\",\"@id\":\"https:\/\/www.capgemini.com\/mx-es\/desafio-de-la-sostenibilidad-tus-conocimientos-tu-impacto\/#primaryimage\",\"url\":\"https:\/\/www.capgemini.com\/mx-es\/wp-content\/uploads\/sites\/28\/2025\/03\/Frederic-Vander-Sande-2.png\",\"contentUrl\":\"https:\/\/www.capgemini.com\/mx-es\/wp-content\/uploads\/sites\/28\/2025\/03\/Frederic-Vander-Sande-2.png\",\"width\":360,\"height\":400},{\"@type\":\"BreadcrumbList\",\"@id\":\"https:\/\/www.capgemini.com\/mx-es\/desafio-de-la-sostenibilidad-tus-conocimientos-tu-impacto\/#breadcrumb\",\"itemListElement\":[{\"@type\":\"ListItem\",\"position\":1,\"name\":\"Home\",\"item\":\"https:\/\/www.capgemini.com\/mx-es\/\"},{\"@type\":\"ListItem\",\"position\":2,\"name\":\"Desaf\u00edo de la sostenibilidad: tus conocimientos, tu impacto\"}]},{\"@type\":\"WebSite\",\"@id\":\"https:\/\/www.capgemini.com\/mx-es\/#website\",\"url\":\"https:\/\/www.capgemini.com\/mx-es\/\",\"name\":\"Capgemini Mexico\",\"description\":\"Capgemini\",\"publisher\":{\"@id\":\"https:\/\/www.capgemini.com\/mx-es\/#organization\"},\"potentialAction\":[{\"@type\":\"SearchAction\",\"target\":{\"@type\":\"EntryPoint\",\"urlTemplate\":\"https:\/\/www.capgemini.com\/mx-es\/?s={search_term_string}\"},\"query-input\":\"required name=search_term_string\"}],\"inLanguage\":\"es-MX\"},{\"@type\":\"Organization\",\"@id\":\"https:\/\/www.capgemini.com\/mx-es\/#organization\",\"name\":\"Capgemini Mexico\",\"url\":\"https:\/\/www.capgemini.com\/mx-es\/\",\"logo\":{\"@type\":\"ImageObject\",\"inLanguage\":\"es-MX\",\"@id\":\"https:\/\/www.capgemini.com\/mx-es\/#\/schema\/logo\/image\/\",\"url\":\"https:\/\/www.capgemini.com\/mx-es\/wp-content\/uploads\/sites\/28\/2025\/07\/linkedin_mwo0q6.png\",\"contentUrl\":\"https:\/\/www.capgemini.com\/mx-es\/wp-content\/uploads\/sites\/28\/2025\/07\/linkedin_mwo0q6.png\",\"width\":800,\"height\":800,\"caption\":\"Capgemini Mexico\"},\"image\":{\"@id\":\"https:\/\/www.capgemini.com\/mx-es\/#\/schema\/logo\/image\/\"}}]}<\/script>\n<!-- \/ Yoast SEO Premium plugin. -->","yoast_head_json":{"title":"Desaf\u00edo de la sostenibilidad: tus conocimientos, tu impacto","robots":{"index":"index","follow":"follow","max-snippet":"max-snippet:-1","max-image-preview":"max-image-preview:large","max-video-preview":"max-video-preview:-1"},"canonical":"https:\/\/www.capgemini.com\/mx-es\/desafio-de-la-sostenibilidad-tus-conocimientos-tu-impacto\/","og_locale":"es_MX","og_type":"article","og_title":"Desaf\u00edo de la sostenibilidad: tus conocimientos, tu impacto","og_url":"https:\/\/www.capgemini.com\/mx-es\/desafio-de-la-sostenibilidad-tus-conocimientos-tu-impacto\/","og_site_name":"Capgemini Mexico","article_modified_time":"2025-03-05T06:55:16+00:00","og_image":[{"width":360,"height":400,"url":"https:\/\/www.capgemini.com\/mx-es\/wp-content\/uploads\/sites\/28\/2025\/03\/Frederic-Vander-Sande-2.png","type":"image\/png"}],"twitter_card":"summary_large_image","twitter_misc":{"Est. reading time":"3 minutes"},"schema":{"@context":"https:\/\/schema.org","@graph":[{"@type":"WebPage","@id":"https:\/\/www.capgemini.com\/mx-es\/desafio-de-la-sostenibilidad-tus-conocimientos-tu-impacto\/","url":"https:\/\/www.capgemini.com\/mx-es\/desafio-de-la-sostenibilidad-tus-conocimientos-tu-impacto\/","name":"Desaf\u00edo de la sostenibilidad: tus conocimientos, tu impacto","isPartOf":{"@id":"https:\/\/www.capgemini.com\/mx-es\/#website"},"primaryImageOfPage":{"@id":"https:\/\/www.capgemini.com\/mx-es\/desafio-de-la-sostenibilidad-tus-conocimientos-tu-impacto\/#primaryimage"},"image":{"@id":"https:\/\/www.capgemini.com\/mx-es\/desafio-de-la-sostenibilidad-tus-conocimientos-tu-impacto\/#primaryimage"},"thumbnailUrl":"https:\/\/www.capgemini.com\/mx-es\/wp-content\/uploads\/sites\/28\/2025\/03\/Frederic-Vander-Sande-2.png","datePublished":"2025-03-05T06:55:06+00:00","dateModified":"2025-03-05T06:55:16+00:00","breadcrumb":{"@id":"https:\/\/www.capgemini.com\/mx-es\/desafio-de-la-sostenibilidad-tus-conocimientos-tu-impacto\/#breadcrumb"},"inLanguage":"es-MX","potentialAction":[{"@type":"ReadAction","target":["https:\/\/www.capgemini.com\/mx-es\/desafio-de-la-sostenibilidad-tus-conocimientos-tu-impacto\/"]}]},{"@type":"ImageObject","inLanguage":"es-MX","@id":"https:\/\/www.capgemini.com\/mx-es\/desafio-de-la-sostenibilidad-tus-conocimientos-tu-impacto\/#primaryimage","url":"https:\/\/www.capgemini.com\/mx-es\/wp-content\/uploads\/sites\/28\/2025\/03\/Frederic-Vander-Sande-2.png","contentUrl":"https:\/\/www.capgemini.com\/mx-es\/wp-content\/uploads\/sites\/28\/2025\/03\/Frederic-Vander-Sande-2.png","width":360,"height":400},{"@type":"BreadcrumbList","@id":"https:\/\/www.capgemini.com\/mx-es\/desafio-de-la-sostenibilidad-tus-conocimientos-tu-impacto\/#breadcrumb","itemListElement":[{"@type":"ListItem","position":1,"name":"Home","item":"https:\/\/www.capgemini.com\/mx-es\/"},{"@type":"ListItem","position":2,"name":"Desaf\u00edo de la sostenibilidad: tus conocimientos, tu impacto"}]},{"@type":"WebSite","@id":"https:\/\/www.capgemini.com\/mx-es\/#website","url":"https:\/\/www.capgemini.com\/mx-es\/","name":"Capgemini Mexico","description":"Capgemini","publisher":{"@id":"https:\/\/www.capgemini.com\/mx-es\/#organization"},"potentialAction":[{"@type":"SearchAction","target":{"@type":"EntryPoint","urlTemplate":"https:\/\/www.capgemini.com\/mx-es\/?s={search_term_string}"},"query-input":"required name=search_term_string"}],"inLanguage":"es-MX"},{"@type":"Organization","@id":"https:\/\/www.capgemini.com\/mx-es\/#organization","name":"Capgemini Mexico","url":"https:\/\/www.capgemini.com\/mx-es\/","logo":{"@type":"ImageObject","inLanguage":"es-MX","@id":"https:\/\/www.capgemini.com\/mx-es\/#\/schema\/logo\/image\/","url":"https:\/\/www.capgemini.com\/mx-es\/wp-content\/uploads\/sites\/28\/2025\/07\/linkedin_mwo0q6.png","contentUrl":"https:\/\/www.capgemini.com\/mx-es\/wp-content\/uploads\/sites\/28\/2025\/07\/linkedin_mwo0q6.png","width":800,"height":800,"caption":"Capgemini Mexico"},"image":{"@id":"https:\/\/www.capgemini.com\/mx-es\/#\/schema\/logo\/image\/"}}]}},"brand_term":[],"parsely":{"version":"1.1.0","canonical_url":"https:\/\/capgemini.com\/mx-es\/desafio-de-la-sostenibilidad-tus-conocimientos-tu-impacto\/","smart_links":{"inbound":0,"outbound":0},"traffic_boost_suggestions_count":0,"meta":{"@context":"https:\/\/schema.org","@type":"WebPage","headline":"Desaf\u00edo de la sostenibilidad: tus conocimientos, tu impacto","url":"https:\/\/www.capgemini.com\/mx-es\/desafio-de-la-sostenibilidad-tus-conocimientos-tu-impacto\/","mainEntityOfPage":{"@type":"WebPage","@id":"https:\/\/www.capgemini.com\/mx-es\/desafio-de-la-sostenibilidad-tus-conocimientos-tu-impacto\/"},"thumbnailUrl":"https:\/\/www.capgemini.com\/mx-es\/wp-content\/uploads\/sites\/28\/2025\/03\/Frederic-Vander-Sande-2.png?w=150&h=150&crop=1","image":{"@type":"ImageObject","url":"https:\/\/www.capgemini.com\/mx-es\/wp-content\/uploads\/sites\/28\/2025\/03\/Frederic-Vander-Sande-2.png"},"articleSection":"Uncategorized","author":[],"creator":[],"publisher":{"@type":"Organization","name":"Capgemini Mexico","logo":""},"keywords":[],"dateCreated":"2025-03-05T06:55:06Z","datePublished":"2025-03-05T06:55:06Z","dateModified":"2025-03-05T06:55:16Z"},"rendered":"<meta name=\"parsely-title\" content=\"Desaf\u00edo de la sostenibilidad: tus conocimientos, tu impacto\" \/>\n<meta name=\"parsely-link\" content=\"https:\/\/www.capgemini.com\/mx-es\/desafio-de-la-sostenibilidad-tus-conocimientos-tu-impacto\/\" \/>\n<meta name=\"parsely-type\" content=\"index\" \/>\n<meta name=\"parsely-image-url\" content=\"https:\/\/www.capgemini.com\/mx-es\/wp-content\/uploads\/sites\/28\/2025\/03\/Frederic-Vander-Sande-2.png?w=150&amp;h=150&amp;crop=1\" \/>\n<meta name=\"parsely-pub-date\" content=\"2025-03-05T06:55:06Z\" \/>\n<meta name=\"parsely-section\" content=\"Uncategorized\" \/>","tracker_url":"https:\/\/cdn.parsely.com\/keys\/capgemini.com\/p.js"},"archive_status":false,"featured_image_src":"https:\/\/www.capgemini.com\/mx-es\/wp-content\/uploads\/sites\/28\/2025\/03\/Frederic-Vander-Sande-2.png","featured_image_alt":"","jetpack_sharing_enabled":true,"distributor_meta":false,"distributor_terms":false,"distributor_media":false,"distributor_original_site_name":"Capgemini Mexico","distributor_original_site_url":"https:\/\/www.capgemini.com\/mx-es","push-errors":false,"_links":{"self":[{"href":"https:\/\/www.capgemini.com\/mx-es\/wp-json\/wp\/v2\/pages\/537592","targetHints":{"allow":["GET"]}}],"collection":[{"href":"https:\/\/www.capgemini.com\/mx-es\/wp-json\/wp\/v2\/pages"}],"about":[{"href":"https:\/\/www.capgemini.com\/mx-es\/wp-json\/wp\/v2\/types\/page"}],"author":[{"embeddable":true,"href":"https:\/\/www.capgemini.com\/mx-es\/wp-json\/wp\/v2\/users\/23"}],"replies":[{"embeddable":true,"href":"https:\/\/www.capgemini.com\/mx-es\/wp-json\/wp\/v2\/comments?post=537592"}],"version-history":[{"count":1,"href":"https:\/\/www.capgemini.com\/mx-es\/wp-json\/wp\/v2\/pages\/537592\/revisions"}],"predecessor-version":[{"id":537595,"href":"https:\/\/www.capgemini.com\/mx-es\/wp-json\/wp\/v2\/pages\/537592\/revisions\/537595"}],"wp:featuredmedia":[{"embeddable":true,"href":"https:\/\/www.capgemini.com\/mx-es\/wp-json\/wp\/v2\/media\/537593"}],"wp:attachment":[{"href":"https:\/\/www.capgemini.com\/mx-es\/wp-json\/wp\/v2\/media?parent=537592"}],"wp:term":[{"taxonomy":"brand","embeddable":true,"href":"https:\/\/www.capgemini.com\/mx-es\/wp-json\/wp\/v2\/brand?post=537592"},{"taxonomy":"partner_type","embeddable":true,"href":"https:\/\/www.capgemini.com\/mx-es\/wp-json\/wp\/v2\/partner_type?post=537592"},{"taxonomy":"service","embeddable":true,"href":"https:\/\/www.capgemini.com\/mx-es\/wp-json\/wp\/v2\/service?post=537592"},{"taxonomy":"industry","embeddable":true,"href":"https:\/\/www.capgemini.com\/mx-es\/wp-json\/wp\/v2\/industry?post=537592"},{"taxonomy":"partners","embeddable":true,"href":"https:\/\/www.capgemini.com\/mx-es\/wp-json\/wp\/v2\/partners?post=537592"},{"taxonomy":"page-type","embeddable":true,"href":"https:\/\/www.capgemini.com\/mx-es\/wp-json\/wp\/v2\/page-type?post=537592"},{"taxonomy":"content-group","embeddable":true,"href":"https:\/\/www.capgemini.com\/mx-es\/wp-json\/wp\/v2\/content-group?post=537592"}],"curies":[{"name":"wp","href":"https:\/\/api.w.org\/{rel}","templated":true}]}}