{"id":5353,"date":"2022-04-08T11:03:43","date_gmt":"2022-04-08T11:03:43","guid":{"rendered":"https:\/\/www.capgemini.com\/?page_id=673678"},"modified":"2026-01-12T20:16:13","modified_gmt":"2026-01-12T20:16:13","slug":"plataforma-andy-3d-asistencia-remota-y-renovacion-de-activos","status":"publish","type":"page","link":"https:\/\/www.capgemini.com\/mx-es\/solutions\/plataforma-andy-3d-asistencia-remota-y-renovacion-de-activos\/","title":{"rendered":"Plataforma Andy 3d: asistencia remota y renovaci\u00f3n de activos"},"content":{"rendered":"\n<header class=\"wp-block-cg-blocks-hero-reusable is-style-blue-line header heroReusable  \"><div class=\"header-bgs\"><picture><source srcset=\"https:\/\/www.capgemini.com\/wp-content\/uploads\/2022\/04\/Capture-9.jpg?w=2880&amp;quality=70 1x, https:\/\/www.capgemini.com\/wp-content\/uploads\/2022\/04\/Capture-9.jpg?w=2880&amp;quality=70 2x\" media=\"(min-width: 1500px)\"\/><source srcset=\"https:\/\/www.capgemini.com\/wp-content\/uploads\/2022\/04\/Capture-9.jpg?w=1440&amp;quality=70 1x, https:\/\/www.capgemini.com\/wp-content\/uploads\/2022\/04\/Capture-9.jpg?w=2880&amp;quality=70 2x\" media=\"(min-width: 992px)\"\/><source srcset=\"https:\/\/www.capgemini.com\/wp-content\/uploads\/2022\/04\/Capture-9.jpg?w=1024&amp;quality=70 1x, https:\/\/www.capgemini.com\/wp-content\/uploads\/2022\/04\/Capture-9.jpg?w=1024&amp;quality=70 2x\" media=\"(min-width: 768px)\"\/><source srcset=\"https:\/\/www.capgemini.com\/wp-content\/uploads\/2022\/04\/Capture-9.jpg?w=768&amp;quality=70 1x, https:\/\/www.capgemini.com\/wp-content\/uploads\/2022\/04\/Capture-9.jpg?w=768&amp;quality=70 2x\" media=\"(min-width: 0)\"\/><img decoding=\"async\" src=\"https:\/\/www.capgemini.com\/wp-content\/uploads\/2022\/04\/Capture-9.jpg\" class=\"header-img header-img-d\" alt=\"\" style=\"object-fit:cover;object-position:50% 50%\" loading=\"eager\"\/><\/picture><\/div><div class=\"heroPictureCardHeaderShape\"><\/div><div class=\"container\"><div class=\"row\"><div class=\"col-md-12\"><div class=\"box\"><div class=\"boxTagWrapper\"><div class=\"tagInfo\"><div><span class=\"box-tag\">Solution<\/span><\/div><\/div><\/div><div class=\"box-title\"><h1 data-maxlength=\"34\">Plataforma Andy 3d: Asistencia remota y renovaci\u00f3n de activos<\/h1><\/div><div class=\"inner-row-insight download-btn\"><div class=\"col-md-4 downloadFiles \"><a class=\"button-download--small\" type=\"download\" href=\"https:\/\/www.capgemini.com\/wp-content\/uploads\/2022\/04\/Andy-3D_Immersive-Remote-Assistance-Platform_Web-PaP.pdf\" target=\"_blank\" rel=\"noopener noreferrer\" title=\"Abrir en una nueva ventana\"><span>Andy 3D immersive<\/span><span class=\"type\">2 MB pdf<\/span><\/a><\/div><div class=\"col-md-4 downloadFiles \"><a class=\"button-download--small\" type=\"download\" href=\"https:\/\/www.capgemini.com\/wp-content\/uploads\/2022\/04\/Andy-3D_Asset-Revamping-Web-Platform_Web-PaP.pdf\" target=\"_blank\" rel=\"noopener noreferrer\" title=\"Abrir en una nueva ventana\"><span>Andy 3D Assets<\/span><span class=\"type\">3 MB pdf<\/span><\/a><\/div><\/div><\/div><\/div><\/div><\/div><\/header>\n\n\n\n<section class=\"wp-block-cg-blocks-intro-para undefined section section--intro\"><div class=\"intro-para\"><div class=\"container\"><div class=\"row\"><div class=\"col-12 col-md-1\"><nav class=\"article-social\"><ul class=\"social-nav\"><li class=\"ip-order-fb\"><a href=\"https:\/\/www.facebook.com\/sharer\/sharer.php?u=https:\/\/www.capgemini.com\/mx-es\/solutions\/plataforma-andy-3d-asistencia-remota-y-renovacion-de-activos\/\" target=\"_blank\" rel=\"noopener noreferrer\" title=\"Abrir en una nueva ventana\"><i aria-hidden=\"true\" class=\"icon-fb\"><\/i><span class=\"sr-only\">Facebook<\/span><\/a><\/li><li class=\"ip-order-li\"><a href=\"https:\/\/www.linkedin.com\/sharing\/share-offsite\/?url=https:\/\/www.capgemini.com\/mx-es\/solutions\/plataforma-andy-3d-asistencia-remota-y-renovacion-de-activos\/\" target=\"_blank\" rel=\"noopener noreferrer\" title=\"Abrir en una nueva ventana\"><i aria-hidden=\"true\" class=\"icon-li\"><\/i><span class=\"sr-only\">Linkedin<\/span><\/a><\/li><\/ul><\/nav><\/div><div class=\"col-12 col-md-11 col-lg-10\"><h2 class=\"intro-para-title\">Cerrando la brecha entre los mundos digital y f\u00edsico con Andy3D: una plataforma de continuidad digital, integrada en su entorno de TI, con personalizaci\u00f3n, integraci\u00f3n, soporte e implementaci\u00f3n plug and play bajo demanda.<\/h2><p class=\"intro-para-content\"><br><\/p><\/div><\/div><\/div><\/div><\/section>\n\n\n\n<section class=\"wp-block-cg-blocks-group undefined section section--article-content\"><div class=\"article-main-content\"><div class=\"container\"><div class=\"row\"><div class=\"col-12 col-md-11 col-lg-10 offset-md-1 offset-lg-1\"><div class=\"article-text article-quote-text\">\n<h2 class=\"wp-block-heading\" id=\"h-andy3d-una-plataforma-de-asistencia-remota-inmersiva\">Andy3D: una plataforma de asistencia remota inmersiva<\/h2>\n\n\n\n<p>La \u00fanica plataforma remota que brinda continuidad digital de modelos 3D y es totalmente personalizable para su entorno de TI. La soluci\u00f3n mejora:<\/p>\n\n\n\n<ul class=\"wp-block-list\">\n<li>Colaboraci\u00f3n e intercambio de conocimientos, entre trabajadores en movilidad, in situ o en los sitios de los clientes, y el centro remoto de excelencia, como Ingenier\u00eda, Mantenimiento y Servicios al cliente.<\/li>\n\n\n\n<li>Convergencia f\u00edsico-digital en todas las fases de desarrollo: Prototipado, Industrializaci\u00f3n, Validaci\u00f3n, Lanzamiento, Inspecci\u00f3n y Mantenimiento.<\/li>\n\n\n\n<li>Manejo completo de las operaciones tanto en el mundo de los productos como en el de las infraestructuras.<\/li>\n<\/ul>\n<\/div><\/div><\/div><\/div><\/div><\/section>\n\n\n\n<section class=\"wp-block-cg-blocks-intro-para-video section section--info-2cols section--insights section-video \"><div class=\"bg-color video-align-right\"><div class=\"container\"><div class=\"row video-align-left\"><div class=\"col-md-12\"><div class=\"video-align-left row box box--4 box--mini\"><div class=\"col-md-3\"><h3 class=\"Video-title\" data-maxlength=\"34\">Andy3D<\/h3><div class=\"video-info\"><p data-maxlength=\"68\">una plataforma web de renovaci\u00f3n de activos<\/p><\/div><\/div><div class=\"col-md-8 box-img-wrapper\"><div class=\"video-box\"><div class=\"video-wrapper\"><iframe title=\"video-section\" src=\"https:\/\/www.youtube.com\/embed\/j3JDeYR6Ctw?rel=0&amp;modestbranding=1&amp;playsinline=1&amp;enablejsapi=1\" frameborder=\"0\" allow=\"accelerometer; autoplay; clipboard-write; encrypted-media; gyroscope; picture-in-picture\" allowfullscreen loading=\"lazy\" referrerpolicy=\"strict-origin-when-cross-origin\"><\/iframe><\/div><\/div><\/div><div class=\"col-md-1\"><\/div><\/div><\/div><\/div><\/div><\/div><\/section>\n\n\n\n<section class=\"wp-block-cg-blocks-group undefined section section--article-content\"><div class=\"article-main-content\"><div class=\"container\"><div class=\"row\"><div class=\"col-12 col-md-11 col-lg-10 offset-md-1 offset-lg-1\"><div class=\"article-text article-quote-text\">\n<h2 class=\"wp-block-heading\"><strong>Andy3D<\/strong>&nbsp;<strong>\u2013 an asset revamping web platform<\/strong><\/h2>\n\n\n\n<p>La \u00fanica plataforma que proporciona maquetas digitales h\u00edbridas 3D reales, interactivas y f\u00e1ciles de usar en un navegador web desde cualquier dispositivo. Gracias al modelado h\u00edbrido enriquecido con potentes funciones, esta soluci\u00f3n mejora:<\/p>\n\n\n\n<ul class=\"wp-block-list\">\n<li>Exploraciones, an\u00e1lisis y simulaciones de operaciones de grandes activos: mantenimiento, inspecci\u00f3n y revamping<\/li>\n\n\n\n<li>Mediciones de dise\u00f1o exactas y gesti\u00f3n de conflictos para simulaciones de tama\u00f1o real<\/li>\n\n\n\n<li>Visualizaci\u00f3n 3D en un entorno interactivo 3D disponible para todos los usuarios registrados<\/li>\n\n\n\n<li>Accesibilidad remota a un gran volumen de datos 3D con una sola aplicaci\u00f3n de navegador web<\/li>\n\n\n\n<li>Capacidades de alto rendimiento: aut\u00f3nomo, m\u00f3vil, colaborativo e interoperable.<\/li>\n<\/ul>\n<\/div><\/div><\/div><\/div><\/div><\/section>\n\n\n\n<section class=\"wp-block-cg-blocks-intro-para-video section section--info-2cols section--insights section-video \"><div class=\"bg-color video-align-left\"><div class=\"container\"><div class=\"row video-align-right\"><div class=\"col-md-12\"><div class=\"video-align-right row box box--4 box--mini\"><div class=\"col-md-1\"><\/div><div class=\"col-md-8 box-img-wrapper\"><div class=\"video-box\"><div class=\"video-wrapper\"><iframe title=\"video-section\" src=\"https:\/\/www.youtube.com\/embed\/JYjIVfpH10M?rel=0&amp;modestbranding=1&amp;playsinline=1&amp;enablejsapi=1\" frameborder=\"0\" allow=\"accelerometer; autoplay; clipboard-write; encrypted-media; gyroscope; picture-in-picture\" allowfullscreen loading=\"lazy\" referrerpolicy=\"strict-origin-when-cross-origin\"><\/iframe><\/div><\/div><\/div><div class=\"col-md-3\"><h3 class=\"Video-title\" data-maxlength=\"34\">M\u00e1s sobre Andy3D<\/h3><div class=\"video-info\"><p data-maxlength=\"68\">Una plataforma web de renovaci\u00f3n de activos<\/p><\/div><\/div><div class=\"col-md-1\"><\/div><\/div><\/div><\/div><\/div><\/div><\/section>\n","protected":false},"excerpt":{"rendered":"","protected":false},"author":151,"featured_media":5354,"parent":5720,"menu_order":0,"comment_status":"closed","ping_status":"closed","template":"","meta":{"cg_dt_proposed_to":[16],"cg_seo_hreflang_relations":"[]","cg_seo_canonical_relation":"","cg_seo_hreflang_x_default_relation":"{\"uuid\":\"e365b30b-c631-4527-82f5-b929a1a5615c\",\"blogId\":\"\",\"domain\":\"\",\"sitePath\":\"\",\"postLink\":\"\",\"postId\":null,\"isSaved\":false,\"isCrossLink\":false,\"hasCrossLink\":false}","cg_dt_approved_content":true,"cg_dt_mandatory_content":false,"cg_dt_notes":"","cg_dg_source_changed":true,"cg_dt_link_disabled":true,"_yoast_wpseo_primary_brand":"","footnotes":"","featured_focal_points":"","partner_card_description":"","gsap_animation":0},"brand":[],"partner_type":[],"service":[],"industry":[],"partners":[],"page-type":[167],"content-group":[],"class_list":["post-5353","page","type-page","status-publish","has-post-thumbnail","hentry","page-type-solutions"],"yoast_head":"<!-- This site is optimized with the Yoast SEO Premium plugin v22.8 (Yoast SEO v22.8) - https:\/\/yoast.com\/wordpress\/plugins\/seo\/ -->\n<title>Plataforma Andy 3d: Asistencia remota y Renovaci\u00f3n de activos | Capgemini<\/title>\n<meta name=\"description\" content=\"Cerrando la brecha entre los mundos digital y f\u00edsico con Andy3D: una plataforma de continuidad digital, integrada en su entorno de TI, con personalizaci\u00f3n, integraci\u00f3n, soporte e implementaci\u00f3n plug and play bajo demanda.\" \/>\n<meta name=\"robots\" content=\"index, follow, max-snippet:-1, max-image-preview:large, max-video-preview:-1\" \/>\n<link rel=\"canonical\" href=\"https:\/\/www.capgemini.com\/mx-es\/solutions\/plataforma-andy-3d-asistencia-remota-y-renovacion-de-activos\/\" \/>\n<meta property=\"og:locale\" content=\"es_MX\" \/>\n<meta property=\"og:type\" content=\"article\" \/>\n<meta property=\"og:title\" content=\"Plataforma Andy 3d: asistencia remota y renovaci\u00f3n de activos\" \/>\n<meta property=\"og:description\" content=\"Cerrando la brecha entre los mundos digital y f\u00edsico con Andy3D: una plataforma de continuidad digital, integrada en su entorno de TI, con personalizaci\u00f3n, integraci\u00f3n, soporte e implementaci\u00f3n plug and play bajo demanda.\" \/>\n<meta property=\"og:url\" content=\"https:\/\/www.capgemini.com\/mx-es\/solutions\/plataforma-andy-3d-asistencia-remota-y-renovacion-de-activos\/\" \/>\n<meta property=\"og:site_name\" content=\"Capgemini Mexico\" \/>\n<meta property=\"article:modified_time\" content=\"2026-01-12T20:16:13+00:00\" \/>\n<meta property=\"og:image\" content=\"https:\/\/www.capgemini.com\/mx-es\/wp-content\/uploads\/sites\/28\/2022\/04\/Capture-9.jpg\" \/>\n\t<meta property=\"og:image:width\" content=\"1603\" \/>\n\t<meta property=\"og:image:height\" content=\"364\" \/>\n\t<meta property=\"og:image:type\" content=\"image\/jpeg\" \/>\n<meta name=\"twitter:card\" content=\"summary_large_image\" \/>\n<meta name=\"twitter:label1\" content=\"Est. reading time\" \/>\n\t<meta name=\"twitter:data1\" content=\"2 minutes\" \/>\n<script type=\"application\/ld+json\" class=\"yoast-schema-graph\">{\"@context\":\"https:\/\/schema.org\",\"@graph\":[{\"@type\":\"WebPage\",\"@id\":\"https:\/\/www.capgemini.com\/mx-es\/solutions\/plataforma-andy-3d-asistencia-remota-y-renovacion-de-activos\/\",\"url\":\"https:\/\/www.capgemini.com\/mx-es\/solutions\/plataforma-andy-3d-asistencia-remota-y-renovacion-de-activos\/\",\"name\":\"Plataforma Andy 3d: Asistencia remota y Renovaci\u00f3n de activos | Capgemini\",\"isPartOf\":{\"@id\":\"https:\/\/www.capgemini.com\/mx-es\/#website\"},\"primaryImageOfPage\":{\"@id\":\"https:\/\/www.capgemini.com\/mx-es\/solutions\/plataforma-andy-3d-asistencia-remota-y-renovacion-de-activos\/#primaryimage\"},\"image\":{\"@id\":\"https:\/\/www.capgemini.com\/mx-es\/solutions\/plataforma-andy-3d-asistencia-remota-y-renovacion-de-activos\/#primaryimage\"},\"thumbnailUrl\":\"https:\/\/www.capgemini.com\/mx-es\/wp-content\/uploads\/sites\/28\/2022\/04\/Capture-9.jpg\",\"datePublished\":\"2022-04-08T11:03:43+00:00\",\"dateModified\":\"2026-01-12T20:16:13+00:00\",\"description\":\"Cerrando la brecha entre los mundos digital y f\u00edsico con Andy3D: una plataforma de continuidad digital, integrada en su entorno de TI, con personalizaci\u00f3n, integraci\u00f3n, soporte e implementaci\u00f3n plug and play bajo demanda.\",\"breadcrumb\":{\"@id\":\"https:\/\/www.capgemini.com\/mx-es\/solutions\/plataforma-andy-3d-asistencia-remota-y-renovacion-de-activos\/#breadcrumb\"},\"inLanguage\":\"es-MX\",\"potentialAction\":[{\"@type\":\"ReadAction\",\"target\":[\"https:\/\/www.capgemini.com\/mx-es\/solutions\/plataforma-andy-3d-asistencia-remota-y-renovacion-de-activos\/\"]}]},{\"@type\":\"ImageObject\",\"inLanguage\":\"es-MX\",\"@id\":\"https:\/\/www.capgemini.com\/mx-es\/solutions\/plataforma-andy-3d-asistencia-remota-y-renovacion-de-activos\/#primaryimage\",\"url\":\"https:\/\/www.capgemini.com\/mx-es\/wp-content\/uploads\/sites\/28\/2022\/04\/Capture-9.jpg\",\"contentUrl\":\"https:\/\/www.capgemini.com\/mx-es\/wp-content\/uploads\/sites\/28\/2022\/04\/Capture-9.jpg\",\"width\":1603,\"height\":364},{\"@type\":\"BreadcrumbList\",\"@id\":\"https:\/\/www.capgemini.com\/mx-es\/solutions\/plataforma-andy-3d-asistencia-remota-y-renovacion-de-activos\/#breadcrumb\",\"itemListElement\":[{\"@type\":\"ListItem\",\"position\":1,\"name\":\"Home\",\"item\":\"https:\/\/www.capgemini.com\/mx-es\/\"},{\"@type\":\"ListItem\",\"position\":2,\"name\":\"Solutions\",\"item\":\"https:\/\/www.capgemini.com\/mx-es\/solutions\/\"},{\"@type\":\"ListItem\",\"position\":3,\"name\":\"Plataforma Andy 3d: asistencia remota y renovaci\u00f3n de activos\"}]},{\"@type\":\"WebSite\",\"@id\":\"https:\/\/www.capgemini.com\/mx-es\/#website\",\"url\":\"https:\/\/www.capgemini.com\/mx-es\/\",\"name\":\"Capgemini Mexico\",\"description\":\"Capgemini\",\"publisher\":{\"@id\":\"https:\/\/www.capgemini.com\/mx-es\/#organization\"},\"potentialAction\":[{\"@type\":\"SearchAction\",\"target\":{\"@type\":\"EntryPoint\",\"urlTemplate\":\"https:\/\/www.capgemini.com\/mx-es\/?s={search_term_string}\"},\"query-input\":\"required name=search_term_string\"}],\"inLanguage\":\"es-MX\"},{\"@type\":\"Organization\",\"@id\":\"https:\/\/www.capgemini.com\/mx-es\/#organization\",\"name\":\"Capgemini Mexico\",\"url\":\"https:\/\/www.capgemini.com\/mx-es\/\",\"logo\":{\"@type\":\"ImageObject\",\"inLanguage\":\"es-MX\",\"@id\":\"https:\/\/www.capgemini.com\/mx-es\/#\/schema\/logo\/image\/\",\"url\":\"https:\/\/www.capgemini.com\/mx-es\/wp-content\/uploads\/sites\/28\/2025\/07\/linkedin_mwo0q6.png\",\"contentUrl\":\"https:\/\/www.capgemini.com\/mx-es\/wp-content\/uploads\/sites\/28\/2025\/07\/linkedin_mwo0q6.png\",\"width\":800,\"height\":800,\"caption\":\"Capgemini Mexico\"},\"image\":{\"@id\":\"https:\/\/www.capgemini.com\/mx-es\/#\/schema\/logo\/image\/\"}}]}<\/script>\n<!-- \/ Yoast SEO Premium plugin. -->","yoast_head_json":{"title":"Plataforma Andy 3d: Asistencia remota y Renovaci\u00f3n de activos | Capgemini","description":"Cerrando la brecha entre los mundos digital y f\u00edsico con Andy3D: una plataforma de continuidad digital, integrada en su entorno de TI, con personalizaci\u00f3n, integraci\u00f3n, soporte e implementaci\u00f3n plug and play bajo demanda.","robots":{"index":"index","follow":"follow","max-snippet":"max-snippet:-1","max-image-preview":"max-image-preview:large","max-video-preview":"max-video-preview:-1"},"canonical":"https:\/\/www.capgemini.com\/mx-es\/solutions\/plataforma-andy-3d-asistencia-remota-y-renovacion-de-activos\/","og_locale":"es_MX","og_type":"article","og_title":"Plataforma Andy 3d: asistencia remota y renovaci\u00f3n de activos","og_description":"Cerrando la brecha entre los mundos digital y f\u00edsico con Andy3D: una plataforma de continuidad digital, integrada en su entorno de TI, con personalizaci\u00f3n, integraci\u00f3n, soporte e implementaci\u00f3n plug and play bajo demanda.","og_url":"https:\/\/www.capgemini.com\/mx-es\/solutions\/plataforma-andy-3d-asistencia-remota-y-renovacion-de-activos\/","og_site_name":"Capgemini Mexico","article_modified_time":"2026-01-12T20:16:13+00:00","og_image":[{"width":1603,"height":364,"url":"https:\/\/www.capgemini.com\/mx-es\/wp-content\/uploads\/sites\/28\/2022\/04\/Capture-9.jpg","type":"image\/jpeg"}],"twitter_card":"summary_large_image","twitter_misc":{"Est. reading time":"2 minutes"},"schema":{"@context":"https:\/\/schema.org","@graph":[{"@type":"WebPage","@id":"https:\/\/www.capgemini.com\/mx-es\/solutions\/plataforma-andy-3d-asistencia-remota-y-renovacion-de-activos\/","url":"https:\/\/www.capgemini.com\/mx-es\/solutions\/plataforma-andy-3d-asistencia-remota-y-renovacion-de-activos\/","name":"Plataforma Andy 3d: Asistencia remota y Renovaci\u00f3n de activos | Capgemini","isPartOf":{"@id":"https:\/\/www.capgemini.com\/mx-es\/#website"},"primaryImageOfPage":{"@id":"https:\/\/www.capgemini.com\/mx-es\/solutions\/plataforma-andy-3d-asistencia-remota-y-renovacion-de-activos\/#primaryimage"},"image":{"@id":"https:\/\/www.capgemini.com\/mx-es\/solutions\/plataforma-andy-3d-asistencia-remota-y-renovacion-de-activos\/#primaryimage"},"thumbnailUrl":"https:\/\/www.capgemini.com\/mx-es\/wp-content\/uploads\/sites\/28\/2022\/04\/Capture-9.jpg","datePublished":"2022-04-08T11:03:43+00:00","dateModified":"2026-01-12T20:16:13+00:00","description":"Cerrando la brecha entre los mundos digital y f\u00edsico con Andy3D: una plataforma de continuidad digital, integrada en su entorno de TI, con personalizaci\u00f3n, integraci\u00f3n, soporte e implementaci\u00f3n plug and play bajo demanda.","breadcrumb":{"@id":"https:\/\/www.capgemini.com\/mx-es\/solutions\/plataforma-andy-3d-asistencia-remota-y-renovacion-de-activos\/#breadcrumb"},"inLanguage":"es-MX","potentialAction":[{"@type":"ReadAction","target":["https:\/\/www.capgemini.com\/mx-es\/solutions\/plataforma-andy-3d-asistencia-remota-y-renovacion-de-activos\/"]}]},{"@type":"ImageObject","inLanguage":"es-MX","@id":"https:\/\/www.capgemini.com\/mx-es\/solutions\/plataforma-andy-3d-asistencia-remota-y-renovacion-de-activos\/#primaryimage","url":"https:\/\/www.capgemini.com\/mx-es\/wp-content\/uploads\/sites\/28\/2022\/04\/Capture-9.jpg","contentUrl":"https:\/\/www.capgemini.com\/mx-es\/wp-content\/uploads\/sites\/28\/2022\/04\/Capture-9.jpg","width":1603,"height":364},{"@type":"BreadcrumbList","@id":"https:\/\/www.capgemini.com\/mx-es\/solutions\/plataforma-andy-3d-asistencia-remota-y-renovacion-de-activos\/#breadcrumb","itemListElement":[{"@type":"ListItem","position":1,"name":"Home","item":"https:\/\/www.capgemini.com\/mx-es\/"},{"@type":"ListItem","position":2,"name":"Solutions","item":"https:\/\/www.capgemini.com\/mx-es\/solutions\/"},{"@type":"ListItem","position":3,"name":"Plataforma Andy 3d: asistencia remota y renovaci\u00f3n de activos"}]},{"@type":"WebSite","@id":"https:\/\/www.capgemini.com\/mx-es\/#website","url":"https:\/\/www.capgemini.com\/mx-es\/","name":"Capgemini Mexico","description":"Capgemini","publisher":{"@id":"https:\/\/www.capgemini.com\/mx-es\/#organization"},"potentialAction":[{"@type":"SearchAction","target":{"@type":"EntryPoint","urlTemplate":"https:\/\/www.capgemini.com\/mx-es\/?s={search_term_string}"},"query-input":"required name=search_term_string"}],"inLanguage":"es-MX"},{"@type":"Organization","@id":"https:\/\/www.capgemini.com\/mx-es\/#organization","name":"Capgemini Mexico","url":"https:\/\/www.capgemini.com\/mx-es\/","logo":{"@type":"ImageObject","inLanguage":"es-MX","@id":"https:\/\/www.capgemini.com\/mx-es\/#\/schema\/logo\/image\/","url":"https:\/\/www.capgemini.com\/mx-es\/wp-content\/uploads\/sites\/28\/2025\/07\/linkedin_mwo0q6.png","contentUrl":"https:\/\/www.capgemini.com\/mx-es\/wp-content\/uploads\/sites\/28\/2025\/07\/linkedin_mwo0q6.png","width":800,"height":800,"caption":"Capgemini Mexico"},"image":{"@id":"https:\/\/www.capgemini.com\/mx-es\/#\/schema\/logo\/image\/"}}]}},"brand_term":[],"parsely":{"version":"1.1.0","canonical_url":"https:\/\/capgemini.com\/mx-es\/solutions\/plataforma-andy-3d-asistencia-remota-y-renovacion-de-activos\/","smart_links":{"inbound":0,"outbound":0},"traffic_boost_suggestions_count":0,"meta":{"@context":"https:\/\/schema.org","@type":"WebPage","headline":"Plataforma Andy 3d: asistencia remota y renovaci\u00f3n de activos","url":"https:\/\/www.capgemini.com\/mx-es\/solutions\/plataforma-andy-3d-asistencia-remota-y-renovacion-de-activos\/","mainEntityOfPage":{"@type":"WebPage","@id":"https:\/\/www.capgemini.com\/mx-es\/solutions\/plataforma-andy-3d-asistencia-remota-y-renovacion-de-activos\/"},"thumbnailUrl":"https:\/\/www.capgemini.com\/mx-es\/wp-content\/uploads\/sites\/28\/2022\/04\/Capture-9.jpg?w=150&h=150&crop=1","image":{"@type":"ImageObject","url":"https:\/\/www.capgemini.com\/mx-es\/wp-content\/uploads\/sites\/28\/2022\/04\/Capture-9.jpg"},"articleSection":"Uncategorized","author":[],"creator":[],"publisher":{"@type":"Organization","name":"Capgemini Mexico","logo":""},"keywords":[],"dateCreated":"2022-04-08T11:03:43Z","datePublished":"2022-04-08T11:03:43Z","dateModified":"2026-01-12T20:16:13Z"},"rendered":"<meta name=\"parsely-title\" content=\"Plataforma Andy 3d: asistencia remota y renovaci\u00f3n de activos\" \/>\n<meta name=\"parsely-link\" content=\"https:\/\/www.capgemini.com\/mx-es\/solutions\/plataforma-andy-3d-asistencia-remota-y-renovacion-de-activos\/\" \/>\n<meta name=\"parsely-type\" content=\"index\" \/>\n<meta name=\"parsely-image-url\" content=\"https:\/\/www.capgemini.com\/mx-es\/wp-content\/uploads\/sites\/28\/2022\/04\/Capture-9.jpg?w=150&amp;h=150&amp;crop=1\" \/>\n<meta name=\"parsely-pub-date\" content=\"2022-04-08T11:03:43Z\" \/>\n<meta name=\"parsely-section\" content=\"Uncategorized\" \/>","tracker_url":"https:\/\/cdn.parsely.com\/keys\/capgemini.com\/p.js"},"archive_status":false,"featured_image_src":"https:\/\/www.capgemini.com\/mx-es\/wp-content\/uploads\/sites\/28\/2022\/04\/Capture-9.jpg","featured_image_alt":"","jetpack_sharing_enabled":true,"distributor_meta":false,"distributor_terms":false,"distributor_media":false,"distributor_original_site_name":"Capgemini Mexico","distributor_original_site_url":"https:\/\/www.capgemini.com\/mx-es","push-errors":false,"_links":{"self":[{"href":"https:\/\/www.capgemini.com\/mx-es\/wp-json\/wp\/v2\/pages\/5353","targetHints":{"allow":["GET"]}}],"collection":[{"href":"https:\/\/www.capgemini.com\/mx-es\/wp-json\/wp\/v2\/pages"}],"about":[{"href":"https:\/\/www.capgemini.com\/mx-es\/wp-json\/wp\/v2\/types\/page"}],"author":[{"embeddable":true,"href":"https:\/\/www.capgemini.com\/mx-es\/wp-json\/wp\/v2\/users\/151"}],"replies":[{"embeddable":true,"href":"https:\/\/www.capgemini.com\/mx-es\/wp-json\/wp\/v2\/comments?post=5353"}],"version-history":[{"count":7,"href":"https:\/\/www.capgemini.com\/mx-es\/wp-json\/wp\/v2\/pages\/5353\/revisions"}],"predecessor-version":[{"id":557769,"href":"https:\/\/www.capgemini.com\/mx-es\/wp-json\/wp\/v2\/pages\/5353\/revisions\/557769"}],"up":[{"embeddable":true,"href":"https:\/\/www.capgemini.com\/mx-es\/wp-json\/wp\/v2\/pages\/5720"}],"wp:featuredmedia":[{"embeddable":true,"href":"https:\/\/www.capgemini.com\/mx-es\/wp-json\/wp\/v2\/media\/5354"}],"wp:attachment":[{"href":"https:\/\/www.capgemini.com\/mx-es\/wp-json\/wp\/v2\/media?parent=5353"}],"wp:term":[{"taxonomy":"brand","embeddable":true,"href":"https:\/\/www.capgemini.com\/mx-es\/wp-json\/wp\/v2\/brand?post=5353"},{"taxonomy":"partner_type","embeddable":true,"href":"https:\/\/www.capgemini.com\/mx-es\/wp-json\/wp\/v2\/partner_type?post=5353"},{"taxonomy":"service","embeddable":true,"href":"https:\/\/www.capgemini.com\/mx-es\/wp-json\/wp\/v2\/service?post=5353"},{"taxonomy":"industry","embeddable":true,"href":"https:\/\/www.capgemini.com\/mx-es\/wp-json\/wp\/v2\/industry?post=5353"},{"taxonomy":"partners","embeddable":true,"href":"https:\/\/www.capgemini.com\/mx-es\/wp-json\/wp\/v2\/partners?post=5353"},{"taxonomy":"page-type","embeddable":true,"href":"https:\/\/www.capgemini.com\/mx-es\/wp-json\/wp\/v2\/page-type?post=5353"},{"taxonomy":"content-group","embeddable":true,"href":"https:\/\/www.capgemini.com\/mx-es\/wp-json\/wp\/v2\/content-group?post=5353"}],"curies":[{"name":"wp","href":"https:\/\/api.w.org\/{rel}","templated":true}]}}