{"id":535265,"date":"2024-12-19T07:22:54","date_gmt":"2024-12-19T07:22:54","guid":{"rendered":"https:\/\/www.capgemini.com\/mx-es\/?page_id=535265"},"modified":"2025-01-20T22:15:24","modified_gmt":"2025-01-20T22:15:24","slug":"academia-de-software","status":"publish","type":"page","link":"https:\/\/www.capgemini.com\/mx-es\/careers\/academia-de-software\/","title":{"rendered":"Academia de Software"},"content":{"rendered":"\n<div class=\"wp-block-cg-blocks-hero-picture-card undefined  heroPictureCard\"><div class=\"heroPictureCardBgs\"><picture><source srcset=\"https:\/\/www.capgemini.com\/mx-es\/wp-content\/uploads\/sites\/28\/2023\/04\/MicrosoftTeams-image-63-1.jpg?w=2880&amp;quality=70 1x, https:\/\/www.capgemini.com\/mx-es\/wp-content\/uploads\/sites\/28\/2023\/04\/MicrosoftTeams-image-63-1.jpg?w=2880&amp;quality=70 2x\" media=\"(min-width: 1500px)\"\/><source srcset=\"https:\/\/www.capgemini.com\/mx-es\/wp-content\/uploads\/sites\/28\/2023\/04\/MicrosoftTeams-image-63-1.jpg?w=1440&amp;quality=70 1x, https:\/\/www.capgemini.com\/mx-es\/wp-content\/uploads\/sites\/28\/2023\/04\/MicrosoftTeams-image-63-1.jpg?w=2880&amp;quality=70 2x\" media=\"(min-width: 992px)\"\/><source srcset=\"https:\/\/www.capgemini.com\/mx-es\/wp-content\/uploads\/sites\/28\/2023\/04\/MicrosoftTeams-image-63-1.jpg?w=1024&amp;quality=70 1x, https:\/\/www.capgemini.com\/mx-es\/wp-content\/uploads\/sites\/28\/2023\/04\/MicrosoftTeams-image-63-1.jpg?w=1024&amp;quality=70 2x\" media=\"(min-width: 768px)\"\/><source srcset=\"https:\/\/www.capgemini.com\/mx-es\/wp-content\/uploads\/sites\/28\/2023\/04\/MicrosoftTeams-image-63-1.jpg?w=768&amp;quality=70 1x, https:\/\/www.capgemini.com\/mx-es\/wp-content\/uploads\/sites\/28\/2023\/04\/MicrosoftTeams-image-63-1.jpg?w=768&amp;quality=70 2x\" media=\"(min-width: 0)\"\/><img decoding=\"async\" src=\"https:\/\/www.capgemini.com\/mx-es\/wp-content\/uploads\/sites\/28\/2023\/04\/MicrosoftTeams-image-63-1.jpg\" class=\"desktopImage\" alt=\"\" style=\"object-fit:cover;object-position:71% 27%\" loading=\"eager\"\/><\/picture><picture><source srcset=\"https:\/\/www.capgemini.com\/mx-es\/wp-content\/uploads\/sites\/28\/2023\/04\/MicrosoftTeams-image-63-1.jpg?w=2880&amp;quality=70 1x, https:\/\/www.capgemini.com\/mx-es\/wp-content\/uploads\/sites\/28\/2023\/04\/MicrosoftTeams-image-63-1.jpg?w=2880&amp;quality=70 2x\" media=\"(min-width: 1500px)\"\/><source srcset=\"https:\/\/www.capgemini.com\/mx-es\/wp-content\/uploads\/sites\/28\/2023\/04\/MicrosoftTeams-image-63-1.jpg?w=1440&amp;quality=70 1x, https:\/\/www.capgemini.com\/mx-es\/wp-content\/uploads\/sites\/28\/2023\/04\/MicrosoftTeams-image-63-1.jpg?w=2880&amp;quality=70 2x\" media=\"(min-width: 992px)\"\/><source srcset=\"https:\/\/www.capgemini.com\/mx-es\/wp-content\/uploads\/sites\/28\/2023\/04\/MicrosoftTeams-image-63-1.jpg?w=1024&amp;quality=70 1x, https:\/\/www.capgemini.com\/mx-es\/wp-content\/uploads\/sites\/28\/2023\/04\/MicrosoftTeams-image-63-1.jpg?w=1024&amp;quality=70 2x\" media=\"(min-width: 768px)\"\/><source srcset=\"https:\/\/www.capgemini.com\/mx-es\/wp-content\/uploads\/sites\/28\/2023\/04\/MicrosoftTeams-image-63-1.jpg?w=768&amp;quality=70 1x, https:\/\/www.capgemini.com\/mx-es\/wp-content\/uploads\/sites\/28\/2023\/04\/MicrosoftTeams-image-63-1.jpg?w=768&amp;quality=70 2x\" media=\"(min-width: 0)\"\/><img decoding=\"async\" src=\"https:\/\/www.capgemini.com\/mx-es\/wp-content\/uploads\/sites\/28\/2023\/04\/MicrosoftTeams-image-63-1.jpg\" class=\"mobileImage\" alt=\"\" style=\"object-fit:cover;object-position:71% 27%\" loading=\"eager\"\/><\/picture><\/div><div class=\"heroPictureCardHeaderShape\"><\/div><div class=\"container\"><div class=\"row\"><div class=\"col-md-8 col-lg-6\"><div class=\"heroPictureCardBox\"><div class=\"heroPictureCardBoxTitle\"><h1 data-maxlength=\"144\">Impulsa tu futuro profesional y \u00fanete a nuestra Academia de Software<\/h1><\/div><\/div><\/div><\/div><\/div><div class=\"small-device\"><div class=\"brandLogoWrapper\"> <\/div><\/div><\/div>\n\n\n\n<section class=\"wp-block-cg-blocks-group undefined section section--article-content\"><div class=\"article-main-content\"><div class=\"container\"><div class=\"row\"><div class=\"col-12 col-md-1\"><nav class=\"article-social\"><ul class=\"social-nav\"><li class=\"ip-order-fb\"><a href=\"https:\/\/www.facebook.com\/sharer\/sharer.php?u=https:\/\/www.capgemini.com\/mx-es\/?page_id=516449\" target=\"_blank\" rel=\"noopener noreferrer\" title=\"abrir en una nueva ventana\"><i aria-hidden=\"true\" class=\"icon-fb\"><\/i><span class=\"sr-only\">Facebook<\/span><\/a><\/li><li class=\"ip-order-tw\"><a href=\"https:\/\/twitter.com\/intent\/tweet?url=https:\/\/www.capgemini.com\/mx-es\/?page_id=516449&amp;text=\" target=\"_blank\" rel=\"noopener noreferrer\" title=\"abrir en una nueva ventana\"><i aria-hidden=\"true\" class=\"icon-tw\"><\/i><span class=\"sr-only\">Twitter<\/span><\/a><\/li><li class=\"ip-order-li\"><a href=\"https:\/\/www.linkedin.com\/sharing\/share-offsite\/?url=https:\/\/www.capgemini.com\/mx-es\/?page_id=516449&amp;text=\" target=\"_blank\" rel=\"noopener noreferrer\" title=\"abrir en una nueva ventana\"><i aria-hidden=\"true\" class=\"icon-li\"><\/i><span class=\"sr-only\">Linkedin<\/span><\/a><\/li><\/ul><\/nav><\/div><div class=\"col-12 col-md-11 col-lg-10\"><div class=\"article-text article-quote-text\">\n<p>En Capgemini estamos lanzando la <strong>Academia de Desarrollo Backend en Java y .NET<\/strong>, un programa \u00fanico dise\u00f1ado para impulsar tu carrera desde el primer d\u00eda. <\/p>\n\n\n\n<p><strong>\u00bfPor qu\u00e9 unirte a nuestra Academia?<\/strong><\/p>\n\n\n\n<ul class=\"wp-block-list\">\n<li><strong>Capacitaci\u00f3n especializada y con certificaciones reconocidas<\/strong> en tecnolog\u00edas clave como Java, .NET y otras.<\/li>\n\n\n\n<li><strong>Un plan de carrera<\/strong> dise\u00f1ado para que alcances tus objetivos profesionales en desarrollo de software.<\/li>\n\n\n\n<li>La oportunidad de trabajar en <strong>proyectos internacionales<\/strong>.<\/li>\n\n\n\n<li><strong>Ser contratado desde el d\u00eda 1<\/strong>&nbsp;directamente por Capgemini y obtener beneficios superiores de Ley.<\/li>\n<\/ul>\n\n\n\n<p><strong>Requisitos indispensables:<\/strong><\/p>\n\n\n\n<ul class=\"wp-block-list\">\n<li><strong>Reci\u00e9n egresados<\/strong> de carreras de tecnolog\u00eda con un fuerte deseo de aprender y crecer.<\/li>\n\n\n\n<li><strong>Ingl\u00e9s avanzado<\/strong> <mark style=\"background-color:rgba(0, 0, 0, 0)\" class=\"has-inline-color has-vivid-cyan-blue-color\"><strong>ya que todo el proceso ser\u00e1 en este idioma y guiado por nuestros expertos internacionales.<\/strong><\/mark><\/li>\n\n\n\n<li>Pasi\u00f3n por el <strong>desarrollo de software<\/strong> y ganas de convertirte en un profesional de clase mundial.<\/li>\n\n\n\n<li>Lugar de residencia: <strong>Aguascalientes<\/strong> <\/li>\n<\/ul>\n\n\n\n<p>Gracias por tu inter\u00e9s, la academia ha sido cubierta.<a href=\"https:\/\/www.capgemini.com\/mx-es\/careers\/unete-a-capgemini\/job-search\/?country_code=mx-es&amp;country_name=Mexico&amp;size=15\"> Aqu\u00ed <\/a>podr\u00e1s conocer todas nuestras vacantes.<\/p>\n<\/div><\/div><\/div><\/div><\/div><\/section>\n","protected":false},"excerpt":{"rendered":"","protected":false},"author":367,"featured_media":0,"parent":5828,"menu_order":8,"comment_status":"closed","ping_status":"closed","template":"","meta":{"cg_dt_proposed_to":[],"cg_seo_hreflang_relations":"[]","cg_seo_canonical_relation":"{\"uuid\":\"6aa9d66f-0f51-4099-a6a5-cb00d6a79431\",\"blogId\":\"\",\"domain\":\"\",\"sitePath\":\"\",\"postLink\":\"\",\"postId\":null,\"isSaved\":true,\"isCrossLink\":false,\"hasCrossLink\":false}","cg_seo_hreflang_x_default_relation":"{\"uuid\":\"014d6144-cdea-446f-a4d0-e21b0f379e21\",\"blogId\":\"\",\"domain\":\"\",\"sitePath\":\"\",\"postLink\":\"\",\"postId\":null,\"isSaved\":true,\"isCrossLink\":false,\"hasCrossLink\":false}","cg_dt_approved_content":true,"cg_dt_mandatory_content":false,"cg_dt_notes":"","cg_dg_source_changed":false,"cg_dt_link_disabled":false,"_yoast_wpseo_primary_brand":"","footnotes":"","featured_focal_points":"","partner_card_description":"","gsap_animation":0},"brand":[],"partner_type":[],"service":[],"industry":[],"partners":[],"page-type":[],"content-group":[],"class_list":["post-535265","page","type-page","status-publish","hentry"],"yoast_head":"<!-- This site is optimized with the Yoast SEO Premium plugin v22.8 (Yoast SEO v22.8) - https:\/\/yoast.com\/wordpress\/plugins\/seo\/ -->\n<title>Academia de Software | Capgemini<\/title>\n<meta name=\"description\" content=\"En Capgemini estamos lanzando la Academia de Desarrollo Backend en Java y .NET, un programa \u00fanico dise\u00f1ado para impulsar tu carrera desde el primer d\u00eda.\" \/>\n<meta name=\"robots\" content=\"index, follow, max-snippet:-1, max-image-preview:large, max-video-preview:-1\" \/>\n<link rel=\"canonical\" href=\"https:\/\/www.capgemini.com\/mx-es\/careers\/academia-de-software\/\" \/>\n<meta property=\"og:locale\" content=\"es_MX\" \/>\n<meta property=\"og:type\" content=\"article\" \/>\n<meta property=\"og:title\" content=\"Academia de Software\" \/>\n<meta property=\"og:description\" content=\"En Capgemini estamos lanzando la Academia de Desarrollo Backend en Java y .NET, un programa \u00fanico dise\u00f1ado para impulsar tu carrera desde el primer d\u00eda.\" \/>\n<meta property=\"og:url\" content=\"https:\/\/www.capgemini.com\/mx-es\/careers\/academia-de-software\/\" \/>\n<meta property=\"og:site_name\" content=\"Capgemini Mexico\" \/>\n<meta property=\"article:modified_time\" content=\"2025-01-20T22:15:24+00:00\" \/>\n<meta property=\"og:image\" content=\"https:\/\/www.capgemini.com\/mx-es\/wp-content\/uploads\/sites\/28\/2023\/04\/MicrosoftTeams-image-63-1.jpg\" \/>\n<meta name=\"twitter:card\" content=\"summary_large_image\" \/>\n<meta name=\"twitter:label1\" content=\"Est. reading time\" \/>\n\t<meta name=\"twitter:data1\" content=\"2 minutes\" \/>\n<script type=\"application\/ld+json\" class=\"yoast-schema-graph\">{\"@context\":\"https:\/\/schema.org\",\"@graph\":[{\"@type\":\"WebPage\",\"@id\":\"https:\/\/www.capgemini.com\/mx-es\/careers\/academia-de-software\/\",\"url\":\"https:\/\/www.capgemini.com\/mx-es\/careers\/academia-de-software\/\",\"name\":\"Academia de Software | Capgemini\",\"isPartOf\":{\"@id\":\"https:\/\/www.capgemini.com\/mx-es\/#website\"},\"primaryImageOfPage\":{\"@id\":\"https:\/\/www.capgemini.com\/mx-es\/careers\/academia-de-software\/#primaryimage\"},\"image\":{\"@id\":\"https:\/\/www.capgemini.com\/mx-es\/careers\/academia-de-software\/#primaryimage\"},\"thumbnailUrl\":\"https:\/\/www.capgemini.com\/mx-es\/wp-content\/uploads\/sites\/28\/2023\/04\/MicrosoftTeams-image-63-1.jpg\",\"datePublished\":\"2024-12-19T07:22:54+00:00\",\"dateModified\":\"2025-01-20T22:15:24+00:00\",\"description\":\"En Capgemini estamos lanzando la Academia de Desarrollo Backend en Java y .NET, un programa \u00fanico dise\u00f1ado para impulsar tu carrera desde el primer d\u00eda.\",\"breadcrumb\":{\"@id\":\"https:\/\/www.capgemini.com\/mx-es\/careers\/academia-de-software\/#breadcrumb\"},\"inLanguage\":\"es-MX\",\"potentialAction\":[{\"@type\":\"ReadAction\",\"target\":[\"https:\/\/www.capgemini.com\/mx-es\/careers\/academia-de-software\/\"]}]},{\"@type\":\"ImageObject\",\"inLanguage\":\"es-MX\",\"@id\":\"https:\/\/www.capgemini.com\/mx-es\/careers\/academia-de-software\/#primaryimage\",\"url\":\"https:\/\/www.capgemini.com\/mx-es\/wp-content\/uploads\/sites\/28\/2023\/04\/MicrosoftTeams-image-63-1.jpg\",\"contentUrl\":\"https:\/\/www.capgemini.com\/mx-es\/wp-content\/uploads\/sites\/28\/2023\/04\/MicrosoftTeams-image-63-1.jpg\",\"width\":2880,\"height\":1920},{\"@type\":\"BreadcrumbList\",\"@id\":\"https:\/\/www.capgemini.com\/mx-es\/careers\/academia-de-software\/#breadcrumb\",\"itemListElement\":[{\"@type\":\"ListItem\",\"position\":1,\"name\":\"Home\",\"item\":\"https:\/\/www.capgemini.com\/mx-es\/\"},{\"@type\":\"ListItem\",\"position\":2,\"name\":\"Careers\",\"item\":\"https:\/\/www.capgemini.com\/mx-es\/careers\/\"},{\"@type\":\"ListItem\",\"position\":3,\"name\":\"Academia de Software\"}]},{\"@type\":\"WebSite\",\"@id\":\"https:\/\/www.capgemini.com\/mx-es\/#website\",\"url\":\"https:\/\/www.capgemini.com\/mx-es\/\",\"name\":\"Capgemini Mexico\",\"description\":\"Capgemini\",\"publisher\":{\"@id\":\"https:\/\/www.capgemini.com\/mx-es\/#organization\"},\"potentialAction\":[{\"@type\":\"SearchAction\",\"target\":{\"@type\":\"EntryPoint\",\"urlTemplate\":\"https:\/\/www.capgemini.com\/mx-es\/?s={search_term_string}\"},\"query-input\":\"required name=search_term_string\"}],\"inLanguage\":\"es-MX\"},{\"@type\":\"Organization\",\"@id\":\"https:\/\/www.capgemini.com\/mx-es\/#organization\",\"name\":\"Capgemini Mexico\",\"url\":\"https:\/\/www.capgemini.com\/mx-es\/\",\"logo\":{\"@type\":\"ImageObject\",\"inLanguage\":\"es-MX\",\"@id\":\"https:\/\/www.capgemini.com\/mx-es\/#\/schema\/logo\/image\/\",\"url\":\"https:\/\/www.capgemini.com\/mx-es\/wp-content\/uploads\/sites\/28\/2025\/07\/linkedin_mwo0q6.png\",\"contentUrl\":\"https:\/\/www.capgemini.com\/mx-es\/wp-content\/uploads\/sites\/28\/2025\/07\/linkedin_mwo0q6.png\",\"width\":800,\"height\":800,\"caption\":\"Capgemini Mexico\"},\"image\":{\"@id\":\"https:\/\/www.capgemini.com\/mx-es\/#\/schema\/logo\/image\/\"}}]}<\/script>\n<!-- \/ Yoast SEO Premium plugin. -->","yoast_head_json":{"title":"Academia de Software | Capgemini","description":"En Capgemini estamos lanzando la Academia de Desarrollo Backend en Java y .NET, un programa \u00fanico dise\u00f1ado para impulsar tu carrera desde el primer d\u00eda.","robots":{"index":"index","follow":"follow","max-snippet":"max-snippet:-1","max-image-preview":"max-image-preview:large","max-video-preview":"max-video-preview:-1"},"canonical":"https:\/\/www.capgemini.com\/mx-es\/careers\/academia-de-software\/","og_locale":"es_MX","og_type":"article","og_title":"Academia de Software","og_description":"En Capgemini estamos lanzando la Academia de Desarrollo Backend en Java y .NET, un programa \u00fanico dise\u00f1ado para impulsar tu carrera desde el primer d\u00eda.","og_url":"https:\/\/www.capgemini.com\/mx-es\/careers\/academia-de-software\/","og_site_name":"Capgemini Mexico","article_modified_time":"2025-01-20T22:15:24+00:00","og_image":[{"url":"https:\/\/www.capgemini.com\/mx-es\/wp-content\/uploads\/sites\/28\/2023\/04\/MicrosoftTeams-image-63-1.jpg"}],"twitter_card":"summary_large_image","twitter_misc":{"Est. reading time":"2 minutes"},"schema":{"@context":"https:\/\/schema.org","@graph":[{"@type":"WebPage","@id":"https:\/\/www.capgemini.com\/mx-es\/careers\/academia-de-software\/","url":"https:\/\/www.capgemini.com\/mx-es\/careers\/academia-de-software\/","name":"Academia de Software | Capgemini","isPartOf":{"@id":"https:\/\/www.capgemini.com\/mx-es\/#website"},"primaryImageOfPage":{"@id":"https:\/\/www.capgemini.com\/mx-es\/careers\/academia-de-software\/#primaryimage"},"image":{"@id":"https:\/\/www.capgemini.com\/mx-es\/careers\/academia-de-software\/#primaryimage"},"thumbnailUrl":"https:\/\/www.capgemini.com\/mx-es\/wp-content\/uploads\/sites\/28\/2023\/04\/MicrosoftTeams-image-63-1.jpg","datePublished":"2024-12-19T07:22:54+00:00","dateModified":"2025-01-20T22:15:24+00:00","description":"En Capgemini estamos lanzando la Academia de Desarrollo Backend en Java y .NET, un programa \u00fanico dise\u00f1ado para impulsar tu carrera desde el primer d\u00eda.","breadcrumb":{"@id":"https:\/\/www.capgemini.com\/mx-es\/careers\/academia-de-software\/#breadcrumb"},"inLanguage":"es-MX","potentialAction":[{"@type":"ReadAction","target":["https:\/\/www.capgemini.com\/mx-es\/careers\/academia-de-software\/"]}]},{"@type":"ImageObject","inLanguage":"es-MX","@id":"https:\/\/www.capgemini.com\/mx-es\/careers\/academia-de-software\/#primaryimage","url":"https:\/\/www.capgemini.com\/mx-es\/wp-content\/uploads\/sites\/28\/2023\/04\/MicrosoftTeams-image-63-1.jpg","contentUrl":"https:\/\/www.capgemini.com\/mx-es\/wp-content\/uploads\/sites\/28\/2023\/04\/MicrosoftTeams-image-63-1.jpg","width":2880,"height":1920},{"@type":"BreadcrumbList","@id":"https:\/\/www.capgemini.com\/mx-es\/careers\/academia-de-software\/#breadcrumb","itemListElement":[{"@type":"ListItem","position":1,"name":"Home","item":"https:\/\/www.capgemini.com\/mx-es\/"},{"@type":"ListItem","position":2,"name":"Careers","item":"https:\/\/www.capgemini.com\/mx-es\/careers\/"},{"@type":"ListItem","position":3,"name":"Academia de Software"}]},{"@type":"WebSite","@id":"https:\/\/www.capgemini.com\/mx-es\/#website","url":"https:\/\/www.capgemini.com\/mx-es\/","name":"Capgemini Mexico","description":"Capgemini","publisher":{"@id":"https:\/\/www.capgemini.com\/mx-es\/#organization"},"potentialAction":[{"@type":"SearchAction","target":{"@type":"EntryPoint","urlTemplate":"https:\/\/www.capgemini.com\/mx-es\/?s={search_term_string}"},"query-input":"required name=search_term_string"}],"inLanguage":"es-MX"},{"@type":"Organization","@id":"https:\/\/www.capgemini.com\/mx-es\/#organization","name":"Capgemini Mexico","url":"https:\/\/www.capgemini.com\/mx-es\/","logo":{"@type":"ImageObject","inLanguage":"es-MX","@id":"https:\/\/www.capgemini.com\/mx-es\/#\/schema\/logo\/image\/","url":"https:\/\/www.capgemini.com\/mx-es\/wp-content\/uploads\/sites\/28\/2025\/07\/linkedin_mwo0q6.png","contentUrl":"https:\/\/www.capgemini.com\/mx-es\/wp-content\/uploads\/sites\/28\/2025\/07\/linkedin_mwo0q6.png","width":800,"height":800,"caption":"Capgemini Mexico"},"image":{"@id":"https:\/\/www.capgemini.com\/mx-es\/#\/schema\/logo\/image\/"}}]}},"brand_term":[],"parsely":{"version":"1.1.0","canonical_url":"https:\/\/capgemini.com\/mx-es\/careers\/academia-de-software\/","smart_links":{"inbound":0,"outbound":0},"traffic_boost_suggestions_count":0,"meta":{"@context":"https:\/\/schema.org","@type":"WebPage","headline":"Academia de Software","url":"https:\/\/www.capgemini.com\/mx-es\/careers\/academia-de-software\/","mainEntityOfPage":{"@type":"WebPage","@id":"https:\/\/www.capgemini.com\/mx-es\/careers\/academia-de-software\/"},"thumbnailUrl":"","image":{"@type":"ImageObject","url":""},"articleSection":"Uncategorized","author":[],"creator":[],"publisher":{"@type":"Organization","name":"Capgemini Mexico","logo":""},"keywords":[],"dateCreated":"2024-12-19T07:22:54Z","datePublished":"2024-12-19T07:22:54Z","dateModified":"2025-01-20T22:15:24Z"},"rendered":"<meta name=\"parsely-title\" content=\"Academia de Software\" \/>\n<meta name=\"parsely-link\" content=\"https:\/\/www.capgemini.com\/mx-es\/careers\/academia-de-software\/\" \/>\n<meta name=\"parsely-type\" content=\"index\" \/>\n<meta name=\"parsely-pub-date\" content=\"2024-12-19T07:22:54Z\" \/>\n<meta name=\"parsely-section\" content=\"Uncategorized\" \/>","tracker_url":"https:\/\/cdn.parsely.com\/keys\/capgemini.com\/p.js"},"archive_status":false,"featured_image_src":"https:\/\/www.capgemini.com\/mx-es\/wp-content\/themes\/capgemini2025\/assets\/images\/mockup.png","featured_image_alt":false,"jetpack_sharing_enabled":true,"distributor_meta":false,"distributor_terms":false,"distributor_media":false,"distributor_original_site_name":"Capgemini Mexico","distributor_original_site_url":"https:\/\/www.capgemini.com\/mx-es","push-errors":false,"_links":{"self":[{"href":"https:\/\/www.capgemini.com\/mx-es\/wp-json\/wp\/v2\/pages\/535265","targetHints":{"allow":["GET"]}}],"collection":[{"href":"https:\/\/www.capgemini.com\/mx-es\/wp-json\/wp\/v2\/pages"}],"about":[{"href":"https:\/\/www.capgemini.com\/mx-es\/wp-json\/wp\/v2\/types\/page"}],"author":[{"embeddable":true,"href":"https:\/\/www.capgemini.com\/mx-es\/wp-json\/wp\/v2\/users\/367"}],"replies":[{"embeddable":true,"href":"https:\/\/www.capgemini.com\/mx-es\/wp-json\/wp\/v2\/comments?post=535265"}],"version-history":[{"count":5,"href":"https:\/\/www.capgemini.com\/mx-es\/wp-json\/wp\/v2\/pages\/535265\/revisions"}],"predecessor-version":[{"id":558640,"href":"https:\/\/www.capgemini.com\/mx-es\/wp-json\/wp\/v2\/pages\/535265\/revisions\/558640"}],"up":[{"embeddable":true,"href":"https:\/\/www.capgemini.com\/mx-es\/wp-json\/wp\/v2\/pages\/5828"}],"wp:attachment":[{"href":"https:\/\/www.capgemini.com\/mx-es\/wp-json\/wp\/v2\/media?parent=535265"}],"wp:term":[{"taxonomy":"brand","embeddable":true,"href":"https:\/\/www.capgemini.com\/mx-es\/wp-json\/wp\/v2\/brand?post=535265"},{"taxonomy":"partner_type","embeddable":true,"href":"https:\/\/www.capgemini.com\/mx-es\/wp-json\/wp\/v2\/partner_type?post=535265"},{"taxonomy":"service","embeddable":true,"href":"https:\/\/www.capgemini.com\/mx-es\/wp-json\/wp\/v2\/service?post=535265"},{"taxonomy":"industry","embeddable":true,"href":"https:\/\/www.capgemini.com\/mx-es\/wp-json\/wp\/v2\/industry?post=535265"},{"taxonomy":"partners","embeddable":true,"href":"https:\/\/www.capgemini.com\/mx-es\/wp-json\/wp\/v2\/partners?post=535265"},{"taxonomy":"page-type","embeddable":true,"href":"https:\/\/www.capgemini.com\/mx-es\/wp-json\/wp\/v2\/page-type?post=535265"},{"taxonomy":"content-group","embeddable":true,"href":"https:\/\/www.capgemini.com\/mx-es\/wp-json\/wp\/v2\/content-group?post=535265"}],"curies":[{"name":"wp","href":"https:\/\/api.w.org\/{rel}","templated":true}]}}