{"id":5345,"date":"2022-04-14T12:09:10","date_gmt":"2022-04-14T12:09:10","guid":{"rendered":"https:\/\/www.capgemini.com\/?page_id=678974"},"modified":"2026-01-12T20:15:45","modified_gmt":"2026-01-12T20:15:45","slug":"speakingup","status":"publish","type":"page","link":"https:\/\/www.capgemini.com\/mx-es\/sobre-nosotros\/quienes-somos\/valores-y-etica\/speakingup\/","title":{"rendered":"Speaking up"},"content":{"rendered":"\n<div class=\"wp-block-cg-blocks-hero-picture-card undefined is-style-blue-theme-2  heroPictureCard\"><div class=\"heroPictureCardBgs\"><picture><source srcset=\"https:\/\/www.capgemini.com\/wp-content\/uploads\/2021\/09\/Capgemini_Ethics_SpeakUP.jpg?w=2880&amp;quality=70 1x, https:\/\/www.capgemini.com\/wp-content\/uploads\/2021\/09\/Capgemini_Ethics_SpeakUP.jpg?w=2880&amp;quality=70 2x\" media=\"(min-width: 1500px)\"\/><source srcset=\"https:\/\/www.capgemini.com\/wp-content\/uploads\/2021\/09\/Capgemini_Ethics_SpeakUP.jpg?w=1440&amp;quality=70 1x, https:\/\/www.capgemini.com\/wp-content\/uploads\/2021\/09\/Capgemini_Ethics_SpeakUP.jpg?w=2880&amp;quality=70 2x\" media=\"(min-width: 992px)\"\/><source srcset=\"https:\/\/www.capgemini.com\/wp-content\/uploads\/2021\/09\/Capgemini_Ethics_SpeakUP.jpg?w=1024&amp;quality=70 1x, https:\/\/www.capgemini.com\/wp-content\/uploads\/2021\/09\/Capgemini_Ethics_SpeakUP.jpg?w=1024&amp;quality=70 2x\" media=\"(min-width: 768px)\"\/><source srcset=\"https:\/\/www.capgemini.com\/wp-content\/uploads\/2021\/09\/Capgemini_Ethics_SpeakUP.jpg?w=768&amp;quality=70 1x, https:\/\/www.capgemini.com\/wp-content\/uploads\/2021\/09\/Capgemini_Ethics_SpeakUP.jpg?w=768&amp;quality=70 2x\" media=\"(min-width: 0)\"\/><img decoding=\"async\" src=\"https:\/\/www.capgemini.com\/wp-content\/uploads\/2021\/09\/Capgemini_Ethics_SpeakUP.jpg\" class=\"desktopImage\" alt=\"\" style=\"object-fit:cover;object-position:0% 43%\" loading=\"eager\"\/><\/picture><picture><source srcset=\"https:\/\/www.capgemini.com\/wp-content\/uploads\/2021\/09\/Capgemini_Ethics_SpeakUP.jpg?w=2880&amp;quality=70 1x, https:\/\/www.capgemini.com\/wp-content\/uploads\/2021\/09\/Capgemini_Ethics_SpeakUP.jpg?w=2880&amp;quality=70 2x\" media=\"(min-width: 1500px)\"\/><source srcset=\"https:\/\/www.capgemini.com\/wp-content\/uploads\/2021\/09\/Capgemini_Ethics_SpeakUP.jpg?w=1440&amp;quality=70 1x, https:\/\/www.capgemini.com\/wp-content\/uploads\/2021\/09\/Capgemini_Ethics_SpeakUP.jpg?w=2880&amp;quality=70 2x\" media=\"(min-width: 992px)\"\/><source srcset=\"https:\/\/www.capgemini.com\/wp-content\/uploads\/2021\/09\/Capgemini_Ethics_SpeakUP.jpg?w=1024&amp;quality=70 1x, https:\/\/www.capgemini.com\/wp-content\/uploads\/2021\/09\/Capgemini_Ethics_SpeakUP.jpg?w=1024&amp;quality=70 2x\" media=\"(min-width: 768px)\"\/><source srcset=\"https:\/\/www.capgemini.com\/wp-content\/uploads\/2021\/09\/Capgemini_Ethics_SpeakUP.jpg?w=768&amp;quality=70 1x, https:\/\/www.capgemini.com\/wp-content\/uploads\/2021\/09\/Capgemini_Ethics_SpeakUP.jpg?w=768&amp;quality=70 2x\" media=\"(min-width: 0)\"\/><img decoding=\"async\" src=\"https:\/\/www.capgemini.com\/wp-content\/uploads\/2021\/09\/Capgemini_Ethics_SpeakUP.jpg\" class=\"mobileImage\" alt=\"\" style=\"object-fit:cover;object-position:0% 43%\" loading=\"eager\"\/><\/picture><\/div><div class=\"heroPictureCardHeaderShape\"><\/div><div class=\"container\"><div class=\"row\"><div class=\"col-md-8 col-lg-6\"><div class=\"heroPictureCardBox\"><div class=\"heroPictureCardBoxTitle\"><h1 data-maxlength=\"144\">Speaking up<\/h1><\/div><\/div><\/div><\/div><\/div><div class=\"small-device\"><div class=\"brandLogoWrapper\"> <\/div><\/div><\/div>\n\n\n\n<section class=\"wp-block-cg-blocks-intro-para undefined section section--intro\"><div class=\"intro-para\"><div class=\"container\"><div class=\"row\"><div class=\"col-12 col-md-1\"><nav class=\"article-social\"><ul class=\"social-nav\"><li class=\"ip-order-fb\"><a href=\"https:\/\/www.facebook.com\/sharer\/sharer.php?u=https:\/\/www.capgemini.com\/mx-es\/sobre-nosotros\/quienes-somos\/valores-y-etica\/speakingup\/\" target=\"_blank\" rel=\"noopener noreferrer\" title=\"Abrir en una nueva ventana\"><i aria-hidden=\"true\" class=\"icon-fb\"><\/i><span class=\"sr-only\">Facebook<\/span><\/a><\/li><li class=\"ip-order-li\"><a href=\"https:\/\/www.linkedin.com\/sharing\/share-offsite\/?url=https:\/\/www.capgemini.com\/mx-es\/sobre-nosotros\/quienes-somos\/valores-y-etica\/speakingup\/\" target=\"_blank\" rel=\"noopener noreferrer\" title=\"Abrir en una nueva ventana\"><i aria-hidden=\"true\" class=\"icon-li\"><\/i><span class=\"sr-only\">Linkedin<\/span><\/a><\/li><\/ul><\/nav><\/div><div class=\"col-12 col-md-11 col-lg-10\"><h2 class=\"intro-para-title\">SpeakUp es una herramienta web y telef\u00f3nica de informaci\u00f3n \u00e9tica, gesti\u00f3n de incidentes y asesoramiento, alojada por un proveedor de servicios independiente. <\/h2><p class=\"intro-para-content\">La herramienta est\u00e1 administrada por el \u00e1rea de \u00c9tica del Grupo y respaldada por nuestra red global de consejeros generales, responsables de \u00c9tica y Cumplimiento e investigadores de Recursos Humanos.   <br><br>Es voluntaria, confidencial y permite el anonimato, excepto en pa\u00edses donde el anonimato no cumplir\u00eda con las leyes locales. Capgemini la pone a disposici\u00f3n de los miembros de nuestro equipo, clientes, proveedores y socios comerciales.<\/p><\/div><\/div><\/div><\/div><\/section>\n\n\n\n<section class=\"wp-block-cg-blocks-group undefined section section--article-content\"><div class=\"article-main-content\"><div class=\"container\"><div class=\"row\"><div class=\"col-12 col-md-11 col-lg-10 offset-md-1 offset-lg-1\"><div class=\"article-text article-quote-text\">\n<div class=\"wp-block-buttons is-layout-flex wp-block-buttons-is-layout-flex\">\n<div class=\"wp-block-button is-style-outline is-style-outline--1\"><a class=\"wp-block-button__link wp-element-button\" href=\"https:\/\/capgemini.integrityline.com\/\" target=\"_blank\" rel=\"noreferrer noopener\">Contacto SpeakUp<\/a><\/div>\n<\/div>\n<\/div><\/div><\/div><\/div><\/div><\/section>\n\n\n\n<section class=\"wp-block-cg-blocks-intro-para-video is-style-cg-sapphire3 section section--info-2cols section--insights section-video \"><div class=\"bg-color video-align-left\"><div class=\"container\"><div class=\"row video-align-right\"><div class=\"col-md-12\"><div class=\"video-align-right row box box--4 box--mini\"><div class=\"col-md-1\"><\/div><div class=\"col-md-8 box-img-wrapper\"><div class=\"video-box\"><div class=\"video-wrapper\"><iframe title=\"video-section\" src=\"https:\/\/www.youtube.com\/embed\/B86vB6qSXi0?rel=0&amp;modestbranding=1&amp;playsinline=1&amp;enablejsapi=1\" frameborder=\"0\" allow=\"accelerometer; autoplay; clipboard-write; encrypted-media; gyroscope; picture-in-picture\" allowfullscreen loading=\"lazy\" referrerpolicy=\"strict-origin-when-cross-origin\"><\/iframe><\/div><\/div><\/div><div class=\"col-md-3\"><h3 class=\"Video-title\" data-maxlength=\"34\">Introducci\u00f3n a SpeakUp<\/h3><div class=\"video-info\"><p data-maxlength=\"68\">Una forma en que los empleados pueden plantear inquietudes en el tra<\/p><\/div><\/div><div class=\"col-md-1\"><\/div><\/div><\/div><\/div><\/div><\/div><\/section>\n\n\n\n<section class=\"wp-block-cg-blocks-group undefined section section--article-content\"><div class=\"article-main-content\"><div class=\"container\"><div class=\"row\"><div class=\"col-12 col-md-11 col-lg-10 offset-md-1 offset-lg-1\"><div class=\"article-text article-quote-text\">\n<p>SpeakUp, nuestra l\u00ednea de ayuda sobre \u00e9tica basada en la web y por tel\u00e9fono las 24 horas, los 7 d\u00edas de la semana, se puede utilizar para reportar incidentes y solicitar asesoramiento u orientaci\u00f3n sobre acciones o comportamientos que:<\/p>\n\n\n\n<ul class=\"wp-block-list\">\n<li>No est\u00e1n alineados con nuestros <a href=\"\/mx-es\/sobre-nosotros\/quienes-somos\/valores-y-etica\/\">valores<\/a> y aspiraciones \u00e9ticas, tal como se establece en nuestro <a href=\"\/mx-es\/sobre-nosotros\/quienes-somos\/our-values\/cultura-etica\/normas-de-conducta-para-proveedores\/\">C\u00f3digo de \u00c9tica Empresarial<\/a> y sus pautas relacionadas.<\/li>\n\n\n\n<li>No cumplan con las leyes, reglamentos y requisitos aplicables de cumplimiento interno.<\/li>\n\n\n\n<li>Puedan afectar significativamente los intereses vitales de Capgemini y sus filiales.<\/li>\n<\/ul>\n\n\n\n<p><\/p>\n\n\n\n<h5 class=\"wp-block-heading\" id=\"h-the-speakup-policy-is-available-in-the-following-languages\">The SpeakUp policy is available in the following languages:<\/h5>\n\n\n\n<p><a href=\"https:\/\/www.capgemini.com\/wp-content\/uploads\/2022\/01\/Capgemini_SpeakUpPolicy_English.pdf\" target=\"_blank\" rel=\"noreferrer noopener\">EN<\/a>&nbsp;| <a href=\"https:\/\/www.capgemini.com\/wp-content\/uploads\/2022\/01\/Capgemini_SpeakUpPolicy_Arabic.pdf\" target=\"_blank\" rel=\"noreferrer noopener\">AR<\/a>&nbsp;|&nbsp;<a href=\"https:\/\/www.capgemini.com\/wp-content\/uploads\/2022\/01\/Capgemini_SpeakUpPolicy_Czech.pdf\" target=\"_blank\" rel=\"noreferrer noopener\">CZ<\/a>&nbsp;|&nbsp;<a href=\"https:\/\/www.capgemini.com\/wp-content\/uploads\/2022\/01\/Capgemini_SpeakUpPolicy_Dutch.pdf\" target=\"_blank\" rel=\"noreferrer noopener\">NL<\/a>&nbsp;|&nbsp;<a href=\"https:\/\/www.capgemini.com\/wp-content\/uploads\/2022\/01\/Capgemini_SpeakUpPolicy_Danish.pdf\" target=\"_blank\" rel=\"noreferrer noopener\">DA<\/a>&nbsp;|&nbsp;<a href=\"https:\/\/www.capgemini.com\/es-es\/quienes-somos\/valores-y-etica\/speak-up\/\" target=\"_blank\" rel=\"noreferrer noopener\">EU-ES<\/a>&nbsp;|&nbsp;<a href=\"https:\/\/www.capgemini.com\/wp-content\/uploads\/2022\/01\/Capgemini_SpeakUpPolicy_Finnish.pdf\" target=\"_blank\" rel=\"noreferrer noopener\">FI<\/a>&nbsp;|&nbsp;<a href=\"https:\/\/www.capgemini.com\/wp-content\/uploads\/2022\/01\/Capgemini_SpeakUpPolicy__French-1.pdf\" target=\"_blank\" rel=\"noreferrer noopener\">FR<\/a>&nbsp;|&nbsp;<a href=\"https:\/\/www.capgemini.com\/wp-content\/uploads\/2022\/01\/SpeakUp_Policy_FR-Maroc-v1.4-ABE_11102021.pdf\" target=\"_blank\" rel=\"noreferrer noopener\">FR-MA<\/a>&nbsp;|&nbsp;<a href=\"https:\/\/www.capgemini.com\/wp-content\/uploads\/2022\/01\/Capgemini_SpeakUpPolicy_German-1.pdf\" target=\"_blank\" rel=\"noreferrer noopener\">DE<\/a> |&nbsp;<a href=\"https:\/\/www.capgemini.com\/wp-content\/uploads\/2022\/01\/SpeakUp_Policy_English-for-Hungary-v1_20201103.pdf\" target=\"_blank\" rel=\"noreferrer noopener\">EN-HU<\/a>&nbsp;|&nbsp;<a href=\"https:\/\/www.capgemini.com\/wp-content\/uploads\/2022\/01\/SpeakUp_Policy_Hungarian-v1_20201103.pdf\" target=\"_blank\" rel=\"noreferrer noopener\">HU<\/a>&nbsp;|&nbsp;<a href=\"https:\/\/www.capgemini.com\/wp-content\/uploads\/2022\/01\/Capgemini_SpeakUpPolicy_Italian.pdf\" target=\"_blank\" rel=\"noreferrer noopener\">IT<\/a>&nbsp;|&nbsp;<a href=\"https:\/\/www.capgemini.com\/wp-content\/uploads\/2022\/01\/Capgemini_SpeakUpPolicy_Japanese.pdf\" target=\"_blank\" rel=\"noreferrer noopener\">JP<\/a>&nbsp;|&nbsp;<a href=\"https:\/\/www.capgemini.com\/wp-content\/uploads\/2022\/01\/Capgemini_SpeakUpPolicy_Norwegian.pdf\" target=\"_blank\" rel=\"noreferrer noopener\">NO<\/a>&nbsp;|&nbsp;<a href=\"https:\/\/www.capgemini.com\/wp-content\/uploads\/2022\/01\/Capgemini_SpeakUpPolicy_Polish.pdf\" target=\"_blank\" rel=\"noreferrer noopener\">PL<\/a>&nbsp;|&nbsp;<a href=\"https:\/\/www.capgemini.com\/wp-content\/uploads\/2022\/01\/Capgemini_SpeakUpPolicy_Portugese.pdf\" target=\"_blank\" rel=\"noreferrer noopener\">PO<\/a>&nbsp;|&nbsp;<a href=\"https:\/\/www.capgemini.com\/wp-content\/uploads\/2022\/01\/Capgemini_SpeakUpPolicy_Romanian.pdf\" target=\"_blank\" rel=\"noreferrer noopener\">RO<\/a> |&nbsp;<a href=\"https:\/\/www.capgemini.com\/wp-content\/uploads\/2022\/01\/Capgemini_SpeakUpPolicy_SimplifiedChinese.pdf\" target=\"_blank\" rel=\"noreferrer noopener\">ZH<\/a>&nbsp;|&nbsp;<a href=\"https:\/\/www.capgemini.com\/wp-content\/uploads\/2022\/01\/Capgemini_SpeakUpPolicy_Slovak.pdf\" target=\"_blank\" rel=\"noreferrer noopener\">SL<\/a>&nbsp;|&nbsp;<a href=\"https:\/\/www.capgemini.com\/wp-content\/uploads\/2025\/04\/SpeakUp_Policy_v1.2_LatAmSpanish.pdf\" target=\"_blank\" rel=\"noreferrer noopener\"><\/a><a href=\"https:\/\/www.capgemini.com\/wp-content\/uploads\/2025\/04\/SpeakUp_Policy_v1.2_LatAmSpanish.pdf\" target=\"_blank\" rel=\"noreferrer noopener\">LATAM-ES<\/a>&nbsp;|&nbsp;<a href=\"https:\/\/www.capgemini.com\/wp-content\/uploads\/2022\/01\/Capgemini_SpeakUpPolicy_Swedish.pdf\" target=\"_blank\" rel=\"noreferrer noopener\">SE<\/a>&nbsp;|&nbsp;<a href=\"https:\/\/www.capgemini.com\/wp-content\/uploads\/2022\/01\/Capgemini_SpeakUpPolicy_Vietnamese.pdf\" target=\"_blank\" rel=\"noreferrer noopener\">VN<\/a> &nbsp;<\/p>\n<\/div><\/div><\/div><\/div><\/div><\/section>\n","protected":false},"excerpt":{"rendered":"","protected":false},"author":121,"featured_media":0,"parent":5877,"menu_order":4,"comment_status":"closed","ping_status":"closed","template":"","meta":{"cg_dt_proposed_to":[16],"cg_seo_hreflang_relations":"[]","cg_seo_canonical_relation":"","cg_seo_hreflang_x_default_relation":"{\"uuid\":\"e1073db0-f05a-454b-8698-df7c62c12cb8\",\"blogId\":\"\",\"domain\":\"\",\"sitePath\":\"\",\"postLink\":\"\",\"postId\":null,\"isSaved\":true,\"isCrossLink\":false,\"hasCrossLink\":false}","cg_dt_approved_content":true,"cg_dt_mandatory_content":false,"cg_dt_notes":"","cg_dg_source_changed":true,"cg_dt_link_disabled":true,"_yoast_wpseo_primary_brand":"","footnotes":"","featured_focal_points":"","partner_card_description":"","gsap_animation":0},"brand":[],"partner_type":[],"service":[],"industry":[],"partners":[],"page-type":[],"content-group":[],"class_list":["post-5345","page","type-page","status-publish","hentry"],"yoast_head":"<!-- This site is optimized with the Yoast SEO Premium plugin v22.8 (Yoast SEO v22.8) - https:\/\/yoast.com\/wordpress\/plugins\/seo\/ -->\n<title>SpeakUp - Our 24\u00d77 Web And Phone-Based Ethics Helpline | Capgemini<\/title>\n<meta name=\"description\" content=\"SpeakUp es una herramienta web y telef\u00f3nica de informaci\u00f3n \u00e9tica, gesti\u00f3n de incidentes y asesoramiento.\" \/>\n<meta name=\"robots\" content=\"index, follow, max-snippet:-1, max-image-preview:large, max-video-preview:-1\" \/>\n<link rel=\"canonical\" href=\"https:\/\/www.capgemini.com\/mx-es\/sobre-nosotros\/quienes-somos\/valores-y-etica\/speakingup\/\" \/>\n<meta property=\"og:locale\" content=\"es_MX\" \/>\n<meta property=\"og:type\" content=\"article\" \/>\n<meta property=\"og:title\" content=\"Speaking up\" \/>\n<meta property=\"og:description\" content=\"SpeakUp es una herramienta web y telef\u00f3nica de informaci\u00f3n \u00e9tica, gesti\u00f3n de incidentes y asesoramiento.\" \/>\n<meta property=\"og:url\" content=\"https:\/\/www.capgemini.com\/mx-es\/sobre-nosotros\/quienes-somos\/valores-y-etica\/speakingup\/\" \/>\n<meta property=\"og:site_name\" content=\"Capgemini Mexico\" \/>\n<meta property=\"article:modified_time\" content=\"2026-01-12T20:15:45+00:00\" \/>\n<meta property=\"og:image\" content=\"https:\/\/www.capgemini.com\/wp-content\/uploads\/2021\/09\/Capgemini_Ethics_SpeakUP.jpg\" \/>\n<meta name=\"twitter:card\" content=\"summary_large_image\" \/>\n<meta name=\"twitter:label1\" content=\"Est. reading time\" \/>\n\t<meta name=\"twitter:data1\" content=\"2 minutes\" \/>\n<script type=\"application\/ld+json\" class=\"yoast-schema-graph\">{\"@context\":\"https:\/\/schema.org\",\"@graph\":[{\"@type\":\"WebPage\",\"@id\":\"https:\/\/www.capgemini.com\/mx-es\/sobre-nosotros\/quienes-somos\/valores-y-etica\/speakingup\/\",\"url\":\"https:\/\/www.capgemini.com\/mx-es\/sobre-nosotros\/quienes-somos\/valores-y-etica\/speakingup\/\",\"name\":\"SpeakUp - Our 24\u00d77 Web And Phone-Based Ethics Helpline | Capgemini\",\"isPartOf\":{\"@id\":\"https:\/\/www.capgemini.com\/mx-es\/#website\"},\"primaryImageOfPage\":{\"@id\":\"https:\/\/www.capgemini.com\/mx-es\/sobre-nosotros\/quienes-somos\/valores-y-etica\/speakingup\/#primaryimage\"},\"image\":{\"@id\":\"https:\/\/www.capgemini.com\/mx-es\/sobre-nosotros\/quienes-somos\/valores-y-etica\/speakingup\/#primaryimage\"},\"thumbnailUrl\":\"https:\/\/www.capgemini.com\/wp-content\/uploads\/2021\/09\/Capgemini_Ethics_SpeakUP.jpg\",\"datePublished\":\"2022-04-14T12:09:10+00:00\",\"dateModified\":\"2026-01-12T20:15:45+00:00\",\"description\":\"SpeakUp es una herramienta web y telef\u00f3nica de informaci\u00f3n \u00e9tica, gesti\u00f3n de incidentes y asesoramiento.\",\"breadcrumb\":{\"@id\":\"https:\/\/www.capgemini.com\/mx-es\/sobre-nosotros\/quienes-somos\/valores-y-etica\/speakingup\/#breadcrumb\"},\"inLanguage\":\"es-MX\",\"potentialAction\":[{\"@type\":\"ReadAction\",\"target\":[\"https:\/\/www.capgemini.com\/mx-es\/sobre-nosotros\/quienes-somos\/valores-y-etica\/speakingup\/\"]}]},{\"@type\":\"ImageObject\",\"inLanguage\":\"es-MX\",\"@id\":\"https:\/\/www.capgemini.com\/mx-es\/sobre-nosotros\/quienes-somos\/valores-y-etica\/speakingup\/#primaryimage\",\"url\":\"https:\/\/www.capgemini.com\/wp-content\/uploads\/2021\/09\/Capgemini_Ethics_SpeakUP.jpg\",\"contentUrl\":\"https:\/\/www.capgemini.com\/wp-content\/uploads\/2021\/09\/Capgemini_Ethics_SpeakUP.jpg\"},{\"@type\":\"BreadcrumbList\",\"@id\":\"https:\/\/www.capgemini.com\/mx-es\/sobre-nosotros\/quienes-somos\/valores-y-etica\/speakingup\/#breadcrumb\",\"itemListElement\":[{\"@type\":\"ListItem\",\"position\":1,\"name\":\"Home\",\"item\":\"https:\/\/www.capgemini.com\/mx-es\/\"},{\"@type\":\"ListItem\",\"position\":2,\"name\":\"Sobre nosotros\",\"item\":\"https:\/\/www.capgemini.com\/mx-es\/sobre-nosotros\/\"},{\"@type\":\"ListItem\",\"position\":3,\"name\":\"Qui\u00e9nes somos\",\"item\":\"https:\/\/www.capgemini.com\/mx-es\/sobre-nosotros\/quienes-somos\/\"},{\"@type\":\"ListItem\",\"position\":4,\"name\":\"Valores y \u00e9tica\",\"item\":\"https:\/\/www.capgemini.com\/mx-es\/sobre-nosotros\/quienes-somos\/valores-y-etica\/\"},{\"@type\":\"ListItem\",\"position\":5,\"name\":\"Speaking up\"}]},{\"@type\":\"WebSite\",\"@id\":\"https:\/\/www.capgemini.com\/mx-es\/#website\",\"url\":\"https:\/\/www.capgemini.com\/mx-es\/\",\"name\":\"Capgemini Mexico\",\"description\":\"Capgemini\",\"publisher\":{\"@id\":\"https:\/\/www.capgemini.com\/mx-es\/#organization\"},\"potentialAction\":[{\"@type\":\"SearchAction\",\"target\":{\"@type\":\"EntryPoint\",\"urlTemplate\":\"https:\/\/www.capgemini.com\/mx-es\/?s={search_term_string}\"},\"query-input\":\"required name=search_term_string\"}],\"inLanguage\":\"es-MX\"},{\"@type\":\"Organization\",\"@id\":\"https:\/\/www.capgemini.com\/mx-es\/#organization\",\"name\":\"Capgemini Mexico\",\"url\":\"https:\/\/www.capgemini.com\/mx-es\/\",\"logo\":{\"@type\":\"ImageObject\",\"inLanguage\":\"es-MX\",\"@id\":\"https:\/\/www.capgemini.com\/mx-es\/#\/schema\/logo\/image\/\",\"url\":\"https:\/\/www.capgemini.com\/mx-es\/wp-content\/uploads\/sites\/28\/2025\/07\/linkedin_mwo0q6.png\",\"contentUrl\":\"https:\/\/www.capgemini.com\/mx-es\/wp-content\/uploads\/sites\/28\/2025\/07\/linkedin_mwo0q6.png\",\"width\":800,\"height\":800,\"caption\":\"Capgemini Mexico\"},\"image\":{\"@id\":\"https:\/\/www.capgemini.com\/mx-es\/#\/schema\/logo\/image\/\"}}]}<\/script>\n<!-- \/ Yoast SEO Premium plugin. -->","yoast_head_json":{"title":"SpeakUp - Our 24\u00d77 Web And Phone-Based Ethics Helpline | Capgemini","description":"SpeakUp es una herramienta web y telef\u00f3nica de informaci\u00f3n \u00e9tica, gesti\u00f3n de incidentes y asesoramiento.","robots":{"index":"index","follow":"follow","max-snippet":"max-snippet:-1","max-image-preview":"max-image-preview:large","max-video-preview":"max-video-preview:-1"},"canonical":"https:\/\/www.capgemini.com\/mx-es\/sobre-nosotros\/quienes-somos\/valores-y-etica\/speakingup\/","og_locale":"es_MX","og_type":"article","og_title":"Speaking up","og_description":"SpeakUp es una herramienta web y telef\u00f3nica de informaci\u00f3n \u00e9tica, gesti\u00f3n de incidentes y asesoramiento.","og_url":"https:\/\/www.capgemini.com\/mx-es\/sobre-nosotros\/quienes-somos\/valores-y-etica\/speakingup\/","og_site_name":"Capgemini Mexico","article_modified_time":"2026-01-12T20:15:45+00:00","og_image":[{"url":"https:\/\/www.capgemini.com\/wp-content\/uploads\/2021\/09\/Capgemini_Ethics_SpeakUP.jpg"}],"twitter_card":"summary_large_image","twitter_misc":{"Est. reading time":"2 minutes"},"schema":{"@context":"https:\/\/schema.org","@graph":[{"@type":"WebPage","@id":"https:\/\/www.capgemini.com\/mx-es\/sobre-nosotros\/quienes-somos\/valores-y-etica\/speakingup\/","url":"https:\/\/www.capgemini.com\/mx-es\/sobre-nosotros\/quienes-somos\/valores-y-etica\/speakingup\/","name":"SpeakUp - Our 24\u00d77 Web And Phone-Based Ethics Helpline | Capgemini","isPartOf":{"@id":"https:\/\/www.capgemini.com\/mx-es\/#website"},"primaryImageOfPage":{"@id":"https:\/\/www.capgemini.com\/mx-es\/sobre-nosotros\/quienes-somos\/valores-y-etica\/speakingup\/#primaryimage"},"image":{"@id":"https:\/\/www.capgemini.com\/mx-es\/sobre-nosotros\/quienes-somos\/valores-y-etica\/speakingup\/#primaryimage"},"thumbnailUrl":"https:\/\/www.capgemini.com\/wp-content\/uploads\/2021\/09\/Capgemini_Ethics_SpeakUP.jpg","datePublished":"2022-04-14T12:09:10+00:00","dateModified":"2026-01-12T20:15:45+00:00","description":"SpeakUp es una herramienta web y telef\u00f3nica de informaci\u00f3n \u00e9tica, gesti\u00f3n de incidentes y asesoramiento.","breadcrumb":{"@id":"https:\/\/www.capgemini.com\/mx-es\/sobre-nosotros\/quienes-somos\/valores-y-etica\/speakingup\/#breadcrumb"},"inLanguage":"es-MX","potentialAction":[{"@type":"ReadAction","target":["https:\/\/www.capgemini.com\/mx-es\/sobre-nosotros\/quienes-somos\/valores-y-etica\/speakingup\/"]}]},{"@type":"ImageObject","inLanguage":"es-MX","@id":"https:\/\/www.capgemini.com\/mx-es\/sobre-nosotros\/quienes-somos\/valores-y-etica\/speakingup\/#primaryimage","url":"https:\/\/www.capgemini.com\/wp-content\/uploads\/2021\/09\/Capgemini_Ethics_SpeakUP.jpg","contentUrl":"https:\/\/www.capgemini.com\/wp-content\/uploads\/2021\/09\/Capgemini_Ethics_SpeakUP.jpg"},{"@type":"BreadcrumbList","@id":"https:\/\/www.capgemini.com\/mx-es\/sobre-nosotros\/quienes-somos\/valores-y-etica\/speakingup\/#breadcrumb","itemListElement":[{"@type":"ListItem","position":1,"name":"Home","item":"https:\/\/www.capgemini.com\/mx-es\/"},{"@type":"ListItem","position":2,"name":"Sobre nosotros","item":"https:\/\/www.capgemini.com\/mx-es\/sobre-nosotros\/"},{"@type":"ListItem","position":3,"name":"Qui\u00e9nes somos","item":"https:\/\/www.capgemini.com\/mx-es\/sobre-nosotros\/quienes-somos\/"},{"@type":"ListItem","position":4,"name":"Valores y \u00e9tica","item":"https:\/\/www.capgemini.com\/mx-es\/sobre-nosotros\/quienes-somos\/valores-y-etica\/"},{"@type":"ListItem","position":5,"name":"Speaking up"}]},{"@type":"WebSite","@id":"https:\/\/www.capgemini.com\/mx-es\/#website","url":"https:\/\/www.capgemini.com\/mx-es\/","name":"Capgemini Mexico","description":"Capgemini","publisher":{"@id":"https:\/\/www.capgemini.com\/mx-es\/#organization"},"potentialAction":[{"@type":"SearchAction","target":{"@type":"EntryPoint","urlTemplate":"https:\/\/www.capgemini.com\/mx-es\/?s={search_term_string}"},"query-input":"required name=search_term_string"}],"inLanguage":"es-MX"},{"@type":"Organization","@id":"https:\/\/www.capgemini.com\/mx-es\/#organization","name":"Capgemini Mexico","url":"https:\/\/www.capgemini.com\/mx-es\/","logo":{"@type":"ImageObject","inLanguage":"es-MX","@id":"https:\/\/www.capgemini.com\/mx-es\/#\/schema\/logo\/image\/","url":"https:\/\/www.capgemini.com\/mx-es\/wp-content\/uploads\/sites\/28\/2025\/07\/linkedin_mwo0q6.png","contentUrl":"https:\/\/www.capgemini.com\/mx-es\/wp-content\/uploads\/sites\/28\/2025\/07\/linkedin_mwo0q6.png","width":800,"height":800,"caption":"Capgemini Mexico"},"image":{"@id":"https:\/\/www.capgemini.com\/mx-es\/#\/schema\/logo\/image\/"}}]}},"brand_term":[],"parsely":{"version":"1.1.0","canonical_url":"https:\/\/capgemini.com\/mx-es\/sobre-nosotros\/quienes-somos\/valores-y-etica\/speakingup\/","smart_links":{"inbound":0,"outbound":0},"traffic_boost_suggestions_count":0,"meta":{"@context":"https:\/\/schema.org","@type":"WebPage","headline":"Speaking up","url":"https:\/\/www.capgemini.com\/mx-es\/sobre-nosotros\/quienes-somos\/valores-y-etica\/speakingup\/","mainEntityOfPage":{"@type":"WebPage","@id":"https:\/\/www.capgemini.com\/mx-es\/sobre-nosotros\/quienes-somos\/valores-y-etica\/speakingup\/"},"thumbnailUrl":"","image":{"@type":"ImageObject","url":""},"articleSection":"Uncategorized","author":[],"creator":[],"publisher":{"@type":"Organization","name":"Capgemini Mexico","logo":""},"keywords":[],"dateCreated":"2022-04-14T12:09:10Z","datePublished":"2022-04-14T12:09:10Z","dateModified":"2026-01-12T20:15:45Z"},"rendered":"<meta name=\"parsely-title\" content=\"Speaking up\" \/>\n<meta name=\"parsely-link\" content=\"https:\/\/www.capgemini.com\/mx-es\/sobre-nosotros\/quienes-somos\/valores-y-etica\/speakingup\/\" \/>\n<meta name=\"parsely-type\" content=\"index\" \/>\n<meta name=\"parsely-pub-date\" content=\"2022-04-14T12:09:10Z\" \/>\n<meta name=\"parsely-section\" content=\"Uncategorized\" \/>","tracker_url":"https:\/\/cdn.parsely.com\/keys\/capgemini.com\/p.js"},"archive_status":false,"featured_image_src":"https:\/\/www.capgemini.com\/mx-es\/wp-content\/themes\/capgemini2025\/assets\/images\/mockup.png","featured_image_alt":false,"jetpack_sharing_enabled":true,"distributor_meta":false,"distributor_terms":false,"distributor_media":false,"distributor_original_site_name":"Capgemini Mexico","distributor_original_site_url":"https:\/\/www.capgemini.com\/mx-es","push-errors":false,"_links":{"self":[{"href":"https:\/\/www.capgemini.com\/mx-es\/wp-json\/wp\/v2\/pages\/5345","targetHints":{"allow":["GET"]}}],"collection":[{"href":"https:\/\/www.capgemini.com\/mx-es\/wp-json\/wp\/v2\/pages"}],"about":[{"href":"https:\/\/www.capgemini.com\/mx-es\/wp-json\/wp\/v2\/types\/page"}],"author":[{"embeddable":true,"href":"https:\/\/www.capgemini.com\/mx-es\/wp-json\/wp\/v2\/users\/121"}],"replies":[{"embeddable":true,"href":"https:\/\/www.capgemini.com\/mx-es\/wp-json\/wp\/v2\/comments?post=5345"}],"version-history":[{"count":13,"href":"https:\/\/www.capgemini.com\/mx-es\/wp-json\/wp\/v2\/pages\/5345\/revisions"}],"predecessor-version":[{"id":557768,"href":"https:\/\/www.capgemini.com\/mx-es\/wp-json\/wp\/v2\/pages\/5345\/revisions\/557768"}],"up":[{"embeddable":true,"href":"https:\/\/www.capgemini.com\/mx-es\/wp-json\/wp\/v2\/pages\/5877"}],"wp:attachment":[{"href":"https:\/\/www.capgemini.com\/mx-es\/wp-json\/wp\/v2\/media?parent=5345"}],"wp:term":[{"taxonomy":"brand","embeddable":true,"href":"https:\/\/www.capgemini.com\/mx-es\/wp-json\/wp\/v2\/brand?post=5345"},{"taxonomy":"partner_type","embeddable":true,"href":"https:\/\/www.capgemini.com\/mx-es\/wp-json\/wp\/v2\/partner_type?post=5345"},{"taxonomy":"service","embeddable":true,"href":"https:\/\/www.capgemini.com\/mx-es\/wp-json\/wp\/v2\/service?post=5345"},{"taxonomy":"industry","embeddable":true,"href":"https:\/\/www.capgemini.com\/mx-es\/wp-json\/wp\/v2\/industry?post=5345"},{"taxonomy":"partners","embeddable":true,"href":"https:\/\/www.capgemini.com\/mx-es\/wp-json\/wp\/v2\/partners?post=5345"},{"taxonomy":"page-type","embeddable":true,"href":"https:\/\/www.capgemini.com\/mx-es\/wp-json\/wp\/v2\/page-type?post=5345"},{"taxonomy":"content-group","embeddable":true,"href":"https:\/\/www.capgemini.com\/mx-es\/wp-json\/wp\/v2\/content-group?post=5345"}],"curies":[{"name":"wp","href":"https:\/\/api.w.org\/{rel}","templated":true}]}}