{"id":5342,"date":"2022-04-14T12:32:00","date_gmt":"2022-04-14T12:32:00","guid":{"rendered":"https:\/\/www.capgemini.com\/?page_id=679048"},"modified":"2025-05-30T03:42:26","modified_gmt":"2025-05-30T03:42:26","slug":"worlds-most-ethical-companies","status":"publish","type":"page","link":"https:\/\/www.capgemini.com\/mx-es\/sobre-nosotros\/quienes-somos\/valores-y-etica\/empresas-mas-eticas-del-mundo\/","title":{"rendered":"World\u2019s Most Ethical Companies\u00ae"},"content":{"rendered":"\n<div class=\"wp-block-cg-blocks-hero-picture-card undefined  heroPictureCard heroPictureCardLogTitle \"><div class=\"heroPictureCardBgs\"><picture><source srcset=\"https:\/\/www.capgemini.com\/wp-content\/uploads\/2024\/03\/2024-02-20_Ethics-in-motion-web-banner-2880x1800px_v1.png?w=2880&amp;quality=70 1x, https:\/\/www.capgemini.com\/wp-content\/uploads\/2024\/03\/2024-02-20_Ethics-in-motion-web-banner-2880x1800px_v1.png?w=2880&amp;quality=70 2x\" media=\"(min-width: 1500px)\"\/><source srcset=\"https:\/\/www.capgemini.com\/wp-content\/uploads\/2024\/03\/2024-02-20_Ethics-in-motion-web-banner-2880x1800px_v1.png?w=1440&amp;quality=70 1x, https:\/\/www.capgemini.com\/wp-content\/uploads\/2024\/03\/2024-02-20_Ethics-in-motion-web-banner-2880x1800px_v1.png?w=2880&amp;quality=70 2x\" media=\"(min-width: 992px)\"\/><source srcset=\"https:\/\/www.capgemini.com\/wp-content\/uploads\/2024\/03\/2024-02-20_Ethics-in-motion-web-banner-2880x1800px_v1.png?w=1024&amp;quality=70 1x, https:\/\/www.capgemini.com\/wp-content\/uploads\/2024\/03\/2024-02-20_Ethics-in-motion-web-banner-2880x1800px_v1.png?w=1024&amp;quality=70 2x\" media=\"(min-width: 768px)\"\/><source srcset=\"https:\/\/www.capgemini.com\/wp-content\/uploads\/2024\/03\/2024-02-20_Ethics-in-motion-web-banner-2880x1800px_v1.png?w=768&amp;quality=70 1x, https:\/\/www.capgemini.com\/wp-content\/uploads\/2024\/03\/2024-02-20_Ethics-in-motion-web-banner-2880x1800px_v1.png?w=768&amp;quality=70 2x\" media=\"(min-width: 0)\"\/><img decoding=\"async\" src=\"https:\/\/www.capgemini.com\/wp-content\/uploads\/2024\/03\/2024-02-20_Ethics-in-motion-web-banner-2880x1800px_v1.png\" class=\"desktopImage\" alt=\"\" style=\"object-fit:cover;object-position:59% 54%\" loading=\"eager\"\/><\/picture><picture><source srcset=\"https:\/\/www.capgemini.com\/wp-content\/uploads\/2024\/03\/2024-02-20_Ethics-in-motion-web-banner-2880x1800px_v1.png?w=2880&amp;quality=70 1x, https:\/\/www.capgemini.com\/wp-content\/uploads\/2024\/03\/2024-02-20_Ethics-in-motion-web-banner-2880x1800px_v1.png?w=2880&amp;quality=70 2x\" media=\"(min-width: 1500px)\"\/><source srcset=\"https:\/\/www.capgemini.com\/wp-content\/uploads\/2024\/03\/2024-02-20_Ethics-in-motion-web-banner-2880x1800px_v1.png?w=1440&amp;quality=70 1x, https:\/\/www.capgemini.com\/wp-content\/uploads\/2024\/03\/2024-02-20_Ethics-in-motion-web-banner-2880x1800px_v1.png?w=2880&amp;quality=70 2x\" media=\"(min-width: 992px)\"\/><source srcset=\"https:\/\/www.capgemini.com\/wp-content\/uploads\/2024\/03\/2024-02-20_Ethics-in-motion-web-banner-2880x1800px_v1.png?w=1024&amp;quality=70 1x, https:\/\/www.capgemini.com\/wp-content\/uploads\/2024\/03\/2024-02-20_Ethics-in-motion-web-banner-2880x1800px_v1.png?w=1024&amp;quality=70 2x\" media=\"(min-width: 768px)\"\/><source srcset=\"https:\/\/www.capgemini.com\/wp-content\/uploads\/2024\/03\/2024-02-20_Ethics-in-motion-web-banner-2880x1800px_v1.png?w=768&amp;quality=70 1x, https:\/\/www.capgemini.com\/wp-content\/uploads\/2024\/03\/2024-02-20_Ethics-in-motion-web-banner-2880x1800px_v1.png?w=768&amp;quality=70 2x\" media=\"(min-width: 0)\"\/><img decoding=\"async\" src=\"https:\/\/www.capgemini.com\/wp-content\/uploads\/2024\/03\/2024-02-20_Ethics-in-motion-web-banner-2880x1800px_v1.png\" class=\"mobileImage\" alt=\"\" style=\"object-fit:cover;object-position:59% 54%\" loading=\"eager\"\/><\/picture><\/div><div class=\"heroPictureCardHeaderShape\"><\/div><div class=\"container\"><div class=\"row\"><div class=\"col-md-10 col-lg-10 LongTitle\"><div class=\"heroPictureCardBox\"><div class=\"heroPictureCardBoxTitle\"><h1 data-maxlength=\"144\">One of the World\u2019s Most Ethical Companies\u00ae &#8211; 14 years in a row<\/h1><\/div><\/div><\/div><\/div><\/div><div class=\"small-device\"><div class=\"logoWrapperLongTitle\"> <\/div><\/div><\/div>\n\n\n\n<section class=\"wp-block-cg-blocks-intro-para undefined section section--intro\"><div class=\"intro-para\"><div class=\"container\"><div class=\"row\"><div class=\"col-12 col-md-8 offset-md-2\"><h2 class=\"intro-para-title\">For the 14th year in a row, Capgemini has been recognized as one of the\u00a0<em>World\u2019s Most Ethical Companies\u00ae<\/em>\u00a0by the Ethisphere\u00ae Institute. This recognition reflects our ongoing journey to strengthen and improve our ethical culture.<\/h2><\/div><\/div><\/div><\/div><\/section>\n\n\n\n<section class=\"wp-block-cg-blocks-group undefined section section--article-content\"><div class=\"article-main-content\"><div class=\"container\"><div class=\"grid-container\"><div><div class=\"article-text article-quote-text\">\n<h3 class=\"wp-block-heading\" id=\"h-what-is-world-s-most-ethical-companies\"><strong>What is World\u2019s Most Ethical Companies\u00ae?<\/strong><\/h3>\n\n\n\n<figure class=\"wp-block-image alignright size-full is-resized\"><img decoding=\"async\" src=\"https:\/\/www.capgemini.com\/wp-content\/uploads\/2026\/03\/WME-Screenshot-Logo.jpg\" alt=\"\" class=\"wp-image-1210098\" style=\"aspect-ratio:1.4514563106796117;object-fit:contain;width:375px\"\/><\/figure>\n\n\n\n<p class=\"is-style-cg-core-paragraph\">This recognition was introduced in 2007 by the Ethisphere Institute to publicly acknowledge and celebrate companies that consistently strive to strengthen their ethical culture\u2014by promoting ethical business standards and practices, enabling managers and employees to make informed choices, and helping shape industry standards through the sharing of best practices.<\/p>\n\n\n\n<h3 class=\"wp-block-heading\" id=\"h-why-is-this-recognition-so-important-to-us\"><strong>Why is this recognition so important to us?<\/strong><\/h3>\n\n\n\n<p>Each year, the process of nomination becomes tougher. We respond to a questionnaire of over 200 questions, requiring detailed inputs from various stakeholders in fields ranging from our ethical culture and program, corporate governance, third-party management, leadership, reputation, and corporate social responsibility.<\/p>\n\n\n\n<p>And being recognized as one of the honorees motivates us to continually assess our practices, make improvements where needed, and maintain our commitment to ethical conduct.<\/p>\n\n\n\n<h3 class=\"wp-block-heading\" id=\"h-about-our-ethical-culture\"><strong>About our ethical culture<\/strong><\/h3>\n\n\n\n<p>In 2010, we set up a formal ethics program at Capgemini, with our Values at its core. This extensive program was crucial for the success of a diverse, decentralized Group like ours, with multi-cultural teams operating in more than 50 countries.<\/p>\n\n\n\n<p>We take the time to talk about ethics together by regularly asking employees for feedback, empowering them to enrich our understanding and strengthen our ethical culture. This is an ongoing journey for us\u2014one in which we continue to learn, adapt, and improve each year.<\/p>\n<\/div><\/div><\/div><\/div><\/div><\/section>\n","protected":false},"excerpt":{"rendered":"<p>For the 11th year in a row, Capgemini has been recognized as one of the\u00a0World\u2019s Most Ethical Companies\u00ae\u00a0by the Ethisphere\u00ae Institute.<\/p>\n","protected":false},"author":121,"featured_media":0,"parent":5877,"menu_order":2,"comment_status":"closed","ping_status":"closed","template":"","meta":{"cg_dt_proposed_to":[16],"cg_seo_hreflang_relations":"[]","cg_seo_canonical_relation":"","cg_seo_hreflang_x_default_relation":"{\"uuid\":\"567a42de-2aaa-4e9e-9e0f-fb5013ddc534\",\"blogId\":\"1\",\"domain\":\"www.capgemini.com\",\"sitePath\":\"\/\",\"postLink\":\"https:\/\/www.capgemini.com\/about-us\/who-we-are\/values-and-ethics\/worlds-most-ethical-companies\/\",\"postId\":679048,\"isSaved\":true,\"isCrossLink\":false,\"hasCrossLink\":false,\"isEnabled\":true}","cg_dt_approved_content":true,"cg_dt_mandatory_content":false,"cg_dt_notes":"","cg_dg_source_changed":false,"cg_dt_link_disabled":true,"_yoast_wpseo_primary_brand":"","footnotes":"","featured_focal_points":"{\"x\":\"0.49\",\"y\":\"0.73\"}","partner_card_description":"","gsap_animation":0},"brand":[],"partner_type":[],"service":[],"industry":[],"partners":[],"page-type":[],"content-group":[],"class_list":["post-5342","page","type-page","status-publish","hentry"],"yoast_head":"<!-- This site is optimized with the Yoast SEO Premium plugin v22.8 (Yoast SEO v22.8) - https:\/\/yoast.com\/wordpress\/plugins\/seo\/ -->\n<title>Empresas m\u00e1s \u00e9ticas del mundo\u00ae | Capgemini<\/title>\n<meta name=\"description\" content=\"Durante diez a\u00f1os consecutivos, Capgemini ha sido reconocida como una de las empresas m\u00e1s \u00e9ticas del mundo por el Instituto Ethisphere\u00ae\" \/>\n<meta name=\"robots\" content=\"index, follow, max-snippet:-1, max-image-preview:large, max-video-preview:-1\" \/>\n<link rel=\"canonical\" href=\"https:\/\/www.capgemini.com\/about-us\/who-we-are\/values-and-ethics\/worlds-most-ethical-companies\/\" \/>\n<meta property=\"og:locale\" content=\"es_MX\" \/>\n<meta property=\"og:type\" content=\"article\" \/>\n<meta property=\"og:title\" content=\"World\u2019s Most Ethical Companies\u00ae | Capgemini Mexico\" \/>\n<meta property=\"og:description\" content=\"For the 12th year in a row, Capgemini has been recognized as one of the\u00a0World\u2019s Most Ethical Companies\u00ae\u00a0by the Ethisphere\u00ae Institute\" \/>\n<meta property=\"og:url\" content=\"https:\/\/www.capgemini.com\/mx-es\/sobre-nosotros\/quienes-somos\/valores-y-etica\/empresas-mas-eticas-del-mundo\/\" \/>\n<meta property=\"og:site_name\" content=\"Capgemini Mexico\" \/>\n<meta property=\"article:modified_time\" content=\"2025-05-30T03:42:26+00:00\" \/>\n<meta property=\"og:image\" content=\"https:\/\/www.capgemini.com\/mx-es\/wp-content\/uploads\/sites\/28\/2025\/10\/New-Web-preview-global.jpg\" \/>\n\t<meta property=\"og:image:width\" content=\"1200\" \/>\n\t<meta property=\"og:image:height\" content=\"627\" \/>\n\t<meta property=\"og:image:type\" content=\"image\/jpeg\" \/>\n<meta name=\"twitter:card\" content=\"summary_large_image\" \/>\n<meta name=\"twitter:title\" content=\"World\u2019s Most Ethical Companies\u00ae | Capgemini Mexico\" \/>\n<meta name=\"twitter:description\" content=\"For the 12th year in a row, Capgemini has been recognized as one of the\u00a0World\u2019s Most Ethical Companies\u00ae\u00a0by the Ethisphere\u00ae Institute\" \/>\n<meta name=\"twitter:label1\" content=\"Est. reading time\" \/>\n\t<meta name=\"twitter:data1\" content=\"3 minutes\" \/>\n<script type=\"application\/ld+json\" class=\"yoast-schema-graph\">{\"@context\":\"https:\/\/schema.org\",\"@graph\":[{\"@type\":\"WebPage\",\"@id\":\"https:\/\/www.capgemini.com\/mx-es\/sobre-nosotros\/quienes-somos\/valores-y-etica\/empresas-mas-eticas-del-mundo\/\",\"url\":\"https:\/\/www.capgemini.com\/mx-es\/sobre-nosotros\/quienes-somos\/valores-y-etica\/empresas-mas-eticas-del-mundo\/\",\"name\":\"Empresas m\u00e1s \u00e9ticas del mundo\u00ae | Capgemini\",\"isPartOf\":{\"@id\":\"https:\/\/www.capgemini.com\/mx-es\/#website\"},\"primaryImageOfPage\":{\"@id\":\"https:\/\/www.capgemini.com\/mx-es\/sobre-nosotros\/quienes-somos\/valores-y-etica\/empresas-mas-eticas-del-mundo\/#primaryimage\"},\"image\":{\"@id\":\"https:\/\/www.capgemini.com\/mx-es\/sobre-nosotros\/quienes-somos\/valores-y-etica\/empresas-mas-eticas-del-mundo\/#primaryimage\"},\"thumbnailUrl\":\"https:\/\/www.capgemini.com\/wp-content\/uploads\/2024\/03\/2024-02-20_Ethics-in-motion-web-banner-2880x1800px_v1.png\",\"datePublished\":\"2022-04-14T12:32:00+00:00\",\"dateModified\":\"2025-05-30T03:42:26+00:00\",\"description\":\"Durante diez a\u00f1os consecutivos, Capgemini ha sido reconocida como una de las empresas m\u00e1s \u00e9ticas del mundo por el Instituto Ethisphere\u00ae\",\"breadcrumb\":{\"@id\":\"https:\/\/www.capgemini.com\/mx-es\/sobre-nosotros\/quienes-somos\/valores-y-etica\/empresas-mas-eticas-del-mundo\/#breadcrumb\"},\"inLanguage\":\"es-MX\",\"potentialAction\":[{\"@type\":\"ReadAction\",\"target\":[\"https:\/\/www.capgemini.com\/mx-es\/sobre-nosotros\/quienes-somos\/valores-y-etica\/empresas-mas-eticas-del-mundo\/\"]}]},{\"@type\":\"ImageObject\",\"inLanguage\":\"es-MX\",\"@id\":\"https:\/\/www.capgemini.com\/mx-es\/sobre-nosotros\/quienes-somos\/valores-y-etica\/empresas-mas-eticas-del-mundo\/#primaryimage\",\"url\":\"https:\/\/www.capgemini.com\/wp-content\/uploads\/2024\/03\/2024-02-20_Ethics-in-motion-web-banner-2880x1800px_v1.png\",\"contentUrl\":\"https:\/\/www.capgemini.com\/wp-content\/uploads\/2024\/03\/2024-02-20_Ethics-in-motion-web-banner-2880x1800px_v1.png\"},{\"@type\":\"BreadcrumbList\",\"@id\":\"https:\/\/www.capgemini.com\/mx-es\/sobre-nosotros\/quienes-somos\/valores-y-etica\/empresas-mas-eticas-del-mundo\/#breadcrumb\",\"itemListElement\":[{\"@type\":\"ListItem\",\"position\":1,\"name\":\"Home\",\"item\":\"https:\/\/www.capgemini.com\/mx-es\/\"},{\"@type\":\"ListItem\",\"position\":2,\"name\":\"Sobre nosotros\",\"item\":\"https:\/\/www.capgemini.com\/mx-es\/sobre-nosotros\/\"},{\"@type\":\"ListItem\",\"position\":3,\"name\":\"Qui\u00e9nes somos\",\"item\":\"https:\/\/www.capgemini.com\/mx-es\/sobre-nosotros\/quienes-somos\/\"},{\"@type\":\"ListItem\",\"position\":4,\"name\":\"Valores y \u00e9tica\",\"item\":\"https:\/\/www.capgemini.com\/mx-es\/sobre-nosotros\/quienes-somos\/valores-y-etica\/\"},{\"@type\":\"ListItem\",\"position\":5,\"name\":\"Empresas m\u00e1s eticas del mundo\u00ae\"}]},{\"@type\":\"WebSite\",\"@id\":\"https:\/\/www.capgemini.com\/mx-es\/#website\",\"url\":\"https:\/\/www.capgemini.com\/mx-es\/\",\"name\":\"Capgemini Mexico\",\"description\":\"Capgemini\",\"publisher\":{\"@id\":\"https:\/\/www.capgemini.com\/mx-es\/#organization\"},\"potentialAction\":[{\"@type\":\"SearchAction\",\"target\":{\"@type\":\"EntryPoint\",\"urlTemplate\":\"https:\/\/www.capgemini.com\/mx-es\/?s={search_term_string}\"},\"query-input\":\"required name=search_term_string\"}],\"inLanguage\":\"es-MX\"},{\"@type\":\"Organization\",\"@id\":\"https:\/\/www.capgemini.com\/mx-es\/#organization\",\"name\":\"Capgemini Mexico\",\"url\":\"https:\/\/www.capgemini.com\/mx-es\/\",\"logo\":{\"@type\":\"ImageObject\",\"inLanguage\":\"es-MX\",\"@id\":\"https:\/\/www.capgemini.com\/mx-es\/#\/schema\/logo\/image\/\",\"url\":\"https:\/\/www.capgemini.com\/mx-es\/wp-content\/uploads\/sites\/28\/2025\/07\/linkedin_mwo0q6.png\",\"contentUrl\":\"https:\/\/www.capgemini.com\/mx-es\/wp-content\/uploads\/sites\/28\/2025\/07\/linkedin_mwo0q6.png\",\"width\":800,\"height\":800,\"caption\":\"Capgemini Mexico\"},\"image\":{\"@id\":\"https:\/\/www.capgemini.com\/mx-es\/#\/schema\/logo\/image\/\"}}]}<\/script>\n<!-- \/ Yoast SEO Premium plugin. -->","yoast_head_json":{"title":"Empresas m\u00e1s \u00e9ticas del mundo\u00ae | Capgemini","description":"Durante diez a\u00f1os consecutivos, Capgemini ha sido reconocida como una de las empresas m\u00e1s \u00e9ticas del mundo por el Instituto Ethisphere\u00ae","robots":{"index":"index","follow":"follow","max-snippet":"max-snippet:-1","max-image-preview":"max-image-preview:large","max-video-preview":"max-video-preview:-1"},"canonical":"https:\/\/www.capgemini.com\/about-us\/who-we-are\/values-and-ethics\/worlds-most-ethical-companies\/","og_locale":"es_MX","og_type":"article","og_title":"World\u2019s Most Ethical Companies\u00ae | Capgemini Mexico","og_description":"For the 12th year in a row, Capgemini has been recognized as one of the\u00a0World\u2019s Most Ethical Companies\u00ae\u00a0by the Ethisphere\u00ae Institute","og_url":"https:\/\/www.capgemini.com\/mx-es\/sobre-nosotros\/quienes-somos\/valores-y-etica\/empresas-mas-eticas-del-mundo\/","og_site_name":"Capgemini Mexico","article_modified_time":"2025-05-30T03:42:26+00:00","og_image":[{"width":1200,"height":627,"url":"https:\/\/www.capgemini.com\/mx-es\/wp-content\/uploads\/sites\/28\/2025\/10\/New-Web-preview-global.jpg","type":"image\/jpeg"}],"twitter_card":"summary_large_image","twitter_title":"World\u2019s Most Ethical Companies\u00ae | Capgemini Mexico","twitter_description":"For the 12th year in a row, Capgemini has been recognized as one of the\u00a0World\u2019s Most Ethical Companies\u00ae\u00a0by the Ethisphere\u00ae Institute","twitter_misc":{"Est. reading time":"3 minutes"},"schema":{"@context":"https:\/\/schema.org","@graph":[{"@type":"WebPage","@id":"https:\/\/www.capgemini.com\/mx-es\/sobre-nosotros\/quienes-somos\/valores-y-etica\/empresas-mas-eticas-del-mundo\/","url":"https:\/\/www.capgemini.com\/mx-es\/sobre-nosotros\/quienes-somos\/valores-y-etica\/empresas-mas-eticas-del-mundo\/","name":"Empresas m\u00e1s \u00e9ticas del mundo\u00ae | Capgemini","isPartOf":{"@id":"https:\/\/www.capgemini.com\/mx-es\/#website"},"primaryImageOfPage":{"@id":"https:\/\/www.capgemini.com\/mx-es\/sobre-nosotros\/quienes-somos\/valores-y-etica\/empresas-mas-eticas-del-mundo\/#primaryimage"},"image":{"@id":"https:\/\/www.capgemini.com\/mx-es\/sobre-nosotros\/quienes-somos\/valores-y-etica\/empresas-mas-eticas-del-mundo\/#primaryimage"},"thumbnailUrl":"https:\/\/www.capgemini.com\/wp-content\/uploads\/2024\/03\/2024-02-20_Ethics-in-motion-web-banner-2880x1800px_v1.png","datePublished":"2022-04-14T12:32:00+00:00","dateModified":"2025-05-30T03:42:26+00:00","description":"Durante diez a\u00f1os consecutivos, Capgemini ha sido reconocida como una de las empresas m\u00e1s \u00e9ticas del mundo por el Instituto Ethisphere\u00ae","breadcrumb":{"@id":"https:\/\/www.capgemini.com\/mx-es\/sobre-nosotros\/quienes-somos\/valores-y-etica\/empresas-mas-eticas-del-mundo\/#breadcrumb"},"inLanguage":"es-MX","potentialAction":[{"@type":"ReadAction","target":["https:\/\/www.capgemini.com\/mx-es\/sobre-nosotros\/quienes-somos\/valores-y-etica\/empresas-mas-eticas-del-mundo\/"]}]},{"@type":"ImageObject","inLanguage":"es-MX","@id":"https:\/\/www.capgemini.com\/mx-es\/sobre-nosotros\/quienes-somos\/valores-y-etica\/empresas-mas-eticas-del-mundo\/#primaryimage","url":"https:\/\/www.capgemini.com\/wp-content\/uploads\/2024\/03\/2024-02-20_Ethics-in-motion-web-banner-2880x1800px_v1.png","contentUrl":"https:\/\/www.capgemini.com\/wp-content\/uploads\/2024\/03\/2024-02-20_Ethics-in-motion-web-banner-2880x1800px_v1.png"},{"@type":"BreadcrumbList","@id":"https:\/\/www.capgemini.com\/mx-es\/sobre-nosotros\/quienes-somos\/valores-y-etica\/empresas-mas-eticas-del-mundo\/#breadcrumb","itemListElement":[{"@type":"ListItem","position":1,"name":"Home","item":"https:\/\/www.capgemini.com\/mx-es\/"},{"@type":"ListItem","position":2,"name":"Sobre nosotros","item":"https:\/\/www.capgemini.com\/mx-es\/sobre-nosotros\/"},{"@type":"ListItem","position":3,"name":"Qui\u00e9nes somos","item":"https:\/\/www.capgemini.com\/mx-es\/sobre-nosotros\/quienes-somos\/"},{"@type":"ListItem","position":4,"name":"Valores y \u00e9tica","item":"https:\/\/www.capgemini.com\/mx-es\/sobre-nosotros\/quienes-somos\/valores-y-etica\/"},{"@type":"ListItem","position":5,"name":"Empresas m\u00e1s eticas del mundo\u00ae"}]},{"@type":"WebSite","@id":"https:\/\/www.capgemini.com\/mx-es\/#website","url":"https:\/\/www.capgemini.com\/mx-es\/","name":"Capgemini Mexico","description":"Capgemini","publisher":{"@id":"https:\/\/www.capgemini.com\/mx-es\/#organization"},"potentialAction":[{"@type":"SearchAction","target":{"@type":"EntryPoint","urlTemplate":"https:\/\/www.capgemini.com\/mx-es\/?s={search_term_string}"},"query-input":"required name=search_term_string"}],"inLanguage":"es-MX"},{"@type":"Organization","@id":"https:\/\/www.capgemini.com\/mx-es\/#organization","name":"Capgemini Mexico","url":"https:\/\/www.capgemini.com\/mx-es\/","logo":{"@type":"ImageObject","inLanguage":"es-MX","@id":"https:\/\/www.capgemini.com\/mx-es\/#\/schema\/logo\/image\/","url":"https:\/\/www.capgemini.com\/mx-es\/wp-content\/uploads\/sites\/28\/2025\/07\/linkedin_mwo0q6.png","contentUrl":"https:\/\/www.capgemini.com\/mx-es\/wp-content\/uploads\/sites\/28\/2025\/07\/linkedin_mwo0q6.png","width":800,"height":800,"caption":"Capgemini Mexico"},"image":{"@id":"https:\/\/www.capgemini.com\/mx-es\/#\/schema\/logo\/image\/"}}]}},"brand_term":[],"parsely":{"version":"1.1.0","canonical_url":"https:\/\/capgemini.com\/mx-es\/sobre-nosotros\/quienes-somos\/valores-y-etica\/empresas-mas-eticas-del-mundo\/","smart_links":{"inbound":0,"outbound":0},"traffic_boost_suggestions_count":0,"meta":{"@context":"https:\/\/schema.org","@type":"WebPage","headline":"World\u2019s Most Ethical Companies\u00ae","url":"https:\/\/www.capgemini.com\/mx-es\/sobre-nosotros\/quienes-somos\/valores-y-etica\/empresas-mas-eticas-del-mundo\/","mainEntityOfPage":{"@type":"WebPage","@id":"https:\/\/www.capgemini.com\/mx-es\/sobre-nosotros\/quienes-somos\/valores-y-etica\/empresas-mas-eticas-del-mundo\/"},"thumbnailUrl":"","image":{"@type":"ImageObject","url":""},"articleSection":"Uncategorized","author":[],"creator":[],"publisher":{"@type":"Organization","name":"Capgemini Mexico","logo":""},"keywords":[],"dateCreated":"2022-04-14T12:32:00Z","datePublished":"2022-04-14T12:32:00Z","dateModified":"2025-05-30T03:42:26Z"},"rendered":"<meta name=\"parsely-title\" content=\"World\u2019s Most Ethical Companies\u00ae\" \/>\n<meta name=\"parsely-link\" content=\"https:\/\/www.capgemini.com\/mx-es\/sobre-nosotros\/quienes-somos\/valores-y-etica\/empresas-mas-eticas-del-mundo\/\" \/>\n<meta name=\"parsely-type\" content=\"index\" \/>\n<meta name=\"parsely-pub-date\" content=\"2022-04-14T12:32:00Z\" \/>\n<meta name=\"parsely-section\" content=\"Uncategorized\" \/>","tracker_url":"https:\/\/cdn.parsely.com\/keys\/capgemini.com\/p.js"},"archive_status":false,"featured_image_src":"https:\/\/www.capgemini.com\/mx-es\/wp-content\/themes\/capgemini2025\/assets\/images\/mockup.png","featured_image_alt":false,"jetpack_sharing_enabled":true,"distributor_meta":false,"distributor_terms":false,"distributor_media":false,"distributor_original_site_name":"Capgemini Mexico","distributor_original_site_url":"https:\/\/www.capgemini.com\/mx-es","push-errors":false,"_links":{"self":[{"href":"https:\/\/www.capgemini.com\/mx-es\/wp-json\/wp\/v2\/pages\/5342","targetHints":{"allow":["GET"]}}],"collection":[{"href":"https:\/\/www.capgemini.com\/mx-es\/wp-json\/wp\/v2\/pages"}],"about":[{"href":"https:\/\/www.capgemini.com\/mx-es\/wp-json\/wp\/v2\/types\/page"}],"author":[{"embeddable":true,"href":"https:\/\/www.capgemini.com\/mx-es\/wp-json\/wp\/v2\/users\/121"}],"replies":[{"embeddable":true,"href":"https:\/\/www.capgemini.com\/mx-es\/wp-json\/wp\/v2\/comments?post=5342"}],"version-history":[{"count":20,"href":"https:\/\/www.capgemini.com\/mx-es\/wp-json\/wp\/v2\/pages\/5342\/revisions"}],"predecessor-version":[{"id":562242,"href":"https:\/\/www.capgemini.com\/mx-es\/wp-json\/wp\/v2\/pages\/5342\/revisions\/562242"}],"up":[{"embeddable":true,"href":"https:\/\/www.capgemini.com\/mx-es\/wp-json\/wp\/v2\/pages\/5877"}],"wp:attachment":[{"href":"https:\/\/www.capgemini.com\/mx-es\/wp-json\/wp\/v2\/media?parent=5342"}],"wp:term":[{"taxonomy":"brand","embeddable":true,"href":"https:\/\/www.capgemini.com\/mx-es\/wp-json\/wp\/v2\/brand?post=5342"},{"taxonomy":"partner_type","embeddable":true,"href":"https:\/\/www.capgemini.com\/mx-es\/wp-json\/wp\/v2\/partner_type?post=5342"},{"taxonomy":"service","embeddable":true,"href":"https:\/\/www.capgemini.com\/mx-es\/wp-json\/wp\/v2\/service?post=5342"},{"taxonomy":"industry","embeddable":true,"href":"https:\/\/www.capgemini.com\/mx-es\/wp-json\/wp\/v2\/industry?post=5342"},{"taxonomy":"partners","embeddable":true,"href":"https:\/\/www.capgemini.com\/mx-es\/wp-json\/wp\/v2\/partners?post=5342"},{"taxonomy":"page-type","embeddable":true,"href":"https:\/\/www.capgemini.com\/mx-es\/wp-json\/wp\/v2\/page-type?post=5342"},{"taxonomy":"content-group","embeddable":true,"href":"https:\/\/www.capgemini.com\/mx-es\/wp-json\/wp\/v2\/content-group?post=5342"}],"curies":[{"name":"wp","href":"https:\/\/api.w.org\/{rel}","templated":true}]}}