{"id":5341,"date":"2022-04-14T15:12:41","date_gmt":"2022-04-14T15:12:41","guid":{"rendered":"https:\/\/www.capgemini.com\/?page_id=679357"},"modified":"2026-03-06T08:54:31","modified_gmt":"2026-03-06T08:54:31","slug":"conflictos-de-intereses","status":"publish","type":"page","link":"https:\/\/www.capgemini.com\/mx-es\/sobre-nosotros\/quienes-somos\/valores-y-etica\/conflictos-de-intereses\/","title":{"rendered":"Conflictos de intereses"},"content":{"rendered":"\n<div class=\"wp-block-cg-blocks-hero-picture-card undefined is-style-blue-theme-2  heroPictureCard\"><div class=\"heroPictureCardBgs\"><picture><source srcset=\"https:\/\/www.capgemini.com\/wp-content\/uploads\/2021\/09\/Capgemini_Ethics_Managing-conflicts-of-interest.jpg?w=2880&amp;quality=70 1x, https:\/\/www.capgemini.com\/wp-content\/uploads\/2021\/09\/Capgemini_Ethics_Managing-conflicts-of-interest.jpg?w=2880&amp;quality=70 2x\" media=\"(min-width: 1500px)\"\/><source srcset=\"https:\/\/www.capgemini.com\/wp-content\/uploads\/2021\/09\/Capgemini_Ethics_Managing-conflicts-of-interest.jpg?w=1440&amp;quality=70 1x, https:\/\/www.capgemini.com\/wp-content\/uploads\/2021\/09\/Capgemini_Ethics_Managing-conflicts-of-interest.jpg?w=2880&amp;quality=70 2x\" media=\"(min-width: 992px)\"\/><source srcset=\"https:\/\/www.capgemini.com\/wp-content\/uploads\/2021\/09\/Capgemini_Ethics_Managing-conflicts-of-interest.jpg?w=1024&amp;quality=70 1x, https:\/\/www.capgemini.com\/wp-content\/uploads\/2021\/09\/Capgemini_Ethics_Managing-conflicts-of-interest.jpg?w=1024&amp;quality=70 2x\" media=\"(min-width: 768px)\"\/><source srcset=\"https:\/\/www.capgemini.com\/wp-content\/uploads\/2021\/09\/Capgemini_Ethics_Managing-conflicts-of-interest.jpg?w=768&amp;quality=70 1x, https:\/\/www.capgemini.com\/wp-content\/uploads\/2021\/09\/Capgemini_Ethics_Managing-conflicts-of-interest.jpg?w=768&amp;quality=70 2x\" media=\"(min-width: 0)\"\/><img decoding=\"async\" src=\"https:\/\/www.capgemini.com\/wp-content\/uploads\/2021\/09\/Capgemini_Ethics_Managing-conflicts-of-interest.jpg\" class=\"desktopImage\" alt=\"\" style=\"object-fit:cover;object-position:49% 44%\" loading=\"eager\"\/><\/picture><picture><source srcset=\"https:\/\/www.capgemini.com\/wp-content\/uploads\/2021\/09\/Capgemini_Ethics_Managing-conflicts-of-interest.jpg?w=2880&amp;quality=70 1x, https:\/\/www.capgemini.com\/wp-content\/uploads\/2021\/09\/Capgemini_Ethics_Managing-conflicts-of-interest.jpg?w=2880&amp;quality=70 2x\" media=\"(min-width: 1500px)\"\/><source srcset=\"https:\/\/www.capgemini.com\/wp-content\/uploads\/2021\/09\/Capgemini_Ethics_Managing-conflicts-of-interest.jpg?w=1440&amp;quality=70 1x, https:\/\/www.capgemini.com\/wp-content\/uploads\/2021\/09\/Capgemini_Ethics_Managing-conflicts-of-interest.jpg?w=2880&amp;quality=70 2x\" media=\"(min-width: 992px)\"\/><source srcset=\"https:\/\/www.capgemini.com\/wp-content\/uploads\/2021\/09\/Capgemini_Ethics_Managing-conflicts-of-interest.jpg?w=1024&amp;quality=70 1x, https:\/\/www.capgemini.com\/wp-content\/uploads\/2021\/09\/Capgemini_Ethics_Managing-conflicts-of-interest.jpg?w=1024&amp;quality=70 2x\" media=\"(min-width: 768px)\"\/><source srcset=\"https:\/\/www.capgemini.com\/wp-content\/uploads\/2021\/09\/Capgemini_Ethics_Managing-conflicts-of-interest.jpg?w=768&amp;quality=70 1x, https:\/\/www.capgemini.com\/wp-content\/uploads\/2021\/09\/Capgemini_Ethics_Managing-conflicts-of-interest.jpg?w=768&amp;quality=70 2x\" media=\"(min-width: 0)\"\/><img decoding=\"async\" src=\"https:\/\/www.capgemini.com\/wp-content\/uploads\/2021\/09\/Capgemini_Ethics_Managing-conflicts-of-interest.jpg\" class=\"mobileImage\" alt=\"\" style=\"object-fit:cover;object-position:49% 44%\" loading=\"eager\"\/><\/picture><\/div><div class=\"heroPictureCardHeaderShape\"><\/div><div class=\"container\"><div class=\"row\"><div class=\"col-md-8 col-lg-6\"><div class=\"heroPictureCardBox\"><div class=\"heroPictureCardBoxTitle\"><h1 data-maxlength=\"144\">Conflictos de intereses<\/h1><\/div><\/div><\/div><\/div><\/div><div class=\"small-device\"><div class=\"brandLogoWrapper\"> <\/div><\/div><\/div>\n\n\n\n<div class=\"wp-block-columns is-layout-flex wp-container-core-columns-is-layout-28f84493 wp-block-columns-is-layout-flex\">\n<div class=\"wp-block-column is-layout-flow wp-block-column-is-layout-flow\" style=\"flex-basis:100%\">\n<section class=\"wp-block-cg-blocks-intro-para undefined section section--intro\"><div class=\"intro-para\"><div class=\"container\"><div class=\"row\"><div class=\"col-12 col-md-2\"><nav class=\"article-social\"><ul class=\"social-nav\"><li class=\"ip-order-fb\"><a href=\"https:\/\/www.facebook.com\/sharer\/sharer.php?u=https:\/\/www.capgemini.com\/mx-es\/sobre-nosotros\/quienes-somos\/valores-y-etica\/conflictos-de-intereses\/\" target=\"_blank\" rel=\"noopener noreferrer\" title=\"Abrir en una nueva ventana\"><i aria-hidden=\"true\" class=\"icon-fb\"><\/i><span class=\"sr-only\">Facebook<\/span><\/a><\/li><li class=\"ip-order-li\"><a href=\"https:\/\/www.linkedin.com\/sharing\/share-offsite\/?url=https:\/\/www.capgemini.com\/mx-es\/sobre-nosotros\/quienes-somos\/valores-y-etica\/conflictos-de-intereses\/\" target=\"_blank\" rel=\"noopener noreferrer\" title=\"Abrir en una nueva ventana\"><i aria-hidden=\"true\" class=\"icon-li\"><\/i><span class=\"sr-only\">Linkedin<\/span><\/a><\/li><\/ul><\/nav><\/div><div class=\"col-12 col-md-8\"><h2 class=\"intro-para-title\">La pol\u00edtica de Conflicto de intereses (CoI \u2013 Conflict of Interest) de Capgemini se aplica a todos los empleados, para todas las empresas del Grupo. Estos principios est\u00e1n dise\u00f1ados para ayudarnos a cumplir con los principios \u00e9ticos establecidos en el <a href=\"https:\/\/www.capgemini.com\/mx-es\/sobre-nosotros\/quienes-somos\/our-values\/cultura-etica\/normas-de-conducta-para-proveedores\/\">C\u00f3digo de \u00e9tica en los negocios<\/a> de Capgemini. <\/h2><\/div><\/div><\/div><\/div><\/section>\n\n\n\n<section class=\"wp-block-cg-blocks-group undefined section section--article-content\"><div class=\"article-main-content\"><div class=\"container\"><div class=\"grid-container\"><div><div class=\"article-text article-quote-text\">\n<p>Capgemini respeta plenamente la vida privada y reconoce que los empleados pueden ser parte de redes leg\u00edtimas financieras, empresariales, c\u00edvicas y comunitarias fuera de sus puestos de trabajo en Capgemini. Por lo tanto, los intereses personales pueden influir negativamente en nuestro juicio, objetividad o lealtad a la organizaci\u00f3n; puede producirse un conflicto de intereses entre los intereses de la empresa y los intereses personales.<\/p>\n\n\n\n<p><em>Declare<\/em> es una herramienta web confidencial de gesti\u00f3n de conflictos de intereses proporcionada por Capgemini a sus empleados y miembros de la junta en todo el mundo para declarar y gestionar conflictos de intereses (como intereses de negocio externos, relaciones cercanas, membres\u00edas en consejos de administraci\u00f3n, intereses financieros externos y otros conflictos de intereses).<\/p>\n\n\n\n<figure class=\"wp-block-image is-resized is-style-default\"><img decoding=\"async\" src=\"https:\/\/www.capgemini.com\/wp-content\/uploads\/2021\/03\/Value-and-ethics.jpg?w=300\" alt=\"\" class=\"wp-image-569375\"\/><\/figure>\n\n\n\n<p><\/p>\n\n\n\n<div style=\"height:23px\" aria-hidden=\"true\" class=\"wp-block-spacer\"><\/div>\n\n\n\n<p>Descargar la pol\u00edtica de Conflictos de Intereses:<\/p>\n\n\n\n<p><a href=\"https:\/\/www.capgemini.com\/wp-content\/uploads\/2024\/04\/Capgemini-Group_Conflict_of_Interest_Policy-2024-EN-Brochure-V2.2.pdf\" target=\"_blank\" rel=\"noreferrer noopener\">EN<\/a>&nbsp;|&nbsp;<a class=\"sm-c-nm\" href=\"https:\/\/www.capgemini.com\/wp-content\/uploads\/2024\/04\/Capgemini-Group_Conflict_of_Interest_Policy-2024-ES-Brochure-V2.2.pdf\" target=\"_blank\" rel=\"noreferrer noopener\">ES<\/a>&nbsp;| <a class=\"sm-c-nm\" href=\"https:\/\/www.capgemini.com\/wp-content\/uploads\/2024\/04\/Capgemini-Group_Conflict_of_Interest_Policy-2024-DE-Brochure-V2.2.pdf\" target=\"_blank\" rel=\"noreferrer noopener\">DE<\/a> | <a class=\"sm-c-nm\" href=\"https:\/\/www.capgemini.com\/wp-content\/uploads\/2024\/04\/Capgemini-Group_Conflict_of_Interest_Policy-2024-FR-Brochure-V2.2.pdf\" target=\"_blank\" rel=\"noreferrer noopener\">FR<\/a> | <a class=\"sm-c-nm\" href=\"https:\/\/www.capgemini.com\/wp-content\/uploads\/2024\/04\/Capgemini-Group_Conflict_of_Interest_Policy-2024-IT-Brochure-V2.2.pdf\" target=\"_blank\" rel=\"noreferrer noopener\">IT<\/a> | <a class=\"sm-c-nm\" href=\"https:\/\/www.capgemini.com\/wp-content\/uploads\/2024\/04\/Capgemini-Group_Conflict_of_Interest_Policy-2024-JP-Brochure-V2.2.pdf\" target=\"_blank\" rel=\"noreferrer noopener\">JP<\/a> | <a class=\"sm-c-nm\" href=\"https:\/\/www.capgemini.com\/wp-content\/uploads\/2026\/03\/Capgemini-Group_Conflict_of_Interest_Policy-2025-POL-Brochure-V1.pdf\" target=\"_blank\" rel=\"noreferrer noopener\">PL<\/a> | <a class=\"sm-c-nm\" href=\"https:\/\/www.capgemini.com\/wp-content\/uploads\/2024\/04\/Capgemini-Group_Conflict_of_Interest_Policy-2024-BR-Brochure-V2.2.pdf\" target=\"_blank\" rel=\"noreferrer noopener\">PT<\/a> | <a class=\"sm-c-nm\" href=\"https:\/\/www.capgemini.com\/wp-content\/uploads\/2024\/04\/Capgemini-Group_Conflict_of_Interest_Policy-2024-CHN-Brochure-V2.2.pdf\" target=\"_blank\" rel=\"noreferrer noopener\">ZH<\/a><\/p>\n<\/div><\/div><\/div><\/div><\/div><\/section>\n<\/div>\n<\/div>\n","protected":false},"excerpt":{"rendered":"","protected":false},"author":121,"featured_media":0,"parent":5877,"menu_order":6,"comment_status":"closed","ping_status":"closed","template":"","meta":{"cg_dt_proposed_to":[16],"cg_seo_hreflang_relations":"[]","cg_seo_canonical_relation":"","cg_seo_hreflang_x_default_relation":"{\"uuid\":\"7e04707e-8dc1-42fa-899e-dc7125d370ae\",\"blogId\":\"\",\"domain\":\"\",\"sitePath\":\"\",\"postLink\":\"\",\"postId\":null,\"isSaved\":false,\"isCrossLink\":false,\"hasCrossLink\":false}","cg_dt_approved_content":true,"cg_dt_mandatory_content":false,"cg_dt_notes":"","cg_dg_source_changed":true,"cg_dt_link_disabled":true,"_yoast_wpseo_primary_brand":"","footnotes":"","featured_focal_points":"","partner_card_description":"","gsap_animation":0},"brand":[],"partner_type":[],"service":[],"industry":[],"partners":[],"page-type":[],"content-group":[],"class_list":["post-5341","page","type-page","status-publish","hentry"],"yoast_head":"<!-- This site is optimized with the Yoast SEO Premium plugin v22.8 (Yoast SEO v22.8) - https:\/\/yoast.com\/wordpress\/plugins\/seo\/ -->\n<title>Pol\u00edtica de Conflictos de Intereses | Capgemini<\/title>\n<meta name=\"description\" content=\"Pol\u00edtica de conflictos de intereses de Capgemini para garantizar \u00e9tica, transparencia y una gesti\u00f3n responsable en todas las operaciones.\" \/>\n<meta name=\"robots\" content=\"index, follow, max-snippet:-1, max-image-preview:large, max-video-preview:-1\" \/>\n<link rel=\"canonical\" href=\"https:\/\/www.capgemini.com\/mx-es\/sobre-nosotros\/quienes-somos\/valores-y-etica\/conflictos-de-intereses\/\" \/>\n<meta property=\"og:locale\" content=\"es_MX\" \/>\n<meta property=\"og:type\" content=\"article\" \/>\n<meta property=\"og:title\" content=\"Conflictos de intereses\" \/>\n<meta property=\"og:description\" content=\"Pol\u00edtica de conflictos de intereses de Capgemini para garantizar \u00e9tica, transparencia y una gesti\u00f3n responsable en todas las operaciones.\" \/>\n<meta property=\"og:url\" content=\"https:\/\/www.capgemini.com\/mx-es\/sobre-nosotros\/quienes-somos\/valores-y-etica\/conflictos-de-intereses\/\" \/>\n<meta property=\"og:site_name\" content=\"Capgemini Mexico\" \/>\n<meta property=\"article:modified_time\" content=\"2026-03-06T08:54:31+00:00\" \/>\n<meta property=\"og:image\" content=\"https:\/\/www.capgemini.com\/wp-content\/uploads\/2021\/09\/Capgemini_Ethics_Managing-conflicts-of-interest.jpg\" \/>\n<meta name=\"twitter:card\" content=\"summary_large_image\" \/>\n<meta name=\"twitter:label1\" content=\"Est. reading time\" \/>\n\t<meta name=\"twitter:data1\" content=\"2 minutes\" \/>\n<script type=\"application\/ld+json\" class=\"yoast-schema-graph\">{\"@context\":\"https:\/\/schema.org\",\"@graph\":[{\"@type\":\"WebPage\",\"@id\":\"https:\/\/www.capgemini.com\/mx-es\/sobre-nosotros\/quienes-somos\/valores-y-etica\/conflictos-de-intereses\/\",\"url\":\"https:\/\/www.capgemini.com\/mx-es\/sobre-nosotros\/quienes-somos\/valores-y-etica\/conflictos-de-intereses\/\",\"name\":\"Pol\u00edtica de Conflictos de Intereses | Capgemini\",\"isPartOf\":{\"@id\":\"https:\/\/www.capgemini.com\/mx-es\/#website\"},\"primaryImageOfPage\":{\"@id\":\"https:\/\/www.capgemini.com\/mx-es\/sobre-nosotros\/quienes-somos\/valores-y-etica\/conflictos-de-intereses\/#primaryimage\"},\"image\":{\"@id\":\"https:\/\/www.capgemini.com\/mx-es\/sobre-nosotros\/quienes-somos\/valores-y-etica\/conflictos-de-intereses\/#primaryimage\"},\"thumbnailUrl\":\"https:\/\/www.capgemini.com\/wp-content\/uploads\/2021\/09\/Capgemini_Ethics_Managing-conflicts-of-interest.jpg\",\"datePublished\":\"2022-04-14T15:12:41+00:00\",\"dateModified\":\"2026-03-06T08:54:31+00:00\",\"description\":\"Pol\u00edtica de conflictos de intereses de Capgemini para garantizar \u00e9tica, transparencia y una gesti\u00f3n responsable en todas las operaciones.\",\"breadcrumb\":{\"@id\":\"https:\/\/www.capgemini.com\/mx-es\/sobre-nosotros\/quienes-somos\/valores-y-etica\/conflictos-de-intereses\/#breadcrumb\"},\"inLanguage\":\"es-MX\",\"potentialAction\":[{\"@type\":\"ReadAction\",\"target\":[\"https:\/\/www.capgemini.com\/mx-es\/sobre-nosotros\/quienes-somos\/valores-y-etica\/conflictos-de-intereses\/\"]}]},{\"@type\":\"ImageObject\",\"inLanguage\":\"es-MX\",\"@id\":\"https:\/\/www.capgemini.com\/mx-es\/sobre-nosotros\/quienes-somos\/valores-y-etica\/conflictos-de-intereses\/#primaryimage\",\"url\":\"https:\/\/www.capgemini.com\/wp-content\/uploads\/2021\/09\/Capgemini_Ethics_Managing-conflicts-of-interest.jpg\",\"contentUrl\":\"https:\/\/www.capgemini.com\/wp-content\/uploads\/2021\/09\/Capgemini_Ethics_Managing-conflicts-of-interest.jpg\"},{\"@type\":\"BreadcrumbList\",\"@id\":\"https:\/\/www.capgemini.com\/mx-es\/sobre-nosotros\/quienes-somos\/valores-y-etica\/conflictos-de-intereses\/#breadcrumb\",\"itemListElement\":[{\"@type\":\"ListItem\",\"position\":1,\"name\":\"Home\",\"item\":\"https:\/\/www.capgemini.com\/mx-es\/\"},{\"@type\":\"ListItem\",\"position\":2,\"name\":\"Sobre nosotros\",\"item\":\"https:\/\/www.capgemini.com\/mx-es\/sobre-nosotros\/\"},{\"@type\":\"ListItem\",\"position\":3,\"name\":\"Qui\u00e9nes somos\",\"item\":\"https:\/\/www.capgemini.com\/mx-es\/sobre-nosotros\/quienes-somos\/\"},{\"@type\":\"ListItem\",\"position\":4,\"name\":\"Valores y \u00e9tica\",\"item\":\"https:\/\/www.capgemini.com\/mx-es\/sobre-nosotros\/quienes-somos\/valores-y-etica\/\"},{\"@type\":\"ListItem\",\"position\":5,\"name\":\"Conflictos de intereses\"}]},{\"@type\":\"WebSite\",\"@id\":\"https:\/\/www.capgemini.com\/mx-es\/#website\",\"url\":\"https:\/\/www.capgemini.com\/mx-es\/\",\"name\":\"Capgemini Mexico\",\"description\":\"Capgemini\",\"publisher\":{\"@id\":\"https:\/\/www.capgemini.com\/mx-es\/#organization\"},\"potentialAction\":[{\"@type\":\"SearchAction\",\"target\":{\"@type\":\"EntryPoint\",\"urlTemplate\":\"https:\/\/www.capgemini.com\/mx-es\/?s={search_term_string}\"},\"query-input\":\"required name=search_term_string\"}],\"inLanguage\":\"es-MX\"},{\"@type\":\"Organization\",\"@id\":\"https:\/\/www.capgemini.com\/mx-es\/#organization\",\"name\":\"Capgemini Mexico\",\"url\":\"https:\/\/www.capgemini.com\/mx-es\/\",\"logo\":{\"@type\":\"ImageObject\",\"inLanguage\":\"es-MX\",\"@id\":\"https:\/\/www.capgemini.com\/mx-es\/#\/schema\/logo\/image\/\",\"url\":\"https:\/\/www.capgemini.com\/mx-es\/wp-content\/uploads\/sites\/28\/2025\/07\/linkedin_mwo0q6.png\",\"contentUrl\":\"https:\/\/www.capgemini.com\/mx-es\/wp-content\/uploads\/sites\/28\/2025\/07\/linkedin_mwo0q6.png\",\"width\":800,\"height\":800,\"caption\":\"Capgemini Mexico\"},\"image\":{\"@id\":\"https:\/\/www.capgemini.com\/mx-es\/#\/schema\/logo\/image\/\"}}]}<\/script>\n<!-- \/ Yoast SEO Premium plugin. -->","yoast_head_json":{"title":"Pol\u00edtica de Conflictos de Intereses | Capgemini","description":"Pol\u00edtica de conflictos de intereses de Capgemini para garantizar \u00e9tica, transparencia y una gesti\u00f3n responsable en todas las operaciones.","robots":{"index":"index","follow":"follow","max-snippet":"max-snippet:-1","max-image-preview":"max-image-preview:large","max-video-preview":"max-video-preview:-1"},"canonical":"https:\/\/www.capgemini.com\/mx-es\/sobre-nosotros\/quienes-somos\/valores-y-etica\/conflictos-de-intereses\/","og_locale":"es_MX","og_type":"article","og_title":"Conflictos de intereses","og_description":"Pol\u00edtica de conflictos de intereses de Capgemini para garantizar \u00e9tica, transparencia y una gesti\u00f3n responsable en todas las operaciones.","og_url":"https:\/\/www.capgemini.com\/mx-es\/sobre-nosotros\/quienes-somos\/valores-y-etica\/conflictos-de-intereses\/","og_site_name":"Capgemini Mexico","article_modified_time":"2026-03-06T08:54:31+00:00","og_image":[{"url":"https:\/\/www.capgemini.com\/wp-content\/uploads\/2021\/09\/Capgemini_Ethics_Managing-conflicts-of-interest.jpg"}],"twitter_card":"summary_large_image","twitter_misc":{"Est. reading time":"2 minutes"},"schema":{"@context":"https:\/\/schema.org","@graph":[{"@type":"WebPage","@id":"https:\/\/www.capgemini.com\/mx-es\/sobre-nosotros\/quienes-somos\/valores-y-etica\/conflictos-de-intereses\/","url":"https:\/\/www.capgemini.com\/mx-es\/sobre-nosotros\/quienes-somos\/valores-y-etica\/conflictos-de-intereses\/","name":"Pol\u00edtica de Conflictos de Intereses | Capgemini","isPartOf":{"@id":"https:\/\/www.capgemini.com\/mx-es\/#website"},"primaryImageOfPage":{"@id":"https:\/\/www.capgemini.com\/mx-es\/sobre-nosotros\/quienes-somos\/valores-y-etica\/conflictos-de-intereses\/#primaryimage"},"image":{"@id":"https:\/\/www.capgemini.com\/mx-es\/sobre-nosotros\/quienes-somos\/valores-y-etica\/conflictos-de-intereses\/#primaryimage"},"thumbnailUrl":"https:\/\/www.capgemini.com\/wp-content\/uploads\/2021\/09\/Capgemini_Ethics_Managing-conflicts-of-interest.jpg","datePublished":"2022-04-14T15:12:41+00:00","dateModified":"2026-03-06T08:54:31+00:00","description":"Pol\u00edtica de conflictos de intereses de Capgemini para garantizar \u00e9tica, transparencia y una gesti\u00f3n responsable en todas las operaciones.","breadcrumb":{"@id":"https:\/\/www.capgemini.com\/mx-es\/sobre-nosotros\/quienes-somos\/valores-y-etica\/conflictos-de-intereses\/#breadcrumb"},"inLanguage":"es-MX","potentialAction":[{"@type":"ReadAction","target":["https:\/\/www.capgemini.com\/mx-es\/sobre-nosotros\/quienes-somos\/valores-y-etica\/conflictos-de-intereses\/"]}]},{"@type":"ImageObject","inLanguage":"es-MX","@id":"https:\/\/www.capgemini.com\/mx-es\/sobre-nosotros\/quienes-somos\/valores-y-etica\/conflictos-de-intereses\/#primaryimage","url":"https:\/\/www.capgemini.com\/wp-content\/uploads\/2021\/09\/Capgemini_Ethics_Managing-conflicts-of-interest.jpg","contentUrl":"https:\/\/www.capgemini.com\/wp-content\/uploads\/2021\/09\/Capgemini_Ethics_Managing-conflicts-of-interest.jpg"},{"@type":"BreadcrumbList","@id":"https:\/\/www.capgemini.com\/mx-es\/sobre-nosotros\/quienes-somos\/valores-y-etica\/conflictos-de-intereses\/#breadcrumb","itemListElement":[{"@type":"ListItem","position":1,"name":"Home","item":"https:\/\/www.capgemini.com\/mx-es\/"},{"@type":"ListItem","position":2,"name":"Sobre nosotros","item":"https:\/\/www.capgemini.com\/mx-es\/sobre-nosotros\/"},{"@type":"ListItem","position":3,"name":"Qui\u00e9nes somos","item":"https:\/\/www.capgemini.com\/mx-es\/sobre-nosotros\/quienes-somos\/"},{"@type":"ListItem","position":4,"name":"Valores y \u00e9tica","item":"https:\/\/www.capgemini.com\/mx-es\/sobre-nosotros\/quienes-somos\/valores-y-etica\/"},{"@type":"ListItem","position":5,"name":"Conflictos de intereses"}]},{"@type":"WebSite","@id":"https:\/\/www.capgemini.com\/mx-es\/#website","url":"https:\/\/www.capgemini.com\/mx-es\/","name":"Capgemini Mexico","description":"Capgemini","publisher":{"@id":"https:\/\/www.capgemini.com\/mx-es\/#organization"},"potentialAction":[{"@type":"SearchAction","target":{"@type":"EntryPoint","urlTemplate":"https:\/\/www.capgemini.com\/mx-es\/?s={search_term_string}"},"query-input":"required name=search_term_string"}],"inLanguage":"es-MX"},{"@type":"Organization","@id":"https:\/\/www.capgemini.com\/mx-es\/#organization","name":"Capgemini Mexico","url":"https:\/\/www.capgemini.com\/mx-es\/","logo":{"@type":"ImageObject","inLanguage":"es-MX","@id":"https:\/\/www.capgemini.com\/mx-es\/#\/schema\/logo\/image\/","url":"https:\/\/www.capgemini.com\/mx-es\/wp-content\/uploads\/sites\/28\/2025\/07\/linkedin_mwo0q6.png","contentUrl":"https:\/\/www.capgemini.com\/mx-es\/wp-content\/uploads\/sites\/28\/2025\/07\/linkedin_mwo0q6.png","width":800,"height":800,"caption":"Capgemini Mexico"},"image":{"@id":"https:\/\/www.capgemini.com\/mx-es\/#\/schema\/logo\/image\/"}}]}},"brand_term":[],"parsely":{"version":"1.1.0","canonical_url":"https:\/\/capgemini.com\/mx-es\/sobre-nosotros\/quienes-somos\/valores-y-etica\/conflictos-de-intereses\/","smart_links":{"inbound":0,"outbound":0},"traffic_boost_suggestions_count":0,"meta":{"@context":"https:\/\/schema.org","@type":"WebPage","headline":"Conflictos de intereses","url":"https:\/\/www.capgemini.com\/mx-es\/sobre-nosotros\/quienes-somos\/valores-y-etica\/conflictos-de-intereses\/","mainEntityOfPage":{"@type":"WebPage","@id":"https:\/\/www.capgemini.com\/mx-es\/sobre-nosotros\/quienes-somos\/valores-y-etica\/conflictos-de-intereses\/"},"thumbnailUrl":"","image":{"@type":"ImageObject","url":""},"articleSection":"Uncategorized","author":[],"creator":[],"publisher":{"@type":"Organization","name":"Capgemini Mexico","logo":""},"keywords":[],"dateCreated":"2022-04-14T15:12:41Z","datePublished":"2022-04-14T15:12:41Z","dateModified":"2026-03-06T08:54:31Z"},"rendered":"<meta name=\"parsely-title\" content=\"Conflictos de intereses\" \/>\n<meta name=\"parsely-link\" content=\"https:\/\/www.capgemini.com\/mx-es\/sobre-nosotros\/quienes-somos\/valores-y-etica\/conflictos-de-intereses\/\" \/>\n<meta name=\"parsely-type\" content=\"index\" \/>\n<meta name=\"parsely-pub-date\" content=\"2022-04-14T15:12:41Z\" \/>\n<meta name=\"parsely-section\" content=\"Uncategorized\" \/>","tracker_url":"https:\/\/cdn.parsely.com\/keys\/capgemini.com\/p.js"},"archive_status":false,"featured_image_src":"https:\/\/www.capgemini.com\/mx-es\/wp-content\/themes\/capgemini2025\/assets\/images\/mockup.png","featured_image_alt":false,"jetpack_sharing_enabled":true,"distributor_meta":false,"distributor_terms":false,"distributor_media":false,"distributor_original_site_name":"Capgemini Mexico","distributor_original_site_url":"https:\/\/www.capgemini.com\/mx-es","push-errors":false,"_links":{"self":[{"href":"https:\/\/www.capgemini.com\/mx-es\/wp-json\/wp\/v2\/pages\/5341","targetHints":{"allow":["GET"]}}],"collection":[{"href":"https:\/\/www.capgemini.com\/mx-es\/wp-json\/wp\/v2\/pages"}],"about":[{"href":"https:\/\/www.capgemini.com\/mx-es\/wp-json\/wp\/v2\/types\/page"}],"author":[{"embeddable":true,"href":"https:\/\/www.capgemini.com\/mx-es\/wp-json\/wp\/v2\/users\/121"}],"replies":[{"embeddable":true,"href":"https:\/\/www.capgemini.com\/mx-es\/wp-json\/wp\/v2\/comments?post=5341"}],"version-history":[{"count":7,"href":"https:\/\/www.capgemini.com\/mx-es\/wp-json\/wp\/v2\/pages\/5341\/revisions"}],"predecessor-version":[{"id":560799,"href":"https:\/\/www.capgemini.com\/mx-es\/wp-json\/wp\/v2\/pages\/5341\/revisions\/560799"}],"up":[{"embeddable":true,"href":"https:\/\/www.capgemini.com\/mx-es\/wp-json\/wp\/v2\/pages\/5877"}],"wp:attachment":[{"href":"https:\/\/www.capgemini.com\/mx-es\/wp-json\/wp\/v2\/media?parent=5341"}],"wp:term":[{"taxonomy":"brand","embeddable":true,"href":"https:\/\/www.capgemini.com\/mx-es\/wp-json\/wp\/v2\/brand?post=5341"},{"taxonomy":"partner_type","embeddable":true,"href":"https:\/\/www.capgemini.com\/mx-es\/wp-json\/wp\/v2\/partner_type?post=5341"},{"taxonomy":"service","embeddable":true,"href":"https:\/\/www.capgemini.com\/mx-es\/wp-json\/wp\/v2\/service?post=5341"},{"taxonomy":"industry","embeddable":true,"href":"https:\/\/www.capgemini.com\/mx-es\/wp-json\/wp\/v2\/industry?post=5341"},{"taxonomy":"partners","embeddable":true,"href":"https:\/\/www.capgemini.com\/mx-es\/wp-json\/wp\/v2\/partners?post=5341"},{"taxonomy":"page-type","embeddable":true,"href":"https:\/\/www.capgemini.com\/mx-es\/wp-json\/wp\/v2\/page-type?post=5341"},{"taxonomy":"content-group","embeddable":true,"href":"https:\/\/www.capgemini.com\/mx-es\/wp-json\/wp\/v2\/content-group?post=5341"}],"curies":[{"name":"wp","href":"https:\/\/api.w.org\/{rel}","templated":true}]}}