{"id":5315,"date":"2022-12-19T08:17:42","date_gmt":"2022-12-19T08:17:42","guid":{"rendered":"https:\/\/www.capgemini.com\/?page_id=708664"},"modified":"2025-04-03T14:17:31","modified_gmt":"2025-04-03T14:17:31","slug":"esoar","status":"publish","type":"page","link":"https:\/\/www.capgemini.com\/mx-es\/solutions\/esoar\/","title":{"rendered":"Esoar"},"content":{"rendered":"\n<header class=\"wp-block-cg-blocks-hero-reusable header heroReusable  \"><div class=\"header-bgs\"><picture><source srcset=\"https:\/\/www.capgemini.com\/wp-content\/uploads\/2022\/05\/Capgemini_BSv-Discover-our-ESOAR-methodology.webp?w=2880&amp;quality=70 1x, https:\/\/www.capgemini.com\/wp-content\/uploads\/2022\/05\/Capgemini_BSv-Discover-our-ESOAR-methodology.webp?w=2880&amp;quality=70 2x\" media=\"(min-width: 1500px)\"\/><source srcset=\"https:\/\/www.capgemini.com\/wp-content\/uploads\/2022\/05\/Capgemini_BSv-Discover-our-ESOAR-methodology.webp?w=1440&amp;quality=70 1x, https:\/\/www.capgemini.com\/wp-content\/uploads\/2022\/05\/Capgemini_BSv-Discover-our-ESOAR-methodology.webp?w=2880&amp;quality=70 2x\" media=\"(min-width: 992px)\"\/><source srcset=\"https:\/\/www.capgemini.com\/wp-content\/uploads\/2022\/05\/Capgemini_BSv-Discover-our-ESOAR-methodology.webp?w=1024&amp;quality=70 1x, https:\/\/www.capgemini.com\/wp-content\/uploads\/2022\/05\/Capgemini_BSv-Discover-our-ESOAR-methodology.webp?w=1024&amp;quality=70 2x\" media=\"(min-width: 768px)\"\/><source srcset=\"https:\/\/www.capgemini.com\/wp-content\/uploads\/2022\/05\/Capgemini_BSv-Discover-our-ESOAR-methodology.webp?w=768&amp;quality=70 1x, https:\/\/www.capgemini.com\/wp-content\/uploads\/2022\/05\/Capgemini_BSv-Discover-our-ESOAR-methodology.webp?w=768&amp;quality=70 2x\" media=\"(min-width: 0)\"\/><img decoding=\"async\" src=\"https:\/\/www.capgemini.com\/wp-content\/uploads\/2022\/05\/Capgemini_BSv-Discover-our-ESOAR-methodology.webp\" class=\"header-img header-img-d\" alt=\"\" style=\"object-fit:cover;object-position:50% 91%\" loading=\"eager\"\/><\/picture><\/div><div class=\"heroPictureCardHeaderShape\"><\/div><div class=\"container\"><div class=\"row\"><div class=\"col-md-12\"><div class=\"box\"><div class=\"boxTagWrapper\"><div class=\"tagInfo\"><div><span class=\"box-tag\">Intelligent business operations<\/span><\/div><\/div><\/div><div class=\"box-title\"><h1 data-maxlength=\"34\">Esoar<\/h1><\/div><div class=\"inner-row-insight download-btn\"><div class=\"col-md-4 downloadFiles addPadding\"><a class=\"button-download--small\" type=\"download\" href=\"https:\/\/www.capgemini.com\/wp-content\/uploads\/2022\/05\/ESOAR-Factsheet2020.pdf\" target=\"_blank\" rel=\"noopener noreferrer\" title=\"abrir en una nueva ventana\"><span>Download factsheet<\/span><span class=\"type\">253 KB  pdf<\/span><\/a><\/div><\/div><\/div><\/div><\/div><\/div><\/header>\n\n\n\n<section class=\"wp-block-cg-blocks-intro-para undefined section section--intro\"><div class=\"intro-para\"><div class=\"container\"><div class=\"row\"><div class=\"col-12 col-md-1\"><nav class=\"article-social\"><ul class=\"social-nav\"><li class=\"ip-order-fb\"><a href=\"https:\/\/www.facebook.com\/sharer\/sharer.php?u=https:\/\/www.capgemini.com\/mx-es\/solutions\/esoar\/\" target=\"_blank\" rel=\"noopener noreferrer\" title=\"abrir en una nueva ventana\"><i aria-hidden=\"true\" class=\"icon-fb\"><\/i><span class=\"sr-only\">Facebook<\/span><\/a><\/li><li class=\"ip-order-li\"><a href=\"https:\/\/www.linkedin.com\/sharing\/share-offsite\/?url=https:\/\/www.capgemini.com\/mx-es\/solutions\/esoar\/\" target=\"_blank\" rel=\"noopener noreferrer\" title=\"abrir en una nueva ventana\"><i aria-hidden=\"true\" class=\"icon-li\"><\/i><span class=\"sr-only\">Linkedin<\/span><\/a><\/li><\/ul><\/nav><\/div><div class=\"col-12 col-md-11 col-lg-10\"><h2 class=\"intro-para-title\">Una metodolog\u00eda de transformaci\u00f3n \u00fanica y sencilla.<\/h2><p class=\"intro-para-content\">La cantidad de datos a la que est\u00e1n expuestas las organizaciones en el mundo digital crece exponencialmente y a una velocidad cada vez mayor. La automatizaci\u00f3n de procesos rob\u00f3ticos (RPA) y la automatizaci\u00f3n inteligente prometen mucho, pero aprovechar las ventajas de estas tecnolog\u00edas requiere un enfoque meditado para garantizar un \u00e9xito \u00f3ptimo y un gasto m\u00ednimo.<\/p><\/div><\/div><\/div><\/div><\/section>\n\n\n\n<section class=\"wp-block-cg-blocks-group undefined section section--article-content\"><div class=\"article-main-content\"><div class=\"container\"><div class=\"row\"><div class=\"col-12 col-md-11 col-lg-10 offset-md-1 offset-lg-1\"><div class=\"article-text article-quote-text\">\n<p><a href=\"https:\/\/www.linkedin.com\/shareArticle?mini=true&amp;url=https%3A%2F%2Fwww.capgemini.com%2Fservice%2Fbusiness-services%2Fenabling-technologies%2Fesoar%2F\" target=\"_blank\" rel=\"noreferrer noopener\"><\/a>Bill Gates dijo una vez &#8220;La primera regla de cualquier tecnolog\u00eda utilizada en una empresa es que la automatizaci\u00f3n aplicada a una operaci\u00f3n eficiente magnificar\u00e1 la eficiencia. La segunda es que la automatizaci\u00f3n aplicada a una operaci\u00f3n ineficiente magnificar\u00e1 la ineficiencia&#8221;.<\/p>\n\n\n\n<p>Mientras que la primera regla no puede discutirse, algunos cuestionan la segunda. La automatizaci\u00f3n se ve a menudo como una soluci\u00f3n r\u00e1pida al problema de los procesos ineficientes, una alternativa a un proyecto de cambio grande, disruptivo y transformador.<\/p>\n\n\n\n<p>La mejor manera de utilizar la RPA y la automatizaci\u00f3n inteligente es despu\u00e9s de simplificar y estandarizar los procesos empresariales para aumentar la eficiencia, al tiempo que se mejora la eficacia, el control y el valor empresarial. Es crucial que las organizaciones identifiquen las \u00e1reas que est\u00e1n maduras para la automatizaci\u00f3n, antes de empezar a desarrollar una soluci\u00f3n de automatizaci\u00f3n.<\/p>\n\n\n\n<div style=\"height:30px\" aria-hidden=\"true\" class=\"wp-block-spacer\"><\/div>\n\n\n\n<h3 class=\"wp-block-heading\" id=\"h-reingenieria-del-estado-actual-de-sus-procesos-de-negocio\"><strong><strong>Reingenier\u00eda del estado actual de sus procesos de negocio<\/strong><\/strong><\/h3>\n\n\n\n<p>El enfoque de Capgemini para desarrollar una soluci\u00f3n de automatizaci\u00f3n se denomina ESOAR (Eliminar, Estandarizar, Optimizar, Automatizar, Robotizar). Esta metodolog\u00eda de transformaci\u00f3n \u00fanica y directa aborda las causas subyacentes de la ineficacia en sus operaciones empresariales, antes de trabajar en los s\u00edntomas reales.<\/p>\n\n\n\n<p>ESOAR reimagina sus procesos a la luz de la automatizaci\u00f3n inteligente, lo que le permite implantar un procesamiento directo y soluciones automatizadas al tiempo que ofrece el mejor impacto y los mejores resultados a sus usuarios. ESOAR identifica oportunidades para eliminar procesos por adelantado si es necesario, y mejora sus inversiones existentes en tecnolog\u00eda, estableciendo la agenda para un enfoque hol\u00edstico de la transformaci\u00f3n de sus operaciones.<\/p>\n\n\n\n<div style=\"height:30px\" aria-hidden=\"true\" class=\"wp-block-spacer\"><\/div>\n\n\n\n<figure class=\"wp-block-image aligncenter\"><img decoding=\"async\" src=\"https:\/\/www.capgemini.com\/wp-content\/uploads\/2019\/11\/ESOAR-Graphic.jpg\" alt=\"ESOAR\" class=\"wp-image-393884\"\/><\/figure>\n\n\n\n<div style=\"height:30px\" aria-hidden=\"true\" class=\"wp-block-spacer\"><\/div>\n\n\n\n<h3 class=\"wp-block-heading\" id=\"h-un-enfoque-holistico-de-la-transformacion-empresarial\"><strong><strong>Un enfoque hol\u00edstico de la transformaci\u00f3n empresarial<\/strong><\/strong><\/h3>\n\n\n\n<p>Aplicados exactamente en este orden para lograr la m\u00e1xima eficacia, los cinco pasos de ESOAR permiten a una organizaci\u00f3n:<\/p>\n\n\n\n<ul class=\"wp-block-list\">\n<li><strong>Eliminar<\/strong> &#8211; identificar y deshacerse de todo lo innecesario eliminando la causa del despilfarro y las barreras a los servicios permite prestar m\u00e1s atenci\u00f3n a actividades de mayor valor a\u00f1adido en sus operaciones, como por ejemplo el an\u00e1lisis.<\/li>\n\n\n\n<li><strong>Estandarizar<\/strong> &#8211; llevar a cabo procesos rutinarios similares mediante el uso de plantillas est\u00e1ndar para evitar el coste de la personalizaci\u00f3n del ERP e impulsar las mejores pr\u00e1cticas en todas sus operaciones.<\/li>\n\n\n\n<li><strong>Optimizar<\/strong> &#8211; aprovechar al m\u00e1ximo todas las funciones de sus herramientas existentes. Las organizaciones suelen tener las herramientas adecuadas, pero no saben utilizarlas con eficacia. La optimizaci\u00f3n es una forma de obtener la m\u00e1xima utilizaci\u00f3n y capacidades de lo que ya se tiene, incluidos sus ERP, herramientas, procesos y flujos de trabajo.<\/li>\n\n\n\n<li><strong>Automatizar<\/strong>: aprovechar las mejores herramientas de f\u00e1cil configuraci\u00f3n para automatizar los procesos manuales estandarizados. La automatizaci\u00f3n reduce o elimina el trabajo manual, al tiempo que proporciona una mayor transparencia y control sobre el proceso, con niveles de precisi\u00f3n extremadamente altos.<\/li>\n\n\n\n<li><strong>Robotizar<\/strong> &#8211; desplegar robots para impulsar la eficiencia en cualquier actividad manual, repetitiva y basada en reglas, simulando las actividades de un operador humano.<\/li>\n<\/ul>\n\n\n\n<p>Aprovechar los cinco pasos de ESOAR en el orden correcto para revisar las operaciones de su empresa no s\u00f3lo identifica las oportunidades de eliminar procesos por adelantado, sino que le proporciona el mejor rendimiento de sus inversiones actuales en tecnolog\u00eda y ERP, redirige los recursos de las tareas repetitivas hacia actividades empresariales de mayor valor e impulsa las mejores pr\u00e1cticas.<\/p>\n<\/div><\/div><\/div><\/div><\/div><\/section>\n","protected":false},"excerpt":{"rendered":"<p>A unique and straightforward transformation methodology.<\/p>\n","protected":false},"author":33,"featured_media":0,"parent":5720,"menu_order":0,"comment_status":"closed","ping_status":"closed","template":"","meta":{"cg_dt_proposed_to":[16],"cg_seo_hreflang_relations":"[]","cg_seo_canonical_relation":"","cg_seo_hreflang_x_default_relation":"{\"uuid\":\"b0beb702-f3a4-4089-9cdd-d09e82126b39\",\"blogId\":\"\",\"domain\":\"\",\"sitePath\":\"\",\"postLink\":\"\",\"postId\":null,\"isSaved\":false,\"isCrossLink\":false,\"hasCrossLink\":false}","cg_dt_approved_content":true,"cg_dt_mandatory_content":false,"cg_dt_notes":"","cg_dg_source_changed":true,"cg_dt_link_disabled":true,"_yoast_wpseo_primary_brand":"","footnotes":"","featured_focal_points":"","partner_card_description":"","gsap_animation":0},"brand":[],"partner_type":[],"service":[155],"industry":[],"partners":[],"page-type":[167],"content-group":[],"class_list":["post-5315","page","type-page","status-publish","hentry","service-intelligent-business-operations","page-type-solutions"],"yoast_head":"<!-- This site is optimized with the Yoast SEO Premium plugin v22.8 (Yoast SEO v22.8) - https:\/\/yoast.com\/wordpress\/plugins\/seo\/ -->\n<title>ESOAR | Capgemini<\/title>\n<meta name=\"description\" content=\"ESOAR: Una metodolog\u00eda de transformaci\u00f3n \u00fanica y sencilla.\" \/>\n<meta name=\"robots\" content=\"index, follow, max-snippet:-1, max-image-preview:large, max-video-preview:-1\" \/>\n<link rel=\"canonical\" href=\"https:\/\/www.capgemini.com\/mx-es\/solutions\/esoar\/\" \/>\n<meta property=\"og:locale\" content=\"es_MX\" \/>\n<meta property=\"og:type\" content=\"article\" \/>\n<meta property=\"og:title\" content=\"Esoar\" \/>\n<meta property=\"og:description\" content=\"ESOAR: Una metodolog\u00eda de transformaci\u00f3n \u00fanica y sencilla.\" \/>\n<meta property=\"og:url\" content=\"https:\/\/www.capgemini.com\/mx-es\/solutions\/esoar\/\" \/>\n<meta property=\"og:site_name\" content=\"Capgemini Mexico\" \/>\n<meta property=\"article:modified_time\" content=\"2025-04-03T14:17:31+00:00\" \/>\n<meta property=\"og:image\" content=\"https:\/\/www.capgemini.com\/wp-content\/uploads\/2022\/05\/Capgemini_BSv-Discover-our-ESOAR-methodology.webp\" \/>\n<meta name=\"twitter:card\" content=\"summary_large_image\" \/>\n<script type=\"application\/ld+json\" class=\"yoast-schema-graph\">{\"@context\":\"https:\/\/schema.org\",\"@graph\":[{\"@type\":\"WebPage\",\"@id\":\"https:\/\/www.capgemini.com\/mx-es\/solutions\/esoar\/\",\"url\":\"https:\/\/www.capgemini.com\/mx-es\/solutions\/esoar\/\",\"name\":\"ESOAR | Capgemini\",\"isPartOf\":{\"@id\":\"https:\/\/www.capgemini.com\/mx-es\/#website\"},\"primaryImageOfPage\":{\"@id\":\"https:\/\/www.capgemini.com\/mx-es\/solutions\/esoar\/#primaryimage\"},\"image\":{\"@id\":\"https:\/\/www.capgemini.com\/mx-es\/solutions\/esoar\/#primaryimage\"},\"thumbnailUrl\":\"https:\/\/www.capgemini.com\/wp-content\/uploads\/2022\/05\/Capgemini_BSv-Discover-our-ESOAR-methodology.webp\",\"datePublished\":\"2022-12-19T08:17:42+00:00\",\"dateModified\":\"2025-04-03T14:17:31+00:00\",\"description\":\"ESOAR: Una metodolog\u00eda de transformaci\u00f3n \u00fanica y sencilla.\",\"breadcrumb\":{\"@id\":\"https:\/\/www.capgemini.com\/mx-es\/solutions\/esoar\/#breadcrumb\"},\"inLanguage\":\"es-MX\",\"potentialAction\":[{\"@type\":\"ReadAction\",\"target\":[\"https:\/\/www.capgemini.com\/mx-es\/solutions\/esoar\/\"]}]},{\"@type\":\"ImageObject\",\"inLanguage\":\"es-MX\",\"@id\":\"https:\/\/www.capgemini.com\/mx-es\/solutions\/esoar\/#primaryimage\",\"url\":\"https:\/\/www.capgemini.com\/wp-content\/uploads\/2022\/05\/Capgemini_BSv-Discover-our-ESOAR-methodology.webp\",\"contentUrl\":\"https:\/\/www.capgemini.com\/wp-content\/uploads\/2022\/05\/Capgemini_BSv-Discover-our-ESOAR-methodology.webp\"},{\"@type\":\"BreadcrumbList\",\"@id\":\"https:\/\/www.capgemini.com\/mx-es\/solutions\/esoar\/#breadcrumb\",\"itemListElement\":[{\"@type\":\"ListItem\",\"position\":1,\"name\":\"Home\",\"item\":\"https:\/\/www.capgemini.com\/mx-es\/\"},{\"@type\":\"ListItem\",\"position\":2,\"name\":\"Solutions\",\"item\":\"https:\/\/www.capgemini.com\/mx-es\/solutions\/\"},{\"@type\":\"ListItem\",\"position\":3,\"name\":\"Esoar\"}]},{\"@type\":\"WebSite\",\"@id\":\"https:\/\/www.capgemini.com\/mx-es\/#website\",\"url\":\"https:\/\/www.capgemini.com\/mx-es\/\",\"name\":\"Capgemini Mexico\",\"description\":\"Capgemini\",\"publisher\":{\"@id\":\"https:\/\/www.capgemini.com\/mx-es\/#organization\"},\"potentialAction\":[{\"@type\":\"SearchAction\",\"target\":{\"@type\":\"EntryPoint\",\"urlTemplate\":\"https:\/\/www.capgemini.com\/mx-es\/?s={search_term_string}\"},\"query-input\":\"required name=search_term_string\"}],\"inLanguage\":\"es-MX\"},{\"@type\":\"Organization\",\"@id\":\"https:\/\/www.capgemini.com\/mx-es\/#organization\",\"name\":\"Capgemini Mexico\",\"url\":\"https:\/\/www.capgemini.com\/mx-es\/\",\"logo\":{\"@type\":\"ImageObject\",\"inLanguage\":\"es-MX\",\"@id\":\"https:\/\/www.capgemini.com\/mx-es\/#\/schema\/logo\/image\/\",\"url\":\"https:\/\/www.capgemini.com\/mx-es\/wp-content\/uploads\/sites\/28\/2025\/07\/linkedin_mwo0q6.png\",\"contentUrl\":\"https:\/\/www.capgemini.com\/mx-es\/wp-content\/uploads\/sites\/28\/2025\/07\/linkedin_mwo0q6.png\",\"width\":800,\"height\":800,\"caption\":\"Capgemini Mexico\"},\"image\":{\"@id\":\"https:\/\/www.capgemini.com\/mx-es\/#\/schema\/logo\/image\/\"}}]}<\/script>\n<!-- \/ Yoast SEO Premium plugin. -->","yoast_head_json":{"title":"ESOAR | Capgemini","description":"ESOAR: Una metodolog\u00eda de transformaci\u00f3n \u00fanica y sencilla.","robots":{"index":"index","follow":"follow","max-snippet":"max-snippet:-1","max-image-preview":"max-image-preview:large","max-video-preview":"max-video-preview:-1"},"canonical":"https:\/\/www.capgemini.com\/mx-es\/solutions\/esoar\/","og_locale":"es_MX","og_type":"article","og_title":"Esoar","og_description":"ESOAR: Una metodolog\u00eda de transformaci\u00f3n \u00fanica y sencilla.","og_url":"https:\/\/www.capgemini.com\/mx-es\/solutions\/esoar\/","og_site_name":"Capgemini Mexico","article_modified_time":"2025-04-03T14:17:31+00:00","og_image":[{"url":"https:\/\/www.capgemini.com\/wp-content\/uploads\/2022\/05\/Capgemini_BSv-Discover-our-ESOAR-methodology.webp"}],"twitter_card":"summary_large_image","schema":{"@context":"https:\/\/schema.org","@graph":[{"@type":"WebPage","@id":"https:\/\/www.capgemini.com\/mx-es\/solutions\/esoar\/","url":"https:\/\/www.capgemini.com\/mx-es\/solutions\/esoar\/","name":"ESOAR | Capgemini","isPartOf":{"@id":"https:\/\/www.capgemini.com\/mx-es\/#website"},"primaryImageOfPage":{"@id":"https:\/\/www.capgemini.com\/mx-es\/solutions\/esoar\/#primaryimage"},"image":{"@id":"https:\/\/www.capgemini.com\/mx-es\/solutions\/esoar\/#primaryimage"},"thumbnailUrl":"https:\/\/www.capgemini.com\/wp-content\/uploads\/2022\/05\/Capgemini_BSv-Discover-our-ESOAR-methodology.webp","datePublished":"2022-12-19T08:17:42+00:00","dateModified":"2025-04-03T14:17:31+00:00","description":"ESOAR: Una metodolog\u00eda de transformaci\u00f3n \u00fanica y sencilla.","breadcrumb":{"@id":"https:\/\/www.capgemini.com\/mx-es\/solutions\/esoar\/#breadcrumb"},"inLanguage":"es-MX","potentialAction":[{"@type":"ReadAction","target":["https:\/\/www.capgemini.com\/mx-es\/solutions\/esoar\/"]}]},{"@type":"ImageObject","inLanguage":"es-MX","@id":"https:\/\/www.capgemini.com\/mx-es\/solutions\/esoar\/#primaryimage","url":"https:\/\/www.capgemini.com\/wp-content\/uploads\/2022\/05\/Capgemini_BSv-Discover-our-ESOAR-methodology.webp","contentUrl":"https:\/\/www.capgemini.com\/wp-content\/uploads\/2022\/05\/Capgemini_BSv-Discover-our-ESOAR-methodology.webp"},{"@type":"BreadcrumbList","@id":"https:\/\/www.capgemini.com\/mx-es\/solutions\/esoar\/#breadcrumb","itemListElement":[{"@type":"ListItem","position":1,"name":"Home","item":"https:\/\/www.capgemini.com\/mx-es\/"},{"@type":"ListItem","position":2,"name":"Solutions","item":"https:\/\/www.capgemini.com\/mx-es\/solutions\/"},{"@type":"ListItem","position":3,"name":"Esoar"}]},{"@type":"WebSite","@id":"https:\/\/www.capgemini.com\/mx-es\/#website","url":"https:\/\/www.capgemini.com\/mx-es\/","name":"Capgemini Mexico","description":"Capgemini","publisher":{"@id":"https:\/\/www.capgemini.com\/mx-es\/#organization"},"potentialAction":[{"@type":"SearchAction","target":{"@type":"EntryPoint","urlTemplate":"https:\/\/www.capgemini.com\/mx-es\/?s={search_term_string}"},"query-input":"required name=search_term_string"}],"inLanguage":"es-MX"},{"@type":"Organization","@id":"https:\/\/www.capgemini.com\/mx-es\/#organization","name":"Capgemini Mexico","url":"https:\/\/www.capgemini.com\/mx-es\/","logo":{"@type":"ImageObject","inLanguage":"es-MX","@id":"https:\/\/www.capgemini.com\/mx-es\/#\/schema\/logo\/image\/","url":"https:\/\/www.capgemini.com\/mx-es\/wp-content\/uploads\/sites\/28\/2025\/07\/linkedin_mwo0q6.png","contentUrl":"https:\/\/www.capgemini.com\/mx-es\/wp-content\/uploads\/sites\/28\/2025\/07\/linkedin_mwo0q6.png","width":800,"height":800,"caption":"Capgemini Mexico"},"image":{"@id":"https:\/\/www.capgemini.com\/mx-es\/#\/schema\/logo\/image\/"}}]}},"brand_term":[],"parsely":{"version":"1.1.0","canonical_url":"https:\/\/capgemini.com\/mx-es\/solutions\/esoar\/","smart_links":{"inbound":0,"outbound":0},"traffic_boost_suggestions_count":0,"meta":{"@context":"https:\/\/schema.org","@type":"WebPage","headline":"Esoar","url":"https:\/\/www.capgemini.com\/mx-es\/solutions\/esoar\/","mainEntityOfPage":{"@type":"WebPage","@id":"https:\/\/www.capgemini.com\/mx-es\/solutions\/esoar\/"},"thumbnailUrl":"","image":{"@type":"ImageObject","url":""},"articleSection":"Uncategorized","author":[],"creator":[],"publisher":{"@type":"Organization","name":"Capgemini Mexico","logo":""},"keywords":[],"dateCreated":"2022-12-19T08:17:42Z","datePublished":"2022-12-19T08:17:42Z","dateModified":"2025-04-03T14:17:31Z"},"rendered":"<meta name=\"parsely-title\" content=\"Esoar\" \/>\n<meta name=\"parsely-link\" content=\"https:\/\/www.capgemini.com\/mx-es\/solutions\/esoar\/\" \/>\n<meta name=\"parsely-type\" content=\"index\" \/>\n<meta name=\"parsely-pub-date\" content=\"2022-12-19T08:17:42Z\" \/>\n<meta name=\"parsely-section\" content=\"Uncategorized\" \/>","tracker_url":"https:\/\/cdn.parsely.com\/keys\/capgemini.com\/p.js"},"archive_status":false,"featured_image_src":"https:\/\/www.capgemini.com\/mx-es\/wp-content\/themes\/capgemini2025\/assets\/images\/mockup.png","featured_image_alt":false,"jetpack_sharing_enabled":true,"distributor_meta":false,"distributor_terms":false,"distributor_media":false,"distributor_original_site_name":"Capgemini Mexico","distributor_original_site_url":"https:\/\/www.capgemini.com\/mx-es","push-errors":false,"_links":{"self":[{"href":"https:\/\/www.capgemini.com\/mx-es\/wp-json\/wp\/v2\/pages\/5315","targetHints":{"allow":["GET"]}}],"collection":[{"href":"https:\/\/www.capgemini.com\/mx-es\/wp-json\/wp\/v2\/pages"}],"about":[{"href":"https:\/\/www.capgemini.com\/mx-es\/wp-json\/wp\/v2\/types\/page"}],"author":[{"embeddable":true,"href":"https:\/\/www.capgemini.com\/mx-es\/wp-json\/wp\/v2\/users\/33"}],"replies":[{"embeddable":true,"href":"https:\/\/www.capgemini.com\/mx-es\/wp-json\/wp\/v2\/comments?post=5315"}],"version-history":[{"count":9,"href":"https:\/\/www.capgemini.com\/mx-es\/wp-json\/wp\/v2\/pages\/5315\/revisions"}],"predecessor-version":[{"id":539175,"href":"https:\/\/www.capgemini.com\/mx-es\/wp-json\/wp\/v2\/pages\/5315\/revisions\/539175"}],"up":[{"embeddable":true,"href":"https:\/\/www.capgemini.com\/mx-es\/wp-json\/wp\/v2\/pages\/5720"}],"wp:attachment":[{"href":"https:\/\/www.capgemini.com\/mx-es\/wp-json\/wp\/v2\/media?parent=5315"}],"wp:term":[{"taxonomy":"brand","embeddable":true,"href":"https:\/\/www.capgemini.com\/mx-es\/wp-json\/wp\/v2\/brand?post=5315"},{"taxonomy":"partner_type","embeddable":true,"href":"https:\/\/www.capgemini.com\/mx-es\/wp-json\/wp\/v2\/partner_type?post=5315"},{"taxonomy":"service","embeddable":true,"href":"https:\/\/www.capgemini.com\/mx-es\/wp-json\/wp\/v2\/service?post=5315"},{"taxonomy":"industry","embeddable":true,"href":"https:\/\/www.capgemini.com\/mx-es\/wp-json\/wp\/v2\/industry?post=5315"},{"taxonomy":"partners","embeddable":true,"href":"https:\/\/www.capgemini.com\/mx-es\/wp-json\/wp\/v2\/partners?post=5315"},{"taxonomy":"page-type","embeddable":true,"href":"https:\/\/www.capgemini.com\/mx-es\/wp-json\/wp\/v2\/page-type?post=5315"},{"taxonomy":"content-group","embeddable":true,"href":"https:\/\/www.capgemini.com\/mx-es\/wp-json\/wp\/v2\/content-group?post=5315"}],"curies":[{"name":"wp","href":"https:\/\/api.w.org\/{rel}","templated":true}]}}