{"id":522428,"date":"2024-05-22T08:43:20","date_gmt":"2024-05-22T08:43:20","guid":{"rendered":"https:\/\/www.capgemini.com\/mx-es\/?page_id=522428&#038;preview_id=522428"},"modified":"2026-01-12T18:58:44","modified_gmt":"2026-01-12T18:58:44","slug":"softwarizacion-de-semiconductores","status":"publish","type":"page","link":"https:\/\/www.capgemini.com\/mx-es\/solutions\/softwarizacion-de-semiconductores\/","title":{"rendered":"Softwarizaci\u00f3n de semiconductores"},"content":{"rendered":"\n<header class=\"wp-block-cg-blocks-hero-reusable header heroReusable  \"><div class=\"header-bgs\"><picture><source srcset=\"https:\/\/www.capgemini.com\/wp-content\/uploads\/2024\/03\/Softwarization-for-semiconductors_5a776b.jpg?w=2880&amp;quality=70 1x, https:\/\/www.capgemini.com\/wp-content\/uploads\/2024\/03\/Softwarization-for-semiconductors_5a776b.jpg?w=2880&amp;quality=70 2x\" media=\"(min-width: 1500px)\"\/><source srcset=\"https:\/\/www.capgemini.com\/wp-content\/uploads\/2024\/03\/Softwarization-for-semiconductors_5a776b.jpg?w=1440&amp;quality=70 1x, https:\/\/www.capgemini.com\/wp-content\/uploads\/2024\/03\/Softwarization-for-semiconductors_5a776b.jpg?w=2880&amp;quality=70 2x\" media=\"(min-width: 992px)\"\/><source srcset=\"https:\/\/www.capgemini.com\/wp-content\/uploads\/2024\/03\/Softwarization-for-semiconductors_5a776b.jpg?w=1024&amp;quality=70 1x, https:\/\/www.capgemini.com\/wp-content\/uploads\/2024\/03\/Softwarization-for-semiconductors_5a776b.jpg?w=1024&amp;quality=70 2x\" media=\"(min-width: 768px)\"\/><source srcset=\"https:\/\/www.capgemini.com\/wp-content\/uploads\/2024\/03\/Softwarization-for-semiconductors_5a776b.jpg?w=768&amp;quality=70 1x, https:\/\/www.capgemini.com\/wp-content\/uploads\/2024\/03\/Softwarization-for-semiconductors_5a776b.jpg?w=768&amp;quality=70 2x\" media=\"(min-width: 0)\"\/><img decoding=\"async\" src=\"https:\/\/www.capgemini.com\/wp-content\/uploads\/2024\/03\/Softwarization-for-semiconductors_5a776b.jpg\" class=\"header-img header-img-d\" alt=\"\" style=\"object-fit:cover;object-position:46% 64%\" loading=\"eager\"\/><\/picture><\/div><div class=\"heroPictureCardHeaderShape\"><\/div><div class=\"container\"><div class=\"row\"><div class=\"col-md-12\"><div class=\"box\"><div class=\"boxTagWrapper\"><div class=\"tagInfo\"><div><span class=\"box-tag\">Solution<\/span><\/div><\/div><\/div><div class=\"box-title\"><h1 data-maxlength=\"34\">Softwarizaci\u00f3n de semiconductores<\/h1><\/div><div class=\"inner-row-insight download-btn\"><\/div><\/div><\/div><\/div><\/div><\/header>\n\n\n\n<section class=\"wp-block-cg-blocks-group undefined section section--article-content\"><div class=\"article-main-content\"><div class=\"container\"><div class=\"row\"><div class=\"col-12 col-md-1\"><nav class=\"article-social\"><ul class=\"social-nav\"><li class=\"ip-order-fb\"><a href=\"https:\/\/www.facebook.com\/sharer\/sharer.php?u=https:\/\/www.capgemini.com\/?page_id=1008076&amp;preview_id=1008076\" target=\"_blank\" rel=\"noopener noreferrer\" title=\"Abrir en una nueva ventana\"><i aria-hidden=\"true\" class=\"icon-fb\"><\/i><span class=\"sr-only\">Facebook<\/span><\/a><\/li><li class=\"ip-order-li\"><a href=\"https:\/\/www.linkedin.com\/shareArticle?url=https:\/\/www.capgemini.com\/?page_id=1008076&amp;preview_id=1008076\" target=\"_blank\" rel=\"noopener noreferrer\" title=\"Abrir en una nueva ventana\"><i aria-hidden=\"true\" class=\"icon-li\"><\/i><span class=\"sr-only\">Linkedin<\/span><\/a><\/li><\/ul><\/nav><\/div><div class=\"col-12 col-md-11 col-lg-10\"><div class=\"article-text article-quote-text\">\n<h3 class=\"wp-block-heading\" id=\"h-del-diseno-por-hardware-a-la-definicion-por-software\">Del dise\u00f1o por hardware a la definici\u00f3n por software<\/h3>\n\n\n\n<p>La industria de los semiconductores se encuentra en medio de una transformaci\u00f3n masiva, con nuevos chips que impulsan el crecimiento en todas las dimensiones, incluyendo Gen AI, Edge computing, seguridad y sostenibilidad, y dentro de varias industrias, como la automotriz, ciencias de la vida y fintech. Las empresas de semiconductores est\u00e1n asistiendo a una explosi\u00f3n de la complejidad y diversidad de sus productos y, en concreto, demandan soluciones mucho m\u00e1s especializadas y centradas en el software a una escala que la industria de los chips no puede satisfacer ni rentabilizar eficazmente.&nbsp;<\/p>\n\n\n\n<h4 class=\"wp-block-heading\" id=\"h-softwarization-para-semiconductores\">Softwarization para semiconductores<\/h4>\n\n\n\n<p>Con Softwarization for Semiconductors, la visi\u00f3n de Chip to Industry puede hacerse realidad de forma oportuna y rentable. Permite el desarrollo de un conjunto m\u00e1s estandarizado y limitado de chips base que pueden personalizarse para diversas industrias y soluciones mediante software.<\/p>\n\n\n\n<p>Capgemini puede actuar de forma \u00fanica como socio de transformaci\u00f3n para permitir a los fabricantes de chips ofrecer soluciones completas para las nuevas necesidades de la industria gracias a nuestra combinaci\u00f3n de ingenier\u00eda de silicio y software, profunda experiencia en la industria vertical, aceleradores de plataforma y arquitectura de software validada.<\/p>\n\n\n\n<p>En esencia, la &#8220;<a href=\"https:\/\/en.wiktionary.org\/wiki\/softwarization\">softwarizaci\u00f3n<\/a>&#8221; -la monetizaci\u00f3n de las soluciones de software, en lugar de s\u00f3lo el hardware tradicional- es una nueva direcci\u00f3n empresarial de crecimiento para las empresas de semiconductores. Por eso la llamamos: &#8220;Softwarizaci\u00f3n para semiconductores&#8221;.<\/p>\n<\/div><\/div><\/div><\/div><\/div><\/section>\n\n\n\n<section class=\"wp-block-cg-blocks-intro-para-video section section--info-2cols section--insights section-video \"><div class=\"bg-color video-align-right\"><div class=\"container\"><div class=\"row video-align-left\"><div class=\"col-md-12\"><div class=\"video-align-left row box box--4 box--mini\"><div class=\"col-md-3\"><h3 class=\"Video-title\" data-maxlength=\"34\">Softwarizaci\u00f3n de semiconductores<\/h3><div class=\"video-info\"><p data-maxlength=\"68\">Del dise\u00f1o por hardware a la definici\u00f3n por software<\/p><\/div><\/div><div class=\"col-md-8 box-img-wrapper\"><div class=\"video-box\"><div class=\"video-wrapper\"><iframe title=\"video-section\" src=\"https:\/\/www.youtube.com\/embed\/E_trVOqaDis?rel=0&amp;modestbranding=1&amp;playsinline=1&amp;enablejsapi=1\" frameborder=\"0\" allow=\"accelerometer; autoplay; clipboard-write; encrypted-media; gyroscope; picture-in-picture\" allowfullscreen loading=\"lazy\" referrerpolicy=\"strict-origin-when-cross-origin\"><\/iframe><\/div><\/div><\/div><div class=\"col-md-1\"><\/div><\/div><\/div><\/div><\/div><\/div><\/section>\n\n\n\n<section class=\"wp-block-cg-blocks-group undefined section section--article-content\"><div class=\"article-main-content\"><div class=\"container\"><div class=\"row\"><div class=\"col-12 col-md-11 col-lg-10 offset-md-1 offset-lg-1\"><div class=\"article-text article-quote-text\">\n<h4 class=\"wp-block-heading\" id=\"h-es-hora-de-construir-diferente\">Es hora de construir diferente<\/h4>\n\n\n\n<p>Al crear soluciones centradas en el software, los fabricantes de chips est\u00e1n a la vanguardia de lo que la industria necesita ahora y en el futuro para obtener r\u00e1pidamente ingresos nuevos, repetibles y rentables a partir de soluciones de software, servicios y plataformas.<\/p>\n\n\n\n<p>Aportamos nuevas ideas, aceleradores y asociaciones para elevar la ingenier\u00eda del silicio y ser el socio de confianza de la industria, ayudando a construir un nuevo ecosistema de chips centrado en el software.<\/p>\n\n\n\n<p>Lo hacemos construyendo de forma diferente. Nuestras asociaciones se centran en ofrecer estrategias rentables y de alto crecimiento basadas en nuestro profundo conocimiento de las necesidades del sector en un futuro pr\u00f3ximo. Juntos podemos crear no s\u00f3lo los chips del ma\u00f1ana, sino nuevos modelos operativos, ingresos por software, conexiones industriales y mercados. Le ayudaremos a crear soluciones llave en mano y monetizadas dise\u00f1adas para ofrecer m\u00e1s agilidad y valor que nunca a su empresa y a los clientes a los que sirve.<\/p>\n\n\n\n<h4 class=\"wp-block-heading\" id=\"h-como-colaboramos-con-usted\">C\u00f3mo colaboramos con usted<\/h4>\n\n\n\n<p>Ayudamos a la industria de semiconductores a aprovechar las oportunidades para conseguir algo m\u00e1s que ingresos y una comercializaci\u00f3n m\u00e1s r\u00e1pida, y a convertirse en la fuerza motriz de un nuevo ecosistema de chips impulsado por software.<\/p>\n\n\n\n<p>De forma exclusiva, nuestros expertos en estrategia, software, silicio y sector colaboran a la perfecci\u00f3n, codo con codo con usted, para construir lo que viene a continuaci\u00f3n: soluciones digitales y de silicio innovadoras y completas adaptadas al sector, a escala. Esto le permitir\u00e1 centrarse en sus prioridades b\u00e1sicas, gestionar el cambio y acelerar la transformaci\u00f3n.<\/p>\n\n\n\n<p>Le ayudamos a situarse en el centro del nuevo ecosistema de chips, remodelado en torno a las nuevas necesidades de la tecnolog\u00eda cercana del sector. Somos un socio y asesor tanto estrat\u00e9gico como t\u00e9cnico para impulsar este cambio.<\/p>\n\n\n\n<p>La historia no trata de los chips, sino de la industria y su enorme transformaci\u00f3n. <strong>Es hora de construir diferente<\/strong>.<\/p>\n\n\n\n<div class=\"wp-block-buttons is-layout-flex wp-block-buttons-is-layout-flex\">\n<div class=\"wp-block-button is-style-outline is-style-outline--1\"><a class=\"wp-block-button__link wp-element-button\" href=\"mailto:ravi.b.gupta@capgemini.com\">Quedemos para hablar<\/a><\/div>\n<\/div>\n<\/div><\/div><\/div><\/div><\/div><\/section>\n\n\n<section class=\"latest-insights layout-odd layout-one-card-only \"><div class=\"container\"><div class=\"insight-title\"><h2 class=\"latest-insight-title\">Investigaci\u00f3n y Conocimiento<\/h2><\/div><div class=\"layout-single-card\">\n                      <div class=\"row align-items-center w-lg-100\">\n                        <div class=\"card-image-wrapper\">\n                                <div class=\"card-image\" data-image-url=\"https:\/\/www.capgemini.com\/mx-es\/insights\/biblioteca-de-investigacion\/la-revolucion-del-software-en-el-corazon-de-la-industria-del-chip\/\">\n\t\t\t\t\t\t\t\t\t\t\t\t\t\t\t\t\t<picture>\n\t\t\t\t\t\t\t\t\t\t\t\t\t\t\t\t\t\t\t\t\t<source srcset=\"https:\/\/www.capgemini.com\/mx-es\/wp-content\/uploads\/sites\/28\/2024\/05\/Softwarization-POV-banner.jpg?w=2048&#038;quality=70 1x, https:\/\/www.capgemini.com\/mx-es\/wp-content\/uploads\/sites\/28\/2024\/05\/Softwarization-POV-banner.jpg?w=2048&#038;quality=70 2x\"\n\t\t\t\t\t\t\t\t\t\t\t\t\t\t\t\t\t\t\t\t\t\t\t\t\tmedia=\"(min-width: 1500px)\"\/>\n\t\t\t\t\t\t\t\t\t\t\t\t\t\t\t\t\t\t\t\t\t<source srcset=\"https:\/\/www.capgemini.com\/mx-es\/wp-content\/uploads\/sites\/28\/2024\/05\/Softwarization-POV-banner.jpg?w=1024&#038;quality=70 1x, https:\/\/www.capgemini.com\/mx-es\/wp-content\/uploads\/sites\/28\/2024\/05\/Softwarization-POV-banner.jpg?w=2048&#038;quality=70 2x\"\n\t\t\t\t\t\t\t\t\t\t\t\t\t\t\t\t\t\t\t\t\t\t\t\t\tmedia=\"(min-width: 992px)\"\/>\n\t\t\t\t\t\t\t\t\t\t\t\t\t\t\t\t\t\t\t\t\t<source srcset=\"https:\/\/www.capgemini.com\/mx-es\/wp-content\/uploads\/sites\/28\/2024\/05\/Softwarization-POV-banner.jpg?w=1024&#038;quality=70 1x, https:\/\/www.capgemini.com\/mx-es\/wp-content\/uploads\/sites\/28\/2024\/05\/Softwarization-POV-banner.jpg?w=2048&#038;quality=70 2x\"\n\t\t\t\t\t\t\t\t\t\t\t\t\t\t\t\t\t\t\t\t\t\t\t\t\tmedia=\"(min-width: 768px)\"\/>\n\t\t\t\t\t\t\t\t\t\t\t\t\t\t\t\t\t\t\t\t\t<source srcset=\"https:\/\/www.capgemini.com\/mx-es\/wp-content\/uploads\/sites\/28\/2024\/05\/Softwarization-POV-banner.jpg?w=500&#038;quality=70 1x, https:\/\/www.capgemini.com\/mx-es\/wp-content\/uploads\/sites\/28\/2024\/05\/Softwarization-POV-banner.jpg?w=1000&#038;quality=70 2x\"\n\t\t\t\t\t\t\t\t\t\t\t\t\t\t\t\t\t\t\t\t\t\t\t\t\tmedia=\"(min-width: 0)\"\/>\n\t\t\t\t\t\t\t\t\t\t\t\t\t\t\t\t\t\t\t\t\t\t<img decoding=\"async\" loading=\"lazy\" src=\"https:\/\/www.capgemini.com\/mx-es\/wp-content\/uploads\/sites\/28\/2024\/05\/Softwarization-POV-banner.jpg\" alt=\"\" style=\"object-position: 50% 50%; object-fit: cover;\">\n\t\t\t\t\t\t\t\t\t\t\t\t\t\t\t\t\t\t\t<\/picture>\n                                <\/div>\n                            <\/div>\n                            <div class=\"col-12 col-md-5 col-lg-7\"><\/div>\n                        <div class=\"col-12 col-md-7 col-lg-5\">\n                            <a href=\"https:\/\/www.capgemini.com\/mx-es\/insights\/biblioteca-de-investigacion\/la-revolucion-del-software-en-el-corazon-de-la-industria-del-chip\/\" aria-label=\"La revoluci\u00f3n del software en el coraz\u00f3n de la industria del chip\" class=\"card-link-holder\">\n                            <div class=\"insight-card insight-card-start\">\n                                <div class=\"card-tag\">Point of view<\/div>\n                                <h3 class=\"card-title\">La revoluci\u00f3n del software en el coraz\u00f3n de la industria del chip<\/h3>\n                                <div class=\"insight-card-footer\">\n                                    <img decoding=\"async\" loading=\"lazy\" src=\"\" alt=\"\" class=\"light\">\n\t\t\t\t\t\t\t\t\t<img decoding=\"async\" loading=\"lazy\" src=\"\" alt=\"\" class=\"dark\">\n                                <\/div>\n                            <\/div>\n                            <\/a>\n                        <\/div>\n                     <\/div>\n                    <\/div><\/div><\/section>","protected":false},"excerpt":{"rendered":"","protected":false},"author":33,"featured_media":522429,"parent":5720,"menu_order":0,"comment_status":"closed","ping_status":"closed","template":"","meta":{"cg_dt_proposed_to":[9,25],"cg_seo_hreflang_relations":"[]","cg_seo_canonical_relation":"","cg_seo_hreflang_x_default_relation":"{\"uuid\":\"510e4a51-5641-428f-9025-b77dd33f7fb1\",\"blogId\":\"\",\"domain\":\"\",\"sitePath\":\"\",\"postLink\":\"\",\"postId\":null,\"isSaved\":true,\"isCrossLink\":false,\"hasCrossLink\":false}","cg_dt_approved_content":true,"cg_dt_mandatory_content":false,"cg_dt_notes":"","cg_dg_source_changed":true,"cg_dt_link_disabled":true,"_yoast_wpseo_primary_brand":"","footnotes":"","featured_focal_points":"","partner_card_description":"","gsap_animation":0},"brand":[],"partner_type":[],"service":[],"industry":[],"partners":[],"page-type":[167],"content-group":[],"class_list":["post-522428","page","type-page","status-publish","has-post-thumbnail","hentry","page-type-solutions"],"yoast_head":"<!-- This site is optimized with the Yoast SEO Premium plugin v22.8 (Yoast SEO v22.8) - https:\/\/yoast.com\/wordpress\/plugins\/seo\/ -->\n<title>Softwarizaci\u00f3n de semiconductores | Capgemini<\/title>\n<meta name=\"robots\" content=\"index, follow, max-snippet:-1, max-image-preview:large, max-video-preview:-1\" \/>\n<link rel=\"canonical\" href=\"https:\/\/www.capgemini.com\/mx-es\/solutions\/softwarizacion-de-semiconductores\/\" \/>\n<meta property=\"og:locale\" content=\"es_MX\" \/>\n<meta property=\"og:type\" content=\"article\" \/>\n<meta property=\"og:title\" content=\"Softwarizaci\u00f3n de semiconductores\" \/>\n<meta property=\"og:url\" content=\"https:\/\/www.capgemini.com\/mx-es\/solutions\/softwarizacion-de-semiconductores\/\" \/>\n<meta property=\"og:site_name\" content=\"Capgemini Mexico\" \/>\n<meta property=\"article:modified_time\" content=\"2026-01-12T18:58:44+00:00\" \/>\n<meta property=\"og:image\" content=\"https:\/\/www.capgemini.com\/mx-es\/wp-content\/uploads\/sites\/28\/2025\/10\/New-Web-preview-global.jpg\" \/>\n\t<meta property=\"og:image:width\" content=\"1200\" \/>\n\t<meta property=\"og:image:height\" content=\"627\" \/>\n\t<meta property=\"og:image:type\" content=\"image\/jpeg\" \/>\n<meta name=\"twitter:card\" content=\"summary_large_image\" \/>\n<meta name=\"twitter:label1\" content=\"Est. reading time\" \/>\n\t<meta name=\"twitter:data1\" content=\"4 minutes\" \/>\n<script type=\"application\/ld+json\" class=\"yoast-schema-graph\">{\"@context\":\"https:\/\/schema.org\",\"@graph\":[{\"@type\":\"WebPage\",\"@id\":\"https:\/\/www.capgemini.com\/mx-es\/solutions\/softwarizacion-de-semiconductores\/\",\"url\":\"https:\/\/www.capgemini.com\/mx-es\/solutions\/softwarizacion-de-semiconductores\/\",\"name\":\"Softwarizaci\u00f3n de semiconductores | Capgemini\",\"isPartOf\":{\"@id\":\"https:\/\/www.capgemini.com\/mx-es\/#website\"},\"primaryImageOfPage\":{\"@id\":\"https:\/\/www.capgemini.com\/mx-es\/solutions\/softwarizacion-de-semiconductores\/#primaryimage\"},\"image\":{\"@id\":\"https:\/\/www.capgemini.com\/mx-es\/solutions\/softwarizacion-de-semiconductores\/#primaryimage\"},\"thumbnailUrl\":\"https:\/\/www.capgemini.com\/mx-es\/wp-content\/uploads\/sites\/28\/2024\/05\/Softwarization-for-semiconductors_5a776b.jpg\",\"datePublished\":\"2024-05-22T08:43:20+00:00\",\"dateModified\":\"2026-01-12T18:58:44+00:00\",\"breadcrumb\":{\"@id\":\"https:\/\/www.capgemini.com\/mx-es\/solutions\/softwarizacion-de-semiconductores\/#breadcrumb\"},\"inLanguage\":\"es-MX\",\"potentialAction\":[{\"@type\":\"ReadAction\",\"target\":[\"https:\/\/www.capgemini.com\/mx-es\/solutions\/softwarizacion-de-semiconductores\/\"]}]},{\"@type\":\"ImageObject\",\"inLanguage\":\"es-MX\",\"@id\":\"https:\/\/www.capgemini.com\/mx-es\/solutions\/softwarizacion-de-semiconductores\/#primaryimage\",\"url\":\"https:\/\/www.capgemini.com\/mx-es\/wp-content\/uploads\/sites\/28\/2024\/05\/Softwarization-for-semiconductors_5a776b.jpg\",\"contentUrl\":\"https:\/\/www.capgemini.com\/mx-es\/wp-content\/uploads\/sites\/28\/2024\/05\/Softwarization-for-semiconductors_5a776b.jpg\",\"width\":2880,\"height\":1800},{\"@type\":\"BreadcrumbList\",\"@id\":\"https:\/\/www.capgemini.com\/mx-es\/solutions\/softwarizacion-de-semiconductores\/#breadcrumb\",\"itemListElement\":[{\"@type\":\"ListItem\",\"position\":1,\"name\":\"Home\",\"item\":\"https:\/\/www.capgemini.com\/mx-es\/\"},{\"@type\":\"ListItem\",\"position\":2,\"name\":\"Solutions\",\"item\":\"https:\/\/www.capgemini.com\/mx-es\/solutions\/\"},{\"@type\":\"ListItem\",\"position\":3,\"name\":\"Softwarizaci\u00f3n de semiconductores\"}]},{\"@type\":\"WebSite\",\"@id\":\"https:\/\/www.capgemini.com\/mx-es\/#website\",\"url\":\"https:\/\/www.capgemini.com\/mx-es\/\",\"name\":\"Capgemini Mexico\",\"description\":\"Capgemini\",\"publisher\":{\"@id\":\"https:\/\/www.capgemini.com\/mx-es\/#organization\"},\"potentialAction\":[{\"@type\":\"SearchAction\",\"target\":{\"@type\":\"EntryPoint\",\"urlTemplate\":\"https:\/\/www.capgemini.com\/mx-es\/?s={search_term_string}\"},\"query-input\":\"required name=search_term_string\"}],\"inLanguage\":\"es-MX\"},{\"@type\":\"Organization\",\"@id\":\"https:\/\/www.capgemini.com\/mx-es\/#organization\",\"name\":\"Capgemini Mexico\",\"url\":\"https:\/\/www.capgemini.com\/mx-es\/\",\"logo\":{\"@type\":\"ImageObject\",\"inLanguage\":\"es-MX\",\"@id\":\"https:\/\/www.capgemini.com\/mx-es\/#\/schema\/logo\/image\/\",\"url\":\"https:\/\/www.capgemini.com\/mx-es\/wp-content\/uploads\/sites\/28\/2025\/07\/linkedin_mwo0q6.png\",\"contentUrl\":\"https:\/\/www.capgemini.com\/mx-es\/wp-content\/uploads\/sites\/28\/2025\/07\/linkedin_mwo0q6.png\",\"width\":800,\"height\":800,\"caption\":\"Capgemini Mexico\"},\"image\":{\"@id\":\"https:\/\/www.capgemini.com\/mx-es\/#\/schema\/logo\/image\/\"}}]}<\/script>\n<!-- \/ Yoast SEO Premium plugin. -->","yoast_head_json":{"title":"Softwarizaci\u00f3n de semiconductores | Capgemini","robots":{"index":"index","follow":"follow","max-snippet":"max-snippet:-1","max-image-preview":"max-image-preview:large","max-video-preview":"max-video-preview:-1"},"canonical":"https:\/\/www.capgemini.com\/mx-es\/solutions\/softwarizacion-de-semiconductores\/","og_locale":"es_MX","og_type":"article","og_title":"Softwarizaci\u00f3n de semiconductores","og_url":"https:\/\/www.capgemini.com\/mx-es\/solutions\/softwarizacion-de-semiconductores\/","og_site_name":"Capgemini Mexico","article_modified_time":"2026-01-12T18:58:44+00:00","og_image":[{"width":1200,"height":627,"url":"https:\/\/www.capgemini.com\/mx-es\/wp-content\/uploads\/sites\/28\/2025\/10\/New-Web-preview-global.jpg","type":"image\/jpeg"}],"twitter_card":"summary_large_image","twitter_misc":{"Est. reading time":"4 minutes"},"schema":{"@context":"https:\/\/schema.org","@graph":[{"@type":"WebPage","@id":"https:\/\/www.capgemini.com\/mx-es\/solutions\/softwarizacion-de-semiconductores\/","url":"https:\/\/www.capgemini.com\/mx-es\/solutions\/softwarizacion-de-semiconductores\/","name":"Softwarizaci\u00f3n de semiconductores | Capgemini","isPartOf":{"@id":"https:\/\/www.capgemini.com\/mx-es\/#website"},"primaryImageOfPage":{"@id":"https:\/\/www.capgemini.com\/mx-es\/solutions\/softwarizacion-de-semiconductores\/#primaryimage"},"image":{"@id":"https:\/\/www.capgemini.com\/mx-es\/solutions\/softwarizacion-de-semiconductores\/#primaryimage"},"thumbnailUrl":"https:\/\/www.capgemini.com\/mx-es\/wp-content\/uploads\/sites\/28\/2024\/05\/Softwarization-for-semiconductors_5a776b.jpg","datePublished":"2024-05-22T08:43:20+00:00","dateModified":"2026-01-12T18:58:44+00:00","breadcrumb":{"@id":"https:\/\/www.capgemini.com\/mx-es\/solutions\/softwarizacion-de-semiconductores\/#breadcrumb"},"inLanguage":"es-MX","potentialAction":[{"@type":"ReadAction","target":["https:\/\/www.capgemini.com\/mx-es\/solutions\/softwarizacion-de-semiconductores\/"]}]},{"@type":"ImageObject","inLanguage":"es-MX","@id":"https:\/\/www.capgemini.com\/mx-es\/solutions\/softwarizacion-de-semiconductores\/#primaryimage","url":"https:\/\/www.capgemini.com\/mx-es\/wp-content\/uploads\/sites\/28\/2024\/05\/Softwarization-for-semiconductors_5a776b.jpg","contentUrl":"https:\/\/www.capgemini.com\/mx-es\/wp-content\/uploads\/sites\/28\/2024\/05\/Softwarization-for-semiconductors_5a776b.jpg","width":2880,"height":1800},{"@type":"BreadcrumbList","@id":"https:\/\/www.capgemini.com\/mx-es\/solutions\/softwarizacion-de-semiconductores\/#breadcrumb","itemListElement":[{"@type":"ListItem","position":1,"name":"Home","item":"https:\/\/www.capgemini.com\/mx-es\/"},{"@type":"ListItem","position":2,"name":"Solutions","item":"https:\/\/www.capgemini.com\/mx-es\/solutions\/"},{"@type":"ListItem","position":3,"name":"Softwarizaci\u00f3n de semiconductores"}]},{"@type":"WebSite","@id":"https:\/\/www.capgemini.com\/mx-es\/#website","url":"https:\/\/www.capgemini.com\/mx-es\/","name":"Capgemini Mexico","description":"Capgemini","publisher":{"@id":"https:\/\/www.capgemini.com\/mx-es\/#organization"},"potentialAction":[{"@type":"SearchAction","target":{"@type":"EntryPoint","urlTemplate":"https:\/\/www.capgemini.com\/mx-es\/?s={search_term_string}"},"query-input":"required name=search_term_string"}],"inLanguage":"es-MX"},{"@type":"Organization","@id":"https:\/\/www.capgemini.com\/mx-es\/#organization","name":"Capgemini Mexico","url":"https:\/\/www.capgemini.com\/mx-es\/","logo":{"@type":"ImageObject","inLanguage":"es-MX","@id":"https:\/\/www.capgemini.com\/mx-es\/#\/schema\/logo\/image\/","url":"https:\/\/www.capgemini.com\/mx-es\/wp-content\/uploads\/sites\/28\/2025\/07\/linkedin_mwo0q6.png","contentUrl":"https:\/\/www.capgemini.com\/mx-es\/wp-content\/uploads\/sites\/28\/2025\/07\/linkedin_mwo0q6.png","width":800,"height":800,"caption":"Capgemini Mexico"},"image":{"@id":"https:\/\/www.capgemini.com\/mx-es\/#\/schema\/logo\/image\/"}}]}},"brand_term":[],"parsely":{"version":"1.1.0","canonical_url":"https:\/\/capgemini.com\/mx-es\/solutions\/softwarizacion-de-semiconductores\/","smart_links":{"inbound":0,"outbound":0},"traffic_boost_suggestions_count":0,"meta":{"@context":"https:\/\/schema.org","@type":"WebPage","headline":"Softwarizaci\u00f3n de semiconductores","url":"https:\/\/www.capgemini.com\/mx-es\/solutions\/softwarizacion-de-semiconductores\/","mainEntityOfPage":{"@type":"WebPage","@id":"https:\/\/www.capgemini.com\/mx-es\/solutions\/softwarizacion-de-semiconductores\/"},"thumbnailUrl":"https:\/\/www.capgemini.com\/mx-es\/wp-content\/uploads\/sites\/28\/2024\/05\/Softwarization-for-semiconductors_5a776b.jpg?w=150&h=150&crop=1","image":{"@type":"ImageObject","url":"https:\/\/www.capgemini.com\/mx-es\/wp-content\/uploads\/sites\/28\/2024\/05\/Softwarization-for-semiconductors_5a776b.jpg"},"articleSection":"Uncategorized","author":[],"creator":[],"publisher":{"@type":"Organization","name":"Capgemini Mexico","logo":""},"keywords":[],"dateCreated":"2024-05-22T08:43:20Z","datePublished":"2024-05-22T08:43:20Z","dateModified":"2026-01-12T18:58:44Z"},"rendered":"<meta name=\"parsely-title\" content=\"Softwarizaci\u00f3n de semiconductores\" \/>\n<meta name=\"parsely-link\" content=\"https:\/\/www.capgemini.com\/mx-es\/solutions\/softwarizacion-de-semiconductores\/\" \/>\n<meta name=\"parsely-type\" content=\"index\" \/>\n<meta name=\"parsely-image-url\" content=\"https:\/\/www.capgemini.com\/mx-es\/wp-content\/uploads\/sites\/28\/2024\/05\/Softwarization-for-semiconductors_5a776b.jpg?w=150&amp;h=150&amp;crop=1\" \/>\n<meta name=\"parsely-pub-date\" content=\"2024-05-22T08:43:20Z\" \/>\n<meta name=\"parsely-section\" content=\"Uncategorized\" \/>","tracker_url":"https:\/\/cdn.parsely.com\/keys\/capgemini.com\/p.js"},"archive_status":false,"featured_image_src":"https:\/\/www.capgemini.com\/mx-es\/wp-content\/uploads\/sites\/28\/2024\/05\/Softwarization-for-semiconductors_5a776b.jpg","featured_image_alt":"","jetpack_sharing_enabled":true,"distributor_meta":false,"distributor_terms":false,"distributor_media":false,"distributor_original_site_name":"Capgemini Mexico","distributor_original_site_url":"https:\/\/www.capgemini.com\/mx-es","push-errors":false,"_links":{"self":[{"href":"https:\/\/www.capgemini.com\/mx-es\/wp-json\/wp\/v2\/pages\/522428","targetHints":{"allow":["GET"]}}],"collection":[{"href":"https:\/\/www.capgemini.com\/mx-es\/wp-json\/wp\/v2\/pages"}],"about":[{"href":"https:\/\/www.capgemini.com\/mx-es\/wp-json\/wp\/v2\/types\/page"}],"author":[{"embeddable":true,"href":"https:\/\/www.capgemini.com\/mx-es\/wp-json\/wp\/v2\/users\/33"}],"replies":[{"embeddable":true,"href":"https:\/\/www.capgemini.com\/mx-es\/wp-json\/wp\/v2\/comments?post=522428"}],"version-history":[{"count":4,"href":"https:\/\/www.capgemini.com\/mx-es\/wp-json\/wp\/v2\/pages\/522428\/revisions"}],"predecessor-version":[{"id":557654,"href":"https:\/\/www.capgemini.com\/mx-es\/wp-json\/wp\/v2\/pages\/522428\/revisions\/557654"}],"up":[{"embeddable":true,"href":"https:\/\/www.capgemini.com\/mx-es\/wp-json\/wp\/v2\/pages\/5720"}],"wp:featuredmedia":[{"embeddable":true,"href":"https:\/\/www.capgemini.com\/mx-es\/wp-json\/wp\/v2\/media\/522429"}],"wp:attachment":[{"href":"https:\/\/www.capgemini.com\/mx-es\/wp-json\/wp\/v2\/media?parent=522428"}],"wp:term":[{"taxonomy":"brand","embeddable":true,"href":"https:\/\/www.capgemini.com\/mx-es\/wp-json\/wp\/v2\/brand?post=522428"},{"taxonomy":"partner_type","embeddable":true,"href":"https:\/\/www.capgemini.com\/mx-es\/wp-json\/wp\/v2\/partner_type?post=522428"},{"taxonomy":"service","embeddable":true,"href":"https:\/\/www.capgemini.com\/mx-es\/wp-json\/wp\/v2\/service?post=522428"},{"taxonomy":"industry","embeddable":true,"href":"https:\/\/www.capgemini.com\/mx-es\/wp-json\/wp\/v2\/industry?post=522428"},{"taxonomy":"partners","embeddable":true,"href":"https:\/\/www.capgemini.com\/mx-es\/wp-json\/wp\/v2\/partners?post=522428"},{"taxonomy":"page-type","embeddable":true,"href":"https:\/\/www.capgemini.com\/mx-es\/wp-json\/wp\/v2\/page-type?post=522428"},{"taxonomy":"content-group","embeddable":true,"href":"https:\/\/www.capgemini.com\/mx-es\/wp-json\/wp\/v2\/content-group?post=522428"}],"curies":[{"name":"wp","href":"https:\/\/api.w.org\/{rel}","templated":true}]}}