{"id":520029,"date":"2024-02-05T03:01:06","date_gmt":"2024-02-05T03:01:06","guid":{"rendered":"https:\/\/www.capgemini.com\/mx-es\/?page_id=520029&#038;preview_id=520029"},"modified":"2025-04-03T13:09:21","modified_gmt":"2025-04-03T13:09:21","slug":"ingenieria-de-infraestructuras-inteligente-para-empresas-de-servicios-publicos","status":"publish","type":"page","link":"https:\/\/www.capgemini.com\/mx-es\/solutions\/ingenieria-de-infraestructuras-inteligente-para-empresas-de-servicios-publicos\/","title":{"rendered":"Ingenier\u00eda de infraestructuras inteligente para empresas de servicios p\u00fablicos"},"content":{"rendered":"\n<header class=\"wp-block-cg-blocks-hero-reusable header heroReusable  \"><div class=\"header-bgs\"><picture><source srcset=\"https:\/\/www.capgemini.com\/wp-content\/uploads\/2023\/11\/next-gen-ami.webp?w=2880&amp;quality=70 1x, https:\/\/www.capgemini.com\/wp-content\/uploads\/2023\/11\/next-gen-ami.webp?w=2880&amp;quality=70 2x\" media=\"(min-width: 1500px)\"\/><source srcset=\"https:\/\/www.capgemini.com\/wp-content\/uploads\/2023\/11\/next-gen-ami.webp?w=1440&amp;quality=70 1x, https:\/\/www.capgemini.com\/wp-content\/uploads\/2023\/11\/next-gen-ami.webp?w=2880&amp;quality=70 2x\" media=\"(min-width: 992px)\"\/><source srcset=\"https:\/\/www.capgemini.com\/wp-content\/uploads\/2023\/11\/next-gen-ami.webp?w=1024&amp;quality=70 1x, https:\/\/www.capgemini.com\/wp-content\/uploads\/2023\/11\/next-gen-ami.webp?w=1024&amp;quality=70 2x\" media=\"(min-width: 768px)\"\/><source srcset=\"https:\/\/www.capgemini.com\/wp-content\/uploads\/2023\/11\/next-gen-ami.webp?w=768&amp;quality=70 1x, https:\/\/www.capgemini.com\/wp-content\/uploads\/2023\/11\/next-gen-ami.webp?w=768&amp;quality=70 2x\" media=\"(min-width: 0)\"\/><img decoding=\"async\" src=\"https:\/\/www.capgemini.com\/wp-content\/uploads\/2023\/11\/next-gen-ami.webp\" class=\"header-img header-img-d\" alt=\"\" style=\"object-fit:cover;object-position:50% 50%\" loading=\"eager\"\/><\/picture><\/div><div class=\"heroPictureCardHeaderShape\"><\/div><div class=\"container\"><div class=\"row\"><div class=\"col-md-12\"><div class=\"box\"><div class=\"boxTagWrapper\"><div class=\"tagInfo\"><div><span class=\"box-tag\">Solutions<\/span><\/div><\/div><\/div><div class=\"box-title\"><h1 data-maxlength=\"34\">Ingenier\u00eda de infraestructuras inteligente para empresas de servicios p\u00fablicos<\/h1><\/div><div class=\"inner-row-insight download-btn\"><\/div><\/div><\/div><\/div><\/div><\/header>\n\n\n\n<section class=\"wp-block-cg-blocks-intro-para undefined section section--intro\"><div class=\"intro-para\"><div class=\"container\"><div class=\"row\"><div class=\"col-12 col-md-1\"><nav class=\"article-social\"><ul class=\"social-nav\"><li class=\"ip-order-fb\"><a href=\"https:\/\/www.facebook.com\/sharer\/sharer.php?u=https:\/\/www.capgemini.com\/mx-es\/solutions\/ingenieria-de-infraestructuras-inteligente-para-empresas-de-servicios-publicos\/\" target=\"_blank\" rel=\"noopener noreferrer\" title=\"abrir en una nueva ventana\"><i aria-hidden=\"true\" class=\"icon-fb\"><\/i><span class=\"sr-only\">Facebook<\/span><\/a><\/li><li class=\"ip-order-li\"><a href=\"https:\/\/www.linkedin.com\/sharing\/share-offsite\/?url=https:\/\/www.capgemini.com\/mx-es\/solutions\/ingenieria-de-infraestructuras-inteligente-para-empresas-de-servicios-publicos\/\" target=\"_blank\" rel=\"noopener noreferrer\" title=\"abrir en una nueva ventana\"><i aria-hidden=\"true\" class=\"icon-li\"><\/i><span class=\"sr-only\">Linkedin<\/span><\/a><\/li><\/ul><\/nav><\/div><div class=\"col-12 col-md-11 col-lg-10\"><h2 class=\"intro-para-title\">Aprovechar las oportunidades de servicio, eficiencia y seguridad de las infraestructuras inteligentes.<\/h2><p class=\"intro-para-content\">Para muchas empresas de servicios p\u00fablicos, ha pasado m\u00e1s de una d\u00e9cada desde el desarrollo inicial de su infraestructura de medici\u00f3n avanzada (AMI). Los equipos desplegados como parte de esta primera oleada se acercan ahora al final de su vida \u00fatil, mientras que las aplicaciones subyacentes pueden no ser compatibles con tecnolog\u00edas digitales como la inteligencia artificial, la nube, 5G, IoT o la automatizaci\u00f3n inteligente. El despliegue de una soluci\u00f3n AMI de pr\u00f3xima generaci\u00f3n que sirva de base para los esfuerzos de transici\u00f3n energ\u00e9tica y permita las tecnolog\u00edas digitales e industriales es una prioridad para muchas empresas de servicios p\u00fablicos. Sin una mayor inversi\u00f3n, es posible que las organizaciones no aprovechen plenamente los beneficios avanzados de los despliegues de primera ola.<br><br>Capgemini ayuda a las empresas de servicios p\u00fablicos a abordar estos problemas y prepararse para el futuro con Next-Gen AMI, un sistema integrado de contadores inteligentes, servicios de comunicaci\u00f3n, aplicaciones modernas y tecnolog\u00edas de gesti\u00f3n de datos. Bas\u00e1ndonos en la promesa original de la oleada inicial, trabajamos con los clientes para planificar, dise\u00f1ar, desplegar y operar un AMI de pr\u00f3xima generaci\u00f3n que habilitar\u00e1 tecnolog\u00edas modernas, definir\u00e1 nuevos beneficios empresariales y abordar\u00e1 los retos de la implementaci\u00f3n de brownfield. Para las empresas de servicios p\u00fablicos que est\u00e1n planificando o han implementado recientemente su despliegue inicial de AMI, Next-Gen AMI mejora el valor de AMI con la modernizaci\u00f3n de la tecnolog\u00eda y la experiencia de la ola inicial.<\/p><\/div><\/div><\/div><\/div><\/section>\n\n\n\n<section class=\"wp-block-cg-blocks-group undefined section section--article-content\"><div class=\"article-main-content\"><div class=\"container\"><div class=\"row\"><div class=\"col-12 col-md-11 col-lg-10 offset-md-1 offset-lg-1\"><div class=\"article-text article-quote-text\">\n<h4 class=\"wp-block-heading\" id=\"h-liberar-el-valor-de-la-proxima-generacion-de-ami\">Liberar el valor de la pr\u00f3xima generaci\u00f3n de AMI<\/h4>\n\n\n\n<p>Next-Gen AMI de Capgemini incorpora capacidades de medici\u00f3n inteligente, an\u00e1lisis inteligente y red inteligente para impulsar la eficiencia organizativa, habilitar nuevos servicios y abordar una amplia gama de complejos retos normativos, medioambientales y de seguridad. Las ventajas incluyen:<\/p>\n\n\n\n<ul class=\"wp-block-list\">\n<li><strong>Fiabilidad<\/strong>: Mejorar la disponibilidad, la calidad de la energ\u00eda, los tiempos de restablecimiento de cortes y otros indicadores clave de rendimiento mediante tecnolog\u00eda avanzada y optimizaci\u00f3n de procesos.<\/li>\n\n\n\n<li><strong>Habilitaci\u00f3n de redes inteligentes<\/strong>: Establecer una red de comunicaci\u00f3n que sirva de columna vertebral para la tecnolog\u00eda y los programas de red inteligente, incluida la respuesta a la demanda, la transici\u00f3n energ\u00e9tica, los recursos energ\u00e9ticos distribuidos y la carga de veh\u00edculos el\u00e9ctricos.<\/li>\n\n\n\n<li><strong>Renovaci\u00f3n de AMI<\/strong>: Sustituir la infraestructura que ha llegado al final de su vida \u00fatil y modernizar las aplicaciones y la arquitectura; subsanar las deficiencias del despliegue inicial, como los contadores de dif\u00edcil acceso.<\/li>\n\n\n\n<li><strong>Inteligencia distribuida<\/strong>: Aprovechar la computaci\u00f3n de borde para permitir la agregaci\u00f3n de datos basados en el territorio o la funci\u00f3n para mejorar la velocidad y la precisi\u00f3n de los esfuerzos de gesti\u00f3n y respuesta<\/li>\n\n\n\n<li><strong>Participaci\u00f3n del cliente<\/strong>: Permitir la comunicaci\u00f3n bidireccional con los clientes y crear una base desde la que lanzar servicios nuevos o mejorados.<\/li>\n<\/ul>\n\n\n\n<h4 class=\"wp-block-heading\" id=\"h-nuestra-experiencia\">Nuestra experiencia<\/h4>\n\n\n\n<p>Capgemini es l\u00edder mundial en servicios de energ\u00eda inteligente, dise\u00f1ando y entregando con \u00e9xito proyectos AMI que incluyen m\u00e1s de 170 millones de contadores inteligentes, el despliegue masivo de 23 millones de contadores inteligentes en todo el mundo, y actualmente gestiona m\u00e1s de 10 millones de contadores -m\u00e1s que cualquier otra organizaci\u00f3n.<\/p>\n\n\n\n<p>Next-Gen AMI combina la experiencia de Capgemini como l\u00edder mundial en integraci\u00f3n de sistemas AMI, nuestro amplio e impresionante ecosistema de socios industriales y tecnol\u00f3gicos y la profunda experiencia en transformaci\u00f3n empresarial de nuestra organizaci\u00f3n para ayudar a las empresas de servicios p\u00fablicos a crear una base AMI que sea escalable, flexible y capaz de aportar valor.<\/p>\n\n\n\n<h4 class=\"wp-block-heading\" id=\"h-esp-de-nueva-generacion-soluciones-integrales-para-ofrecer-ami-de-nueva-generacion\">ESP de nueva generaci\u00f3n: soluciones integrales para ofrecer AMI de nueva generaci\u00f3n<\/h4>\n\n\n\n<p>Next-Gen Energy Services Platform (Next-Gen ESP) de Capgemini es una plataforma integrada de extremo a extremo que gestiona todo el ciclo de vida de la medici\u00f3n inteligente, desde la planificaci\u00f3n del programa, el despliegue de contadores, la trazabilidad de materiales, la gesti\u00f3n de activos hasta las operaciones de los contadores. Next-Gen ESP de Capgemini se basa en casi dos d\u00e9cadas de experiencia en planificaci\u00f3n e implementaci\u00f3n de AMI, incluyendo el despliegue de millones de contadores inteligentes en todo el mundo.<\/p>\n<\/div><\/div><\/div><\/div><\/div><\/section>\n\n\n\n<section class=\"wp-block-cg-blocks-wrapper-partners undefined section section--partners-small\"><div class=\"container\"><div class=\"content-title\"><h3>Socios<\/h3><\/div><div class=\"row\">\n\n<div class=\"col-6 col-md-4 col-lg-2 small\">\n            <a href=\"https:\/\/www.capgemini.com\/mx-es\/sobre-nosotros\/partnerships\/oracle\/\" class=\"partner-box-title\" aria-label=\"Negocios con imaginaci\u00f3n. Damos forma a la tecnolog\u00eda Oracle para crear soluciones ganadoras.\">\n        <div class=\"partner-box\">\n                                                     <div class=\"partner-box-bottom\">\n                        <img decoding=\"async\" loading=\"lazy\" src=\"https:\/\/www.capgemini.com\/wp-content\/uploads\/2024\/07\/oracle.png?w=350&#038;quality=70\" alt=\"\" class=\"partner-box-logo light\">\n\n                                                    <img decoding=\"async\" loading=\"lazy\" src=\"https:\/\/www.capgemini.com\/mx-es\/wp-content\/uploads\/sites\/28\/2025\/10\/Partners-oracle.png?w=350&#038;quality=70\" alt=\"\" class=\"partner-box-logo dark\">\n\n                            \n                    <\/div>\n                                                    <\/div>\n            <\/a>\n    <\/div>\n\n\n\n<div class=\"col-6 col-md-4 col-lg-2 small\">\n            <a href=\"https:\/\/www.capgemini.com\/mx-es\/sobre-nosotros\/partnerships\/sap\/\" class=\"partner-box-title\" aria-label=\"Libera el crecimiento, la agilidad y el valor con un socio de m\u00e1s de 40 a\u00f1os de experiencia en SAP.\">\n        <div class=\"partner-box\">\n                                                     <div class=\"partner-box-bottom\">\n                        <img decoding=\"async\" loading=\"lazy\" src=\"https:\/\/www.capgemini.com\/wp-content\/uploads\/2024\/07\/sap.png?w=350&#038;quality=70\" alt=\"\" class=\"partner-box-logo light\">\n\n                                                    <img decoding=\"async\" loading=\"lazy\" src=\"https:\/\/www.capgemini.com\/mx-es\/wp-content\/uploads\/sites\/28\/2025\/10\/Partners-sap.png?w=350&#038;quality=70\" alt=\"\" class=\"partner-box-logo dark\">\n\n                            \n                    <\/div>\n                                                    <\/div>\n            <\/a>\n    <\/div>\n\n\n<\/div><\/div><\/section>\n","protected":false},"excerpt":{"rendered":"<p>Unlocking the service, efficiency and security opportunities of smart infrastructures.<\/p>\n","protected":false},"author":81,"featured_media":0,"parent":5720,"menu_order":0,"comment_status":"closed","ping_status":"closed","template":"","meta":{"cg_dt_proposed_to":[25],"cg_seo_hreflang_relations":"[]","cg_seo_canonical_relation":"","cg_seo_hreflang_x_default_relation":"{\"uuid\":\"0b6f93e3-6caa-43d0-b0e1-37d53509c934\",\"blogId\":\"\",\"domain\":\"\",\"sitePath\":\"\",\"postLink\":\"\",\"postId\":null,\"isSaved\":true,\"isCrossLink\":false,\"hasCrossLink\":false}","cg_dt_approved_content":true,"cg_dt_mandatory_content":false,"cg_dt_notes":"","cg_dg_source_changed":true,"cg_dt_link_disabled":true,"_yoast_wpseo_primary_brand":"","footnotes":"","featured_focal_points":"","partner_card_description":"","gsap_animation":0},"brand":[],"partner_type":[],"service":[105,106],"industry":[205],"partners":[92,96],"page-type":[167],"content-group":[],"class_list":["post-520029","page","type-page","status-publish","hentry","service-intelligent-industry","service-sustainability","industry-energy","partners-oracle","partners-sap","page-type-solutions"],"yoast_head":"<!-- This site is optimized with the Yoast SEO Premium plugin v22.8 (Yoast SEO v22.8) - https:\/\/yoast.com\/wordpress\/plugins\/seo\/ -->\n<title>Ingenier\u00eda de infraestructuras inteligente para empresas de servicios p\u00fablicos | Capgemini<\/title>\n<meta name=\"description\" content=\"Aprovechar las oportunidades de servicio, eficiencia y seguridad de las infraestructuras inteligentes.\" \/>\n<meta name=\"robots\" content=\"index, follow, max-snippet:-1, max-image-preview:large, max-video-preview:-1\" \/>\n<link rel=\"canonical\" href=\"https:\/\/www.capgemini.com\/mx-es\/solutions\/ingenieria-de-infraestructuras-inteligente-para-empresas-de-servicios-publicos\/\" \/>\n<meta property=\"og:locale\" content=\"es_MX\" \/>\n<meta property=\"og:type\" content=\"article\" \/>\n<meta property=\"og:title\" content=\"Ingenier\u00eda de infraestructuras inteligente para empresas de servicios p\u00fablicos\" \/>\n<meta property=\"og:description\" content=\"Aprovechar las oportunidades de servicio, eficiencia y seguridad de las infraestructuras inteligentes.\" \/>\n<meta property=\"og:url\" content=\"https:\/\/www.capgemini.com\/mx-es\/solutions\/ingenieria-de-infraestructuras-inteligente-para-empresas-de-servicios-publicos\/\" \/>\n<meta property=\"og:site_name\" content=\"Capgemini Mexico\" \/>\n<meta property=\"article:modified_time\" content=\"2025-04-03T13:09:21+00:00\" \/>\n<meta property=\"og:image\" content=\"https:\/\/prod.ucwe.capgemini.com\/wp-content\/uploads\/2023\/11\/next-gen-ami.webp\" \/>\n<meta name=\"twitter:card\" content=\"summary_large_image\" \/>\n<meta name=\"twitter:label1\" content=\"Est. reading time\" \/>\n\t<meta name=\"twitter:data1\" content=\"4 minutes\" \/>\n<script type=\"application\/ld+json\" class=\"yoast-schema-graph\">{\"@context\":\"https:\/\/schema.org\",\"@graph\":[{\"@type\":\"WebPage\",\"@id\":\"https:\/\/www.capgemini.com\/mx-es\/solutions\/ingenieria-de-infraestructuras-inteligente-para-empresas-de-servicios-publicos\/\",\"url\":\"https:\/\/www.capgemini.com\/mx-es\/solutions\/ingenieria-de-infraestructuras-inteligente-para-empresas-de-servicios-publicos\/\",\"name\":\"Ingenier\u00eda de infraestructuras inteligente para empresas de servicios p\u00fablicos | Capgemini\",\"isPartOf\":{\"@id\":\"https:\/\/www.capgemini.com\/mx-es\/#website\"},\"primaryImageOfPage\":{\"@id\":\"https:\/\/www.capgemini.com\/mx-es\/solutions\/ingenieria-de-infraestructuras-inteligente-para-empresas-de-servicios-publicos\/#primaryimage\"},\"image\":{\"@id\":\"https:\/\/www.capgemini.com\/mx-es\/solutions\/ingenieria-de-infraestructuras-inteligente-para-empresas-de-servicios-publicos\/#primaryimage\"},\"thumbnailUrl\":\"https:\/\/www.capgemini.com\/wp-content\/uploads\/2023\/11\/next-gen-ami.webp\",\"datePublished\":\"2024-02-05T03:01:06+00:00\",\"dateModified\":\"2025-04-03T13:09:21+00:00\",\"description\":\"Aprovechar las oportunidades de servicio, eficiencia y seguridad de las infraestructuras inteligentes.\",\"breadcrumb\":{\"@id\":\"https:\/\/www.capgemini.com\/mx-es\/solutions\/ingenieria-de-infraestructuras-inteligente-para-empresas-de-servicios-publicos\/#breadcrumb\"},\"inLanguage\":\"es-MX\",\"potentialAction\":[{\"@type\":\"ReadAction\",\"target\":[\"https:\/\/www.capgemini.com\/mx-es\/solutions\/ingenieria-de-infraestructuras-inteligente-para-empresas-de-servicios-publicos\/\"]}]},{\"@type\":\"ImageObject\",\"inLanguage\":\"es-MX\",\"@id\":\"https:\/\/www.capgemini.com\/mx-es\/solutions\/ingenieria-de-infraestructuras-inteligente-para-empresas-de-servicios-publicos\/#primaryimage\",\"url\":\"https:\/\/www.capgemini.com\/wp-content\/uploads\/2023\/11\/next-gen-ami.webp\",\"contentUrl\":\"https:\/\/www.capgemini.com\/wp-content\/uploads\/2023\/11\/next-gen-ami.webp\"},{\"@type\":\"BreadcrumbList\",\"@id\":\"https:\/\/www.capgemini.com\/mx-es\/solutions\/ingenieria-de-infraestructuras-inteligente-para-empresas-de-servicios-publicos\/#breadcrumb\",\"itemListElement\":[{\"@type\":\"ListItem\",\"position\":1,\"name\":\"Home\",\"item\":\"https:\/\/www.capgemini.com\/mx-es\/\"},{\"@type\":\"ListItem\",\"position\":2,\"name\":\"Solutions\",\"item\":\"https:\/\/www.capgemini.com\/mx-es\/solutions\/\"},{\"@type\":\"ListItem\",\"position\":3,\"name\":\"Ingenier\u00eda de infraestructuras inteligente para empresas de servicios p\u00fablicos\"}]},{\"@type\":\"WebSite\",\"@id\":\"https:\/\/www.capgemini.com\/mx-es\/#website\",\"url\":\"https:\/\/www.capgemini.com\/mx-es\/\",\"name\":\"Capgemini Mexico\",\"description\":\"Capgemini\",\"publisher\":{\"@id\":\"https:\/\/www.capgemini.com\/mx-es\/#organization\"},\"potentialAction\":[{\"@type\":\"SearchAction\",\"target\":{\"@type\":\"EntryPoint\",\"urlTemplate\":\"https:\/\/www.capgemini.com\/mx-es\/?s={search_term_string}\"},\"query-input\":\"required name=search_term_string\"}],\"inLanguage\":\"es-MX\"},{\"@type\":\"Organization\",\"@id\":\"https:\/\/www.capgemini.com\/mx-es\/#organization\",\"name\":\"Capgemini Mexico\",\"url\":\"https:\/\/www.capgemini.com\/mx-es\/\",\"logo\":{\"@type\":\"ImageObject\",\"inLanguage\":\"es-MX\",\"@id\":\"https:\/\/www.capgemini.com\/mx-es\/#\/schema\/logo\/image\/\",\"url\":\"https:\/\/www.capgemini.com\/mx-es\/wp-content\/uploads\/sites\/28\/2025\/07\/linkedin_mwo0q6.png\",\"contentUrl\":\"https:\/\/www.capgemini.com\/mx-es\/wp-content\/uploads\/sites\/28\/2025\/07\/linkedin_mwo0q6.png\",\"width\":800,\"height\":800,\"caption\":\"Capgemini Mexico\"},\"image\":{\"@id\":\"https:\/\/www.capgemini.com\/mx-es\/#\/schema\/logo\/image\/\"}}]}<\/script>\n<!-- \/ Yoast SEO Premium plugin. -->","yoast_head_json":{"title":"Ingenier\u00eda de infraestructuras inteligente para empresas de servicios p\u00fablicos | Capgemini","description":"Aprovechar las oportunidades de servicio, eficiencia y seguridad de las infraestructuras inteligentes.","robots":{"index":"index","follow":"follow","max-snippet":"max-snippet:-1","max-image-preview":"max-image-preview:large","max-video-preview":"max-video-preview:-1"},"canonical":"https:\/\/www.capgemini.com\/mx-es\/solutions\/ingenieria-de-infraestructuras-inteligente-para-empresas-de-servicios-publicos\/","og_locale":"es_MX","og_type":"article","og_title":"Ingenier\u00eda de infraestructuras inteligente para empresas de servicios p\u00fablicos","og_description":"Aprovechar las oportunidades de servicio, eficiencia y seguridad de las infraestructuras inteligentes.","og_url":"https:\/\/www.capgemini.com\/mx-es\/solutions\/ingenieria-de-infraestructuras-inteligente-para-empresas-de-servicios-publicos\/","og_site_name":"Capgemini Mexico","article_modified_time":"2025-04-03T13:09:21+00:00","og_image":[{"url":"https:\/\/prod.ucwe.capgemini.com\/wp-content\/uploads\/2023\/11\/next-gen-ami.webp"}],"twitter_card":"summary_large_image","twitter_misc":{"Est. reading time":"4 minutes"},"schema":{"@context":"https:\/\/schema.org","@graph":[{"@type":"WebPage","@id":"https:\/\/www.capgemini.com\/mx-es\/solutions\/ingenieria-de-infraestructuras-inteligente-para-empresas-de-servicios-publicos\/","url":"https:\/\/www.capgemini.com\/mx-es\/solutions\/ingenieria-de-infraestructuras-inteligente-para-empresas-de-servicios-publicos\/","name":"Ingenier\u00eda de infraestructuras inteligente para empresas de servicios p\u00fablicos | Capgemini","isPartOf":{"@id":"https:\/\/www.capgemini.com\/mx-es\/#website"},"primaryImageOfPage":{"@id":"https:\/\/www.capgemini.com\/mx-es\/solutions\/ingenieria-de-infraestructuras-inteligente-para-empresas-de-servicios-publicos\/#primaryimage"},"image":{"@id":"https:\/\/www.capgemini.com\/mx-es\/solutions\/ingenieria-de-infraestructuras-inteligente-para-empresas-de-servicios-publicos\/#primaryimage"},"thumbnailUrl":"https:\/\/www.capgemini.com\/wp-content\/uploads\/2023\/11\/next-gen-ami.webp","datePublished":"2024-02-05T03:01:06+00:00","dateModified":"2025-04-03T13:09:21+00:00","description":"Aprovechar las oportunidades de servicio, eficiencia y seguridad de las infraestructuras inteligentes.","breadcrumb":{"@id":"https:\/\/www.capgemini.com\/mx-es\/solutions\/ingenieria-de-infraestructuras-inteligente-para-empresas-de-servicios-publicos\/#breadcrumb"},"inLanguage":"es-MX","potentialAction":[{"@type":"ReadAction","target":["https:\/\/www.capgemini.com\/mx-es\/solutions\/ingenieria-de-infraestructuras-inteligente-para-empresas-de-servicios-publicos\/"]}]},{"@type":"ImageObject","inLanguage":"es-MX","@id":"https:\/\/www.capgemini.com\/mx-es\/solutions\/ingenieria-de-infraestructuras-inteligente-para-empresas-de-servicios-publicos\/#primaryimage","url":"https:\/\/www.capgemini.com\/wp-content\/uploads\/2023\/11\/next-gen-ami.webp","contentUrl":"https:\/\/www.capgemini.com\/wp-content\/uploads\/2023\/11\/next-gen-ami.webp"},{"@type":"BreadcrumbList","@id":"https:\/\/www.capgemini.com\/mx-es\/solutions\/ingenieria-de-infraestructuras-inteligente-para-empresas-de-servicios-publicos\/#breadcrumb","itemListElement":[{"@type":"ListItem","position":1,"name":"Home","item":"https:\/\/www.capgemini.com\/mx-es\/"},{"@type":"ListItem","position":2,"name":"Solutions","item":"https:\/\/www.capgemini.com\/mx-es\/solutions\/"},{"@type":"ListItem","position":3,"name":"Ingenier\u00eda de infraestructuras inteligente para empresas de servicios p\u00fablicos"}]},{"@type":"WebSite","@id":"https:\/\/www.capgemini.com\/mx-es\/#website","url":"https:\/\/www.capgemini.com\/mx-es\/","name":"Capgemini Mexico","description":"Capgemini","publisher":{"@id":"https:\/\/www.capgemini.com\/mx-es\/#organization"},"potentialAction":[{"@type":"SearchAction","target":{"@type":"EntryPoint","urlTemplate":"https:\/\/www.capgemini.com\/mx-es\/?s={search_term_string}"},"query-input":"required name=search_term_string"}],"inLanguage":"es-MX"},{"@type":"Organization","@id":"https:\/\/www.capgemini.com\/mx-es\/#organization","name":"Capgemini Mexico","url":"https:\/\/www.capgemini.com\/mx-es\/","logo":{"@type":"ImageObject","inLanguage":"es-MX","@id":"https:\/\/www.capgemini.com\/mx-es\/#\/schema\/logo\/image\/","url":"https:\/\/www.capgemini.com\/mx-es\/wp-content\/uploads\/sites\/28\/2025\/07\/linkedin_mwo0q6.png","contentUrl":"https:\/\/www.capgemini.com\/mx-es\/wp-content\/uploads\/sites\/28\/2025\/07\/linkedin_mwo0q6.png","width":800,"height":800,"caption":"Capgemini Mexico"},"image":{"@id":"https:\/\/www.capgemini.com\/mx-es\/#\/schema\/logo\/image\/"}}]}},"brand_term":[],"parsely":{"version":"1.1.0","canonical_url":"https:\/\/capgemini.com\/mx-es\/solutions\/ingenieria-de-infraestructuras-inteligente-para-empresas-de-servicios-publicos\/","smart_links":{"inbound":0,"outbound":0},"traffic_boost_suggestions_count":0,"meta":{"@context":"https:\/\/schema.org","@type":"WebPage","headline":"Ingenier\u00eda de infraestructuras inteligente para empresas de servicios p\u00fablicos","url":"https:\/\/www.capgemini.com\/mx-es\/solutions\/ingenieria-de-infraestructuras-inteligente-para-empresas-de-servicios-publicos\/","mainEntityOfPage":{"@type":"WebPage","@id":"https:\/\/www.capgemini.com\/mx-es\/solutions\/ingenieria-de-infraestructuras-inteligente-para-empresas-de-servicios-publicos\/"},"thumbnailUrl":"","image":{"@type":"ImageObject","url":""},"articleSection":"Uncategorized","author":[],"creator":[],"publisher":{"@type":"Organization","name":"Capgemini Mexico","logo":""},"keywords":[],"dateCreated":"2024-02-05T03:01:06Z","datePublished":"2024-02-05T03:01:06Z","dateModified":"2025-04-03T13:09:21Z"},"rendered":"<meta name=\"parsely-title\" content=\"Ingenier\u00eda de infraestructuras inteligente para empresas de servicios p\u00fablicos\" \/>\n<meta name=\"parsely-link\" content=\"https:\/\/www.capgemini.com\/mx-es\/solutions\/ingenieria-de-infraestructuras-inteligente-para-empresas-de-servicios-publicos\/\" \/>\n<meta name=\"parsely-type\" content=\"index\" \/>\n<meta name=\"parsely-pub-date\" content=\"2024-02-05T03:01:06Z\" \/>\n<meta name=\"parsely-section\" content=\"Uncategorized\" \/>","tracker_url":"https:\/\/cdn.parsely.com\/keys\/capgemini.com\/p.js"},"archive_status":false,"featured_image_src":"https:\/\/www.capgemini.com\/mx-es\/wp-content\/themes\/capgemini2025\/assets\/images\/mockup.png","featured_image_alt":false,"jetpack_sharing_enabled":true,"distributor_meta":false,"distributor_terms":false,"distributor_media":false,"distributor_original_site_name":"Capgemini Mexico","distributor_original_site_url":"https:\/\/www.capgemini.com\/mx-es","push-errors":false,"_links":{"self":[{"href":"https:\/\/www.capgemini.com\/mx-es\/wp-json\/wp\/v2\/pages\/520029","targetHints":{"allow":["GET"]}}],"collection":[{"href":"https:\/\/www.capgemini.com\/mx-es\/wp-json\/wp\/v2\/pages"}],"about":[{"href":"https:\/\/www.capgemini.com\/mx-es\/wp-json\/wp\/v2\/types\/page"}],"author":[{"embeddable":true,"href":"https:\/\/www.capgemini.com\/mx-es\/wp-json\/wp\/v2\/users\/81"}],"replies":[{"embeddable":true,"href":"https:\/\/www.capgemini.com\/mx-es\/wp-json\/wp\/v2\/comments?post=520029"}],"version-history":[{"count":3,"href":"https:\/\/www.capgemini.com\/mx-es\/wp-json\/wp\/v2\/pages\/520029\/revisions"}],"predecessor-version":[{"id":539030,"href":"https:\/\/www.capgemini.com\/mx-es\/wp-json\/wp\/v2\/pages\/520029\/revisions\/539030"}],"up":[{"embeddable":true,"href":"https:\/\/www.capgemini.com\/mx-es\/wp-json\/wp\/v2\/pages\/5720"}],"wp:attachment":[{"href":"https:\/\/www.capgemini.com\/mx-es\/wp-json\/wp\/v2\/media?parent=520029"}],"wp:term":[{"taxonomy":"brand","embeddable":true,"href":"https:\/\/www.capgemini.com\/mx-es\/wp-json\/wp\/v2\/brand?post=520029"},{"taxonomy":"partner_type","embeddable":true,"href":"https:\/\/www.capgemini.com\/mx-es\/wp-json\/wp\/v2\/partner_type?post=520029"},{"taxonomy":"service","embeddable":true,"href":"https:\/\/www.capgemini.com\/mx-es\/wp-json\/wp\/v2\/service?post=520029"},{"taxonomy":"industry","embeddable":true,"href":"https:\/\/www.capgemini.com\/mx-es\/wp-json\/wp\/v2\/industry?post=520029"},{"taxonomy":"partners","embeddable":true,"href":"https:\/\/www.capgemini.com\/mx-es\/wp-json\/wp\/v2\/partners?post=520029"},{"taxonomy":"page-type","embeddable":true,"href":"https:\/\/www.capgemini.com\/mx-es\/wp-json\/wp\/v2\/page-type?post=520029"},{"taxonomy":"content-group","embeddable":true,"href":"https:\/\/www.capgemini.com\/mx-es\/wp-json\/wp\/v2\/content-group?post=520029"}],"curies":[{"name":"wp","href":"https:\/\/api.w.org\/{rel}","templated":true}]}}