{"id":515397,"date":"2022-10-18T12:24:14","date_gmt":"2022-10-18T10:24:14","guid":{"rendered":"https:\/\/www.capgemini.com\/?page_id=815853"},"modified":"2026-01-12T19:58:49","modified_gmt":"2026-01-12T19:58:49","slug":"modernizacion-del-patrimonio-de-datos-para-servicios-financieros-con-google-cloud","status":"publish","type":"page","link":"https:\/\/www.capgemini.com\/mx-es\/solutions\/modernizacion-del-patrimonio-de-datos-para-servicios-financieros-con-google-cloud\/","title":{"rendered":"Modernizaci\u00f3n del patrimonio de datos para servicios financieros con Google Cloud"},"content":{"rendered":"\n<header class=\"wp-block-cg-blocks-hero-reusable header heroReusable  \"><div class=\"header-bgs\"><picture><source srcset=\"https:\/\/www.capgemini.com\/wp-content\/uploads\/2022\/10\/MicrosoftTeams-image-1-1.jpg?w=2880&amp;quality=70 1x, https:\/\/www.capgemini.com\/wp-content\/uploads\/2022\/10\/MicrosoftTeams-image-1-1.jpg?w=2880&amp;quality=70 2x\" media=\"(min-width: 1500px)\"\/><source srcset=\"https:\/\/www.capgemini.com\/wp-content\/uploads\/2022\/10\/MicrosoftTeams-image-1-1.jpg?w=1440&amp;quality=70 1x, https:\/\/www.capgemini.com\/wp-content\/uploads\/2022\/10\/MicrosoftTeams-image-1-1.jpg?w=2880&amp;quality=70 2x\" media=\"(min-width: 992px)\"\/><source srcset=\"https:\/\/www.capgemini.com\/wp-content\/uploads\/2022\/10\/MicrosoftTeams-image-1-1.jpg?w=1024&amp;quality=70 1x, https:\/\/www.capgemini.com\/wp-content\/uploads\/2022\/10\/MicrosoftTeams-image-1-1.jpg?w=1024&amp;quality=70 2x\" media=\"(min-width: 768px)\"\/><source srcset=\"https:\/\/www.capgemini.com\/wp-content\/uploads\/2022\/10\/MicrosoftTeams-image-1-1.jpg?w=768&amp;quality=70 1x, https:\/\/www.capgemini.com\/wp-content\/uploads\/2022\/10\/MicrosoftTeams-image-1-1.jpg?w=768&amp;quality=70 2x\" media=\"(min-width: 0)\"\/><img decoding=\"async\" src=\"https:\/\/www.capgemini.com\/wp-content\/uploads\/2022\/10\/MicrosoftTeams-image-1-1.jpg\" class=\"header-img header-img-d\" alt=\"\" style=\"object-fit:cover;object-position:52% 32%\" loading=\"eager\"\/><\/picture><\/div><div class=\"heroPictureCardHeaderShape\"><\/div><div class=\"container\"><div class=\"row\"><div class=\"col-md-12\"><div class=\"box\"><div class=\"boxTagWrapper\"><div class=\"tagInfo\"><div><span class=\"box-tag\">Solution<\/span><\/div><\/div><\/div><div class=\"box-title\"><h1 data-maxlength=\"34\">Modernizaci\u00f3n del patrimonio de datos para servicios financieros con Google Cloud<\/h1><\/div><div class=\"inner-row-insight download-btn\"><div class=\"col-md-4 downloadFiles \"><a class=\"button-download--small\" type=\"download\" href=\"https:\/\/www.capgemini.com\/wp-content\/uploads\/2022\/10\/Data-Estate-Modernization_Brochure_10.11.22-2.pdf\" target=\"_blank\" rel=\"noopener noreferrer\" title=\"Abrir en una nueva ventana\"><span>Descargar folleto<\/span><span class=\"type\">2 MB pdf<\/span><\/a><\/div><div class=\"col-md-4 downloadFiles \"><a class=\"button-download--small\" type=\"download\" href=\"https:\/\/www.capgemini.com\/wp-content\/uploads\/2023\/07\/dont-get-flummoxed-by-data-1.pdf\" target=\"_blank\" rel=\"noopener noreferrer\" title=\"Abrir en una nueva ventana\"><span>Descargar informe<\/span><span class=\"type\">414 KB pdf<\/span><\/a><\/div><\/div><\/div><\/div><\/div><\/div><\/header>\n\n\n\n<section class=\"wp-block-cg-blocks-intro-para undefined section section--intro\"><div class=\"intro-para\"><div class=\"container\"><div class=\"row\"><div class=\"col-12 col-md-1\"><nav class=\"article-social\"><ul class=\"social-nav\"><li class=\"ip-order-fb\"><a href=\"https:\/\/www.facebook.com\/sharer\/sharer.php?u=https:\/\/www.capgemini.com\/mx-es\/solutions\/modernizacion-del-patrimonio-de-datos-para-servicios-financieros-con-google-cloud\/\" target=\"_blank\" rel=\"noopener noreferrer\" title=\"Abrir en una nueva ventana\"><i aria-hidden=\"true\" class=\"icon-fb\"><\/i><span class=\"sr-only\">Facebook<\/span><\/a><\/li><li class=\"ip-order-li\"><a href=\"https:\/\/www.linkedin.com\/sharing\/share-offsite\/?url=https:\/\/www.capgemini.com\/mx-es\/solutions\/modernizacion-del-patrimonio-de-datos-para-servicios-financieros-con-google-cloud\/\" target=\"_blank\" rel=\"noopener noreferrer\" title=\"Abrir en una nueva ventana\"><i aria-hidden=\"true\" class=\"icon-li\"><\/i><span class=\"sr-only\">Linkedin<\/span><\/a><\/li><\/ul><\/nav><\/div><div class=\"col-12 col-md-11 col-lg-10\"><h2 class=\"intro-para-title\">Capgemini y Google Cloud han desarrollado una iniciativa conjunta, Data Estate Modernization with Google Cloud, que combina el poder de las personas, los procesos y la tecnolog\u00eda l\u00edder de Google con la metodolog\u00eda de Capgemini para ayudar a modernizar su panorama de datos existente, transform\u00e1ndolo en un sistema \u00e1gil y preparado para el futuro que permita hacer crecer su negocio.<\/h2><p class=\"intro-para-content\">Los conocimientos basados en datos impulsan la innovaci\u00f3n y ofrecen una ventaja competitiva para las organizaciones de ahora y del ma\u00f1ana. La modernizaci\u00f3n del patrimonio de datos puede desbloquear oportunidades nuevas y ampliadas, adem\u00e1s de ayudar a mantenerse por delante de la competencia.<br><br>La forma en la que se maneja, procesa y obtiene valor de los datos es el mayor desaf\u00edo, as\u00ed como la mayor oportunidad. Nuevas fuentes y tipos de datos est\u00e1n apareciendo en l\u00ednea a un ritmo implacable. Los dispositivos m\u00f3viles, las redes sociales, las transacciones en l\u00ednea, los socios externos y los revendedores&#8230; todos est\u00e1n contribuyendo a una avalancha de datos que puede abrumar a las organizaciones o empoderarlas para aprovechar nuevas oportunidades y ventajas competitivas.<\/p><\/div><\/div><\/div><\/div><\/section>\n\n\n\n<section class=\"wp-block-cg-blocks-intro-para-video is-style-cg-sapphire2 section section--info-2cols section--insights section-video \"><div class=\"bg-color video-align-right\"><div class=\"container\"><div class=\"row video-align-left\"><div class=\"col-md-12\"><div class=\"video-align-left row box box--4 box--mini\"><div class=\"col-md-3\"><h3 class=\"Video-title\" data-maxlength=\"34\">Modernizaci\u00f3n del patrimonio de da<\/h3><div class=\"video-info\"><p data-maxlength=\"68\"><\/p><\/div><\/div><div class=\"col-md-8 box-img-wrapper\"><div class=\"video-box\"><div class=\"video-wrapper\"><iframe title=\"video-section\" src=\"https:\/\/www.youtube.com\/embed\/nQc88zVwyZk?rel=0&amp;modestbranding=1&amp;playsinline=1&amp;enablejsapi=1\" frameborder=\"0\" allow=\"accelerometer; autoplay; clipboard-write; encrypted-media; gyroscope; picture-in-picture\" allowfullscreen loading=\"lazy\" referrerpolicy=\"strict-origin-when-cross-origin\"><\/iframe><\/div><\/div><\/div><div class=\"col-md-1\"><\/div><\/div><\/div><\/div><\/div><\/div><\/section>\n\n\n\n<section class=\"wp-block-cg-blocks-how-we-do-it section section--howwedoit block-howwedoit\"><div class=\"container\"><div><div class=\"content-title\"><h2 data-maxlength=\"72\" class=\"expandable-heading-tag\">Qu\u00e9 hacemos<\/h2><\/div><p><\/p><\/div><div class=\"section-content\">\n<div class=\"wp-block-cg-blocks-card-howwedoit expanders\"><div class=\"box card-regulated-agreements card-howwedoit\"><div class=\"expander-box filter-box tag-active \"><div class=\"expander-title\" tabindex=\"0\" role=\"button\" aria-pressed=\"false\" aria-expanded=\"false\"><h3 class=\"expander-heading-title\">Construye y optimiza tu estrategia de datos<\/h3><\/div><div class=\"expander-content\"><p>Podemos ayudarte a dar forma a tu plataforma y estrategia de datos y definir un modelo operativo objetivo que est\u00e9 alineado con tus objetivos comerciales y permita a tu organizaci\u00f3n obtener los beneficios de estar en la nube.<\/p><div class=\"bg-color video-align-right\"><div class=\"container\"><div class=\"row video-align-left\"><div class=\"col-md-12\"><div class=\"video-align-left row box box--4 box--mini\"><div class=\"col-md-3\"><\/div><div class=\"col-md-8 box-img-wrapper\"><div class=\"video-box\"><\/div><\/div><\/div><\/div><\/div><\/div><\/div><div class=\"content-more\"><\/div><\/div><\/div><\/div><\/div>\n\n\n\n<div class=\"wp-block-cg-blocks-card-howwedoit expanders\"><div class=\"box card-regulated-agreements card-howwedoit\"><div class=\"expander-box filter-box tag-active \"><div class=\"expander-title\" tabindex=\"0\" role=\"button\" aria-pressed=\"false\" aria-expanded=\"false\"><h3 class=\"expander-heading-title\">Habilita y acelera la migraci\u00f3n de tu patrimonio de datos con los aceleradores IDEA de Capgemini<\/h3><\/div><div class=\"expander-content\"><p>Los aceleradores IDEA by Capgemini respaldan la migraci\u00f3n de cargas de trabajo de datos heredadas desde Terradata, Oracle, Netezza, mainframe y lagos de datos locales a Google Cloud Platforms.<\/p><div class=\"bg-color video-align-right\"><div class=\"container\"><div class=\"row video-align-left\"><div class=\"col-md-12\"><div class=\"video-align-left row box box--4 box--mini\"><div class=\"col-md-3\"><\/div><div class=\"col-md-8 box-img-wrapper\"><div class=\"video-box\"><\/div><\/div><\/div><\/div><\/div><\/div><\/div><div class=\"content-more\"><\/div><\/div><\/div><\/div><\/div>\n\n\n\n<div class=\"wp-block-cg-blocks-card-howwedoit expanders\"><div class=\"box card-regulated-agreements card-howwedoit\"><div class=\"expander-box filter-box tag-active \"><div class=\"expander-title\" tabindex=\"0\" role=\"button\" aria-pressed=\"false\" aria-expanded=\"false\"><h3 class=\"expander-heading-title\">Moderniza y crea una arquitectura escalable<\/h3><\/div><div class=\"expander-content\"><p>Creamos una arquitectura de estado objetivo y una hoja de ruta para garantizar el \u00e9xito de tu programa de modernizaci\u00f3n del estado de datos.<\/p><div class=\"bg-color video-align-right\"><div class=\"container\"><div class=\"row video-align-left\"><div class=\"col-md-12\"><div class=\"video-align-left row box box--4 box--mini\"><div class=\"col-md-3\"><\/div><div class=\"col-md-8 box-img-wrapper\"><div class=\"video-box\"><\/div><\/div><\/div><\/div><\/div><\/div><\/div><div class=\"content-more\"><\/div><\/div><\/div><\/div><\/div>\n\n\n\n<div class=\"wp-block-cg-blocks-card-howwedoit expanders\"><div class=\"box card-regulated-agreements card-howwedoit\"><div class=\"expander-box filter-box tag-active \"><div class=\"expander-title\" tabindex=\"0\" role=\"button\" aria-pressed=\"false\" aria-expanded=\"false\"><h3 class=\"expander-heading-title\">Operaci\u00f3n e Innovaci\u00f3n<\/h3><\/div><div class=\"expander-content\"><p>Ayudaremos a ampliar tus capacidades y equipos para llegar al modelo operativo \u00f3ptimo para tu negocio, de modo que pueda obtener el m\u00e1ximo valor de su inversi\u00f3n y aprovechar al m\u00e1ximo el conjunto de herramientas y servicios de Google Cloud.<\/p><div class=\"bg-color video-align-right\"><div class=\"container\"><div class=\"row video-align-left\"><div class=\"col-md-12\"><div class=\"video-align-left row box box--4 box--mini\"><div class=\"col-md-3\"><\/div><div class=\"col-md-8 box-img-wrapper\"><div class=\"video-box\"><\/div><\/div><\/div><\/div><\/div><\/div><\/div><div class=\"content-more\"><\/div><\/div><\/div><\/div><\/div>\n<\/div><\/div><\/section>\n","protected":false},"excerpt":{"rendered":"<p>Capgemini and Google Cloud have developed a joint initiative \u2013 Data Estate Modernization with Google Cloud \u2013 that combines the power of people, process, and leading Google technology with Capgemini methodology to help modernize your existing data landscape, transforming it into a future-proof, agile foundation to grow your business.<\/p>\n","protected":false},"author":151,"featured_media":0,"parent":5720,"menu_order":0,"comment_status":"closed","ping_status":"closed","template":"","meta":{"cg_dt_proposed_to":[9,25,40,16],"cg_seo_hreflang_relations":"[]","cg_seo_canonical_relation":"","cg_seo_hreflang_x_default_relation":"{\"uuid\":\"b9e9396e-5d62-4b1e-a31c-ba9a67489bb8\",\"blogId\":\"\",\"domain\":\"\",\"sitePath\":\"\",\"postLink\":\"\",\"postId\":null,\"isSaved\":true,\"isCrossLink\":false,\"hasCrossLink\":false}","cg_dt_approved_content":true,"cg_dt_mandatory_content":false,"cg_dt_notes":"","cg_dg_source_changed":true,"cg_dt_link_disabled":true,"_yoast_wpseo_primary_brand":"","footnotes":"","featured_focal_points":"","partner_card_description":"","gsap_animation":0},"brand":[],"partner_type":[],"service":[162],"industry":[171,118],"partners":[],"page-type":[167],"content-group":[],"class_list":["post-515397","page","type-page","status-publish","hentry","service-data-ai","industry-banking-capital-markets","industry-insurance","page-type-solutions"],"yoast_head":"<!-- This site is optimized with the Yoast SEO Premium plugin v22.8 (Yoast SEO v22.8) - https:\/\/yoast.com\/wordpress\/plugins\/seo\/ -->\n<title>Modernizaci\u00f3n del patrimonio de datos con Google Cloud<\/title>\n<meta name=\"description\" content=\"Capgemini y Google Cloud han desarrollado una iniciativa conjunta para apoyar a las organizaciones en la modernizaci\u00f3n de su patrimonio de datos.\" \/>\n<meta name=\"robots\" content=\"index, follow, max-snippet:-1, max-image-preview:large, max-video-preview:-1\" \/>\n<link rel=\"canonical\" href=\"https:\/\/www.capgemini.com\/mx-es\/solutions\/modernizacion-del-patrimonio-de-datos-para-servicios-financieros-con-google-cloud\/\" \/>\n<meta property=\"og:locale\" content=\"es_MX\" \/>\n<meta property=\"og:type\" content=\"article\" \/>\n<meta property=\"og:title\" content=\"Modernizaci\u00f3n del patrimonio de datos para servicios financieros con Google Cloud\" \/>\n<meta property=\"og:description\" content=\"Capgemini y Google Cloud han desarrollado una iniciativa conjunta para apoyar a las organizaciones en la modernizaci\u00f3n de su patrimonio de datos.\" \/>\n<meta property=\"og:url\" content=\"https:\/\/www.capgemini.com\/mx-es\/solutions\/modernizacion-del-patrimonio-de-datos-para-servicios-financieros-con-google-cloud\/\" \/>\n<meta property=\"og:site_name\" content=\"Capgemini Mexico\" \/>\n<meta property=\"article:modified_time\" content=\"2026-01-12T19:58:49+00:00\" \/>\n<meta property=\"og:image\" content=\"https:\/\/www.capgemini.com\/wp-content\/uploads\/2022\/10\/MicrosoftTeams-image-1-1.jpg\" \/>\n<meta name=\"twitter:card\" content=\"summary_large_image\" \/>\n<meta name=\"twitter:label1\" content=\"Est. reading time\" \/>\n\t<meta name=\"twitter:data1\" content=\"2 minutes\" \/>\n<script type=\"application\/ld+json\" class=\"yoast-schema-graph\">{\"@context\":\"https:\/\/schema.org\",\"@graph\":[{\"@type\":\"WebPage\",\"@id\":\"https:\/\/www.capgemini.com\/mx-es\/solutions\/modernizacion-del-patrimonio-de-datos-para-servicios-financieros-con-google-cloud\/\",\"url\":\"https:\/\/www.capgemini.com\/mx-es\/solutions\/modernizacion-del-patrimonio-de-datos-para-servicios-financieros-con-google-cloud\/\",\"name\":\"Modernizaci\u00f3n del patrimonio de datos con Google Cloud\",\"isPartOf\":{\"@id\":\"https:\/\/www.capgemini.com\/mx-es\/#website\"},\"primaryImageOfPage\":{\"@id\":\"https:\/\/www.capgemini.com\/mx-es\/solutions\/modernizacion-del-patrimonio-de-datos-para-servicios-financieros-con-google-cloud\/#primaryimage\"},\"image\":{\"@id\":\"https:\/\/www.capgemini.com\/mx-es\/solutions\/modernizacion-del-patrimonio-de-datos-para-servicios-financieros-con-google-cloud\/#primaryimage\"},\"thumbnailUrl\":\"https:\/\/www.capgemini.com\/wp-content\/uploads\/2022\/10\/MicrosoftTeams-image-1-1.jpg\",\"datePublished\":\"2022-10-18T10:24:14+00:00\",\"dateModified\":\"2026-01-12T19:58:49+00:00\",\"description\":\"Capgemini y Google Cloud han desarrollado una iniciativa conjunta para apoyar a las organizaciones en la modernizaci\u00f3n de su patrimonio de datos.\",\"breadcrumb\":{\"@id\":\"https:\/\/www.capgemini.com\/mx-es\/solutions\/modernizacion-del-patrimonio-de-datos-para-servicios-financieros-con-google-cloud\/#breadcrumb\"},\"inLanguage\":\"es-MX\",\"potentialAction\":[{\"@type\":\"ReadAction\",\"target\":[\"https:\/\/www.capgemini.com\/mx-es\/solutions\/modernizacion-del-patrimonio-de-datos-para-servicios-financieros-con-google-cloud\/\"]}]},{\"@type\":\"ImageObject\",\"inLanguage\":\"es-MX\",\"@id\":\"https:\/\/www.capgemini.com\/mx-es\/solutions\/modernizacion-del-patrimonio-de-datos-para-servicios-financieros-con-google-cloud\/#primaryimage\",\"url\":\"https:\/\/www.capgemini.com\/wp-content\/uploads\/2022\/10\/MicrosoftTeams-image-1-1.jpg\",\"contentUrl\":\"https:\/\/www.capgemini.com\/wp-content\/uploads\/2022\/10\/MicrosoftTeams-image-1-1.jpg\"},{\"@type\":\"BreadcrumbList\",\"@id\":\"https:\/\/www.capgemini.com\/mx-es\/solutions\/modernizacion-del-patrimonio-de-datos-para-servicios-financieros-con-google-cloud\/#breadcrumb\",\"itemListElement\":[{\"@type\":\"ListItem\",\"position\":1,\"name\":\"Home\",\"item\":\"https:\/\/www.capgemini.com\/mx-es\/\"},{\"@type\":\"ListItem\",\"position\":2,\"name\":\"Solutions\",\"item\":\"https:\/\/www.capgemini.com\/mx-es\/solutions\/\"},{\"@type\":\"ListItem\",\"position\":3,\"name\":\"Modernizaci\u00f3n del patrimonio de datos para servicios financieros con Google Cloud\"}]},{\"@type\":\"WebSite\",\"@id\":\"https:\/\/www.capgemini.com\/mx-es\/#website\",\"url\":\"https:\/\/www.capgemini.com\/mx-es\/\",\"name\":\"Capgemini Mexico\",\"description\":\"Capgemini\",\"publisher\":{\"@id\":\"https:\/\/www.capgemini.com\/mx-es\/#organization\"},\"potentialAction\":[{\"@type\":\"SearchAction\",\"target\":{\"@type\":\"EntryPoint\",\"urlTemplate\":\"https:\/\/www.capgemini.com\/mx-es\/?s={search_term_string}\"},\"query-input\":\"required name=search_term_string\"}],\"inLanguage\":\"es-MX\"},{\"@type\":\"Organization\",\"@id\":\"https:\/\/www.capgemini.com\/mx-es\/#organization\",\"name\":\"Capgemini Mexico\",\"url\":\"https:\/\/www.capgemini.com\/mx-es\/\",\"logo\":{\"@type\":\"ImageObject\",\"inLanguage\":\"es-MX\",\"@id\":\"https:\/\/www.capgemini.com\/mx-es\/#\/schema\/logo\/image\/\",\"url\":\"https:\/\/www.capgemini.com\/mx-es\/wp-content\/uploads\/sites\/28\/2025\/07\/linkedin_mwo0q6.png\",\"contentUrl\":\"https:\/\/www.capgemini.com\/mx-es\/wp-content\/uploads\/sites\/28\/2025\/07\/linkedin_mwo0q6.png\",\"width\":800,\"height\":800,\"caption\":\"Capgemini Mexico\"},\"image\":{\"@id\":\"https:\/\/www.capgemini.com\/mx-es\/#\/schema\/logo\/image\/\"}}]}<\/script>\n<!-- \/ Yoast SEO Premium plugin. -->","yoast_head_json":{"title":"Modernizaci\u00f3n del patrimonio de datos con Google Cloud","description":"Capgemini y Google Cloud han desarrollado una iniciativa conjunta para apoyar a las organizaciones en la modernizaci\u00f3n de su patrimonio de datos.","robots":{"index":"index","follow":"follow","max-snippet":"max-snippet:-1","max-image-preview":"max-image-preview:large","max-video-preview":"max-video-preview:-1"},"canonical":"https:\/\/www.capgemini.com\/mx-es\/solutions\/modernizacion-del-patrimonio-de-datos-para-servicios-financieros-con-google-cloud\/","og_locale":"es_MX","og_type":"article","og_title":"Modernizaci\u00f3n del patrimonio de datos para servicios financieros con Google Cloud","og_description":"Capgemini y Google Cloud han desarrollado una iniciativa conjunta para apoyar a las organizaciones en la modernizaci\u00f3n de su patrimonio de datos.","og_url":"https:\/\/www.capgemini.com\/mx-es\/solutions\/modernizacion-del-patrimonio-de-datos-para-servicios-financieros-con-google-cloud\/","og_site_name":"Capgemini Mexico","article_modified_time":"2026-01-12T19:58:49+00:00","og_image":[{"url":"https:\/\/www.capgemini.com\/wp-content\/uploads\/2022\/10\/MicrosoftTeams-image-1-1.jpg"}],"twitter_card":"summary_large_image","twitter_misc":{"Est. reading time":"2 minutes"},"schema":{"@context":"https:\/\/schema.org","@graph":[{"@type":"WebPage","@id":"https:\/\/www.capgemini.com\/mx-es\/solutions\/modernizacion-del-patrimonio-de-datos-para-servicios-financieros-con-google-cloud\/","url":"https:\/\/www.capgemini.com\/mx-es\/solutions\/modernizacion-del-patrimonio-de-datos-para-servicios-financieros-con-google-cloud\/","name":"Modernizaci\u00f3n del patrimonio de datos con Google Cloud","isPartOf":{"@id":"https:\/\/www.capgemini.com\/mx-es\/#website"},"primaryImageOfPage":{"@id":"https:\/\/www.capgemini.com\/mx-es\/solutions\/modernizacion-del-patrimonio-de-datos-para-servicios-financieros-con-google-cloud\/#primaryimage"},"image":{"@id":"https:\/\/www.capgemini.com\/mx-es\/solutions\/modernizacion-del-patrimonio-de-datos-para-servicios-financieros-con-google-cloud\/#primaryimage"},"thumbnailUrl":"https:\/\/www.capgemini.com\/wp-content\/uploads\/2022\/10\/MicrosoftTeams-image-1-1.jpg","datePublished":"2022-10-18T10:24:14+00:00","dateModified":"2026-01-12T19:58:49+00:00","description":"Capgemini y Google Cloud han desarrollado una iniciativa conjunta para apoyar a las organizaciones en la modernizaci\u00f3n de su patrimonio de datos.","breadcrumb":{"@id":"https:\/\/www.capgemini.com\/mx-es\/solutions\/modernizacion-del-patrimonio-de-datos-para-servicios-financieros-con-google-cloud\/#breadcrumb"},"inLanguage":"es-MX","potentialAction":[{"@type":"ReadAction","target":["https:\/\/www.capgemini.com\/mx-es\/solutions\/modernizacion-del-patrimonio-de-datos-para-servicios-financieros-con-google-cloud\/"]}]},{"@type":"ImageObject","inLanguage":"es-MX","@id":"https:\/\/www.capgemini.com\/mx-es\/solutions\/modernizacion-del-patrimonio-de-datos-para-servicios-financieros-con-google-cloud\/#primaryimage","url":"https:\/\/www.capgemini.com\/wp-content\/uploads\/2022\/10\/MicrosoftTeams-image-1-1.jpg","contentUrl":"https:\/\/www.capgemini.com\/wp-content\/uploads\/2022\/10\/MicrosoftTeams-image-1-1.jpg"},{"@type":"BreadcrumbList","@id":"https:\/\/www.capgemini.com\/mx-es\/solutions\/modernizacion-del-patrimonio-de-datos-para-servicios-financieros-con-google-cloud\/#breadcrumb","itemListElement":[{"@type":"ListItem","position":1,"name":"Home","item":"https:\/\/www.capgemini.com\/mx-es\/"},{"@type":"ListItem","position":2,"name":"Solutions","item":"https:\/\/www.capgemini.com\/mx-es\/solutions\/"},{"@type":"ListItem","position":3,"name":"Modernizaci\u00f3n del patrimonio de datos para servicios financieros con Google Cloud"}]},{"@type":"WebSite","@id":"https:\/\/www.capgemini.com\/mx-es\/#website","url":"https:\/\/www.capgemini.com\/mx-es\/","name":"Capgemini Mexico","description":"Capgemini","publisher":{"@id":"https:\/\/www.capgemini.com\/mx-es\/#organization"},"potentialAction":[{"@type":"SearchAction","target":{"@type":"EntryPoint","urlTemplate":"https:\/\/www.capgemini.com\/mx-es\/?s={search_term_string}"},"query-input":"required name=search_term_string"}],"inLanguage":"es-MX"},{"@type":"Organization","@id":"https:\/\/www.capgemini.com\/mx-es\/#organization","name":"Capgemini Mexico","url":"https:\/\/www.capgemini.com\/mx-es\/","logo":{"@type":"ImageObject","inLanguage":"es-MX","@id":"https:\/\/www.capgemini.com\/mx-es\/#\/schema\/logo\/image\/","url":"https:\/\/www.capgemini.com\/mx-es\/wp-content\/uploads\/sites\/28\/2025\/07\/linkedin_mwo0q6.png","contentUrl":"https:\/\/www.capgemini.com\/mx-es\/wp-content\/uploads\/sites\/28\/2025\/07\/linkedin_mwo0q6.png","width":800,"height":800,"caption":"Capgemini Mexico"},"image":{"@id":"https:\/\/www.capgemini.com\/mx-es\/#\/schema\/logo\/image\/"}}]}},"brand_term":[],"parsely":{"version":"1.1.0","canonical_url":"https:\/\/capgemini.com\/mx-es\/solutions\/modernizacion-del-patrimonio-de-datos-para-servicios-financieros-con-google-cloud\/","smart_links":{"inbound":0,"outbound":0},"traffic_boost_suggestions_count":0,"meta":{"@context":"https:\/\/schema.org","@type":"WebPage","headline":"Modernizaci\u00f3n del patrimonio de datos para servicios financieros con Google Cloud","url":"https:\/\/www.capgemini.com\/mx-es\/solutions\/modernizacion-del-patrimonio-de-datos-para-servicios-financieros-con-google-cloud\/","mainEntityOfPage":{"@type":"WebPage","@id":"https:\/\/www.capgemini.com\/mx-es\/solutions\/modernizacion-del-patrimonio-de-datos-para-servicios-financieros-con-google-cloud\/"},"thumbnailUrl":"","image":{"@type":"ImageObject","url":""},"articleSection":"Uncategorized","author":[],"creator":[],"publisher":{"@type":"Organization","name":"Capgemini Mexico","logo":""},"keywords":[],"dateCreated":"2022-10-18T10:24:14Z","datePublished":"2022-10-18T10:24:14Z","dateModified":"2026-01-12T19:58:49Z"},"rendered":"<meta name=\"parsely-title\" content=\"Modernizaci\u00f3n del patrimonio de datos para servicios financieros con Google Cloud\" \/>\n<meta name=\"parsely-link\" content=\"https:\/\/www.capgemini.com\/mx-es\/solutions\/modernizacion-del-patrimonio-de-datos-para-servicios-financieros-con-google-cloud\/\" \/>\n<meta name=\"parsely-type\" content=\"index\" \/>\n<meta name=\"parsely-pub-date\" content=\"2022-10-18T10:24:14Z\" \/>\n<meta name=\"parsely-section\" content=\"Uncategorized\" \/>","tracker_url":"https:\/\/cdn.parsely.com\/keys\/capgemini.com\/p.js"},"archive_status":false,"featured_image_src":"https:\/\/www.capgemini.com\/mx-es\/wp-content\/themes\/capgemini2025\/assets\/images\/mockup.png","featured_image_alt":false,"jetpack_sharing_enabled":true,"distributor_meta":false,"distributor_terms":false,"distributor_media":false,"distributor_original_site_name":"Capgemini Mexico","distributor_original_site_url":"https:\/\/www.capgemini.com\/mx-es","push-errors":false,"_links":{"self":[{"href":"https:\/\/www.capgemini.com\/mx-es\/wp-json\/wp\/v2\/pages\/515397","targetHints":{"allow":["GET"]}}],"collection":[{"href":"https:\/\/www.capgemini.com\/mx-es\/wp-json\/wp\/v2\/pages"}],"about":[{"href":"https:\/\/www.capgemini.com\/mx-es\/wp-json\/wp\/v2\/types\/page"}],"author":[{"embeddable":true,"href":"https:\/\/www.capgemini.com\/mx-es\/wp-json\/wp\/v2\/users\/151"}],"replies":[{"embeddable":true,"href":"https:\/\/www.capgemini.com\/mx-es\/wp-json\/wp\/v2\/comments?post=515397"}],"version-history":[{"count":6,"href":"https:\/\/www.capgemini.com\/mx-es\/wp-json\/wp\/v2\/pages\/515397\/revisions"}],"predecessor-version":[{"id":557736,"href":"https:\/\/www.capgemini.com\/mx-es\/wp-json\/wp\/v2\/pages\/515397\/revisions\/557736"}],"up":[{"embeddable":true,"href":"https:\/\/www.capgemini.com\/mx-es\/wp-json\/wp\/v2\/pages\/5720"}],"wp:attachment":[{"href":"https:\/\/www.capgemini.com\/mx-es\/wp-json\/wp\/v2\/media?parent=515397"}],"wp:term":[{"taxonomy":"brand","embeddable":true,"href":"https:\/\/www.capgemini.com\/mx-es\/wp-json\/wp\/v2\/brand?post=515397"},{"taxonomy":"partner_type","embeddable":true,"href":"https:\/\/www.capgemini.com\/mx-es\/wp-json\/wp\/v2\/partner_type?post=515397"},{"taxonomy":"service","embeddable":true,"href":"https:\/\/www.capgemini.com\/mx-es\/wp-json\/wp\/v2\/service?post=515397"},{"taxonomy":"industry","embeddable":true,"href":"https:\/\/www.capgemini.com\/mx-es\/wp-json\/wp\/v2\/industry?post=515397"},{"taxonomy":"partners","embeddable":true,"href":"https:\/\/www.capgemini.com\/mx-es\/wp-json\/wp\/v2\/partners?post=515397"},{"taxonomy":"page-type","embeddable":true,"href":"https:\/\/www.capgemini.com\/mx-es\/wp-json\/wp\/v2\/page-type?post=515397"},{"taxonomy":"content-group","embeddable":true,"href":"https:\/\/www.capgemini.com\/mx-es\/wp-json\/wp\/v2\/content-group?post=515397"}],"curies":[{"name":"wp","href":"https:\/\/api.w.org\/{rel}","templated":true}]}}