{"id":514691,"date":"2023-08-08T17:20:02","date_gmt":"2023-08-08T17:20:02","guid":{"rendered":"https:\/\/www.capgemini.com\/mx-es\/?page_id=514691"},"modified":"2025-03-21T04:19:59","modified_gmt":"2025-03-21T04:19:59","slug":"blockchain-aplicaciones-racionalizara-la-cadena-de-suministro","status":"publish","type":"page","link":"https:\/\/www.capgemini.com\/mx-es\/solutions\/blockchain-aplicaciones-racionalizara-la-cadena-de-suministro\/","title":{"rendered":"Las aplicaciones de blockchain agilizar\u00e1n la cadena de suministro"},"content":{"rendered":"\n<header class=\"wp-block-cg-blocks-hero-reusable header heroReusable  \"><div class=\"header-bgs\"><picture><source srcset=\"https:\/\/www.capgemini.com\/mx-es\/wp-content\/uploads\/sites\/28\/2022\/01\/Capgemini_research-and-insights_Optimizing-omnichannel-performance-in-supply-chain.jpg?w=2880&amp;quality=70 1x, https:\/\/www.capgemini.com\/mx-es\/wp-content\/uploads\/sites\/28\/2022\/01\/Capgemini_research-and-insights_Optimizing-omnichannel-performance-in-supply-chain.jpg?w=2880&amp;quality=70 2x\" media=\"(min-width: 1500px)\"\/><source srcset=\"https:\/\/www.capgemini.com\/mx-es\/wp-content\/uploads\/sites\/28\/2022\/01\/Capgemini_research-and-insights_Optimizing-omnichannel-performance-in-supply-chain.jpg?w=1440&amp;quality=70 1x, https:\/\/www.capgemini.com\/mx-es\/wp-content\/uploads\/sites\/28\/2022\/01\/Capgemini_research-and-insights_Optimizing-omnichannel-performance-in-supply-chain.jpg?w=2880&amp;quality=70 2x\" media=\"(min-width: 992px)\"\/><source srcset=\"https:\/\/www.capgemini.com\/mx-es\/wp-content\/uploads\/sites\/28\/2022\/01\/Capgemini_research-and-insights_Optimizing-omnichannel-performance-in-supply-chain.jpg?w=1024&amp;quality=70 1x, https:\/\/www.capgemini.com\/mx-es\/wp-content\/uploads\/sites\/28\/2022\/01\/Capgemini_research-and-insights_Optimizing-omnichannel-performance-in-supply-chain.jpg?w=1024&amp;quality=70 2x\" media=\"(min-width: 768px)\"\/><source srcset=\"https:\/\/www.capgemini.com\/mx-es\/wp-content\/uploads\/sites\/28\/2022\/01\/Capgemini_research-and-insights_Optimizing-omnichannel-performance-in-supply-chain.jpg?w=768&amp;quality=70 1x, https:\/\/www.capgemini.com\/mx-es\/wp-content\/uploads\/sites\/28\/2022\/01\/Capgemini_research-and-insights_Optimizing-omnichannel-performance-in-supply-chain.jpg?w=768&amp;quality=70 2x\" media=\"(min-width: 0)\"\/><img decoding=\"async\" src=\"https:\/\/www.capgemini.com\/mx-es\/wp-content\/uploads\/sites\/28\/2022\/01\/Capgemini_research-and-insights_Optimizing-omnichannel-performance-in-supply-chain.jpg\" class=\"header-img header-img-d\" alt=\"\" style=\"object-fit:cover;object-position:65% 39%\" loading=\"eager\"\/><\/picture><\/div><div class=\"heroPictureCardHeaderShape\"><\/div><div class=\"container\"><div class=\"row\"><div class=\"col-md-12\"><div class=\"box\"><div class=\"boxTagWrapper\"><div class=\"tagInfo\"><div><span class=\"box-tag\">Solution<\/span><\/div><\/div><\/div><div class=\"box-title\"><h1 data-maxlength=\"34\">Las cadenas de suministro globales impulsan la necesidad de una \u00fanica fuente de informaci\u00f3n<\/h1><\/div><div class=\"inner-row-insight download-btn\"><\/div><\/div><\/div><\/div><\/div><\/header>\n\n\n\n<section class=\"wp-block-cg-blocks-group undefined section section--article-content\"><div class=\"article-main-content\"><div class=\"container\"><div class=\"row\"><div class=\"col-12 col-md-1\"><nav class=\"article-social\"><ul class=\"social-nav\"><li class=\"ip-order-fb\"><a href=\"https:\/\/www.facebook.com\/sharer\/sharer.php?u=https:\/\/www.capgemini.com\/?page_id=907651\" target=\"_blank\" rel=\"noopener noreferrer\" title=\"abrir en una nueva ventana\"><i aria-hidden=\"true\" class=\"icon-fb\"><\/i><span class=\"sr-only\">Facebook<\/span><\/a><\/li><li class=\"ip-order-tw\"><a href=\"https:\/\/twitter.com\/intent\/tweet?url=https:\/\/www.capgemini.com\/?page_id=907651&amp;text=\" target=\"_blank\" rel=\"noopener noreferrer\" title=\"abrir en una nueva ventana\"><i aria-hidden=\"true\" class=\"icon-tw\"><\/i><span class=\"sr-only\">Twitter<\/span><\/a><\/li><li class=\"ip-order-li\"><a href=\"https:\/\/www.linkedin.com\/shareArticle?url=https:\/\/www.capgemini.com\/?page_id=907651&amp;text=\" target=\"_blank\" rel=\"noopener noreferrer\" title=\"abrir en una nueva ventana\"><i aria-hidden=\"true\" class=\"icon-li\"><\/i><span class=\"sr-only\">Linkedin<\/span><\/a><\/li><\/ul><\/nav><\/div><div class=\"col-12 col-md-11 col-lg-10\"><div class=\"article-text article-quote-text\">\n<h2 class=\"wp-block-heading\" id=\"h-las-cadenas-de-suministro-globales-impulsan-la-necesidad-de-una-unica-fuente-de-informacion\">Las cadenas de suministro globales impulsan la necesidad de una \u00fanica fuente de informaci\u00f3n<\/h2>\n\n\n\n<p>La globalizaci\u00f3n y la proliferaci\u00f3n de tecnolog\u00edas basadas en Internet han permitido a las empresas construir cadenas de suministro B2B globales complejas que consisten en fabricantes por contrato, empresas de log\u00edstica de terceros, distribuidores, comerciantes y minoristas.<\/p>\n\n\n\n<p>A medida que las cadenas de suministro globales se han vuelto m\u00e1s complejas, la reconciliaci\u00f3n de datos depende cada vez m\u00e1s de procesos manuales costosos que utilizan informaci\u00f3n fragmentada.<\/p>\n\n\n\n<p>Las empresas tienen procesos comerciales cr\u00edticos que dependen de la informaci\u00f3n en registros privados en poder de m\u00faltiples proveedores. Esto debe mantenerse en un solo lugar. La&nbsp;respuesta&nbsp;es&nbsp;integrar&nbsp;blockchain&nbsp;en la cadena de suministro. Blockchain aumenta la eficiencia y reduce los costos y errores para la gesti\u00f3n de la cadena de suministro de pr\u00f3xima generaci\u00f3n.<\/p>\n\n\n\n<p>Las transacciones escritas en una plataforma blockchain son seguras e inmutables; este Digital Thread proporciona&nbsp;una&nbsp;visi\u00f3n transparente y confiable del historial de un producto a medida que viaja a trav\u00e9s de una cadena de suministro de m\u00faltiples partes. Las investigaciones indican que las mejores empresas de su clase tienen 2,4 veces m\u00e1s probabilidades de desarrollar un subproceso digital que vincule todas las fases del ciclo de vida de un producto.<\/p>\n\n\n\n<p>Lea c\u00f3mo las empresas est\u00e1n creando repositorios de datos de productos descentralizados que obtienen datos transaccionales utilizando plataformas blockchain para tener \u00e9xito, y c\u00f3mo puede mejorar su cadena de suministro en Fortalezca su cadena de suministro con un hilo digital.<\/p>\n<\/div><\/div><\/div><\/div><\/div><\/section>\n\n\n\n<p><\/p>\n","protected":false},"excerpt":{"rendered":"","protected":false},"author":367,"featured_media":0,"parent":5720,"menu_order":0,"comment_status":"closed","ping_status":"closed","template":"","meta":{"cg_dt_proposed_to":[9,25],"cg_seo_hreflang_relations":"[]","cg_seo_canonical_relation":"","cg_seo_hreflang_x_default_relation":"{\"uuid\":\"bd61a841-d6ac-4720-bc5c-0c8788cba5da\",\"blogId\":\"\",\"domain\":\"\",\"sitePath\":\"\",\"postLink\":\"\",\"postId\":null,\"isSaved\":true,\"isCrossLink\":false,\"hasCrossLink\":false}","cg_dt_approved_content":true,"cg_dt_mandatory_content":false,"cg_dt_notes":"","cg_dg_source_changed":false,"cg_dt_link_disabled":true,"_yoast_wpseo_primary_brand":"","footnotes":"","featured_focal_points":"","partner_card_description":"","gsap_animation":0},"brand":[],"partner_type":[],"service":[],"industry":[],"partners":[],"page-type":[],"content-group":[],"class_list":["post-514691","page","type-page","status-publish","hentry"],"yoast_head":"<!-- This site is optimized with the Yoast SEO Premium plugin v22.8 (Yoast SEO v22.8) - https:\/\/yoast.com\/wordpress\/plugins\/seo\/ -->\n<title>Las aplicaciones de blockchain agilizar\u00e1n la cadena de suministro - Capgemini Mexico<\/title>\n<meta name=\"robots\" content=\"index, follow, max-snippet:-1, max-image-preview:large, max-video-preview:-1\" \/>\n<link rel=\"canonical\" href=\"https:\/\/www.capgemini.com\/mx-es\/solutions\/blockchain-aplicaciones-racionalizara-la-cadena-de-suministro\/\" \/>\n<meta property=\"og:locale\" content=\"es_MX\" \/>\n<meta property=\"og:type\" content=\"article\" \/>\n<meta property=\"og:title\" content=\"Las aplicaciones de blockchain agilizar\u00e1n la cadena de suministro\" \/>\n<meta property=\"og:url\" content=\"https:\/\/www.capgemini.com\/mx-es\/solutions\/blockchain-aplicaciones-racionalizara-la-cadena-de-suministro\/\" \/>\n<meta property=\"og:site_name\" content=\"Capgemini Mexico\" \/>\n<meta property=\"article:modified_time\" content=\"2025-03-21T04:19:59+00:00\" \/>\n<meta property=\"og:image\" content=\"https:\/\/prod.ucwe.capgemini.com\/mx-es\/wp-content\/uploads\/sites\/28\/2022\/01\/Capgemini_research-and-insights_Optimizing-omnichannel-performance-in-supply-chain.jpg\" \/>\n<meta name=\"twitter:card\" content=\"summary_large_image\" \/>\n<meta name=\"twitter:label1\" content=\"Est. reading time\" \/>\n\t<meta name=\"twitter:data1\" content=\"2 minutes\" \/>\n<script type=\"application\/ld+json\" class=\"yoast-schema-graph\">{\"@context\":\"https:\/\/schema.org\",\"@graph\":[{\"@type\":\"WebPage\",\"@id\":\"https:\/\/www.capgemini.com\/mx-es\/solutions\/blockchain-aplicaciones-racionalizara-la-cadena-de-suministro\/\",\"url\":\"https:\/\/www.capgemini.com\/mx-es\/solutions\/blockchain-aplicaciones-racionalizara-la-cadena-de-suministro\/\",\"name\":\"Las aplicaciones de blockchain agilizar\u00e1n la cadena de suministro - Capgemini Mexico\",\"isPartOf\":{\"@id\":\"https:\/\/www.capgemini.com\/mx-es\/#website\"},\"primaryImageOfPage\":{\"@id\":\"https:\/\/www.capgemini.com\/mx-es\/solutions\/blockchain-aplicaciones-racionalizara-la-cadena-de-suministro\/#primaryimage\"},\"image\":{\"@id\":\"https:\/\/www.capgemini.com\/mx-es\/solutions\/blockchain-aplicaciones-racionalizara-la-cadena-de-suministro\/#primaryimage\"},\"thumbnailUrl\":\"https:\/\/www.capgemini.com\/mx-es\/wp-content\/uploads\/sites\/28\/2022\/01\/Capgemini_research-and-insights_Optimizing-omnichannel-performance-in-supply-chain.jpg\",\"datePublished\":\"2023-08-08T17:20:02+00:00\",\"dateModified\":\"2025-03-21T04:19:59+00:00\",\"breadcrumb\":{\"@id\":\"https:\/\/www.capgemini.com\/mx-es\/solutions\/blockchain-aplicaciones-racionalizara-la-cadena-de-suministro\/#breadcrumb\"},\"inLanguage\":\"es-MX\",\"potentialAction\":[{\"@type\":\"ReadAction\",\"target\":[\"https:\/\/www.capgemini.com\/mx-es\/solutions\/blockchain-aplicaciones-racionalizara-la-cadena-de-suministro\/\"]}]},{\"@type\":\"ImageObject\",\"inLanguage\":\"es-MX\",\"@id\":\"https:\/\/www.capgemini.com\/mx-es\/solutions\/blockchain-aplicaciones-racionalizara-la-cadena-de-suministro\/#primaryimage\",\"url\":\"https:\/\/www.capgemini.com\/mx-es\/wp-content\/uploads\/sites\/28\/2022\/01\/Capgemini_research-and-insights_Optimizing-omnichannel-performance-in-supply-chain.jpg\",\"contentUrl\":\"https:\/\/www.capgemini.com\/mx-es\/wp-content\/uploads\/sites\/28\/2022\/01\/Capgemini_research-and-insights_Optimizing-omnichannel-performance-in-supply-chain.jpg\"},{\"@type\":\"BreadcrumbList\",\"@id\":\"https:\/\/www.capgemini.com\/mx-es\/solutions\/blockchain-aplicaciones-racionalizara-la-cadena-de-suministro\/#breadcrumb\",\"itemListElement\":[{\"@type\":\"ListItem\",\"position\":1,\"name\":\"Home\",\"item\":\"https:\/\/www.capgemini.com\/mx-es\/\"},{\"@type\":\"ListItem\",\"position\":2,\"name\":\"Solutions\",\"item\":\"https:\/\/www.capgemini.com\/mx-es\/solutions\/\"},{\"@type\":\"ListItem\",\"position\":3,\"name\":\"Las aplicaciones de blockchain agilizar\u00e1n la cadena de suministro\"}]},{\"@type\":\"WebSite\",\"@id\":\"https:\/\/www.capgemini.com\/mx-es\/#website\",\"url\":\"https:\/\/www.capgemini.com\/mx-es\/\",\"name\":\"Capgemini Mexico\",\"description\":\"Capgemini\",\"publisher\":{\"@id\":\"https:\/\/www.capgemini.com\/mx-es\/#organization\"},\"potentialAction\":[{\"@type\":\"SearchAction\",\"target\":{\"@type\":\"EntryPoint\",\"urlTemplate\":\"https:\/\/www.capgemini.com\/mx-es\/?s={search_term_string}\"},\"query-input\":\"required name=search_term_string\"}],\"inLanguage\":\"es-MX\"},{\"@type\":\"Organization\",\"@id\":\"https:\/\/www.capgemini.com\/mx-es\/#organization\",\"name\":\"Capgemini Mexico\",\"url\":\"https:\/\/www.capgemini.com\/mx-es\/\",\"logo\":{\"@type\":\"ImageObject\",\"inLanguage\":\"es-MX\",\"@id\":\"https:\/\/www.capgemini.com\/mx-es\/#\/schema\/logo\/image\/\",\"url\":\"https:\/\/www.capgemini.com\/mx-es\/wp-content\/uploads\/sites\/28\/2025\/07\/linkedin_mwo0q6.png\",\"contentUrl\":\"https:\/\/www.capgemini.com\/mx-es\/wp-content\/uploads\/sites\/28\/2025\/07\/linkedin_mwo0q6.png\",\"width\":800,\"height\":800,\"caption\":\"Capgemini Mexico\"},\"image\":{\"@id\":\"https:\/\/www.capgemini.com\/mx-es\/#\/schema\/logo\/image\/\"}}]}<\/script>\n<!-- \/ Yoast SEO Premium plugin. -->","yoast_head_json":{"title":"Las aplicaciones de blockchain agilizar\u00e1n la cadena de suministro - Capgemini Mexico","robots":{"index":"index","follow":"follow","max-snippet":"max-snippet:-1","max-image-preview":"max-image-preview:large","max-video-preview":"max-video-preview:-1"},"canonical":"https:\/\/www.capgemini.com\/mx-es\/solutions\/blockchain-aplicaciones-racionalizara-la-cadena-de-suministro\/","og_locale":"es_MX","og_type":"article","og_title":"Las aplicaciones de blockchain agilizar\u00e1n la cadena de suministro","og_url":"https:\/\/www.capgemini.com\/mx-es\/solutions\/blockchain-aplicaciones-racionalizara-la-cadena-de-suministro\/","og_site_name":"Capgemini Mexico","article_modified_time":"2025-03-21T04:19:59+00:00","og_image":[{"url":"https:\/\/prod.ucwe.capgemini.com\/mx-es\/wp-content\/uploads\/sites\/28\/2022\/01\/Capgemini_research-and-insights_Optimizing-omnichannel-performance-in-supply-chain.jpg"}],"twitter_card":"summary_large_image","twitter_misc":{"Est. reading time":"2 minutes"},"schema":{"@context":"https:\/\/schema.org","@graph":[{"@type":"WebPage","@id":"https:\/\/www.capgemini.com\/mx-es\/solutions\/blockchain-aplicaciones-racionalizara-la-cadena-de-suministro\/","url":"https:\/\/www.capgemini.com\/mx-es\/solutions\/blockchain-aplicaciones-racionalizara-la-cadena-de-suministro\/","name":"Las aplicaciones de blockchain agilizar\u00e1n la cadena de suministro - Capgemini Mexico","isPartOf":{"@id":"https:\/\/www.capgemini.com\/mx-es\/#website"},"primaryImageOfPage":{"@id":"https:\/\/www.capgemini.com\/mx-es\/solutions\/blockchain-aplicaciones-racionalizara-la-cadena-de-suministro\/#primaryimage"},"image":{"@id":"https:\/\/www.capgemini.com\/mx-es\/solutions\/blockchain-aplicaciones-racionalizara-la-cadena-de-suministro\/#primaryimage"},"thumbnailUrl":"https:\/\/www.capgemini.com\/mx-es\/wp-content\/uploads\/sites\/28\/2022\/01\/Capgemini_research-and-insights_Optimizing-omnichannel-performance-in-supply-chain.jpg","datePublished":"2023-08-08T17:20:02+00:00","dateModified":"2025-03-21T04:19:59+00:00","breadcrumb":{"@id":"https:\/\/www.capgemini.com\/mx-es\/solutions\/blockchain-aplicaciones-racionalizara-la-cadena-de-suministro\/#breadcrumb"},"inLanguage":"es-MX","potentialAction":[{"@type":"ReadAction","target":["https:\/\/www.capgemini.com\/mx-es\/solutions\/blockchain-aplicaciones-racionalizara-la-cadena-de-suministro\/"]}]},{"@type":"ImageObject","inLanguage":"es-MX","@id":"https:\/\/www.capgemini.com\/mx-es\/solutions\/blockchain-aplicaciones-racionalizara-la-cadena-de-suministro\/#primaryimage","url":"https:\/\/www.capgemini.com\/mx-es\/wp-content\/uploads\/sites\/28\/2022\/01\/Capgemini_research-and-insights_Optimizing-omnichannel-performance-in-supply-chain.jpg","contentUrl":"https:\/\/www.capgemini.com\/mx-es\/wp-content\/uploads\/sites\/28\/2022\/01\/Capgemini_research-and-insights_Optimizing-omnichannel-performance-in-supply-chain.jpg"},{"@type":"BreadcrumbList","@id":"https:\/\/www.capgemini.com\/mx-es\/solutions\/blockchain-aplicaciones-racionalizara-la-cadena-de-suministro\/#breadcrumb","itemListElement":[{"@type":"ListItem","position":1,"name":"Home","item":"https:\/\/www.capgemini.com\/mx-es\/"},{"@type":"ListItem","position":2,"name":"Solutions","item":"https:\/\/www.capgemini.com\/mx-es\/solutions\/"},{"@type":"ListItem","position":3,"name":"Las aplicaciones de blockchain agilizar\u00e1n la cadena de suministro"}]},{"@type":"WebSite","@id":"https:\/\/www.capgemini.com\/mx-es\/#website","url":"https:\/\/www.capgemini.com\/mx-es\/","name":"Capgemini Mexico","description":"Capgemini","publisher":{"@id":"https:\/\/www.capgemini.com\/mx-es\/#organization"},"potentialAction":[{"@type":"SearchAction","target":{"@type":"EntryPoint","urlTemplate":"https:\/\/www.capgemini.com\/mx-es\/?s={search_term_string}"},"query-input":"required name=search_term_string"}],"inLanguage":"es-MX"},{"@type":"Organization","@id":"https:\/\/www.capgemini.com\/mx-es\/#organization","name":"Capgemini Mexico","url":"https:\/\/www.capgemini.com\/mx-es\/","logo":{"@type":"ImageObject","inLanguage":"es-MX","@id":"https:\/\/www.capgemini.com\/mx-es\/#\/schema\/logo\/image\/","url":"https:\/\/www.capgemini.com\/mx-es\/wp-content\/uploads\/sites\/28\/2025\/07\/linkedin_mwo0q6.png","contentUrl":"https:\/\/www.capgemini.com\/mx-es\/wp-content\/uploads\/sites\/28\/2025\/07\/linkedin_mwo0q6.png","width":800,"height":800,"caption":"Capgemini Mexico"},"image":{"@id":"https:\/\/www.capgemini.com\/mx-es\/#\/schema\/logo\/image\/"}}]}},"brand_term":[],"parsely":{"version":"1.1.0","canonical_url":"https:\/\/capgemini.com\/mx-es\/solutions\/blockchain-aplicaciones-racionalizara-la-cadena-de-suministro\/","smart_links":{"inbound":0,"outbound":0},"traffic_boost_suggestions_count":0,"meta":{"@context":"https:\/\/schema.org","@type":"WebPage","headline":"Las aplicaciones de blockchain agilizar\u00e1n la cadena de suministro","url":"https:\/\/www.capgemini.com\/mx-es\/solutions\/blockchain-aplicaciones-racionalizara-la-cadena-de-suministro\/","mainEntityOfPage":{"@type":"WebPage","@id":"https:\/\/www.capgemini.com\/mx-es\/solutions\/blockchain-aplicaciones-racionalizara-la-cadena-de-suministro\/"},"thumbnailUrl":"","image":{"@type":"ImageObject","url":""},"articleSection":"Uncategorized","author":[],"creator":[],"publisher":{"@type":"Organization","name":"Capgemini Mexico","logo":""},"keywords":[],"dateCreated":"2023-08-08T17:20:02Z","datePublished":"2023-08-08T17:20:02Z","dateModified":"2025-03-21T04:19:59Z"},"rendered":"<meta name=\"parsely-title\" content=\"Las aplicaciones de blockchain agilizar\u00e1n la cadena de suministro\" \/>\n<meta name=\"parsely-link\" content=\"https:\/\/www.capgemini.com\/mx-es\/solutions\/blockchain-aplicaciones-racionalizara-la-cadena-de-suministro\/\" \/>\n<meta name=\"parsely-type\" content=\"index\" \/>\n<meta name=\"parsely-pub-date\" content=\"2023-08-08T17:20:02Z\" \/>\n<meta name=\"parsely-section\" content=\"Uncategorized\" \/>","tracker_url":"https:\/\/cdn.parsely.com\/keys\/capgemini.com\/p.js"},"archive_status":false,"featured_image_src":"https:\/\/www.capgemini.com\/mx-es\/wp-content\/themes\/capgemini2025\/assets\/images\/mockup.png","featured_image_alt":false,"jetpack_sharing_enabled":true,"distributor_meta":false,"distributor_terms":false,"distributor_media":false,"distributor_original_site_name":"Capgemini Mexico","distributor_original_site_url":"https:\/\/www.capgemini.com\/mx-es","push-errors":false,"_links":{"self":[{"href":"https:\/\/www.capgemini.com\/mx-es\/wp-json\/wp\/v2\/pages\/514691","targetHints":{"allow":["GET"]}}],"collection":[{"href":"https:\/\/www.capgemini.com\/mx-es\/wp-json\/wp\/v2\/pages"}],"about":[{"href":"https:\/\/www.capgemini.com\/mx-es\/wp-json\/wp\/v2\/types\/page"}],"author":[{"embeddable":true,"href":"https:\/\/www.capgemini.com\/mx-es\/wp-json\/wp\/v2\/users\/367"}],"replies":[{"embeddable":true,"href":"https:\/\/www.capgemini.com\/mx-es\/wp-json\/wp\/v2\/comments?post=514691"}],"version-history":[{"count":7,"href":"https:\/\/www.capgemini.com\/mx-es\/wp-json\/wp\/v2\/pages\/514691\/revisions"}],"predecessor-version":[{"id":545285,"href":"https:\/\/www.capgemini.com\/mx-es\/wp-json\/wp\/v2\/pages\/514691\/revisions\/545285"}],"up":[{"embeddable":true,"href":"https:\/\/www.capgemini.com\/mx-es\/wp-json\/wp\/v2\/pages\/5720"}],"wp:attachment":[{"href":"https:\/\/www.capgemini.com\/mx-es\/wp-json\/wp\/v2\/media?parent=514691"}],"wp:term":[{"taxonomy":"brand","embeddable":true,"href":"https:\/\/www.capgemini.com\/mx-es\/wp-json\/wp\/v2\/brand?post=514691"},{"taxonomy":"partner_type","embeddable":true,"href":"https:\/\/www.capgemini.com\/mx-es\/wp-json\/wp\/v2\/partner_type?post=514691"},{"taxonomy":"service","embeddable":true,"href":"https:\/\/www.capgemini.com\/mx-es\/wp-json\/wp\/v2\/service?post=514691"},{"taxonomy":"industry","embeddable":true,"href":"https:\/\/www.capgemini.com\/mx-es\/wp-json\/wp\/v2\/industry?post=514691"},{"taxonomy":"partners","embeddable":true,"href":"https:\/\/www.capgemini.com\/mx-es\/wp-json\/wp\/v2\/partners?post=514691"},{"taxonomy":"page-type","embeddable":true,"href":"https:\/\/www.capgemini.com\/mx-es\/wp-json\/wp\/v2\/page-type?post=514691"},{"taxonomy":"content-group","embeddable":true,"href":"https:\/\/www.capgemini.com\/mx-es\/wp-json\/wp\/v2\/content-group?post=514691"}],"curies":[{"name":"wp","href":"https:\/\/api.w.org\/{rel}","templated":true}]}}